{"id":7301,"date":"2017-05-30T12:55:50","date_gmt":"2017-05-30T12:55:50","guid":{"rendered":"https:\/\/sharks.ee\/fedemark\/shop\/uncategorized\/euro-e3\/"},"modified":"2017-07-25T12:41:11","modified_gmt":"2017-07-25T12:41:11","slug":"euro-e3","status":"publish","type":"product","link":"https:\/\/fedemark.ee\/fi\/tuotteet\/suurikantokykyiset-tikkaat\/teleskooppitikkaat\/euro-e3\/","title":{"rendered":"Euro E3"},"content":{"rendered":"","protected":false},"excerpt":{"rendered":"<p><em>Kolmiosainen avattava tikas ja porrastikas.<\/em><\/p>\n<p>Ammattik\u00e4ytt\u00f6\u00f6n tarkoitetut laipoin varustetut alumiiniprofiiliset teleskooppitikkaat. Tikkaat vastaavat eurooppalaista standardia EN131 ja niiden testauksen ovat suorittaneet Milano tekninen yliopisto (soveltavien tieteiden tiedekunnassa Milanossa) ja T\u00fcv S\u00fcd Product Services. Malli on loistava sek\u00e4 rakenteeltaan ett\u00e4 ominaisuuksiltaan.<\/p>\n<p>Korkealaatuisten ja kest\u00e4vien tikkaiden Euro-sarja on valmistettu puristetuista ontoista alumiiniprofiileista ja valmistettu t\u00e4ydennettyn\u00e4 automaattisella rajausmenetelm\u00e4ll\u00e4 (jossa puolat kiinnitet\u00e4\u00e4n tikasprofiileihin kerroksittaisella menetelm\u00e4ll\u00e4). Kaikkia kolmeosaisia malleja (paitsi k\u00f6yden kanssa k\u00e4ytett\u00e4vi\u00e4) voi k\u00e4ytt\u00e4\u00e4 porrastikkaina, teleskooppitikkaina tai yhdistelm\u00e4tikkaina.<br \/>\nTEKNISET OMINAISUUDET<br \/>\n\u2022 Puolien m\u00e4\u00e4r\u00e4: 6\u221216<br \/>\n\u2022 Porrastikkaan korkeus: 1,70\u22124,50 m<br \/>\n\u2022 Korkeus avattuna: 4,10\u221211,90 m<br \/>\n\u2022 Alemman osan leveys: 48 cm<br \/>\n\u2022 V\u00e4liosan leveys: 42,3 cm<br \/>\n\u2022 Ylemm\u00e4n osan leveys: 36,5 cm<br \/>\n\u2022 Puolan et\u00e4isyys: 28 cm<br \/>\n\u2022 Kantavuus: 150 kg<\/p>\n<p>VAKIO-OSAT<br \/>\n\u2022 Tukijalka<br \/>\n\u2022 S\u00e4\u00e4dett\u00e4v\u00e4 avain tukijalan kiinnitt\u00e4miseen<br \/>\n\u2022 Nailoninen vahvike tukijalan sis\u00e4ll\u00e4<br \/>\n\u2022 Hihnat tikkaiden hallitsemattoman avautumisen est\u00e4miseen<br \/>\n\u2022 Liukupy\u00f6r\u00e4t (alkaen 3&#215;8)<br \/>\n\u2022 Alumiininen avaamisj\u00e4rjestelm\u00e4<br \/>\n\u2022 Kumijalat<br \/>\n\u2022 Yl\u00f6sp\u00e4in liikkumista est\u00e4v\u00e4 mekanismi<br \/>\n\u2022 Jatkamisen lukitseva mekanismi tikkaiden liikkumisen est\u00e4miseksi turvallisuusrajan saavuttamisen j\u00e4lkeen<br \/>\n\u2022 Kyltti ja kokoamis- ja k\u00e4ytt\u00f6ohje<\/p>\n<p>Saatava kolmiosaiset auki ty\u00f6nnett\u00e4v\u00e4t, k\u00f6ydell\u00e4 varustetut tikkaat. T\u00e4t\u00e4 mallia ei voi k\u00e4ytt\u00e4\u00e4 porrastikkaina.<\/p>\n<p>Porrastikkaina k\u00e4ytett\u00e4ess\u00e4 kolmas osa on suojakaiteena.<\/p>\n<p><img loading=\"lazy\" decoding=\"async\" class=\"alignnone wp-image-5317\" src=\"https:\/\/fedemark.ee\/wp-content\/uploads\/2017\/06\/Ikoonid_29-1.jpg\" alt=\"\" width=\"73\" height=\"68\" \/><img loading=\"lazy\" decoding=\"async\" class=\"alignnone wp-image-5257\" src=\"https:\/\/fedemark.ee\/wp-content\/uploads\/2017\/06\/Ikoonid_03-Copy.jpg\" alt=\"\" width=\"66\" height=\"66\" srcset=\"https:\/\/fedemark.ee\/wp-content\/uploads\/2017\/06\/Ikoonid_03-Copy.jpg 132w, https:\/\/fedemark.ee\/wp-content\/uploads\/2017\/06\/Ikoonid_03-Copy-100x100.jpg 100w\" sizes=\"(max-width: 66px) 100vw, 66px\" \/><img loading=\"lazy\" decoding=\"async\" class=\"alignnone wp-image-5353\" src=\"https:\/\/fedemark.ee\/wp-content\/uploads\/2017\/06\/Ikoonid_50.jpg\" alt=\"\" width=\"58\" height=\"68\" \/><img loading=\"lazy\" decoding=\"async\" class=\"alignnone wp-image-5337\" src=\"https:\/\/fedemark.ee\/wp-content\/uploads\/2017\/06\/Ikoonid_38-Copy.jpg\" alt=\"\" width=\"77\" height=\"74\" \/><\/p>\n<p><img loading=\"lazy\" decoding=\"async\" class=\"alignnone wp-image-4140 size-full\" src=\"https:\/\/fedemark.ee\/wp-content\/uploads\/2017\/05\/euro_e3_tabel11.jpg\" alt=\"\" width=\"600\" height=\"347\" srcset=\"https:\/\/fedemark.ee\/wp-content\/uploads\/2017\/05\/euro_e3_tabel11.jpg 600w, https:\/\/fedemark.ee\/wp-content\/uploads\/2017\/05\/euro_e3_tabel11-300x174.jpg 300w\" sizes=\"(max-width: 600px) 100vw, 600px\" \/><\/p>\n","protected":false},"featured_media":9470,"comment_status":"open","ping_status":"closed","template":"","meta":{"footnotes":""},"product_cat":[205,172],"product_tag":[],"yoast_head":"<!-- This site is optimized with the Yoast SEO plugin v22.6 - https:\/\/yoast.com\/wordpress\/plugins\/seo\/ -->\n<title>Euro E3 - Fedemark<\/title>\n<meta name=\"robots\" content=\"index, follow, max-snippet:-1, max-image-preview:large, max-video-preview:-1\" \/>\n<link rel=\"canonical\" href=\"https:\/\/fedemark.ee\/fi\/tuotteet\/suurikantokykyiset-tikkaat\/teleskooppitikkaat\/euro-e3\/\" \/>\n<meta property=\"og:locale\" content=\"fi_FI\" \/>\n<meta property=\"og:type\" content=\"article\" \/>\n<meta property=\"og:title\" content=\"Euro E3 - Fedemark\" \/>\n<meta property=\"og:description\" content=\"Kolmiosainen avattava tikas ja porrastikas.  Ammattik\u00e4ytt\u00f6\u00f6n tarkoitetut laipoin varustetut alumiiniprofiiliset teleskooppitikkaat. Tikkaat vastaavat eurooppalaista standardia EN131 ja niiden testauksen ovat suorittaneet Milano tekninen yliopisto (soveltavien tieteiden tiedekunnassa Milanossa) ja T\u00fcv S\u00fcd Product Services. Malli on loistava sek\u00e4 rakenteeltaan ett\u00e4 ominaisuuksiltaan.  Korkealaatuisten ja kest\u00e4vien tikkaiden Euro-sarja on valmistettu puristetuista ontoista alumiiniprofiileista ja valmistettu t\u00e4ydennettyn\u00e4 automaattisella rajausmenetelm\u00e4ll\u00e4 (jossa puolat kiinnitet\u00e4\u00e4n tikasprofiileihin kerroksittaisella menetelm\u00e4ll\u00e4). Kaikkia kolmeosaisia malleja (paitsi k\u00f6yden kanssa k\u00e4ytett\u00e4vi\u00e4) voi k\u00e4ytt\u00e4\u00e4 porrastikkaina, teleskooppitikkaina tai yhdistelm\u00e4tikkaina. TEKNISET OMINAISUUDET \u2022 Puolien m\u00e4\u00e4r\u00e4: 6\u221216 \u2022 Porrastikkaan korkeus: 1,70\u22124,50 m \u2022 Korkeus avattuna: 4,10\u221211,90 m \u2022 Alemman osan leveys: 48 cm \u2022 V\u00e4liosan leveys: 42,3 cm \u2022 Ylemm\u00e4n osan leveys: 36,5 cm \u2022 Puolan et\u00e4isyys: 28 cm \u2022 Kantavuus: 150 kg  VAKIO-OSAT \u2022 Tukijalka \u2022 S\u00e4\u00e4dett\u00e4v\u00e4 avain tukijalan kiinnitt\u00e4miseen \u2022 Nailoninen vahvike tukijalan sis\u00e4ll\u00e4 \u2022 Hihnat tikkaiden hallitsemattoman avautumisen est\u00e4miseen \u2022 Liukupy\u00f6r\u00e4t (alkaen 3x8) \u2022 Alumiininen avaamisj\u00e4rjestelm\u00e4 \u2022 Kumijalat \u2022 Yl\u00f6sp\u00e4in liikkumista est\u00e4v\u00e4 mekanismi \u2022 Jatkamisen lukitseva mekanismi tikkaiden liikkumisen est\u00e4miseksi turvallisuusrajan saavuttamisen j\u00e4lkeen \u2022 Kyltti ja kokoamis- ja k\u00e4ytt\u00f6ohje  Saatava kolmiosaiset auki ty\u00f6nnett\u00e4v\u00e4t, k\u00f6ydell\u00e4 varustetut tikkaat. T\u00e4t\u00e4 mallia ei voi k\u00e4ytt\u00e4\u00e4 porrastikkaina.  Porrastikkaina k\u00e4ytett\u00e4ess\u00e4 kolmas osa on suojakaiteena.\" \/>\n<meta property=\"og:url\" content=\"https:\/\/fedemark.ee\/fi\/tuotteet\/suurikantokykyiset-tikkaat\/teleskooppitikkaat\/euro-e3\/\" \/>\n<meta property=\"og:site_name\" content=\"Fedemark\" \/>\n<meta property=\"article:modified_time\" content=\"2017-07-25T12:41:11+00:00\" \/>\n<meta property=\"og:image\" content=\"https:\/\/fedemark.ee\/wp-content\/uploads\/2017\/05\/Euro3-1-2.jpg\" \/>\n\t<meta property=\"og:image:width\" content=\"800\" \/>\n\t<meta property=\"og:image:height\" content=\"800\" \/>\n\t<meta property=\"og:image:type\" content=\"image\/jpeg\" \/>\n<meta name=\"twitter:card\" content=\"summary_large_image\" \/>\n<script type=\"application\/ld+json\" class=\"yoast-schema-graph\">{\"@context\":\"https:\/\/schema.org\",\"@graph\":[{\"@type\":\"WebPage\",\"@id\":\"https:\/\/fedemark.ee\/fi\/tuotteet\/suurikantokykyiset-tikkaat\/teleskooppitikkaat\/euro-e3\/\",\"url\":\"https:\/\/fedemark.ee\/fi\/tuotteet\/suurikantokykyiset-tikkaat\/teleskooppitikkaat\/euro-e3\/\",\"name\":\"Euro E3 - Fedemark\",\"isPartOf\":{\"@id\":\"https:\/\/fedemark.ee\/#website\"},\"primaryImageOfPage\":{\"@id\":\"https:\/\/fedemark.ee\/fi\/tuotteet\/suurikantokykyiset-tikkaat\/teleskooppitikkaat\/euro-e3\/#primaryimage\"},\"image\":{\"@id\":\"https:\/\/fedemark.ee\/fi\/tuotteet\/suurikantokykyiset-tikkaat\/teleskooppitikkaat\/euro-e3\/#primaryimage\"},\"thumbnailUrl\":\"https:\/\/fedemark.ee\/wp-content\/uploads\/2017\/05\/Euro3-1-2.jpg\",\"datePublished\":\"2017-05-30T12:55:50+00:00\",\"dateModified\":\"2017-07-25T12:41:11+00:00\",\"breadcrumb\":{\"@id\":\"https:\/\/fedemark.ee\/fi\/tuotteet\/suurikantokykyiset-tikkaat\/teleskooppitikkaat\/euro-e3\/#breadcrumb\"},\"inLanguage\":\"fi-FI\",\"potentialAction\":[{\"@type\":\"ReadAction\",\"target\":[\"https:\/\/fedemark.ee\/fi\/tuotteet\/suurikantokykyiset-tikkaat\/teleskooppitikkaat\/euro-e3\/\"]}]},{\"@type\":\"ImageObject\",\"inLanguage\":\"fi-FI\",\"@id\":\"https:\/\/fedemark.ee\/fi\/tuotteet\/suurikantokykyiset-tikkaat\/teleskooppitikkaat\/euro-e3\/#primaryimage\",\"url\":\"https:\/\/fedemark.ee\/wp-content\/uploads\/2017\/05\/Euro3-1-2.jpg\",\"contentUrl\":\"https:\/\/fedemark.ee\/wp-content\/uploads\/2017\/05\/Euro3-1-2.jpg\",\"width\":800,\"height\":800},{\"@type\":\"BreadcrumbList\",\"@id\":\"https:\/\/fedemark.ee\/fi\/tuotteet\/suurikantokykyiset-tikkaat\/teleskooppitikkaat\/euro-e3\/#breadcrumb\",\"itemListElement\":[{\"@type\":\"ListItem\",\"position\":1,\"name\":\"Home\",\"item\":\"https:\/\/fedemark.ee\/fi\/\"},{\"@type\":\"ListItem\",\"position\":2,\"name\":\"Tuotteet\",\"item\":\"https:\/\/fedemark.ee\/fi\/tuotteet\/\"},{\"@type\":\"ListItem\",\"position\":3,\"name\":\"Euro E3\"}]},{\"@type\":\"WebSite\",\"@id\":\"https:\/\/fedemark.ee\/#website\",\"url\":\"https:\/\/fedemark.ee\/\",\"name\":\"Fedemark\",\"description\":\"Redelid, Tellingud, T\u00f6\u00f6platvormid ja vahekorrused\",\"potentialAction\":[{\"@type\":\"SearchAction\",\"target\":{\"@type\":\"EntryPoint\",\"urlTemplate\":\"https:\/\/fedemark.ee\/?s={search_term_string}\"},\"query-input\":\"required name=search_term_string\"}],\"inLanguage\":\"fi-FI\"}]}<\/script>\n<!-- \/ Yoast SEO plugin. -->","yoast_head_json":{"title":"Euro E3 - Fedemark","robots":{"index":"index","follow":"follow","max-snippet":"max-snippet:-1","max-image-preview":"max-image-preview:large","max-video-preview":"max-video-preview:-1"},"canonical":"https:\/\/fedemark.ee\/fi\/tuotteet\/suurikantokykyiset-tikkaat\/teleskooppitikkaat\/euro-e3\/","og_locale":"fi_FI","og_type":"article","og_title":"Euro E3 - Fedemark","og_description":"Kolmiosainen avattava tikas ja porrastikas.  Ammattik\u00e4ytt\u00f6\u00f6n tarkoitetut laipoin varustetut alumiiniprofiiliset teleskooppitikkaat. Tikkaat vastaavat eurooppalaista standardia EN131 ja niiden testauksen ovat suorittaneet Milano tekninen yliopisto (soveltavien tieteiden tiedekunnassa Milanossa) ja T\u00fcv S\u00fcd Product Services. Malli on loistava sek\u00e4 rakenteeltaan ett\u00e4 ominaisuuksiltaan.  Korkealaatuisten ja kest\u00e4vien tikkaiden Euro-sarja on valmistettu puristetuista ontoista alumiiniprofiileista ja valmistettu t\u00e4ydennettyn\u00e4 automaattisella rajausmenetelm\u00e4ll\u00e4 (jossa puolat kiinnitet\u00e4\u00e4n tikasprofiileihin kerroksittaisella menetelm\u00e4ll\u00e4). Kaikkia kolmeosaisia malleja (paitsi k\u00f6yden kanssa k\u00e4ytett\u00e4vi\u00e4) voi k\u00e4ytt\u00e4\u00e4 porrastikkaina, teleskooppitikkaina tai yhdistelm\u00e4tikkaina. TEKNISET OMINAISUUDET \u2022 Puolien m\u00e4\u00e4r\u00e4: 6\u221216 \u2022 Porrastikkaan korkeus: 1,70\u22124,50 m \u2022 Korkeus avattuna: 4,10\u221211,90 m \u2022 Alemman osan leveys: 48 cm \u2022 V\u00e4liosan leveys: 42,3 cm \u2022 Ylemm\u00e4n osan leveys: 36,5 cm \u2022 Puolan et\u00e4isyys: 28 cm \u2022 Kantavuus: 150 kg  VAKIO-OSAT \u2022 Tukijalka \u2022 S\u00e4\u00e4dett\u00e4v\u00e4 avain tukijalan kiinnitt\u00e4miseen \u2022 Nailoninen vahvike tukijalan sis\u00e4ll\u00e4 \u2022 Hihnat tikkaiden hallitsemattoman avautumisen est\u00e4miseen \u2022 Liukupy\u00f6r\u00e4t (alkaen 3x8) \u2022 Alumiininen avaamisj\u00e4rjestelm\u00e4 \u2022 Kumijalat \u2022 Yl\u00f6sp\u00e4in liikkumista est\u00e4v\u00e4 mekanismi \u2022 Jatkamisen lukitseva mekanismi tikkaiden liikkumisen est\u00e4miseksi turvallisuusrajan saavuttamisen j\u00e4lkeen \u2022 Kyltti ja kokoamis- ja k\u00e4ytt\u00f6ohje  Saatava kolmiosaiset auki ty\u00f6nnett\u00e4v\u00e4t, k\u00f6ydell\u00e4 varustetut tikkaat. T\u00e4t\u00e4 mallia ei voi k\u00e4ytt\u00e4\u00e4 porrastikkaina.  Porrastikkaina k\u00e4ytett\u00e4ess\u00e4 kolmas osa on suojakaiteena.","og_url":"https:\/\/fedemark.ee\/fi\/tuotteet\/suurikantokykyiset-tikkaat\/teleskooppitikkaat\/euro-e3\/","og_site_name":"Fedemark","article_modified_time":"2017-07-25T12:41:11+00:00","og_image":[{"width":800,"height":800,"url":"https:\/\/fedemark.ee\/wp-content\/uploads\/2017\/05\/Euro3-1-2.jpg","type":"image\/jpeg"}],"twitter_card":"summary_large_image","schema":{"@context":"https:\/\/schema.org","@graph":[{"@type":"WebPage","@id":"https:\/\/fedemark.ee\/fi\/tuotteet\/suurikantokykyiset-tikkaat\/teleskooppitikkaat\/euro-e3\/","url":"https:\/\/fedemark.ee\/fi\/tuotteet\/suurikantokykyiset-tikkaat\/teleskooppitikkaat\/euro-e3\/","name":"Euro E3 - Fedemark","isPartOf":{"@id":"https:\/\/fedemark.ee\/#website"},"primaryImageOfPage":{"@id":"https:\/\/fedemark.ee\/fi\/tuotteet\/suurikantokykyiset-tikkaat\/teleskooppitikkaat\/euro-e3\/#primaryimage"},"image":{"@id":"https:\/\/fedemark.ee\/fi\/tuotteet\/suurikantokykyiset-tikkaat\/teleskooppitikkaat\/euro-e3\/#primaryimage"},"thumbnailUrl":"https:\/\/fedemark.ee\/wp-content\/uploads\/2017\/05\/Euro3-1-2.jpg","datePublished":"2017-05-30T12:55:50+00:00","dateModified":"2017-07-25T12:41:11+00:00","breadcrumb":{"@id":"https:\/\/fedemark.ee\/fi\/tuotteet\/suurikantokykyiset-tikkaat\/teleskooppitikkaat\/euro-e3\/#breadcrumb"},"inLanguage":"fi-FI","potentialAction":[{"@type":"ReadAction","target":["https:\/\/fedemark.ee\/fi\/tuotteet\/suurikantokykyiset-tikkaat\/teleskooppitikkaat\/euro-e3\/"]}]},{"@type":"ImageObject","inLanguage":"fi-FI","@id":"https:\/\/fedemark.ee\/fi\/tuotteet\/suurikantokykyiset-tikkaat\/teleskooppitikkaat\/euro-e3\/#primaryimage","url":"https:\/\/fedemark.ee\/wp-content\/uploads\/2017\/05\/Euro3-1-2.jpg","contentUrl":"https:\/\/fedemark.ee\/wp-content\/uploads\/2017\/05\/Euro3-1-2.jpg","width":800,"height":800},{"@type":"BreadcrumbList","@id":"https:\/\/fedemark.ee\/fi\/tuotteet\/suurikantokykyiset-tikkaat\/teleskooppitikkaat\/euro-e3\/#breadcrumb","itemListElement":[{"@type":"ListItem","position":1,"name":"Home","item":"https:\/\/fedemark.ee\/fi\/"},{"@type":"ListItem","position":2,"name":"Tuotteet","item":"https:\/\/fedemark.ee\/fi\/tuotteet\/"},{"@type":"ListItem","position":3,"name":"Euro E3"}]},{"@type":"WebSite","@id":"https:\/\/fedemark.ee\/#website","url":"https:\/\/fedemark.ee\/","name":"Fedemark","description":"Redelid, Tellingud, T\u00f6\u00f6platvormid ja vahekorrused","potentialAction":[{"@type":"SearchAction","target":{"@type":"EntryPoint","urlTemplate":"https:\/\/fedemark.ee\/?s={search_term_string}"},"query-input":"required name=search_term_string"}],"inLanguage":"fi-FI"}]}},"_links":{"self":[{"href":"https:\/\/fedemark.ee\/fi\/wp-json\/wp\/v2\/product\/7301"}],"collection":[{"href":"https:\/\/fedemark.ee\/fi\/wp-json\/wp\/v2\/product"}],"about":[{"href":"https:\/\/fedemark.ee\/fi\/wp-json\/wp\/v2\/types\/product"}],"replies":[{"embeddable":true,"href":"https:\/\/fedemark.ee\/fi\/wp-json\/wp\/v2\/comments?post=7301"}],"version-history":[{"count":0,"href":"https:\/\/fedemark.ee\/fi\/wp-json\/wp\/v2\/product\/7301\/revisions"}],"wp:featuredmedia":[{"embeddable":true,"href":"https:\/\/fedemark.ee\/fi\/wp-json\/wp\/v2\/media\/9470"}],"wp:attachment":[{"href":"https:\/\/fedemark.ee\/fi\/wp-json\/wp\/v2\/media?parent=7301"}],"wp:term":[{"taxonomy":"product_cat","embeddable":true,"href":"https:\/\/fedemark.ee\/fi\/wp-json\/wp\/v2\/product_cat?post=7301"},{"taxonomy":"product_tag","embeddable":true,"href":"https:\/\/fedemark.ee\/fi\/wp-json\/wp\/v2\/product_tag?post=7301"}],"curies":[{"name":"wp","href":"https:\/\/api.w.org\/{rel}","templated":true}]}}