{"id":7303,"date":"2017-06-14T18:41:35","date_gmt":"2017-06-14T18:41:35","guid":{"rendered":"https:\/\/sharks.ee\/fedemark\/shop\/uncategorized\/euro-e3f\/"},"modified":"2017-08-11T11:14:09","modified_gmt":"2017-08-11T11:14:09","slug":"euro-e3f","status":"publish","type":"product","link":"https:\/\/fedemark.ee\/fi\/tuotteet\/suurikantokykyiset-tikkaat\/teleskooppitikkaat\/euro-e3f\/","title":{"rendered":"Euro E3F"},"content":{"rendered":"","protected":false},"excerpt":{"rendered":"<p><em>Kolmiosainen k\u00f6ydell\u00e4 varustettu auki ty\u00f6nnett\u00e4v\u00e4 tikas<\/em><\/p>\n<p>Ammattik\u00e4ytt\u00f6\u00f6n tarkoitetut laipoin varustetut alumiiniprofiiliset teleskooppitikkaat. Tikkaat vastaavat eurooppalaista standardia EN131 ja niiden testauksen ovat suorittaneet Milano tekninen yliopisto (soveltavien tieteiden tiedekunnassa Milanossa) ja T\u00fcv S\u00fcd Product Services. Malli on loistava sek\u00e4 rakenteeltaan ett\u00e4 ominaisuuksiltaan.<\/p>\n<p>Kolmiosainen k\u00f6ydell\u00e4 varustettu auki ty\u00f6nnett\u00e4v\u00e4 tikas. Varustettu liukupy\u00f6rill\u00e4 ja hihnapy\u00f6r\u00e4ll\u00e4 k\u00f6yden ohjaamiseksi.<\/p>\n<p>VAKIO-OSAT<br \/>\n\u2022 Liukupy\u00f6r\u00e4t<br \/>\n\u2022 Tukijalka<br \/>\n\u2022 S\u00e4\u00e4dett\u00e4v\u00e4 avain tukijalan kiinnitt\u00e4miseen<br \/>\n\u2022 Kokoamis- ja k\u00e4ytt\u00f6ohje<br \/>\n\u2022 Puolien osa 27&#215;27 mm<br \/>\n\u2022 Puolan et\u00e4isyys 28 cm<br \/>\n\u2022 Alaosan leveys 48 cm<br \/>\n\u2022 V\u00e4liosan leveys 42,3 cm<br \/>\n\u2022 Yl\u00e4osan leveys 36,5 cm<br \/>\n\u2022 Nailoninen vahvike tukijalan sis\u00e4ll\u00e4<br \/>\n\u2022 Alumiininen avaamisj\u00e4rjestelm\u00e4<br \/>\n\u2022 Hihnat tikkaiden hallitsemattoman avautumisen est\u00e4miseen<br \/>\n\u2022 Kumijalat<br \/>\n\u2022 Yl\u00f6sp\u00e4in liikkumista est\u00e4v\u00e4 mekanismi<br \/>\n\u2022 Jakamisen lukitseva mekanismi tikkaiden liikkumisen est\u00e4miseen turvallisuusrajan saavuttamisen j\u00e4lkeen<br \/>\n\u2022 Kantavuus 150 kg<\/p>\n<p>Varustettu liukupy\u00f6rin ja hihnapy\u00f6r\u00e4ll\u00e4 k\u00f6yden ohjaamiseksi.<\/p>\n<p>Tukijalka on mahdollista tilata.<\/p>\n<p><strong>HUOM!\u00a0<\/strong>T\u00e4t\u00e4 mallia ei voi k\u00e4ytt\u00e4\u00e4 porrastikkaina.<\/p>\n","protected":false},"featured_media":9493,"comment_status":"open","ping_status":"closed","template":"","meta":{"footnotes":""},"product_cat":[205,172],"product_tag":[],"yoast_head":"<!-- This site is optimized with the Yoast SEO plugin v22.6 - https:\/\/yoast.com\/wordpress\/plugins\/seo\/ -->\n<title>Euro E3F - Fedemark<\/title>\n<meta name=\"robots\" content=\"index, follow, max-snippet:-1, max-image-preview:large, max-video-preview:-1\" \/>\n<link rel=\"canonical\" href=\"https:\/\/fedemark.ee\/fi\/tuotteet\/suurikantokykyiset-tikkaat\/teleskooppitikkaat\/euro-e3f\/\" \/>\n<meta property=\"og:locale\" content=\"fi_FI\" \/>\n<meta property=\"og:type\" content=\"article\" \/>\n<meta property=\"og:title\" content=\"Euro E3F - Fedemark\" \/>\n<meta property=\"og:description\" content=\"Kolmiosainen k\u00f6ydell\u00e4 varustettu auki ty\u00f6nnett\u00e4v\u00e4 tikas  Ammattik\u00e4ytt\u00f6\u00f6n tarkoitetut laipoin varustetut alumiiniprofiiliset teleskooppitikkaat. Tikkaat vastaavat eurooppalaista standardia EN131 ja niiden testauksen ovat suorittaneet Milano tekninen yliopisto (soveltavien tieteiden tiedekunnassa Milanossa) ja T\u00fcv S\u00fcd Product Services. Malli on loistava sek\u00e4 rakenteeltaan ett\u00e4 ominaisuuksiltaan.  Kolmiosainen k\u00f6ydell\u00e4 varustettu auki ty\u00f6nnett\u00e4v\u00e4 tikas. Varustettu liukupy\u00f6rill\u00e4 ja hihnapy\u00f6r\u00e4ll\u00e4 k\u00f6yden ohjaamiseksi.  VAKIO-OSAT \u2022 Liukupy\u00f6r\u00e4t \u2022 Tukijalka \u2022 S\u00e4\u00e4dett\u00e4v\u00e4 avain tukijalan kiinnitt\u00e4miseen \u2022 Kokoamis- ja k\u00e4ytt\u00f6ohje \u2022 Puolien osa 27x27 mm \u2022 Puolan et\u00e4isyys 28 cm \u2022 Alaosan leveys 48 cm \u2022 V\u00e4liosan leveys 42,3 cm \u2022 Yl\u00e4osan leveys 36,5 cm \u2022 Nailoninen vahvike tukijalan sis\u00e4ll\u00e4 \u2022 Alumiininen avaamisj\u00e4rjestelm\u00e4 \u2022 Hihnat tikkaiden hallitsemattoman avautumisen est\u00e4miseen \u2022 Kumijalat \u2022 Yl\u00f6sp\u00e4in liikkumista est\u00e4v\u00e4 mekanismi \u2022 Jakamisen lukitseva mekanismi tikkaiden liikkumisen est\u00e4miseen turvallisuusrajan saavuttamisen j\u00e4lkeen \u2022 Kantavuus 150 kg  Varustettu liukupy\u00f6rin ja hihnapy\u00f6r\u00e4ll\u00e4 k\u00f6yden ohjaamiseksi.  Tukijalka on mahdollista tilata.  HUOM!\u00a0T\u00e4t\u00e4 mallia ei voi k\u00e4ytt\u00e4\u00e4 porrastikkaina.\" \/>\n<meta property=\"og:url\" content=\"https:\/\/fedemark.ee\/fi\/tuotteet\/suurikantokykyiset-tikkaat\/teleskooppitikkaat\/euro-e3f\/\" \/>\n<meta property=\"og:site_name\" content=\"Fedemark\" \/>\n<meta property=\"article:modified_time\" content=\"2017-08-11T11:14:09+00:00\" \/>\n<meta property=\"og:image\" content=\"https:\/\/fedemark.ee\/wp-content\/uploads\/2017\/06\/Euro-E3-koiega.jpg\" \/>\n\t<meta property=\"og:image:width\" content=\"800\" \/>\n\t<meta property=\"og:image:height\" content=\"800\" \/>\n\t<meta property=\"og:image:type\" content=\"image\/jpeg\" \/>\n<meta name=\"twitter:card\" content=\"summary_large_image\" \/>\n<script type=\"application\/ld+json\" class=\"yoast-schema-graph\">{\"@context\":\"https:\/\/schema.org\",\"@graph\":[{\"@type\":\"WebPage\",\"@id\":\"https:\/\/fedemark.ee\/fi\/tuotteet\/suurikantokykyiset-tikkaat\/teleskooppitikkaat\/euro-e3f\/\",\"url\":\"https:\/\/fedemark.ee\/fi\/tuotteet\/suurikantokykyiset-tikkaat\/teleskooppitikkaat\/euro-e3f\/\",\"name\":\"Euro E3F - Fedemark\",\"isPartOf\":{\"@id\":\"https:\/\/fedemark.ee\/#website\"},\"primaryImageOfPage\":{\"@id\":\"https:\/\/fedemark.ee\/fi\/tuotteet\/suurikantokykyiset-tikkaat\/teleskooppitikkaat\/euro-e3f\/#primaryimage\"},\"image\":{\"@id\":\"https:\/\/fedemark.ee\/fi\/tuotteet\/suurikantokykyiset-tikkaat\/teleskooppitikkaat\/euro-e3f\/#primaryimage\"},\"thumbnailUrl\":\"https:\/\/fedemark.ee\/wp-content\/uploads\/2017\/06\/Euro-E3-koiega.jpg\",\"datePublished\":\"2017-06-14T18:41:35+00:00\",\"dateModified\":\"2017-08-11T11:14:09+00:00\",\"breadcrumb\":{\"@id\":\"https:\/\/fedemark.ee\/fi\/tuotteet\/suurikantokykyiset-tikkaat\/teleskooppitikkaat\/euro-e3f\/#breadcrumb\"},\"inLanguage\":\"fi-FI\",\"potentialAction\":[{\"@type\":\"ReadAction\",\"target\":[\"https:\/\/fedemark.ee\/fi\/tuotteet\/suurikantokykyiset-tikkaat\/teleskooppitikkaat\/euro-e3f\/\"]}]},{\"@type\":\"ImageObject\",\"inLanguage\":\"fi-FI\",\"@id\":\"https:\/\/fedemark.ee\/fi\/tuotteet\/suurikantokykyiset-tikkaat\/teleskooppitikkaat\/euro-e3f\/#primaryimage\",\"url\":\"https:\/\/fedemark.ee\/wp-content\/uploads\/2017\/06\/Euro-E3-koiega.jpg\",\"contentUrl\":\"https:\/\/fedemark.ee\/wp-content\/uploads\/2017\/06\/Euro-E3-koiega.jpg\",\"width\":800,\"height\":800},{\"@type\":\"BreadcrumbList\",\"@id\":\"https:\/\/fedemark.ee\/fi\/tuotteet\/suurikantokykyiset-tikkaat\/teleskooppitikkaat\/euro-e3f\/#breadcrumb\",\"itemListElement\":[{\"@type\":\"ListItem\",\"position\":1,\"name\":\"Home\",\"item\":\"https:\/\/fedemark.ee\/fi\/\"},{\"@type\":\"ListItem\",\"position\":2,\"name\":\"Tuotteet\",\"item\":\"https:\/\/fedemark.ee\/fi\/tuotteet\/\"},{\"@type\":\"ListItem\",\"position\":3,\"name\":\"Euro E3F\"}]},{\"@type\":\"WebSite\",\"@id\":\"https:\/\/fedemark.ee\/#website\",\"url\":\"https:\/\/fedemark.ee\/\",\"name\":\"Fedemark\",\"description\":\"Redelid, Tellingud, T\u00f6\u00f6platvormid ja vahekorrused\",\"potentialAction\":[{\"@type\":\"SearchAction\",\"target\":{\"@type\":\"EntryPoint\",\"urlTemplate\":\"https:\/\/fedemark.ee\/?s={search_term_string}\"},\"query-input\":\"required name=search_term_string\"}],\"inLanguage\":\"fi-FI\"}]}<\/script>\n<!-- \/ Yoast SEO plugin. -->","yoast_head_json":{"title":"Euro E3F - Fedemark","robots":{"index":"index","follow":"follow","max-snippet":"max-snippet:-1","max-image-preview":"max-image-preview:large","max-video-preview":"max-video-preview:-1"},"canonical":"https:\/\/fedemark.ee\/fi\/tuotteet\/suurikantokykyiset-tikkaat\/teleskooppitikkaat\/euro-e3f\/","og_locale":"fi_FI","og_type":"article","og_title":"Euro E3F - Fedemark","og_description":"Kolmiosainen k\u00f6ydell\u00e4 varustettu auki ty\u00f6nnett\u00e4v\u00e4 tikas  Ammattik\u00e4ytt\u00f6\u00f6n tarkoitetut laipoin varustetut alumiiniprofiiliset teleskooppitikkaat. Tikkaat vastaavat eurooppalaista standardia EN131 ja niiden testauksen ovat suorittaneet Milano tekninen yliopisto (soveltavien tieteiden tiedekunnassa Milanossa) ja T\u00fcv S\u00fcd Product Services. Malli on loistava sek\u00e4 rakenteeltaan ett\u00e4 ominaisuuksiltaan.  Kolmiosainen k\u00f6ydell\u00e4 varustettu auki ty\u00f6nnett\u00e4v\u00e4 tikas. Varustettu liukupy\u00f6rill\u00e4 ja hihnapy\u00f6r\u00e4ll\u00e4 k\u00f6yden ohjaamiseksi.  VAKIO-OSAT \u2022 Liukupy\u00f6r\u00e4t \u2022 Tukijalka \u2022 S\u00e4\u00e4dett\u00e4v\u00e4 avain tukijalan kiinnitt\u00e4miseen \u2022 Kokoamis- ja k\u00e4ytt\u00f6ohje \u2022 Puolien osa 27x27 mm \u2022 Puolan et\u00e4isyys 28 cm \u2022 Alaosan leveys 48 cm \u2022 V\u00e4liosan leveys 42,3 cm \u2022 Yl\u00e4osan leveys 36,5 cm \u2022 Nailoninen vahvike tukijalan sis\u00e4ll\u00e4 \u2022 Alumiininen avaamisj\u00e4rjestelm\u00e4 \u2022 Hihnat tikkaiden hallitsemattoman avautumisen est\u00e4miseen \u2022 Kumijalat \u2022 Yl\u00f6sp\u00e4in liikkumista est\u00e4v\u00e4 mekanismi \u2022 Jakamisen lukitseva mekanismi tikkaiden liikkumisen est\u00e4miseen turvallisuusrajan saavuttamisen j\u00e4lkeen \u2022 Kantavuus 150 kg  Varustettu liukupy\u00f6rin ja hihnapy\u00f6r\u00e4ll\u00e4 k\u00f6yden ohjaamiseksi.  Tukijalka on mahdollista tilata.  HUOM!\u00a0T\u00e4t\u00e4 mallia ei voi k\u00e4ytt\u00e4\u00e4 porrastikkaina.","og_url":"https:\/\/fedemark.ee\/fi\/tuotteet\/suurikantokykyiset-tikkaat\/teleskooppitikkaat\/euro-e3f\/","og_site_name":"Fedemark","article_modified_time":"2017-08-11T11:14:09+00:00","og_image":[{"width":800,"height":800,"url":"https:\/\/fedemark.ee\/wp-content\/uploads\/2017\/06\/Euro-E3-koiega.jpg","type":"image\/jpeg"}],"twitter_card":"summary_large_image","schema":{"@context":"https:\/\/schema.org","@graph":[{"@type":"WebPage","@id":"https:\/\/fedemark.ee\/fi\/tuotteet\/suurikantokykyiset-tikkaat\/teleskooppitikkaat\/euro-e3f\/","url":"https:\/\/fedemark.ee\/fi\/tuotteet\/suurikantokykyiset-tikkaat\/teleskooppitikkaat\/euro-e3f\/","name":"Euro E3F - Fedemark","isPartOf":{"@id":"https:\/\/fedemark.ee\/#website"},"primaryImageOfPage":{"@id":"https:\/\/fedemark.ee\/fi\/tuotteet\/suurikantokykyiset-tikkaat\/teleskooppitikkaat\/euro-e3f\/#primaryimage"},"image":{"@id":"https:\/\/fedemark.ee\/fi\/tuotteet\/suurikantokykyiset-tikkaat\/teleskooppitikkaat\/euro-e3f\/#primaryimage"},"thumbnailUrl":"https:\/\/fedemark.ee\/wp-content\/uploads\/2017\/06\/Euro-E3-koiega.jpg","datePublished":"2017-06-14T18:41:35+00:00","dateModified":"2017-08-11T11:14:09+00:00","breadcrumb":{"@id":"https:\/\/fedemark.ee\/fi\/tuotteet\/suurikantokykyiset-tikkaat\/teleskooppitikkaat\/euro-e3f\/#breadcrumb"},"inLanguage":"fi-FI","potentialAction":[{"@type":"ReadAction","target":["https:\/\/fedemark.ee\/fi\/tuotteet\/suurikantokykyiset-tikkaat\/teleskooppitikkaat\/euro-e3f\/"]}]},{"@type":"ImageObject","inLanguage":"fi-FI","@id":"https:\/\/fedemark.ee\/fi\/tuotteet\/suurikantokykyiset-tikkaat\/teleskooppitikkaat\/euro-e3f\/#primaryimage","url":"https:\/\/fedemark.ee\/wp-content\/uploads\/2017\/06\/Euro-E3-koiega.jpg","contentUrl":"https:\/\/fedemark.ee\/wp-content\/uploads\/2017\/06\/Euro-E3-koiega.jpg","width":800,"height":800},{"@type":"BreadcrumbList","@id":"https:\/\/fedemark.ee\/fi\/tuotteet\/suurikantokykyiset-tikkaat\/teleskooppitikkaat\/euro-e3f\/#breadcrumb","itemListElement":[{"@type":"ListItem","position":1,"name":"Home","item":"https:\/\/fedemark.ee\/fi\/"},{"@type":"ListItem","position":2,"name":"Tuotteet","item":"https:\/\/fedemark.ee\/fi\/tuotteet\/"},{"@type":"ListItem","position":3,"name":"Euro E3F"}]},{"@type":"WebSite","@id":"https:\/\/fedemark.ee\/#website","url":"https:\/\/fedemark.ee\/","name":"Fedemark","description":"Redelid, Tellingud, T\u00f6\u00f6platvormid ja vahekorrused","potentialAction":[{"@type":"SearchAction","target":{"@type":"EntryPoint","urlTemplate":"https:\/\/fedemark.ee\/?s={search_term_string}"},"query-input":"required name=search_term_string"}],"inLanguage":"fi-FI"}]}},"_links":{"self":[{"href":"https:\/\/fedemark.ee\/fi\/wp-json\/wp\/v2\/product\/7303"}],"collection":[{"href":"https:\/\/fedemark.ee\/fi\/wp-json\/wp\/v2\/product"}],"about":[{"href":"https:\/\/fedemark.ee\/fi\/wp-json\/wp\/v2\/types\/product"}],"replies":[{"embeddable":true,"href":"https:\/\/fedemark.ee\/fi\/wp-json\/wp\/v2\/comments?post=7303"}],"version-history":[{"count":0,"href":"https:\/\/fedemark.ee\/fi\/wp-json\/wp\/v2\/product\/7303\/revisions"}],"wp:featuredmedia":[{"embeddable":true,"href":"https:\/\/fedemark.ee\/fi\/wp-json\/wp\/v2\/media\/9493"}],"wp:attachment":[{"href":"https:\/\/fedemark.ee\/fi\/wp-json\/wp\/v2\/media?parent=7303"}],"wp:term":[{"taxonomy":"product_cat","embeddable":true,"href":"https:\/\/fedemark.ee\/fi\/wp-json\/wp\/v2\/product_cat?post=7303"},{"taxonomy":"product_tag","embeddable":true,"href":"https:\/\/fedemark.ee\/fi\/wp-json\/wp\/v2\/product_tag?post=7303"}],"curies":[{"name":"wp","href":"https:\/\/api.w.org\/{rel}","templated":true}]}}