{"id":7305,"date":"2017-06-14T18:53:39","date_gmt":"2017-06-14T18:53:39","guid":{"rendered":"https:\/\/sharks.ee\/fedemark\/shop\/uncategorized\/luxe-1\/"},"modified":"2017-07-25T12:44:44","modified_gmt":"2017-07-25T12:44:44","slug":"luxe-1","status":"publish","type":"product","link":"https:\/\/fedemark.ee\/fi\/tuotteet\/suurikantokykyiset-tikkaat\/teleskooppitikkaat\/luxe-1\/","title":{"rendered":"Luxe 1"},"content":{"rendered":"","protected":false},"excerpt":{"rendered":"<p><em>Yksiosainen tikas mukavaan kiipe\u00e4miseen<\/em><\/p>\n<p>Kevyt ja kest\u00e4v\u00e4 yksiosainen tikas, jossa on kaikissa nelj\u00e4ss\u00e4 p\u00e4\u00e4ss\u00e4 vahvistetut kumijalat, jotka on kiinnitetty niitill\u00e4. T\u00e4m\u00e4 uusi menetelm\u00e4 auttaa v\u00e4ltt\u00e4m\u00e4\u00e4n niiden katoamista ja tikasta voi k\u00e4ytt\u00e4\u00e4 my\u00f6s yl\u00f6salaisin.<\/p>\n<p>Kest\u00e4vien tikkaiden De Luxe -sarja on valmistettu korkealaatuisesta puristetusta alumiiniprofiilista, valmistettu t\u00e4ydennettyn\u00e4 automaattisella rajausmenetelm\u00e4ll\u00e4 (jossa puolat kiinnitet\u00e4\u00e4n tikasprofiileihin kerroksittaisella menetelm\u00e4ll\u00e4), joka takaa hyv\u00e4n lujuuden ja pitk\u00e4n k\u00e4ytt\u00f6i\u00e4n. Tikas vastaa eurooppalaista standardia EN131.<\/p>\n<p>TEKNISET OMINAISUUDET<br \/>\n\u2022 Puolien osa: 30&#215;30 mm<br \/>\n\u2022 Puolien et\u00e4isyys: 30 cm<br \/>\n\u2022 Kantavuus: 150 kg<br \/>\n\u2022 Puolien m\u00e4\u00e4r\u00e4: 7\u221217<br \/>\n\u2022 Osan leveys: 42,3 cm<br \/>\n\u2022 Korkeus: 2,30\u22125,30 m<\/p>\n<p>VAKIO-OSAT<br \/>\n\u2022\u00a0 P\u00e4\u00e4llystetyt latteat puolat<br \/>\n\u2022\u00a0 Liukumattomat kumijalat (Luxe 1)<br \/>\n\u2022 Kyltti ja kokoamis- ja k\u00e4ytt\u00f6ohje<br \/>\n\u2022 L\u00e4mp\u00f6supistuva muovipakkaus kuvineen<\/p>\n<p><img loading=\"lazy\" decoding=\"async\" class=\"alignnone wp-image-5317\" src=\"https:\/\/fedemark.ee\/wp-content\/uploads\/2017\/06\/Ikoonid_29-1.jpg\" alt=\"\" width=\"71\" height=\"66\" \/><img loading=\"lazy\" decoding=\"async\" class=\"alignnone wp-image-5257\" src=\"https:\/\/fedemark.ee\/wp-content\/uploads\/2017\/06\/Ikoonid_03-Copy.jpg\" alt=\"\" width=\"64\" height=\"64\" srcset=\"https:\/\/fedemark.ee\/wp-content\/uploads\/2017\/06\/Ikoonid_03-Copy.jpg 132w, https:\/\/fedemark.ee\/wp-content\/uploads\/2017\/06\/Ikoonid_03-Copy-100x100.jpg 100w\" sizes=\"(max-width: 64px) 100vw, 64px\" \/><img loading=\"lazy\" decoding=\"async\" class=\"alignnone wp-image-5353\" src=\"https:\/\/fedemark.ee\/wp-content\/uploads\/2017\/06\/Ikoonid_50.jpg\" alt=\"\" width=\"54\" height=\"64\" \/><img loading=\"lazy\" decoding=\"async\" class=\"alignnone wp-image-5337\" src=\"https:\/\/fedemark.ee\/wp-content\/uploads\/2017\/06\/Ikoonid_38-Copy.jpg\" alt=\"\" width=\"80\" height=\"76\" \/><\/p>\n","protected":false},"featured_media":8941,"comment_status":"open","ping_status":"closed","template":"","meta":{"footnotes":""},"product_cat":[205,172],"product_tag":[],"yoast_head":"<!-- This site is optimized with the Yoast SEO plugin v22.6 - https:\/\/yoast.com\/wordpress\/plugins\/seo\/ -->\n<title>Luxe 1 - Fedemark<\/title>\n<meta name=\"robots\" content=\"index, follow, max-snippet:-1, max-image-preview:large, max-video-preview:-1\" \/>\n<link rel=\"canonical\" href=\"https:\/\/fedemark.ee\/fi\/tuotteet\/suurikantokykyiset-tikkaat\/teleskooppitikkaat\/luxe-1\/\" \/>\n<meta property=\"og:locale\" content=\"fi_FI\" \/>\n<meta property=\"og:type\" content=\"article\" \/>\n<meta property=\"og:title\" content=\"Luxe 1 - Fedemark\" \/>\n<meta property=\"og:description\" content=\"Yksiosainen tikas mukavaan kiipe\u00e4miseen  Kevyt ja kest\u00e4v\u00e4 yksiosainen tikas, jossa on kaikissa nelj\u00e4ss\u00e4 p\u00e4\u00e4ss\u00e4 vahvistetut kumijalat, jotka on kiinnitetty niitill\u00e4. T\u00e4m\u00e4 uusi menetelm\u00e4 auttaa v\u00e4ltt\u00e4m\u00e4\u00e4n niiden katoamista ja tikasta voi k\u00e4ytt\u00e4\u00e4 my\u00f6s yl\u00f6salaisin.  Kest\u00e4vien tikkaiden De Luxe -sarja on valmistettu korkealaatuisesta puristetusta alumiiniprofiilista, valmistettu t\u00e4ydennettyn\u00e4 automaattisella rajausmenetelm\u00e4ll\u00e4 (jossa puolat kiinnitet\u00e4\u00e4n tikasprofiileihin kerroksittaisella menetelm\u00e4ll\u00e4), joka takaa hyv\u00e4n lujuuden ja pitk\u00e4n k\u00e4ytt\u00f6i\u00e4n. Tikas vastaa eurooppalaista standardia EN131.  TEKNISET OMINAISUUDET \u2022 Puolien osa: 30x30 mm \u2022 Puolien et\u00e4isyys: 30 cm \u2022 Kantavuus: 150 kg \u2022 Puolien m\u00e4\u00e4r\u00e4: 7\u221217 \u2022 Osan leveys: 42,3 cm \u2022 Korkeus: 2,30\u22125,30 m  VAKIO-OSAT \u2022\u00a0 P\u00e4\u00e4llystetyt latteat puolat \u2022\u00a0 Liukumattomat kumijalat (Luxe 1) \u2022 Kyltti ja kokoamis- ja k\u00e4ytt\u00f6ohje \u2022 L\u00e4mp\u00f6supistuva muovipakkaus kuvineen\" \/>\n<meta property=\"og:url\" content=\"https:\/\/fedemark.ee\/fi\/tuotteet\/suurikantokykyiset-tikkaat\/teleskooppitikkaat\/luxe-1\/\" \/>\n<meta property=\"og:site_name\" content=\"Fedemark\" \/>\n<meta property=\"article:modified_time\" content=\"2017-07-25T12:44:44+00:00\" \/>\n<meta property=\"og:image\" content=\"https:\/\/fedemark.ee\/wp-content\/uploads\/2017\/06\/LUXE-1-1.jpg\" \/>\n\t<meta property=\"og:image:width\" content=\"800\" \/>\n\t<meta property=\"og:image:height\" content=\"800\" \/>\n\t<meta property=\"og:image:type\" content=\"image\/jpeg\" \/>\n<meta name=\"twitter:card\" content=\"summary_large_image\" \/>\n<script type=\"application\/ld+json\" class=\"yoast-schema-graph\">{\"@context\":\"https:\/\/schema.org\",\"@graph\":[{\"@type\":\"WebPage\",\"@id\":\"https:\/\/fedemark.ee\/fi\/tuotteet\/suurikantokykyiset-tikkaat\/teleskooppitikkaat\/luxe-1\/\",\"url\":\"https:\/\/fedemark.ee\/fi\/tuotteet\/suurikantokykyiset-tikkaat\/teleskooppitikkaat\/luxe-1\/\",\"name\":\"Luxe 1 - Fedemark\",\"isPartOf\":{\"@id\":\"https:\/\/fedemark.ee\/#website\"},\"primaryImageOfPage\":{\"@id\":\"https:\/\/fedemark.ee\/fi\/tuotteet\/suurikantokykyiset-tikkaat\/teleskooppitikkaat\/luxe-1\/#primaryimage\"},\"image\":{\"@id\":\"https:\/\/fedemark.ee\/fi\/tuotteet\/suurikantokykyiset-tikkaat\/teleskooppitikkaat\/luxe-1\/#primaryimage\"},\"thumbnailUrl\":\"https:\/\/fedemark.ee\/wp-content\/uploads\/2017\/06\/LUXE-1-1.jpg\",\"datePublished\":\"2017-06-14T18:53:39+00:00\",\"dateModified\":\"2017-07-25T12:44:44+00:00\",\"breadcrumb\":{\"@id\":\"https:\/\/fedemark.ee\/fi\/tuotteet\/suurikantokykyiset-tikkaat\/teleskooppitikkaat\/luxe-1\/#breadcrumb\"},\"inLanguage\":\"fi-FI\",\"potentialAction\":[{\"@type\":\"ReadAction\",\"target\":[\"https:\/\/fedemark.ee\/fi\/tuotteet\/suurikantokykyiset-tikkaat\/teleskooppitikkaat\/luxe-1\/\"]}]},{\"@type\":\"ImageObject\",\"inLanguage\":\"fi-FI\",\"@id\":\"https:\/\/fedemark.ee\/fi\/tuotteet\/suurikantokykyiset-tikkaat\/teleskooppitikkaat\/luxe-1\/#primaryimage\",\"url\":\"https:\/\/fedemark.ee\/wp-content\/uploads\/2017\/06\/LUXE-1-1.jpg\",\"contentUrl\":\"https:\/\/fedemark.ee\/wp-content\/uploads\/2017\/06\/LUXE-1-1.jpg\",\"width\":800,\"height\":800},{\"@type\":\"BreadcrumbList\",\"@id\":\"https:\/\/fedemark.ee\/fi\/tuotteet\/suurikantokykyiset-tikkaat\/teleskooppitikkaat\/luxe-1\/#breadcrumb\",\"itemListElement\":[{\"@type\":\"ListItem\",\"position\":1,\"name\":\"Home\",\"item\":\"https:\/\/fedemark.ee\/fi\/\"},{\"@type\":\"ListItem\",\"position\":2,\"name\":\"Tuotteet\",\"item\":\"https:\/\/fedemark.ee\/fi\/tuotteet\/\"},{\"@type\":\"ListItem\",\"position\":3,\"name\":\"Luxe 1\"}]},{\"@type\":\"WebSite\",\"@id\":\"https:\/\/fedemark.ee\/#website\",\"url\":\"https:\/\/fedemark.ee\/\",\"name\":\"Fedemark\",\"description\":\"Redelid, Tellingud, T\u00f6\u00f6platvormid ja vahekorrused\",\"potentialAction\":[{\"@type\":\"SearchAction\",\"target\":{\"@type\":\"EntryPoint\",\"urlTemplate\":\"https:\/\/fedemark.ee\/?s={search_term_string}\"},\"query-input\":\"required name=search_term_string\"}],\"inLanguage\":\"fi-FI\"}]}<\/script>\n<!-- \/ Yoast SEO plugin. -->","yoast_head_json":{"title":"Luxe 1 - Fedemark","robots":{"index":"index","follow":"follow","max-snippet":"max-snippet:-1","max-image-preview":"max-image-preview:large","max-video-preview":"max-video-preview:-1"},"canonical":"https:\/\/fedemark.ee\/fi\/tuotteet\/suurikantokykyiset-tikkaat\/teleskooppitikkaat\/luxe-1\/","og_locale":"fi_FI","og_type":"article","og_title":"Luxe 1 - Fedemark","og_description":"Yksiosainen tikas mukavaan kiipe\u00e4miseen  Kevyt ja kest\u00e4v\u00e4 yksiosainen tikas, jossa on kaikissa nelj\u00e4ss\u00e4 p\u00e4\u00e4ss\u00e4 vahvistetut kumijalat, jotka on kiinnitetty niitill\u00e4. T\u00e4m\u00e4 uusi menetelm\u00e4 auttaa v\u00e4ltt\u00e4m\u00e4\u00e4n niiden katoamista ja tikasta voi k\u00e4ytt\u00e4\u00e4 my\u00f6s yl\u00f6salaisin.  Kest\u00e4vien tikkaiden De Luxe -sarja on valmistettu korkealaatuisesta puristetusta alumiiniprofiilista, valmistettu t\u00e4ydennettyn\u00e4 automaattisella rajausmenetelm\u00e4ll\u00e4 (jossa puolat kiinnitet\u00e4\u00e4n tikasprofiileihin kerroksittaisella menetelm\u00e4ll\u00e4), joka takaa hyv\u00e4n lujuuden ja pitk\u00e4n k\u00e4ytt\u00f6i\u00e4n. Tikas vastaa eurooppalaista standardia EN131.  TEKNISET OMINAISUUDET \u2022 Puolien osa: 30x30 mm \u2022 Puolien et\u00e4isyys: 30 cm \u2022 Kantavuus: 150 kg \u2022 Puolien m\u00e4\u00e4r\u00e4: 7\u221217 \u2022 Osan leveys: 42,3 cm \u2022 Korkeus: 2,30\u22125,30 m  VAKIO-OSAT \u2022\u00a0 P\u00e4\u00e4llystetyt latteat puolat \u2022\u00a0 Liukumattomat kumijalat (Luxe 1) \u2022 Kyltti ja kokoamis- ja k\u00e4ytt\u00f6ohje \u2022 L\u00e4mp\u00f6supistuva muovipakkaus kuvineen","og_url":"https:\/\/fedemark.ee\/fi\/tuotteet\/suurikantokykyiset-tikkaat\/teleskooppitikkaat\/luxe-1\/","og_site_name":"Fedemark","article_modified_time":"2017-07-25T12:44:44+00:00","og_image":[{"width":800,"height":800,"url":"https:\/\/fedemark.ee\/wp-content\/uploads\/2017\/06\/LUXE-1-1.jpg","type":"image\/jpeg"}],"twitter_card":"summary_large_image","schema":{"@context":"https:\/\/schema.org","@graph":[{"@type":"WebPage","@id":"https:\/\/fedemark.ee\/fi\/tuotteet\/suurikantokykyiset-tikkaat\/teleskooppitikkaat\/luxe-1\/","url":"https:\/\/fedemark.ee\/fi\/tuotteet\/suurikantokykyiset-tikkaat\/teleskooppitikkaat\/luxe-1\/","name":"Luxe 1 - Fedemark","isPartOf":{"@id":"https:\/\/fedemark.ee\/#website"},"primaryImageOfPage":{"@id":"https:\/\/fedemark.ee\/fi\/tuotteet\/suurikantokykyiset-tikkaat\/teleskooppitikkaat\/luxe-1\/#primaryimage"},"image":{"@id":"https:\/\/fedemark.ee\/fi\/tuotteet\/suurikantokykyiset-tikkaat\/teleskooppitikkaat\/luxe-1\/#primaryimage"},"thumbnailUrl":"https:\/\/fedemark.ee\/wp-content\/uploads\/2017\/06\/LUXE-1-1.jpg","datePublished":"2017-06-14T18:53:39+00:00","dateModified":"2017-07-25T12:44:44+00:00","breadcrumb":{"@id":"https:\/\/fedemark.ee\/fi\/tuotteet\/suurikantokykyiset-tikkaat\/teleskooppitikkaat\/luxe-1\/#breadcrumb"},"inLanguage":"fi-FI","potentialAction":[{"@type":"ReadAction","target":["https:\/\/fedemark.ee\/fi\/tuotteet\/suurikantokykyiset-tikkaat\/teleskooppitikkaat\/luxe-1\/"]}]},{"@type":"ImageObject","inLanguage":"fi-FI","@id":"https:\/\/fedemark.ee\/fi\/tuotteet\/suurikantokykyiset-tikkaat\/teleskooppitikkaat\/luxe-1\/#primaryimage","url":"https:\/\/fedemark.ee\/wp-content\/uploads\/2017\/06\/LUXE-1-1.jpg","contentUrl":"https:\/\/fedemark.ee\/wp-content\/uploads\/2017\/06\/LUXE-1-1.jpg","width":800,"height":800},{"@type":"BreadcrumbList","@id":"https:\/\/fedemark.ee\/fi\/tuotteet\/suurikantokykyiset-tikkaat\/teleskooppitikkaat\/luxe-1\/#breadcrumb","itemListElement":[{"@type":"ListItem","position":1,"name":"Home","item":"https:\/\/fedemark.ee\/fi\/"},{"@type":"ListItem","position":2,"name":"Tuotteet","item":"https:\/\/fedemark.ee\/fi\/tuotteet\/"},{"@type":"ListItem","position":3,"name":"Luxe 1"}]},{"@type":"WebSite","@id":"https:\/\/fedemark.ee\/#website","url":"https:\/\/fedemark.ee\/","name":"Fedemark","description":"Redelid, Tellingud, T\u00f6\u00f6platvormid ja vahekorrused","potentialAction":[{"@type":"SearchAction","target":{"@type":"EntryPoint","urlTemplate":"https:\/\/fedemark.ee\/?s={search_term_string}"},"query-input":"required name=search_term_string"}],"inLanguage":"fi-FI"}]}},"_links":{"self":[{"href":"https:\/\/fedemark.ee\/fi\/wp-json\/wp\/v2\/product\/7305"}],"collection":[{"href":"https:\/\/fedemark.ee\/fi\/wp-json\/wp\/v2\/product"}],"about":[{"href":"https:\/\/fedemark.ee\/fi\/wp-json\/wp\/v2\/types\/product"}],"replies":[{"embeddable":true,"href":"https:\/\/fedemark.ee\/fi\/wp-json\/wp\/v2\/comments?post=7305"}],"version-history":[{"count":0,"href":"https:\/\/fedemark.ee\/fi\/wp-json\/wp\/v2\/product\/7305\/revisions"}],"wp:featuredmedia":[{"embeddable":true,"href":"https:\/\/fedemark.ee\/fi\/wp-json\/wp\/v2\/media\/8941"}],"wp:attachment":[{"href":"https:\/\/fedemark.ee\/fi\/wp-json\/wp\/v2\/media?parent=7305"}],"wp:term":[{"taxonomy":"product_cat","embeddable":true,"href":"https:\/\/fedemark.ee\/fi\/wp-json\/wp\/v2\/product_cat?post=7305"},{"taxonomy":"product_tag","embeddable":true,"href":"https:\/\/fedemark.ee\/fi\/wp-json\/wp\/v2\/product_tag?post=7305"}],"curies":[{"name":"wp","href":"https:\/\/api.w.org\/{rel}","templated":true}]}}