{"id":7306,"date":"2017-06-14T18:59:42","date_gmt":"2017-06-14T18:59:42","guid":{"rendered":"https:\/\/sharks.ee\/fedemark\/shop\/uncategorized\/luxe-2\/"},"modified":"2017-07-25T12:45:46","modified_gmt":"2017-07-25T12:45:46","slug":"luxe-2","status":"publish","type":"product","link":"https:\/\/fedemark.ee\/fi\/tuotteet\/suurikantokykyiset-tikkaat\/teleskooppitikkaat\/luxe-2\/","title":{"rendered":"Luxe 2"},"content":{"rendered":"","protected":false},"excerpt":{"rendered":"<p><em>Kaksiosainen auki ty\u00f6nnett\u00e4v\u00e4 tikas ja porrastikas, sopii k\u00e4ytett\u00e4v\u00e4ksi portailla, mukava kiivet\u00e4<\/em><\/p>\n<p>Tikas on varustettu s\u00e4\u00e4dett\u00e4v\u00e4ll\u00e4 tukijalalla ja liukupy\u00f6rill\u00e4, kun sit\u00e4 k\u00e4ytet\u00e4\u00e4n sein\u00e4\u00e4n tukeutuvana tikkaana.<\/p>\n<p>Kest\u00e4vien tikkaiden De Luxe -sarja on valmistettu korkealaatuisesta puristetusta alumiiniprofiilista, valmistettu t\u00e4ydennettyn\u00e4 automaattisella rajausmenetelm\u00e4ll\u00e4 (jossa puolat kiinnitet\u00e4\u00e4n tikasprofiileihin kerroksittaisella menetelm\u00e4ll\u00e4), joka takaa hyv\u00e4n lujuuden ja pitk\u00e4n k\u00e4ytt\u00f6i\u00e4n. Tikas vastaa eurooppalaista standardia EN131.<\/p>\n<p>Patentoitu s\u00e4\u00e4dett\u00e4v\u00e4 tukijalka, joka kuuluu Luxe 2:n vakiovarusteisiin. Se on uusi, lujasta mutta kevyest\u00e4 alumiinista rakennettu j\u00e4rjestelm\u00e4, joka mahdollistaa s\u00e4\u00e4t\u00e4misen ep\u00e4takaisella pinnalla ja tasapainottaa ep\u00e4tasaisten pintojen vaikutuksen ja takaa tikkaan mukavan ja turvallisen k\u00e4yt\u00f6n. Sen muuttaa helpommaksi kahden lujan ulosvedett\u00e4v\u00e4n nastan k\u00e4ytt\u00f6, jotka antavat k\u00e4ytt\u00e4j\u00e4lle mahdollisuuden s\u00e4\u00e4t\u00e4\u00e4 tikasta vaakatasoon. Jos tikas halutaan avata ahtaassa paikassa, sen voi tehd\u00e4 ilman tukijalkaa. Vahvistetut jalat nostavat tukijalan 45 mm korkeudelle siten, ett\u00e4 tikasta voi k\u00e4ytt\u00e4\u00e4 silloinkin, kun alla on kivi\u00e4 tai muita pieni\u00e4 esteit\u00e4.<\/p>\n<p>Laipoin varustetut, uritetut ja ergonomiset puolat.<br \/>\nKolmivaiheinen laippaj\u00e4rjestelm\u00e4 (puolat kiinnitet\u00e4\u00e4n kerroksittaisella j\u00e4rjestelm\u00e4ll\u00e4) takaa pitk\u00e4n k\u00e4ytt\u00f6i\u00e4n: 1. ja 2. kehyksen sis\u00e4sivun turvotus, kehyksen ulkosivun rajaus ja 3. kehyksen sisuksen turvotus. Turvallinen ja helppo k\u00e4ytt\u00f6 varmistetaan k\u00e4ytt\u00e4j\u00e4lle latteilla puolilla ja seurauksena on suurempi hy\u00f6ty ja tuottavuus.<br \/>\nJalkapohjan painautumista ei tapahdu, kuten tavallisten nelikulmaisten puolien osalta, jotka muodostavat vinoneli\u00f6n muodon aiheuttavat k\u00e4yt\u00f6ss\u00e4 ep\u00e4mukavuutta.<\/p>\n<p>TEKNISET OMINAISUUDET<br \/>\n\u2022 Puolan et\u00e4isyys: 30 cm<br \/>\n\u2022 Kantavuus: 150 kg<br \/>\n\u2022 Puolien m\u00e4\u00e4r\u00e4: 6+7\u221213+14<br \/>\n\u2022 Alaosan leveys: 48,5 cm<br \/>\n\u2022 Yl\u00e4osan leveys: 42,3 cm<br \/>\n\u2022 Porrastikkaan korkeus: 2,10\u22124,10 m<br \/>\n\u2022 Korkeus avattuna: 3,45\u22127,65 m<\/p>\n<p>VAKIO-OSAT<br \/>\n\u2022 P\u00e4\u00e4llystetyt latteat puolat<br \/>\n\u2022 Liukupy\u00f6r\u00e4t<br \/>\n\u2022 S\u00e4\u00e4dett\u00e4v\u00e4 tukijalka<br \/>\n\u2022 Alumiininen avaamisj\u00e4rjestelm\u00e4<br \/>\n\u2022 Tanko, joka est\u00e4\u00e4 tikkaan hallitsematonta sulkeutumista ja avautumista<br \/>\n\u2022 Liukumattomat kumijalat<br \/>\n\u2022 Jatkamisen lukitseva mekanismi tikkan liikkumisen est\u00e4miseen turvallisuusrajan saavuttamisen j\u00e4lkeen<br \/>\n\u2022 Yl\u00f6sp\u00e4in liikkumista est\u00e4v\u00e4 mekanismi<br \/>\n\u2022 Kyltti ja kokoamis- ja k\u00e4ytt\u00f6ohje<br \/>\n\u2022 L\u00e4mp\u00f6supistuva muovipakkaus kuvineen<\/p>\n<p><img loading=\"lazy\" decoding=\"async\" class=\"alignnone wp-image-5253\" src=\"https:\/\/fedemark.ee\/wp-content\/uploads\/2017\/06\/Ikoonid_29.jpg\" alt=\"\" width=\"64\" height=\"60\" \/><img loading=\"lazy\" decoding=\"async\" class=\"alignnone wp-image-5257\" src=\"https:\/\/fedemark.ee\/wp-content\/uploads\/2017\/06\/Ikoonid_03-Copy.jpg\" alt=\"\" width=\"60\" height=\"60\" srcset=\"https:\/\/fedemark.ee\/wp-content\/uploads\/2017\/06\/Ikoonid_03-Copy.jpg 132w, https:\/\/fedemark.ee\/wp-content\/uploads\/2017\/06\/Ikoonid_03-Copy-100x100.jpg 100w\" sizes=\"(max-width: 60px) 100vw, 60px\" \/><img loading=\"lazy\" decoding=\"async\" class=\"alignnone wp-image-5353\" src=\"https:\/\/fedemark.ee\/wp-content\/uploads\/2017\/06\/Ikoonid_50.jpg\" alt=\"\" width=\"54\" height=\"64\" \/><img loading=\"lazy\" decoding=\"async\" class=\"alignnone wp-image-5337\" src=\"https:\/\/fedemark.ee\/wp-content\/uploads\/2017\/06\/Ikoonid_38-Copy.jpg\" alt=\"\" width=\"74\" height=\"71\" \/><\/p>\n","protected":false},"featured_media":8932,"comment_status":"open","ping_status":"closed","template":"","meta":{"footnotes":""},"product_cat":[205,172],"product_tag":[],"yoast_head":"<!-- This site is optimized with the Yoast SEO plugin v22.6 - https:\/\/yoast.com\/wordpress\/plugins\/seo\/ -->\n<title>Luxe 2 - Fedemark<\/title>\n<meta name=\"robots\" content=\"index, follow, max-snippet:-1, max-image-preview:large, max-video-preview:-1\" \/>\n<link rel=\"canonical\" href=\"https:\/\/fedemark.ee\/fi\/tuotteet\/suurikantokykyiset-tikkaat\/teleskooppitikkaat\/luxe-2\/\" \/>\n<meta property=\"og:locale\" content=\"fi_FI\" \/>\n<meta property=\"og:type\" content=\"article\" \/>\n<meta property=\"og:title\" content=\"Luxe 2 - Fedemark\" \/>\n<meta property=\"og:description\" content=\"Kaksiosainen auki ty\u00f6nnett\u00e4v\u00e4 tikas ja porrastikas, sopii k\u00e4ytett\u00e4v\u00e4ksi portailla, mukava kiivet\u00e4  Tikas on varustettu s\u00e4\u00e4dett\u00e4v\u00e4ll\u00e4 tukijalalla ja liukupy\u00f6rill\u00e4, kun sit\u00e4 k\u00e4ytet\u00e4\u00e4n sein\u00e4\u00e4n tukeutuvana tikkaana.  Kest\u00e4vien tikkaiden De Luxe -sarja on valmistettu korkealaatuisesta puristetusta alumiiniprofiilista, valmistettu t\u00e4ydennettyn\u00e4 automaattisella rajausmenetelm\u00e4ll\u00e4 (jossa puolat kiinnitet\u00e4\u00e4n tikasprofiileihin kerroksittaisella menetelm\u00e4ll\u00e4), joka takaa hyv\u00e4n lujuuden ja pitk\u00e4n k\u00e4ytt\u00f6i\u00e4n. Tikas vastaa eurooppalaista standardia EN131.  Patentoitu s\u00e4\u00e4dett\u00e4v\u00e4 tukijalka, joka kuuluu Luxe 2:n vakiovarusteisiin. Se on uusi, lujasta mutta kevyest\u00e4 alumiinista rakennettu j\u00e4rjestelm\u00e4, joka mahdollistaa s\u00e4\u00e4t\u00e4misen ep\u00e4takaisella pinnalla ja tasapainottaa ep\u00e4tasaisten pintojen vaikutuksen ja takaa tikkaan mukavan ja turvallisen k\u00e4yt\u00f6n. Sen muuttaa helpommaksi kahden lujan ulosvedett\u00e4v\u00e4n nastan k\u00e4ytt\u00f6, jotka antavat k\u00e4ytt\u00e4j\u00e4lle mahdollisuuden s\u00e4\u00e4t\u00e4\u00e4 tikasta vaakatasoon. Jos tikas halutaan avata ahtaassa paikassa, sen voi tehd\u00e4 ilman tukijalkaa. Vahvistetut jalat nostavat tukijalan 45 mm korkeudelle siten, ett\u00e4 tikasta voi k\u00e4ytt\u00e4\u00e4 silloinkin, kun alla on kivi\u00e4 tai muita pieni\u00e4 esteit\u00e4.  Laipoin varustetut, uritetut ja ergonomiset puolat. Kolmivaiheinen laippaj\u00e4rjestelm\u00e4 (puolat kiinnitet\u00e4\u00e4n kerroksittaisella j\u00e4rjestelm\u00e4ll\u00e4) takaa pitk\u00e4n k\u00e4ytt\u00f6i\u00e4n: 1. ja 2. kehyksen sis\u00e4sivun turvotus, kehyksen ulkosivun rajaus ja 3. kehyksen sisuksen turvotus. Turvallinen ja helppo k\u00e4ytt\u00f6 varmistetaan k\u00e4ytt\u00e4j\u00e4lle latteilla puolilla ja seurauksena on suurempi hy\u00f6ty ja tuottavuus. Jalkapohjan painautumista ei tapahdu, kuten tavallisten nelikulmaisten puolien osalta, jotka muodostavat vinoneli\u00f6n muodon aiheuttavat k\u00e4yt\u00f6ss\u00e4 ep\u00e4mukavuutta.  TEKNISET OMINAISUUDET \u2022 Puolan et\u00e4isyys: 30 cm \u2022 Kantavuus: 150 kg \u2022 Puolien m\u00e4\u00e4r\u00e4: 6+7\u221213+14 \u2022 Alaosan leveys: 48,5 cm \u2022 Yl\u00e4osan leveys: 42,3 cm \u2022 Porrastikkaan korkeus: 2,10\u22124,10 m \u2022 Korkeus avattuna: 3,45\u22127,65 m  VAKIO-OSAT \u2022 P\u00e4\u00e4llystetyt latteat puolat \u2022 Liukupy\u00f6r\u00e4t \u2022 S\u00e4\u00e4dett\u00e4v\u00e4 tukijalka \u2022 Alumiininen avaamisj\u00e4rjestelm\u00e4 \u2022 Tanko, joka est\u00e4\u00e4 tikkaan hallitsematonta sulkeutumista ja avautumista \u2022 Liukumattomat kumijalat \u2022 Jatkamisen lukitseva mekanismi tikkan liikkumisen est\u00e4miseen turvallisuusrajan saavuttamisen j\u00e4lkeen \u2022 Yl\u00f6sp\u00e4in liikkumista est\u00e4v\u00e4 mekanismi \u2022 Kyltti ja kokoamis- ja k\u00e4ytt\u00f6ohje \u2022 L\u00e4mp\u00f6supistuva muovipakkaus kuvineen\" \/>\n<meta property=\"og:url\" content=\"https:\/\/fedemark.ee\/fi\/tuotteet\/suurikantokykyiset-tikkaat\/teleskooppitikkaat\/luxe-2\/\" \/>\n<meta property=\"og:site_name\" content=\"Fedemark\" \/>\n<meta property=\"article:modified_time\" content=\"2017-07-25T12:45:46+00:00\" \/>\n<meta property=\"og:image\" content=\"https:\/\/fedemark.ee\/wp-content\/uploads\/2017\/06\/LUXE-2-1.jpg\" \/>\n\t<meta property=\"og:image:width\" content=\"800\" \/>\n\t<meta property=\"og:image:height\" content=\"800\" \/>\n\t<meta property=\"og:image:type\" content=\"image\/jpeg\" \/>\n<meta name=\"twitter:card\" content=\"summary_large_image\" \/>\n<script type=\"application\/ld+json\" class=\"yoast-schema-graph\">{\"@context\":\"https:\/\/schema.org\",\"@graph\":[{\"@type\":\"WebPage\",\"@id\":\"https:\/\/fedemark.ee\/fi\/tuotteet\/suurikantokykyiset-tikkaat\/teleskooppitikkaat\/luxe-2\/\",\"url\":\"https:\/\/fedemark.ee\/fi\/tuotteet\/suurikantokykyiset-tikkaat\/teleskooppitikkaat\/luxe-2\/\",\"name\":\"Luxe 2 - Fedemark\",\"isPartOf\":{\"@id\":\"https:\/\/fedemark.ee\/#website\"},\"primaryImageOfPage\":{\"@id\":\"https:\/\/fedemark.ee\/fi\/tuotteet\/suurikantokykyiset-tikkaat\/teleskooppitikkaat\/luxe-2\/#primaryimage\"},\"image\":{\"@id\":\"https:\/\/fedemark.ee\/fi\/tuotteet\/suurikantokykyiset-tikkaat\/teleskooppitikkaat\/luxe-2\/#primaryimage\"},\"thumbnailUrl\":\"https:\/\/fedemark.ee\/wp-content\/uploads\/2017\/06\/LUXE-2-1.jpg\",\"datePublished\":\"2017-06-14T18:59:42+00:00\",\"dateModified\":\"2017-07-25T12:45:46+00:00\",\"breadcrumb\":{\"@id\":\"https:\/\/fedemark.ee\/fi\/tuotteet\/suurikantokykyiset-tikkaat\/teleskooppitikkaat\/luxe-2\/#breadcrumb\"},\"inLanguage\":\"fi-FI\",\"potentialAction\":[{\"@type\":\"ReadAction\",\"target\":[\"https:\/\/fedemark.ee\/fi\/tuotteet\/suurikantokykyiset-tikkaat\/teleskooppitikkaat\/luxe-2\/\"]}]},{\"@type\":\"ImageObject\",\"inLanguage\":\"fi-FI\",\"@id\":\"https:\/\/fedemark.ee\/fi\/tuotteet\/suurikantokykyiset-tikkaat\/teleskooppitikkaat\/luxe-2\/#primaryimage\",\"url\":\"https:\/\/fedemark.ee\/wp-content\/uploads\/2017\/06\/LUXE-2-1.jpg\",\"contentUrl\":\"https:\/\/fedemark.ee\/wp-content\/uploads\/2017\/06\/LUXE-2-1.jpg\",\"width\":800,\"height\":800},{\"@type\":\"BreadcrumbList\",\"@id\":\"https:\/\/fedemark.ee\/fi\/tuotteet\/suurikantokykyiset-tikkaat\/teleskooppitikkaat\/luxe-2\/#breadcrumb\",\"itemListElement\":[{\"@type\":\"ListItem\",\"position\":1,\"name\":\"Home\",\"item\":\"https:\/\/fedemark.ee\/fi\/\"},{\"@type\":\"ListItem\",\"position\":2,\"name\":\"Tuotteet\",\"item\":\"https:\/\/fedemark.ee\/fi\/tuotteet\/\"},{\"@type\":\"ListItem\",\"position\":3,\"name\":\"Luxe 2\"}]},{\"@type\":\"WebSite\",\"@id\":\"https:\/\/fedemark.ee\/#website\",\"url\":\"https:\/\/fedemark.ee\/\",\"name\":\"Fedemark\",\"description\":\"Redelid, Tellingud, T\u00f6\u00f6platvormid ja vahekorrused\",\"potentialAction\":[{\"@type\":\"SearchAction\",\"target\":{\"@type\":\"EntryPoint\",\"urlTemplate\":\"https:\/\/fedemark.ee\/?s={search_term_string}\"},\"query-input\":\"required name=search_term_string\"}],\"inLanguage\":\"fi-FI\"}]}<\/script>\n<!-- \/ Yoast SEO plugin. -->","yoast_head_json":{"title":"Luxe 2 - Fedemark","robots":{"index":"index","follow":"follow","max-snippet":"max-snippet:-1","max-image-preview":"max-image-preview:large","max-video-preview":"max-video-preview:-1"},"canonical":"https:\/\/fedemark.ee\/fi\/tuotteet\/suurikantokykyiset-tikkaat\/teleskooppitikkaat\/luxe-2\/","og_locale":"fi_FI","og_type":"article","og_title":"Luxe 2 - Fedemark","og_description":"Kaksiosainen auki ty\u00f6nnett\u00e4v\u00e4 tikas ja porrastikas, sopii k\u00e4ytett\u00e4v\u00e4ksi portailla, mukava kiivet\u00e4  Tikas on varustettu s\u00e4\u00e4dett\u00e4v\u00e4ll\u00e4 tukijalalla ja liukupy\u00f6rill\u00e4, kun sit\u00e4 k\u00e4ytet\u00e4\u00e4n sein\u00e4\u00e4n tukeutuvana tikkaana.  Kest\u00e4vien tikkaiden De Luxe -sarja on valmistettu korkealaatuisesta puristetusta alumiiniprofiilista, valmistettu t\u00e4ydennettyn\u00e4 automaattisella rajausmenetelm\u00e4ll\u00e4 (jossa puolat kiinnitet\u00e4\u00e4n tikasprofiileihin kerroksittaisella menetelm\u00e4ll\u00e4), joka takaa hyv\u00e4n lujuuden ja pitk\u00e4n k\u00e4ytt\u00f6i\u00e4n. Tikas vastaa eurooppalaista standardia EN131.  Patentoitu s\u00e4\u00e4dett\u00e4v\u00e4 tukijalka, joka kuuluu Luxe 2:n vakiovarusteisiin. Se on uusi, lujasta mutta kevyest\u00e4 alumiinista rakennettu j\u00e4rjestelm\u00e4, joka mahdollistaa s\u00e4\u00e4t\u00e4misen ep\u00e4takaisella pinnalla ja tasapainottaa ep\u00e4tasaisten pintojen vaikutuksen ja takaa tikkaan mukavan ja turvallisen k\u00e4yt\u00f6n. Sen muuttaa helpommaksi kahden lujan ulosvedett\u00e4v\u00e4n nastan k\u00e4ytt\u00f6, jotka antavat k\u00e4ytt\u00e4j\u00e4lle mahdollisuuden s\u00e4\u00e4t\u00e4\u00e4 tikasta vaakatasoon. Jos tikas halutaan avata ahtaassa paikassa, sen voi tehd\u00e4 ilman tukijalkaa. Vahvistetut jalat nostavat tukijalan 45 mm korkeudelle siten, ett\u00e4 tikasta voi k\u00e4ytt\u00e4\u00e4 silloinkin, kun alla on kivi\u00e4 tai muita pieni\u00e4 esteit\u00e4.  Laipoin varustetut, uritetut ja ergonomiset puolat. Kolmivaiheinen laippaj\u00e4rjestelm\u00e4 (puolat kiinnitet\u00e4\u00e4n kerroksittaisella j\u00e4rjestelm\u00e4ll\u00e4) takaa pitk\u00e4n k\u00e4ytt\u00f6i\u00e4n: 1. ja 2. kehyksen sis\u00e4sivun turvotus, kehyksen ulkosivun rajaus ja 3. kehyksen sisuksen turvotus. Turvallinen ja helppo k\u00e4ytt\u00f6 varmistetaan k\u00e4ytt\u00e4j\u00e4lle latteilla puolilla ja seurauksena on suurempi hy\u00f6ty ja tuottavuus. Jalkapohjan painautumista ei tapahdu, kuten tavallisten nelikulmaisten puolien osalta, jotka muodostavat vinoneli\u00f6n muodon aiheuttavat k\u00e4yt\u00f6ss\u00e4 ep\u00e4mukavuutta.  TEKNISET OMINAISUUDET \u2022 Puolan et\u00e4isyys: 30 cm \u2022 Kantavuus: 150 kg \u2022 Puolien m\u00e4\u00e4r\u00e4: 6+7\u221213+14 \u2022 Alaosan leveys: 48,5 cm \u2022 Yl\u00e4osan leveys: 42,3 cm \u2022 Porrastikkaan korkeus: 2,10\u22124,10 m \u2022 Korkeus avattuna: 3,45\u22127,65 m  VAKIO-OSAT \u2022 P\u00e4\u00e4llystetyt latteat puolat \u2022 Liukupy\u00f6r\u00e4t \u2022 S\u00e4\u00e4dett\u00e4v\u00e4 tukijalka \u2022 Alumiininen avaamisj\u00e4rjestelm\u00e4 \u2022 Tanko, joka est\u00e4\u00e4 tikkaan hallitsematonta sulkeutumista ja avautumista \u2022 Liukumattomat kumijalat \u2022 Jatkamisen lukitseva mekanismi tikkan liikkumisen est\u00e4miseen turvallisuusrajan saavuttamisen j\u00e4lkeen \u2022 Yl\u00f6sp\u00e4in liikkumista est\u00e4v\u00e4 mekanismi \u2022 Kyltti ja kokoamis- ja k\u00e4ytt\u00f6ohje \u2022 L\u00e4mp\u00f6supistuva muovipakkaus kuvineen","og_url":"https:\/\/fedemark.ee\/fi\/tuotteet\/suurikantokykyiset-tikkaat\/teleskooppitikkaat\/luxe-2\/","og_site_name":"Fedemark","article_modified_time":"2017-07-25T12:45:46+00:00","og_image":[{"width":800,"height":800,"url":"https:\/\/fedemark.ee\/wp-content\/uploads\/2017\/06\/LUXE-2-1.jpg","type":"image\/jpeg"}],"twitter_card":"summary_large_image","schema":{"@context":"https:\/\/schema.org","@graph":[{"@type":"WebPage","@id":"https:\/\/fedemark.ee\/fi\/tuotteet\/suurikantokykyiset-tikkaat\/teleskooppitikkaat\/luxe-2\/","url":"https:\/\/fedemark.ee\/fi\/tuotteet\/suurikantokykyiset-tikkaat\/teleskooppitikkaat\/luxe-2\/","name":"Luxe 2 - Fedemark","isPartOf":{"@id":"https:\/\/fedemark.ee\/#website"},"primaryImageOfPage":{"@id":"https:\/\/fedemark.ee\/fi\/tuotteet\/suurikantokykyiset-tikkaat\/teleskooppitikkaat\/luxe-2\/#primaryimage"},"image":{"@id":"https:\/\/fedemark.ee\/fi\/tuotteet\/suurikantokykyiset-tikkaat\/teleskooppitikkaat\/luxe-2\/#primaryimage"},"thumbnailUrl":"https:\/\/fedemark.ee\/wp-content\/uploads\/2017\/06\/LUXE-2-1.jpg","datePublished":"2017-06-14T18:59:42+00:00","dateModified":"2017-07-25T12:45:46+00:00","breadcrumb":{"@id":"https:\/\/fedemark.ee\/fi\/tuotteet\/suurikantokykyiset-tikkaat\/teleskooppitikkaat\/luxe-2\/#breadcrumb"},"inLanguage":"fi-FI","potentialAction":[{"@type":"ReadAction","target":["https:\/\/fedemark.ee\/fi\/tuotteet\/suurikantokykyiset-tikkaat\/teleskooppitikkaat\/luxe-2\/"]}]},{"@type":"ImageObject","inLanguage":"fi-FI","@id":"https:\/\/fedemark.ee\/fi\/tuotteet\/suurikantokykyiset-tikkaat\/teleskooppitikkaat\/luxe-2\/#primaryimage","url":"https:\/\/fedemark.ee\/wp-content\/uploads\/2017\/06\/LUXE-2-1.jpg","contentUrl":"https:\/\/fedemark.ee\/wp-content\/uploads\/2017\/06\/LUXE-2-1.jpg","width":800,"height":800},{"@type":"BreadcrumbList","@id":"https:\/\/fedemark.ee\/fi\/tuotteet\/suurikantokykyiset-tikkaat\/teleskooppitikkaat\/luxe-2\/#breadcrumb","itemListElement":[{"@type":"ListItem","position":1,"name":"Home","item":"https:\/\/fedemark.ee\/fi\/"},{"@type":"ListItem","position":2,"name":"Tuotteet","item":"https:\/\/fedemark.ee\/fi\/tuotteet\/"},{"@type":"ListItem","position":3,"name":"Luxe 2"}]},{"@type":"WebSite","@id":"https:\/\/fedemark.ee\/#website","url":"https:\/\/fedemark.ee\/","name":"Fedemark","description":"Redelid, Tellingud, T\u00f6\u00f6platvormid ja vahekorrused","potentialAction":[{"@type":"SearchAction","target":{"@type":"EntryPoint","urlTemplate":"https:\/\/fedemark.ee\/?s={search_term_string}"},"query-input":"required name=search_term_string"}],"inLanguage":"fi-FI"}]}},"_links":{"self":[{"href":"https:\/\/fedemark.ee\/fi\/wp-json\/wp\/v2\/product\/7306"}],"collection":[{"href":"https:\/\/fedemark.ee\/fi\/wp-json\/wp\/v2\/product"}],"about":[{"href":"https:\/\/fedemark.ee\/fi\/wp-json\/wp\/v2\/types\/product"}],"replies":[{"embeddable":true,"href":"https:\/\/fedemark.ee\/fi\/wp-json\/wp\/v2\/comments?post=7306"}],"version-history":[{"count":0,"href":"https:\/\/fedemark.ee\/fi\/wp-json\/wp\/v2\/product\/7306\/revisions"}],"wp:featuredmedia":[{"embeddable":true,"href":"https:\/\/fedemark.ee\/fi\/wp-json\/wp\/v2\/media\/8932"}],"wp:attachment":[{"href":"https:\/\/fedemark.ee\/fi\/wp-json\/wp\/v2\/media?parent=7306"}],"wp:term":[{"taxonomy":"product_cat","embeddable":true,"href":"https:\/\/fedemark.ee\/fi\/wp-json\/wp\/v2\/product_cat?post=7306"},{"taxonomy":"product_tag","embeddable":true,"href":"https:\/\/fedemark.ee\/fi\/wp-json\/wp\/v2\/product_tag?post=7306"}],"curies":[{"name":"wp","href":"https:\/\/api.w.org\/{rel}","templated":true}]}}