{"id":7308,"date":"2017-06-15T09:27:12","date_gmt":"2017-06-15T09:27:12","guid":{"rendered":"https:\/\/sharks.ee\/fedemark\/shop\/uncategorized\/agricola\/"},"modified":"2017-07-25T12:50:05","modified_gmt":"2017-07-25T12:50:05","slug":"agricola","status":"publish","type":"product","link":"https:\/\/fedemark.ee\/fi\/tuotteet\/suurikantokykyiset-tikkaat\/maataloustikkaat\/agricola\/","title":{"rendered":"Agricola"},"content":{"rendered":"","protected":false},"excerpt":{"rendered":"<p><em>Yksiosaiset tikkaat.<\/em><\/p>\n<p>Farmi-sarjaan kuuluvat tikkaat on suunniteltu maatalouteen sopiviksi (hedelmien poiminta tai oksien leikkaaminen).<br \/>\nTikkaat ovat puristettua alumiiniprofiilia. Tikkaat on varustettu kaventuvalla kehyksell\u00e4 ja liukumattomilla puolilla, jotka on kiinnitetty itselukkiutuvilla ruuveilla. Vaurioituneet puolat voi helposti vaihtaa.<br \/>\nKaventuva muoto mahdollistaa tikkaiden turvallisen tukemisen puun runkoa vasten.<br \/>\nTEKNISET OMINAISUUDET<br \/>\n\u2022 Portaan et\u00e4isyys: 28 cm<br \/>\n\u2022 Kantavuus: 100 kg<br \/>\n\u2022 Puolien m\u00e4\u00e4r\u00e4: 8\u221218<br \/>\n\u2022 Korkeudet: 2,40\u22125,20 m<\/p>\n<p>VAKIO-OSAT<br \/>\n\u2022 Liukumattomat kumijalat<br \/>\n\u2022 Kyltti ja asennus- ja k\u00e4ytt\u00f6ohje<\/p>\n<p>Lis\u00e4varusteet: ter\u00e4v\u00e4p\u00e4iset jalat tikkaan asentamiseksi maahan<\/p>\n","protected":false},"featured_media":5943,"comment_status":"open","ping_status":"closed","template":"","meta":{"footnotes":""},"product_cat":[184,205],"product_tag":[],"yoast_head":"<!-- This site is optimized with the Yoast SEO plugin v22.6 - https:\/\/yoast.com\/wordpress\/plugins\/seo\/ -->\n<title>Agricola - Fedemark<\/title>\n<meta name=\"robots\" content=\"index, follow, max-snippet:-1, max-image-preview:large, max-video-preview:-1\" \/>\n<link rel=\"canonical\" href=\"https:\/\/fedemark.ee\/fi\/tuotteet\/suurikantokykyiset-tikkaat\/maataloustikkaat\/agricola\/\" \/>\n<meta property=\"og:locale\" content=\"fi_FI\" \/>\n<meta property=\"og:type\" content=\"article\" \/>\n<meta property=\"og:title\" content=\"Agricola - Fedemark\" \/>\n<meta property=\"og:description\" content=\"Yksiosaiset tikkaat.  Farmi-sarjaan kuuluvat tikkaat on suunniteltu maatalouteen sopiviksi (hedelmien poiminta tai oksien leikkaaminen). Tikkaat ovat puristettua alumiiniprofiilia. Tikkaat on varustettu kaventuvalla kehyksell\u00e4 ja liukumattomilla puolilla, jotka on kiinnitetty itselukkiutuvilla ruuveilla. Vaurioituneet puolat voi helposti vaihtaa. Kaventuva muoto mahdollistaa tikkaiden turvallisen tukemisen puun runkoa vasten. TEKNISET OMINAISUUDET \u2022 Portaan et\u00e4isyys: 28 cm \u2022 Kantavuus: 100 kg \u2022 Puolien m\u00e4\u00e4r\u00e4: 8\u221218 \u2022 Korkeudet: 2,40\u22125,20 m  VAKIO-OSAT \u2022 Liukumattomat kumijalat \u2022 Kyltti ja asennus- ja k\u00e4ytt\u00f6ohje  Lis\u00e4varusteet: ter\u00e4v\u00e4p\u00e4iset jalat tikkaan asentamiseksi maahan\" \/>\n<meta property=\"og:url\" content=\"https:\/\/fedemark.ee\/fi\/tuotteet\/suurikantokykyiset-tikkaat\/maataloustikkaat\/agricola\/\" \/>\n<meta property=\"og:site_name\" content=\"Fedemark\" \/>\n<meta property=\"article:modified_time\" content=\"2017-07-25T12:50:05+00:00\" \/>\n<meta property=\"og:image\" content=\"https:\/\/fedemark.ee\/wp-content\/uploads\/2017\/06\/Agricola.jpg\" \/>\n\t<meta property=\"og:image:width\" content=\"1085\" \/>\n\t<meta property=\"og:image:height\" content=\"1404\" \/>\n\t<meta property=\"og:image:type\" content=\"image\/jpeg\" \/>\n<meta name=\"twitter:card\" content=\"summary_large_image\" \/>\n<script type=\"application\/ld+json\" class=\"yoast-schema-graph\">{\"@context\":\"https:\/\/schema.org\",\"@graph\":[{\"@type\":\"WebPage\",\"@id\":\"https:\/\/fedemark.ee\/fi\/tuotteet\/suurikantokykyiset-tikkaat\/maataloustikkaat\/agricola\/\",\"url\":\"https:\/\/fedemark.ee\/fi\/tuotteet\/suurikantokykyiset-tikkaat\/maataloustikkaat\/agricola\/\",\"name\":\"Agricola - Fedemark\",\"isPartOf\":{\"@id\":\"https:\/\/fedemark.ee\/#website\"},\"primaryImageOfPage\":{\"@id\":\"https:\/\/fedemark.ee\/fi\/tuotteet\/suurikantokykyiset-tikkaat\/maataloustikkaat\/agricola\/#primaryimage\"},\"image\":{\"@id\":\"https:\/\/fedemark.ee\/fi\/tuotteet\/suurikantokykyiset-tikkaat\/maataloustikkaat\/agricola\/#primaryimage\"},\"thumbnailUrl\":\"https:\/\/fedemark.ee\/wp-content\/uploads\/2017\/06\/Agricola.jpg\",\"datePublished\":\"2017-06-15T09:27:12+00:00\",\"dateModified\":\"2017-07-25T12:50:05+00:00\",\"breadcrumb\":{\"@id\":\"https:\/\/fedemark.ee\/fi\/tuotteet\/suurikantokykyiset-tikkaat\/maataloustikkaat\/agricola\/#breadcrumb\"},\"inLanguage\":\"fi-FI\",\"potentialAction\":[{\"@type\":\"ReadAction\",\"target\":[\"https:\/\/fedemark.ee\/fi\/tuotteet\/suurikantokykyiset-tikkaat\/maataloustikkaat\/agricola\/\"]}]},{\"@type\":\"ImageObject\",\"inLanguage\":\"fi-FI\",\"@id\":\"https:\/\/fedemark.ee\/fi\/tuotteet\/suurikantokykyiset-tikkaat\/maataloustikkaat\/agricola\/#primaryimage\",\"url\":\"https:\/\/fedemark.ee\/wp-content\/uploads\/2017\/06\/Agricola.jpg\",\"contentUrl\":\"https:\/\/fedemark.ee\/wp-content\/uploads\/2017\/06\/Agricola.jpg\",\"width\":1085,\"height\":1404},{\"@type\":\"BreadcrumbList\",\"@id\":\"https:\/\/fedemark.ee\/fi\/tuotteet\/suurikantokykyiset-tikkaat\/maataloustikkaat\/agricola\/#breadcrumb\",\"itemListElement\":[{\"@type\":\"ListItem\",\"position\":1,\"name\":\"Home\",\"item\":\"https:\/\/fedemark.ee\/fi\/\"},{\"@type\":\"ListItem\",\"position\":2,\"name\":\"Tuotteet\",\"item\":\"https:\/\/fedemark.ee\/fi\/tuotteet\/\"},{\"@type\":\"ListItem\",\"position\":3,\"name\":\"Agricola\"}]},{\"@type\":\"WebSite\",\"@id\":\"https:\/\/fedemark.ee\/#website\",\"url\":\"https:\/\/fedemark.ee\/\",\"name\":\"Fedemark\",\"description\":\"Redelid, Tellingud, T\u00f6\u00f6platvormid ja vahekorrused\",\"potentialAction\":[{\"@type\":\"SearchAction\",\"target\":{\"@type\":\"EntryPoint\",\"urlTemplate\":\"https:\/\/fedemark.ee\/?s={search_term_string}\"},\"query-input\":\"required name=search_term_string\"}],\"inLanguage\":\"fi-FI\"}]}<\/script>\n<!-- \/ Yoast SEO plugin. -->","yoast_head_json":{"title":"Agricola - Fedemark","robots":{"index":"index","follow":"follow","max-snippet":"max-snippet:-1","max-image-preview":"max-image-preview:large","max-video-preview":"max-video-preview:-1"},"canonical":"https:\/\/fedemark.ee\/fi\/tuotteet\/suurikantokykyiset-tikkaat\/maataloustikkaat\/agricola\/","og_locale":"fi_FI","og_type":"article","og_title":"Agricola - Fedemark","og_description":"Yksiosaiset tikkaat.  Farmi-sarjaan kuuluvat tikkaat on suunniteltu maatalouteen sopiviksi (hedelmien poiminta tai oksien leikkaaminen). Tikkaat ovat puristettua alumiiniprofiilia. Tikkaat on varustettu kaventuvalla kehyksell\u00e4 ja liukumattomilla puolilla, jotka on kiinnitetty itselukkiutuvilla ruuveilla. Vaurioituneet puolat voi helposti vaihtaa. Kaventuva muoto mahdollistaa tikkaiden turvallisen tukemisen puun runkoa vasten. TEKNISET OMINAISUUDET \u2022 Portaan et\u00e4isyys: 28 cm \u2022 Kantavuus: 100 kg \u2022 Puolien m\u00e4\u00e4r\u00e4: 8\u221218 \u2022 Korkeudet: 2,40\u22125,20 m  VAKIO-OSAT \u2022 Liukumattomat kumijalat \u2022 Kyltti ja asennus- ja k\u00e4ytt\u00f6ohje  Lis\u00e4varusteet: ter\u00e4v\u00e4p\u00e4iset jalat tikkaan asentamiseksi maahan","og_url":"https:\/\/fedemark.ee\/fi\/tuotteet\/suurikantokykyiset-tikkaat\/maataloustikkaat\/agricola\/","og_site_name":"Fedemark","article_modified_time":"2017-07-25T12:50:05+00:00","og_image":[{"width":1085,"height":1404,"url":"https:\/\/fedemark.ee\/wp-content\/uploads\/2017\/06\/Agricola.jpg","type":"image\/jpeg"}],"twitter_card":"summary_large_image","schema":{"@context":"https:\/\/schema.org","@graph":[{"@type":"WebPage","@id":"https:\/\/fedemark.ee\/fi\/tuotteet\/suurikantokykyiset-tikkaat\/maataloustikkaat\/agricola\/","url":"https:\/\/fedemark.ee\/fi\/tuotteet\/suurikantokykyiset-tikkaat\/maataloustikkaat\/agricola\/","name":"Agricola - Fedemark","isPartOf":{"@id":"https:\/\/fedemark.ee\/#website"},"primaryImageOfPage":{"@id":"https:\/\/fedemark.ee\/fi\/tuotteet\/suurikantokykyiset-tikkaat\/maataloustikkaat\/agricola\/#primaryimage"},"image":{"@id":"https:\/\/fedemark.ee\/fi\/tuotteet\/suurikantokykyiset-tikkaat\/maataloustikkaat\/agricola\/#primaryimage"},"thumbnailUrl":"https:\/\/fedemark.ee\/wp-content\/uploads\/2017\/06\/Agricola.jpg","datePublished":"2017-06-15T09:27:12+00:00","dateModified":"2017-07-25T12:50:05+00:00","breadcrumb":{"@id":"https:\/\/fedemark.ee\/fi\/tuotteet\/suurikantokykyiset-tikkaat\/maataloustikkaat\/agricola\/#breadcrumb"},"inLanguage":"fi-FI","potentialAction":[{"@type":"ReadAction","target":["https:\/\/fedemark.ee\/fi\/tuotteet\/suurikantokykyiset-tikkaat\/maataloustikkaat\/agricola\/"]}]},{"@type":"ImageObject","inLanguage":"fi-FI","@id":"https:\/\/fedemark.ee\/fi\/tuotteet\/suurikantokykyiset-tikkaat\/maataloustikkaat\/agricola\/#primaryimage","url":"https:\/\/fedemark.ee\/wp-content\/uploads\/2017\/06\/Agricola.jpg","contentUrl":"https:\/\/fedemark.ee\/wp-content\/uploads\/2017\/06\/Agricola.jpg","width":1085,"height":1404},{"@type":"BreadcrumbList","@id":"https:\/\/fedemark.ee\/fi\/tuotteet\/suurikantokykyiset-tikkaat\/maataloustikkaat\/agricola\/#breadcrumb","itemListElement":[{"@type":"ListItem","position":1,"name":"Home","item":"https:\/\/fedemark.ee\/fi\/"},{"@type":"ListItem","position":2,"name":"Tuotteet","item":"https:\/\/fedemark.ee\/fi\/tuotteet\/"},{"@type":"ListItem","position":3,"name":"Agricola"}]},{"@type":"WebSite","@id":"https:\/\/fedemark.ee\/#website","url":"https:\/\/fedemark.ee\/","name":"Fedemark","description":"Redelid, Tellingud, T\u00f6\u00f6platvormid ja vahekorrused","potentialAction":[{"@type":"SearchAction","target":{"@type":"EntryPoint","urlTemplate":"https:\/\/fedemark.ee\/?s={search_term_string}"},"query-input":"required name=search_term_string"}],"inLanguage":"fi-FI"}]}},"_links":{"self":[{"href":"https:\/\/fedemark.ee\/fi\/wp-json\/wp\/v2\/product\/7308"}],"collection":[{"href":"https:\/\/fedemark.ee\/fi\/wp-json\/wp\/v2\/product"}],"about":[{"href":"https:\/\/fedemark.ee\/fi\/wp-json\/wp\/v2\/types\/product"}],"replies":[{"embeddable":true,"href":"https:\/\/fedemark.ee\/fi\/wp-json\/wp\/v2\/comments?post=7308"}],"version-history":[{"count":0,"href":"https:\/\/fedemark.ee\/fi\/wp-json\/wp\/v2\/product\/7308\/revisions"}],"wp:featuredmedia":[{"embeddable":true,"href":"https:\/\/fedemark.ee\/fi\/wp-json\/wp\/v2\/media\/5943"}],"wp:attachment":[{"href":"https:\/\/fedemark.ee\/fi\/wp-json\/wp\/v2\/media?parent=7308"}],"wp:term":[{"taxonomy":"product_cat","embeddable":true,"href":"https:\/\/fedemark.ee\/fi\/wp-json\/wp\/v2\/product_cat?post=7308"},{"taxonomy":"product_tag","embeddable":true,"href":"https:\/\/fedemark.ee\/fi\/wp-json\/wp\/v2\/product_tag?post=7308"}],"curies":[{"name":"wp","href":"https:\/\/api.w.org\/{rel}","templated":true}]}}