{"id":7309,"date":"2017-06-15T09:34:01","date_gmt":"2017-06-15T09:34:01","guid":{"rendered":"https:\/\/sharks.ee\/fedemark\/shop\/uncategorized\/agriluxe\/"},"modified":"2017-07-25T12:52:02","modified_gmt":"2017-07-25T12:52:02","slug":"agriluxe","status":"publish","type":"product","link":"https:\/\/fedemark.ee\/fi\/tuotteet\/suurikantokykyiset-tikkaat\/maataloustikkaat\/agriluxe\/","title":{"rendered":"Agriluxe"},"content":{"rendered":"","protected":false},"excerpt":{"rendered":"<p><em>Yksipuoliset porrastikkaat tukijalan kanssa<\/em><\/p>\n<p>Farmi-sarjaan kuuluvat tikkaat on suunniteltu maatalouteen sopiviksi (hedelmien poiminta tai oksien leikkaaminen).<br \/>\nTikkaat ovat puristettua alumiiniprofiilia. Tikkaat on varustettu kaventuvalla kehyksell\u00e4 ja tukijalalla, joka mahdollistaa niiden k\u00e4yt\u00f6n porrastikkaina. Tikkaat voi tukea my\u00f6s puun runkoa vasten.<br \/>\nLiukumattomat puolat on hitsattu lujasti kehykseen.<br \/>\nKaventuva kehys mahdollistaa oksien v\u00e4liss\u00e4 ty\u00f6skentelyn. Tukijalan ter\u00e4v\u00e4 jalka kiinnittyy maahan ja pit\u00e4\u00e4 tikkaat tukevasti pystyss\u00e4.<\/p>\n<p>TEKNISET OMINAISUUDET<br \/>\n\u2022 Puolien m\u00e4\u00e4r\u00e4: 8\u221214<br \/>\n\u2022 Portaan et\u00e4isyys: 28 cm<br \/>\n\u2022 Kantavuus: 100 kg<br \/>\n\u2022 Porrastikkaiden korkeus: 2,30\u22123,90 m<\/p>\n<p>VAKIO-OSAT<br \/>\n\u2022 Liukumattomat kumijalat<br \/>\n\u2022\u00a0Ter\u00e4jalkainen tukijalka<br \/>\n\u2022 Kyltti ja asennus- ja k\u00e4ytt\u00f6ohje<\/p>\n<p>Lis\u00e4varusteet: ter\u00e4v\u00e4p\u00e4iset jalat tikkaiden asentamiseen maahan<\/p>\n","protected":false},"featured_media":8896,"comment_status":"open","ping_status":"closed","template":"","meta":{"footnotes":""},"product_cat":[184,205],"product_tag":[],"yoast_head":"<!-- This site is optimized with the Yoast SEO plugin v22.6 - https:\/\/yoast.com\/wordpress\/plugins\/seo\/ -->\n<title>Agriluxe - Fedemark<\/title>\n<meta name=\"robots\" content=\"index, follow, max-snippet:-1, max-image-preview:large, max-video-preview:-1\" \/>\n<link rel=\"canonical\" href=\"https:\/\/fedemark.ee\/fi\/tuotteet\/suurikantokykyiset-tikkaat\/maataloustikkaat\/agriluxe\/\" \/>\n<meta property=\"og:locale\" content=\"fi_FI\" \/>\n<meta property=\"og:type\" content=\"article\" \/>\n<meta property=\"og:title\" content=\"Agriluxe - Fedemark\" \/>\n<meta property=\"og:description\" content=\"Yksipuoliset porrastikkaat tukijalan kanssa  Farmi-sarjaan kuuluvat tikkaat on suunniteltu maatalouteen sopiviksi (hedelmien poiminta tai oksien leikkaaminen). Tikkaat ovat puristettua alumiiniprofiilia. Tikkaat on varustettu kaventuvalla kehyksell\u00e4 ja tukijalalla, joka mahdollistaa niiden k\u00e4yt\u00f6n porrastikkaina. Tikkaat voi tukea my\u00f6s puun runkoa vasten. Liukumattomat puolat on hitsattu lujasti kehykseen. Kaventuva kehys mahdollistaa oksien v\u00e4liss\u00e4 ty\u00f6skentelyn. Tukijalan ter\u00e4v\u00e4 jalka kiinnittyy maahan ja pit\u00e4\u00e4 tikkaat tukevasti pystyss\u00e4.  TEKNISET OMINAISUUDET \u2022 Puolien m\u00e4\u00e4r\u00e4: 8\u221214 \u2022 Portaan et\u00e4isyys: 28 cm \u2022 Kantavuus: 100 kg \u2022 Porrastikkaiden korkeus: 2,30\u22123,90 m  VAKIO-OSAT \u2022 Liukumattomat kumijalat \u2022\u00a0Ter\u00e4jalkainen tukijalka \u2022 Kyltti ja asennus- ja k\u00e4ytt\u00f6ohje  Lis\u00e4varusteet: ter\u00e4v\u00e4p\u00e4iset jalat tikkaiden asentamiseen maahan\" \/>\n<meta property=\"og:url\" content=\"https:\/\/fedemark.ee\/fi\/tuotteet\/suurikantokykyiset-tikkaat\/maataloustikkaat\/agriluxe\/\" \/>\n<meta property=\"og:site_name\" content=\"Fedemark\" \/>\n<meta property=\"article:modified_time\" content=\"2017-07-25T12:52:02+00:00\" \/>\n<meta property=\"og:image\" content=\"https:\/\/fedemark.ee\/wp-content\/uploads\/2017\/06\/Agriluxe-1.jpg\" \/>\n\t<meta property=\"og:image:width\" content=\"800\" \/>\n\t<meta property=\"og:image:height\" content=\"800\" \/>\n\t<meta property=\"og:image:type\" content=\"image\/jpeg\" \/>\n<meta name=\"twitter:card\" content=\"summary_large_image\" \/>\n<script type=\"application\/ld+json\" class=\"yoast-schema-graph\">{\"@context\":\"https:\/\/schema.org\",\"@graph\":[{\"@type\":\"WebPage\",\"@id\":\"https:\/\/fedemark.ee\/fi\/tuotteet\/suurikantokykyiset-tikkaat\/maataloustikkaat\/agriluxe\/\",\"url\":\"https:\/\/fedemark.ee\/fi\/tuotteet\/suurikantokykyiset-tikkaat\/maataloustikkaat\/agriluxe\/\",\"name\":\"Agriluxe - Fedemark\",\"isPartOf\":{\"@id\":\"https:\/\/fedemark.ee\/#website\"},\"primaryImageOfPage\":{\"@id\":\"https:\/\/fedemark.ee\/fi\/tuotteet\/suurikantokykyiset-tikkaat\/maataloustikkaat\/agriluxe\/#primaryimage\"},\"image\":{\"@id\":\"https:\/\/fedemark.ee\/fi\/tuotteet\/suurikantokykyiset-tikkaat\/maataloustikkaat\/agriluxe\/#primaryimage\"},\"thumbnailUrl\":\"https:\/\/fedemark.ee\/wp-content\/uploads\/2017\/06\/Agriluxe-1.jpg\",\"datePublished\":\"2017-06-15T09:34:01+00:00\",\"dateModified\":\"2017-07-25T12:52:02+00:00\",\"breadcrumb\":{\"@id\":\"https:\/\/fedemark.ee\/fi\/tuotteet\/suurikantokykyiset-tikkaat\/maataloustikkaat\/agriluxe\/#breadcrumb\"},\"inLanguage\":\"fi-FI\",\"potentialAction\":[{\"@type\":\"ReadAction\",\"target\":[\"https:\/\/fedemark.ee\/fi\/tuotteet\/suurikantokykyiset-tikkaat\/maataloustikkaat\/agriluxe\/\"]}]},{\"@type\":\"ImageObject\",\"inLanguage\":\"fi-FI\",\"@id\":\"https:\/\/fedemark.ee\/fi\/tuotteet\/suurikantokykyiset-tikkaat\/maataloustikkaat\/agriluxe\/#primaryimage\",\"url\":\"https:\/\/fedemark.ee\/wp-content\/uploads\/2017\/06\/Agriluxe-1.jpg\",\"contentUrl\":\"https:\/\/fedemark.ee\/wp-content\/uploads\/2017\/06\/Agriluxe-1.jpg\",\"width\":800,\"height\":800},{\"@type\":\"BreadcrumbList\",\"@id\":\"https:\/\/fedemark.ee\/fi\/tuotteet\/suurikantokykyiset-tikkaat\/maataloustikkaat\/agriluxe\/#breadcrumb\",\"itemListElement\":[{\"@type\":\"ListItem\",\"position\":1,\"name\":\"Home\",\"item\":\"https:\/\/fedemark.ee\/fi\/\"},{\"@type\":\"ListItem\",\"position\":2,\"name\":\"Tuotteet\",\"item\":\"https:\/\/fedemark.ee\/fi\/tuotteet\/\"},{\"@type\":\"ListItem\",\"position\":3,\"name\":\"Agriluxe\"}]},{\"@type\":\"WebSite\",\"@id\":\"https:\/\/fedemark.ee\/#website\",\"url\":\"https:\/\/fedemark.ee\/\",\"name\":\"Fedemark\",\"description\":\"Redelid, Tellingud, T\u00f6\u00f6platvormid ja vahekorrused\",\"potentialAction\":[{\"@type\":\"SearchAction\",\"target\":{\"@type\":\"EntryPoint\",\"urlTemplate\":\"https:\/\/fedemark.ee\/?s={search_term_string}\"},\"query-input\":\"required name=search_term_string\"}],\"inLanguage\":\"fi-FI\"}]}<\/script>\n<!-- \/ Yoast SEO plugin. -->","yoast_head_json":{"title":"Agriluxe - Fedemark","robots":{"index":"index","follow":"follow","max-snippet":"max-snippet:-1","max-image-preview":"max-image-preview:large","max-video-preview":"max-video-preview:-1"},"canonical":"https:\/\/fedemark.ee\/fi\/tuotteet\/suurikantokykyiset-tikkaat\/maataloustikkaat\/agriluxe\/","og_locale":"fi_FI","og_type":"article","og_title":"Agriluxe - Fedemark","og_description":"Yksipuoliset porrastikkaat tukijalan kanssa  Farmi-sarjaan kuuluvat tikkaat on suunniteltu maatalouteen sopiviksi (hedelmien poiminta tai oksien leikkaaminen). Tikkaat ovat puristettua alumiiniprofiilia. Tikkaat on varustettu kaventuvalla kehyksell\u00e4 ja tukijalalla, joka mahdollistaa niiden k\u00e4yt\u00f6n porrastikkaina. Tikkaat voi tukea my\u00f6s puun runkoa vasten. Liukumattomat puolat on hitsattu lujasti kehykseen. Kaventuva kehys mahdollistaa oksien v\u00e4liss\u00e4 ty\u00f6skentelyn. Tukijalan ter\u00e4v\u00e4 jalka kiinnittyy maahan ja pit\u00e4\u00e4 tikkaat tukevasti pystyss\u00e4.  TEKNISET OMINAISUUDET \u2022 Puolien m\u00e4\u00e4r\u00e4: 8\u221214 \u2022 Portaan et\u00e4isyys: 28 cm \u2022 Kantavuus: 100 kg \u2022 Porrastikkaiden korkeus: 2,30\u22123,90 m  VAKIO-OSAT \u2022 Liukumattomat kumijalat \u2022\u00a0Ter\u00e4jalkainen tukijalka \u2022 Kyltti ja asennus- ja k\u00e4ytt\u00f6ohje  Lis\u00e4varusteet: ter\u00e4v\u00e4p\u00e4iset jalat tikkaiden asentamiseen maahan","og_url":"https:\/\/fedemark.ee\/fi\/tuotteet\/suurikantokykyiset-tikkaat\/maataloustikkaat\/agriluxe\/","og_site_name":"Fedemark","article_modified_time":"2017-07-25T12:52:02+00:00","og_image":[{"width":800,"height":800,"url":"https:\/\/fedemark.ee\/wp-content\/uploads\/2017\/06\/Agriluxe-1.jpg","type":"image\/jpeg"}],"twitter_card":"summary_large_image","schema":{"@context":"https:\/\/schema.org","@graph":[{"@type":"WebPage","@id":"https:\/\/fedemark.ee\/fi\/tuotteet\/suurikantokykyiset-tikkaat\/maataloustikkaat\/agriluxe\/","url":"https:\/\/fedemark.ee\/fi\/tuotteet\/suurikantokykyiset-tikkaat\/maataloustikkaat\/agriluxe\/","name":"Agriluxe - Fedemark","isPartOf":{"@id":"https:\/\/fedemark.ee\/#website"},"primaryImageOfPage":{"@id":"https:\/\/fedemark.ee\/fi\/tuotteet\/suurikantokykyiset-tikkaat\/maataloustikkaat\/agriluxe\/#primaryimage"},"image":{"@id":"https:\/\/fedemark.ee\/fi\/tuotteet\/suurikantokykyiset-tikkaat\/maataloustikkaat\/agriluxe\/#primaryimage"},"thumbnailUrl":"https:\/\/fedemark.ee\/wp-content\/uploads\/2017\/06\/Agriluxe-1.jpg","datePublished":"2017-06-15T09:34:01+00:00","dateModified":"2017-07-25T12:52:02+00:00","breadcrumb":{"@id":"https:\/\/fedemark.ee\/fi\/tuotteet\/suurikantokykyiset-tikkaat\/maataloustikkaat\/agriluxe\/#breadcrumb"},"inLanguage":"fi-FI","potentialAction":[{"@type":"ReadAction","target":["https:\/\/fedemark.ee\/fi\/tuotteet\/suurikantokykyiset-tikkaat\/maataloustikkaat\/agriluxe\/"]}]},{"@type":"ImageObject","inLanguage":"fi-FI","@id":"https:\/\/fedemark.ee\/fi\/tuotteet\/suurikantokykyiset-tikkaat\/maataloustikkaat\/agriluxe\/#primaryimage","url":"https:\/\/fedemark.ee\/wp-content\/uploads\/2017\/06\/Agriluxe-1.jpg","contentUrl":"https:\/\/fedemark.ee\/wp-content\/uploads\/2017\/06\/Agriluxe-1.jpg","width":800,"height":800},{"@type":"BreadcrumbList","@id":"https:\/\/fedemark.ee\/fi\/tuotteet\/suurikantokykyiset-tikkaat\/maataloustikkaat\/agriluxe\/#breadcrumb","itemListElement":[{"@type":"ListItem","position":1,"name":"Home","item":"https:\/\/fedemark.ee\/fi\/"},{"@type":"ListItem","position":2,"name":"Tuotteet","item":"https:\/\/fedemark.ee\/fi\/tuotteet\/"},{"@type":"ListItem","position":3,"name":"Agriluxe"}]},{"@type":"WebSite","@id":"https:\/\/fedemark.ee\/#website","url":"https:\/\/fedemark.ee\/","name":"Fedemark","description":"Redelid, Tellingud, T\u00f6\u00f6platvormid ja vahekorrused","potentialAction":[{"@type":"SearchAction","target":{"@type":"EntryPoint","urlTemplate":"https:\/\/fedemark.ee\/?s={search_term_string}"},"query-input":"required name=search_term_string"}],"inLanguage":"fi-FI"}]}},"_links":{"self":[{"href":"https:\/\/fedemark.ee\/fi\/wp-json\/wp\/v2\/product\/7309"}],"collection":[{"href":"https:\/\/fedemark.ee\/fi\/wp-json\/wp\/v2\/product"}],"about":[{"href":"https:\/\/fedemark.ee\/fi\/wp-json\/wp\/v2\/types\/product"}],"replies":[{"embeddable":true,"href":"https:\/\/fedemark.ee\/fi\/wp-json\/wp\/v2\/comments?post=7309"}],"version-history":[{"count":0,"href":"https:\/\/fedemark.ee\/fi\/wp-json\/wp\/v2\/product\/7309\/revisions"}],"wp:featuredmedia":[{"embeddable":true,"href":"https:\/\/fedemark.ee\/fi\/wp-json\/wp\/v2\/media\/8896"}],"wp:attachment":[{"href":"https:\/\/fedemark.ee\/fi\/wp-json\/wp\/v2\/media?parent=7309"}],"wp:term":[{"taxonomy":"product_cat","embeddable":true,"href":"https:\/\/fedemark.ee\/fi\/wp-json\/wp\/v2\/product_cat?post=7309"},{"taxonomy":"product_tag","embeddable":true,"href":"https:\/\/fedemark.ee\/fi\/wp-json\/wp\/v2\/product_tag?post=7309"}],"curies":[{"name":"wp","href":"https:\/\/api.w.org\/{rel}","templated":true}]}}