{"id":7310,"date":"2017-06-15T10:26:02","date_gmt":"2017-06-15T10:26:02","guid":{"rendered":"https:\/\/sharks.ee\/fedemark\/shop\/uncategorized\/fattoria-c\/"},"modified":"2017-07-25T12:55:42","modified_gmt":"2017-07-25T12:55:42","slug":"fattoria-c","status":"publish","type":"product","link":"https:\/\/fedemark.ee\/fi\/tuotteet\/suurikantokykyiset-tikkaat\/maataloustikkaat\/fattoria-c\/","title":{"rendered":"Fattoria C"},"content":{"rendered":"","protected":false},"excerpt":{"rendered":"<p><em>Lattea-askelmainen yksiosainen malli.<\/em><\/p>\n<p>Farmi-sarjaan kuuluvat tikkaat on suunniteltu maatalouteen sopiviksi (hedelmien poiminta tai oksien leikkaaminen).<br \/>\nTikkaat on valmistettu puristetusta alumiiniprofiilista samansuuntaisin C-muotoisten kehyksin.<br \/>\nKapeat tikkaat (ulkoleveys on 36 cm) voi helposti asettaa oksien v\u00e4liin ja kehys mahdollistaa turvallisen puun runkoa vasten tukemisen.<\/p>\n<p>TEKNISET OMINAISUUDET<br \/>\n\u2022 Portaan et\u00e4isyys: 25 cm<br \/>\n\u2022 Liukumattomat askelmat<br \/>\n\u2022 Kantavuus: 150 kg<br \/>\n\u2022 Puolien m\u00e4\u00e4r\u00e4: 8\u221216<br \/>\n\u2022 Korkeudet: 2,16\u22124,16 m<br \/>\n\u2022\u00a0Tikkaiden leveys: 36 cm<\/p>\n<p>VAKIO-OSAT<br \/>\n\u2022\u00a0Liukumattomat kumijalat<br \/>\n\u2022 Kyltti ja asennus- ja k\u00e4ytt\u00f6ohje<\/p>\n","protected":false},"featured_media":5951,"comment_status":"open","ping_status":"closed","template":"","meta":{"footnotes":""},"product_cat":[184,205],"product_tag":[],"yoast_head":"<!-- This site is optimized with the Yoast SEO plugin v22.6 - https:\/\/yoast.com\/wordpress\/plugins\/seo\/ -->\n<title>Fattoria C - Fedemark<\/title>\n<meta name=\"robots\" content=\"index, follow, max-snippet:-1, max-image-preview:large, max-video-preview:-1\" \/>\n<link rel=\"canonical\" href=\"https:\/\/fedemark.ee\/fi\/tuotteet\/suurikantokykyiset-tikkaat\/maataloustikkaat\/fattoria-c\/\" \/>\n<meta property=\"og:locale\" content=\"fi_FI\" \/>\n<meta property=\"og:type\" content=\"article\" \/>\n<meta property=\"og:title\" content=\"Fattoria C - Fedemark\" \/>\n<meta property=\"og:description\" content=\"Lattea-askelmainen yksiosainen malli.  Farmi-sarjaan kuuluvat tikkaat on suunniteltu maatalouteen sopiviksi (hedelmien poiminta tai oksien leikkaaminen). Tikkaat on valmistettu puristetusta alumiiniprofiilista samansuuntaisin C-muotoisten kehyksin. Kapeat tikkaat (ulkoleveys on 36 cm) voi helposti asettaa oksien v\u00e4liin ja kehys mahdollistaa turvallisen puun runkoa vasten tukemisen.  TEKNISET OMINAISUUDET \u2022 Portaan et\u00e4isyys: 25 cm \u2022 Liukumattomat askelmat \u2022 Kantavuus: 150 kg \u2022 Puolien m\u00e4\u00e4r\u00e4: 8\u221216 \u2022 Korkeudet: 2,16\u22124,16 m \u2022\u00a0Tikkaiden leveys: 36 cm  VAKIO-OSAT \u2022\u00a0Liukumattomat kumijalat \u2022 Kyltti ja asennus- ja k\u00e4ytt\u00f6ohje\" \/>\n<meta property=\"og:url\" content=\"https:\/\/fedemark.ee\/fi\/tuotteet\/suurikantokykyiset-tikkaat\/maataloustikkaat\/fattoria-c\/\" \/>\n<meta property=\"og:site_name\" content=\"Fedemark\" \/>\n<meta property=\"article:modified_time\" content=\"2017-07-25T12:55:42+00:00\" \/>\n<meta property=\"og:image\" content=\"https:\/\/fedemark.ee\/wp-content\/uploads\/2017\/06\/Fattoria-C.jpg\" \/>\n\t<meta property=\"og:image:width\" content=\"1368\" \/>\n\t<meta property=\"og:image:height\" content=\"1848\" \/>\n\t<meta property=\"og:image:type\" content=\"image\/jpeg\" \/>\n<meta name=\"twitter:card\" content=\"summary_large_image\" \/>\n<script type=\"application\/ld+json\" class=\"yoast-schema-graph\">{\"@context\":\"https:\/\/schema.org\",\"@graph\":[{\"@type\":\"WebPage\",\"@id\":\"https:\/\/fedemark.ee\/fi\/tuotteet\/suurikantokykyiset-tikkaat\/maataloustikkaat\/fattoria-c\/\",\"url\":\"https:\/\/fedemark.ee\/fi\/tuotteet\/suurikantokykyiset-tikkaat\/maataloustikkaat\/fattoria-c\/\",\"name\":\"Fattoria C - Fedemark\",\"isPartOf\":{\"@id\":\"https:\/\/fedemark.ee\/#website\"},\"primaryImageOfPage\":{\"@id\":\"https:\/\/fedemark.ee\/fi\/tuotteet\/suurikantokykyiset-tikkaat\/maataloustikkaat\/fattoria-c\/#primaryimage\"},\"image\":{\"@id\":\"https:\/\/fedemark.ee\/fi\/tuotteet\/suurikantokykyiset-tikkaat\/maataloustikkaat\/fattoria-c\/#primaryimage\"},\"thumbnailUrl\":\"https:\/\/fedemark.ee\/wp-content\/uploads\/2017\/06\/Fattoria-C.jpg\",\"datePublished\":\"2017-06-15T10:26:02+00:00\",\"dateModified\":\"2017-07-25T12:55:42+00:00\",\"breadcrumb\":{\"@id\":\"https:\/\/fedemark.ee\/fi\/tuotteet\/suurikantokykyiset-tikkaat\/maataloustikkaat\/fattoria-c\/#breadcrumb\"},\"inLanguage\":\"fi-FI\",\"potentialAction\":[{\"@type\":\"ReadAction\",\"target\":[\"https:\/\/fedemark.ee\/fi\/tuotteet\/suurikantokykyiset-tikkaat\/maataloustikkaat\/fattoria-c\/\"]}]},{\"@type\":\"ImageObject\",\"inLanguage\":\"fi-FI\",\"@id\":\"https:\/\/fedemark.ee\/fi\/tuotteet\/suurikantokykyiset-tikkaat\/maataloustikkaat\/fattoria-c\/#primaryimage\",\"url\":\"https:\/\/fedemark.ee\/wp-content\/uploads\/2017\/06\/Fattoria-C.jpg\",\"contentUrl\":\"https:\/\/fedemark.ee\/wp-content\/uploads\/2017\/06\/Fattoria-C.jpg\",\"width\":1368,\"height\":1848},{\"@type\":\"BreadcrumbList\",\"@id\":\"https:\/\/fedemark.ee\/fi\/tuotteet\/suurikantokykyiset-tikkaat\/maataloustikkaat\/fattoria-c\/#breadcrumb\",\"itemListElement\":[{\"@type\":\"ListItem\",\"position\":1,\"name\":\"Home\",\"item\":\"https:\/\/fedemark.ee\/fi\/\"},{\"@type\":\"ListItem\",\"position\":2,\"name\":\"Tuotteet\",\"item\":\"https:\/\/fedemark.ee\/fi\/tuotteet\/\"},{\"@type\":\"ListItem\",\"position\":3,\"name\":\"Fattoria C\"}]},{\"@type\":\"WebSite\",\"@id\":\"https:\/\/fedemark.ee\/#website\",\"url\":\"https:\/\/fedemark.ee\/\",\"name\":\"Fedemark\",\"description\":\"Redelid, Tellingud, T\u00f6\u00f6platvormid ja vahekorrused\",\"potentialAction\":[{\"@type\":\"SearchAction\",\"target\":{\"@type\":\"EntryPoint\",\"urlTemplate\":\"https:\/\/fedemark.ee\/?s={search_term_string}\"},\"query-input\":\"required name=search_term_string\"}],\"inLanguage\":\"fi-FI\"}]}<\/script>\n<!-- \/ Yoast SEO plugin. -->","yoast_head_json":{"title":"Fattoria C - Fedemark","robots":{"index":"index","follow":"follow","max-snippet":"max-snippet:-1","max-image-preview":"max-image-preview:large","max-video-preview":"max-video-preview:-1"},"canonical":"https:\/\/fedemark.ee\/fi\/tuotteet\/suurikantokykyiset-tikkaat\/maataloustikkaat\/fattoria-c\/","og_locale":"fi_FI","og_type":"article","og_title":"Fattoria C - Fedemark","og_description":"Lattea-askelmainen yksiosainen malli.  Farmi-sarjaan kuuluvat tikkaat on suunniteltu maatalouteen sopiviksi (hedelmien poiminta tai oksien leikkaaminen). Tikkaat on valmistettu puristetusta alumiiniprofiilista samansuuntaisin C-muotoisten kehyksin. Kapeat tikkaat (ulkoleveys on 36 cm) voi helposti asettaa oksien v\u00e4liin ja kehys mahdollistaa turvallisen puun runkoa vasten tukemisen.  TEKNISET OMINAISUUDET \u2022 Portaan et\u00e4isyys: 25 cm \u2022 Liukumattomat askelmat \u2022 Kantavuus: 150 kg \u2022 Puolien m\u00e4\u00e4r\u00e4: 8\u221216 \u2022 Korkeudet: 2,16\u22124,16 m \u2022\u00a0Tikkaiden leveys: 36 cm  VAKIO-OSAT \u2022\u00a0Liukumattomat kumijalat \u2022 Kyltti ja asennus- ja k\u00e4ytt\u00f6ohje","og_url":"https:\/\/fedemark.ee\/fi\/tuotteet\/suurikantokykyiset-tikkaat\/maataloustikkaat\/fattoria-c\/","og_site_name":"Fedemark","article_modified_time":"2017-07-25T12:55:42+00:00","og_image":[{"width":1368,"height":1848,"url":"https:\/\/fedemark.ee\/wp-content\/uploads\/2017\/06\/Fattoria-C.jpg","type":"image\/jpeg"}],"twitter_card":"summary_large_image","schema":{"@context":"https:\/\/schema.org","@graph":[{"@type":"WebPage","@id":"https:\/\/fedemark.ee\/fi\/tuotteet\/suurikantokykyiset-tikkaat\/maataloustikkaat\/fattoria-c\/","url":"https:\/\/fedemark.ee\/fi\/tuotteet\/suurikantokykyiset-tikkaat\/maataloustikkaat\/fattoria-c\/","name":"Fattoria C - Fedemark","isPartOf":{"@id":"https:\/\/fedemark.ee\/#website"},"primaryImageOfPage":{"@id":"https:\/\/fedemark.ee\/fi\/tuotteet\/suurikantokykyiset-tikkaat\/maataloustikkaat\/fattoria-c\/#primaryimage"},"image":{"@id":"https:\/\/fedemark.ee\/fi\/tuotteet\/suurikantokykyiset-tikkaat\/maataloustikkaat\/fattoria-c\/#primaryimage"},"thumbnailUrl":"https:\/\/fedemark.ee\/wp-content\/uploads\/2017\/06\/Fattoria-C.jpg","datePublished":"2017-06-15T10:26:02+00:00","dateModified":"2017-07-25T12:55:42+00:00","breadcrumb":{"@id":"https:\/\/fedemark.ee\/fi\/tuotteet\/suurikantokykyiset-tikkaat\/maataloustikkaat\/fattoria-c\/#breadcrumb"},"inLanguage":"fi-FI","potentialAction":[{"@type":"ReadAction","target":["https:\/\/fedemark.ee\/fi\/tuotteet\/suurikantokykyiset-tikkaat\/maataloustikkaat\/fattoria-c\/"]}]},{"@type":"ImageObject","inLanguage":"fi-FI","@id":"https:\/\/fedemark.ee\/fi\/tuotteet\/suurikantokykyiset-tikkaat\/maataloustikkaat\/fattoria-c\/#primaryimage","url":"https:\/\/fedemark.ee\/wp-content\/uploads\/2017\/06\/Fattoria-C.jpg","contentUrl":"https:\/\/fedemark.ee\/wp-content\/uploads\/2017\/06\/Fattoria-C.jpg","width":1368,"height":1848},{"@type":"BreadcrumbList","@id":"https:\/\/fedemark.ee\/fi\/tuotteet\/suurikantokykyiset-tikkaat\/maataloustikkaat\/fattoria-c\/#breadcrumb","itemListElement":[{"@type":"ListItem","position":1,"name":"Home","item":"https:\/\/fedemark.ee\/fi\/"},{"@type":"ListItem","position":2,"name":"Tuotteet","item":"https:\/\/fedemark.ee\/fi\/tuotteet\/"},{"@type":"ListItem","position":3,"name":"Fattoria C"}]},{"@type":"WebSite","@id":"https:\/\/fedemark.ee\/#website","url":"https:\/\/fedemark.ee\/","name":"Fedemark","description":"Redelid, Tellingud, T\u00f6\u00f6platvormid ja vahekorrused","potentialAction":[{"@type":"SearchAction","target":{"@type":"EntryPoint","urlTemplate":"https:\/\/fedemark.ee\/?s={search_term_string}"},"query-input":"required name=search_term_string"}],"inLanguage":"fi-FI"}]}},"_links":{"self":[{"href":"https:\/\/fedemark.ee\/fi\/wp-json\/wp\/v2\/product\/7310"}],"collection":[{"href":"https:\/\/fedemark.ee\/fi\/wp-json\/wp\/v2\/product"}],"about":[{"href":"https:\/\/fedemark.ee\/fi\/wp-json\/wp\/v2\/types\/product"}],"replies":[{"embeddable":true,"href":"https:\/\/fedemark.ee\/fi\/wp-json\/wp\/v2\/comments?post=7310"}],"version-history":[{"count":0,"href":"https:\/\/fedemark.ee\/fi\/wp-json\/wp\/v2\/product\/7310\/revisions"}],"wp:featuredmedia":[{"embeddable":true,"href":"https:\/\/fedemark.ee\/fi\/wp-json\/wp\/v2\/media\/5951"}],"wp:attachment":[{"href":"https:\/\/fedemark.ee\/fi\/wp-json\/wp\/v2\/media?parent=7310"}],"wp:term":[{"taxonomy":"product_cat","embeddable":true,"href":"https:\/\/fedemark.ee\/fi\/wp-json\/wp\/v2\/product_cat?post=7310"},{"taxonomy":"product_tag","embeddable":true,"href":"https:\/\/fedemark.ee\/fi\/wp-json\/wp\/v2\/product_tag?post=7310"}],"curies":[{"name":"wp","href":"https:\/\/api.w.org\/{rel}","templated":true}]}}