{"id":7312,"date":"2017-06-16T05:19:02","date_gmt":"2017-06-16T05:19:02","guid":{"rendered":"https:\/\/sharks.ee\/fedemark\/shop\/uncategorized\/v1\/"},"modified":"2017-07-25T12:57:31","modified_gmt":"2017-07-25T12:57:31","slug":"v1","status":"publish","type":"product","link":"https:\/\/fedemark.ee\/fi\/tuotteet\/suurikantokykyiset-tikkaat\/lasikuituiset-teleskooppitikkaat\/v1\/","title":{"rendered":"V1"},"content":{"rendered":"","protected":false},"excerpt":{"rendered":"<p><em>Yksiosaiset tikkaat<\/em><\/p>\n<p>Kevyet ja lujat yksiosaiset tikkaat.<\/p>\n<p>Ammattik\u00e4ytt\u00f6\u00f6n tarkoitetut lasikuituiset tikkaat, jotka sopivat k\u00e4ytt\u00e4jille, jotka toimivat kaapelien, pistorasioiden tai muiden s\u00e4hk\u00f6nl\u00e4hteiden l\u00e4heisyydess\u00e4.<br \/>\nLasikuituinen kehys takaa s\u00e4hk\u00f6eristyksen ja meid\u00e4n tikkaamme ovat kevyit\u00e4 ja liukumattomien ja muhkuraisten alumiinipuolien ansiosta helppok\u00e4ytt\u00f6isi\u00e4.<\/p>\n<p>TEKNISET OMINAISUUDET<br \/>\n\u2022 Puolaosa: 27&#215;27 mm<br \/>\n\u2022 Puolien m\u00e4\u00e4r\u00e4: 8\u221216<br \/>\n\u2022 Korkeus: 2,30\u22124,55 m<br \/>\n\u2022 Osan leveys: 42 cm<br \/>\n\u2022 Kantavuus: 150 kg<br \/>\n\u2022 Portaan et\u00e4isyys: 28 cm<\/p>\n<p>VAKIO-OSAT<br \/>\n\u2022 Liukumattomat kumijalat<br \/>\n\u2022 Kyltti ja asennus- ja k\u00e4ytt\u00f6ohjeet<br \/>\n\u2022 L\u00e4mp\u00f6kutistuva pakkaus kuvineen<\/p>\n<p><img loading=\"lazy\" decoding=\"async\" class=\"alignnone wp-image-5253\" src=\"https:\/\/fedemark.ee\/wp-content\/uploads\/2017\/06\/Ikoonid_29.jpg\" alt=\"\" width=\"77\" height=\"72\" \/><img loading=\"lazy\" decoding=\"async\" class=\"alignnone wp-image-5261\" src=\"https:\/\/fedemark.ee\/wp-content\/uploads\/2017\/06\/Ikoonid_03.jpg\" alt=\"\" width=\"71\" height=\"71\" srcset=\"https:\/\/fedemark.ee\/wp-content\/uploads\/2017\/06\/Ikoonid_03.jpg 132w, https:\/\/fedemark.ee\/wp-content\/uploads\/2017\/06\/Ikoonid_03-100x100.jpg 100w\" sizes=\"(max-width: 71px) 100vw, 71px\" \/><img loading=\"lazy\" decoding=\"async\" class=\"alignnone wp-image-5353\" src=\"https:\/\/fedemark.ee\/wp-content\/uploads\/2017\/06\/Ikoonid_50.jpg\" alt=\"\" width=\"63\" height=\"75\" \/><img loading=\"lazy\" decoding=\"async\" class=\"alignnone wp-image-5337\" src=\"https:\/\/fedemark.ee\/wp-content\/uploads\/2017\/06\/Ikoonid_38-Copy.jpg\" alt=\"\" width=\"82\" height=\"78\" \/><\/p>\n","protected":false},"featured_media":8949,"comment_status":"open","ping_status":"closed","template":"","meta":{"footnotes":""},"product_cat":[185,205],"product_tag":[],"yoast_head":"<!-- This site is optimized with the Yoast SEO plugin v22.6 - https:\/\/yoast.com\/wordpress\/plugins\/seo\/ -->\n<title>V1 - Fedemark<\/title>\n<meta name=\"robots\" content=\"index, follow, max-snippet:-1, max-image-preview:large, max-video-preview:-1\" \/>\n<link rel=\"canonical\" href=\"https:\/\/fedemark.ee\/fi\/tuotteet\/suurikantokykyiset-tikkaat\/lasikuituiset-teleskooppitikkaat\/v1\/\" \/>\n<meta property=\"og:locale\" content=\"fi_FI\" \/>\n<meta property=\"og:type\" content=\"article\" \/>\n<meta property=\"og:title\" content=\"V1 - Fedemark\" \/>\n<meta property=\"og:description\" content=\"Yksiosaiset tikkaat  Kevyet ja lujat yksiosaiset tikkaat.  Ammattik\u00e4ytt\u00f6\u00f6n tarkoitetut lasikuituiset tikkaat, jotka sopivat k\u00e4ytt\u00e4jille, jotka toimivat kaapelien, pistorasioiden tai muiden s\u00e4hk\u00f6nl\u00e4hteiden l\u00e4heisyydess\u00e4. Lasikuituinen kehys takaa s\u00e4hk\u00f6eristyksen ja meid\u00e4n tikkaamme ovat kevyit\u00e4 ja liukumattomien ja muhkuraisten alumiinipuolien ansiosta helppok\u00e4ytt\u00f6isi\u00e4.  TEKNISET OMINAISUUDET \u2022 Puolaosa: 27x27 mm \u2022 Puolien m\u00e4\u00e4r\u00e4: 8\u221216 \u2022 Korkeus: 2,30\u22124,55 m \u2022 Osan leveys: 42 cm \u2022 Kantavuus: 150 kg \u2022 Portaan et\u00e4isyys: 28 cm  VAKIO-OSAT \u2022 Liukumattomat kumijalat \u2022 Kyltti ja asennus- ja k\u00e4ytt\u00f6ohjeet \u2022 L\u00e4mp\u00f6kutistuva pakkaus kuvineen\" \/>\n<meta property=\"og:url\" content=\"https:\/\/fedemark.ee\/fi\/tuotteet\/suurikantokykyiset-tikkaat\/lasikuituiset-teleskooppitikkaat\/v1\/\" \/>\n<meta property=\"og:site_name\" content=\"Fedemark\" \/>\n<meta property=\"article:modified_time\" content=\"2017-07-25T12:57:31+00:00\" \/>\n<meta property=\"og:image\" content=\"https:\/\/fedemark.ee\/wp-content\/uploads\/2017\/06\/V1-1.jpg\" \/>\n\t<meta property=\"og:image:width\" content=\"800\" \/>\n\t<meta property=\"og:image:height\" content=\"800\" \/>\n\t<meta property=\"og:image:type\" content=\"image\/jpeg\" \/>\n<meta name=\"twitter:card\" content=\"summary_large_image\" \/>\n<script type=\"application\/ld+json\" class=\"yoast-schema-graph\">{\"@context\":\"https:\/\/schema.org\",\"@graph\":[{\"@type\":\"WebPage\",\"@id\":\"https:\/\/fedemark.ee\/fi\/tuotteet\/suurikantokykyiset-tikkaat\/lasikuituiset-teleskooppitikkaat\/v1\/\",\"url\":\"https:\/\/fedemark.ee\/fi\/tuotteet\/suurikantokykyiset-tikkaat\/lasikuituiset-teleskooppitikkaat\/v1\/\",\"name\":\"V1 - Fedemark\",\"isPartOf\":{\"@id\":\"https:\/\/fedemark.ee\/#website\"},\"primaryImageOfPage\":{\"@id\":\"https:\/\/fedemark.ee\/fi\/tuotteet\/suurikantokykyiset-tikkaat\/lasikuituiset-teleskooppitikkaat\/v1\/#primaryimage\"},\"image\":{\"@id\":\"https:\/\/fedemark.ee\/fi\/tuotteet\/suurikantokykyiset-tikkaat\/lasikuituiset-teleskooppitikkaat\/v1\/#primaryimage\"},\"thumbnailUrl\":\"https:\/\/fedemark.ee\/wp-content\/uploads\/2017\/06\/V1-1.jpg\",\"datePublished\":\"2017-06-16T05:19:02+00:00\",\"dateModified\":\"2017-07-25T12:57:31+00:00\",\"breadcrumb\":{\"@id\":\"https:\/\/fedemark.ee\/fi\/tuotteet\/suurikantokykyiset-tikkaat\/lasikuituiset-teleskooppitikkaat\/v1\/#breadcrumb\"},\"inLanguage\":\"fi-FI\",\"potentialAction\":[{\"@type\":\"ReadAction\",\"target\":[\"https:\/\/fedemark.ee\/fi\/tuotteet\/suurikantokykyiset-tikkaat\/lasikuituiset-teleskooppitikkaat\/v1\/\"]}]},{\"@type\":\"ImageObject\",\"inLanguage\":\"fi-FI\",\"@id\":\"https:\/\/fedemark.ee\/fi\/tuotteet\/suurikantokykyiset-tikkaat\/lasikuituiset-teleskooppitikkaat\/v1\/#primaryimage\",\"url\":\"https:\/\/fedemark.ee\/wp-content\/uploads\/2017\/06\/V1-1.jpg\",\"contentUrl\":\"https:\/\/fedemark.ee\/wp-content\/uploads\/2017\/06\/V1-1.jpg\",\"width\":800,\"height\":800},{\"@type\":\"BreadcrumbList\",\"@id\":\"https:\/\/fedemark.ee\/fi\/tuotteet\/suurikantokykyiset-tikkaat\/lasikuituiset-teleskooppitikkaat\/v1\/#breadcrumb\",\"itemListElement\":[{\"@type\":\"ListItem\",\"position\":1,\"name\":\"Home\",\"item\":\"https:\/\/fedemark.ee\/fi\/\"},{\"@type\":\"ListItem\",\"position\":2,\"name\":\"Tuotteet\",\"item\":\"https:\/\/fedemark.ee\/fi\/tuotteet\/\"},{\"@type\":\"ListItem\",\"position\":3,\"name\":\"V1\"}]},{\"@type\":\"WebSite\",\"@id\":\"https:\/\/fedemark.ee\/#website\",\"url\":\"https:\/\/fedemark.ee\/\",\"name\":\"Fedemark\",\"description\":\"Redelid, Tellingud, T\u00f6\u00f6platvormid ja vahekorrused\",\"potentialAction\":[{\"@type\":\"SearchAction\",\"target\":{\"@type\":\"EntryPoint\",\"urlTemplate\":\"https:\/\/fedemark.ee\/?s={search_term_string}\"},\"query-input\":\"required name=search_term_string\"}],\"inLanguage\":\"fi-FI\"}]}<\/script>\n<!-- \/ Yoast SEO plugin. -->","yoast_head_json":{"title":"V1 - Fedemark","robots":{"index":"index","follow":"follow","max-snippet":"max-snippet:-1","max-image-preview":"max-image-preview:large","max-video-preview":"max-video-preview:-1"},"canonical":"https:\/\/fedemark.ee\/fi\/tuotteet\/suurikantokykyiset-tikkaat\/lasikuituiset-teleskooppitikkaat\/v1\/","og_locale":"fi_FI","og_type":"article","og_title":"V1 - Fedemark","og_description":"Yksiosaiset tikkaat  Kevyet ja lujat yksiosaiset tikkaat.  Ammattik\u00e4ytt\u00f6\u00f6n tarkoitetut lasikuituiset tikkaat, jotka sopivat k\u00e4ytt\u00e4jille, jotka toimivat kaapelien, pistorasioiden tai muiden s\u00e4hk\u00f6nl\u00e4hteiden l\u00e4heisyydess\u00e4. Lasikuituinen kehys takaa s\u00e4hk\u00f6eristyksen ja meid\u00e4n tikkaamme ovat kevyit\u00e4 ja liukumattomien ja muhkuraisten alumiinipuolien ansiosta helppok\u00e4ytt\u00f6isi\u00e4.  TEKNISET OMINAISUUDET \u2022 Puolaosa: 27x27 mm \u2022 Puolien m\u00e4\u00e4r\u00e4: 8\u221216 \u2022 Korkeus: 2,30\u22124,55 m \u2022 Osan leveys: 42 cm \u2022 Kantavuus: 150 kg \u2022 Portaan et\u00e4isyys: 28 cm  VAKIO-OSAT \u2022 Liukumattomat kumijalat \u2022 Kyltti ja asennus- ja k\u00e4ytt\u00f6ohjeet \u2022 L\u00e4mp\u00f6kutistuva pakkaus kuvineen","og_url":"https:\/\/fedemark.ee\/fi\/tuotteet\/suurikantokykyiset-tikkaat\/lasikuituiset-teleskooppitikkaat\/v1\/","og_site_name":"Fedemark","article_modified_time":"2017-07-25T12:57:31+00:00","og_image":[{"width":800,"height":800,"url":"https:\/\/fedemark.ee\/wp-content\/uploads\/2017\/06\/V1-1.jpg","type":"image\/jpeg"}],"twitter_card":"summary_large_image","schema":{"@context":"https:\/\/schema.org","@graph":[{"@type":"WebPage","@id":"https:\/\/fedemark.ee\/fi\/tuotteet\/suurikantokykyiset-tikkaat\/lasikuituiset-teleskooppitikkaat\/v1\/","url":"https:\/\/fedemark.ee\/fi\/tuotteet\/suurikantokykyiset-tikkaat\/lasikuituiset-teleskooppitikkaat\/v1\/","name":"V1 - Fedemark","isPartOf":{"@id":"https:\/\/fedemark.ee\/#website"},"primaryImageOfPage":{"@id":"https:\/\/fedemark.ee\/fi\/tuotteet\/suurikantokykyiset-tikkaat\/lasikuituiset-teleskooppitikkaat\/v1\/#primaryimage"},"image":{"@id":"https:\/\/fedemark.ee\/fi\/tuotteet\/suurikantokykyiset-tikkaat\/lasikuituiset-teleskooppitikkaat\/v1\/#primaryimage"},"thumbnailUrl":"https:\/\/fedemark.ee\/wp-content\/uploads\/2017\/06\/V1-1.jpg","datePublished":"2017-06-16T05:19:02+00:00","dateModified":"2017-07-25T12:57:31+00:00","breadcrumb":{"@id":"https:\/\/fedemark.ee\/fi\/tuotteet\/suurikantokykyiset-tikkaat\/lasikuituiset-teleskooppitikkaat\/v1\/#breadcrumb"},"inLanguage":"fi-FI","potentialAction":[{"@type":"ReadAction","target":["https:\/\/fedemark.ee\/fi\/tuotteet\/suurikantokykyiset-tikkaat\/lasikuituiset-teleskooppitikkaat\/v1\/"]}]},{"@type":"ImageObject","inLanguage":"fi-FI","@id":"https:\/\/fedemark.ee\/fi\/tuotteet\/suurikantokykyiset-tikkaat\/lasikuituiset-teleskooppitikkaat\/v1\/#primaryimage","url":"https:\/\/fedemark.ee\/wp-content\/uploads\/2017\/06\/V1-1.jpg","contentUrl":"https:\/\/fedemark.ee\/wp-content\/uploads\/2017\/06\/V1-1.jpg","width":800,"height":800},{"@type":"BreadcrumbList","@id":"https:\/\/fedemark.ee\/fi\/tuotteet\/suurikantokykyiset-tikkaat\/lasikuituiset-teleskooppitikkaat\/v1\/#breadcrumb","itemListElement":[{"@type":"ListItem","position":1,"name":"Home","item":"https:\/\/fedemark.ee\/fi\/"},{"@type":"ListItem","position":2,"name":"Tuotteet","item":"https:\/\/fedemark.ee\/fi\/tuotteet\/"},{"@type":"ListItem","position":3,"name":"V1"}]},{"@type":"WebSite","@id":"https:\/\/fedemark.ee\/#website","url":"https:\/\/fedemark.ee\/","name":"Fedemark","description":"Redelid, Tellingud, T\u00f6\u00f6platvormid ja vahekorrused","potentialAction":[{"@type":"SearchAction","target":{"@type":"EntryPoint","urlTemplate":"https:\/\/fedemark.ee\/?s={search_term_string}"},"query-input":"required name=search_term_string"}],"inLanguage":"fi-FI"}]}},"_links":{"self":[{"href":"https:\/\/fedemark.ee\/fi\/wp-json\/wp\/v2\/product\/7312"}],"collection":[{"href":"https:\/\/fedemark.ee\/fi\/wp-json\/wp\/v2\/product"}],"about":[{"href":"https:\/\/fedemark.ee\/fi\/wp-json\/wp\/v2\/types\/product"}],"replies":[{"embeddable":true,"href":"https:\/\/fedemark.ee\/fi\/wp-json\/wp\/v2\/comments?post=7312"}],"version-history":[{"count":0,"href":"https:\/\/fedemark.ee\/fi\/wp-json\/wp\/v2\/product\/7312\/revisions"}],"wp:featuredmedia":[{"embeddable":true,"href":"https:\/\/fedemark.ee\/fi\/wp-json\/wp\/v2\/media\/8949"}],"wp:attachment":[{"href":"https:\/\/fedemark.ee\/fi\/wp-json\/wp\/v2\/media?parent=7312"}],"wp:term":[{"taxonomy":"product_cat","embeddable":true,"href":"https:\/\/fedemark.ee\/fi\/wp-json\/wp\/v2\/product_cat?post=7312"},{"taxonomy":"product_tag","embeddable":true,"href":"https:\/\/fedemark.ee\/fi\/wp-json\/wp\/v2\/product_tag?post=7312"}],"curies":[{"name":"wp","href":"https:\/\/api.w.org\/{rel}","templated":true}]}}