{"id":7313,"date":"2017-06-16T05:25:09","date_gmt":"2017-06-16T05:25:09","guid":{"rendered":"https:\/\/sharks.ee\/fedemark\/shop\/uncategorized\/v2\/"},"modified":"2017-07-25T13:01:28","modified_gmt":"2017-07-25T13:01:28","slug":"v2","status":"publish","type":"product","link":"https:\/\/fedemark.ee\/fi\/tuotteet\/suurikantokykyiset-tikkaat\/lasikuituiset-teleskooppitikkaat\/v2\/","title":{"rendered":"V2"},"content":{"rendered":"","protected":false},"excerpt":{"rendered":"<p><em>Kaksiosaiset avattavat tikkaat ja porrastikkaat<\/em><\/p>\n<p>Kaksiosaiset yhdistelm\u00e4tikkaat tukijalalla ja liukupy\u00f6rill\u00e4.<\/p>\n<p>Ammattik\u00e4ytt\u00f6\u00f6n tarkoitetut lasikuitutikkaat, jotka sopivat k\u00e4ytt\u00e4jille, jotka toimivat kaapelien, pistorasioiden tai muiden s\u00e4hk\u00f6nl\u00e4hteiden l\u00e4heisyydess\u00e4.<br \/>\nLasikuituinen kehys takaa s\u00e4hk\u00f6eristyksen ja meid\u00e4n tikkaamme ovat kevyit\u00e4 ja liukumattomien ja muhkuraisten alumiinipuolien ansiosta helppok\u00e4ytt\u00f6isi\u00e4.<\/p>\n<p>TEKNISET OMINAISUUDET<br \/>\n\u2022 Portaan et\u00e4isyys: 28 cm<br \/>\n\u2022 Puolaosa: 27&#215;27 mm<br \/>\n\u2022 Kantavuus: 150 kg<br \/>\n\u2022 Puolien m\u00e4\u00e4r\u00e4: 8\u221216<br \/>\n\u2022 Porrastikkaiden korkeus: 2,30\u22124,50 m<br \/>\n\u2022 Korkeus sein\u00e4lle tuettaessa: 4,05\u22128,00 m<br \/>\n\u2022 Alaosan leveys: 49 cm<br \/>\n\u2022 Yl\u00e4osan leveys: 42 cm<\/p>\n<p>VAKIO-OSAT<br \/>\n\u2022 Tukijalka<br \/>\n\u2022 S\u00e4\u00e4dett\u00e4v\u00e4 avain tukijalan kiinnitt\u00e4miseen<br \/>\n\u2022 Nailonvahvistus tukijalan sis\u00e4ll\u00e4<br \/>\n\u2022 Tikkaiden hallitsematonta avautumista est\u00e4v\u00e4 hihna<br \/>\n\u2022 Liukupy\u00f6r\u00e4t<br \/>\n\u2022 Alumiininen avaamisj\u00e4rjestelm\u00e4<br \/>\n\u2022 Liukumattomat kumijalat<br \/>\n\u2022 Yl\u00f6sp\u00e4in liikkumista est\u00e4v\u00e4 mekanismi<br \/>\n\u2022 Jatkamista est\u00e4v\u00e4 mekanismi<br \/>\n\u2022 Kyltti ja asennus- ja k\u00e4ytt\u00f6ohje<\/p>\n<p>Saatavana my\u00f6s k\u00f6yden kanssa, jota k\u00e4ytet\u00e4\u00e4n vain sein\u00e4lle tuettaessa.<br \/>\nEritt\u00e4in t\u00e4rke\u00e4\u00e4: t\u00e4t\u00e4 mallia ei voi k\u00e4ytt\u00e4\u00e4 porrastikkaina.<\/p>\n<p><img loading=\"lazy\" decoding=\"async\" class=\"alignnone wp-image-5253\" src=\"https:\/\/fedemark.ee\/wp-content\/uploads\/2017\/06\/Ikoonid_29.jpg\" alt=\"\" width=\"70\" height=\"66\" \/><img loading=\"lazy\" decoding=\"async\" class=\"alignnone wp-image-5257\" src=\"https:\/\/fedemark.ee\/wp-content\/uploads\/2017\/06\/Ikoonid_03-Copy.jpg\" alt=\"\" width=\"62\" height=\"63\" srcset=\"https:\/\/fedemark.ee\/wp-content\/uploads\/2017\/06\/Ikoonid_03-Copy.jpg 132w, https:\/\/fedemark.ee\/wp-content\/uploads\/2017\/06\/Ikoonid_03-Copy-100x100.jpg 100w\" sizes=\"(max-width: 62px) 100vw, 62px\" \/><img loading=\"lazy\" decoding=\"async\" class=\"alignnone wp-image-5353\" src=\"https:\/\/fedemark.ee\/wp-content\/uploads\/2017\/06\/Ikoonid_50.jpg\" alt=\"\" width=\"57\" height=\"67\" \/><img loading=\"lazy\" decoding=\"async\" class=\"alignnone wp-image-5337\" src=\"https:\/\/fedemark.ee\/wp-content\/uploads\/2017\/06\/Ikoonid_38-Copy.jpg\" alt=\"\" width=\"72\" height=\"69\" \/><\/p>\n","protected":false},"featured_media":8953,"comment_status":"open","ping_status":"closed","template":"","meta":{"footnotes":""},"product_cat":[185,205],"product_tag":[],"yoast_head":"<!-- This site is optimized with the Yoast SEO plugin v22.6 - https:\/\/yoast.com\/wordpress\/plugins\/seo\/ -->\n<title>V2 - Fedemark<\/title>\n<meta name=\"robots\" content=\"index, follow, max-snippet:-1, max-image-preview:large, max-video-preview:-1\" \/>\n<link rel=\"canonical\" href=\"https:\/\/fedemark.ee\/fi\/tuotteet\/suurikantokykyiset-tikkaat\/lasikuituiset-teleskooppitikkaat\/v2\/\" \/>\n<meta property=\"og:locale\" content=\"fi_FI\" \/>\n<meta property=\"og:type\" content=\"article\" \/>\n<meta property=\"og:title\" content=\"V2 - Fedemark\" \/>\n<meta property=\"og:description\" content=\"Kaksiosaiset avattavat tikkaat ja porrastikkaat  Kaksiosaiset yhdistelm\u00e4tikkaat tukijalalla ja liukupy\u00f6rill\u00e4.  Ammattik\u00e4ytt\u00f6\u00f6n tarkoitetut lasikuitutikkaat, jotka sopivat k\u00e4ytt\u00e4jille, jotka toimivat kaapelien, pistorasioiden tai muiden s\u00e4hk\u00f6nl\u00e4hteiden l\u00e4heisyydess\u00e4. Lasikuituinen kehys takaa s\u00e4hk\u00f6eristyksen ja meid\u00e4n tikkaamme ovat kevyit\u00e4 ja liukumattomien ja muhkuraisten alumiinipuolien ansiosta helppok\u00e4ytt\u00f6isi\u00e4.   TEKNISET OMINAISUUDET \u2022 Portaan et\u00e4isyys: 28 cm \u2022 Puolaosa: 27x27 mm \u2022 Kantavuus: 150 kg \u2022 Puolien m\u00e4\u00e4r\u00e4: 8\u221216 \u2022 Porrastikkaiden korkeus: 2,30\u22124,50 m \u2022 Korkeus sein\u00e4lle tuettaessa: 4,05\u22128,00 m \u2022 Alaosan leveys: 49 cm \u2022 Yl\u00e4osan leveys: 42 cm  VAKIO-OSAT \u2022 Tukijalka \u2022 S\u00e4\u00e4dett\u00e4v\u00e4 avain tukijalan kiinnitt\u00e4miseen \u2022 Nailonvahvistus tukijalan sis\u00e4ll\u00e4 \u2022 Tikkaiden hallitsematonta avautumista est\u00e4v\u00e4 hihna \u2022 Liukupy\u00f6r\u00e4t \u2022 Alumiininen avaamisj\u00e4rjestelm\u00e4 \u2022 Liukumattomat kumijalat \u2022 Yl\u00f6sp\u00e4in liikkumista est\u00e4v\u00e4 mekanismi \u2022 Jatkamista est\u00e4v\u00e4 mekanismi \u2022 Kyltti ja asennus- ja k\u00e4ytt\u00f6ohje  Saatavana my\u00f6s k\u00f6yden kanssa, jota k\u00e4ytet\u00e4\u00e4n vain sein\u00e4lle tuettaessa. Eritt\u00e4in t\u00e4rke\u00e4\u00e4: t\u00e4t\u00e4 mallia ei voi k\u00e4ytt\u00e4\u00e4 porrastikkaina.\" \/>\n<meta property=\"og:url\" content=\"https:\/\/fedemark.ee\/fi\/tuotteet\/suurikantokykyiset-tikkaat\/lasikuituiset-teleskooppitikkaat\/v2\/\" \/>\n<meta property=\"og:site_name\" content=\"Fedemark\" \/>\n<meta property=\"article:modified_time\" content=\"2017-07-25T13:01:28+00:00\" \/>\n<meta property=\"og:image\" content=\"https:\/\/fedemark.ee\/wp-content\/uploads\/2017\/06\/V2-1.jpg\" \/>\n\t<meta property=\"og:image:width\" content=\"800\" \/>\n\t<meta property=\"og:image:height\" content=\"800\" \/>\n\t<meta property=\"og:image:type\" content=\"image\/jpeg\" \/>\n<meta name=\"twitter:card\" content=\"summary_large_image\" \/>\n<script type=\"application\/ld+json\" class=\"yoast-schema-graph\">{\"@context\":\"https:\/\/schema.org\",\"@graph\":[{\"@type\":\"WebPage\",\"@id\":\"https:\/\/fedemark.ee\/fi\/tuotteet\/suurikantokykyiset-tikkaat\/lasikuituiset-teleskooppitikkaat\/v2\/\",\"url\":\"https:\/\/fedemark.ee\/fi\/tuotteet\/suurikantokykyiset-tikkaat\/lasikuituiset-teleskooppitikkaat\/v2\/\",\"name\":\"V2 - Fedemark\",\"isPartOf\":{\"@id\":\"https:\/\/fedemark.ee\/#website\"},\"primaryImageOfPage\":{\"@id\":\"https:\/\/fedemark.ee\/fi\/tuotteet\/suurikantokykyiset-tikkaat\/lasikuituiset-teleskooppitikkaat\/v2\/#primaryimage\"},\"image\":{\"@id\":\"https:\/\/fedemark.ee\/fi\/tuotteet\/suurikantokykyiset-tikkaat\/lasikuituiset-teleskooppitikkaat\/v2\/#primaryimage\"},\"thumbnailUrl\":\"https:\/\/fedemark.ee\/wp-content\/uploads\/2017\/06\/V2-1.jpg\",\"datePublished\":\"2017-06-16T05:25:09+00:00\",\"dateModified\":\"2017-07-25T13:01:28+00:00\",\"breadcrumb\":{\"@id\":\"https:\/\/fedemark.ee\/fi\/tuotteet\/suurikantokykyiset-tikkaat\/lasikuituiset-teleskooppitikkaat\/v2\/#breadcrumb\"},\"inLanguage\":\"fi-FI\",\"potentialAction\":[{\"@type\":\"ReadAction\",\"target\":[\"https:\/\/fedemark.ee\/fi\/tuotteet\/suurikantokykyiset-tikkaat\/lasikuituiset-teleskooppitikkaat\/v2\/\"]}]},{\"@type\":\"ImageObject\",\"inLanguage\":\"fi-FI\",\"@id\":\"https:\/\/fedemark.ee\/fi\/tuotteet\/suurikantokykyiset-tikkaat\/lasikuituiset-teleskooppitikkaat\/v2\/#primaryimage\",\"url\":\"https:\/\/fedemark.ee\/wp-content\/uploads\/2017\/06\/V2-1.jpg\",\"contentUrl\":\"https:\/\/fedemark.ee\/wp-content\/uploads\/2017\/06\/V2-1.jpg\",\"width\":800,\"height\":800},{\"@type\":\"BreadcrumbList\",\"@id\":\"https:\/\/fedemark.ee\/fi\/tuotteet\/suurikantokykyiset-tikkaat\/lasikuituiset-teleskooppitikkaat\/v2\/#breadcrumb\",\"itemListElement\":[{\"@type\":\"ListItem\",\"position\":1,\"name\":\"Home\",\"item\":\"https:\/\/fedemark.ee\/fi\/\"},{\"@type\":\"ListItem\",\"position\":2,\"name\":\"Tuotteet\",\"item\":\"https:\/\/fedemark.ee\/fi\/tuotteet\/\"},{\"@type\":\"ListItem\",\"position\":3,\"name\":\"V2\"}]},{\"@type\":\"WebSite\",\"@id\":\"https:\/\/fedemark.ee\/#website\",\"url\":\"https:\/\/fedemark.ee\/\",\"name\":\"Fedemark\",\"description\":\"Redelid, Tellingud, T\u00f6\u00f6platvormid ja vahekorrused\",\"potentialAction\":[{\"@type\":\"SearchAction\",\"target\":{\"@type\":\"EntryPoint\",\"urlTemplate\":\"https:\/\/fedemark.ee\/?s={search_term_string}\"},\"query-input\":\"required name=search_term_string\"}],\"inLanguage\":\"fi-FI\"}]}<\/script>\n<!-- \/ Yoast SEO plugin. -->","yoast_head_json":{"title":"V2 - Fedemark","robots":{"index":"index","follow":"follow","max-snippet":"max-snippet:-1","max-image-preview":"max-image-preview:large","max-video-preview":"max-video-preview:-1"},"canonical":"https:\/\/fedemark.ee\/fi\/tuotteet\/suurikantokykyiset-tikkaat\/lasikuituiset-teleskooppitikkaat\/v2\/","og_locale":"fi_FI","og_type":"article","og_title":"V2 - Fedemark","og_description":"Kaksiosaiset avattavat tikkaat ja porrastikkaat  Kaksiosaiset yhdistelm\u00e4tikkaat tukijalalla ja liukupy\u00f6rill\u00e4.  Ammattik\u00e4ytt\u00f6\u00f6n tarkoitetut lasikuitutikkaat, jotka sopivat k\u00e4ytt\u00e4jille, jotka toimivat kaapelien, pistorasioiden tai muiden s\u00e4hk\u00f6nl\u00e4hteiden l\u00e4heisyydess\u00e4. Lasikuituinen kehys takaa s\u00e4hk\u00f6eristyksen ja meid\u00e4n tikkaamme ovat kevyit\u00e4 ja liukumattomien ja muhkuraisten alumiinipuolien ansiosta helppok\u00e4ytt\u00f6isi\u00e4.   TEKNISET OMINAISUUDET \u2022 Portaan et\u00e4isyys: 28 cm \u2022 Puolaosa: 27x27 mm \u2022 Kantavuus: 150 kg \u2022 Puolien m\u00e4\u00e4r\u00e4: 8\u221216 \u2022 Porrastikkaiden korkeus: 2,30\u22124,50 m \u2022 Korkeus sein\u00e4lle tuettaessa: 4,05\u22128,00 m \u2022 Alaosan leveys: 49 cm \u2022 Yl\u00e4osan leveys: 42 cm  VAKIO-OSAT \u2022 Tukijalka \u2022 S\u00e4\u00e4dett\u00e4v\u00e4 avain tukijalan kiinnitt\u00e4miseen \u2022 Nailonvahvistus tukijalan sis\u00e4ll\u00e4 \u2022 Tikkaiden hallitsematonta avautumista est\u00e4v\u00e4 hihna \u2022 Liukupy\u00f6r\u00e4t \u2022 Alumiininen avaamisj\u00e4rjestelm\u00e4 \u2022 Liukumattomat kumijalat \u2022 Yl\u00f6sp\u00e4in liikkumista est\u00e4v\u00e4 mekanismi \u2022 Jatkamista est\u00e4v\u00e4 mekanismi \u2022 Kyltti ja asennus- ja k\u00e4ytt\u00f6ohje  Saatavana my\u00f6s k\u00f6yden kanssa, jota k\u00e4ytet\u00e4\u00e4n vain sein\u00e4lle tuettaessa. Eritt\u00e4in t\u00e4rke\u00e4\u00e4: t\u00e4t\u00e4 mallia ei voi k\u00e4ytt\u00e4\u00e4 porrastikkaina.","og_url":"https:\/\/fedemark.ee\/fi\/tuotteet\/suurikantokykyiset-tikkaat\/lasikuituiset-teleskooppitikkaat\/v2\/","og_site_name":"Fedemark","article_modified_time":"2017-07-25T13:01:28+00:00","og_image":[{"width":800,"height":800,"url":"https:\/\/fedemark.ee\/wp-content\/uploads\/2017\/06\/V2-1.jpg","type":"image\/jpeg"}],"twitter_card":"summary_large_image","schema":{"@context":"https:\/\/schema.org","@graph":[{"@type":"WebPage","@id":"https:\/\/fedemark.ee\/fi\/tuotteet\/suurikantokykyiset-tikkaat\/lasikuituiset-teleskooppitikkaat\/v2\/","url":"https:\/\/fedemark.ee\/fi\/tuotteet\/suurikantokykyiset-tikkaat\/lasikuituiset-teleskooppitikkaat\/v2\/","name":"V2 - Fedemark","isPartOf":{"@id":"https:\/\/fedemark.ee\/#website"},"primaryImageOfPage":{"@id":"https:\/\/fedemark.ee\/fi\/tuotteet\/suurikantokykyiset-tikkaat\/lasikuituiset-teleskooppitikkaat\/v2\/#primaryimage"},"image":{"@id":"https:\/\/fedemark.ee\/fi\/tuotteet\/suurikantokykyiset-tikkaat\/lasikuituiset-teleskooppitikkaat\/v2\/#primaryimage"},"thumbnailUrl":"https:\/\/fedemark.ee\/wp-content\/uploads\/2017\/06\/V2-1.jpg","datePublished":"2017-06-16T05:25:09+00:00","dateModified":"2017-07-25T13:01:28+00:00","breadcrumb":{"@id":"https:\/\/fedemark.ee\/fi\/tuotteet\/suurikantokykyiset-tikkaat\/lasikuituiset-teleskooppitikkaat\/v2\/#breadcrumb"},"inLanguage":"fi-FI","potentialAction":[{"@type":"ReadAction","target":["https:\/\/fedemark.ee\/fi\/tuotteet\/suurikantokykyiset-tikkaat\/lasikuituiset-teleskooppitikkaat\/v2\/"]}]},{"@type":"ImageObject","inLanguage":"fi-FI","@id":"https:\/\/fedemark.ee\/fi\/tuotteet\/suurikantokykyiset-tikkaat\/lasikuituiset-teleskooppitikkaat\/v2\/#primaryimage","url":"https:\/\/fedemark.ee\/wp-content\/uploads\/2017\/06\/V2-1.jpg","contentUrl":"https:\/\/fedemark.ee\/wp-content\/uploads\/2017\/06\/V2-1.jpg","width":800,"height":800},{"@type":"BreadcrumbList","@id":"https:\/\/fedemark.ee\/fi\/tuotteet\/suurikantokykyiset-tikkaat\/lasikuituiset-teleskooppitikkaat\/v2\/#breadcrumb","itemListElement":[{"@type":"ListItem","position":1,"name":"Home","item":"https:\/\/fedemark.ee\/fi\/"},{"@type":"ListItem","position":2,"name":"Tuotteet","item":"https:\/\/fedemark.ee\/fi\/tuotteet\/"},{"@type":"ListItem","position":3,"name":"V2"}]},{"@type":"WebSite","@id":"https:\/\/fedemark.ee\/#website","url":"https:\/\/fedemark.ee\/","name":"Fedemark","description":"Redelid, Tellingud, T\u00f6\u00f6platvormid ja vahekorrused","potentialAction":[{"@type":"SearchAction","target":{"@type":"EntryPoint","urlTemplate":"https:\/\/fedemark.ee\/?s={search_term_string}"},"query-input":"required name=search_term_string"}],"inLanguage":"fi-FI"}]}},"_links":{"self":[{"href":"https:\/\/fedemark.ee\/fi\/wp-json\/wp\/v2\/product\/7313"}],"collection":[{"href":"https:\/\/fedemark.ee\/fi\/wp-json\/wp\/v2\/product"}],"about":[{"href":"https:\/\/fedemark.ee\/fi\/wp-json\/wp\/v2\/types\/product"}],"replies":[{"embeddable":true,"href":"https:\/\/fedemark.ee\/fi\/wp-json\/wp\/v2\/comments?post=7313"}],"version-history":[{"count":0,"href":"https:\/\/fedemark.ee\/fi\/wp-json\/wp\/v2\/product\/7313\/revisions"}],"wp:featuredmedia":[{"embeddable":true,"href":"https:\/\/fedemark.ee\/fi\/wp-json\/wp\/v2\/media\/8953"}],"wp:attachment":[{"href":"https:\/\/fedemark.ee\/fi\/wp-json\/wp\/v2\/media?parent=7313"}],"wp:term":[{"taxonomy":"product_cat","embeddable":true,"href":"https:\/\/fedemark.ee\/fi\/wp-json\/wp\/v2\/product_cat?post=7313"},{"taxonomy":"product_tag","embeddable":true,"href":"https:\/\/fedemark.ee\/fi\/wp-json\/wp\/v2\/product_tag?post=7313"}],"curies":[{"name":"wp","href":"https:\/\/api.w.org\/{rel}","templated":true}]}}