{"id":7316,"date":"2017-06-16T05:33:26","date_gmt":"2017-06-16T05:33:26","guid":{"rendered":"https:\/\/sharks.ee\/fedemark\/shop\/uncategorized\/v3f\/"},"modified":"2017-07-25T13:04:49","modified_gmt":"2017-07-25T13:04:49","slug":"v3f","status":"publish","type":"product","link":"https:\/\/fedemark.ee\/fi\/tuotteet\/suurikantokykyiset-tikkaat\/lasikuituiset-teleskooppitikkaat\/v3f\/","title":{"rendered":"V3F"},"content":{"rendered":"","protected":false},"excerpt":{"rendered":"<p><em>Kolmiosaiset avattavat tikkaat k\u00f6ydell\u00e4<\/em><\/p>\n<p>Ammattik\u00e4ytt\u00f6\u00f6n tarkoitetut lasikuitutikkaat, jotka sopivat k\u00e4ytt\u00e4jille, jotka toimivat kaapelien, pistorasioiden tai muiden s\u00e4hk\u00f6nl\u00e4hteiden l\u00e4heisyydess\u00e4.<br \/>\nLasikuituinen kehys takaa s\u00e4hk\u00f6eristyksen ja meid\u00e4n tikkaamme ovat kevyit\u00e4 ja liukumattomien ja muhkuraisten alumiinipuolien ansiosta helppok\u00e4ytt\u00f6isi\u00e4.<\/p>\n<p>Kolmiosaiset avattavat tikkaat k\u00f6ydell\u00e4<\/p>\n<p>VAKIO-OSAT<br \/>\n\u2022 Liukupy\u00f6r\u00e4t<br \/>\n\u2022 Tukijalka<br \/>\n\u2022 S\u00e4\u00e4dett\u00e4v\u00e4 avain tukijalan kiinnitykseen<br \/>\n\u2022 Asennus- ja k\u00e4ytt\u00f6ohje<br \/>\n\u2022 Nailonvahvistus tukijalan sis\u00e4ll\u00e4<br \/>\n\u2022 Alumiininen avaamisj\u00e4rjestelm\u00e4<br \/>\n\u2022 Tikkaiden hallitsematonta avautumista est\u00e4v\u00e4 hihna<br \/>\n\u2022 Liukumattomat kumijalat<br \/>\n\u2022 Yl\u00f6sp\u00e4in liikkumista est\u00e4v\u00e4 mekanismi<br \/>\n\u2022 Jatkamista est\u00e4v\u00e4 mekanismi<br \/>\n\u2022 Kantavuus: 150 kg<br \/>\n\u2022 Portaan et\u00e4isyys: 28 cm<br \/>\n\u2022 Puolaosa: 27&#215;27 mm<br \/>\n\u2022\u00a0Alaosan leveys: 49 cm<\/p>\n<p>\u2022\u00a0Keskiosan leveys: 42 cm<br \/>\n\u2022 Yl\u00e4osan leveys: 36 cm<br \/>\n\u2022 L\u00e4mp\u00f6kutistuva muovipakkaus kuvineen<\/p>\n<p>Varustettu liukupy\u00f6rill\u00e4, tukijalalla ja hihnapy\u00f6r\u00e4ll\u00e4 k\u00f6yden ohjaamiseen.<\/p>\n<p>HUOM! T\u00e4t\u00e4 mallia ei voi k\u00e4ytt\u00e4\u00e4 porrastikkaina.<\/p>\n<p>Kolmas osa on v\u00e4hiten jatkettava (40 cm).<br \/>\nHUOM! Tulokset on saatu uusilla tikkailla ja kauniilla ilmalla.<\/p>\n<p><img loading=\"lazy\" decoding=\"async\" class=\"alignnone wp-image-5253\" src=\"https:\/\/fedemark.ee\/wp-content\/uploads\/2017\/06\/Ikoonid_29.jpg\" alt=\"\" width=\"74\" height=\"69\" \/><img loading=\"lazy\" decoding=\"async\" class=\"alignnone wp-image-5257\" src=\"https:\/\/fedemark.ee\/wp-content\/uploads\/2017\/06\/Ikoonid_03-Copy.jpg\" alt=\"\" width=\"67\" height=\"68\" srcset=\"https:\/\/fedemark.ee\/wp-content\/uploads\/2017\/06\/Ikoonid_03-Copy.jpg 132w, https:\/\/fedemark.ee\/wp-content\/uploads\/2017\/06\/Ikoonid_03-Copy-100x100.jpg 100w\" sizes=\"(max-width: 67px) 100vw, 67px\" \/><img loading=\"lazy\" decoding=\"async\" class=\"alignnone wp-image-5353\" src=\"https:\/\/fedemark.ee\/wp-content\/uploads\/2017\/06\/Ikoonid_50.jpg\" alt=\"\" width=\"59\" height=\"71\" \/><img loading=\"lazy\" decoding=\"async\" class=\"alignnone wp-image-5337\" src=\"https:\/\/fedemark.ee\/wp-content\/uploads\/2017\/06\/Ikoonid_38-Copy.jpg\" alt=\"\" width=\"87\" height=\"83\" \/><\/p>\n","protected":false},"featured_media":8961,"comment_status":"open","ping_status":"closed","template":"","meta":{"footnotes":""},"product_cat":[185,205],"product_tag":[],"yoast_head":"<!-- This site is optimized with the Yoast SEO plugin v22.6 - https:\/\/yoast.com\/wordpress\/plugins\/seo\/ -->\n<title>V3F - Fedemark<\/title>\n<meta name=\"robots\" content=\"index, follow, max-snippet:-1, max-image-preview:large, max-video-preview:-1\" \/>\n<link rel=\"canonical\" href=\"https:\/\/fedemark.ee\/fi\/tuotteet\/suurikantokykyiset-tikkaat\/lasikuituiset-teleskooppitikkaat\/v3f\/\" \/>\n<meta property=\"og:locale\" content=\"fi_FI\" \/>\n<meta property=\"og:type\" content=\"article\" \/>\n<meta property=\"og:title\" content=\"V3F - Fedemark\" \/>\n<meta property=\"og:description\" content=\"Kolmiosaiset avattavat tikkaat k\u00f6ydell\u00e4  Ammattik\u00e4ytt\u00f6\u00f6n tarkoitetut lasikuitutikkaat, jotka sopivat k\u00e4ytt\u00e4jille, jotka toimivat kaapelien, pistorasioiden tai muiden s\u00e4hk\u00f6nl\u00e4hteiden l\u00e4heisyydess\u00e4. Lasikuituinen kehys takaa s\u00e4hk\u00f6eristyksen ja meid\u00e4n tikkaamme ovat kevyit\u00e4 ja liukumattomien ja muhkuraisten alumiinipuolien ansiosta helppok\u00e4ytt\u00f6isi\u00e4.  Kolmiosaiset avattavat tikkaat k\u00f6ydell\u00e4  VAKIO-OSAT \u2022 Liukupy\u00f6r\u00e4t \u2022 Tukijalka \u2022 S\u00e4\u00e4dett\u00e4v\u00e4 avain tukijalan kiinnitykseen \u2022 Asennus- ja k\u00e4ytt\u00f6ohje \u2022 Nailonvahvistus tukijalan sis\u00e4ll\u00e4 \u2022 Alumiininen avaamisj\u00e4rjestelm\u00e4 \u2022 Tikkaiden hallitsematonta avautumista est\u00e4v\u00e4 hihna \u2022 Liukumattomat kumijalat \u2022 Yl\u00f6sp\u00e4in liikkumista est\u00e4v\u00e4 mekanismi \u2022 Jatkamista est\u00e4v\u00e4 mekanismi \u2022 Kantavuus: 150 kg \u2022 Portaan et\u00e4isyys: 28 cm \u2022 Puolaosa: 27x27 mm \u2022\u00a0Alaosan leveys: 49 cm  \u2022\u00a0Keskiosan leveys: 42 cm \u2022 Yl\u00e4osan leveys: 36 cm \u2022 L\u00e4mp\u00f6kutistuva muovipakkaus kuvineen  Varustettu liukupy\u00f6rill\u00e4, tukijalalla ja hihnapy\u00f6r\u00e4ll\u00e4 k\u00f6yden ohjaamiseen.  HUOM! T\u00e4t\u00e4 mallia ei voi k\u00e4ytt\u00e4\u00e4 porrastikkaina.  Kolmas osa on v\u00e4hiten jatkettava (40 cm). HUOM! Tulokset on saatu uusilla tikkailla ja kauniilla ilmalla.\" \/>\n<meta property=\"og:url\" content=\"https:\/\/fedemark.ee\/fi\/tuotteet\/suurikantokykyiset-tikkaat\/lasikuituiset-teleskooppitikkaat\/v3f\/\" \/>\n<meta property=\"og:site_name\" content=\"Fedemark\" \/>\n<meta property=\"article:modified_time\" content=\"2017-07-25T13:04:49+00:00\" \/>\n<meta property=\"og:image\" content=\"https:\/\/fedemark.ee\/wp-content\/uploads\/2017\/06\/V3F-2.jpg\" \/>\n\t<meta property=\"og:image:width\" content=\"800\" \/>\n\t<meta property=\"og:image:height\" content=\"800\" \/>\n\t<meta property=\"og:image:type\" content=\"image\/jpeg\" \/>\n<meta name=\"twitter:card\" content=\"summary_large_image\" \/>\n<script type=\"application\/ld+json\" class=\"yoast-schema-graph\">{\"@context\":\"https:\/\/schema.org\",\"@graph\":[{\"@type\":\"WebPage\",\"@id\":\"https:\/\/fedemark.ee\/fi\/tuotteet\/suurikantokykyiset-tikkaat\/lasikuituiset-teleskooppitikkaat\/v3f\/\",\"url\":\"https:\/\/fedemark.ee\/fi\/tuotteet\/suurikantokykyiset-tikkaat\/lasikuituiset-teleskooppitikkaat\/v3f\/\",\"name\":\"V3F - Fedemark\",\"isPartOf\":{\"@id\":\"https:\/\/fedemark.ee\/#website\"},\"primaryImageOfPage\":{\"@id\":\"https:\/\/fedemark.ee\/fi\/tuotteet\/suurikantokykyiset-tikkaat\/lasikuituiset-teleskooppitikkaat\/v3f\/#primaryimage\"},\"image\":{\"@id\":\"https:\/\/fedemark.ee\/fi\/tuotteet\/suurikantokykyiset-tikkaat\/lasikuituiset-teleskooppitikkaat\/v3f\/#primaryimage\"},\"thumbnailUrl\":\"https:\/\/fedemark.ee\/wp-content\/uploads\/2017\/06\/V3F-2.jpg\",\"datePublished\":\"2017-06-16T05:33:26+00:00\",\"dateModified\":\"2017-07-25T13:04:49+00:00\",\"breadcrumb\":{\"@id\":\"https:\/\/fedemark.ee\/fi\/tuotteet\/suurikantokykyiset-tikkaat\/lasikuituiset-teleskooppitikkaat\/v3f\/#breadcrumb\"},\"inLanguage\":\"fi-FI\",\"potentialAction\":[{\"@type\":\"ReadAction\",\"target\":[\"https:\/\/fedemark.ee\/fi\/tuotteet\/suurikantokykyiset-tikkaat\/lasikuituiset-teleskooppitikkaat\/v3f\/\"]}]},{\"@type\":\"ImageObject\",\"inLanguage\":\"fi-FI\",\"@id\":\"https:\/\/fedemark.ee\/fi\/tuotteet\/suurikantokykyiset-tikkaat\/lasikuituiset-teleskooppitikkaat\/v3f\/#primaryimage\",\"url\":\"https:\/\/fedemark.ee\/wp-content\/uploads\/2017\/06\/V3F-2.jpg\",\"contentUrl\":\"https:\/\/fedemark.ee\/wp-content\/uploads\/2017\/06\/V3F-2.jpg\",\"width\":800,\"height\":800},{\"@type\":\"BreadcrumbList\",\"@id\":\"https:\/\/fedemark.ee\/fi\/tuotteet\/suurikantokykyiset-tikkaat\/lasikuituiset-teleskooppitikkaat\/v3f\/#breadcrumb\",\"itemListElement\":[{\"@type\":\"ListItem\",\"position\":1,\"name\":\"Home\",\"item\":\"https:\/\/fedemark.ee\/fi\/\"},{\"@type\":\"ListItem\",\"position\":2,\"name\":\"Tuotteet\",\"item\":\"https:\/\/fedemark.ee\/fi\/tuotteet\/\"},{\"@type\":\"ListItem\",\"position\":3,\"name\":\"V3F\"}]},{\"@type\":\"WebSite\",\"@id\":\"https:\/\/fedemark.ee\/#website\",\"url\":\"https:\/\/fedemark.ee\/\",\"name\":\"Fedemark\",\"description\":\"Redelid, Tellingud, T\u00f6\u00f6platvormid ja vahekorrused\",\"potentialAction\":[{\"@type\":\"SearchAction\",\"target\":{\"@type\":\"EntryPoint\",\"urlTemplate\":\"https:\/\/fedemark.ee\/?s={search_term_string}\"},\"query-input\":\"required name=search_term_string\"}],\"inLanguage\":\"fi-FI\"}]}<\/script>\n<!-- \/ Yoast SEO plugin. -->","yoast_head_json":{"title":"V3F - Fedemark","robots":{"index":"index","follow":"follow","max-snippet":"max-snippet:-1","max-image-preview":"max-image-preview:large","max-video-preview":"max-video-preview:-1"},"canonical":"https:\/\/fedemark.ee\/fi\/tuotteet\/suurikantokykyiset-tikkaat\/lasikuituiset-teleskooppitikkaat\/v3f\/","og_locale":"fi_FI","og_type":"article","og_title":"V3F - Fedemark","og_description":"Kolmiosaiset avattavat tikkaat k\u00f6ydell\u00e4  Ammattik\u00e4ytt\u00f6\u00f6n tarkoitetut lasikuitutikkaat, jotka sopivat k\u00e4ytt\u00e4jille, jotka toimivat kaapelien, pistorasioiden tai muiden s\u00e4hk\u00f6nl\u00e4hteiden l\u00e4heisyydess\u00e4. Lasikuituinen kehys takaa s\u00e4hk\u00f6eristyksen ja meid\u00e4n tikkaamme ovat kevyit\u00e4 ja liukumattomien ja muhkuraisten alumiinipuolien ansiosta helppok\u00e4ytt\u00f6isi\u00e4.  Kolmiosaiset avattavat tikkaat k\u00f6ydell\u00e4  VAKIO-OSAT \u2022 Liukupy\u00f6r\u00e4t \u2022 Tukijalka \u2022 S\u00e4\u00e4dett\u00e4v\u00e4 avain tukijalan kiinnitykseen \u2022 Asennus- ja k\u00e4ytt\u00f6ohje \u2022 Nailonvahvistus tukijalan sis\u00e4ll\u00e4 \u2022 Alumiininen avaamisj\u00e4rjestelm\u00e4 \u2022 Tikkaiden hallitsematonta avautumista est\u00e4v\u00e4 hihna \u2022 Liukumattomat kumijalat \u2022 Yl\u00f6sp\u00e4in liikkumista est\u00e4v\u00e4 mekanismi \u2022 Jatkamista est\u00e4v\u00e4 mekanismi \u2022 Kantavuus: 150 kg \u2022 Portaan et\u00e4isyys: 28 cm \u2022 Puolaosa: 27x27 mm \u2022\u00a0Alaosan leveys: 49 cm  \u2022\u00a0Keskiosan leveys: 42 cm \u2022 Yl\u00e4osan leveys: 36 cm \u2022 L\u00e4mp\u00f6kutistuva muovipakkaus kuvineen  Varustettu liukupy\u00f6rill\u00e4, tukijalalla ja hihnapy\u00f6r\u00e4ll\u00e4 k\u00f6yden ohjaamiseen.  HUOM! T\u00e4t\u00e4 mallia ei voi k\u00e4ytt\u00e4\u00e4 porrastikkaina.  Kolmas osa on v\u00e4hiten jatkettava (40 cm). HUOM! Tulokset on saatu uusilla tikkailla ja kauniilla ilmalla.","og_url":"https:\/\/fedemark.ee\/fi\/tuotteet\/suurikantokykyiset-tikkaat\/lasikuituiset-teleskooppitikkaat\/v3f\/","og_site_name":"Fedemark","article_modified_time":"2017-07-25T13:04:49+00:00","og_image":[{"width":800,"height":800,"url":"https:\/\/fedemark.ee\/wp-content\/uploads\/2017\/06\/V3F-2.jpg","type":"image\/jpeg"}],"twitter_card":"summary_large_image","schema":{"@context":"https:\/\/schema.org","@graph":[{"@type":"WebPage","@id":"https:\/\/fedemark.ee\/fi\/tuotteet\/suurikantokykyiset-tikkaat\/lasikuituiset-teleskooppitikkaat\/v3f\/","url":"https:\/\/fedemark.ee\/fi\/tuotteet\/suurikantokykyiset-tikkaat\/lasikuituiset-teleskooppitikkaat\/v3f\/","name":"V3F - Fedemark","isPartOf":{"@id":"https:\/\/fedemark.ee\/#website"},"primaryImageOfPage":{"@id":"https:\/\/fedemark.ee\/fi\/tuotteet\/suurikantokykyiset-tikkaat\/lasikuituiset-teleskooppitikkaat\/v3f\/#primaryimage"},"image":{"@id":"https:\/\/fedemark.ee\/fi\/tuotteet\/suurikantokykyiset-tikkaat\/lasikuituiset-teleskooppitikkaat\/v3f\/#primaryimage"},"thumbnailUrl":"https:\/\/fedemark.ee\/wp-content\/uploads\/2017\/06\/V3F-2.jpg","datePublished":"2017-06-16T05:33:26+00:00","dateModified":"2017-07-25T13:04:49+00:00","breadcrumb":{"@id":"https:\/\/fedemark.ee\/fi\/tuotteet\/suurikantokykyiset-tikkaat\/lasikuituiset-teleskooppitikkaat\/v3f\/#breadcrumb"},"inLanguage":"fi-FI","potentialAction":[{"@type":"ReadAction","target":["https:\/\/fedemark.ee\/fi\/tuotteet\/suurikantokykyiset-tikkaat\/lasikuituiset-teleskooppitikkaat\/v3f\/"]}]},{"@type":"ImageObject","inLanguage":"fi-FI","@id":"https:\/\/fedemark.ee\/fi\/tuotteet\/suurikantokykyiset-tikkaat\/lasikuituiset-teleskooppitikkaat\/v3f\/#primaryimage","url":"https:\/\/fedemark.ee\/wp-content\/uploads\/2017\/06\/V3F-2.jpg","contentUrl":"https:\/\/fedemark.ee\/wp-content\/uploads\/2017\/06\/V3F-2.jpg","width":800,"height":800},{"@type":"BreadcrumbList","@id":"https:\/\/fedemark.ee\/fi\/tuotteet\/suurikantokykyiset-tikkaat\/lasikuituiset-teleskooppitikkaat\/v3f\/#breadcrumb","itemListElement":[{"@type":"ListItem","position":1,"name":"Home","item":"https:\/\/fedemark.ee\/fi\/"},{"@type":"ListItem","position":2,"name":"Tuotteet","item":"https:\/\/fedemark.ee\/fi\/tuotteet\/"},{"@type":"ListItem","position":3,"name":"V3F"}]},{"@type":"WebSite","@id":"https:\/\/fedemark.ee\/#website","url":"https:\/\/fedemark.ee\/","name":"Fedemark","description":"Redelid, Tellingud, T\u00f6\u00f6platvormid ja vahekorrused","potentialAction":[{"@type":"SearchAction","target":{"@type":"EntryPoint","urlTemplate":"https:\/\/fedemark.ee\/?s={search_term_string}"},"query-input":"required name=search_term_string"}],"inLanguage":"fi-FI"}]}},"_links":{"self":[{"href":"https:\/\/fedemark.ee\/fi\/wp-json\/wp\/v2\/product\/7316"}],"collection":[{"href":"https:\/\/fedemark.ee\/fi\/wp-json\/wp\/v2\/product"}],"about":[{"href":"https:\/\/fedemark.ee\/fi\/wp-json\/wp\/v2\/types\/product"}],"replies":[{"embeddable":true,"href":"https:\/\/fedemark.ee\/fi\/wp-json\/wp\/v2\/comments?post=7316"}],"version-history":[{"count":0,"href":"https:\/\/fedemark.ee\/fi\/wp-json\/wp\/v2\/product\/7316\/revisions"}],"wp:featuredmedia":[{"embeddable":true,"href":"https:\/\/fedemark.ee\/fi\/wp-json\/wp\/v2\/media\/8961"}],"wp:attachment":[{"href":"https:\/\/fedemark.ee\/fi\/wp-json\/wp\/v2\/media?parent=7316"}],"wp:term":[{"taxonomy":"product_cat","embeddable":true,"href":"https:\/\/fedemark.ee\/fi\/wp-json\/wp\/v2\/product_cat?post=7316"},{"taxonomy":"product_tag","embeddable":true,"href":"https:\/\/fedemark.ee\/fi\/wp-json\/wp\/v2\/product_tag?post=7316"}],"curies":[{"name":"wp","href":"https:\/\/api.w.org\/{rel}","templated":true}]}}