{"id":7317,"date":"2017-06-16T05:35:04","date_gmt":"2017-06-16T05:35:04","guid":{"rendered":"https:\/\/sharks.ee\/fedemark\/shop\/uncategorized\/smart-1\/"},"modified":"2017-07-25T13:06:04","modified_gmt":"2017-07-25T13:06:04","slug":"smart-1","status":"publish","type":"product","link":"https:\/\/fedemark.ee\/fi\/tuotteet\/suurikantokykyiset-tikkaat\/lasikuituiset-porrastikkaat\/smart-1\/","title":{"rendered":"Smart 1"},"content":{"rendered":"","protected":false},"excerpt":{"rendered":"<p><em>Tasolla ja suojakaiteella varustetut yksipuoliset porrastikkaat<\/em><\/p>\n<p>Alumiinisin lattein askelmin ja tasolla sek\u00e4 suojakaiteella varustetut yksipuoliset porrastikkaat.<\/p>\n<p>Ammattik\u00e4ytt\u00f6\u00f6n tarkoitetut lasikuitutikkaat, jotka sopivat k\u00e4ytt\u00e4jille, jotka toimivat kaapelien, pistorasioiden tai muiden s\u00e4hk\u00f6nl\u00e4hteiden l\u00e4heisyydess\u00e4.<br \/>\nLasikuituinen kehys takaa s\u00e4hk\u00f6eristyksen ja meid\u00e4n tikkaamme ovat kevyit\u00e4 ja liukumattomien ja muhkuraisten alumiinipuolien ansiosta helppok\u00e4ytt\u00f6isi\u00e4.<\/p>\n<p>TEKNISET OMINAISUUDET<br \/>\n\u2022 Askelmien v\u00e4linen et\u00e4isyys: 25 cm<br \/>\n\u2022 Liukumattomat askelmat: 8 cm<br \/>\n\u2022 Polypropeeninen taso (25,5&#215;28 cm)<br \/>\n\u2022 Suojakaiteen korkeus: 60 cm<br \/>\n\u2022 C-muotoinen kehys: 82&#215;30 mm<br \/>\n\u2022 Kantavuus: 150 kg<br \/>\n\u2022 Puolien m\u00e4\u00e4r\u00e4: 5\u221210<br \/>\n\u2022 Porrastikkaiden korkeus: 1,16\u22122,30 m<\/p>\n<p>VAKIO-OSAT<br \/>\n\u2022 Tikkaiden hallitsematonta avautumista est\u00e4v\u00e4 hihna<br \/>\n\u2022 Ergonomiset, vahvistetut ja liukumattomasta kumista valmistetut jalat<br \/>\n\u2022 Vahvistukset askelmien alla<br \/>\n\u2022 Ty\u00f6v\u00e4lineille tila<br \/>\n\u2022 Kyltti ja asennus- ja k\u00e4ytt\u00f6ohje<br \/>\n\u2022 L\u00e4mp\u00f6kutistuva muovipakkaus kuvineen<\/p>\n<p><img loading=\"lazy\" decoding=\"async\" class=\"alignnone wp-image-5253\" src=\"https:\/\/fedemark.ee\/wp-content\/uploads\/2017\/06\/Ikoonid_29.jpg\" alt=\"\" width=\"81\" height=\"75\" \/><img loading=\"lazy\" decoding=\"async\" class=\"alignnone wp-image-5261\" src=\"https:\/\/fedemark.ee\/wp-content\/uploads\/2017\/06\/Ikoonid_03.jpg\" alt=\"\" width=\"73\" height=\"74\" srcset=\"https:\/\/fedemark.ee\/wp-content\/uploads\/2017\/06\/Ikoonid_03.jpg 132w, https:\/\/fedemark.ee\/wp-content\/uploads\/2017\/06\/Ikoonid_03-100x100.jpg 100w\" sizes=\"(max-width: 73px) 100vw, 73px\" \/><img loading=\"lazy\" decoding=\"async\" class=\"alignnone wp-image-5353\" src=\"https:\/\/fedemark.ee\/wp-content\/uploads\/2017\/06\/Ikoonid_50.jpg\" alt=\"\" width=\"63\" height=\"75\" \/><\/p>\n","protected":false},"featured_media":9422,"comment_status":"open","ping_status":"closed","template":"","meta":{"footnotes":""},"product_cat":[186,205],"product_tag":[],"yoast_head":"<!-- This site is optimized with the Yoast SEO plugin v22.6 - https:\/\/yoast.com\/wordpress\/plugins\/seo\/ -->\n<title>Smart 1 - Fedemark<\/title>\n<meta name=\"robots\" content=\"index, follow, max-snippet:-1, max-image-preview:large, max-video-preview:-1\" \/>\n<link rel=\"canonical\" href=\"https:\/\/fedemark.ee\/fi\/tuotteet\/suurikantokykyiset-tikkaat\/lasikuituiset-porrastikkaat\/smart-1\/\" \/>\n<meta property=\"og:locale\" content=\"fi_FI\" \/>\n<meta property=\"og:type\" content=\"article\" \/>\n<meta property=\"og:title\" content=\"Smart 1 - Fedemark\" \/>\n<meta property=\"og:description\" content=\"Tasolla ja suojakaiteella varustetut yksipuoliset porrastikkaat  Alumiinisin lattein askelmin ja tasolla sek\u00e4 suojakaiteella varustetut yksipuoliset porrastikkaat.  Ammattik\u00e4ytt\u00f6\u00f6n tarkoitetut lasikuitutikkaat, jotka sopivat k\u00e4ytt\u00e4jille, jotka toimivat kaapelien, pistorasioiden tai muiden s\u00e4hk\u00f6nl\u00e4hteiden l\u00e4heisyydess\u00e4. Lasikuituinen kehys takaa s\u00e4hk\u00f6eristyksen ja meid\u00e4n tikkaamme ovat kevyit\u00e4 ja liukumattomien ja muhkuraisten alumiinipuolien ansiosta helppok\u00e4ytt\u00f6isi\u00e4.  TEKNISET OMINAISUUDET \u2022 Askelmien v\u00e4linen et\u00e4isyys: 25 cm \u2022 Liukumattomat askelmat: 8 cm \u2022 Polypropeeninen taso (25,5x28 cm) \u2022 Suojakaiteen korkeus: 60 cm \u2022 C-muotoinen kehys: 82x30 mm \u2022 Kantavuus: 150 kg \u2022 Puolien m\u00e4\u00e4r\u00e4: 5\u221210 \u2022 Porrastikkaiden korkeus: 1,16\u22122,30 m  VAKIO-OSAT \u2022 Tikkaiden hallitsematonta avautumista est\u00e4v\u00e4 hihna \u2022 Ergonomiset, vahvistetut ja liukumattomasta kumista valmistetut jalat \u2022 Vahvistukset askelmien alla \u2022 Ty\u00f6v\u00e4lineille tila \u2022 Kyltti ja asennus- ja k\u00e4ytt\u00f6ohje \u2022 L\u00e4mp\u00f6kutistuva muovipakkaus kuvineen\" \/>\n<meta property=\"og:url\" content=\"https:\/\/fedemark.ee\/fi\/tuotteet\/suurikantokykyiset-tikkaat\/lasikuituiset-porrastikkaat\/smart-1\/\" \/>\n<meta property=\"og:site_name\" content=\"Fedemark\" \/>\n<meta property=\"article:modified_time\" content=\"2017-07-25T13:06:04+00:00\" \/>\n<meta property=\"og:image\" content=\"https:\/\/fedemark.ee\/wp-content\/uploads\/2017\/06\/smart1-1.jpg\" \/>\n\t<meta property=\"og:image:width\" content=\"800\" \/>\n\t<meta property=\"og:image:height\" content=\"800\" \/>\n\t<meta property=\"og:image:type\" content=\"image\/jpeg\" \/>\n<meta name=\"twitter:card\" content=\"summary_large_image\" \/>\n<script type=\"application\/ld+json\" class=\"yoast-schema-graph\">{\"@context\":\"https:\/\/schema.org\",\"@graph\":[{\"@type\":\"WebPage\",\"@id\":\"https:\/\/fedemark.ee\/fi\/tuotteet\/suurikantokykyiset-tikkaat\/lasikuituiset-porrastikkaat\/smart-1\/\",\"url\":\"https:\/\/fedemark.ee\/fi\/tuotteet\/suurikantokykyiset-tikkaat\/lasikuituiset-porrastikkaat\/smart-1\/\",\"name\":\"Smart 1 - Fedemark\",\"isPartOf\":{\"@id\":\"https:\/\/fedemark.ee\/#website\"},\"primaryImageOfPage\":{\"@id\":\"https:\/\/fedemark.ee\/fi\/tuotteet\/suurikantokykyiset-tikkaat\/lasikuituiset-porrastikkaat\/smart-1\/#primaryimage\"},\"image\":{\"@id\":\"https:\/\/fedemark.ee\/fi\/tuotteet\/suurikantokykyiset-tikkaat\/lasikuituiset-porrastikkaat\/smart-1\/#primaryimage\"},\"thumbnailUrl\":\"https:\/\/fedemark.ee\/wp-content\/uploads\/2017\/06\/smart1-1.jpg\",\"datePublished\":\"2017-06-16T05:35:04+00:00\",\"dateModified\":\"2017-07-25T13:06:04+00:00\",\"breadcrumb\":{\"@id\":\"https:\/\/fedemark.ee\/fi\/tuotteet\/suurikantokykyiset-tikkaat\/lasikuituiset-porrastikkaat\/smart-1\/#breadcrumb\"},\"inLanguage\":\"fi-FI\",\"potentialAction\":[{\"@type\":\"ReadAction\",\"target\":[\"https:\/\/fedemark.ee\/fi\/tuotteet\/suurikantokykyiset-tikkaat\/lasikuituiset-porrastikkaat\/smart-1\/\"]}]},{\"@type\":\"ImageObject\",\"inLanguage\":\"fi-FI\",\"@id\":\"https:\/\/fedemark.ee\/fi\/tuotteet\/suurikantokykyiset-tikkaat\/lasikuituiset-porrastikkaat\/smart-1\/#primaryimage\",\"url\":\"https:\/\/fedemark.ee\/wp-content\/uploads\/2017\/06\/smart1-1.jpg\",\"contentUrl\":\"https:\/\/fedemark.ee\/wp-content\/uploads\/2017\/06\/smart1-1.jpg\",\"width\":800,\"height\":800},{\"@type\":\"BreadcrumbList\",\"@id\":\"https:\/\/fedemark.ee\/fi\/tuotteet\/suurikantokykyiset-tikkaat\/lasikuituiset-porrastikkaat\/smart-1\/#breadcrumb\",\"itemListElement\":[{\"@type\":\"ListItem\",\"position\":1,\"name\":\"Home\",\"item\":\"https:\/\/fedemark.ee\/fi\/\"},{\"@type\":\"ListItem\",\"position\":2,\"name\":\"Tuotteet\",\"item\":\"https:\/\/fedemark.ee\/fi\/tuotteet\/\"},{\"@type\":\"ListItem\",\"position\":3,\"name\":\"Smart 1\"}]},{\"@type\":\"WebSite\",\"@id\":\"https:\/\/fedemark.ee\/#website\",\"url\":\"https:\/\/fedemark.ee\/\",\"name\":\"Fedemark\",\"description\":\"Redelid, Tellingud, T\u00f6\u00f6platvormid ja vahekorrused\",\"potentialAction\":[{\"@type\":\"SearchAction\",\"target\":{\"@type\":\"EntryPoint\",\"urlTemplate\":\"https:\/\/fedemark.ee\/?s={search_term_string}\"},\"query-input\":\"required name=search_term_string\"}],\"inLanguage\":\"fi-FI\"}]}<\/script>\n<!-- \/ Yoast SEO plugin. -->","yoast_head_json":{"title":"Smart 1 - Fedemark","robots":{"index":"index","follow":"follow","max-snippet":"max-snippet:-1","max-image-preview":"max-image-preview:large","max-video-preview":"max-video-preview:-1"},"canonical":"https:\/\/fedemark.ee\/fi\/tuotteet\/suurikantokykyiset-tikkaat\/lasikuituiset-porrastikkaat\/smart-1\/","og_locale":"fi_FI","og_type":"article","og_title":"Smart 1 - Fedemark","og_description":"Tasolla ja suojakaiteella varustetut yksipuoliset porrastikkaat  Alumiinisin lattein askelmin ja tasolla sek\u00e4 suojakaiteella varustetut yksipuoliset porrastikkaat.  Ammattik\u00e4ytt\u00f6\u00f6n tarkoitetut lasikuitutikkaat, jotka sopivat k\u00e4ytt\u00e4jille, jotka toimivat kaapelien, pistorasioiden tai muiden s\u00e4hk\u00f6nl\u00e4hteiden l\u00e4heisyydess\u00e4. Lasikuituinen kehys takaa s\u00e4hk\u00f6eristyksen ja meid\u00e4n tikkaamme ovat kevyit\u00e4 ja liukumattomien ja muhkuraisten alumiinipuolien ansiosta helppok\u00e4ytt\u00f6isi\u00e4.  TEKNISET OMINAISUUDET \u2022 Askelmien v\u00e4linen et\u00e4isyys: 25 cm \u2022 Liukumattomat askelmat: 8 cm \u2022 Polypropeeninen taso (25,5x28 cm) \u2022 Suojakaiteen korkeus: 60 cm \u2022 C-muotoinen kehys: 82x30 mm \u2022 Kantavuus: 150 kg \u2022 Puolien m\u00e4\u00e4r\u00e4: 5\u221210 \u2022 Porrastikkaiden korkeus: 1,16\u22122,30 m  VAKIO-OSAT \u2022 Tikkaiden hallitsematonta avautumista est\u00e4v\u00e4 hihna \u2022 Ergonomiset, vahvistetut ja liukumattomasta kumista valmistetut jalat \u2022 Vahvistukset askelmien alla \u2022 Ty\u00f6v\u00e4lineille tila \u2022 Kyltti ja asennus- ja k\u00e4ytt\u00f6ohje \u2022 L\u00e4mp\u00f6kutistuva muovipakkaus kuvineen","og_url":"https:\/\/fedemark.ee\/fi\/tuotteet\/suurikantokykyiset-tikkaat\/lasikuituiset-porrastikkaat\/smart-1\/","og_site_name":"Fedemark","article_modified_time":"2017-07-25T13:06:04+00:00","og_image":[{"width":800,"height":800,"url":"https:\/\/fedemark.ee\/wp-content\/uploads\/2017\/06\/smart1-1.jpg","type":"image\/jpeg"}],"twitter_card":"summary_large_image","schema":{"@context":"https:\/\/schema.org","@graph":[{"@type":"WebPage","@id":"https:\/\/fedemark.ee\/fi\/tuotteet\/suurikantokykyiset-tikkaat\/lasikuituiset-porrastikkaat\/smart-1\/","url":"https:\/\/fedemark.ee\/fi\/tuotteet\/suurikantokykyiset-tikkaat\/lasikuituiset-porrastikkaat\/smart-1\/","name":"Smart 1 - Fedemark","isPartOf":{"@id":"https:\/\/fedemark.ee\/#website"},"primaryImageOfPage":{"@id":"https:\/\/fedemark.ee\/fi\/tuotteet\/suurikantokykyiset-tikkaat\/lasikuituiset-porrastikkaat\/smart-1\/#primaryimage"},"image":{"@id":"https:\/\/fedemark.ee\/fi\/tuotteet\/suurikantokykyiset-tikkaat\/lasikuituiset-porrastikkaat\/smart-1\/#primaryimage"},"thumbnailUrl":"https:\/\/fedemark.ee\/wp-content\/uploads\/2017\/06\/smart1-1.jpg","datePublished":"2017-06-16T05:35:04+00:00","dateModified":"2017-07-25T13:06:04+00:00","breadcrumb":{"@id":"https:\/\/fedemark.ee\/fi\/tuotteet\/suurikantokykyiset-tikkaat\/lasikuituiset-porrastikkaat\/smart-1\/#breadcrumb"},"inLanguage":"fi-FI","potentialAction":[{"@type":"ReadAction","target":["https:\/\/fedemark.ee\/fi\/tuotteet\/suurikantokykyiset-tikkaat\/lasikuituiset-porrastikkaat\/smart-1\/"]}]},{"@type":"ImageObject","inLanguage":"fi-FI","@id":"https:\/\/fedemark.ee\/fi\/tuotteet\/suurikantokykyiset-tikkaat\/lasikuituiset-porrastikkaat\/smart-1\/#primaryimage","url":"https:\/\/fedemark.ee\/wp-content\/uploads\/2017\/06\/smart1-1.jpg","contentUrl":"https:\/\/fedemark.ee\/wp-content\/uploads\/2017\/06\/smart1-1.jpg","width":800,"height":800},{"@type":"BreadcrumbList","@id":"https:\/\/fedemark.ee\/fi\/tuotteet\/suurikantokykyiset-tikkaat\/lasikuituiset-porrastikkaat\/smart-1\/#breadcrumb","itemListElement":[{"@type":"ListItem","position":1,"name":"Home","item":"https:\/\/fedemark.ee\/fi\/"},{"@type":"ListItem","position":2,"name":"Tuotteet","item":"https:\/\/fedemark.ee\/fi\/tuotteet\/"},{"@type":"ListItem","position":3,"name":"Smart 1"}]},{"@type":"WebSite","@id":"https:\/\/fedemark.ee\/#website","url":"https:\/\/fedemark.ee\/","name":"Fedemark","description":"Redelid, Tellingud, T\u00f6\u00f6platvormid ja vahekorrused","potentialAction":[{"@type":"SearchAction","target":{"@type":"EntryPoint","urlTemplate":"https:\/\/fedemark.ee\/?s={search_term_string}"},"query-input":"required name=search_term_string"}],"inLanguage":"fi-FI"}]}},"_links":{"self":[{"href":"https:\/\/fedemark.ee\/fi\/wp-json\/wp\/v2\/product\/7317"}],"collection":[{"href":"https:\/\/fedemark.ee\/fi\/wp-json\/wp\/v2\/product"}],"about":[{"href":"https:\/\/fedemark.ee\/fi\/wp-json\/wp\/v2\/types\/product"}],"replies":[{"embeddable":true,"href":"https:\/\/fedemark.ee\/fi\/wp-json\/wp\/v2\/comments?post=7317"}],"version-history":[{"count":0,"href":"https:\/\/fedemark.ee\/fi\/wp-json\/wp\/v2\/product\/7317\/revisions"}],"wp:featuredmedia":[{"embeddable":true,"href":"https:\/\/fedemark.ee\/fi\/wp-json\/wp\/v2\/media\/9422"}],"wp:attachment":[{"href":"https:\/\/fedemark.ee\/fi\/wp-json\/wp\/v2\/media?parent=7317"}],"wp:term":[{"taxonomy":"product_cat","embeddable":true,"href":"https:\/\/fedemark.ee\/fi\/wp-json\/wp\/v2\/product_cat?post=7317"},{"taxonomy":"product_tag","embeddable":true,"href":"https:\/\/fedemark.ee\/fi\/wp-json\/wp\/v2\/product_tag?post=7317"}],"curies":[{"name":"wp","href":"https:\/\/api.w.org\/{rel}","templated":true}]}}