{"id":7318,"date":"2017-06-30T12:37:17","date_gmt":"2017-06-30T12:37:17","guid":{"rendered":"https:\/\/sharks.ee\/fedemark\/shop\/uncategorized\/v6\/"},"modified":"2017-07-25T13:07:34","modified_gmt":"2017-07-25T13:07:34","slug":"v6","status":"publish","type":"product","link":"https:\/\/fedemark.ee\/fi\/tuotteet\/suurikantokykyiset-tikkaat\/lasikuituiset-porrastikkaat\/v6\/","title":{"rendered":"V6"},"content":{"rendered":"","protected":false},"excerpt":{"rendered":"<p><em>Kaksipuoliset porrastikkaat<\/em><\/p>\n<p>Ammattik\u00e4ytt\u00f6\u00f6n tarkoitetut lasikuitutikkaat, jotka sopivat k\u00e4ytt\u00e4jille, jotka toimivat kaapelien, pistorasioiden tai muiden s\u00e4hk\u00f6nl\u00e4hteiden l\u00e4heisyydess\u00e4.<br \/>\nLasikuituinen kehys takaa s\u00e4hk\u00f6eristyksen ja meid\u00e4n tikkaamme ovat kevyit\u00e4 ja liukumattomien ja muhkuraisten alumiinipuolien ansiosta helppok\u00e4ytt\u00f6isi\u00e4.<br \/>\nTEKNISET OMINAISUUDET<br \/>\n\u2022 Askelmien v\u00e4linen et\u00e4isyys: 25 cm<br \/>\n\u2022 Liukumattomat askelmat: 8 cm<br \/>\n\u2022\u00a0C-muotoinen kehys: 82&#215;30 mm<br \/>\n\u2022 Kantavuus: 150 kg<br \/>\n\u2022 Puolien m\u00e4\u00e4r\u00e4: 6\u221212<br \/>\n\u2022 Porrastikkaiden korkeus: 1,50\u22123,00 m<\/p>\n<p>VAKIO-OSAT<br \/>\n\u2022 Yll\u00e4tt\u00e4v\u00e4\u00e4 avautumista \/ sulkeutumista est\u00e4v\u00e4t ter\u00e4stangot<br \/>\n\u2022 Ergonomiset vahvistetut ja liukumattomat kumijalat<br \/>\n\u2022 Vahvistukset askelmien alla<br \/>\n\u2022 Kyltti ja asennus- ja k\u00e4ytt\u00f6ohje<br \/>\n\u2022 L\u00e4mp\u00f6kutistuva muovipakkaus kuvineen<\/p>\n<p>Eurooppalaisen standardin EN131 mukaisesti kahdelle viimeiselle askelmalle kiipe\u00e4minen on kielletty\u00e4, jos tasoa ja suojakaidetta ei ole.<\/p>\n<p>Voi tilata:<br \/>\n\u2022 Suojakaidesetin<br \/>\n\u2022 Py\u00f6r\u00e4t (1\u22124)<br \/>\n\u2022 K\u00e4sipuut (2 tai 4)<\/p>\n<p>N\u00e4it\u00e4 lis\u00e4tarvikkeita voi tilata kokonaisuuden mukana tikkaisiin kiinnitett\u00e4viksi. Kokonaisuuden mukana tilattuna on tikkaissa kiinnityksi\u00e4 varten rei\u00e4t valmiina. On t\u00e4rke\u00e4\u00e4 tilata lis\u00e4tarvikkeet tikkaiden mukana. Jos lis\u00e4tarvikkeet tilataan my\u00f6hemmin kuin tikkaat, pit\u00e4\u00e4 k\u00e4ytt\u00e4j\u00e4n tehd\u00e4 rei\u00e4t itse.<\/p>\n<p>Lis\u00e4tarvikkeet sopivat:<br \/>\nP1- P1plus &#8211; Punto &#8211; Puntoplus &#8211; Puntolarge &#8211; Puntolarge plus<\/p>\n<p><img loading=\"lazy\" decoding=\"async\" class=\"alignnone wp-image-5253\" src=\"https:\/\/fedemark.ee\/wp-content\/uploads\/2017\/06\/Ikoonid_29.jpg\" alt=\"\" width=\"79\" height=\"74\" \/><img loading=\"lazy\" decoding=\"async\" class=\"alignnone wp-image-5257\" src=\"https:\/\/fedemark.ee\/wp-content\/uploads\/2017\/06\/Ikoonid_03-Copy.jpg\" alt=\"\" width=\"74\" height=\"75\" srcset=\"https:\/\/fedemark.ee\/wp-content\/uploads\/2017\/06\/Ikoonid_03-Copy.jpg 132w, https:\/\/fedemark.ee\/wp-content\/uploads\/2017\/06\/Ikoonid_03-Copy-100x100.jpg 100w\" sizes=\"(max-width: 74px) 100vw, 74px\" \/><img loading=\"lazy\" decoding=\"async\" class=\"alignnone wp-image-5353\" src=\"https:\/\/fedemark.ee\/wp-content\/uploads\/2017\/06\/Ikoonid_50.jpg\" alt=\"\" width=\"63\" height=\"75\" \/><img loading=\"lazy\" decoding=\"async\" class=\"alignnone wp-image-5337\" src=\"https:\/\/fedemark.ee\/wp-content\/uploads\/2017\/06\/Ikoonid_38-Copy.jpg\" alt=\"\" width=\"85\" height=\"81\" \/><\/p>\n","protected":false},"featured_media":9435,"comment_status":"open","ping_status":"closed","template":"","meta":{"footnotes":""},"product_cat":[186,205],"product_tag":[],"yoast_head":"<!-- This site is optimized with the Yoast SEO plugin v22.6 - https:\/\/yoast.com\/wordpress\/plugins\/seo\/ -->\n<title>V6 - Fedemark<\/title>\n<meta name=\"robots\" content=\"index, follow, max-snippet:-1, max-image-preview:large, max-video-preview:-1\" \/>\n<link rel=\"canonical\" href=\"https:\/\/fedemark.ee\/fi\/tuotteet\/suurikantokykyiset-tikkaat\/lasikuituiset-porrastikkaat\/v6\/\" \/>\n<meta property=\"og:locale\" content=\"fi_FI\" \/>\n<meta property=\"og:type\" content=\"article\" \/>\n<meta property=\"og:title\" content=\"V6 - Fedemark\" \/>\n<meta property=\"og:description\" content=\"Kaksipuoliset porrastikkaat  Ammattik\u00e4ytt\u00f6\u00f6n tarkoitetut lasikuitutikkaat, jotka sopivat k\u00e4ytt\u00e4jille, jotka toimivat kaapelien, pistorasioiden tai muiden s\u00e4hk\u00f6nl\u00e4hteiden l\u00e4heisyydess\u00e4. Lasikuituinen kehys takaa s\u00e4hk\u00f6eristyksen ja meid\u00e4n tikkaamme ovat kevyit\u00e4 ja liukumattomien ja muhkuraisten alumiinipuolien ansiosta helppok\u00e4ytt\u00f6isi\u00e4. TEKNISET OMINAISUUDET \u2022 Askelmien v\u00e4linen et\u00e4isyys: 25 cm \u2022 Liukumattomat askelmat: 8 cm \u2022\u00a0C-muotoinen kehys: 82x30 mm \u2022 Kantavuus: 150 kg \u2022 Puolien m\u00e4\u00e4r\u00e4: 6\u221212 \u2022 Porrastikkaiden korkeus: 1,50\u22123,00 m  VAKIO-OSAT \u2022 Yll\u00e4tt\u00e4v\u00e4\u00e4 avautumista \/ sulkeutumista est\u00e4v\u00e4t ter\u00e4stangot \u2022 Ergonomiset vahvistetut ja liukumattomat kumijalat \u2022 Vahvistukset askelmien alla \u2022 Kyltti ja asennus- ja k\u00e4ytt\u00f6ohje \u2022 L\u00e4mp\u00f6kutistuva muovipakkaus kuvineen  Eurooppalaisen standardin EN131 mukaisesti kahdelle viimeiselle askelmalle kiipe\u00e4minen on kielletty\u00e4, jos tasoa ja suojakaidetta ei ole.  Voi tilata: \u2022 Suojakaidesetin \u2022 Py\u00f6r\u00e4t (1\u22124) \u2022 K\u00e4sipuut (2 tai 4)  N\u00e4it\u00e4 lis\u00e4tarvikkeita voi tilata kokonaisuuden mukana tikkaisiin kiinnitett\u00e4viksi. Kokonaisuuden mukana tilattuna on tikkaissa kiinnityksi\u00e4 varten rei\u00e4t valmiina. On t\u00e4rke\u00e4\u00e4 tilata lis\u00e4tarvikkeet tikkaiden mukana. Jos lis\u00e4tarvikkeet tilataan my\u00f6hemmin kuin tikkaat, pit\u00e4\u00e4 k\u00e4ytt\u00e4j\u00e4n tehd\u00e4 rei\u00e4t itse.  Lis\u00e4tarvikkeet sopivat: P1- P1plus - Punto - Puntoplus - Puntolarge - Puntolarge plus\" \/>\n<meta property=\"og:url\" content=\"https:\/\/fedemark.ee\/fi\/tuotteet\/suurikantokykyiset-tikkaat\/lasikuituiset-porrastikkaat\/v6\/\" \/>\n<meta property=\"og:site_name\" content=\"Fedemark\" \/>\n<meta property=\"article:modified_time\" content=\"2017-07-25T13:07:34+00:00\" \/>\n<meta property=\"og:image\" content=\"https:\/\/fedemark.ee\/wp-content\/uploads\/2017\/06\/V6-1.jpg\" \/>\n\t<meta property=\"og:image:width\" content=\"800\" \/>\n\t<meta property=\"og:image:height\" content=\"800\" \/>\n\t<meta property=\"og:image:type\" content=\"image\/jpeg\" \/>\n<meta name=\"twitter:card\" content=\"summary_large_image\" \/>\n<script type=\"application\/ld+json\" class=\"yoast-schema-graph\">{\"@context\":\"https:\/\/schema.org\",\"@graph\":[{\"@type\":\"WebPage\",\"@id\":\"https:\/\/fedemark.ee\/fi\/tuotteet\/suurikantokykyiset-tikkaat\/lasikuituiset-porrastikkaat\/v6\/\",\"url\":\"https:\/\/fedemark.ee\/fi\/tuotteet\/suurikantokykyiset-tikkaat\/lasikuituiset-porrastikkaat\/v6\/\",\"name\":\"V6 - Fedemark\",\"isPartOf\":{\"@id\":\"https:\/\/fedemark.ee\/#website\"},\"primaryImageOfPage\":{\"@id\":\"https:\/\/fedemark.ee\/fi\/tuotteet\/suurikantokykyiset-tikkaat\/lasikuituiset-porrastikkaat\/v6\/#primaryimage\"},\"image\":{\"@id\":\"https:\/\/fedemark.ee\/fi\/tuotteet\/suurikantokykyiset-tikkaat\/lasikuituiset-porrastikkaat\/v6\/#primaryimage\"},\"thumbnailUrl\":\"https:\/\/fedemark.ee\/wp-content\/uploads\/2017\/06\/V6-1.jpg\",\"datePublished\":\"2017-06-30T12:37:17+00:00\",\"dateModified\":\"2017-07-25T13:07:34+00:00\",\"breadcrumb\":{\"@id\":\"https:\/\/fedemark.ee\/fi\/tuotteet\/suurikantokykyiset-tikkaat\/lasikuituiset-porrastikkaat\/v6\/#breadcrumb\"},\"inLanguage\":\"fi-FI\",\"potentialAction\":[{\"@type\":\"ReadAction\",\"target\":[\"https:\/\/fedemark.ee\/fi\/tuotteet\/suurikantokykyiset-tikkaat\/lasikuituiset-porrastikkaat\/v6\/\"]}]},{\"@type\":\"ImageObject\",\"inLanguage\":\"fi-FI\",\"@id\":\"https:\/\/fedemark.ee\/fi\/tuotteet\/suurikantokykyiset-tikkaat\/lasikuituiset-porrastikkaat\/v6\/#primaryimage\",\"url\":\"https:\/\/fedemark.ee\/wp-content\/uploads\/2017\/06\/V6-1.jpg\",\"contentUrl\":\"https:\/\/fedemark.ee\/wp-content\/uploads\/2017\/06\/V6-1.jpg\",\"width\":800,\"height\":800},{\"@type\":\"BreadcrumbList\",\"@id\":\"https:\/\/fedemark.ee\/fi\/tuotteet\/suurikantokykyiset-tikkaat\/lasikuituiset-porrastikkaat\/v6\/#breadcrumb\",\"itemListElement\":[{\"@type\":\"ListItem\",\"position\":1,\"name\":\"Home\",\"item\":\"https:\/\/fedemark.ee\/fi\/\"},{\"@type\":\"ListItem\",\"position\":2,\"name\":\"Tuotteet\",\"item\":\"https:\/\/fedemark.ee\/fi\/tuotteet\/\"},{\"@type\":\"ListItem\",\"position\":3,\"name\":\"V6\"}]},{\"@type\":\"WebSite\",\"@id\":\"https:\/\/fedemark.ee\/#website\",\"url\":\"https:\/\/fedemark.ee\/\",\"name\":\"Fedemark\",\"description\":\"Redelid, Tellingud, T\u00f6\u00f6platvormid ja vahekorrused\",\"potentialAction\":[{\"@type\":\"SearchAction\",\"target\":{\"@type\":\"EntryPoint\",\"urlTemplate\":\"https:\/\/fedemark.ee\/?s={search_term_string}\"},\"query-input\":\"required name=search_term_string\"}],\"inLanguage\":\"fi-FI\"}]}<\/script>\n<!-- \/ Yoast SEO plugin. -->","yoast_head_json":{"title":"V6 - Fedemark","robots":{"index":"index","follow":"follow","max-snippet":"max-snippet:-1","max-image-preview":"max-image-preview:large","max-video-preview":"max-video-preview:-1"},"canonical":"https:\/\/fedemark.ee\/fi\/tuotteet\/suurikantokykyiset-tikkaat\/lasikuituiset-porrastikkaat\/v6\/","og_locale":"fi_FI","og_type":"article","og_title":"V6 - Fedemark","og_description":"Kaksipuoliset porrastikkaat  Ammattik\u00e4ytt\u00f6\u00f6n tarkoitetut lasikuitutikkaat, jotka sopivat k\u00e4ytt\u00e4jille, jotka toimivat kaapelien, pistorasioiden tai muiden s\u00e4hk\u00f6nl\u00e4hteiden l\u00e4heisyydess\u00e4. Lasikuituinen kehys takaa s\u00e4hk\u00f6eristyksen ja meid\u00e4n tikkaamme ovat kevyit\u00e4 ja liukumattomien ja muhkuraisten alumiinipuolien ansiosta helppok\u00e4ytt\u00f6isi\u00e4. TEKNISET OMINAISUUDET \u2022 Askelmien v\u00e4linen et\u00e4isyys: 25 cm \u2022 Liukumattomat askelmat: 8 cm \u2022\u00a0C-muotoinen kehys: 82x30 mm \u2022 Kantavuus: 150 kg \u2022 Puolien m\u00e4\u00e4r\u00e4: 6\u221212 \u2022 Porrastikkaiden korkeus: 1,50\u22123,00 m  VAKIO-OSAT \u2022 Yll\u00e4tt\u00e4v\u00e4\u00e4 avautumista \/ sulkeutumista est\u00e4v\u00e4t ter\u00e4stangot \u2022 Ergonomiset vahvistetut ja liukumattomat kumijalat \u2022 Vahvistukset askelmien alla \u2022 Kyltti ja asennus- ja k\u00e4ytt\u00f6ohje \u2022 L\u00e4mp\u00f6kutistuva muovipakkaus kuvineen  Eurooppalaisen standardin EN131 mukaisesti kahdelle viimeiselle askelmalle kiipe\u00e4minen on kielletty\u00e4, jos tasoa ja suojakaidetta ei ole.  Voi tilata: \u2022 Suojakaidesetin \u2022 Py\u00f6r\u00e4t (1\u22124) \u2022 K\u00e4sipuut (2 tai 4)  N\u00e4it\u00e4 lis\u00e4tarvikkeita voi tilata kokonaisuuden mukana tikkaisiin kiinnitett\u00e4viksi. Kokonaisuuden mukana tilattuna on tikkaissa kiinnityksi\u00e4 varten rei\u00e4t valmiina. On t\u00e4rke\u00e4\u00e4 tilata lis\u00e4tarvikkeet tikkaiden mukana. Jos lis\u00e4tarvikkeet tilataan my\u00f6hemmin kuin tikkaat, pit\u00e4\u00e4 k\u00e4ytt\u00e4j\u00e4n tehd\u00e4 rei\u00e4t itse.  Lis\u00e4tarvikkeet sopivat: P1- P1plus - Punto - Puntoplus - Puntolarge - Puntolarge plus","og_url":"https:\/\/fedemark.ee\/fi\/tuotteet\/suurikantokykyiset-tikkaat\/lasikuituiset-porrastikkaat\/v6\/","og_site_name":"Fedemark","article_modified_time":"2017-07-25T13:07:34+00:00","og_image":[{"width":800,"height":800,"url":"https:\/\/fedemark.ee\/wp-content\/uploads\/2017\/06\/V6-1.jpg","type":"image\/jpeg"}],"twitter_card":"summary_large_image","schema":{"@context":"https:\/\/schema.org","@graph":[{"@type":"WebPage","@id":"https:\/\/fedemark.ee\/fi\/tuotteet\/suurikantokykyiset-tikkaat\/lasikuituiset-porrastikkaat\/v6\/","url":"https:\/\/fedemark.ee\/fi\/tuotteet\/suurikantokykyiset-tikkaat\/lasikuituiset-porrastikkaat\/v6\/","name":"V6 - Fedemark","isPartOf":{"@id":"https:\/\/fedemark.ee\/#website"},"primaryImageOfPage":{"@id":"https:\/\/fedemark.ee\/fi\/tuotteet\/suurikantokykyiset-tikkaat\/lasikuituiset-porrastikkaat\/v6\/#primaryimage"},"image":{"@id":"https:\/\/fedemark.ee\/fi\/tuotteet\/suurikantokykyiset-tikkaat\/lasikuituiset-porrastikkaat\/v6\/#primaryimage"},"thumbnailUrl":"https:\/\/fedemark.ee\/wp-content\/uploads\/2017\/06\/V6-1.jpg","datePublished":"2017-06-30T12:37:17+00:00","dateModified":"2017-07-25T13:07:34+00:00","breadcrumb":{"@id":"https:\/\/fedemark.ee\/fi\/tuotteet\/suurikantokykyiset-tikkaat\/lasikuituiset-porrastikkaat\/v6\/#breadcrumb"},"inLanguage":"fi-FI","potentialAction":[{"@type":"ReadAction","target":["https:\/\/fedemark.ee\/fi\/tuotteet\/suurikantokykyiset-tikkaat\/lasikuituiset-porrastikkaat\/v6\/"]}]},{"@type":"ImageObject","inLanguage":"fi-FI","@id":"https:\/\/fedemark.ee\/fi\/tuotteet\/suurikantokykyiset-tikkaat\/lasikuituiset-porrastikkaat\/v6\/#primaryimage","url":"https:\/\/fedemark.ee\/wp-content\/uploads\/2017\/06\/V6-1.jpg","contentUrl":"https:\/\/fedemark.ee\/wp-content\/uploads\/2017\/06\/V6-1.jpg","width":800,"height":800},{"@type":"BreadcrumbList","@id":"https:\/\/fedemark.ee\/fi\/tuotteet\/suurikantokykyiset-tikkaat\/lasikuituiset-porrastikkaat\/v6\/#breadcrumb","itemListElement":[{"@type":"ListItem","position":1,"name":"Home","item":"https:\/\/fedemark.ee\/fi\/"},{"@type":"ListItem","position":2,"name":"Tuotteet","item":"https:\/\/fedemark.ee\/fi\/tuotteet\/"},{"@type":"ListItem","position":3,"name":"V6"}]},{"@type":"WebSite","@id":"https:\/\/fedemark.ee\/#website","url":"https:\/\/fedemark.ee\/","name":"Fedemark","description":"Redelid, Tellingud, T\u00f6\u00f6platvormid ja vahekorrused","potentialAction":[{"@type":"SearchAction","target":{"@type":"EntryPoint","urlTemplate":"https:\/\/fedemark.ee\/?s={search_term_string}"},"query-input":"required name=search_term_string"}],"inLanguage":"fi-FI"}]}},"_links":{"self":[{"href":"https:\/\/fedemark.ee\/fi\/wp-json\/wp\/v2\/product\/7318"}],"collection":[{"href":"https:\/\/fedemark.ee\/fi\/wp-json\/wp\/v2\/product"}],"about":[{"href":"https:\/\/fedemark.ee\/fi\/wp-json\/wp\/v2\/types\/product"}],"replies":[{"embeddable":true,"href":"https:\/\/fedemark.ee\/fi\/wp-json\/wp\/v2\/comments?post=7318"}],"version-history":[{"count":0,"href":"https:\/\/fedemark.ee\/fi\/wp-json\/wp\/v2\/product\/7318\/revisions"}],"wp:featuredmedia":[{"embeddable":true,"href":"https:\/\/fedemark.ee\/fi\/wp-json\/wp\/v2\/media\/9435"}],"wp:attachment":[{"href":"https:\/\/fedemark.ee\/fi\/wp-json\/wp\/v2\/media?parent=7318"}],"wp:term":[{"taxonomy":"product_cat","embeddable":true,"href":"https:\/\/fedemark.ee\/fi\/wp-json\/wp\/v2\/product_cat?post=7318"},{"taxonomy":"product_tag","embeddable":true,"href":"https:\/\/fedemark.ee\/fi\/wp-json\/wp\/v2\/product_tag?post=7318"}],"curies":[{"name":"wp","href":"https:\/\/api.w.org\/{rel}","templated":true}]}}