{"id":7320,"date":"2017-06-15T07:35:37","date_gmt":"2017-06-15T07:35:37","guid":{"rendered":"https:\/\/sharks.ee\/fedemark\/shop\/uncategorized\/castellana-maxi\/"},"modified":"2017-07-25T13:11:36","modified_gmt":"2017-07-25T13:11:36","slug":"castellana-maxi","status":"publish","type":"product","link":"https:\/\/fedemark.ee\/fi\/tuotteet\/suurikantokykyiset-tikkaat\/liikkuvat-varastotikkaat\/castellana-maxi\/","title":{"rendered":"Castellana Maxi"},"content":{"rendered":"","protected":false},"excerpt":{"rendered":"<p><em>Vahvistetuin askelmin ja py\u00f6rin varustetut yksipuoliset porrastikkaat<\/em><\/p>\n<p>Vahvistetulla tasolla, suojakaiteilla ja k\u00e4sipuulla varustetut alumiiniset porrastikkaat.<br \/>\nSopivat erityisen hyvin raskaan ty\u00f6n tekoon.<br \/>\nKaikki askelmat on hitsattu kehykseen 20 cm syvyydelt\u00e4.<\/p>\n<p>Etusivu on leve\u00e4 ja sill\u00e4 on helppo kiivet\u00e4, samoin voimakkaan kalteva (55\u00b0), niin ett\u00e4 kiipe\u00e4minen muuttuu kevyemm\u00e4ksi liukumattomien, vahvistettujen askelmien (20 cm leve\u00e4t ja askelmien v\u00e4linen et\u00e4isyys on 23 cm) ja suuren k\u00e4sipuun ansiosta.<br \/>\nTikkaiden takaosa on maanpinnan suhteen kohtisuora, joka antaa k\u00e4ytt\u00e4j\u00e4lle mahdollisuuden l\u00e4hesty\u00e4 sein\u00e4\u00e4 tai hylly\u00e4 edest\u00e4p\u00e4in.<\/p>\n<p>Automaattinen jarrutusj\u00e4rjestelm\u00e4 alkaa toimia, kun tikkaat avataan k\u00e4ytt\u00f6\u00e4 varten.<br \/>\nJos tikkaita liikutetaan nostokahvoista, kumijalat nousevat yl\u00f6s ja n\u00e4in py\u00f6r\u00e4t voivat vapaasti liikkua maanpinnalla.<\/p>\n<p>Pakkaus on tukeva, jotta v\u00e4ltet\u00e4\u00e4n vahinkojen aiheutumista kuljetettaessa, ja mitoiltaan kompakti, jotta kuljetuskustannukset j\u00e4isiv\u00e4t mahdollisimman mataliksi.<\/p>\n<p>Valmistettu uusia liikkuvia tasotikkaita koskevien standardien EN131\/7 mukaisesti.<\/p>\n<p>TEKNISET OMINAISUUDET<br \/>\n\u2022 Tukijalka ergonomisin jaloin ja py\u00f6rin \u00d8 125 mm<br \/>\n\u2022 Liukumattomat askelmat: 20 cm<br \/>\n\u2022 Askelmien v\u00e4linen et\u00e4isyys: 23 cm<br \/>\n\u2022 Kantavuus: 150 kg (yksi henkil\u00f6)<br \/>\n\u2022 Kehyksen profiili: 200&#215;30 mm<br \/>\n\u2022 Suojakaiteen korkeus: 100 cm<br \/>\n\u2022 Varvaslaudan korkeus: 10 cm<br \/>\n\u2022 Etuosan leveys: 60 cm<br \/>\n\u2022 Etuosan kaltevuus: 55\u00b0<br \/>\n\u2022 Iso taso: 53&#215;92 cm<br \/>\n\u2022 Puolien m\u00e4\u00e4r\u00e4: 4\u221214<br \/>\n\u2022 Tason korkeus: 0,92\u22123,22 m<\/p>\n<p>VAKIO-OSAT<br \/>\n\u2022 Vahvistetut avautumisen \/ sulkeutumisen est\u00e4v\u00e4t tangot<br \/>\n\u2022 Ty\u00f6v\u00e4linealusta, jonka kantavuus on 15 kg<br \/>\n\u2022 Ontto kehys ja tuet pitempien askelmien alla<br \/>\n\u2022 Ergonomiset ja vahvistetut liukumattomasta kumista valmistetut jalat<br \/>\n\u2022 Kyltti ja kokoamis- ja k\u00e4ytt\u00f6ohje<br \/>\n\u2022 L\u00e4mp\u00f6kutistuva muovipakkaus kuvineen<\/p>\n<p>Mahdollista tilata:<br \/>\n\u2022 Suojaketju<br \/>\n\u2022 Lyhyt tukijalka (75 cm pitk\u00e4) k\u00e4ytett\u00e4v\u00e4ksi ahtaissa k\u00e4yt\u00e4viss\u00e4<br \/>\n\u2022 Castellana Maxi 4WD: 4 k\u00e4\u00e4ntyv\u00e4st\u00e4, jalkajarrullisesta py\u00f6r\u00e4st\u00e4 (\u00d8 100 mm) koostuva kokonaisuus<br \/>\n\u2022 Koottavat, saranoin varustetut tikkaat<\/p>\n","protected":false},"featured_media":9546,"comment_status":"open","ping_status":"closed","template":"","meta":{"footnotes":""},"product_cat":[187,205],"product_tag":[],"yoast_head":"<!-- This site is optimized with the Yoast SEO plugin v22.6 - https:\/\/yoast.com\/wordpress\/plugins\/seo\/ -->\n<title>Castellana Maxi - Fedemark<\/title>\n<meta name=\"robots\" content=\"index, follow, max-snippet:-1, max-image-preview:large, max-video-preview:-1\" \/>\n<link rel=\"canonical\" href=\"https:\/\/fedemark.ee\/fi\/tuotteet\/suurikantokykyiset-tikkaat\/liikkuvat-varastotikkaat\/castellana-maxi\/\" \/>\n<meta property=\"og:locale\" content=\"fi_FI\" \/>\n<meta property=\"og:type\" content=\"article\" \/>\n<meta property=\"og:title\" content=\"Castellana Maxi - Fedemark\" \/>\n<meta property=\"og:description\" content=\"Vahvistetuin askelmin ja py\u00f6rin varustetut yksipuoliset porrastikkaat  Vahvistetulla tasolla, suojakaiteilla ja k\u00e4sipuulla varustetut alumiiniset porrastikkaat. Sopivat erityisen hyvin raskaan ty\u00f6n tekoon. Kaikki askelmat on hitsattu kehykseen 20 cm syvyydelt\u00e4.  Etusivu on leve\u00e4 ja sill\u00e4 on helppo kiivet\u00e4, samoin voimakkaan kalteva (55\u00b0), niin ett\u00e4 kiipe\u00e4minen muuttuu kevyemm\u00e4ksi liukumattomien, vahvistettujen askelmien (20 cm leve\u00e4t ja askelmien v\u00e4linen et\u00e4isyys on 23 cm) ja suuren k\u00e4sipuun ansiosta. Tikkaiden takaosa on maanpinnan suhteen kohtisuora, joka antaa k\u00e4ytt\u00e4j\u00e4lle mahdollisuuden l\u00e4hesty\u00e4 sein\u00e4\u00e4 tai hylly\u00e4 edest\u00e4p\u00e4in.  Automaattinen jarrutusj\u00e4rjestelm\u00e4 alkaa toimia, kun tikkaat avataan k\u00e4ytt\u00f6\u00e4 varten. Jos tikkaita liikutetaan nostokahvoista, kumijalat nousevat yl\u00f6s ja n\u00e4in py\u00f6r\u00e4t voivat vapaasti liikkua maanpinnalla.  Pakkaus on tukeva, jotta v\u00e4ltet\u00e4\u00e4n vahinkojen aiheutumista kuljetettaessa, ja mitoiltaan kompakti, jotta kuljetuskustannukset j\u00e4isiv\u00e4t mahdollisimman mataliksi.  Valmistettu uusia liikkuvia tasotikkaita koskevien standardien EN131\/7 mukaisesti.  TEKNISET OMINAISUUDET \u2022 Tukijalka ergonomisin jaloin ja py\u00f6rin \u00d8 125 mm \u2022 Liukumattomat askelmat: 20 cm \u2022 Askelmien v\u00e4linen et\u00e4isyys: 23 cm \u2022 Kantavuus: 150 kg (yksi henkil\u00f6) \u2022 Kehyksen profiili: 200x30 mm \u2022 Suojakaiteen korkeus: 100 cm \u2022 Varvaslaudan korkeus: 10 cm \u2022 Etuosan leveys: 60 cm \u2022 Etuosan kaltevuus: 55\u00b0 \u2022 Iso taso: 53x92 cm \u2022 Puolien m\u00e4\u00e4r\u00e4: 4\u221214 \u2022 Tason korkeus: 0,92\u22123,22 m  VAKIO-OSAT \u2022 Vahvistetut avautumisen \/ sulkeutumisen est\u00e4v\u00e4t tangot \u2022 Ty\u00f6v\u00e4linealusta, jonka kantavuus on 15 kg \u2022 Ontto kehys ja tuet pitempien askelmien alla \u2022 Ergonomiset ja vahvistetut liukumattomasta kumista valmistetut jalat \u2022 Kyltti ja kokoamis- ja k\u00e4ytt\u00f6ohje \u2022 L\u00e4mp\u00f6kutistuva muovipakkaus kuvineen  Mahdollista tilata: \u2022 Suojaketju \u2022 Lyhyt tukijalka (75 cm pitk\u00e4) k\u00e4ytett\u00e4v\u00e4ksi ahtaissa k\u00e4yt\u00e4viss\u00e4 \u2022 Castellana Maxi 4WD: 4 k\u00e4\u00e4ntyv\u00e4st\u00e4, jalkajarrullisesta py\u00f6r\u00e4st\u00e4 (\u00d8 100 mm) koostuva kokonaisuus \u2022 Koottavat, saranoin varustetut tikkaat\" \/>\n<meta property=\"og:url\" content=\"https:\/\/fedemark.ee\/fi\/tuotteet\/suurikantokykyiset-tikkaat\/liikkuvat-varastotikkaat\/castellana-maxi\/\" \/>\n<meta property=\"og:site_name\" content=\"Fedemark\" \/>\n<meta property=\"article:modified_time\" content=\"2017-07-25T13:11:36+00:00\" \/>\n<meta property=\"og:image\" content=\"https:\/\/fedemark.ee\/wp-content\/uploads\/2017\/06\/Castellana-Maxi-2-1.jpg\" \/>\n\t<meta property=\"og:image:width\" content=\"800\" \/>\n\t<meta property=\"og:image:height\" content=\"800\" \/>\n\t<meta property=\"og:image:type\" content=\"image\/jpeg\" \/>\n<meta name=\"twitter:card\" content=\"summary_large_image\" \/>\n<script type=\"application\/ld+json\" class=\"yoast-schema-graph\">{\"@context\":\"https:\/\/schema.org\",\"@graph\":[{\"@type\":\"WebPage\",\"@id\":\"https:\/\/fedemark.ee\/fi\/tuotteet\/suurikantokykyiset-tikkaat\/liikkuvat-varastotikkaat\/castellana-maxi\/\",\"url\":\"https:\/\/fedemark.ee\/fi\/tuotteet\/suurikantokykyiset-tikkaat\/liikkuvat-varastotikkaat\/castellana-maxi\/\",\"name\":\"Castellana Maxi - Fedemark\",\"isPartOf\":{\"@id\":\"https:\/\/fedemark.ee\/#website\"},\"primaryImageOfPage\":{\"@id\":\"https:\/\/fedemark.ee\/fi\/tuotteet\/suurikantokykyiset-tikkaat\/liikkuvat-varastotikkaat\/castellana-maxi\/#primaryimage\"},\"image\":{\"@id\":\"https:\/\/fedemark.ee\/fi\/tuotteet\/suurikantokykyiset-tikkaat\/liikkuvat-varastotikkaat\/castellana-maxi\/#primaryimage\"},\"thumbnailUrl\":\"https:\/\/fedemark.ee\/wp-content\/uploads\/2017\/06\/Castellana-Maxi-2-1.jpg\",\"datePublished\":\"2017-06-15T07:35:37+00:00\",\"dateModified\":\"2017-07-25T13:11:36+00:00\",\"breadcrumb\":{\"@id\":\"https:\/\/fedemark.ee\/fi\/tuotteet\/suurikantokykyiset-tikkaat\/liikkuvat-varastotikkaat\/castellana-maxi\/#breadcrumb\"},\"inLanguage\":\"fi-FI\",\"potentialAction\":[{\"@type\":\"ReadAction\",\"target\":[\"https:\/\/fedemark.ee\/fi\/tuotteet\/suurikantokykyiset-tikkaat\/liikkuvat-varastotikkaat\/castellana-maxi\/\"]}]},{\"@type\":\"ImageObject\",\"inLanguage\":\"fi-FI\",\"@id\":\"https:\/\/fedemark.ee\/fi\/tuotteet\/suurikantokykyiset-tikkaat\/liikkuvat-varastotikkaat\/castellana-maxi\/#primaryimage\",\"url\":\"https:\/\/fedemark.ee\/wp-content\/uploads\/2017\/06\/Castellana-Maxi-2-1.jpg\",\"contentUrl\":\"https:\/\/fedemark.ee\/wp-content\/uploads\/2017\/06\/Castellana-Maxi-2-1.jpg\",\"width\":800,\"height\":800},{\"@type\":\"BreadcrumbList\",\"@id\":\"https:\/\/fedemark.ee\/fi\/tuotteet\/suurikantokykyiset-tikkaat\/liikkuvat-varastotikkaat\/castellana-maxi\/#breadcrumb\",\"itemListElement\":[{\"@type\":\"ListItem\",\"position\":1,\"name\":\"Home\",\"item\":\"https:\/\/fedemark.ee\/fi\/\"},{\"@type\":\"ListItem\",\"position\":2,\"name\":\"Tuotteet\",\"item\":\"https:\/\/fedemark.ee\/fi\/tuotteet\/\"},{\"@type\":\"ListItem\",\"position\":3,\"name\":\"Castellana Maxi\"}]},{\"@type\":\"WebSite\",\"@id\":\"https:\/\/fedemark.ee\/#website\",\"url\":\"https:\/\/fedemark.ee\/\",\"name\":\"Fedemark\",\"description\":\"Redelid, Tellingud, T\u00f6\u00f6platvormid ja vahekorrused\",\"potentialAction\":[{\"@type\":\"SearchAction\",\"target\":{\"@type\":\"EntryPoint\",\"urlTemplate\":\"https:\/\/fedemark.ee\/?s={search_term_string}\"},\"query-input\":\"required name=search_term_string\"}],\"inLanguage\":\"fi-FI\"}]}<\/script>\n<!-- \/ Yoast SEO plugin. -->","yoast_head_json":{"title":"Castellana Maxi - Fedemark","robots":{"index":"index","follow":"follow","max-snippet":"max-snippet:-1","max-image-preview":"max-image-preview:large","max-video-preview":"max-video-preview:-1"},"canonical":"https:\/\/fedemark.ee\/fi\/tuotteet\/suurikantokykyiset-tikkaat\/liikkuvat-varastotikkaat\/castellana-maxi\/","og_locale":"fi_FI","og_type":"article","og_title":"Castellana Maxi - Fedemark","og_description":"Vahvistetuin askelmin ja py\u00f6rin varustetut yksipuoliset porrastikkaat  Vahvistetulla tasolla, suojakaiteilla ja k\u00e4sipuulla varustetut alumiiniset porrastikkaat. Sopivat erityisen hyvin raskaan ty\u00f6n tekoon. Kaikki askelmat on hitsattu kehykseen 20 cm syvyydelt\u00e4.  Etusivu on leve\u00e4 ja sill\u00e4 on helppo kiivet\u00e4, samoin voimakkaan kalteva (55\u00b0), niin ett\u00e4 kiipe\u00e4minen muuttuu kevyemm\u00e4ksi liukumattomien, vahvistettujen askelmien (20 cm leve\u00e4t ja askelmien v\u00e4linen et\u00e4isyys on 23 cm) ja suuren k\u00e4sipuun ansiosta. Tikkaiden takaosa on maanpinnan suhteen kohtisuora, joka antaa k\u00e4ytt\u00e4j\u00e4lle mahdollisuuden l\u00e4hesty\u00e4 sein\u00e4\u00e4 tai hylly\u00e4 edest\u00e4p\u00e4in.  Automaattinen jarrutusj\u00e4rjestelm\u00e4 alkaa toimia, kun tikkaat avataan k\u00e4ytt\u00f6\u00e4 varten. Jos tikkaita liikutetaan nostokahvoista, kumijalat nousevat yl\u00f6s ja n\u00e4in py\u00f6r\u00e4t voivat vapaasti liikkua maanpinnalla.  Pakkaus on tukeva, jotta v\u00e4ltet\u00e4\u00e4n vahinkojen aiheutumista kuljetettaessa, ja mitoiltaan kompakti, jotta kuljetuskustannukset j\u00e4isiv\u00e4t mahdollisimman mataliksi.  Valmistettu uusia liikkuvia tasotikkaita koskevien standardien EN131\/7 mukaisesti.  TEKNISET OMINAISUUDET \u2022 Tukijalka ergonomisin jaloin ja py\u00f6rin \u00d8 125 mm \u2022 Liukumattomat askelmat: 20 cm \u2022 Askelmien v\u00e4linen et\u00e4isyys: 23 cm \u2022 Kantavuus: 150 kg (yksi henkil\u00f6) \u2022 Kehyksen profiili: 200x30 mm \u2022 Suojakaiteen korkeus: 100 cm \u2022 Varvaslaudan korkeus: 10 cm \u2022 Etuosan leveys: 60 cm \u2022 Etuosan kaltevuus: 55\u00b0 \u2022 Iso taso: 53x92 cm \u2022 Puolien m\u00e4\u00e4r\u00e4: 4\u221214 \u2022 Tason korkeus: 0,92\u22123,22 m  VAKIO-OSAT \u2022 Vahvistetut avautumisen \/ sulkeutumisen est\u00e4v\u00e4t tangot \u2022 Ty\u00f6v\u00e4linealusta, jonka kantavuus on 15 kg \u2022 Ontto kehys ja tuet pitempien askelmien alla \u2022 Ergonomiset ja vahvistetut liukumattomasta kumista valmistetut jalat \u2022 Kyltti ja kokoamis- ja k\u00e4ytt\u00f6ohje \u2022 L\u00e4mp\u00f6kutistuva muovipakkaus kuvineen  Mahdollista tilata: \u2022 Suojaketju \u2022 Lyhyt tukijalka (75 cm pitk\u00e4) k\u00e4ytett\u00e4v\u00e4ksi ahtaissa k\u00e4yt\u00e4viss\u00e4 \u2022 Castellana Maxi 4WD: 4 k\u00e4\u00e4ntyv\u00e4st\u00e4, jalkajarrullisesta py\u00f6r\u00e4st\u00e4 (\u00d8 100 mm) koostuva kokonaisuus \u2022 Koottavat, saranoin varustetut tikkaat","og_url":"https:\/\/fedemark.ee\/fi\/tuotteet\/suurikantokykyiset-tikkaat\/liikkuvat-varastotikkaat\/castellana-maxi\/","og_site_name":"Fedemark","article_modified_time":"2017-07-25T13:11:36+00:00","og_image":[{"width":800,"height":800,"url":"https:\/\/fedemark.ee\/wp-content\/uploads\/2017\/06\/Castellana-Maxi-2-1.jpg","type":"image\/jpeg"}],"twitter_card":"summary_large_image","schema":{"@context":"https:\/\/schema.org","@graph":[{"@type":"WebPage","@id":"https:\/\/fedemark.ee\/fi\/tuotteet\/suurikantokykyiset-tikkaat\/liikkuvat-varastotikkaat\/castellana-maxi\/","url":"https:\/\/fedemark.ee\/fi\/tuotteet\/suurikantokykyiset-tikkaat\/liikkuvat-varastotikkaat\/castellana-maxi\/","name":"Castellana Maxi - Fedemark","isPartOf":{"@id":"https:\/\/fedemark.ee\/#website"},"primaryImageOfPage":{"@id":"https:\/\/fedemark.ee\/fi\/tuotteet\/suurikantokykyiset-tikkaat\/liikkuvat-varastotikkaat\/castellana-maxi\/#primaryimage"},"image":{"@id":"https:\/\/fedemark.ee\/fi\/tuotteet\/suurikantokykyiset-tikkaat\/liikkuvat-varastotikkaat\/castellana-maxi\/#primaryimage"},"thumbnailUrl":"https:\/\/fedemark.ee\/wp-content\/uploads\/2017\/06\/Castellana-Maxi-2-1.jpg","datePublished":"2017-06-15T07:35:37+00:00","dateModified":"2017-07-25T13:11:36+00:00","breadcrumb":{"@id":"https:\/\/fedemark.ee\/fi\/tuotteet\/suurikantokykyiset-tikkaat\/liikkuvat-varastotikkaat\/castellana-maxi\/#breadcrumb"},"inLanguage":"fi-FI","potentialAction":[{"@type":"ReadAction","target":["https:\/\/fedemark.ee\/fi\/tuotteet\/suurikantokykyiset-tikkaat\/liikkuvat-varastotikkaat\/castellana-maxi\/"]}]},{"@type":"ImageObject","inLanguage":"fi-FI","@id":"https:\/\/fedemark.ee\/fi\/tuotteet\/suurikantokykyiset-tikkaat\/liikkuvat-varastotikkaat\/castellana-maxi\/#primaryimage","url":"https:\/\/fedemark.ee\/wp-content\/uploads\/2017\/06\/Castellana-Maxi-2-1.jpg","contentUrl":"https:\/\/fedemark.ee\/wp-content\/uploads\/2017\/06\/Castellana-Maxi-2-1.jpg","width":800,"height":800},{"@type":"BreadcrumbList","@id":"https:\/\/fedemark.ee\/fi\/tuotteet\/suurikantokykyiset-tikkaat\/liikkuvat-varastotikkaat\/castellana-maxi\/#breadcrumb","itemListElement":[{"@type":"ListItem","position":1,"name":"Home","item":"https:\/\/fedemark.ee\/fi\/"},{"@type":"ListItem","position":2,"name":"Tuotteet","item":"https:\/\/fedemark.ee\/fi\/tuotteet\/"},{"@type":"ListItem","position":3,"name":"Castellana Maxi"}]},{"@type":"WebSite","@id":"https:\/\/fedemark.ee\/#website","url":"https:\/\/fedemark.ee\/","name":"Fedemark","description":"Redelid, Tellingud, T\u00f6\u00f6platvormid ja vahekorrused","potentialAction":[{"@type":"SearchAction","target":{"@type":"EntryPoint","urlTemplate":"https:\/\/fedemark.ee\/?s={search_term_string}"},"query-input":"required name=search_term_string"}],"inLanguage":"fi-FI"}]}},"_links":{"self":[{"href":"https:\/\/fedemark.ee\/fi\/wp-json\/wp\/v2\/product\/7320"}],"collection":[{"href":"https:\/\/fedemark.ee\/fi\/wp-json\/wp\/v2\/product"}],"about":[{"href":"https:\/\/fedemark.ee\/fi\/wp-json\/wp\/v2\/types\/product"}],"replies":[{"embeddable":true,"href":"https:\/\/fedemark.ee\/fi\/wp-json\/wp\/v2\/comments?post=7320"}],"version-history":[{"count":0,"href":"https:\/\/fedemark.ee\/fi\/wp-json\/wp\/v2\/product\/7320\/revisions"}],"wp:featuredmedia":[{"embeddable":true,"href":"https:\/\/fedemark.ee\/fi\/wp-json\/wp\/v2\/media\/9546"}],"wp:attachment":[{"href":"https:\/\/fedemark.ee\/fi\/wp-json\/wp\/v2\/media?parent=7320"}],"wp:term":[{"taxonomy":"product_cat","embeddable":true,"href":"https:\/\/fedemark.ee\/fi\/wp-json\/wp\/v2\/product_cat?post=7320"},{"taxonomy":"product_tag","embeddable":true,"href":"https:\/\/fedemark.ee\/fi\/wp-json\/wp\/v2\/product_tag?post=7320"}],"curies":[{"name":"wp","href":"https:\/\/api.w.org\/{rel}","templated":true}]}}