{"id":7321,"date":"2017-06-15T07:59:12","date_gmt":"2017-06-15T07:59:12","guid":{"rendered":"https:\/\/sharks.ee\/fedemark\/shop\/uncategorized\/fly\/"},"modified":"2017-07-25T13:12:51","modified_gmt":"2017-07-25T13:12:51","slug":"fly","status":"publish","type":"product","link":"https:\/\/fedemark.ee\/fi\/tuotteet\/suurikantokykyiset-tikkaat\/liikkuvat-varastotikkaat\/fly\/","title":{"rendered":"Fly"},"content":{"rendered":"","protected":false},"excerpt":{"rendered":"<p><em>360\u00b0 suojakaiteelliset ty\u00f6tasotikkaat<\/em><\/p>\n<p>Tikkaat vastaavat varastotikkaita koskevien uusien eurooppalaisten standardien UNIEN131\/7 vaatimuksia ja niiss\u00e4 on 360\u00b0 suojakaide sek\u00e4 t\u00e4ydennetty tukij\u00e4rjestelm\u00e4, jota voi s\u00e4\u00e4t\u00e4\u00e4 olemassa olevan tilan mukaan.<\/p>\n<p>VAKIOVARUSTEET:<br \/>\n\u2022 Vahvistettu liukumattomasta alumiinista valmistettu taso (60&#215;53 cm), varustettuna avautumista est\u00e4v\u00e4ll\u00e4 j\u00e4rjestelm\u00e4ll\u00e4 ja 10 cm varvaslaudalla<br \/>\n\u2022 Ergonomisesti muotoillut PVC-vahvisteiset, liukumattomasta kumista valmistetut jalat<br \/>\n\u2022 Liukumattomat askelmat: syvyys 80 mm<br \/>\naskelman et\u00e4isyys 26 cm<br \/>\n\u2022 Ter\u00e4ksest\u00e4 \/ nailonista valmistetut turvakoukut teleskooppinostoa varten<br \/>\n\u2022 100 cm suojakaide kaikilla 4 sivulla<br \/>\n\u2022 Integroidut lukittavat teleskooppituet (2 avausasentoa)<br \/>\n\u2022 Leve\u00e4 alusta (paras mahdollinen vakaus)<br \/>\n\u2022 Avautumista est\u00e4v\u00e4 koukku<br \/>\n\u2022 Pysyy suljettuna pystyss\u00e4 (paksuus 46 cm)<br \/>\n\u2022 Patentoidut koottavat k\u00e4sipuut<br \/>\n\u2022 Kuljetuspy\u00f6r\u00e4t, halkaisija 150 mm<br \/>\n\u2022 Kiipeilyramppi 55 cm<br \/>\n\u2022 Sveltbag-ty\u00f6kalupussi<br \/>\n\u2022 Ter\u00e4ksiset avaussaranat<br \/>\n\u2022 Muovipakkaus<br \/>\n\u2022 Tuissa 2 avausasentoa ahtaissa paikoissa ty\u00f6skentelyyn.<br \/>\n\u2022 K\u00e4sipuut on patentoitu. Ne voi koota yhdell\u00e4 ainoalla liikkeell\u00e4 ja ne mahdollistavat tikkaiden liikuttelun hyvin pieniss\u00e4 tiloissa.<\/p>\n<p><img loading=\"lazy\" decoding=\"async\" class=\"alignnone wp-image-5317\" src=\"https:\/\/fedemark.ee\/wp-content\/uploads\/2017\/06\/Ikoonid_29-1.jpg\" alt=\"\" width=\"72\" height=\"67\" \/><img loading=\"lazy\" decoding=\"async\" class=\"alignnone wp-image-5257\" src=\"https:\/\/fedemark.ee\/wp-content\/uploads\/2017\/06\/Ikoonid_03-Copy.jpg\" alt=\"\" width=\"65\" height=\"65\" srcset=\"https:\/\/fedemark.ee\/wp-content\/uploads\/2017\/06\/Ikoonid_03-Copy.jpg 132w, https:\/\/fedemark.ee\/wp-content\/uploads\/2017\/06\/Ikoonid_03-Copy-100x100.jpg 100w\" sizes=\"(max-width: 65px) 100vw, 65px\" \/><img loading=\"lazy\" decoding=\"async\" class=\"alignnone wp-image-5329\" src=\"https:\/\/fedemark.ee\/wp-content\/uploads\/2017\/06\/Ikoonid_37-Copy.jpg\" alt=\"\" width=\"114\" height=\"51\" \/><img loading=\"lazy\" decoding=\"async\" class=\"alignnone wp-image-5353\" src=\"https:\/\/fedemark.ee\/wp-content\/uploads\/2017\/06\/Ikoonid_50.jpg\" alt=\"\" width=\"59\" height=\"70\" \/><img loading=\"lazy\" decoding=\"async\" class=\"alignnone wp-image-5341\" src=\"https:\/\/fedemark.ee\/wp-content\/uploads\/2017\/06\/Ikoonid_38.jpg\" alt=\"\" width=\"80\" height=\"76\" \/><\/p>\n","protected":false},"featured_media":9593,"comment_status":"open","ping_status":"closed","template":"","meta":{"footnotes":""},"product_cat":[187,205],"product_tag":[],"yoast_head":"<!-- This site is optimized with the Yoast SEO plugin v22.6 - https:\/\/yoast.com\/wordpress\/plugins\/seo\/ -->\n<title>Fly - Fedemark<\/title>\n<meta name=\"robots\" content=\"index, follow, max-snippet:-1, max-image-preview:large, max-video-preview:-1\" \/>\n<link rel=\"canonical\" href=\"https:\/\/fedemark.ee\/fi\/tuotteet\/suurikantokykyiset-tikkaat\/liikkuvat-varastotikkaat\/fly\/\" \/>\n<meta property=\"og:locale\" content=\"fi_FI\" \/>\n<meta property=\"og:type\" content=\"article\" \/>\n<meta property=\"og:title\" content=\"Fly - Fedemark\" \/>\n<meta property=\"og:description\" content=\"360\u00b0 suojakaiteelliset ty\u00f6tasotikkaat  Tikkaat vastaavat varastotikkaita koskevien uusien eurooppalaisten standardien UNIEN131\/7 vaatimuksia ja niiss\u00e4 on 360\u00b0 suojakaide sek\u00e4 t\u00e4ydennetty tukij\u00e4rjestelm\u00e4, jota voi s\u00e4\u00e4t\u00e4\u00e4 olemassa olevan tilan mukaan.  VAKIOVARUSTEET: \u2022 Vahvistettu liukumattomasta alumiinista valmistettu taso (60x53 cm), varustettuna avautumista est\u00e4v\u00e4ll\u00e4 j\u00e4rjestelm\u00e4ll\u00e4 ja 10 cm varvaslaudalla \u2022 Ergonomisesti muotoillut PVC-vahvisteiset, liukumattomasta kumista valmistetut jalat \u2022 Liukumattomat askelmat: syvyys 80 mm askelman et\u00e4isyys 26 cm \u2022 Ter\u00e4ksest\u00e4 \/ nailonista valmistetut turvakoukut teleskooppinostoa varten \u2022 100 cm suojakaide kaikilla 4 sivulla \u2022 Integroidut lukittavat teleskooppituet (2 avausasentoa) \u2022 Leve\u00e4 alusta (paras mahdollinen vakaus) \u2022 Avautumista est\u00e4v\u00e4 koukku \u2022 Pysyy suljettuna pystyss\u00e4 (paksuus 46 cm) \u2022 Patentoidut koottavat k\u00e4sipuut \u2022 Kuljetuspy\u00f6r\u00e4t, halkaisija 150 mm \u2022 Kiipeilyramppi 55 cm \u2022 Sveltbag-ty\u00f6kalupussi \u2022 Ter\u00e4ksiset avaussaranat \u2022 Muovipakkaus \u2022 Tuissa 2 avausasentoa ahtaissa paikoissa ty\u00f6skentelyyn. \u2022 K\u00e4sipuut on patentoitu. Ne voi koota yhdell\u00e4 ainoalla liikkeell\u00e4 ja ne mahdollistavat tikkaiden liikuttelun hyvin pieniss\u00e4 tiloissa.\" \/>\n<meta property=\"og:url\" content=\"https:\/\/fedemark.ee\/fi\/tuotteet\/suurikantokykyiset-tikkaat\/liikkuvat-varastotikkaat\/fly\/\" \/>\n<meta property=\"og:site_name\" content=\"Fedemark\" \/>\n<meta property=\"article:modified_time\" content=\"2017-07-25T13:12:51+00:00\" \/>\n<meta property=\"og:image\" content=\"https:\/\/fedemark.ee\/wp-content\/uploads\/2017\/06\/Fly-5-1.jpg\" \/>\n\t<meta property=\"og:image:width\" content=\"800\" \/>\n\t<meta property=\"og:image:height\" content=\"800\" \/>\n\t<meta property=\"og:image:type\" content=\"image\/jpeg\" \/>\n<meta name=\"twitter:card\" content=\"summary_large_image\" \/>\n<script type=\"application\/ld+json\" class=\"yoast-schema-graph\">{\"@context\":\"https:\/\/schema.org\",\"@graph\":[{\"@type\":\"WebPage\",\"@id\":\"https:\/\/fedemark.ee\/fi\/tuotteet\/suurikantokykyiset-tikkaat\/liikkuvat-varastotikkaat\/fly\/\",\"url\":\"https:\/\/fedemark.ee\/fi\/tuotteet\/suurikantokykyiset-tikkaat\/liikkuvat-varastotikkaat\/fly\/\",\"name\":\"Fly - Fedemark\",\"isPartOf\":{\"@id\":\"https:\/\/fedemark.ee\/#website\"},\"primaryImageOfPage\":{\"@id\":\"https:\/\/fedemark.ee\/fi\/tuotteet\/suurikantokykyiset-tikkaat\/liikkuvat-varastotikkaat\/fly\/#primaryimage\"},\"image\":{\"@id\":\"https:\/\/fedemark.ee\/fi\/tuotteet\/suurikantokykyiset-tikkaat\/liikkuvat-varastotikkaat\/fly\/#primaryimage\"},\"thumbnailUrl\":\"https:\/\/fedemark.ee\/wp-content\/uploads\/2017\/06\/Fly-5-1.jpg\",\"datePublished\":\"2017-06-15T07:59:12+00:00\",\"dateModified\":\"2017-07-25T13:12:51+00:00\",\"breadcrumb\":{\"@id\":\"https:\/\/fedemark.ee\/fi\/tuotteet\/suurikantokykyiset-tikkaat\/liikkuvat-varastotikkaat\/fly\/#breadcrumb\"},\"inLanguage\":\"fi-FI\",\"potentialAction\":[{\"@type\":\"ReadAction\",\"target\":[\"https:\/\/fedemark.ee\/fi\/tuotteet\/suurikantokykyiset-tikkaat\/liikkuvat-varastotikkaat\/fly\/\"]}]},{\"@type\":\"ImageObject\",\"inLanguage\":\"fi-FI\",\"@id\":\"https:\/\/fedemark.ee\/fi\/tuotteet\/suurikantokykyiset-tikkaat\/liikkuvat-varastotikkaat\/fly\/#primaryimage\",\"url\":\"https:\/\/fedemark.ee\/wp-content\/uploads\/2017\/06\/Fly-5-1.jpg\",\"contentUrl\":\"https:\/\/fedemark.ee\/wp-content\/uploads\/2017\/06\/Fly-5-1.jpg\",\"width\":800,\"height\":800},{\"@type\":\"BreadcrumbList\",\"@id\":\"https:\/\/fedemark.ee\/fi\/tuotteet\/suurikantokykyiset-tikkaat\/liikkuvat-varastotikkaat\/fly\/#breadcrumb\",\"itemListElement\":[{\"@type\":\"ListItem\",\"position\":1,\"name\":\"Home\",\"item\":\"https:\/\/fedemark.ee\/fi\/\"},{\"@type\":\"ListItem\",\"position\":2,\"name\":\"Tuotteet\",\"item\":\"https:\/\/fedemark.ee\/fi\/tuotteet\/\"},{\"@type\":\"ListItem\",\"position\":3,\"name\":\"Fly\"}]},{\"@type\":\"WebSite\",\"@id\":\"https:\/\/fedemark.ee\/#website\",\"url\":\"https:\/\/fedemark.ee\/\",\"name\":\"Fedemark\",\"description\":\"Redelid, Tellingud, T\u00f6\u00f6platvormid ja vahekorrused\",\"potentialAction\":[{\"@type\":\"SearchAction\",\"target\":{\"@type\":\"EntryPoint\",\"urlTemplate\":\"https:\/\/fedemark.ee\/?s={search_term_string}\"},\"query-input\":\"required name=search_term_string\"}],\"inLanguage\":\"fi-FI\"}]}<\/script>\n<!-- \/ Yoast SEO plugin. -->","yoast_head_json":{"title":"Fly - Fedemark","robots":{"index":"index","follow":"follow","max-snippet":"max-snippet:-1","max-image-preview":"max-image-preview:large","max-video-preview":"max-video-preview:-1"},"canonical":"https:\/\/fedemark.ee\/fi\/tuotteet\/suurikantokykyiset-tikkaat\/liikkuvat-varastotikkaat\/fly\/","og_locale":"fi_FI","og_type":"article","og_title":"Fly - Fedemark","og_description":"360\u00b0 suojakaiteelliset ty\u00f6tasotikkaat  Tikkaat vastaavat varastotikkaita koskevien uusien eurooppalaisten standardien UNIEN131\/7 vaatimuksia ja niiss\u00e4 on 360\u00b0 suojakaide sek\u00e4 t\u00e4ydennetty tukij\u00e4rjestelm\u00e4, jota voi s\u00e4\u00e4t\u00e4\u00e4 olemassa olevan tilan mukaan.  VAKIOVARUSTEET: \u2022 Vahvistettu liukumattomasta alumiinista valmistettu taso (60x53 cm), varustettuna avautumista est\u00e4v\u00e4ll\u00e4 j\u00e4rjestelm\u00e4ll\u00e4 ja 10 cm varvaslaudalla \u2022 Ergonomisesti muotoillut PVC-vahvisteiset, liukumattomasta kumista valmistetut jalat \u2022 Liukumattomat askelmat: syvyys 80 mm askelman et\u00e4isyys 26 cm \u2022 Ter\u00e4ksest\u00e4 \/ nailonista valmistetut turvakoukut teleskooppinostoa varten \u2022 100 cm suojakaide kaikilla 4 sivulla \u2022 Integroidut lukittavat teleskooppituet (2 avausasentoa) \u2022 Leve\u00e4 alusta (paras mahdollinen vakaus) \u2022 Avautumista est\u00e4v\u00e4 koukku \u2022 Pysyy suljettuna pystyss\u00e4 (paksuus 46 cm) \u2022 Patentoidut koottavat k\u00e4sipuut \u2022 Kuljetuspy\u00f6r\u00e4t, halkaisija 150 mm \u2022 Kiipeilyramppi 55 cm \u2022 Sveltbag-ty\u00f6kalupussi \u2022 Ter\u00e4ksiset avaussaranat \u2022 Muovipakkaus \u2022 Tuissa 2 avausasentoa ahtaissa paikoissa ty\u00f6skentelyyn. \u2022 K\u00e4sipuut on patentoitu. Ne voi koota yhdell\u00e4 ainoalla liikkeell\u00e4 ja ne mahdollistavat tikkaiden liikuttelun hyvin pieniss\u00e4 tiloissa.","og_url":"https:\/\/fedemark.ee\/fi\/tuotteet\/suurikantokykyiset-tikkaat\/liikkuvat-varastotikkaat\/fly\/","og_site_name":"Fedemark","article_modified_time":"2017-07-25T13:12:51+00:00","og_image":[{"width":800,"height":800,"url":"https:\/\/fedemark.ee\/wp-content\/uploads\/2017\/06\/Fly-5-1.jpg","type":"image\/jpeg"}],"twitter_card":"summary_large_image","schema":{"@context":"https:\/\/schema.org","@graph":[{"@type":"WebPage","@id":"https:\/\/fedemark.ee\/fi\/tuotteet\/suurikantokykyiset-tikkaat\/liikkuvat-varastotikkaat\/fly\/","url":"https:\/\/fedemark.ee\/fi\/tuotteet\/suurikantokykyiset-tikkaat\/liikkuvat-varastotikkaat\/fly\/","name":"Fly - Fedemark","isPartOf":{"@id":"https:\/\/fedemark.ee\/#website"},"primaryImageOfPage":{"@id":"https:\/\/fedemark.ee\/fi\/tuotteet\/suurikantokykyiset-tikkaat\/liikkuvat-varastotikkaat\/fly\/#primaryimage"},"image":{"@id":"https:\/\/fedemark.ee\/fi\/tuotteet\/suurikantokykyiset-tikkaat\/liikkuvat-varastotikkaat\/fly\/#primaryimage"},"thumbnailUrl":"https:\/\/fedemark.ee\/wp-content\/uploads\/2017\/06\/Fly-5-1.jpg","datePublished":"2017-06-15T07:59:12+00:00","dateModified":"2017-07-25T13:12:51+00:00","breadcrumb":{"@id":"https:\/\/fedemark.ee\/fi\/tuotteet\/suurikantokykyiset-tikkaat\/liikkuvat-varastotikkaat\/fly\/#breadcrumb"},"inLanguage":"fi-FI","potentialAction":[{"@type":"ReadAction","target":["https:\/\/fedemark.ee\/fi\/tuotteet\/suurikantokykyiset-tikkaat\/liikkuvat-varastotikkaat\/fly\/"]}]},{"@type":"ImageObject","inLanguage":"fi-FI","@id":"https:\/\/fedemark.ee\/fi\/tuotteet\/suurikantokykyiset-tikkaat\/liikkuvat-varastotikkaat\/fly\/#primaryimage","url":"https:\/\/fedemark.ee\/wp-content\/uploads\/2017\/06\/Fly-5-1.jpg","contentUrl":"https:\/\/fedemark.ee\/wp-content\/uploads\/2017\/06\/Fly-5-1.jpg","width":800,"height":800},{"@type":"BreadcrumbList","@id":"https:\/\/fedemark.ee\/fi\/tuotteet\/suurikantokykyiset-tikkaat\/liikkuvat-varastotikkaat\/fly\/#breadcrumb","itemListElement":[{"@type":"ListItem","position":1,"name":"Home","item":"https:\/\/fedemark.ee\/fi\/"},{"@type":"ListItem","position":2,"name":"Tuotteet","item":"https:\/\/fedemark.ee\/fi\/tuotteet\/"},{"@type":"ListItem","position":3,"name":"Fly"}]},{"@type":"WebSite","@id":"https:\/\/fedemark.ee\/#website","url":"https:\/\/fedemark.ee\/","name":"Fedemark","description":"Redelid, Tellingud, T\u00f6\u00f6platvormid ja vahekorrused","potentialAction":[{"@type":"SearchAction","target":{"@type":"EntryPoint","urlTemplate":"https:\/\/fedemark.ee\/?s={search_term_string}"},"query-input":"required name=search_term_string"}],"inLanguage":"fi-FI"}]}},"_links":{"self":[{"href":"https:\/\/fedemark.ee\/fi\/wp-json\/wp\/v2\/product\/7321"}],"collection":[{"href":"https:\/\/fedemark.ee\/fi\/wp-json\/wp\/v2\/product"}],"about":[{"href":"https:\/\/fedemark.ee\/fi\/wp-json\/wp\/v2\/types\/product"}],"replies":[{"embeddable":true,"href":"https:\/\/fedemark.ee\/fi\/wp-json\/wp\/v2\/comments?post=7321"}],"version-history":[{"count":0,"href":"https:\/\/fedemark.ee\/fi\/wp-json\/wp\/v2\/product\/7321\/revisions"}],"wp:featuredmedia":[{"embeddable":true,"href":"https:\/\/fedemark.ee\/fi\/wp-json\/wp\/v2\/media\/9593"}],"wp:attachment":[{"href":"https:\/\/fedemark.ee\/fi\/wp-json\/wp\/v2\/media?parent=7321"}],"wp:term":[{"taxonomy":"product_cat","embeddable":true,"href":"https:\/\/fedemark.ee\/fi\/wp-json\/wp\/v2\/product_cat?post=7321"},{"taxonomy":"product_tag","embeddable":true,"href":"https:\/\/fedemark.ee\/fi\/wp-json\/wp\/v2\/product_tag?post=7321"}],"curies":[{"name":"wp","href":"https:\/\/api.w.org\/{rel}","templated":true}]}}