{"id":7325,"date":"2017-06-15T08:31:21","date_gmt":"2017-06-15T08:31:21","guid":{"rendered":"https:\/\/sharks.ee\/fedemark\/shop\/uncategorized\/ponte\/"},"modified":"2017-07-25T13:20:05","modified_gmt":"2017-07-25T13:20:05","slug":"ponte","status":"publish","type":"product","link":"https:\/\/fedemark.ee\/fi\/tuotteet\/suurikantokykyiset-tikkaat\/liikkuvat-varastotikkaat\/ponte\/","title":{"rendered":"Ponte"},"content":{"rendered":"","protected":false},"excerpt":{"rendered":"<p><em>Vahvistetuin askelmin ja py\u00f6rin varustetut kaksipuoliset ty\u00f6tasotikkaat<\/em><\/p>\n<p>Kaksipuoliset tikkaat varustettuina ty\u00f6tasolla (60&#215;80 cm), suojakaiteella ja k\u00e4sipuulla (lis\u00e4varuste), jotka on valmistettu puristetusta alumiinista, sivutolpat kulmikasta profiilia. Tikkaat toimitetaan purettuina (kuljetuskustannusten vuoksi) ja niiden kokoaminen on mukana seuraavan yksityiskohtaisen k\u00e4ytt\u00f6ohjeen ansiosta helppoa.<\/p>\n<p>Automaattinen jarrutusj\u00e4rjestelm\u00e4 alkaa toimia, kun tikkaat ovat ty\u00f6asennossa ja k\u00e4ytt\u00e4j\u00e4 kiipe\u00e4\u00e4 pitkin tikkaita. Kun k\u00e4ytt\u00e4j\u00e4 kiipe\u00e4 alas, jarrutusj\u00e4rjestelm\u00e4n toiminta lakkaa ja tikkaita voi helposti liikutella.<\/p>\n<p>TEKNISET OMINAISUUDET<br \/>\n\u2022 Puolan syvyys: 20 cm<br \/>\n\u2022 Kantavuus: 150 kg<br \/>\n\u2022 Rampin profiili: 58&#215;25 mm<br \/>\n\u2022 Askelmien v\u00e4linen et\u00e4isyys: 23 cm<br \/>\n\u2022 Varvaslaudan korkeus: 6 cm<br \/>\n\u2022 Iso taso: 60&#215;80 cm<br \/>\n\u2022 Rampin leveys: 60 cm<br \/>\n\u2022 Rampin kaltevuus: 55\u00b0<br \/>\n\u2022 Automaattisesti jarruttavat py\u00f6r\u00e4t: \u00d8 125 mm<br \/>\n\u2022 Puolien m\u00e4\u00e4r\u00e4: 4\u22128<br \/>\n\u2022 Tason korkeus: 0,96\u22121,92 m<\/p>\n<p>VAKIO-OSAT<br \/>\n\u2022\u00a0Suojakaide kahdella vapaalla puolella<br \/>\n\u2022 Varvaslaudat<br \/>\n\u2022\u00a02 jarrullista py\u00f6r\u00e4\u00e4 + 2 automaattijarrullista<br \/>\n\u2022 Kyltti ja kokoamis- ja k\u00e4ytt\u00f6ohje<br \/>\n\u2022 L\u00e4mp\u00f6kutistuva muovipakkaus kuvineen<\/p>\n<p>Mahdollista tilata:<br \/>\n\u2022 Rampin k\u00e4sipuu (alkaen 4 puolan tikkaista)<br \/>\n\u2022 Py\u00f6r\u00e4tt\u00f6m\u00e4t tikkaat<br \/>\n\u2022 Valmiiksi kootut tikkaat<br \/>\n\u2022 Tikkaat ilman sivuk\u00e4sipuita<\/p>\n<p>T\u00c4RKE\u00c4\u00c4:\u00a0Jos ty\u00f6tason korkeus on yli 1 m, on k\u00e4sipuu jokaisella sivulla pakollinen.<\/p>\n<p><img loading=\"lazy\" decoding=\"async\" class=\"alignnone wp-image-5317\" src=\"https:\/\/fedemark.ee\/wp-content\/uploads\/2017\/06\/Ikoonid_29-1.jpg\" alt=\"\" width=\"76\" height=\"71\" \/><img loading=\"lazy\" decoding=\"async\" class=\"alignnone wp-image-5353\" src=\"https:\/\/fedemark.ee\/wp-content\/uploads\/2017\/06\/Ikoonid_50.jpg\" alt=\"\" width=\"62\" height=\"73\" \/><\/p>\n","protected":false},"featured_media":6244,"comment_status":"open","ping_status":"closed","template":"","meta":{"footnotes":""},"product_cat":[187,205],"product_tag":[],"yoast_head":"<!-- This site is optimized with the Yoast SEO plugin v22.6 - https:\/\/yoast.com\/wordpress\/plugins\/seo\/ -->\n<title>Ponte - Fedemark<\/title>\n<meta name=\"robots\" content=\"index, follow, max-snippet:-1, max-image-preview:large, max-video-preview:-1\" \/>\n<link rel=\"canonical\" href=\"https:\/\/fedemark.ee\/fi\/tuotteet\/suurikantokykyiset-tikkaat\/liikkuvat-varastotikkaat\/ponte\/\" \/>\n<meta property=\"og:locale\" content=\"fi_FI\" \/>\n<meta property=\"og:type\" content=\"article\" \/>\n<meta property=\"og:title\" content=\"Ponte - Fedemark\" \/>\n<meta property=\"og:description\" content=\"Vahvistetuin askelmin ja py\u00f6rin varustetut kaksipuoliset ty\u00f6tasotikkaat  Kaksipuoliset tikkaat varustettuina ty\u00f6tasolla (60x80 cm), suojakaiteella ja k\u00e4sipuulla (lis\u00e4varuste), jotka on valmistettu puristetusta alumiinista, sivutolpat kulmikasta profiilia. Tikkaat toimitetaan purettuina (kuljetuskustannusten vuoksi) ja niiden kokoaminen on mukana seuraavan yksityiskohtaisen k\u00e4ytt\u00f6ohjeen ansiosta helppoa.  Automaattinen jarrutusj\u00e4rjestelm\u00e4 alkaa toimia, kun tikkaat ovat ty\u00f6asennossa ja k\u00e4ytt\u00e4j\u00e4 kiipe\u00e4\u00e4 pitkin tikkaita. Kun k\u00e4ytt\u00e4j\u00e4 kiipe\u00e4 alas, jarrutusj\u00e4rjestelm\u00e4n toiminta lakkaa ja tikkaita voi helposti liikutella.  TEKNISET OMINAISUUDET \u2022 Puolan syvyys: 20 cm \u2022 Kantavuus: 150 kg \u2022 Rampin profiili: 58x25 mm \u2022 Askelmien v\u00e4linen et\u00e4isyys: 23 cm \u2022 Varvaslaudan korkeus: 6 cm \u2022 Iso taso: 60x80 cm \u2022 Rampin leveys: 60 cm \u2022 Rampin kaltevuus: 55\u00b0 \u2022 Automaattisesti jarruttavat py\u00f6r\u00e4t: \u00d8 125 mm \u2022 Puolien m\u00e4\u00e4r\u00e4: 4\u22128 \u2022 Tason korkeus: 0,96\u22121,92 m  VAKIO-OSAT \u2022\u00a0Suojakaide kahdella vapaalla puolella \u2022 Varvaslaudat \u2022\u00a02 jarrullista py\u00f6r\u00e4\u00e4 + 2 automaattijarrullista \u2022 Kyltti ja kokoamis- ja k\u00e4ytt\u00f6ohje \u2022 L\u00e4mp\u00f6kutistuva muovipakkaus kuvineen  Mahdollista tilata: \u2022 Rampin k\u00e4sipuu (alkaen 4 puolan tikkaista) \u2022 Py\u00f6r\u00e4tt\u00f6m\u00e4t tikkaat \u2022 Valmiiksi kootut tikkaat \u2022 Tikkaat ilman sivuk\u00e4sipuita  T\u00c4RKE\u00c4\u00c4:\u00a0Jos ty\u00f6tason korkeus on yli 1 m, on k\u00e4sipuu jokaisella sivulla pakollinen.\" \/>\n<meta property=\"og:url\" content=\"https:\/\/fedemark.ee\/fi\/tuotteet\/suurikantokykyiset-tikkaat\/liikkuvat-varastotikkaat\/ponte\/\" \/>\n<meta property=\"og:site_name\" content=\"Fedemark\" \/>\n<meta property=\"article:modified_time\" content=\"2017-07-25T13:20:05+00:00\" \/>\n<meta property=\"og:image\" content=\"https:\/\/fedemark.ee\/wp-content\/uploads\/2017\/06\/ponte.jpg\" \/>\n\t<meta property=\"og:image:width\" content=\"580\" \/>\n\t<meta property=\"og:image:height\" content=\"800\" \/>\n\t<meta property=\"og:image:type\" content=\"image\/jpeg\" \/>\n<meta name=\"twitter:card\" content=\"summary_large_image\" \/>\n<script type=\"application\/ld+json\" class=\"yoast-schema-graph\">{\"@context\":\"https:\/\/schema.org\",\"@graph\":[{\"@type\":\"WebPage\",\"@id\":\"https:\/\/fedemark.ee\/fi\/tuotteet\/suurikantokykyiset-tikkaat\/liikkuvat-varastotikkaat\/ponte\/\",\"url\":\"https:\/\/fedemark.ee\/fi\/tuotteet\/suurikantokykyiset-tikkaat\/liikkuvat-varastotikkaat\/ponte\/\",\"name\":\"Ponte - Fedemark\",\"isPartOf\":{\"@id\":\"https:\/\/fedemark.ee\/#website\"},\"primaryImageOfPage\":{\"@id\":\"https:\/\/fedemark.ee\/fi\/tuotteet\/suurikantokykyiset-tikkaat\/liikkuvat-varastotikkaat\/ponte\/#primaryimage\"},\"image\":{\"@id\":\"https:\/\/fedemark.ee\/fi\/tuotteet\/suurikantokykyiset-tikkaat\/liikkuvat-varastotikkaat\/ponte\/#primaryimage\"},\"thumbnailUrl\":\"https:\/\/fedemark.ee\/wp-content\/uploads\/2017\/06\/ponte.jpg\",\"datePublished\":\"2017-06-15T08:31:21+00:00\",\"dateModified\":\"2017-07-25T13:20:05+00:00\",\"breadcrumb\":{\"@id\":\"https:\/\/fedemark.ee\/fi\/tuotteet\/suurikantokykyiset-tikkaat\/liikkuvat-varastotikkaat\/ponte\/#breadcrumb\"},\"inLanguage\":\"fi-FI\",\"potentialAction\":[{\"@type\":\"ReadAction\",\"target\":[\"https:\/\/fedemark.ee\/fi\/tuotteet\/suurikantokykyiset-tikkaat\/liikkuvat-varastotikkaat\/ponte\/\"]}]},{\"@type\":\"ImageObject\",\"inLanguage\":\"fi-FI\",\"@id\":\"https:\/\/fedemark.ee\/fi\/tuotteet\/suurikantokykyiset-tikkaat\/liikkuvat-varastotikkaat\/ponte\/#primaryimage\",\"url\":\"https:\/\/fedemark.ee\/wp-content\/uploads\/2017\/06\/ponte.jpg\",\"contentUrl\":\"https:\/\/fedemark.ee\/wp-content\/uploads\/2017\/06\/ponte.jpg\",\"width\":580,\"height\":800},{\"@type\":\"BreadcrumbList\",\"@id\":\"https:\/\/fedemark.ee\/fi\/tuotteet\/suurikantokykyiset-tikkaat\/liikkuvat-varastotikkaat\/ponte\/#breadcrumb\",\"itemListElement\":[{\"@type\":\"ListItem\",\"position\":1,\"name\":\"Home\",\"item\":\"https:\/\/fedemark.ee\/fi\/\"},{\"@type\":\"ListItem\",\"position\":2,\"name\":\"Tuotteet\",\"item\":\"https:\/\/fedemark.ee\/fi\/tuotteet\/\"},{\"@type\":\"ListItem\",\"position\":3,\"name\":\"Ponte\"}]},{\"@type\":\"WebSite\",\"@id\":\"https:\/\/fedemark.ee\/#website\",\"url\":\"https:\/\/fedemark.ee\/\",\"name\":\"Fedemark\",\"description\":\"Redelid, Tellingud, T\u00f6\u00f6platvormid ja vahekorrused\",\"potentialAction\":[{\"@type\":\"SearchAction\",\"target\":{\"@type\":\"EntryPoint\",\"urlTemplate\":\"https:\/\/fedemark.ee\/?s={search_term_string}\"},\"query-input\":\"required name=search_term_string\"}],\"inLanguage\":\"fi-FI\"}]}<\/script>\n<!-- \/ Yoast SEO plugin. -->","yoast_head_json":{"title":"Ponte - Fedemark","robots":{"index":"index","follow":"follow","max-snippet":"max-snippet:-1","max-image-preview":"max-image-preview:large","max-video-preview":"max-video-preview:-1"},"canonical":"https:\/\/fedemark.ee\/fi\/tuotteet\/suurikantokykyiset-tikkaat\/liikkuvat-varastotikkaat\/ponte\/","og_locale":"fi_FI","og_type":"article","og_title":"Ponte - Fedemark","og_description":"Vahvistetuin askelmin ja py\u00f6rin varustetut kaksipuoliset ty\u00f6tasotikkaat  Kaksipuoliset tikkaat varustettuina ty\u00f6tasolla (60x80 cm), suojakaiteella ja k\u00e4sipuulla (lis\u00e4varuste), jotka on valmistettu puristetusta alumiinista, sivutolpat kulmikasta profiilia. Tikkaat toimitetaan purettuina (kuljetuskustannusten vuoksi) ja niiden kokoaminen on mukana seuraavan yksityiskohtaisen k\u00e4ytt\u00f6ohjeen ansiosta helppoa.  Automaattinen jarrutusj\u00e4rjestelm\u00e4 alkaa toimia, kun tikkaat ovat ty\u00f6asennossa ja k\u00e4ytt\u00e4j\u00e4 kiipe\u00e4\u00e4 pitkin tikkaita. Kun k\u00e4ytt\u00e4j\u00e4 kiipe\u00e4 alas, jarrutusj\u00e4rjestelm\u00e4n toiminta lakkaa ja tikkaita voi helposti liikutella.  TEKNISET OMINAISUUDET \u2022 Puolan syvyys: 20 cm \u2022 Kantavuus: 150 kg \u2022 Rampin profiili: 58x25 mm \u2022 Askelmien v\u00e4linen et\u00e4isyys: 23 cm \u2022 Varvaslaudan korkeus: 6 cm \u2022 Iso taso: 60x80 cm \u2022 Rampin leveys: 60 cm \u2022 Rampin kaltevuus: 55\u00b0 \u2022 Automaattisesti jarruttavat py\u00f6r\u00e4t: \u00d8 125 mm \u2022 Puolien m\u00e4\u00e4r\u00e4: 4\u22128 \u2022 Tason korkeus: 0,96\u22121,92 m  VAKIO-OSAT \u2022\u00a0Suojakaide kahdella vapaalla puolella \u2022 Varvaslaudat \u2022\u00a02 jarrullista py\u00f6r\u00e4\u00e4 + 2 automaattijarrullista \u2022 Kyltti ja kokoamis- ja k\u00e4ytt\u00f6ohje \u2022 L\u00e4mp\u00f6kutistuva muovipakkaus kuvineen  Mahdollista tilata: \u2022 Rampin k\u00e4sipuu (alkaen 4 puolan tikkaista) \u2022 Py\u00f6r\u00e4tt\u00f6m\u00e4t tikkaat \u2022 Valmiiksi kootut tikkaat \u2022 Tikkaat ilman sivuk\u00e4sipuita  T\u00c4RKE\u00c4\u00c4:\u00a0Jos ty\u00f6tason korkeus on yli 1 m, on k\u00e4sipuu jokaisella sivulla pakollinen.","og_url":"https:\/\/fedemark.ee\/fi\/tuotteet\/suurikantokykyiset-tikkaat\/liikkuvat-varastotikkaat\/ponte\/","og_site_name":"Fedemark","article_modified_time":"2017-07-25T13:20:05+00:00","og_image":[{"width":580,"height":800,"url":"https:\/\/fedemark.ee\/wp-content\/uploads\/2017\/06\/ponte.jpg","type":"image\/jpeg"}],"twitter_card":"summary_large_image","schema":{"@context":"https:\/\/schema.org","@graph":[{"@type":"WebPage","@id":"https:\/\/fedemark.ee\/fi\/tuotteet\/suurikantokykyiset-tikkaat\/liikkuvat-varastotikkaat\/ponte\/","url":"https:\/\/fedemark.ee\/fi\/tuotteet\/suurikantokykyiset-tikkaat\/liikkuvat-varastotikkaat\/ponte\/","name":"Ponte - Fedemark","isPartOf":{"@id":"https:\/\/fedemark.ee\/#website"},"primaryImageOfPage":{"@id":"https:\/\/fedemark.ee\/fi\/tuotteet\/suurikantokykyiset-tikkaat\/liikkuvat-varastotikkaat\/ponte\/#primaryimage"},"image":{"@id":"https:\/\/fedemark.ee\/fi\/tuotteet\/suurikantokykyiset-tikkaat\/liikkuvat-varastotikkaat\/ponte\/#primaryimage"},"thumbnailUrl":"https:\/\/fedemark.ee\/wp-content\/uploads\/2017\/06\/ponte.jpg","datePublished":"2017-06-15T08:31:21+00:00","dateModified":"2017-07-25T13:20:05+00:00","breadcrumb":{"@id":"https:\/\/fedemark.ee\/fi\/tuotteet\/suurikantokykyiset-tikkaat\/liikkuvat-varastotikkaat\/ponte\/#breadcrumb"},"inLanguage":"fi-FI","potentialAction":[{"@type":"ReadAction","target":["https:\/\/fedemark.ee\/fi\/tuotteet\/suurikantokykyiset-tikkaat\/liikkuvat-varastotikkaat\/ponte\/"]}]},{"@type":"ImageObject","inLanguage":"fi-FI","@id":"https:\/\/fedemark.ee\/fi\/tuotteet\/suurikantokykyiset-tikkaat\/liikkuvat-varastotikkaat\/ponte\/#primaryimage","url":"https:\/\/fedemark.ee\/wp-content\/uploads\/2017\/06\/ponte.jpg","contentUrl":"https:\/\/fedemark.ee\/wp-content\/uploads\/2017\/06\/ponte.jpg","width":580,"height":800},{"@type":"BreadcrumbList","@id":"https:\/\/fedemark.ee\/fi\/tuotteet\/suurikantokykyiset-tikkaat\/liikkuvat-varastotikkaat\/ponte\/#breadcrumb","itemListElement":[{"@type":"ListItem","position":1,"name":"Home","item":"https:\/\/fedemark.ee\/fi\/"},{"@type":"ListItem","position":2,"name":"Tuotteet","item":"https:\/\/fedemark.ee\/fi\/tuotteet\/"},{"@type":"ListItem","position":3,"name":"Ponte"}]},{"@type":"WebSite","@id":"https:\/\/fedemark.ee\/#website","url":"https:\/\/fedemark.ee\/","name":"Fedemark","description":"Redelid, Tellingud, T\u00f6\u00f6platvormid ja vahekorrused","potentialAction":[{"@type":"SearchAction","target":{"@type":"EntryPoint","urlTemplate":"https:\/\/fedemark.ee\/?s={search_term_string}"},"query-input":"required name=search_term_string"}],"inLanguage":"fi-FI"}]}},"_links":{"self":[{"href":"https:\/\/fedemark.ee\/fi\/wp-json\/wp\/v2\/product\/7325"}],"collection":[{"href":"https:\/\/fedemark.ee\/fi\/wp-json\/wp\/v2\/product"}],"about":[{"href":"https:\/\/fedemark.ee\/fi\/wp-json\/wp\/v2\/types\/product"}],"replies":[{"embeddable":true,"href":"https:\/\/fedemark.ee\/fi\/wp-json\/wp\/v2\/comments?post=7325"}],"version-history":[{"count":0,"href":"https:\/\/fedemark.ee\/fi\/wp-json\/wp\/v2\/product\/7325\/revisions"}],"wp:featuredmedia":[{"embeddable":true,"href":"https:\/\/fedemark.ee\/fi\/wp-json\/wp\/v2\/media\/6244"}],"wp:attachment":[{"href":"https:\/\/fedemark.ee\/fi\/wp-json\/wp\/v2\/media?parent=7325"}],"wp:term":[{"taxonomy":"product_cat","embeddable":true,"href":"https:\/\/fedemark.ee\/fi\/wp-json\/wp\/v2\/product_cat?post=7325"},{"taxonomy":"product_tag","embeddable":true,"href":"https:\/\/fedemark.ee\/fi\/wp-json\/wp\/v2\/product_tag?post=7325"}],"curies":[{"name":"wp","href":"https:\/\/api.w.org\/{rel}","templated":true}]}}