{"id":7327,"date":"2017-06-15T07:24:37","date_gmt":"2017-06-15T07:24:37","guid":{"rendered":"https:\/\/sharks.ee\/fedemark\/shop\/uncategorized\/castellana-4wd\/"},"modified":"2017-07-25T13:22:23","modified_gmt":"2017-07-25T13:22:23","slug":"castellana-4wd","status":"publish","type":"product","link":"https:\/\/fedemark.ee\/fi\/tuotteet\/suurikantokykyiset-tikkaat\/liikkuvat-varastotikkaat\/castellana-4wd\/","title":{"rendered":"Castellana 4WD"},"content":{"rendered":"","protected":false},"excerpt":{"rendered":"<p><em>Py\u00f6rill\u00e4 varustetut yksipuoliset porrastikkaat<\/em><\/p>\n<p>Alumiinitikkaat varustettuina 4 automaattijarrullisella py\u00f6r\u00e4ll\u00e4, 2 haaralla, ty\u00f6tasolla, ty\u00f6v\u00e4linealustalla, suojakaiteella ja k\u00e4sipuulla. Tikkaissa on vahvistetut avautumisen \/ sulkeutumisen est\u00e4v\u00e4t tangot.<\/p>\n<p>Tikkaat sopivat erityisen hyvin k\u00e4ytett\u00e4viksi varastorakennuksissa, varastotiloissa, korkealla sijaitsevissa kohdissa koneteollisuudessa, lentoasemilla, kouluissa ja muissa paikoissa, jossa tarvitaan turvallista, hyvin suojattua kohteen tavoittamista.<br \/>\nTikkaiden leve\u00e4t askelmat, 100 cm suojakaide ja iso alumiininen ty\u00f6taso mahdollistavat mukavan ja turvallisen ty\u00f6skentelyn.<br \/>\nNopeat alumiinisaranat takaavat t\u00e4ydellisen kokoamisen ja kompaktin kuljetuksen.<br \/>\nNelj\u00e4 \u00f8 80 mm py\u00f6r\u00e4\u00e4 mahdollistavat tikkaiden kevyen ty\u00f6nt\u00e4m\u00e4ll\u00e4 liikuttelun.<\/p>\n<p>Jarruj\u00e4rjestelm\u00e4 on automaattinen, kun tikkaat on avattu k\u00e4ytt\u00f6\u00f6n ja k\u00e4ytt\u00e4j\u00e4 kiipe\u00e4\u00e4 niill\u00e4.<br \/>\nKun tikkaita liikutetaan nostosangoista, kumijalat nousevat yl\u00f6s, jotta py\u00f6r\u00e4t voivat vapaasti liikkua maata pitkin.<br \/>\nTikkaat on testattu ja valmistettu eurooppalaisen standardin EN131 mukaisesti.<\/p>\n<p>TEKNISET OMINAISUUDET<br \/>\n\u2022 4 py\u00f6r\u00e4\u00e4 \u00f8 80 mm<br \/>\n\u2022 Kantavuus: 150 kg<br \/>\n\u2022 Suojakaiteen korkeus: 100 cm<br \/>\n\u2022 Varvaslaudan korkeus: 15 cm<br \/>\n\u2022 Kehyksen profiili: 100&#215;30 mm<br \/>\n\u2022 Etuosan leveys: 60 cm<br \/>\n\u2022 Tason mitat: 53&#215;67 cm<br \/>\n\u2022 Askelmien v\u00e4linen et\u00e4isyys: 24 cm<br \/>\n\u2022 Liukumaton askelma: 10 cm<br \/>\n\u2022 Puolien m\u00e4\u00e4r\u00e4: 4\u221215<br \/>\n\u2022 Tason korkeus: 1,00\u22123,90 m<\/p>\n<p>VAKIO-OSAT<br \/>\n\u2022 Vahvistetut avautumisen \/ sulkeutumisen est\u00e4v\u00e4t tangot, jotka my\u00f6s nostavat tikkaita<br \/>\n\u2022 Ty\u00f6v\u00e4linealusta, kantavuus 15 kg<br \/>\n\u2022 Ontto kehys ja tuet pitempien askelmien alla<br \/>\n\u2022 Ergonomiset, vahvistetut ja liukumattomat kumijalat<br \/>\n\u2022 Kyltti ja kokoamis- ja k\u00e4ytt\u00f6ohje<br \/>\n\u2022 L\u00e4mp\u00f6kutistuva muovipakkaus kuvineen<\/p>\n<p>Mahdollista tilata:<br \/>\n\u2022 Lyhyt tukijalka (75 cm pitk\u00e4) k\u00e4ytett\u00e4v\u00e4ksi ahtaissa k\u00e4yt\u00e4viss\u00e4<br \/>\n\u2022 Eri kokoja ja rakenteita<\/p>\n<p><img decoding=\"async\" src=\"https:\/\/fedemark.ee\/wp-content\/uploads\/2017\/05\/castellana_tabel1.jpg\" \/><\/p>\n<p>&nbsp;<\/p>\n","protected":false},"featured_media":10563,"comment_status":"open","ping_status":"closed","template":"","meta":{"footnotes":""},"product_cat":[187,205],"product_tag":[],"yoast_head":"<!-- This site is optimized with the Yoast SEO plugin v22.6 - https:\/\/yoast.com\/wordpress\/plugins\/seo\/ -->\n<title>Castellana 4WD - Fedemark<\/title>\n<meta name=\"robots\" content=\"index, follow, max-snippet:-1, max-image-preview:large, max-video-preview:-1\" \/>\n<link rel=\"canonical\" href=\"https:\/\/fedemark.ee\/fi\/tuotteet\/suurikantokykyiset-tikkaat\/liikkuvat-varastotikkaat\/castellana-4wd\/\" \/>\n<meta property=\"og:locale\" content=\"fi_FI\" \/>\n<meta property=\"og:type\" content=\"article\" \/>\n<meta property=\"og:title\" content=\"Castellana 4WD - Fedemark\" \/>\n<meta property=\"og:description\" content=\"Py\u00f6rill\u00e4 varustetut yksipuoliset porrastikkaat  Alumiinitikkaat varustettuina 4 automaattijarrullisella py\u00f6r\u00e4ll\u00e4, 2 haaralla, ty\u00f6tasolla, ty\u00f6v\u00e4linealustalla, suojakaiteella ja k\u00e4sipuulla. Tikkaissa on vahvistetut avautumisen \/ sulkeutumisen est\u00e4v\u00e4t tangot.  Tikkaat sopivat erityisen hyvin k\u00e4ytett\u00e4viksi varastorakennuksissa, varastotiloissa, korkealla sijaitsevissa kohdissa koneteollisuudessa, lentoasemilla, kouluissa ja muissa paikoissa, jossa tarvitaan turvallista, hyvin suojattua kohteen tavoittamista. Tikkaiden leve\u00e4t askelmat, 100 cm suojakaide ja iso alumiininen ty\u00f6taso mahdollistavat mukavan ja turvallisen ty\u00f6skentelyn. Nopeat alumiinisaranat takaavat t\u00e4ydellisen kokoamisen ja kompaktin kuljetuksen. Nelj\u00e4 \u00f8 80 mm py\u00f6r\u00e4\u00e4 mahdollistavat tikkaiden kevyen ty\u00f6nt\u00e4m\u00e4ll\u00e4 liikuttelun.  Jarruj\u00e4rjestelm\u00e4 on automaattinen, kun tikkaat on avattu k\u00e4ytt\u00f6\u00f6n ja k\u00e4ytt\u00e4j\u00e4 kiipe\u00e4\u00e4 niill\u00e4. Kun tikkaita liikutetaan nostosangoista, kumijalat nousevat yl\u00f6s, jotta py\u00f6r\u00e4t voivat vapaasti liikkua maata pitkin. Tikkaat on testattu ja valmistettu eurooppalaisen standardin EN131 mukaisesti.  TEKNISET OMINAISUUDET \u2022 4 py\u00f6r\u00e4\u00e4 \u00f8 80 mm \u2022 Kantavuus: 150 kg \u2022 Suojakaiteen korkeus: 100 cm \u2022 Varvaslaudan korkeus: 15 cm \u2022 Kehyksen profiili: 100x30 mm \u2022 Etuosan leveys: 60 cm \u2022 Tason mitat: 53x67 cm \u2022 Askelmien v\u00e4linen et\u00e4isyys: 24 cm \u2022 Liukumaton askelma: 10 cm \u2022 Puolien m\u00e4\u00e4r\u00e4: 4\u221215 \u2022 Tason korkeus: 1,00\u22123,90 m  VAKIO-OSAT \u2022 Vahvistetut avautumisen \/ sulkeutumisen est\u00e4v\u00e4t tangot, jotka my\u00f6s nostavat tikkaita \u2022 Ty\u00f6v\u00e4linealusta, kantavuus 15 kg \u2022 Ontto kehys ja tuet pitempien askelmien alla \u2022 Ergonomiset, vahvistetut ja liukumattomat kumijalat \u2022 Kyltti ja kokoamis- ja k\u00e4ytt\u00f6ohje \u2022 L\u00e4mp\u00f6kutistuva muovipakkaus kuvineen  Mahdollista tilata: \u2022 Lyhyt tukijalka (75 cm pitk\u00e4) k\u00e4ytett\u00e4v\u00e4ksi ahtaissa k\u00e4yt\u00e4viss\u00e4 \u2022 Eri kokoja ja rakenteita    &nbsp;\" \/>\n<meta property=\"og:url\" content=\"https:\/\/fedemark.ee\/fi\/tuotteet\/suurikantokykyiset-tikkaat\/liikkuvat-varastotikkaat\/castellana-4wd\/\" \/>\n<meta property=\"og:site_name\" content=\"Fedemark\" \/>\n<meta property=\"article:modified_time\" content=\"2017-07-25T13:22:23+00:00\" \/>\n<meta property=\"og:image\" content=\"https:\/\/fedemark.ee\/wp-content\/uploads\/2017\/06\/Castellana-4WD-1.jpg\" \/>\n\t<meta property=\"og:image:width\" content=\"800\" \/>\n\t<meta property=\"og:image:height\" content=\"800\" \/>\n\t<meta property=\"og:image:type\" content=\"image\/jpeg\" \/>\n<meta name=\"twitter:card\" content=\"summary_large_image\" \/>\n<script type=\"application\/ld+json\" class=\"yoast-schema-graph\">{\"@context\":\"https:\/\/schema.org\",\"@graph\":[{\"@type\":\"WebPage\",\"@id\":\"https:\/\/fedemark.ee\/fi\/tuotteet\/suurikantokykyiset-tikkaat\/liikkuvat-varastotikkaat\/castellana-4wd\/\",\"url\":\"https:\/\/fedemark.ee\/fi\/tuotteet\/suurikantokykyiset-tikkaat\/liikkuvat-varastotikkaat\/castellana-4wd\/\",\"name\":\"Castellana 4WD - Fedemark\",\"isPartOf\":{\"@id\":\"https:\/\/fedemark.ee\/#website\"},\"primaryImageOfPage\":{\"@id\":\"https:\/\/fedemark.ee\/fi\/tuotteet\/suurikantokykyiset-tikkaat\/liikkuvat-varastotikkaat\/castellana-4wd\/#primaryimage\"},\"image\":{\"@id\":\"https:\/\/fedemark.ee\/fi\/tuotteet\/suurikantokykyiset-tikkaat\/liikkuvat-varastotikkaat\/castellana-4wd\/#primaryimage\"},\"thumbnailUrl\":\"https:\/\/fedemark.ee\/wp-content\/uploads\/2017\/06\/Castellana-4WD-1.jpg\",\"datePublished\":\"2017-06-15T07:24:37+00:00\",\"dateModified\":\"2017-07-25T13:22:23+00:00\",\"breadcrumb\":{\"@id\":\"https:\/\/fedemark.ee\/fi\/tuotteet\/suurikantokykyiset-tikkaat\/liikkuvat-varastotikkaat\/castellana-4wd\/#breadcrumb\"},\"inLanguage\":\"fi-FI\",\"potentialAction\":[{\"@type\":\"ReadAction\",\"target\":[\"https:\/\/fedemark.ee\/fi\/tuotteet\/suurikantokykyiset-tikkaat\/liikkuvat-varastotikkaat\/castellana-4wd\/\"]}]},{\"@type\":\"ImageObject\",\"inLanguage\":\"fi-FI\",\"@id\":\"https:\/\/fedemark.ee\/fi\/tuotteet\/suurikantokykyiset-tikkaat\/liikkuvat-varastotikkaat\/castellana-4wd\/#primaryimage\",\"url\":\"https:\/\/fedemark.ee\/wp-content\/uploads\/2017\/06\/Castellana-4WD-1.jpg\",\"contentUrl\":\"https:\/\/fedemark.ee\/wp-content\/uploads\/2017\/06\/Castellana-4WD-1.jpg\",\"width\":800,\"height\":800},{\"@type\":\"BreadcrumbList\",\"@id\":\"https:\/\/fedemark.ee\/fi\/tuotteet\/suurikantokykyiset-tikkaat\/liikkuvat-varastotikkaat\/castellana-4wd\/#breadcrumb\",\"itemListElement\":[{\"@type\":\"ListItem\",\"position\":1,\"name\":\"Home\",\"item\":\"https:\/\/fedemark.ee\/fi\/\"},{\"@type\":\"ListItem\",\"position\":2,\"name\":\"Tuotteet\",\"item\":\"https:\/\/fedemark.ee\/fi\/tuotteet\/\"},{\"@type\":\"ListItem\",\"position\":3,\"name\":\"Castellana 4WD\"}]},{\"@type\":\"WebSite\",\"@id\":\"https:\/\/fedemark.ee\/#website\",\"url\":\"https:\/\/fedemark.ee\/\",\"name\":\"Fedemark\",\"description\":\"Redelid, Tellingud, T\u00f6\u00f6platvormid ja vahekorrused\",\"potentialAction\":[{\"@type\":\"SearchAction\",\"target\":{\"@type\":\"EntryPoint\",\"urlTemplate\":\"https:\/\/fedemark.ee\/?s={search_term_string}\"},\"query-input\":\"required name=search_term_string\"}],\"inLanguage\":\"fi-FI\"}]}<\/script>\n<!-- \/ Yoast SEO plugin. -->","yoast_head_json":{"title":"Castellana 4WD - Fedemark","robots":{"index":"index","follow":"follow","max-snippet":"max-snippet:-1","max-image-preview":"max-image-preview:large","max-video-preview":"max-video-preview:-1"},"canonical":"https:\/\/fedemark.ee\/fi\/tuotteet\/suurikantokykyiset-tikkaat\/liikkuvat-varastotikkaat\/castellana-4wd\/","og_locale":"fi_FI","og_type":"article","og_title":"Castellana 4WD - Fedemark","og_description":"Py\u00f6rill\u00e4 varustetut yksipuoliset porrastikkaat  Alumiinitikkaat varustettuina 4 automaattijarrullisella py\u00f6r\u00e4ll\u00e4, 2 haaralla, ty\u00f6tasolla, ty\u00f6v\u00e4linealustalla, suojakaiteella ja k\u00e4sipuulla. Tikkaissa on vahvistetut avautumisen \/ sulkeutumisen est\u00e4v\u00e4t tangot.  Tikkaat sopivat erityisen hyvin k\u00e4ytett\u00e4viksi varastorakennuksissa, varastotiloissa, korkealla sijaitsevissa kohdissa koneteollisuudessa, lentoasemilla, kouluissa ja muissa paikoissa, jossa tarvitaan turvallista, hyvin suojattua kohteen tavoittamista. Tikkaiden leve\u00e4t askelmat, 100 cm suojakaide ja iso alumiininen ty\u00f6taso mahdollistavat mukavan ja turvallisen ty\u00f6skentelyn. Nopeat alumiinisaranat takaavat t\u00e4ydellisen kokoamisen ja kompaktin kuljetuksen. Nelj\u00e4 \u00f8 80 mm py\u00f6r\u00e4\u00e4 mahdollistavat tikkaiden kevyen ty\u00f6nt\u00e4m\u00e4ll\u00e4 liikuttelun.  Jarruj\u00e4rjestelm\u00e4 on automaattinen, kun tikkaat on avattu k\u00e4ytt\u00f6\u00f6n ja k\u00e4ytt\u00e4j\u00e4 kiipe\u00e4\u00e4 niill\u00e4. Kun tikkaita liikutetaan nostosangoista, kumijalat nousevat yl\u00f6s, jotta py\u00f6r\u00e4t voivat vapaasti liikkua maata pitkin. Tikkaat on testattu ja valmistettu eurooppalaisen standardin EN131 mukaisesti.  TEKNISET OMINAISUUDET \u2022 4 py\u00f6r\u00e4\u00e4 \u00f8 80 mm \u2022 Kantavuus: 150 kg \u2022 Suojakaiteen korkeus: 100 cm \u2022 Varvaslaudan korkeus: 15 cm \u2022 Kehyksen profiili: 100x30 mm \u2022 Etuosan leveys: 60 cm \u2022 Tason mitat: 53x67 cm \u2022 Askelmien v\u00e4linen et\u00e4isyys: 24 cm \u2022 Liukumaton askelma: 10 cm \u2022 Puolien m\u00e4\u00e4r\u00e4: 4\u221215 \u2022 Tason korkeus: 1,00\u22123,90 m  VAKIO-OSAT \u2022 Vahvistetut avautumisen \/ sulkeutumisen est\u00e4v\u00e4t tangot, jotka my\u00f6s nostavat tikkaita \u2022 Ty\u00f6v\u00e4linealusta, kantavuus 15 kg \u2022 Ontto kehys ja tuet pitempien askelmien alla \u2022 Ergonomiset, vahvistetut ja liukumattomat kumijalat \u2022 Kyltti ja kokoamis- ja k\u00e4ytt\u00f6ohje \u2022 L\u00e4mp\u00f6kutistuva muovipakkaus kuvineen  Mahdollista tilata: \u2022 Lyhyt tukijalka (75 cm pitk\u00e4) k\u00e4ytett\u00e4v\u00e4ksi ahtaissa k\u00e4yt\u00e4viss\u00e4 \u2022 Eri kokoja ja rakenteita    &nbsp;","og_url":"https:\/\/fedemark.ee\/fi\/tuotteet\/suurikantokykyiset-tikkaat\/liikkuvat-varastotikkaat\/castellana-4wd\/","og_site_name":"Fedemark","article_modified_time":"2017-07-25T13:22:23+00:00","og_image":[{"width":800,"height":800,"url":"https:\/\/fedemark.ee\/wp-content\/uploads\/2017\/06\/Castellana-4WD-1.jpg","type":"image\/jpeg"}],"twitter_card":"summary_large_image","schema":{"@context":"https:\/\/schema.org","@graph":[{"@type":"WebPage","@id":"https:\/\/fedemark.ee\/fi\/tuotteet\/suurikantokykyiset-tikkaat\/liikkuvat-varastotikkaat\/castellana-4wd\/","url":"https:\/\/fedemark.ee\/fi\/tuotteet\/suurikantokykyiset-tikkaat\/liikkuvat-varastotikkaat\/castellana-4wd\/","name":"Castellana 4WD - Fedemark","isPartOf":{"@id":"https:\/\/fedemark.ee\/#website"},"primaryImageOfPage":{"@id":"https:\/\/fedemark.ee\/fi\/tuotteet\/suurikantokykyiset-tikkaat\/liikkuvat-varastotikkaat\/castellana-4wd\/#primaryimage"},"image":{"@id":"https:\/\/fedemark.ee\/fi\/tuotteet\/suurikantokykyiset-tikkaat\/liikkuvat-varastotikkaat\/castellana-4wd\/#primaryimage"},"thumbnailUrl":"https:\/\/fedemark.ee\/wp-content\/uploads\/2017\/06\/Castellana-4WD-1.jpg","datePublished":"2017-06-15T07:24:37+00:00","dateModified":"2017-07-25T13:22:23+00:00","breadcrumb":{"@id":"https:\/\/fedemark.ee\/fi\/tuotteet\/suurikantokykyiset-tikkaat\/liikkuvat-varastotikkaat\/castellana-4wd\/#breadcrumb"},"inLanguage":"fi-FI","potentialAction":[{"@type":"ReadAction","target":["https:\/\/fedemark.ee\/fi\/tuotteet\/suurikantokykyiset-tikkaat\/liikkuvat-varastotikkaat\/castellana-4wd\/"]}]},{"@type":"ImageObject","inLanguage":"fi-FI","@id":"https:\/\/fedemark.ee\/fi\/tuotteet\/suurikantokykyiset-tikkaat\/liikkuvat-varastotikkaat\/castellana-4wd\/#primaryimage","url":"https:\/\/fedemark.ee\/wp-content\/uploads\/2017\/06\/Castellana-4WD-1.jpg","contentUrl":"https:\/\/fedemark.ee\/wp-content\/uploads\/2017\/06\/Castellana-4WD-1.jpg","width":800,"height":800},{"@type":"BreadcrumbList","@id":"https:\/\/fedemark.ee\/fi\/tuotteet\/suurikantokykyiset-tikkaat\/liikkuvat-varastotikkaat\/castellana-4wd\/#breadcrumb","itemListElement":[{"@type":"ListItem","position":1,"name":"Home","item":"https:\/\/fedemark.ee\/fi\/"},{"@type":"ListItem","position":2,"name":"Tuotteet","item":"https:\/\/fedemark.ee\/fi\/tuotteet\/"},{"@type":"ListItem","position":3,"name":"Castellana 4WD"}]},{"@type":"WebSite","@id":"https:\/\/fedemark.ee\/#website","url":"https:\/\/fedemark.ee\/","name":"Fedemark","description":"Redelid, Tellingud, T\u00f6\u00f6platvormid ja vahekorrused","potentialAction":[{"@type":"SearchAction","target":{"@type":"EntryPoint","urlTemplate":"https:\/\/fedemark.ee\/?s={search_term_string}"},"query-input":"required name=search_term_string"}],"inLanguage":"fi-FI"}]}},"_links":{"self":[{"href":"https:\/\/fedemark.ee\/fi\/wp-json\/wp\/v2\/product\/7327"}],"collection":[{"href":"https:\/\/fedemark.ee\/fi\/wp-json\/wp\/v2\/product"}],"about":[{"href":"https:\/\/fedemark.ee\/fi\/wp-json\/wp\/v2\/types\/product"}],"replies":[{"embeddable":true,"href":"https:\/\/fedemark.ee\/fi\/wp-json\/wp\/v2\/comments?post=7327"}],"version-history":[{"count":0,"href":"https:\/\/fedemark.ee\/fi\/wp-json\/wp\/v2\/product\/7327\/revisions"}],"wp:featuredmedia":[{"embeddable":true,"href":"https:\/\/fedemark.ee\/fi\/wp-json\/wp\/v2\/media\/10563"}],"wp:attachment":[{"href":"https:\/\/fedemark.ee\/fi\/wp-json\/wp\/v2\/media?parent=7327"}],"wp:term":[{"taxonomy":"product_cat","embeddable":true,"href":"https:\/\/fedemark.ee\/fi\/wp-json\/wp\/v2\/product_cat?post=7327"},{"taxonomy":"product_tag","embeddable":true,"href":"https:\/\/fedemark.ee\/fi\/wp-json\/wp\/v2\/product_tag?post=7327"}],"curies":[{"name":"wp","href":"https:\/\/api.w.org\/{rel}","templated":true}]}}