{"id":7328,"date":"2017-06-15T19:38:06","date_gmt":"2017-06-15T19:38:06","guid":{"rendered":"https:\/\/sharks.ee\/fedemark\/shop\/uncategorized\/marea\/"},"modified":"2017-07-25T13:23:55","modified_gmt":"2017-07-25T13:23:55","slug":"marea","status":"publish","type":"product","link":"https:\/\/fedemark.ee\/fi\/tuotteet\/suurikantokykyiset-tikkaat\/tasotikkaat\/marea\/","title":{"rendered":"Marea"},"content":{"rendered":"","protected":false},"excerpt":{"rendered":"<p><em>Alumiiniset yksipuoliset porrastikkaat<\/em><\/p>\n<p>Tasolla ja suojakaiteella varustetut alumiiniset porrastikkaat. Sopivat k\u00e4ytett\u00e4viksi kotona ja harrastuksissa.<br \/>\nTikkaat on valmistettu eritt\u00e4in kest\u00e4v\u00e4st\u00e4 puristetusta alumiiniseoksesta. Puristetut kulmikkaat (50&#215;25 mm) alumiinikehykset ovat ergonomiset ja niist\u00e4 on hyv\u00e4 pit\u00e4\u00e4 kiinni.<br \/>\nKevyest\u00e4 valetusta alumiinista valmistetut ergonomiset avautumisen est\u00e4v\u00e4t saranat varmistavat koko rakenteelle lis\u00e4vakauden.<br \/>\nLeve\u00e4 vahvistettu polypropeenista valmistettu muhkurainen ty\u00f6taso on k\u00e4yt\u00f6ss\u00e4 nailonisen turvakoukun avulla itselukkiutuva.<br \/>\nVakiov\u00e4ri on punainen, mutta koko kuorman tilatessanne voitte valita 4 muusta olemassa olevasta v\u00e4rist\u00e4: vihre\u00e4, oranssi, vaaleanpunainen ja sininen.<\/p>\n<p>TEKNISET OMINAISUUDET<br \/>\n\u2022 Kehyksen profiili: 50&#215;25 mm<br \/>\n\u2022 Ty\u00f6tason mitat: 30&#215;26 cm<br \/>\n\u2022 Suojakaiteen korkeus: 60 cm<br \/>\n\u2022 Askelmien v\u00e4linen et\u00e4isyys: 25 cm<br \/>\n\u2022 Paksuus suljettuna: 14 cm<br \/>\n\u2022 Liukumattomat askelmat: 8 cm<br \/>\n\u2022 Puolien m\u00e4\u00e4r\u00e4: 3\u221210<br \/>\n\u2022 Ty\u00f6tason korkeus: 0,66\u22122,28 m<\/p>\n<p>VAKIO-OSAT<br \/>\n\u2022 Ty\u00f6kalulaatikko ja sangon koukku<br \/>\n\u2022 K\u00e4densija kiipe\u00e4misen helpottamiseksi<br \/>\n\u2022 Vahvistetut liukumattomat kumijalat<br \/>\n\u2022 Nailoniset avautumisen est\u00e4v\u00e4t hihnat<br \/>\n\u2022 2, 3 tai 4 pient\u00e4 lis\u00e4vahvistusta takana (tikkaiden mittojen mukaisesti)<br \/>\n\u2022 Kyltti ja kokoamis- ja k\u00e4ytt\u00f6ohje<br \/>\n\u2022 L\u00e4mp\u00f6kutistuva muovipakkaus kuvineen<\/p>\n<p><img loading=\"lazy\" decoding=\"async\" class=\"alignnone wp-image-5253\" src=\"https:\/\/fedemark.ee\/wp-content\/uploads\/2017\/06\/Ikoonid_29.jpg\" alt=\"\" width=\"78\" height=\"73\" \/><img loading=\"lazy\" decoding=\"async\" class=\"alignnone wp-image-5257\" src=\"https:\/\/fedemark.ee\/wp-content\/uploads\/2017\/06\/Ikoonid_03-Copy.jpg\" alt=\"\" width=\"70\" height=\"70\" srcset=\"https:\/\/fedemark.ee\/wp-content\/uploads\/2017\/06\/Ikoonid_03-Copy.jpg 132w, https:\/\/fedemark.ee\/wp-content\/uploads\/2017\/06\/Ikoonid_03-Copy-100x100.jpg 100w\" sizes=\"(max-width: 70px) 100vw, 70px\" \/><img loading=\"lazy\" decoding=\"async\" class=\"alignnone wp-image-5353\" src=\"https:\/\/fedemark.ee\/wp-content\/uploads\/2017\/06\/Ikoonid_50.jpg\" alt=\"\" width=\"64\" height=\"75\" \/><img loading=\"lazy\" decoding=\"async\" class=\"alignnone wp-image-5337\" src=\"https:\/\/fedemark.ee\/wp-content\/uploads\/2017\/06\/Ikoonid_38-Copy.jpg\" alt=\"\" width=\"75\" height=\"73\" \/><\/p>\n","protected":false},"featured_media":9875,"comment_status":"open","ping_status":"closed","template":"","meta":{"footnotes":""},"product_cat":[205,207],"product_tag":[],"yoast_head":"<!-- This site is optimized with the Yoast SEO plugin v22.6 - https:\/\/yoast.com\/wordpress\/plugins\/seo\/ -->\n<title>Marea - Fedemark<\/title>\n<meta name=\"robots\" content=\"index, follow, max-snippet:-1, max-image-preview:large, max-video-preview:-1\" \/>\n<link rel=\"canonical\" href=\"https:\/\/fedemark.ee\/fi\/tuotteet\/suurikantokykyiset-tikkaat\/tasotikkaat\/marea\/\" \/>\n<meta property=\"og:locale\" content=\"fi_FI\" \/>\n<meta property=\"og:type\" content=\"article\" \/>\n<meta property=\"og:title\" content=\"Marea - Fedemark\" \/>\n<meta property=\"og:description\" content=\"Alumiiniset yksipuoliset porrastikkaat  Tasolla ja suojakaiteella varustetut alumiiniset porrastikkaat. Sopivat k\u00e4ytett\u00e4viksi kotona ja harrastuksissa. Tikkaat on valmistettu eritt\u00e4in kest\u00e4v\u00e4st\u00e4 puristetusta alumiiniseoksesta. Puristetut kulmikkaat (50x25 mm) alumiinikehykset ovat ergonomiset ja niist\u00e4 on hyv\u00e4 pit\u00e4\u00e4 kiinni. Kevyest\u00e4 valetusta alumiinista valmistetut ergonomiset avautumisen est\u00e4v\u00e4t saranat varmistavat koko rakenteelle lis\u00e4vakauden. Leve\u00e4 vahvistettu polypropeenista valmistettu muhkurainen ty\u00f6taso on k\u00e4yt\u00f6ss\u00e4 nailonisen turvakoukun avulla itselukkiutuva. Vakiov\u00e4ri on punainen, mutta koko kuorman tilatessanne voitte valita 4 muusta olemassa olevasta v\u00e4rist\u00e4: vihre\u00e4, oranssi, vaaleanpunainen ja sininen.  TEKNISET OMINAISUUDET \u2022 Kehyksen profiili: 50x25 mm \u2022 Ty\u00f6tason mitat: 30x26 cm \u2022 Suojakaiteen korkeus: 60 cm \u2022 Askelmien v\u00e4linen et\u00e4isyys: 25 cm \u2022 Paksuus suljettuna: 14 cm \u2022 Liukumattomat askelmat: 8 cm \u2022 Puolien m\u00e4\u00e4r\u00e4: 3\u221210 \u2022 Ty\u00f6tason korkeus: 0,66\u22122,28 m  VAKIO-OSAT \u2022 Ty\u00f6kalulaatikko ja sangon koukku \u2022 K\u00e4densija kiipe\u00e4misen helpottamiseksi \u2022 Vahvistetut liukumattomat kumijalat \u2022 Nailoniset avautumisen est\u00e4v\u00e4t hihnat \u2022 2, 3 tai 4 pient\u00e4 lis\u00e4vahvistusta takana (tikkaiden mittojen mukaisesti) \u2022 Kyltti ja kokoamis- ja k\u00e4ytt\u00f6ohje \u2022 L\u00e4mp\u00f6kutistuva muovipakkaus kuvineen\" \/>\n<meta property=\"og:url\" content=\"https:\/\/fedemark.ee\/fi\/tuotteet\/suurikantokykyiset-tikkaat\/tasotikkaat\/marea\/\" \/>\n<meta property=\"og:site_name\" content=\"Fedemark\" \/>\n<meta property=\"article:modified_time\" content=\"2017-07-25T13:23:55+00:00\" \/>\n<meta property=\"og:image\" content=\"https:\/\/fedemark.ee\/wp-content\/uploads\/2017\/06\/Marea-5.jpg\" \/>\n\t<meta property=\"og:image:width\" content=\"800\" \/>\n\t<meta property=\"og:image:height\" content=\"800\" \/>\n\t<meta property=\"og:image:type\" content=\"image\/jpeg\" \/>\n<meta name=\"twitter:card\" content=\"summary_large_image\" \/>\n<script type=\"application\/ld+json\" class=\"yoast-schema-graph\">{\"@context\":\"https:\/\/schema.org\",\"@graph\":[{\"@type\":\"WebPage\",\"@id\":\"https:\/\/fedemark.ee\/fi\/tuotteet\/suurikantokykyiset-tikkaat\/tasotikkaat\/marea\/\",\"url\":\"https:\/\/fedemark.ee\/fi\/tuotteet\/suurikantokykyiset-tikkaat\/tasotikkaat\/marea\/\",\"name\":\"Marea - Fedemark\",\"isPartOf\":{\"@id\":\"https:\/\/fedemark.ee\/#website\"},\"primaryImageOfPage\":{\"@id\":\"https:\/\/fedemark.ee\/fi\/tuotteet\/suurikantokykyiset-tikkaat\/tasotikkaat\/marea\/#primaryimage\"},\"image\":{\"@id\":\"https:\/\/fedemark.ee\/fi\/tuotteet\/suurikantokykyiset-tikkaat\/tasotikkaat\/marea\/#primaryimage\"},\"thumbnailUrl\":\"https:\/\/fedemark.ee\/wp-content\/uploads\/2017\/06\/Marea-5.jpg\",\"datePublished\":\"2017-06-15T19:38:06+00:00\",\"dateModified\":\"2017-07-25T13:23:55+00:00\",\"breadcrumb\":{\"@id\":\"https:\/\/fedemark.ee\/fi\/tuotteet\/suurikantokykyiset-tikkaat\/tasotikkaat\/marea\/#breadcrumb\"},\"inLanguage\":\"fi-FI\",\"potentialAction\":[{\"@type\":\"ReadAction\",\"target\":[\"https:\/\/fedemark.ee\/fi\/tuotteet\/suurikantokykyiset-tikkaat\/tasotikkaat\/marea\/\"]}]},{\"@type\":\"ImageObject\",\"inLanguage\":\"fi-FI\",\"@id\":\"https:\/\/fedemark.ee\/fi\/tuotteet\/suurikantokykyiset-tikkaat\/tasotikkaat\/marea\/#primaryimage\",\"url\":\"https:\/\/fedemark.ee\/wp-content\/uploads\/2017\/06\/Marea-5.jpg\",\"contentUrl\":\"https:\/\/fedemark.ee\/wp-content\/uploads\/2017\/06\/Marea-5.jpg\",\"width\":800,\"height\":800},{\"@type\":\"BreadcrumbList\",\"@id\":\"https:\/\/fedemark.ee\/fi\/tuotteet\/suurikantokykyiset-tikkaat\/tasotikkaat\/marea\/#breadcrumb\",\"itemListElement\":[{\"@type\":\"ListItem\",\"position\":1,\"name\":\"Home\",\"item\":\"https:\/\/fedemark.ee\/fi\/\"},{\"@type\":\"ListItem\",\"position\":2,\"name\":\"Tuotteet\",\"item\":\"https:\/\/fedemark.ee\/fi\/tuotteet\/\"},{\"@type\":\"ListItem\",\"position\":3,\"name\":\"Marea\"}]},{\"@type\":\"WebSite\",\"@id\":\"https:\/\/fedemark.ee\/#website\",\"url\":\"https:\/\/fedemark.ee\/\",\"name\":\"Fedemark\",\"description\":\"Redelid, Tellingud, T\u00f6\u00f6platvormid ja vahekorrused\",\"potentialAction\":[{\"@type\":\"SearchAction\",\"target\":{\"@type\":\"EntryPoint\",\"urlTemplate\":\"https:\/\/fedemark.ee\/?s={search_term_string}\"},\"query-input\":\"required name=search_term_string\"}],\"inLanguage\":\"fi-FI\"}]}<\/script>\n<!-- \/ Yoast SEO plugin. -->","yoast_head_json":{"title":"Marea - Fedemark","robots":{"index":"index","follow":"follow","max-snippet":"max-snippet:-1","max-image-preview":"max-image-preview:large","max-video-preview":"max-video-preview:-1"},"canonical":"https:\/\/fedemark.ee\/fi\/tuotteet\/suurikantokykyiset-tikkaat\/tasotikkaat\/marea\/","og_locale":"fi_FI","og_type":"article","og_title":"Marea - Fedemark","og_description":"Alumiiniset yksipuoliset porrastikkaat  Tasolla ja suojakaiteella varustetut alumiiniset porrastikkaat. Sopivat k\u00e4ytett\u00e4viksi kotona ja harrastuksissa. Tikkaat on valmistettu eritt\u00e4in kest\u00e4v\u00e4st\u00e4 puristetusta alumiiniseoksesta. Puristetut kulmikkaat (50x25 mm) alumiinikehykset ovat ergonomiset ja niist\u00e4 on hyv\u00e4 pit\u00e4\u00e4 kiinni. Kevyest\u00e4 valetusta alumiinista valmistetut ergonomiset avautumisen est\u00e4v\u00e4t saranat varmistavat koko rakenteelle lis\u00e4vakauden. Leve\u00e4 vahvistettu polypropeenista valmistettu muhkurainen ty\u00f6taso on k\u00e4yt\u00f6ss\u00e4 nailonisen turvakoukun avulla itselukkiutuva. Vakiov\u00e4ri on punainen, mutta koko kuorman tilatessanne voitte valita 4 muusta olemassa olevasta v\u00e4rist\u00e4: vihre\u00e4, oranssi, vaaleanpunainen ja sininen.  TEKNISET OMINAISUUDET \u2022 Kehyksen profiili: 50x25 mm \u2022 Ty\u00f6tason mitat: 30x26 cm \u2022 Suojakaiteen korkeus: 60 cm \u2022 Askelmien v\u00e4linen et\u00e4isyys: 25 cm \u2022 Paksuus suljettuna: 14 cm \u2022 Liukumattomat askelmat: 8 cm \u2022 Puolien m\u00e4\u00e4r\u00e4: 3\u221210 \u2022 Ty\u00f6tason korkeus: 0,66\u22122,28 m  VAKIO-OSAT \u2022 Ty\u00f6kalulaatikko ja sangon koukku \u2022 K\u00e4densija kiipe\u00e4misen helpottamiseksi \u2022 Vahvistetut liukumattomat kumijalat \u2022 Nailoniset avautumisen est\u00e4v\u00e4t hihnat \u2022 2, 3 tai 4 pient\u00e4 lis\u00e4vahvistusta takana (tikkaiden mittojen mukaisesti) \u2022 Kyltti ja kokoamis- ja k\u00e4ytt\u00f6ohje \u2022 L\u00e4mp\u00f6kutistuva muovipakkaus kuvineen","og_url":"https:\/\/fedemark.ee\/fi\/tuotteet\/suurikantokykyiset-tikkaat\/tasotikkaat\/marea\/","og_site_name":"Fedemark","article_modified_time":"2017-07-25T13:23:55+00:00","og_image":[{"width":800,"height":800,"url":"https:\/\/fedemark.ee\/wp-content\/uploads\/2017\/06\/Marea-5.jpg","type":"image\/jpeg"}],"twitter_card":"summary_large_image","schema":{"@context":"https:\/\/schema.org","@graph":[{"@type":"WebPage","@id":"https:\/\/fedemark.ee\/fi\/tuotteet\/suurikantokykyiset-tikkaat\/tasotikkaat\/marea\/","url":"https:\/\/fedemark.ee\/fi\/tuotteet\/suurikantokykyiset-tikkaat\/tasotikkaat\/marea\/","name":"Marea - Fedemark","isPartOf":{"@id":"https:\/\/fedemark.ee\/#website"},"primaryImageOfPage":{"@id":"https:\/\/fedemark.ee\/fi\/tuotteet\/suurikantokykyiset-tikkaat\/tasotikkaat\/marea\/#primaryimage"},"image":{"@id":"https:\/\/fedemark.ee\/fi\/tuotteet\/suurikantokykyiset-tikkaat\/tasotikkaat\/marea\/#primaryimage"},"thumbnailUrl":"https:\/\/fedemark.ee\/wp-content\/uploads\/2017\/06\/Marea-5.jpg","datePublished":"2017-06-15T19:38:06+00:00","dateModified":"2017-07-25T13:23:55+00:00","breadcrumb":{"@id":"https:\/\/fedemark.ee\/fi\/tuotteet\/suurikantokykyiset-tikkaat\/tasotikkaat\/marea\/#breadcrumb"},"inLanguage":"fi-FI","potentialAction":[{"@type":"ReadAction","target":["https:\/\/fedemark.ee\/fi\/tuotteet\/suurikantokykyiset-tikkaat\/tasotikkaat\/marea\/"]}]},{"@type":"ImageObject","inLanguage":"fi-FI","@id":"https:\/\/fedemark.ee\/fi\/tuotteet\/suurikantokykyiset-tikkaat\/tasotikkaat\/marea\/#primaryimage","url":"https:\/\/fedemark.ee\/wp-content\/uploads\/2017\/06\/Marea-5.jpg","contentUrl":"https:\/\/fedemark.ee\/wp-content\/uploads\/2017\/06\/Marea-5.jpg","width":800,"height":800},{"@type":"BreadcrumbList","@id":"https:\/\/fedemark.ee\/fi\/tuotteet\/suurikantokykyiset-tikkaat\/tasotikkaat\/marea\/#breadcrumb","itemListElement":[{"@type":"ListItem","position":1,"name":"Home","item":"https:\/\/fedemark.ee\/fi\/"},{"@type":"ListItem","position":2,"name":"Tuotteet","item":"https:\/\/fedemark.ee\/fi\/tuotteet\/"},{"@type":"ListItem","position":3,"name":"Marea"}]},{"@type":"WebSite","@id":"https:\/\/fedemark.ee\/#website","url":"https:\/\/fedemark.ee\/","name":"Fedemark","description":"Redelid, Tellingud, T\u00f6\u00f6platvormid ja vahekorrused","potentialAction":[{"@type":"SearchAction","target":{"@type":"EntryPoint","urlTemplate":"https:\/\/fedemark.ee\/?s={search_term_string}"},"query-input":"required name=search_term_string"}],"inLanguage":"fi-FI"}]}},"_links":{"self":[{"href":"https:\/\/fedemark.ee\/fi\/wp-json\/wp\/v2\/product\/7328"}],"collection":[{"href":"https:\/\/fedemark.ee\/fi\/wp-json\/wp\/v2\/product"}],"about":[{"href":"https:\/\/fedemark.ee\/fi\/wp-json\/wp\/v2\/types\/product"}],"replies":[{"embeddable":true,"href":"https:\/\/fedemark.ee\/fi\/wp-json\/wp\/v2\/comments?post=7328"}],"version-history":[{"count":0,"href":"https:\/\/fedemark.ee\/fi\/wp-json\/wp\/v2\/product\/7328\/revisions"}],"wp:featuredmedia":[{"embeddable":true,"href":"https:\/\/fedemark.ee\/fi\/wp-json\/wp\/v2\/media\/9875"}],"wp:attachment":[{"href":"https:\/\/fedemark.ee\/fi\/wp-json\/wp\/v2\/media?parent=7328"}],"wp:term":[{"taxonomy":"product_cat","embeddable":true,"href":"https:\/\/fedemark.ee\/fi\/wp-json\/wp\/v2\/product_cat?post=7328"},{"taxonomy":"product_tag","embeddable":true,"href":"https:\/\/fedemark.ee\/fi\/wp-json\/wp\/v2\/product_tag?post=7328"}],"curies":[{"name":"wp","href":"https:\/\/api.w.org\/{rel}","templated":true}]}}