{"id":7329,"date":"2017-06-15T19:46:16","date_gmt":"2017-06-15T19:46:16","guid":{"rendered":"https:\/\/sharks.ee\/fedemark\/shop\/uncategorized\/regina-2\/"},"modified":"2017-07-25T13:24:56","modified_gmt":"2017-07-25T13:24:56","slug":"regina-2","status":"publish","type":"product","link":"https:\/\/fedemark.ee\/fi\/tuotteet\/suurikantokykyiset-tikkaat\/tasotikkaat\/regina-2\/","title":{"rendered":"Regina +"},"content":{"rendered":"","protected":false},"excerpt":{"rendered":"<p><em>Ty\u00f6tasolla ja suojakaiteella varustetut eritt\u00e4in kest\u00e4v\u00e4t alumiiniset porrastikkaat<\/em><\/p>\n<p>Uudessa mallissa REGINA+ vanha C-muotoinen profiili on vaihdettu lujaan ja kest\u00e4v\u00e4\u00e4n rasianmalliseen profiiliin. Kuormitettujen tikkaiden v\u00e4\u00e4nt\u00f6rasitus on pienempi ja tikkaat kest\u00e4v\u00e4t paremmin k\u00e4ytt\u00e4j\u00e4n liikkeit\u00e4 ja painoa. Hitsaus on kevyempi ja takaa kest\u00e4v\u00e4mm\u00e4n rakenteen.<br \/>\nTikkaat painavat vakiomallia 1 kg enemm\u00e4n, mutta kaikki muut mitat ovat samat. My\u00f6s sarana on uusi ja vahvistettu.<\/p>\n<p>\u2022 Lukitusmekanismilla varustettu polypropeeninen kest\u00e4v\u00e4 taso (30&#215;25,5 cm)<br \/>\n\u2022 Ergonomiset ja vahvistetut liukumattomat jalat<br \/>\n\u2022 Liukumattomat askelmat: 8 cm<br \/>\n\u2022 Askelmien v\u00e4linen et\u00e4isyys: 25 cm<br \/>\n\u2022 Suojakaiteen korkeus: 60 cm<br \/>\n\u2022 Leveys suljettuna: 15 cm<br \/>\n\u2022 Vahvistukset pisimpien askelmien alla<br \/>\n\u2022 Avautumisen est\u00e4v\u00e4t hihnat (paksuus 25 mm)<br \/>\n\u2022 L\u00e4mp\u00f6kutistuva muovipakkaus kuvineen<br \/>\n\u2022\u00a0Kehyksen etuosa: 80&#215;25 mm (uusi profiili)<br \/>\n\u2022 Takaosa: 40&#215;20 mm<\/p>\n<p>Mahdollista tilata:<br \/>\n\u2022 Avautumisen \/ sulkeutumisen est\u00e4v\u00e4t lujat tangot<br \/>\n\u2022 Kest\u00e4v\u00e4 alumiininen taso<\/p>\n<p class=\"Standard\" style=\"margin-bottom: 15.0pt;\"><img decoding=\"async\" src=\"http:\/\/www.fedemark.ee\/wp-content\/uploads\/2014\/08\/regina_tabel1.jpg\" alt=\"regina_tabel\" \/><\/p>\n<p class=\"Standard\" style=\"margin-bottom: 15.0pt;\"><img loading=\"lazy\" decoding=\"async\" class=\"alignnone wp-image-5253\" src=\"https:\/\/fedemark.ee\/wp-content\/uploads\/2017\/06\/Ikoonid_29.jpg\" alt=\"\" width=\"78\" height=\"73\" \/><img loading=\"lazy\" decoding=\"async\" class=\"alignnone wp-image-5261\" src=\"https:\/\/fedemark.ee\/wp-content\/uploads\/2017\/06\/Ikoonid_03.jpg\" alt=\"\" width=\"69\" height=\"69\" srcset=\"https:\/\/fedemark.ee\/wp-content\/uploads\/2017\/06\/Ikoonid_03.jpg 132w, https:\/\/fedemark.ee\/wp-content\/uploads\/2017\/06\/Ikoonid_03-100x100.jpg 100w\" sizes=\"(max-width: 69px) 100vw, 69px\" \/><img loading=\"lazy\" decoding=\"async\" class=\"alignnone wp-image-5329\" src=\"https:\/\/fedemark.ee\/wp-content\/uploads\/2017\/06\/Ikoonid_37-Copy.jpg\" alt=\"\" width=\"134\" height=\"60\" \/><img loading=\"lazy\" decoding=\"async\" class=\"alignnone wp-image-5353\" src=\"https:\/\/fedemark.ee\/wp-content\/uploads\/2017\/06\/Ikoonid_50.jpg\" alt=\"\" width=\"60\" height=\"71\" \/><img loading=\"lazy\" decoding=\"async\" class=\"alignnone wp-image-5337\" src=\"https:\/\/fedemark.ee\/wp-content\/uploads\/2017\/06\/Ikoonid_38-Copy.jpg\" alt=\"\" width=\"79\" height=\"75\" \/><\/p>\n","protected":false},"featured_media":9913,"comment_status":"open","ping_status":"closed","template":"","meta":{"footnotes":""},"product_cat":[205,207],"product_tag":[],"yoast_head":"<!-- This site is optimized with the Yoast SEO plugin v22.6 - https:\/\/yoast.com\/wordpress\/plugins\/seo\/ -->\n<title>Regina + - Fedemark<\/title>\n<meta name=\"robots\" content=\"index, follow, max-snippet:-1, max-image-preview:large, max-video-preview:-1\" \/>\n<link rel=\"canonical\" href=\"https:\/\/fedemark.ee\/fi\/tuotteet\/suurikantokykyiset-tikkaat\/tasotikkaat\/regina-2\/\" \/>\n<meta property=\"og:locale\" content=\"fi_FI\" \/>\n<meta property=\"og:type\" content=\"article\" \/>\n<meta property=\"og:title\" content=\"Regina + - Fedemark\" \/>\n<meta property=\"og:description\" content=\"Ty\u00f6tasolla ja suojakaiteella varustetut eritt\u00e4in kest\u00e4v\u00e4t alumiiniset porrastikkaat  Uudessa mallissa REGINA+ vanha C-muotoinen profiili on vaihdettu lujaan ja kest\u00e4v\u00e4\u00e4n rasianmalliseen profiiliin. Kuormitettujen tikkaiden v\u00e4\u00e4nt\u00f6rasitus on pienempi ja tikkaat kest\u00e4v\u00e4t paremmin k\u00e4ytt\u00e4j\u00e4n liikkeit\u00e4 ja painoa. Hitsaus on kevyempi ja takaa kest\u00e4v\u00e4mm\u00e4n rakenteen. Tikkaat painavat vakiomallia 1 kg enemm\u00e4n, mutta kaikki muut mitat ovat samat. My\u00f6s sarana on uusi ja vahvistettu.  \u2022 Lukitusmekanismilla varustettu polypropeeninen kest\u00e4v\u00e4 taso (30x25,5 cm) \u2022 Ergonomiset ja vahvistetut liukumattomat jalat \u2022 Liukumattomat askelmat: 8 cm \u2022 Askelmien v\u00e4linen et\u00e4isyys: 25 cm \u2022 Suojakaiteen korkeus: 60 cm \u2022 Leveys suljettuna: 15 cm \u2022 Vahvistukset pisimpien askelmien alla \u2022 Avautumisen est\u00e4v\u00e4t hihnat (paksuus 25 mm) \u2022 L\u00e4mp\u00f6kutistuva muovipakkaus kuvineen \u2022\u00a0Kehyksen etuosa: 80x25 mm (uusi profiili) \u2022 Takaosa: 40x20 mm  Mahdollista tilata: \u2022 Avautumisen \/ sulkeutumisen est\u00e4v\u00e4t lujat tangot \u2022 Kest\u00e4v\u00e4 alumiininen taso\" \/>\n<meta property=\"og:url\" content=\"https:\/\/fedemark.ee\/fi\/tuotteet\/suurikantokykyiset-tikkaat\/tasotikkaat\/regina-2\/\" \/>\n<meta property=\"og:site_name\" content=\"Fedemark\" \/>\n<meta property=\"article:modified_time\" content=\"2017-07-25T13:24:56+00:00\" \/>\n<meta property=\"og:image\" content=\"https:\/\/fedemark.ee\/wp-content\/uploads\/2017\/06\/Regina-1-1.jpg\" \/>\n\t<meta property=\"og:image:width\" content=\"800\" \/>\n\t<meta property=\"og:image:height\" content=\"800\" \/>\n\t<meta property=\"og:image:type\" content=\"image\/jpeg\" \/>\n<meta name=\"twitter:card\" content=\"summary_large_image\" \/>\n<script type=\"application\/ld+json\" class=\"yoast-schema-graph\">{\"@context\":\"https:\/\/schema.org\",\"@graph\":[{\"@type\":\"WebPage\",\"@id\":\"https:\/\/fedemark.ee\/fi\/tuotteet\/suurikantokykyiset-tikkaat\/tasotikkaat\/regina-2\/\",\"url\":\"https:\/\/fedemark.ee\/fi\/tuotteet\/suurikantokykyiset-tikkaat\/tasotikkaat\/regina-2\/\",\"name\":\"Regina + - Fedemark\",\"isPartOf\":{\"@id\":\"https:\/\/fedemark.ee\/#website\"},\"primaryImageOfPage\":{\"@id\":\"https:\/\/fedemark.ee\/fi\/tuotteet\/suurikantokykyiset-tikkaat\/tasotikkaat\/regina-2\/#primaryimage\"},\"image\":{\"@id\":\"https:\/\/fedemark.ee\/fi\/tuotteet\/suurikantokykyiset-tikkaat\/tasotikkaat\/regina-2\/#primaryimage\"},\"thumbnailUrl\":\"https:\/\/fedemark.ee\/wp-content\/uploads\/2017\/06\/Regina-1-1.jpg\",\"datePublished\":\"2017-06-15T19:46:16+00:00\",\"dateModified\":\"2017-07-25T13:24:56+00:00\",\"breadcrumb\":{\"@id\":\"https:\/\/fedemark.ee\/fi\/tuotteet\/suurikantokykyiset-tikkaat\/tasotikkaat\/regina-2\/#breadcrumb\"},\"inLanguage\":\"fi-FI\",\"potentialAction\":[{\"@type\":\"ReadAction\",\"target\":[\"https:\/\/fedemark.ee\/fi\/tuotteet\/suurikantokykyiset-tikkaat\/tasotikkaat\/regina-2\/\"]}]},{\"@type\":\"ImageObject\",\"inLanguage\":\"fi-FI\",\"@id\":\"https:\/\/fedemark.ee\/fi\/tuotteet\/suurikantokykyiset-tikkaat\/tasotikkaat\/regina-2\/#primaryimage\",\"url\":\"https:\/\/fedemark.ee\/wp-content\/uploads\/2017\/06\/Regina-1-1.jpg\",\"contentUrl\":\"https:\/\/fedemark.ee\/wp-content\/uploads\/2017\/06\/Regina-1-1.jpg\",\"width\":800,\"height\":800},{\"@type\":\"BreadcrumbList\",\"@id\":\"https:\/\/fedemark.ee\/fi\/tuotteet\/suurikantokykyiset-tikkaat\/tasotikkaat\/regina-2\/#breadcrumb\",\"itemListElement\":[{\"@type\":\"ListItem\",\"position\":1,\"name\":\"Home\",\"item\":\"https:\/\/fedemark.ee\/fi\/\"},{\"@type\":\"ListItem\",\"position\":2,\"name\":\"Tuotteet\",\"item\":\"https:\/\/fedemark.ee\/fi\/tuotteet\/\"},{\"@type\":\"ListItem\",\"position\":3,\"name\":\"Regina +\"}]},{\"@type\":\"WebSite\",\"@id\":\"https:\/\/fedemark.ee\/#website\",\"url\":\"https:\/\/fedemark.ee\/\",\"name\":\"Fedemark\",\"description\":\"Redelid, Tellingud, T\u00f6\u00f6platvormid ja vahekorrused\",\"potentialAction\":[{\"@type\":\"SearchAction\",\"target\":{\"@type\":\"EntryPoint\",\"urlTemplate\":\"https:\/\/fedemark.ee\/?s={search_term_string}\"},\"query-input\":\"required name=search_term_string\"}],\"inLanguage\":\"fi-FI\"}]}<\/script>\n<!-- \/ Yoast SEO plugin. -->","yoast_head_json":{"title":"Regina + - Fedemark","robots":{"index":"index","follow":"follow","max-snippet":"max-snippet:-1","max-image-preview":"max-image-preview:large","max-video-preview":"max-video-preview:-1"},"canonical":"https:\/\/fedemark.ee\/fi\/tuotteet\/suurikantokykyiset-tikkaat\/tasotikkaat\/regina-2\/","og_locale":"fi_FI","og_type":"article","og_title":"Regina + - Fedemark","og_description":"Ty\u00f6tasolla ja suojakaiteella varustetut eritt\u00e4in kest\u00e4v\u00e4t alumiiniset porrastikkaat  Uudessa mallissa REGINA+ vanha C-muotoinen profiili on vaihdettu lujaan ja kest\u00e4v\u00e4\u00e4n rasianmalliseen profiiliin. Kuormitettujen tikkaiden v\u00e4\u00e4nt\u00f6rasitus on pienempi ja tikkaat kest\u00e4v\u00e4t paremmin k\u00e4ytt\u00e4j\u00e4n liikkeit\u00e4 ja painoa. Hitsaus on kevyempi ja takaa kest\u00e4v\u00e4mm\u00e4n rakenteen. Tikkaat painavat vakiomallia 1 kg enemm\u00e4n, mutta kaikki muut mitat ovat samat. My\u00f6s sarana on uusi ja vahvistettu.  \u2022 Lukitusmekanismilla varustettu polypropeeninen kest\u00e4v\u00e4 taso (30x25,5 cm) \u2022 Ergonomiset ja vahvistetut liukumattomat jalat \u2022 Liukumattomat askelmat: 8 cm \u2022 Askelmien v\u00e4linen et\u00e4isyys: 25 cm \u2022 Suojakaiteen korkeus: 60 cm \u2022 Leveys suljettuna: 15 cm \u2022 Vahvistukset pisimpien askelmien alla \u2022 Avautumisen est\u00e4v\u00e4t hihnat (paksuus 25 mm) \u2022 L\u00e4mp\u00f6kutistuva muovipakkaus kuvineen \u2022\u00a0Kehyksen etuosa: 80x25 mm (uusi profiili) \u2022 Takaosa: 40x20 mm  Mahdollista tilata: \u2022 Avautumisen \/ sulkeutumisen est\u00e4v\u00e4t lujat tangot \u2022 Kest\u00e4v\u00e4 alumiininen taso","og_url":"https:\/\/fedemark.ee\/fi\/tuotteet\/suurikantokykyiset-tikkaat\/tasotikkaat\/regina-2\/","og_site_name":"Fedemark","article_modified_time":"2017-07-25T13:24:56+00:00","og_image":[{"width":800,"height":800,"url":"https:\/\/fedemark.ee\/wp-content\/uploads\/2017\/06\/Regina-1-1.jpg","type":"image\/jpeg"}],"twitter_card":"summary_large_image","schema":{"@context":"https:\/\/schema.org","@graph":[{"@type":"WebPage","@id":"https:\/\/fedemark.ee\/fi\/tuotteet\/suurikantokykyiset-tikkaat\/tasotikkaat\/regina-2\/","url":"https:\/\/fedemark.ee\/fi\/tuotteet\/suurikantokykyiset-tikkaat\/tasotikkaat\/regina-2\/","name":"Regina + - Fedemark","isPartOf":{"@id":"https:\/\/fedemark.ee\/#website"},"primaryImageOfPage":{"@id":"https:\/\/fedemark.ee\/fi\/tuotteet\/suurikantokykyiset-tikkaat\/tasotikkaat\/regina-2\/#primaryimage"},"image":{"@id":"https:\/\/fedemark.ee\/fi\/tuotteet\/suurikantokykyiset-tikkaat\/tasotikkaat\/regina-2\/#primaryimage"},"thumbnailUrl":"https:\/\/fedemark.ee\/wp-content\/uploads\/2017\/06\/Regina-1-1.jpg","datePublished":"2017-06-15T19:46:16+00:00","dateModified":"2017-07-25T13:24:56+00:00","breadcrumb":{"@id":"https:\/\/fedemark.ee\/fi\/tuotteet\/suurikantokykyiset-tikkaat\/tasotikkaat\/regina-2\/#breadcrumb"},"inLanguage":"fi-FI","potentialAction":[{"@type":"ReadAction","target":["https:\/\/fedemark.ee\/fi\/tuotteet\/suurikantokykyiset-tikkaat\/tasotikkaat\/regina-2\/"]}]},{"@type":"ImageObject","inLanguage":"fi-FI","@id":"https:\/\/fedemark.ee\/fi\/tuotteet\/suurikantokykyiset-tikkaat\/tasotikkaat\/regina-2\/#primaryimage","url":"https:\/\/fedemark.ee\/wp-content\/uploads\/2017\/06\/Regina-1-1.jpg","contentUrl":"https:\/\/fedemark.ee\/wp-content\/uploads\/2017\/06\/Regina-1-1.jpg","width":800,"height":800},{"@type":"BreadcrumbList","@id":"https:\/\/fedemark.ee\/fi\/tuotteet\/suurikantokykyiset-tikkaat\/tasotikkaat\/regina-2\/#breadcrumb","itemListElement":[{"@type":"ListItem","position":1,"name":"Home","item":"https:\/\/fedemark.ee\/fi\/"},{"@type":"ListItem","position":2,"name":"Tuotteet","item":"https:\/\/fedemark.ee\/fi\/tuotteet\/"},{"@type":"ListItem","position":3,"name":"Regina +"}]},{"@type":"WebSite","@id":"https:\/\/fedemark.ee\/#website","url":"https:\/\/fedemark.ee\/","name":"Fedemark","description":"Redelid, Tellingud, T\u00f6\u00f6platvormid ja vahekorrused","potentialAction":[{"@type":"SearchAction","target":{"@type":"EntryPoint","urlTemplate":"https:\/\/fedemark.ee\/?s={search_term_string}"},"query-input":"required name=search_term_string"}],"inLanguage":"fi-FI"}]}},"_links":{"self":[{"href":"https:\/\/fedemark.ee\/fi\/wp-json\/wp\/v2\/product\/7329"}],"collection":[{"href":"https:\/\/fedemark.ee\/fi\/wp-json\/wp\/v2\/product"}],"about":[{"href":"https:\/\/fedemark.ee\/fi\/wp-json\/wp\/v2\/types\/product"}],"replies":[{"embeddable":true,"href":"https:\/\/fedemark.ee\/fi\/wp-json\/wp\/v2\/comments?post=7329"}],"version-history":[{"count":0,"href":"https:\/\/fedemark.ee\/fi\/wp-json\/wp\/v2\/product\/7329\/revisions"}],"wp:featuredmedia":[{"embeddable":true,"href":"https:\/\/fedemark.ee\/fi\/wp-json\/wp\/v2\/media\/9913"}],"wp:attachment":[{"href":"https:\/\/fedemark.ee\/fi\/wp-json\/wp\/v2\/media?parent=7329"}],"wp:term":[{"taxonomy":"product_cat","embeddable":true,"href":"https:\/\/fedemark.ee\/fi\/wp-json\/wp\/v2\/product_cat?post=7329"},{"taxonomy":"product_tag","embeddable":true,"href":"https:\/\/fedemark.ee\/fi\/wp-json\/wp\/v2\/product_tag?post=7329"}],"curies":[{"name":"wp","href":"https:\/\/api.w.org\/{rel}","templated":true}]}}