{"id":7330,"date":"2017-06-15T19:51:20","date_gmt":"2017-06-15T19:51:20","guid":{"rendered":"https:\/\/sharks.ee\/fedemark\/shop\/uncategorized\/regina-4wd\/"},"modified":"2017-07-25T13:25:45","modified_gmt":"2017-07-25T13:25:45","slug":"regina-4wd","status":"publish","type":"product","link":"https:\/\/fedemark.ee\/fi\/tuotteet\/suurikantokykyiset-tikkaat\/tasotikkaat\/regina-4wd\/","title":{"rendered":"Regina 4WD"},"content":{"rendered":"","protected":false},"excerpt":{"rendered":"<p><em>Eritt\u00e4in kest\u00e4v\u00e4t ty\u00f6tasolla, suojakaiteella, k\u00e4sipuilla ja 4WD-setill\u00e4 varustetut suuret alumiiniset porrastikkaat<\/em><\/p>\n<p>Uudet REGINA VIP -tikkaat on saatavana 4WD-py\u00f6r\u00e4setill\u00e4 varustettuna.<br \/>\nEnemm\u00e4n tarvikkeita ja loistavat ominaisuudet, jotka antavat hyv\u00e4\u00e4 mukavuutta k\u00e4yt\u00f6ss\u00e4 ja kuljetuksessa.<\/p>\n<p>K\u00e4sipuut helpottavat k\u00e4ytt\u00e4j\u00e4\u00e4 kiipe\u00e4m\u00e4\u00e4n yl\u00f6s.<\/p>\n<p>4WD-setti, johon kuuluu 4 kuormitukseen reagoivaa py\u00f6r\u00e4\u00e4.<br \/>\nPy\u00f6rien jarrutusj\u00e4rjestelm\u00e4 alkaa jousien avulla toimia, kun tikkaat ovat ty\u00f6asennossa ja k\u00e4ytt\u00e4j\u00e4 kiipe\u00e4\u00e4 niill\u00e4. Kun k\u00e4ytt\u00e4j\u00e4 kiipe\u00e4\u00e4 tikkailta, jarrutusj\u00e4rjestelm\u00e4 lakkaa toimimasta ja tikkaita on sen j\u00e4lkeen helppo liikuttaa.<\/p>\n<p>Ty\u00f6v\u00e4linepidin ja laatikonpidin ovat mukavia isojen laatikoiden ja ty\u00f6kalujen s\u00e4ilytykseen (13x29x3 cm)<\/p>\n<p>\u2022 4WD (4 py\u00f6r\u00e4\u00e4 yhdess\u00e4 4 kuormitukseen reagoivan py\u00f6r\u00e4n kanssa)<br \/>\n\u2022 Ergonomiset liukumattomat kumijalat<br \/>\n\u2022 Liukumattomat askelmat: 8 cm<br \/>\n\u2022 Askelmien v\u00e4linen et\u00e4isyys: 25 cm<br \/>\n\u2022 Suojakaiteen korkeus: 60 cm<br \/>\n\u2022 Leveys suljettuna: 16 cm<br \/>\n\u2022 Vahvistettu alumiininen ty\u00f6taso (25,5&#215;35 cm) (lukitusj\u00e4rjestelm\u00e4)<br \/>\n\u2022 Vahvistettu takasivu 50&#215;25 nailonliittimell\u00e4 saranaan<br \/>\n\u2022 Vahvistukset pisimpien askelmien alla<br \/>\n\u2022 L\u00e4mp\u00f6kutistuva muovipakkaus kuvineen<br \/>\n\u2022\u00a0Kehyksen etuosa: 80&#215;25 mm (uusi profiili)<br \/>\n\u2022\u00a0Takaosa: 50&#215;25 mm<\/p>\n<p class=\"Standard\" style=\"margin-bottom: 15.0pt;\"><img decoding=\"async\" src=\"http:\/\/www.fedemark.ee\/wp-content\/uploads\/2014\/08\/regina_tabel1.jpg\" alt=\"regina_tabel\" \/><\/p>\n<p class=\"Standard\" style=\"margin-bottom: 15.0pt;\"><img loading=\"lazy\" decoding=\"async\" class=\"alignnone wp-image-5253\" src=\"https:\/\/fedemark.ee\/wp-content\/uploads\/2017\/06\/Ikoonid_29.jpg\" alt=\"\" width=\"74\" height=\"68\" \/><img loading=\"lazy\" decoding=\"async\" class=\"alignnone wp-image-5257\" src=\"https:\/\/fedemark.ee\/wp-content\/uploads\/2017\/06\/Ikoonid_03-Copy.jpg\" alt=\"\" width=\"66\" height=\"66\" srcset=\"https:\/\/fedemark.ee\/wp-content\/uploads\/2017\/06\/Ikoonid_03-Copy.jpg 132w, https:\/\/fedemark.ee\/wp-content\/uploads\/2017\/06\/Ikoonid_03-Copy-100x100.jpg 100w\" sizes=\"(max-width: 66px) 100vw, 66px\" \/><img loading=\"lazy\" decoding=\"async\" class=\"alignnone wp-image-5329\" src=\"https:\/\/fedemark.ee\/wp-content\/uploads\/2017\/06\/Ikoonid_37-Copy.jpg\" alt=\"\" width=\"134\" height=\"60\" \/><img loading=\"lazy\" decoding=\"async\" class=\"alignnone wp-image-5353\" src=\"https:\/\/fedemark.ee\/wp-content\/uploads\/2017\/06\/Ikoonid_50.jpg\" alt=\"\" width=\"58\" height=\"70\" \/><\/p>\n","protected":false},"featured_media":9926,"comment_status":"open","ping_status":"closed","template":"","meta":{"footnotes":""},"product_cat":[205,207],"product_tag":[],"yoast_head":"<!-- This site is optimized with the Yoast SEO plugin v22.6 - https:\/\/yoast.com\/wordpress\/plugins\/seo\/ -->\n<title>Regina 4WD - Fedemark<\/title>\n<meta name=\"robots\" content=\"index, follow, max-snippet:-1, max-image-preview:large, max-video-preview:-1\" \/>\n<link rel=\"canonical\" href=\"https:\/\/fedemark.ee\/fi\/tuotteet\/suurikantokykyiset-tikkaat\/tasotikkaat\/regina-4wd\/\" \/>\n<meta property=\"og:locale\" content=\"fi_FI\" \/>\n<meta property=\"og:type\" content=\"article\" \/>\n<meta property=\"og:title\" content=\"Regina 4WD - Fedemark\" \/>\n<meta property=\"og:description\" content=\"Eritt\u00e4in kest\u00e4v\u00e4t ty\u00f6tasolla, suojakaiteella, k\u00e4sipuilla ja 4WD-setill\u00e4 varustetut suuret alumiiniset porrastikkaat  Uudet REGINA VIP -tikkaat on saatavana 4WD-py\u00f6r\u00e4setill\u00e4 varustettuna. Enemm\u00e4n tarvikkeita ja loistavat ominaisuudet, jotka antavat hyv\u00e4\u00e4 mukavuutta k\u00e4yt\u00f6ss\u00e4 ja kuljetuksessa.  K\u00e4sipuut helpottavat k\u00e4ytt\u00e4j\u00e4\u00e4 kiipe\u00e4m\u00e4\u00e4n yl\u00f6s.  4WD-setti, johon kuuluu 4 kuormitukseen reagoivaa py\u00f6r\u00e4\u00e4. Py\u00f6rien jarrutusj\u00e4rjestelm\u00e4 alkaa jousien avulla toimia, kun tikkaat ovat ty\u00f6asennossa ja k\u00e4ytt\u00e4j\u00e4 kiipe\u00e4\u00e4 niill\u00e4. Kun k\u00e4ytt\u00e4j\u00e4 kiipe\u00e4\u00e4 tikkailta, jarrutusj\u00e4rjestelm\u00e4 lakkaa toimimasta ja tikkaita on sen j\u00e4lkeen helppo liikuttaa.  Ty\u00f6v\u00e4linepidin ja laatikonpidin ovat mukavia isojen laatikoiden ja ty\u00f6kalujen s\u00e4ilytykseen (13x29x3 cm)  \u2022 4WD (4 py\u00f6r\u00e4\u00e4 yhdess\u00e4 4 kuormitukseen reagoivan py\u00f6r\u00e4n kanssa) \u2022 Ergonomiset liukumattomat kumijalat \u2022 Liukumattomat askelmat: 8 cm \u2022 Askelmien v\u00e4linen et\u00e4isyys: 25 cm \u2022 Suojakaiteen korkeus: 60 cm \u2022 Leveys suljettuna: 16 cm \u2022 Vahvistettu alumiininen ty\u00f6taso (25,5x35 cm) (lukitusj\u00e4rjestelm\u00e4) \u2022 Vahvistettu takasivu 50x25 nailonliittimell\u00e4 saranaan \u2022 Vahvistukset pisimpien askelmien alla \u2022 L\u00e4mp\u00f6kutistuva muovipakkaus kuvineen \u2022\u00a0Kehyksen etuosa: 80x25 mm (uusi profiili) \u2022\u00a0Takaosa: 50x25 mm\" \/>\n<meta property=\"og:url\" content=\"https:\/\/fedemark.ee\/fi\/tuotteet\/suurikantokykyiset-tikkaat\/tasotikkaat\/regina-4wd\/\" \/>\n<meta property=\"og:site_name\" content=\"Fedemark\" \/>\n<meta property=\"article:modified_time\" content=\"2017-07-25T13:25:45+00:00\" \/>\n<meta property=\"og:image\" content=\"https:\/\/fedemark.ee\/wp-content\/uploads\/2017\/06\/REGINAVIP4wd-2.jpg\" \/>\n\t<meta property=\"og:image:width\" content=\"800\" \/>\n\t<meta property=\"og:image:height\" content=\"800\" \/>\n\t<meta property=\"og:image:type\" content=\"image\/jpeg\" \/>\n<meta name=\"twitter:card\" content=\"summary_large_image\" \/>\n<script type=\"application\/ld+json\" class=\"yoast-schema-graph\">{\"@context\":\"https:\/\/schema.org\",\"@graph\":[{\"@type\":\"WebPage\",\"@id\":\"https:\/\/fedemark.ee\/fi\/tuotteet\/suurikantokykyiset-tikkaat\/tasotikkaat\/regina-4wd\/\",\"url\":\"https:\/\/fedemark.ee\/fi\/tuotteet\/suurikantokykyiset-tikkaat\/tasotikkaat\/regina-4wd\/\",\"name\":\"Regina 4WD - Fedemark\",\"isPartOf\":{\"@id\":\"https:\/\/fedemark.ee\/#website\"},\"primaryImageOfPage\":{\"@id\":\"https:\/\/fedemark.ee\/fi\/tuotteet\/suurikantokykyiset-tikkaat\/tasotikkaat\/regina-4wd\/#primaryimage\"},\"image\":{\"@id\":\"https:\/\/fedemark.ee\/fi\/tuotteet\/suurikantokykyiset-tikkaat\/tasotikkaat\/regina-4wd\/#primaryimage\"},\"thumbnailUrl\":\"https:\/\/fedemark.ee\/wp-content\/uploads\/2017\/06\/REGINAVIP4wd-2.jpg\",\"datePublished\":\"2017-06-15T19:51:20+00:00\",\"dateModified\":\"2017-07-25T13:25:45+00:00\",\"breadcrumb\":{\"@id\":\"https:\/\/fedemark.ee\/fi\/tuotteet\/suurikantokykyiset-tikkaat\/tasotikkaat\/regina-4wd\/#breadcrumb\"},\"inLanguage\":\"fi-FI\",\"potentialAction\":[{\"@type\":\"ReadAction\",\"target\":[\"https:\/\/fedemark.ee\/fi\/tuotteet\/suurikantokykyiset-tikkaat\/tasotikkaat\/regina-4wd\/\"]}]},{\"@type\":\"ImageObject\",\"inLanguage\":\"fi-FI\",\"@id\":\"https:\/\/fedemark.ee\/fi\/tuotteet\/suurikantokykyiset-tikkaat\/tasotikkaat\/regina-4wd\/#primaryimage\",\"url\":\"https:\/\/fedemark.ee\/wp-content\/uploads\/2017\/06\/REGINAVIP4wd-2.jpg\",\"contentUrl\":\"https:\/\/fedemark.ee\/wp-content\/uploads\/2017\/06\/REGINAVIP4wd-2.jpg\",\"width\":800,\"height\":800},{\"@type\":\"BreadcrumbList\",\"@id\":\"https:\/\/fedemark.ee\/fi\/tuotteet\/suurikantokykyiset-tikkaat\/tasotikkaat\/regina-4wd\/#breadcrumb\",\"itemListElement\":[{\"@type\":\"ListItem\",\"position\":1,\"name\":\"Home\",\"item\":\"https:\/\/fedemark.ee\/fi\/\"},{\"@type\":\"ListItem\",\"position\":2,\"name\":\"Tuotteet\",\"item\":\"https:\/\/fedemark.ee\/fi\/tuotteet\/\"},{\"@type\":\"ListItem\",\"position\":3,\"name\":\"Regina 4WD\"}]},{\"@type\":\"WebSite\",\"@id\":\"https:\/\/fedemark.ee\/#website\",\"url\":\"https:\/\/fedemark.ee\/\",\"name\":\"Fedemark\",\"description\":\"Redelid, Tellingud, T\u00f6\u00f6platvormid ja vahekorrused\",\"potentialAction\":[{\"@type\":\"SearchAction\",\"target\":{\"@type\":\"EntryPoint\",\"urlTemplate\":\"https:\/\/fedemark.ee\/?s={search_term_string}\"},\"query-input\":\"required name=search_term_string\"}],\"inLanguage\":\"fi-FI\"}]}<\/script>\n<!-- \/ Yoast SEO plugin. -->","yoast_head_json":{"title":"Regina 4WD - Fedemark","robots":{"index":"index","follow":"follow","max-snippet":"max-snippet:-1","max-image-preview":"max-image-preview:large","max-video-preview":"max-video-preview:-1"},"canonical":"https:\/\/fedemark.ee\/fi\/tuotteet\/suurikantokykyiset-tikkaat\/tasotikkaat\/regina-4wd\/","og_locale":"fi_FI","og_type":"article","og_title":"Regina 4WD - Fedemark","og_description":"Eritt\u00e4in kest\u00e4v\u00e4t ty\u00f6tasolla, suojakaiteella, k\u00e4sipuilla ja 4WD-setill\u00e4 varustetut suuret alumiiniset porrastikkaat  Uudet REGINA VIP -tikkaat on saatavana 4WD-py\u00f6r\u00e4setill\u00e4 varustettuna. Enemm\u00e4n tarvikkeita ja loistavat ominaisuudet, jotka antavat hyv\u00e4\u00e4 mukavuutta k\u00e4yt\u00f6ss\u00e4 ja kuljetuksessa.  K\u00e4sipuut helpottavat k\u00e4ytt\u00e4j\u00e4\u00e4 kiipe\u00e4m\u00e4\u00e4n yl\u00f6s.  4WD-setti, johon kuuluu 4 kuormitukseen reagoivaa py\u00f6r\u00e4\u00e4. Py\u00f6rien jarrutusj\u00e4rjestelm\u00e4 alkaa jousien avulla toimia, kun tikkaat ovat ty\u00f6asennossa ja k\u00e4ytt\u00e4j\u00e4 kiipe\u00e4\u00e4 niill\u00e4. Kun k\u00e4ytt\u00e4j\u00e4 kiipe\u00e4\u00e4 tikkailta, jarrutusj\u00e4rjestelm\u00e4 lakkaa toimimasta ja tikkaita on sen j\u00e4lkeen helppo liikuttaa.  Ty\u00f6v\u00e4linepidin ja laatikonpidin ovat mukavia isojen laatikoiden ja ty\u00f6kalujen s\u00e4ilytykseen (13x29x3 cm)  \u2022 4WD (4 py\u00f6r\u00e4\u00e4 yhdess\u00e4 4 kuormitukseen reagoivan py\u00f6r\u00e4n kanssa) \u2022 Ergonomiset liukumattomat kumijalat \u2022 Liukumattomat askelmat: 8 cm \u2022 Askelmien v\u00e4linen et\u00e4isyys: 25 cm \u2022 Suojakaiteen korkeus: 60 cm \u2022 Leveys suljettuna: 16 cm \u2022 Vahvistettu alumiininen ty\u00f6taso (25,5x35 cm) (lukitusj\u00e4rjestelm\u00e4) \u2022 Vahvistettu takasivu 50x25 nailonliittimell\u00e4 saranaan \u2022 Vahvistukset pisimpien askelmien alla \u2022 L\u00e4mp\u00f6kutistuva muovipakkaus kuvineen \u2022\u00a0Kehyksen etuosa: 80x25 mm (uusi profiili) \u2022\u00a0Takaosa: 50x25 mm","og_url":"https:\/\/fedemark.ee\/fi\/tuotteet\/suurikantokykyiset-tikkaat\/tasotikkaat\/regina-4wd\/","og_site_name":"Fedemark","article_modified_time":"2017-07-25T13:25:45+00:00","og_image":[{"width":800,"height":800,"url":"https:\/\/fedemark.ee\/wp-content\/uploads\/2017\/06\/REGINAVIP4wd-2.jpg","type":"image\/jpeg"}],"twitter_card":"summary_large_image","schema":{"@context":"https:\/\/schema.org","@graph":[{"@type":"WebPage","@id":"https:\/\/fedemark.ee\/fi\/tuotteet\/suurikantokykyiset-tikkaat\/tasotikkaat\/regina-4wd\/","url":"https:\/\/fedemark.ee\/fi\/tuotteet\/suurikantokykyiset-tikkaat\/tasotikkaat\/regina-4wd\/","name":"Regina 4WD - Fedemark","isPartOf":{"@id":"https:\/\/fedemark.ee\/#website"},"primaryImageOfPage":{"@id":"https:\/\/fedemark.ee\/fi\/tuotteet\/suurikantokykyiset-tikkaat\/tasotikkaat\/regina-4wd\/#primaryimage"},"image":{"@id":"https:\/\/fedemark.ee\/fi\/tuotteet\/suurikantokykyiset-tikkaat\/tasotikkaat\/regina-4wd\/#primaryimage"},"thumbnailUrl":"https:\/\/fedemark.ee\/wp-content\/uploads\/2017\/06\/REGINAVIP4wd-2.jpg","datePublished":"2017-06-15T19:51:20+00:00","dateModified":"2017-07-25T13:25:45+00:00","breadcrumb":{"@id":"https:\/\/fedemark.ee\/fi\/tuotteet\/suurikantokykyiset-tikkaat\/tasotikkaat\/regina-4wd\/#breadcrumb"},"inLanguage":"fi-FI","potentialAction":[{"@type":"ReadAction","target":["https:\/\/fedemark.ee\/fi\/tuotteet\/suurikantokykyiset-tikkaat\/tasotikkaat\/regina-4wd\/"]}]},{"@type":"ImageObject","inLanguage":"fi-FI","@id":"https:\/\/fedemark.ee\/fi\/tuotteet\/suurikantokykyiset-tikkaat\/tasotikkaat\/regina-4wd\/#primaryimage","url":"https:\/\/fedemark.ee\/wp-content\/uploads\/2017\/06\/REGINAVIP4wd-2.jpg","contentUrl":"https:\/\/fedemark.ee\/wp-content\/uploads\/2017\/06\/REGINAVIP4wd-2.jpg","width":800,"height":800},{"@type":"BreadcrumbList","@id":"https:\/\/fedemark.ee\/fi\/tuotteet\/suurikantokykyiset-tikkaat\/tasotikkaat\/regina-4wd\/#breadcrumb","itemListElement":[{"@type":"ListItem","position":1,"name":"Home","item":"https:\/\/fedemark.ee\/fi\/"},{"@type":"ListItem","position":2,"name":"Tuotteet","item":"https:\/\/fedemark.ee\/fi\/tuotteet\/"},{"@type":"ListItem","position":3,"name":"Regina 4WD"}]},{"@type":"WebSite","@id":"https:\/\/fedemark.ee\/#website","url":"https:\/\/fedemark.ee\/","name":"Fedemark","description":"Redelid, Tellingud, T\u00f6\u00f6platvormid ja vahekorrused","potentialAction":[{"@type":"SearchAction","target":{"@type":"EntryPoint","urlTemplate":"https:\/\/fedemark.ee\/?s={search_term_string}"},"query-input":"required name=search_term_string"}],"inLanguage":"fi-FI"}]}},"_links":{"self":[{"href":"https:\/\/fedemark.ee\/fi\/wp-json\/wp\/v2\/product\/7330"}],"collection":[{"href":"https:\/\/fedemark.ee\/fi\/wp-json\/wp\/v2\/product"}],"about":[{"href":"https:\/\/fedemark.ee\/fi\/wp-json\/wp\/v2\/types\/product"}],"replies":[{"embeddable":true,"href":"https:\/\/fedemark.ee\/fi\/wp-json\/wp\/v2\/comments?post=7330"}],"version-history":[{"count":0,"href":"https:\/\/fedemark.ee\/fi\/wp-json\/wp\/v2\/product\/7330\/revisions"}],"wp:featuredmedia":[{"embeddable":true,"href":"https:\/\/fedemark.ee\/fi\/wp-json\/wp\/v2\/media\/9926"}],"wp:attachment":[{"href":"https:\/\/fedemark.ee\/fi\/wp-json\/wp\/v2\/media?parent=7330"}],"wp:term":[{"taxonomy":"product_cat","embeddable":true,"href":"https:\/\/fedemark.ee\/fi\/wp-json\/wp\/v2\/product_cat?post=7330"},{"taxonomy":"product_tag","embeddable":true,"href":"https:\/\/fedemark.ee\/fi\/wp-json\/wp\/v2\/product_tag?post=7330"}],"curies":[{"name":"wp","href":"https:\/\/api.w.org\/{rel}","templated":true}]}}