{"id":7331,"date":"2017-06-15T19:53:18","date_gmt":"2017-06-15T19:53:18","guid":{"rendered":"https:\/\/sharks.ee\/fedemark\/shop\/uncategorized\/regina-large\/"},"modified":"2017-07-25T13:27:15","modified_gmt":"2017-07-25T13:27:15","slug":"regina-large","status":"publish","type":"product","link":"https:\/\/fedemark.ee\/fi\/tuotteet\/suurikantokykyiset-tikkaat\/tasotikkaat\/regina-large\/","title":{"rendered":"Regina Large"},"content":{"rendered":"","protected":false},"excerpt":{"rendered":"<p><em>Ty\u00f6tasolla ja suojakaiteella varustetut eritt\u00e4in kest\u00e4v\u00e4t ja isot alumiiniset porrastikkaat<\/em><\/p>\n<p>REGINA+ -tikkaiden ohella toisetkin uudet porrastikkaat, REGINA LARGE, jotka ovat 50 cm suuremmat. T\u00e4m\u00e4 on antanut meille mahdollisuuden asentaa isompi ja mukavampi alumiininen ty\u00f6taso. K\u00e4ytt\u00e4j\u00e4 voi ty\u00f6skennell\u00e4 hyvin mukavasti, joka on t\u00e4h\u00e4n asti ollut vain varastotikkaiden osalta mahdollista. Jalat on asetettu kehyksen sis\u00e4puolelle, joka antaa liikkumiseen enemm\u00e4n tilaa.<\/p>\n<p>Ter\u00e4ksest\u00e4 valmistetut avautumisen \/ sulkeutumisen est\u00e4v\u00e4t tangot. Ne est\u00e4v\u00e4t tikkaiden yll\u00e4tt\u00e4v\u00e4n avautumisen \/ sulkeutumisen ja varmistavat lis\u00e4tuen. Tikkaat sopivat ihanteellisesti k\u00e4ytett\u00e4viksi teollisuuden tarpeisiin.<\/p>\n<p>Vahvistettu alumiinitaso (25,5&#215;35 cm), jossa on enemm\u00e4n tilaa jaloille. Lukitusmekanismi.<\/p>\n<p>\u2022 Ergonomiset ja vahvistetut liukumattomat kumijalat<br \/>\n\u2022 Liukumattomat askelmat: 8 cm<br \/>\n\u2022 Askelmien v\u00e4linen et\u00e4isyys: 25 cm<br \/>\n\u2022 Suojakaiteen korkeus: 60 cm<br \/>\n\u2022 Leveys suljettuna: 16 cm<br \/>\n\u2022 Vahvistuksen pisimpien askelmien alla<br \/>\n\u2022 Vahvistettu takasivu 50&#215;25 nailonliittimell\u00e4 saranaan<br \/>\n\u2022 L\u00e4mp\u00f6kutistuva muovipakkaus kuvineen<br \/>\n\u2022 Kehyksen etuosa: 80&#215;25 mm (uusi profiili)<br \/>\n\u2022 Takaosa: 50&#215;25 mm<br \/>\n\u2022\u00a0Isompi ty\u00f6v\u00e4linepidin (31x7x3 cm)<\/p>\n<p>Mahdollista tilata:<br \/>\n\u2022 4WD (4 py\u00f6r\u00e4\u00e4 yhdess\u00e4 4 automaattijarrullisen py\u00f6r\u00e4n kanssa) 120,00 euroa<\/p>\n<p class=\"Standard\" style=\"margin-bottom: 15.0pt;\"><img decoding=\"async\" src=\"http:\/\/www.fedemark.ee\/wp-content\/uploads\/2014\/08\/regina_tabel1.jpg\" alt=\"regina_tabel\" \/><\/p>\n<p class=\"Standard\" style=\"margin-bottom: 15.0pt;\"><img loading=\"lazy\" decoding=\"async\" class=\"alignnone wp-image-5253\" src=\"https:\/\/fedemark.ee\/wp-content\/uploads\/2017\/06\/Ikoonid_29.jpg\" alt=\"\" width=\"78\" height=\"73\" \/><img loading=\"lazy\" decoding=\"async\" class=\"alignnone wp-image-5257\" src=\"https:\/\/fedemark.ee\/wp-content\/uploads\/2017\/06\/Ikoonid_03-Copy.jpg\" alt=\"\" width=\"70\" height=\"71\" srcset=\"https:\/\/fedemark.ee\/wp-content\/uploads\/2017\/06\/Ikoonid_03-Copy.jpg 132w, https:\/\/fedemark.ee\/wp-content\/uploads\/2017\/06\/Ikoonid_03-Copy-100x100.jpg 100w\" sizes=\"(max-width: 70px) 100vw, 70px\" \/><img loading=\"lazy\" decoding=\"async\" class=\"alignnone wp-image-5329\" src=\"https:\/\/fedemark.ee\/wp-content\/uploads\/2017\/06\/Ikoonid_37-Copy.jpg\" alt=\"\" width=\"130\" height=\"58\" \/><img loading=\"lazy\" decoding=\"async\" class=\"alignnone wp-image-5353\" src=\"https:\/\/fedemark.ee\/wp-content\/uploads\/2017\/06\/Ikoonid_50.jpg\" alt=\"\" width=\"64\" height=\"75\" \/><img loading=\"lazy\" decoding=\"async\" class=\"alignnone wp-image-5337\" src=\"https:\/\/fedemark.ee\/wp-content\/uploads\/2017\/06\/Ikoonid_38-Copy.jpg\" alt=\"\" width=\"81\" height=\"77\" \/><\/p>\n","protected":false},"featured_media":9939,"comment_status":"open","ping_status":"closed","template":"","meta":{"footnotes":""},"product_cat":[205,207],"product_tag":[],"yoast_head":"<!-- This site is optimized with the Yoast SEO plugin v22.6 - https:\/\/yoast.com\/wordpress\/plugins\/seo\/ -->\n<title>Regina Large - Fedemark<\/title>\n<meta name=\"robots\" content=\"index, follow, max-snippet:-1, max-image-preview:large, max-video-preview:-1\" \/>\n<link rel=\"canonical\" href=\"https:\/\/fedemark.ee\/fi\/tuotteet\/suurikantokykyiset-tikkaat\/tasotikkaat\/regina-large\/\" \/>\n<meta property=\"og:locale\" content=\"fi_FI\" \/>\n<meta property=\"og:type\" content=\"article\" \/>\n<meta property=\"og:title\" content=\"Regina Large - Fedemark\" \/>\n<meta property=\"og:description\" content=\"Ty\u00f6tasolla ja suojakaiteella varustetut eritt\u00e4in kest\u00e4v\u00e4t ja isot alumiiniset porrastikkaat  REGINA+ -tikkaiden ohella toisetkin uudet porrastikkaat, REGINA LARGE, jotka ovat 50 cm suuremmat. T\u00e4m\u00e4 on antanut meille mahdollisuuden asentaa isompi ja mukavampi alumiininen ty\u00f6taso. K\u00e4ytt\u00e4j\u00e4 voi ty\u00f6skennell\u00e4 hyvin mukavasti, joka on t\u00e4h\u00e4n asti ollut vain varastotikkaiden osalta mahdollista. Jalat on asetettu kehyksen sis\u00e4puolelle, joka antaa liikkumiseen enemm\u00e4n tilaa.  Ter\u00e4ksest\u00e4 valmistetut avautumisen \/ sulkeutumisen est\u00e4v\u00e4t tangot. Ne est\u00e4v\u00e4t tikkaiden yll\u00e4tt\u00e4v\u00e4n avautumisen \/ sulkeutumisen ja varmistavat lis\u00e4tuen. Tikkaat sopivat ihanteellisesti k\u00e4ytett\u00e4viksi teollisuuden tarpeisiin.  Vahvistettu alumiinitaso (25,5x35 cm), jossa on enemm\u00e4n tilaa jaloille. Lukitusmekanismi.  \u2022 Ergonomiset ja vahvistetut liukumattomat kumijalat \u2022 Liukumattomat askelmat: 8 cm \u2022 Askelmien v\u00e4linen et\u00e4isyys: 25 cm \u2022 Suojakaiteen korkeus: 60 cm \u2022 Leveys suljettuna: 16 cm \u2022 Vahvistuksen pisimpien askelmien alla \u2022 Vahvistettu takasivu 50x25 nailonliittimell\u00e4 saranaan \u2022 L\u00e4mp\u00f6kutistuva muovipakkaus kuvineen \u2022 Kehyksen etuosa: 80x25 mm (uusi profiili) \u2022 Takaosa: 50x25 mm \u2022\u00a0Isompi ty\u00f6v\u00e4linepidin (31x7x3 cm)  Mahdollista tilata: \u2022 4WD (4 py\u00f6r\u00e4\u00e4 yhdess\u00e4 4 automaattijarrullisen py\u00f6r\u00e4n kanssa) 120,00 euroa\" \/>\n<meta property=\"og:url\" content=\"https:\/\/fedemark.ee\/fi\/tuotteet\/suurikantokykyiset-tikkaat\/tasotikkaat\/regina-large\/\" \/>\n<meta property=\"og:site_name\" content=\"Fedemark\" \/>\n<meta property=\"article:modified_time\" content=\"2017-07-25T13:27:15+00:00\" \/>\n<meta property=\"og:image\" content=\"https:\/\/fedemark.ee\/wp-content\/uploads\/2017\/06\/Regina_large-1.jpg\" \/>\n\t<meta property=\"og:image:width\" content=\"800\" \/>\n\t<meta property=\"og:image:height\" content=\"800\" \/>\n\t<meta property=\"og:image:type\" content=\"image\/jpeg\" \/>\n<meta name=\"twitter:card\" content=\"summary_large_image\" \/>\n<script type=\"application\/ld+json\" class=\"yoast-schema-graph\">{\"@context\":\"https:\/\/schema.org\",\"@graph\":[{\"@type\":\"WebPage\",\"@id\":\"https:\/\/fedemark.ee\/fi\/tuotteet\/suurikantokykyiset-tikkaat\/tasotikkaat\/regina-large\/\",\"url\":\"https:\/\/fedemark.ee\/fi\/tuotteet\/suurikantokykyiset-tikkaat\/tasotikkaat\/regina-large\/\",\"name\":\"Regina Large - Fedemark\",\"isPartOf\":{\"@id\":\"https:\/\/fedemark.ee\/#website\"},\"primaryImageOfPage\":{\"@id\":\"https:\/\/fedemark.ee\/fi\/tuotteet\/suurikantokykyiset-tikkaat\/tasotikkaat\/regina-large\/#primaryimage\"},\"image\":{\"@id\":\"https:\/\/fedemark.ee\/fi\/tuotteet\/suurikantokykyiset-tikkaat\/tasotikkaat\/regina-large\/#primaryimage\"},\"thumbnailUrl\":\"https:\/\/fedemark.ee\/wp-content\/uploads\/2017\/06\/Regina_large-1.jpg\",\"datePublished\":\"2017-06-15T19:53:18+00:00\",\"dateModified\":\"2017-07-25T13:27:15+00:00\",\"breadcrumb\":{\"@id\":\"https:\/\/fedemark.ee\/fi\/tuotteet\/suurikantokykyiset-tikkaat\/tasotikkaat\/regina-large\/#breadcrumb\"},\"inLanguage\":\"fi-FI\",\"potentialAction\":[{\"@type\":\"ReadAction\",\"target\":[\"https:\/\/fedemark.ee\/fi\/tuotteet\/suurikantokykyiset-tikkaat\/tasotikkaat\/regina-large\/\"]}]},{\"@type\":\"ImageObject\",\"inLanguage\":\"fi-FI\",\"@id\":\"https:\/\/fedemark.ee\/fi\/tuotteet\/suurikantokykyiset-tikkaat\/tasotikkaat\/regina-large\/#primaryimage\",\"url\":\"https:\/\/fedemark.ee\/wp-content\/uploads\/2017\/06\/Regina_large-1.jpg\",\"contentUrl\":\"https:\/\/fedemark.ee\/wp-content\/uploads\/2017\/06\/Regina_large-1.jpg\",\"width\":800,\"height\":800},{\"@type\":\"BreadcrumbList\",\"@id\":\"https:\/\/fedemark.ee\/fi\/tuotteet\/suurikantokykyiset-tikkaat\/tasotikkaat\/regina-large\/#breadcrumb\",\"itemListElement\":[{\"@type\":\"ListItem\",\"position\":1,\"name\":\"Home\",\"item\":\"https:\/\/fedemark.ee\/fi\/\"},{\"@type\":\"ListItem\",\"position\":2,\"name\":\"Tuotteet\",\"item\":\"https:\/\/fedemark.ee\/fi\/tuotteet\/\"},{\"@type\":\"ListItem\",\"position\":3,\"name\":\"Regina Large\"}]},{\"@type\":\"WebSite\",\"@id\":\"https:\/\/fedemark.ee\/#website\",\"url\":\"https:\/\/fedemark.ee\/\",\"name\":\"Fedemark\",\"description\":\"Redelid, Tellingud, T\u00f6\u00f6platvormid ja vahekorrused\",\"potentialAction\":[{\"@type\":\"SearchAction\",\"target\":{\"@type\":\"EntryPoint\",\"urlTemplate\":\"https:\/\/fedemark.ee\/?s={search_term_string}\"},\"query-input\":\"required name=search_term_string\"}],\"inLanguage\":\"fi-FI\"}]}<\/script>\n<!-- \/ Yoast SEO plugin. -->","yoast_head_json":{"title":"Regina Large - Fedemark","robots":{"index":"index","follow":"follow","max-snippet":"max-snippet:-1","max-image-preview":"max-image-preview:large","max-video-preview":"max-video-preview:-1"},"canonical":"https:\/\/fedemark.ee\/fi\/tuotteet\/suurikantokykyiset-tikkaat\/tasotikkaat\/regina-large\/","og_locale":"fi_FI","og_type":"article","og_title":"Regina Large - Fedemark","og_description":"Ty\u00f6tasolla ja suojakaiteella varustetut eritt\u00e4in kest\u00e4v\u00e4t ja isot alumiiniset porrastikkaat  REGINA+ -tikkaiden ohella toisetkin uudet porrastikkaat, REGINA LARGE, jotka ovat 50 cm suuremmat. T\u00e4m\u00e4 on antanut meille mahdollisuuden asentaa isompi ja mukavampi alumiininen ty\u00f6taso. K\u00e4ytt\u00e4j\u00e4 voi ty\u00f6skennell\u00e4 hyvin mukavasti, joka on t\u00e4h\u00e4n asti ollut vain varastotikkaiden osalta mahdollista. Jalat on asetettu kehyksen sis\u00e4puolelle, joka antaa liikkumiseen enemm\u00e4n tilaa.  Ter\u00e4ksest\u00e4 valmistetut avautumisen \/ sulkeutumisen est\u00e4v\u00e4t tangot. Ne est\u00e4v\u00e4t tikkaiden yll\u00e4tt\u00e4v\u00e4n avautumisen \/ sulkeutumisen ja varmistavat lis\u00e4tuen. Tikkaat sopivat ihanteellisesti k\u00e4ytett\u00e4viksi teollisuuden tarpeisiin.  Vahvistettu alumiinitaso (25,5x35 cm), jossa on enemm\u00e4n tilaa jaloille. Lukitusmekanismi.  \u2022 Ergonomiset ja vahvistetut liukumattomat kumijalat \u2022 Liukumattomat askelmat: 8 cm \u2022 Askelmien v\u00e4linen et\u00e4isyys: 25 cm \u2022 Suojakaiteen korkeus: 60 cm \u2022 Leveys suljettuna: 16 cm \u2022 Vahvistuksen pisimpien askelmien alla \u2022 Vahvistettu takasivu 50x25 nailonliittimell\u00e4 saranaan \u2022 L\u00e4mp\u00f6kutistuva muovipakkaus kuvineen \u2022 Kehyksen etuosa: 80x25 mm (uusi profiili) \u2022 Takaosa: 50x25 mm \u2022\u00a0Isompi ty\u00f6v\u00e4linepidin (31x7x3 cm)  Mahdollista tilata: \u2022 4WD (4 py\u00f6r\u00e4\u00e4 yhdess\u00e4 4 automaattijarrullisen py\u00f6r\u00e4n kanssa) 120,00 euroa","og_url":"https:\/\/fedemark.ee\/fi\/tuotteet\/suurikantokykyiset-tikkaat\/tasotikkaat\/regina-large\/","og_site_name":"Fedemark","article_modified_time":"2017-07-25T13:27:15+00:00","og_image":[{"width":800,"height":800,"url":"https:\/\/fedemark.ee\/wp-content\/uploads\/2017\/06\/Regina_large-1.jpg","type":"image\/jpeg"}],"twitter_card":"summary_large_image","schema":{"@context":"https:\/\/schema.org","@graph":[{"@type":"WebPage","@id":"https:\/\/fedemark.ee\/fi\/tuotteet\/suurikantokykyiset-tikkaat\/tasotikkaat\/regina-large\/","url":"https:\/\/fedemark.ee\/fi\/tuotteet\/suurikantokykyiset-tikkaat\/tasotikkaat\/regina-large\/","name":"Regina Large - Fedemark","isPartOf":{"@id":"https:\/\/fedemark.ee\/#website"},"primaryImageOfPage":{"@id":"https:\/\/fedemark.ee\/fi\/tuotteet\/suurikantokykyiset-tikkaat\/tasotikkaat\/regina-large\/#primaryimage"},"image":{"@id":"https:\/\/fedemark.ee\/fi\/tuotteet\/suurikantokykyiset-tikkaat\/tasotikkaat\/regina-large\/#primaryimage"},"thumbnailUrl":"https:\/\/fedemark.ee\/wp-content\/uploads\/2017\/06\/Regina_large-1.jpg","datePublished":"2017-06-15T19:53:18+00:00","dateModified":"2017-07-25T13:27:15+00:00","breadcrumb":{"@id":"https:\/\/fedemark.ee\/fi\/tuotteet\/suurikantokykyiset-tikkaat\/tasotikkaat\/regina-large\/#breadcrumb"},"inLanguage":"fi-FI","potentialAction":[{"@type":"ReadAction","target":["https:\/\/fedemark.ee\/fi\/tuotteet\/suurikantokykyiset-tikkaat\/tasotikkaat\/regina-large\/"]}]},{"@type":"ImageObject","inLanguage":"fi-FI","@id":"https:\/\/fedemark.ee\/fi\/tuotteet\/suurikantokykyiset-tikkaat\/tasotikkaat\/regina-large\/#primaryimage","url":"https:\/\/fedemark.ee\/wp-content\/uploads\/2017\/06\/Regina_large-1.jpg","contentUrl":"https:\/\/fedemark.ee\/wp-content\/uploads\/2017\/06\/Regina_large-1.jpg","width":800,"height":800},{"@type":"BreadcrumbList","@id":"https:\/\/fedemark.ee\/fi\/tuotteet\/suurikantokykyiset-tikkaat\/tasotikkaat\/regina-large\/#breadcrumb","itemListElement":[{"@type":"ListItem","position":1,"name":"Home","item":"https:\/\/fedemark.ee\/fi\/"},{"@type":"ListItem","position":2,"name":"Tuotteet","item":"https:\/\/fedemark.ee\/fi\/tuotteet\/"},{"@type":"ListItem","position":3,"name":"Regina Large"}]},{"@type":"WebSite","@id":"https:\/\/fedemark.ee\/#website","url":"https:\/\/fedemark.ee\/","name":"Fedemark","description":"Redelid, Tellingud, T\u00f6\u00f6platvormid ja vahekorrused","potentialAction":[{"@type":"SearchAction","target":{"@type":"EntryPoint","urlTemplate":"https:\/\/fedemark.ee\/?s={search_term_string}"},"query-input":"required name=search_term_string"}],"inLanguage":"fi-FI"}]}},"_links":{"self":[{"href":"https:\/\/fedemark.ee\/fi\/wp-json\/wp\/v2\/product\/7331"}],"collection":[{"href":"https:\/\/fedemark.ee\/fi\/wp-json\/wp\/v2\/product"}],"about":[{"href":"https:\/\/fedemark.ee\/fi\/wp-json\/wp\/v2\/types\/product"}],"replies":[{"embeddable":true,"href":"https:\/\/fedemark.ee\/fi\/wp-json\/wp\/v2\/comments?post=7331"}],"version-history":[{"count":0,"href":"https:\/\/fedemark.ee\/fi\/wp-json\/wp\/v2\/product\/7331\/revisions"}],"wp:featuredmedia":[{"embeddable":true,"href":"https:\/\/fedemark.ee\/fi\/wp-json\/wp\/v2\/media\/9939"}],"wp:attachment":[{"href":"https:\/\/fedemark.ee\/fi\/wp-json\/wp\/v2\/media?parent=7331"}],"wp:term":[{"taxonomy":"product_cat","embeddable":true,"href":"https:\/\/fedemark.ee\/fi\/wp-json\/wp\/v2\/product_cat?post=7331"},{"taxonomy":"product_tag","embeddable":true,"href":"https:\/\/fedemark.ee\/fi\/wp-json\/wp\/v2\/product_tag?post=7331"}],"curies":[{"name":"wp","href":"https:\/\/api.w.org\/{rel}","templated":true}]}}