{"id":7332,"date":"2017-06-15T19:54:55","date_gmt":"2017-06-15T19:54:55","guid":{"rendered":"https:\/\/sharks.ee\/fedemark\/shop\/uncategorized\/regina-special\/"},"modified":"2017-07-25T13:29:32","modified_gmt":"2017-07-25T13:29:32","slug":"regina-special","status":"publish","type":"product","link":"https:\/\/fedemark.ee\/fi\/tuotteet\/suurikantokykyiset-tikkaat\/tasotikkaat\/regina-special\/","title":{"rendered":"Regina Special"},"content":{"rendered":"","protected":false},"excerpt":{"rendered":"<p><em>Suojakaiteella ja k\u00e4sipuulla varustetut yksipuoliset porrastikkaat<\/em><\/p>\n<p>Ty\u00f6tasolla, suojakaiteella ja k\u00e4sipuulla varustetut alumiiniset porrastikkaat.<br \/>\nSopivat eritt\u00e4in hyvin raskaiden t\u00f6iden tekemiseen. Jokainen askelma on hitsattu lujasti kehykseen.<br \/>\nVastaavat eurooppalaista standardia EN131.<\/p>\n<p>TEKNISET OMINAISUUDET<br \/>\n\u2022 Liukumattomat askelmat: 8 cm<br \/>\n\u2022 Askelmien v\u00e4linen et\u00e4isyys: 25 cm<br \/>\n\u2022 Suojakaiteen korkeus: 60 cm<br \/>\n\u2022 Kehyksen etuosa: 80&#215;25 mm<br \/>\n\u2022 Takaosa: 40&#215;20 mm<br \/>\n\u2022 Paksuus suljettuna: 33 cm<br \/>\n\u2022 Puolien m\u00e4\u00e4r\u00e4: 5\u221212<br \/>\n\u2022 Tason korkeudet:\u00a01,16\u22122,77 mm<\/p>\n<p>VAKIO-OSAT<br \/>\n\u2022 Kest\u00e4v\u00e4polypropeenitaso (28&#215;25,5 cm)<br \/>\n\u2022 Tason lukitusmekanismi<br \/>\n\u2022 Ergonomiset ja vahvistetut liukumattomat kumijalat<br \/>\n\u2022 Vahvistettu takaosa (alkaen 8-askelmaisesta mallista)<br \/>\n\u2022 Ontto kehys ja tuet pisimpien askelmien alla<br \/>\n\u2022 Avautumisen est\u00e4v\u00e4t hihnat<br \/>\n\u2022 Ty\u00f6kalupidin, kantavuus 15 kg<br \/>\n\u2022 Kyltti ja kokoamis- ja k\u00e4ytt\u00f6ohje<br \/>\n\u2022 L\u00e4mp\u00f6kutistuva muovipakkaus kuvineen<\/p>\n<p>Mahdollista tilata:<br \/>\n\u2022 J\u00e4yk\u00e4t avautumisen \/ sulkeutumisen est\u00e4v\u00e4t tangot<br \/>\n\u2022 Kest\u00e4v\u00e4 alumiininen taso<\/p>\n<p><img decoding=\"async\" src=\"http:\/\/www.fedemark.ee\/wp-content\/uploads\/2014\/08\/regina_tabel1.jpg\" alt=\"regina_tabel\" \/><\/p>\n<p><img loading=\"lazy\" decoding=\"async\" class=\"alignnone wp-image-5253\" src=\"https:\/\/fedemark.ee\/wp-content\/uploads\/2017\/06\/Ikoonid_29.jpg\" alt=\"\" width=\"85\" height=\"79\" \/><img loading=\"lazy\" decoding=\"async\" class=\"alignnone wp-image-5257\" src=\"https:\/\/fedemark.ee\/wp-content\/uploads\/2017\/06\/Ikoonid_03-Copy.jpg\" alt=\"\" width=\"80\" height=\"81\" srcset=\"https:\/\/fedemark.ee\/wp-content\/uploads\/2017\/06\/Ikoonid_03-Copy.jpg 132w, https:\/\/fedemark.ee\/wp-content\/uploads\/2017\/06\/Ikoonid_03-Copy-100x100.jpg 100w\" sizes=\"(max-width: 80px) 100vw, 80px\" \/><img loading=\"lazy\" decoding=\"async\" class=\"alignnone wp-image-5353\" src=\"https:\/\/fedemark.ee\/wp-content\/uploads\/2017\/06\/Ikoonid_50.jpg\" alt=\"\" width=\"67\" height=\"79\" \/><img loading=\"lazy\" decoding=\"async\" class=\"alignnone wp-image-5329\" src=\"https:\/\/fedemark.ee\/wp-content\/uploads\/2017\/06\/Ikoonid_37-Copy.jpg\" alt=\"\" width=\"145\" height=\"65\" \/><\/p>\n","protected":false},"featured_media":8969,"comment_status":"open","ping_status":"closed","template":"","meta":{"footnotes":""},"product_cat":[205,207],"product_tag":[],"yoast_head":"<!-- This site is optimized with the Yoast SEO plugin v22.6 - https:\/\/yoast.com\/wordpress\/plugins\/seo\/ -->\n<title>Regina Special - Fedemark<\/title>\n<meta name=\"robots\" content=\"index, follow, max-snippet:-1, max-image-preview:large, max-video-preview:-1\" \/>\n<link rel=\"canonical\" href=\"https:\/\/fedemark.ee\/fi\/tuotteet\/suurikantokykyiset-tikkaat\/tasotikkaat\/regina-special\/\" \/>\n<meta property=\"og:locale\" content=\"fi_FI\" \/>\n<meta property=\"og:type\" content=\"article\" \/>\n<meta property=\"og:title\" content=\"Regina Special - Fedemark\" \/>\n<meta property=\"og:description\" content=\"Suojakaiteella ja k\u00e4sipuulla varustetut yksipuoliset porrastikkaat  Ty\u00f6tasolla, suojakaiteella ja k\u00e4sipuulla varustetut alumiiniset porrastikkaat. Sopivat eritt\u00e4in hyvin raskaiden t\u00f6iden tekemiseen. Jokainen askelma on hitsattu lujasti kehykseen. Vastaavat eurooppalaista standardia EN131.  TEKNISET OMINAISUUDET \u2022 Liukumattomat askelmat: 8 cm \u2022 Askelmien v\u00e4linen et\u00e4isyys: 25 cm \u2022 Suojakaiteen korkeus: 60 cm \u2022 Kehyksen etuosa: 80x25 mm \u2022 Takaosa: 40x20 mm \u2022 Paksuus suljettuna: 33 cm \u2022 Puolien m\u00e4\u00e4r\u00e4: 5\u221212 \u2022 Tason korkeudet:\u00a01,16\u22122,77 mm  VAKIO-OSAT \u2022 Kest\u00e4v\u00e4polypropeenitaso (28x25,5 cm) \u2022 Tason lukitusmekanismi \u2022 Ergonomiset ja vahvistetut liukumattomat kumijalat \u2022 Vahvistettu takaosa (alkaen 8-askelmaisesta mallista) \u2022 Ontto kehys ja tuet pisimpien askelmien alla \u2022 Avautumisen est\u00e4v\u00e4t hihnat \u2022 Ty\u00f6kalupidin, kantavuus 15 kg \u2022 Kyltti ja kokoamis- ja k\u00e4ytt\u00f6ohje \u2022 L\u00e4mp\u00f6kutistuva muovipakkaus kuvineen  Mahdollista tilata: \u2022 J\u00e4yk\u00e4t avautumisen \/ sulkeutumisen est\u00e4v\u00e4t tangot \u2022 Kest\u00e4v\u00e4 alumiininen taso\" \/>\n<meta property=\"og:url\" content=\"https:\/\/fedemark.ee\/fi\/tuotteet\/suurikantokykyiset-tikkaat\/tasotikkaat\/regina-special\/\" \/>\n<meta property=\"og:site_name\" content=\"Fedemark\" \/>\n<meta property=\"article:modified_time\" content=\"2017-07-25T13:29:32+00:00\" \/>\n<meta property=\"og:image\" content=\"https:\/\/fedemark.ee\/wp-content\/uploads\/2017\/06\/Regina-Special-1.jpg\" \/>\n\t<meta property=\"og:image:width\" content=\"800\" \/>\n\t<meta property=\"og:image:height\" content=\"800\" \/>\n\t<meta property=\"og:image:type\" content=\"image\/jpeg\" \/>\n<meta name=\"twitter:card\" content=\"summary_large_image\" \/>\n<script type=\"application\/ld+json\" class=\"yoast-schema-graph\">{\"@context\":\"https:\/\/schema.org\",\"@graph\":[{\"@type\":\"WebPage\",\"@id\":\"https:\/\/fedemark.ee\/fi\/tuotteet\/suurikantokykyiset-tikkaat\/tasotikkaat\/regina-special\/\",\"url\":\"https:\/\/fedemark.ee\/fi\/tuotteet\/suurikantokykyiset-tikkaat\/tasotikkaat\/regina-special\/\",\"name\":\"Regina Special - Fedemark\",\"isPartOf\":{\"@id\":\"https:\/\/fedemark.ee\/#website\"},\"primaryImageOfPage\":{\"@id\":\"https:\/\/fedemark.ee\/fi\/tuotteet\/suurikantokykyiset-tikkaat\/tasotikkaat\/regina-special\/#primaryimage\"},\"image\":{\"@id\":\"https:\/\/fedemark.ee\/fi\/tuotteet\/suurikantokykyiset-tikkaat\/tasotikkaat\/regina-special\/#primaryimage\"},\"thumbnailUrl\":\"https:\/\/fedemark.ee\/wp-content\/uploads\/2017\/06\/Regina-Special-1.jpg\",\"datePublished\":\"2017-06-15T19:54:55+00:00\",\"dateModified\":\"2017-07-25T13:29:32+00:00\",\"breadcrumb\":{\"@id\":\"https:\/\/fedemark.ee\/fi\/tuotteet\/suurikantokykyiset-tikkaat\/tasotikkaat\/regina-special\/#breadcrumb\"},\"inLanguage\":\"fi-FI\",\"potentialAction\":[{\"@type\":\"ReadAction\",\"target\":[\"https:\/\/fedemark.ee\/fi\/tuotteet\/suurikantokykyiset-tikkaat\/tasotikkaat\/regina-special\/\"]}]},{\"@type\":\"ImageObject\",\"inLanguage\":\"fi-FI\",\"@id\":\"https:\/\/fedemark.ee\/fi\/tuotteet\/suurikantokykyiset-tikkaat\/tasotikkaat\/regina-special\/#primaryimage\",\"url\":\"https:\/\/fedemark.ee\/wp-content\/uploads\/2017\/06\/Regina-Special-1.jpg\",\"contentUrl\":\"https:\/\/fedemark.ee\/wp-content\/uploads\/2017\/06\/Regina-Special-1.jpg\",\"width\":800,\"height\":800},{\"@type\":\"BreadcrumbList\",\"@id\":\"https:\/\/fedemark.ee\/fi\/tuotteet\/suurikantokykyiset-tikkaat\/tasotikkaat\/regina-special\/#breadcrumb\",\"itemListElement\":[{\"@type\":\"ListItem\",\"position\":1,\"name\":\"Home\",\"item\":\"https:\/\/fedemark.ee\/fi\/\"},{\"@type\":\"ListItem\",\"position\":2,\"name\":\"Tuotteet\",\"item\":\"https:\/\/fedemark.ee\/fi\/tuotteet\/\"},{\"@type\":\"ListItem\",\"position\":3,\"name\":\"Regina Special\"}]},{\"@type\":\"WebSite\",\"@id\":\"https:\/\/fedemark.ee\/#website\",\"url\":\"https:\/\/fedemark.ee\/\",\"name\":\"Fedemark\",\"description\":\"Redelid, Tellingud, T\u00f6\u00f6platvormid ja vahekorrused\",\"potentialAction\":[{\"@type\":\"SearchAction\",\"target\":{\"@type\":\"EntryPoint\",\"urlTemplate\":\"https:\/\/fedemark.ee\/?s={search_term_string}\"},\"query-input\":\"required name=search_term_string\"}],\"inLanguage\":\"fi-FI\"}]}<\/script>\n<!-- \/ Yoast SEO plugin. -->","yoast_head_json":{"title":"Regina Special - Fedemark","robots":{"index":"index","follow":"follow","max-snippet":"max-snippet:-1","max-image-preview":"max-image-preview:large","max-video-preview":"max-video-preview:-1"},"canonical":"https:\/\/fedemark.ee\/fi\/tuotteet\/suurikantokykyiset-tikkaat\/tasotikkaat\/regina-special\/","og_locale":"fi_FI","og_type":"article","og_title":"Regina Special - Fedemark","og_description":"Suojakaiteella ja k\u00e4sipuulla varustetut yksipuoliset porrastikkaat  Ty\u00f6tasolla, suojakaiteella ja k\u00e4sipuulla varustetut alumiiniset porrastikkaat. Sopivat eritt\u00e4in hyvin raskaiden t\u00f6iden tekemiseen. Jokainen askelma on hitsattu lujasti kehykseen. Vastaavat eurooppalaista standardia EN131.  TEKNISET OMINAISUUDET \u2022 Liukumattomat askelmat: 8 cm \u2022 Askelmien v\u00e4linen et\u00e4isyys: 25 cm \u2022 Suojakaiteen korkeus: 60 cm \u2022 Kehyksen etuosa: 80x25 mm \u2022 Takaosa: 40x20 mm \u2022 Paksuus suljettuna: 33 cm \u2022 Puolien m\u00e4\u00e4r\u00e4: 5\u221212 \u2022 Tason korkeudet:\u00a01,16\u22122,77 mm  VAKIO-OSAT \u2022 Kest\u00e4v\u00e4polypropeenitaso (28x25,5 cm) \u2022 Tason lukitusmekanismi \u2022 Ergonomiset ja vahvistetut liukumattomat kumijalat \u2022 Vahvistettu takaosa (alkaen 8-askelmaisesta mallista) \u2022 Ontto kehys ja tuet pisimpien askelmien alla \u2022 Avautumisen est\u00e4v\u00e4t hihnat \u2022 Ty\u00f6kalupidin, kantavuus 15 kg \u2022 Kyltti ja kokoamis- ja k\u00e4ytt\u00f6ohje \u2022 L\u00e4mp\u00f6kutistuva muovipakkaus kuvineen  Mahdollista tilata: \u2022 J\u00e4yk\u00e4t avautumisen \/ sulkeutumisen est\u00e4v\u00e4t tangot \u2022 Kest\u00e4v\u00e4 alumiininen taso","og_url":"https:\/\/fedemark.ee\/fi\/tuotteet\/suurikantokykyiset-tikkaat\/tasotikkaat\/regina-special\/","og_site_name":"Fedemark","article_modified_time":"2017-07-25T13:29:32+00:00","og_image":[{"width":800,"height":800,"url":"https:\/\/fedemark.ee\/wp-content\/uploads\/2017\/06\/Regina-Special-1.jpg","type":"image\/jpeg"}],"twitter_card":"summary_large_image","schema":{"@context":"https:\/\/schema.org","@graph":[{"@type":"WebPage","@id":"https:\/\/fedemark.ee\/fi\/tuotteet\/suurikantokykyiset-tikkaat\/tasotikkaat\/regina-special\/","url":"https:\/\/fedemark.ee\/fi\/tuotteet\/suurikantokykyiset-tikkaat\/tasotikkaat\/regina-special\/","name":"Regina Special - Fedemark","isPartOf":{"@id":"https:\/\/fedemark.ee\/#website"},"primaryImageOfPage":{"@id":"https:\/\/fedemark.ee\/fi\/tuotteet\/suurikantokykyiset-tikkaat\/tasotikkaat\/regina-special\/#primaryimage"},"image":{"@id":"https:\/\/fedemark.ee\/fi\/tuotteet\/suurikantokykyiset-tikkaat\/tasotikkaat\/regina-special\/#primaryimage"},"thumbnailUrl":"https:\/\/fedemark.ee\/wp-content\/uploads\/2017\/06\/Regina-Special-1.jpg","datePublished":"2017-06-15T19:54:55+00:00","dateModified":"2017-07-25T13:29:32+00:00","breadcrumb":{"@id":"https:\/\/fedemark.ee\/fi\/tuotteet\/suurikantokykyiset-tikkaat\/tasotikkaat\/regina-special\/#breadcrumb"},"inLanguage":"fi-FI","potentialAction":[{"@type":"ReadAction","target":["https:\/\/fedemark.ee\/fi\/tuotteet\/suurikantokykyiset-tikkaat\/tasotikkaat\/regina-special\/"]}]},{"@type":"ImageObject","inLanguage":"fi-FI","@id":"https:\/\/fedemark.ee\/fi\/tuotteet\/suurikantokykyiset-tikkaat\/tasotikkaat\/regina-special\/#primaryimage","url":"https:\/\/fedemark.ee\/wp-content\/uploads\/2017\/06\/Regina-Special-1.jpg","contentUrl":"https:\/\/fedemark.ee\/wp-content\/uploads\/2017\/06\/Regina-Special-1.jpg","width":800,"height":800},{"@type":"BreadcrumbList","@id":"https:\/\/fedemark.ee\/fi\/tuotteet\/suurikantokykyiset-tikkaat\/tasotikkaat\/regina-special\/#breadcrumb","itemListElement":[{"@type":"ListItem","position":1,"name":"Home","item":"https:\/\/fedemark.ee\/fi\/"},{"@type":"ListItem","position":2,"name":"Tuotteet","item":"https:\/\/fedemark.ee\/fi\/tuotteet\/"},{"@type":"ListItem","position":3,"name":"Regina Special"}]},{"@type":"WebSite","@id":"https:\/\/fedemark.ee\/#website","url":"https:\/\/fedemark.ee\/","name":"Fedemark","description":"Redelid, Tellingud, T\u00f6\u00f6platvormid ja vahekorrused","potentialAction":[{"@type":"SearchAction","target":{"@type":"EntryPoint","urlTemplate":"https:\/\/fedemark.ee\/?s={search_term_string}"},"query-input":"required name=search_term_string"}],"inLanguage":"fi-FI"}]}},"_links":{"self":[{"href":"https:\/\/fedemark.ee\/fi\/wp-json\/wp\/v2\/product\/7332"}],"collection":[{"href":"https:\/\/fedemark.ee\/fi\/wp-json\/wp\/v2\/product"}],"about":[{"href":"https:\/\/fedemark.ee\/fi\/wp-json\/wp\/v2\/types\/product"}],"replies":[{"embeddable":true,"href":"https:\/\/fedemark.ee\/fi\/wp-json\/wp\/v2\/comments?post=7332"}],"version-history":[{"count":0,"href":"https:\/\/fedemark.ee\/fi\/wp-json\/wp\/v2\/product\/7332\/revisions"}],"wp:featuredmedia":[{"embeddable":true,"href":"https:\/\/fedemark.ee\/fi\/wp-json\/wp\/v2\/media\/8969"}],"wp:attachment":[{"href":"https:\/\/fedemark.ee\/fi\/wp-json\/wp\/v2\/media?parent=7332"}],"wp:term":[{"taxonomy":"product_cat","embeddable":true,"href":"https:\/\/fedemark.ee\/fi\/wp-json\/wp\/v2\/product_cat?post=7332"},{"taxonomy":"product_tag","embeddable":true,"href":"https:\/\/fedemark.ee\/fi\/wp-json\/wp\/v2\/product_tag?post=7332"}],"curies":[{"name":"wp","href":"https:\/\/api.w.org\/{rel}","templated":true}]}}