{"id":7333,"date":"2017-06-15T19:56:37","date_gmt":"2017-06-15T19:56:37","guid":{"rendered":"https:\/\/sharks.ee\/fedemark\/shop\/uncategorized\/regina-vip\/"},"modified":"2017-07-25T13:30:28","modified_gmt":"2017-07-25T13:30:28","slug":"regina-vip","status":"publish","type":"product","link":"https:\/\/fedemark.ee\/fi\/tuotteet\/suurikantokykyiset-tikkaat\/tasotikkaat\/regina-vip\/","title":{"rendered":"Regina VIP"},"content":{"rendered":"","protected":false},"excerpt":{"rendered":"<p><em>Eritt\u00e4in kest\u00e4v\u00e4t, tasolla, suojakaiteella ja k\u00e4sipuilla varustetut isot alumiiniset porrastikkaat<\/em><br \/>\nREGINA+ ja REGINA LARGE -mallien lis\u00e4ksi my\u00f6s uusi REGINA VIP, jossa on enemm\u00e4n tarvikkeita ja loistavat ominaisuudet, jotka antavat suurempaa mukavuutta sek\u00e4 k\u00e4yt\u00f6ss\u00e4 ett\u00e4 kuljetuksessa.<\/p>\n<p>K\u00e4sipuut helpottavat k\u00e4ytt\u00e4j\u00e4\u00e4 kiipe\u00e4m\u00e4\u00e4n yl\u00f6s.<\/p>\n<p>Mahdollista tilata: 4WD-setti, johon kuuluu 4 automaattisella jarrutusj\u00e4rjestelm\u00e4ll\u00e4 varustettua py\u00f6r\u00e4\u00e4.<br \/>\nPy\u00f6rien jarrutusj\u00e4rjestelm\u00e4 alkaa jousien avulla toimia, kun tikkaat ovat ty\u00f6asennossa ja k\u00e4ytt\u00e4j\u00e4 kiipe\u00e4\u00e4 niill\u00e4. Kun k\u00e4ytt\u00e4j\u00e4 kiipe\u00e4\u00e4 tikkailta, jarrutusj\u00e4rjestelm\u00e4 lakkaa toimimasta ja tikkaita on sen j\u00e4lkeen helppo liikuttaa.<\/p>\n<p>Ty\u00f6v\u00e4linepidin ja laatikonpidin ovat mukavia isojen laatikoiden ja ty\u00f6kalujen s\u00e4ilytykseen (13x29x3 cm)<\/p>\n<p>\u2022 Ergonomiset, liukumattomat kumijalat<br \/>\n\u2022 Liukumattomat askelmat: 8 cm<br \/>\n\u2022 Askelmien v\u00e4linen et\u00e4isyys: 25 cm<br \/>\n\u2022 Suojakaiteen korkeus: 60 cm<br \/>\n\u2022 Leveys suljettuna: 16 cm<br \/>\n\u2022 Vahvistettu alumiinitaso (25,5&#215;35 cm) (lukitusmekanismi)<br \/>\n\u2022 Vahvistettu takasivu 50&#215;25 nailonliittimell\u00e4 saranaan<br \/>\n\u2022 Vahvistukset pisimpien askelmien alla<br \/>\n\u2022 L\u00e4mp\u00f6kutistuva muovipakkaus kuvineen<br \/>\n\u2022\u00a0Kehyksen etuosa: 80&#215;25 mm (uusi profiili)<br \/>\n\u2022\u00a0Takaosa: 50&#215;25 mm<\/p>\n<p>Mahdollista tilata:<br \/>\n\u2022 4WD (4 py\u00f6r\u00e4\u00e4 4 automaattisella jarrutusj\u00e4rjestelm\u00e4ll\u00e4 varustetun py\u00f6r\u00e4n kanssa), 120,00 euroa<\/p>\n<p class=\"Standard\" style=\"margin-bottom: 15.0pt;\"><img decoding=\"async\" src=\"http:\/\/www.fedemark.ee\/wp-content\/uploads\/2014\/08\/regina_tabel1.jpg\" alt=\"regina_tabel\" \/><\/p>\n<p class=\"Standard\" style=\"margin-bottom: 15.0pt;\"><img loading=\"lazy\" decoding=\"async\" class=\"alignnone wp-image-5253\" src=\"https:\/\/fedemark.ee\/wp-content\/uploads\/2017\/06\/Ikoonid_29.jpg\" alt=\"\" width=\"77\" height=\"72\" \/><img loading=\"lazy\" decoding=\"async\" class=\"alignnone wp-image-5261\" src=\"https:\/\/fedemark.ee\/wp-content\/uploads\/2017\/06\/Ikoonid_03.jpg\" alt=\"\" width=\"67\" height=\"67\" srcset=\"https:\/\/fedemark.ee\/wp-content\/uploads\/2017\/06\/Ikoonid_03.jpg 132w, https:\/\/fedemark.ee\/wp-content\/uploads\/2017\/06\/Ikoonid_03-100x100.jpg 100w\" sizes=\"(max-width: 67px) 100vw, 67px\" \/><img loading=\"lazy\" decoding=\"async\" class=\"alignnone wp-image-5329\" src=\"https:\/\/fedemark.ee\/wp-content\/uploads\/2017\/06\/Ikoonid_37-Copy.jpg\" alt=\"\" width=\"140\" height=\"63\" \/><img loading=\"lazy\" decoding=\"async\" class=\"alignnone wp-image-5353\" src=\"https:\/\/fedemark.ee\/wp-content\/uploads\/2017\/06\/Ikoonid_50.jpg\" alt=\"\" width=\"60\" height=\"72\" \/><img loading=\"lazy\" decoding=\"async\" class=\"alignnone wp-image-5337\" src=\"https:\/\/fedemark.ee\/wp-content\/uploads\/2017\/06\/Ikoonid_38-Copy.jpg\" alt=\"\" width=\"74\" height=\"70\" \/><\/p>\n","protected":false},"featured_media":9949,"comment_status":"open","ping_status":"closed","template":"","meta":{"footnotes":""},"product_cat":[205,207],"product_tag":[],"yoast_head":"<!-- This site is optimized with the Yoast SEO plugin v22.6 - https:\/\/yoast.com\/wordpress\/plugins\/seo\/ -->\n<title>Regina VIP - Fedemark<\/title>\n<meta name=\"robots\" content=\"index, follow, max-snippet:-1, max-image-preview:large, max-video-preview:-1\" \/>\n<link rel=\"canonical\" href=\"https:\/\/fedemark.ee\/fi\/tuotteet\/suurikantokykyiset-tikkaat\/tasotikkaat\/regina-vip\/\" \/>\n<meta property=\"og:locale\" content=\"fi_FI\" \/>\n<meta property=\"og:type\" content=\"article\" \/>\n<meta property=\"og:title\" content=\"Regina VIP - Fedemark\" \/>\n<meta property=\"og:description\" content=\"Eritt\u00e4in kest\u00e4v\u00e4t, tasolla, suojakaiteella ja k\u00e4sipuilla varustetut isot alumiiniset porrastikkaat REGINA+ ja REGINA LARGE -mallien lis\u00e4ksi my\u00f6s uusi REGINA VIP, jossa on enemm\u00e4n tarvikkeita ja loistavat ominaisuudet, jotka antavat suurempaa mukavuutta sek\u00e4 k\u00e4yt\u00f6ss\u00e4 ett\u00e4 kuljetuksessa.  K\u00e4sipuut helpottavat k\u00e4ytt\u00e4j\u00e4\u00e4 kiipe\u00e4m\u00e4\u00e4n yl\u00f6s.  Mahdollista tilata: 4WD-setti, johon kuuluu 4 automaattisella jarrutusj\u00e4rjestelm\u00e4ll\u00e4 varustettua py\u00f6r\u00e4\u00e4. Py\u00f6rien jarrutusj\u00e4rjestelm\u00e4 alkaa jousien avulla toimia, kun tikkaat ovat ty\u00f6asennossa ja k\u00e4ytt\u00e4j\u00e4 kiipe\u00e4\u00e4 niill\u00e4. Kun k\u00e4ytt\u00e4j\u00e4 kiipe\u00e4\u00e4 tikkailta, jarrutusj\u00e4rjestelm\u00e4 lakkaa toimimasta ja tikkaita on sen j\u00e4lkeen helppo liikuttaa.  Ty\u00f6v\u00e4linepidin ja laatikonpidin ovat mukavia isojen laatikoiden ja ty\u00f6kalujen s\u00e4ilytykseen (13x29x3 cm)  \u2022 Ergonomiset, liukumattomat kumijalat \u2022 Liukumattomat askelmat: 8 cm \u2022 Askelmien v\u00e4linen et\u00e4isyys: 25 cm \u2022 Suojakaiteen korkeus: 60 cm \u2022 Leveys suljettuna: 16 cm \u2022 Vahvistettu alumiinitaso (25,5x35 cm) (lukitusmekanismi) \u2022 Vahvistettu takasivu 50x25 nailonliittimell\u00e4 saranaan \u2022 Vahvistukset pisimpien askelmien alla \u2022 L\u00e4mp\u00f6kutistuva muovipakkaus kuvineen \u2022\u00a0Kehyksen etuosa: 80x25 mm (uusi profiili) \u2022\u00a0Takaosa: 50x25 mm  Mahdollista tilata: \u2022 4WD (4 py\u00f6r\u00e4\u00e4 4 automaattisella jarrutusj\u00e4rjestelm\u00e4ll\u00e4 varustetun py\u00f6r\u00e4n kanssa), 120,00 euroa\" \/>\n<meta property=\"og:url\" content=\"https:\/\/fedemark.ee\/fi\/tuotteet\/suurikantokykyiset-tikkaat\/tasotikkaat\/regina-vip\/\" \/>\n<meta property=\"og:site_name\" content=\"Fedemark\" \/>\n<meta property=\"article:modified_time\" content=\"2017-07-25T13:30:28+00:00\" \/>\n<meta property=\"og:image\" content=\"https:\/\/fedemark.ee\/wp-content\/uploads\/2017\/06\/Reginavip.jpg\" \/>\n\t<meta property=\"og:image:width\" content=\"800\" \/>\n\t<meta property=\"og:image:height\" content=\"800\" \/>\n\t<meta property=\"og:image:type\" content=\"image\/jpeg\" \/>\n<meta name=\"twitter:card\" content=\"summary_large_image\" \/>\n<script type=\"application\/ld+json\" class=\"yoast-schema-graph\">{\"@context\":\"https:\/\/schema.org\",\"@graph\":[{\"@type\":\"WebPage\",\"@id\":\"https:\/\/fedemark.ee\/fi\/tuotteet\/suurikantokykyiset-tikkaat\/tasotikkaat\/regina-vip\/\",\"url\":\"https:\/\/fedemark.ee\/fi\/tuotteet\/suurikantokykyiset-tikkaat\/tasotikkaat\/regina-vip\/\",\"name\":\"Regina VIP - Fedemark\",\"isPartOf\":{\"@id\":\"https:\/\/fedemark.ee\/#website\"},\"primaryImageOfPage\":{\"@id\":\"https:\/\/fedemark.ee\/fi\/tuotteet\/suurikantokykyiset-tikkaat\/tasotikkaat\/regina-vip\/#primaryimage\"},\"image\":{\"@id\":\"https:\/\/fedemark.ee\/fi\/tuotteet\/suurikantokykyiset-tikkaat\/tasotikkaat\/regina-vip\/#primaryimage\"},\"thumbnailUrl\":\"https:\/\/fedemark.ee\/wp-content\/uploads\/2017\/06\/Reginavip.jpg\",\"datePublished\":\"2017-06-15T19:56:37+00:00\",\"dateModified\":\"2017-07-25T13:30:28+00:00\",\"breadcrumb\":{\"@id\":\"https:\/\/fedemark.ee\/fi\/tuotteet\/suurikantokykyiset-tikkaat\/tasotikkaat\/regina-vip\/#breadcrumb\"},\"inLanguage\":\"fi-FI\",\"potentialAction\":[{\"@type\":\"ReadAction\",\"target\":[\"https:\/\/fedemark.ee\/fi\/tuotteet\/suurikantokykyiset-tikkaat\/tasotikkaat\/regina-vip\/\"]}]},{\"@type\":\"ImageObject\",\"inLanguage\":\"fi-FI\",\"@id\":\"https:\/\/fedemark.ee\/fi\/tuotteet\/suurikantokykyiset-tikkaat\/tasotikkaat\/regina-vip\/#primaryimage\",\"url\":\"https:\/\/fedemark.ee\/wp-content\/uploads\/2017\/06\/Reginavip.jpg\",\"contentUrl\":\"https:\/\/fedemark.ee\/wp-content\/uploads\/2017\/06\/Reginavip.jpg\",\"width\":800,\"height\":800},{\"@type\":\"BreadcrumbList\",\"@id\":\"https:\/\/fedemark.ee\/fi\/tuotteet\/suurikantokykyiset-tikkaat\/tasotikkaat\/regina-vip\/#breadcrumb\",\"itemListElement\":[{\"@type\":\"ListItem\",\"position\":1,\"name\":\"Home\",\"item\":\"https:\/\/fedemark.ee\/fi\/\"},{\"@type\":\"ListItem\",\"position\":2,\"name\":\"Tuotteet\",\"item\":\"https:\/\/fedemark.ee\/fi\/tuotteet\/\"},{\"@type\":\"ListItem\",\"position\":3,\"name\":\"Regina VIP\"}]},{\"@type\":\"WebSite\",\"@id\":\"https:\/\/fedemark.ee\/#website\",\"url\":\"https:\/\/fedemark.ee\/\",\"name\":\"Fedemark\",\"description\":\"Redelid, Tellingud, T\u00f6\u00f6platvormid ja vahekorrused\",\"potentialAction\":[{\"@type\":\"SearchAction\",\"target\":{\"@type\":\"EntryPoint\",\"urlTemplate\":\"https:\/\/fedemark.ee\/?s={search_term_string}\"},\"query-input\":\"required name=search_term_string\"}],\"inLanguage\":\"fi-FI\"}]}<\/script>\n<!-- \/ Yoast SEO plugin. -->","yoast_head_json":{"title":"Regina VIP - Fedemark","robots":{"index":"index","follow":"follow","max-snippet":"max-snippet:-1","max-image-preview":"max-image-preview:large","max-video-preview":"max-video-preview:-1"},"canonical":"https:\/\/fedemark.ee\/fi\/tuotteet\/suurikantokykyiset-tikkaat\/tasotikkaat\/regina-vip\/","og_locale":"fi_FI","og_type":"article","og_title":"Regina VIP - Fedemark","og_description":"Eritt\u00e4in kest\u00e4v\u00e4t, tasolla, suojakaiteella ja k\u00e4sipuilla varustetut isot alumiiniset porrastikkaat REGINA+ ja REGINA LARGE -mallien lis\u00e4ksi my\u00f6s uusi REGINA VIP, jossa on enemm\u00e4n tarvikkeita ja loistavat ominaisuudet, jotka antavat suurempaa mukavuutta sek\u00e4 k\u00e4yt\u00f6ss\u00e4 ett\u00e4 kuljetuksessa.  K\u00e4sipuut helpottavat k\u00e4ytt\u00e4j\u00e4\u00e4 kiipe\u00e4m\u00e4\u00e4n yl\u00f6s.  Mahdollista tilata: 4WD-setti, johon kuuluu 4 automaattisella jarrutusj\u00e4rjestelm\u00e4ll\u00e4 varustettua py\u00f6r\u00e4\u00e4. Py\u00f6rien jarrutusj\u00e4rjestelm\u00e4 alkaa jousien avulla toimia, kun tikkaat ovat ty\u00f6asennossa ja k\u00e4ytt\u00e4j\u00e4 kiipe\u00e4\u00e4 niill\u00e4. Kun k\u00e4ytt\u00e4j\u00e4 kiipe\u00e4\u00e4 tikkailta, jarrutusj\u00e4rjestelm\u00e4 lakkaa toimimasta ja tikkaita on sen j\u00e4lkeen helppo liikuttaa.  Ty\u00f6v\u00e4linepidin ja laatikonpidin ovat mukavia isojen laatikoiden ja ty\u00f6kalujen s\u00e4ilytykseen (13x29x3 cm)  \u2022 Ergonomiset, liukumattomat kumijalat \u2022 Liukumattomat askelmat: 8 cm \u2022 Askelmien v\u00e4linen et\u00e4isyys: 25 cm \u2022 Suojakaiteen korkeus: 60 cm \u2022 Leveys suljettuna: 16 cm \u2022 Vahvistettu alumiinitaso (25,5x35 cm) (lukitusmekanismi) \u2022 Vahvistettu takasivu 50x25 nailonliittimell\u00e4 saranaan \u2022 Vahvistukset pisimpien askelmien alla \u2022 L\u00e4mp\u00f6kutistuva muovipakkaus kuvineen \u2022\u00a0Kehyksen etuosa: 80x25 mm (uusi profiili) \u2022\u00a0Takaosa: 50x25 mm  Mahdollista tilata: \u2022 4WD (4 py\u00f6r\u00e4\u00e4 4 automaattisella jarrutusj\u00e4rjestelm\u00e4ll\u00e4 varustetun py\u00f6r\u00e4n kanssa), 120,00 euroa","og_url":"https:\/\/fedemark.ee\/fi\/tuotteet\/suurikantokykyiset-tikkaat\/tasotikkaat\/regina-vip\/","og_site_name":"Fedemark","article_modified_time":"2017-07-25T13:30:28+00:00","og_image":[{"width":800,"height":800,"url":"https:\/\/fedemark.ee\/wp-content\/uploads\/2017\/06\/Reginavip.jpg","type":"image\/jpeg"}],"twitter_card":"summary_large_image","schema":{"@context":"https:\/\/schema.org","@graph":[{"@type":"WebPage","@id":"https:\/\/fedemark.ee\/fi\/tuotteet\/suurikantokykyiset-tikkaat\/tasotikkaat\/regina-vip\/","url":"https:\/\/fedemark.ee\/fi\/tuotteet\/suurikantokykyiset-tikkaat\/tasotikkaat\/regina-vip\/","name":"Regina VIP - Fedemark","isPartOf":{"@id":"https:\/\/fedemark.ee\/#website"},"primaryImageOfPage":{"@id":"https:\/\/fedemark.ee\/fi\/tuotteet\/suurikantokykyiset-tikkaat\/tasotikkaat\/regina-vip\/#primaryimage"},"image":{"@id":"https:\/\/fedemark.ee\/fi\/tuotteet\/suurikantokykyiset-tikkaat\/tasotikkaat\/regina-vip\/#primaryimage"},"thumbnailUrl":"https:\/\/fedemark.ee\/wp-content\/uploads\/2017\/06\/Reginavip.jpg","datePublished":"2017-06-15T19:56:37+00:00","dateModified":"2017-07-25T13:30:28+00:00","breadcrumb":{"@id":"https:\/\/fedemark.ee\/fi\/tuotteet\/suurikantokykyiset-tikkaat\/tasotikkaat\/regina-vip\/#breadcrumb"},"inLanguage":"fi-FI","potentialAction":[{"@type":"ReadAction","target":["https:\/\/fedemark.ee\/fi\/tuotteet\/suurikantokykyiset-tikkaat\/tasotikkaat\/regina-vip\/"]}]},{"@type":"ImageObject","inLanguage":"fi-FI","@id":"https:\/\/fedemark.ee\/fi\/tuotteet\/suurikantokykyiset-tikkaat\/tasotikkaat\/regina-vip\/#primaryimage","url":"https:\/\/fedemark.ee\/wp-content\/uploads\/2017\/06\/Reginavip.jpg","contentUrl":"https:\/\/fedemark.ee\/wp-content\/uploads\/2017\/06\/Reginavip.jpg","width":800,"height":800},{"@type":"BreadcrumbList","@id":"https:\/\/fedemark.ee\/fi\/tuotteet\/suurikantokykyiset-tikkaat\/tasotikkaat\/regina-vip\/#breadcrumb","itemListElement":[{"@type":"ListItem","position":1,"name":"Home","item":"https:\/\/fedemark.ee\/fi\/"},{"@type":"ListItem","position":2,"name":"Tuotteet","item":"https:\/\/fedemark.ee\/fi\/tuotteet\/"},{"@type":"ListItem","position":3,"name":"Regina VIP"}]},{"@type":"WebSite","@id":"https:\/\/fedemark.ee\/#website","url":"https:\/\/fedemark.ee\/","name":"Fedemark","description":"Redelid, Tellingud, T\u00f6\u00f6platvormid ja vahekorrused","potentialAction":[{"@type":"SearchAction","target":{"@type":"EntryPoint","urlTemplate":"https:\/\/fedemark.ee\/?s={search_term_string}"},"query-input":"required name=search_term_string"}],"inLanguage":"fi-FI"}]}},"_links":{"self":[{"href":"https:\/\/fedemark.ee\/fi\/wp-json\/wp\/v2\/product\/7333"}],"collection":[{"href":"https:\/\/fedemark.ee\/fi\/wp-json\/wp\/v2\/product"}],"about":[{"href":"https:\/\/fedemark.ee\/fi\/wp-json\/wp\/v2\/types\/product"}],"replies":[{"embeddable":true,"href":"https:\/\/fedemark.ee\/fi\/wp-json\/wp\/v2\/comments?post=7333"}],"version-history":[{"count":0,"href":"https:\/\/fedemark.ee\/fi\/wp-json\/wp\/v2\/product\/7333\/revisions"}],"wp:featuredmedia":[{"embeddable":true,"href":"https:\/\/fedemark.ee\/fi\/wp-json\/wp\/v2\/media\/9949"}],"wp:attachment":[{"href":"https:\/\/fedemark.ee\/fi\/wp-json\/wp\/v2\/media?parent=7333"}],"wp:term":[{"taxonomy":"product_cat","embeddable":true,"href":"https:\/\/fedemark.ee\/fi\/wp-json\/wp\/v2\/product_cat?post=7333"},{"taxonomy":"product_tag","embeddable":true,"href":"https:\/\/fedemark.ee\/fi\/wp-json\/wp\/v2\/product_tag?post=7333"}],"curies":[{"name":"wp","href":"https:\/\/api.w.org\/{rel}","templated":true}]}}