{"id":7334,"date":"2017-06-15T07:54:54","date_gmt":"2017-06-15T07:54:54","guid":{"rendered":"https:\/\/sharks.ee\/fedemark\/shop\/uncategorized\/vera\/"},"modified":"2017-07-25T13:31:27","modified_gmt":"2017-07-25T13:31:27","slug":"vera","status":"publish","type":"product","link":"https:\/\/fedemark.ee\/fi\/tuotteet\/suurikantokykyiset-tikkaat\/liikkuvat-varastotikkaat\/vera\/","title":{"rendered":"Vera"},"content":{"rendered":"","protected":false},"excerpt":{"rendered":"<p><em>Py\u00f6rin varustetut yksipuoliset porrastikkaat<\/em><\/p>\n<p>Ty\u00f6tasolla, suojakaiteella ja k\u00e4sipuulla varustetut alumiiniset porrastikkaat. Sopivat eritt\u00e4in hyvin raskaiden t\u00f6iden tekemiseen. Jokainen askelma on hitsattu lujasti kehykseen.<\/p>\n<p>TEKNISET OMINAISUUDET<br \/>\n\u2022 Alumiininen ty\u00f6taso: 45&#215;50 cm<br \/>\n\u2022 Suojakaiteen korkeus: 80 cm<br \/>\n\u2022 Liukupy\u00f6r\u00e4t: \u00d8 125 mm<br \/>\n\u2022 Askelmien v\u00e4linen et\u00e4isyys: 25 cm<br \/>\n\u2022 Paksuus suljettuna: 33 cm<br \/>\n\u2022 Kantavuus: 150 kg<br \/>\n\u2022 Liukumattomat askelmat: 8 cm<br \/>\n\u2022 Puolien m\u00e4\u00e4r\u00e4: 4\u221212<br \/>\n\u2022 Tason korkeus: 1,00\u22122,80 m<\/p>\n<p>VAKIO-OSAT<br \/>\n\u2022 Vahvistetut avautumisen \/ sulkeutumisen est\u00e4v\u00e4t haarat, jotka nostavat tikkaita<br \/>\n\u2022 Ty\u00f6kalualusta, kantavuus 15 kg<br \/>\n\u2022 K\u00e4sipuu<br \/>\n\u2022 Ontto kehys ja tuet pisimpien askelmien alla<br \/>\n\u2022 Ergonomiset ja vahvistetut liukumattomat kumijalat<br \/>\n\u2022 Kyltti ja kokoamis- ja k\u00e4ytt\u00f6ohje<br \/>\n\u2022 L\u00e4mp\u00f6kutistuva muovipakkaus kuvineen<\/p>\n<p><img loading=\"lazy\" decoding=\"async\" class=\"alignnone wp-image-5253\" src=\"https:\/\/fedemark.ee\/wp-content\/uploads\/2017\/06\/Ikoonid_29.jpg\" alt=\"\" width=\"72\" height=\"67\" \/><img loading=\"lazy\" decoding=\"async\" class=\"alignnone wp-image-5261\" src=\"https:\/\/fedemark.ee\/wp-content\/uploads\/2017\/06\/Ikoonid_03.jpg\" alt=\"\" width=\"67\" height=\"67\" srcset=\"https:\/\/fedemark.ee\/wp-content\/uploads\/2017\/06\/Ikoonid_03.jpg 132w, https:\/\/fedemark.ee\/wp-content\/uploads\/2017\/06\/Ikoonid_03-100x100.jpg 100w\" sizes=\"(max-width: 67px) 100vw, 67px\" \/><img loading=\"lazy\" decoding=\"async\" class=\"alignnone wp-image-5329\" src=\"https:\/\/fedemark.ee\/wp-content\/uploads\/2017\/06\/Ikoonid_37-Copy.jpg\" alt=\"\" width=\"134\" height=\"60\" \/><img loading=\"lazy\" decoding=\"async\" class=\"alignnone wp-image-5353\" src=\"https:\/\/fedemark.ee\/wp-content\/uploads\/2017\/06\/Ikoonid_50.jpg\" alt=\"\" width=\"59\" height=\"70\" \/><img loading=\"lazy\" decoding=\"async\" class=\"alignnone wp-image-5337\" src=\"https:\/\/fedemark.ee\/wp-content\/uploads\/2017\/06\/Ikoonid_38-Copy.jpg\" alt=\"\" width=\"73\" height=\"70\" \/><\/p>\n","protected":false},"featured_media":9687,"comment_status":"open","ping_status":"closed","template":"","meta":{"footnotes":""},"product_cat":[187,205],"product_tag":[],"yoast_head":"<!-- This site is optimized with the Yoast SEO plugin v22.6 - https:\/\/yoast.com\/wordpress\/plugins\/seo\/ -->\n<title>Vera - Fedemark<\/title>\n<meta name=\"robots\" content=\"index, follow, max-snippet:-1, max-image-preview:large, max-video-preview:-1\" \/>\n<link rel=\"canonical\" href=\"https:\/\/fedemark.ee\/fi\/tuotteet\/suurikantokykyiset-tikkaat\/liikkuvat-varastotikkaat\/vera\/\" \/>\n<meta property=\"og:locale\" content=\"fi_FI\" \/>\n<meta property=\"og:type\" content=\"article\" \/>\n<meta property=\"og:title\" content=\"Vera - Fedemark\" \/>\n<meta property=\"og:description\" content=\"Py\u00f6rin varustetut yksipuoliset porrastikkaat  Ty\u00f6tasolla, suojakaiteella ja k\u00e4sipuulla varustetut alumiiniset porrastikkaat. Sopivat eritt\u00e4in hyvin raskaiden t\u00f6iden tekemiseen. Jokainen askelma on hitsattu lujasti kehykseen.  TEKNISET OMINAISUUDET \u2022 Alumiininen ty\u00f6taso: 45x50 cm \u2022 Suojakaiteen korkeus: 80 cm \u2022 Liukupy\u00f6r\u00e4t: \u00d8 125 mm \u2022 Askelmien v\u00e4linen et\u00e4isyys: 25 cm \u2022 Paksuus suljettuna: 33 cm \u2022 Kantavuus: 150 kg \u2022 Liukumattomat askelmat: 8 cm \u2022 Puolien m\u00e4\u00e4r\u00e4: 4\u221212 \u2022 Tason korkeus: 1,00\u22122,80 m  VAKIO-OSAT \u2022 Vahvistetut avautumisen \/ sulkeutumisen est\u00e4v\u00e4t haarat, jotka nostavat tikkaita \u2022 Ty\u00f6kalualusta, kantavuus 15 kg \u2022 K\u00e4sipuu \u2022 Ontto kehys ja tuet pisimpien askelmien alla \u2022 Ergonomiset ja vahvistetut liukumattomat kumijalat \u2022 Kyltti ja kokoamis- ja k\u00e4ytt\u00f6ohje \u2022 L\u00e4mp\u00f6kutistuva muovipakkaus kuvineen\" \/>\n<meta property=\"og:url\" content=\"https:\/\/fedemark.ee\/fi\/tuotteet\/suurikantokykyiset-tikkaat\/liikkuvat-varastotikkaat\/vera\/\" \/>\n<meta property=\"og:site_name\" content=\"Fedemark\" \/>\n<meta property=\"article:modified_time\" content=\"2017-07-25T13:31:27+00:00\" \/>\n<meta property=\"og:image\" content=\"https:\/\/fedemark.ee\/wp-content\/uploads\/2017\/06\/Vera-8-1.jpg\" \/>\n\t<meta property=\"og:image:width\" content=\"800\" \/>\n\t<meta property=\"og:image:height\" content=\"800\" \/>\n\t<meta property=\"og:image:type\" content=\"image\/jpeg\" \/>\n<meta name=\"twitter:card\" content=\"summary_large_image\" \/>\n<script type=\"application\/ld+json\" class=\"yoast-schema-graph\">{\"@context\":\"https:\/\/schema.org\",\"@graph\":[{\"@type\":\"WebPage\",\"@id\":\"https:\/\/fedemark.ee\/fi\/tuotteet\/suurikantokykyiset-tikkaat\/liikkuvat-varastotikkaat\/vera\/\",\"url\":\"https:\/\/fedemark.ee\/fi\/tuotteet\/suurikantokykyiset-tikkaat\/liikkuvat-varastotikkaat\/vera\/\",\"name\":\"Vera - Fedemark\",\"isPartOf\":{\"@id\":\"https:\/\/fedemark.ee\/#website\"},\"primaryImageOfPage\":{\"@id\":\"https:\/\/fedemark.ee\/fi\/tuotteet\/suurikantokykyiset-tikkaat\/liikkuvat-varastotikkaat\/vera\/#primaryimage\"},\"image\":{\"@id\":\"https:\/\/fedemark.ee\/fi\/tuotteet\/suurikantokykyiset-tikkaat\/liikkuvat-varastotikkaat\/vera\/#primaryimage\"},\"thumbnailUrl\":\"https:\/\/fedemark.ee\/wp-content\/uploads\/2017\/06\/Vera-8-1.jpg\",\"datePublished\":\"2017-06-15T07:54:54+00:00\",\"dateModified\":\"2017-07-25T13:31:27+00:00\",\"breadcrumb\":{\"@id\":\"https:\/\/fedemark.ee\/fi\/tuotteet\/suurikantokykyiset-tikkaat\/liikkuvat-varastotikkaat\/vera\/#breadcrumb\"},\"inLanguage\":\"fi-FI\",\"potentialAction\":[{\"@type\":\"ReadAction\",\"target\":[\"https:\/\/fedemark.ee\/fi\/tuotteet\/suurikantokykyiset-tikkaat\/liikkuvat-varastotikkaat\/vera\/\"]}]},{\"@type\":\"ImageObject\",\"inLanguage\":\"fi-FI\",\"@id\":\"https:\/\/fedemark.ee\/fi\/tuotteet\/suurikantokykyiset-tikkaat\/liikkuvat-varastotikkaat\/vera\/#primaryimage\",\"url\":\"https:\/\/fedemark.ee\/wp-content\/uploads\/2017\/06\/Vera-8-1.jpg\",\"contentUrl\":\"https:\/\/fedemark.ee\/wp-content\/uploads\/2017\/06\/Vera-8-1.jpg\",\"width\":800,\"height\":800},{\"@type\":\"BreadcrumbList\",\"@id\":\"https:\/\/fedemark.ee\/fi\/tuotteet\/suurikantokykyiset-tikkaat\/liikkuvat-varastotikkaat\/vera\/#breadcrumb\",\"itemListElement\":[{\"@type\":\"ListItem\",\"position\":1,\"name\":\"Home\",\"item\":\"https:\/\/fedemark.ee\/fi\/\"},{\"@type\":\"ListItem\",\"position\":2,\"name\":\"Tuotteet\",\"item\":\"https:\/\/fedemark.ee\/fi\/tuotteet\/\"},{\"@type\":\"ListItem\",\"position\":3,\"name\":\"Vera\"}]},{\"@type\":\"WebSite\",\"@id\":\"https:\/\/fedemark.ee\/#website\",\"url\":\"https:\/\/fedemark.ee\/\",\"name\":\"Fedemark\",\"description\":\"Redelid, Tellingud, T\u00f6\u00f6platvormid ja vahekorrused\",\"potentialAction\":[{\"@type\":\"SearchAction\",\"target\":{\"@type\":\"EntryPoint\",\"urlTemplate\":\"https:\/\/fedemark.ee\/?s={search_term_string}\"},\"query-input\":\"required name=search_term_string\"}],\"inLanguage\":\"fi-FI\"}]}<\/script>\n<!-- \/ Yoast SEO plugin. -->","yoast_head_json":{"title":"Vera - Fedemark","robots":{"index":"index","follow":"follow","max-snippet":"max-snippet:-1","max-image-preview":"max-image-preview:large","max-video-preview":"max-video-preview:-1"},"canonical":"https:\/\/fedemark.ee\/fi\/tuotteet\/suurikantokykyiset-tikkaat\/liikkuvat-varastotikkaat\/vera\/","og_locale":"fi_FI","og_type":"article","og_title":"Vera - Fedemark","og_description":"Py\u00f6rin varustetut yksipuoliset porrastikkaat  Ty\u00f6tasolla, suojakaiteella ja k\u00e4sipuulla varustetut alumiiniset porrastikkaat. Sopivat eritt\u00e4in hyvin raskaiden t\u00f6iden tekemiseen. Jokainen askelma on hitsattu lujasti kehykseen.  TEKNISET OMINAISUUDET \u2022 Alumiininen ty\u00f6taso: 45x50 cm \u2022 Suojakaiteen korkeus: 80 cm \u2022 Liukupy\u00f6r\u00e4t: \u00d8 125 mm \u2022 Askelmien v\u00e4linen et\u00e4isyys: 25 cm \u2022 Paksuus suljettuna: 33 cm \u2022 Kantavuus: 150 kg \u2022 Liukumattomat askelmat: 8 cm \u2022 Puolien m\u00e4\u00e4r\u00e4: 4\u221212 \u2022 Tason korkeus: 1,00\u22122,80 m  VAKIO-OSAT \u2022 Vahvistetut avautumisen \/ sulkeutumisen est\u00e4v\u00e4t haarat, jotka nostavat tikkaita \u2022 Ty\u00f6kalualusta, kantavuus 15 kg \u2022 K\u00e4sipuu \u2022 Ontto kehys ja tuet pisimpien askelmien alla \u2022 Ergonomiset ja vahvistetut liukumattomat kumijalat \u2022 Kyltti ja kokoamis- ja k\u00e4ytt\u00f6ohje \u2022 L\u00e4mp\u00f6kutistuva muovipakkaus kuvineen","og_url":"https:\/\/fedemark.ee\/fi\/tuotteet\/suurikantokykyiset-tikkaat\/liikkuvat-varastotikkaat\/vera\/","og_site_name":"Fedemark","article_modified_time":"2017-07-25T13:31:27+00:00","og_image":[{"width":800,"height":800,"url":"https:\/\/fedemark.ee\/wp-content\/uploads\/2017\/06\/Vera-8-1.jpg","type":"image\/jpeg"}],"twitter_card":"summary_large_image","schema":{"@context":"https:\/\/schema.org","@graph":[{"@type":"WebPage","@id":"https:\/\/fedemark.ee\/fi\/tuotteet\/suurikantokykyiset-tikkaat\/liikkuvat-varastotikkaat\/vera\/","url":"https:\/\/fedemark.ee\/fi\/tuotteet\/suurikantokykyiset-tikkaat\/liikkuvat-varastotikkaat\/vera\/","name":"Vera - Fedemark","isPartOf":{"@id":"https:\/\/fedemark.ee\/#website"},"primaryImageOfPage":{"@id":"https:\/\/fedemark.ee\/fi\/tuotteet\/suurikantokykyiset-tikkaat\/liikkuvat-varastotikkaat\/vera\/#primaryimage"},"image":{"@id":"https:\/\/fedemark.ee\/fi\/tuotteet\/suurikantokykyiset-tikkaat\/liikkuvat-varastotikkaat\/vera\/#primaryimage"},"thumbnailUrl":"https:\/\/fedemark.ee\/wp-content\/uploads\/2017\/06\/Vera-8-1.jpg","datePublished":"2017-06-15T07:54:54+00:00","dateModified":"2017-07-25T13:31:27+00:00","breadcrumb":{"@id":"https:\/\/fedemark.ee\/fi\/tuotteet\/suurikantokykyiset-tikkaat\/liikkuvat-varastotikkaat\/vera\/#breadcrumb"},"inLanguage":"fi-FI","potentialAction":[{"@type":"ReadAction","target":["https:\/\/fedemark.ee\/fi\/tuotteet\/suurikantokykyiset-tikkaat\/liikkuvat-varastotikkaat\/vera\/"]}]},{"@type":"ImageObject","inLanguage":"fi-FI","@id":"https:\/\/fedemark.ee\/fi\/tuotteet\/suurikantokykyiset-tikkaat\/liikkuvat-varastotikkaat\/vera\/#primaryimage","url":"https:\/\/fedemark.ee\/wp-content\/uploads\/2017\/06\/Vera-8-1.jpg","contentUrl":"https:\/\/fedemark.ee\/wp-content\/uploads\/2017\/06\/Vera-8-1.jpg","width":800,"height":800},{"@type":"BreadcrumbList","@id":"https:\/\/fedemark.ee\/fi\/tuotteet\/suurikantokykyiset-tikkaat\/liikkuvat-varastotikkaat\/vera\/#breadcrumb","itemListElement":[{"@type":"ListItem","position":1,"name":"Home","item":"https:\/\/fedemark.ee\/fi\/"},{"@type":"ListItem","position":2,"name":"Tuotteet","item":"https:\/\/fedemark.ee\/fi\/tuotteet\/"},{"@type":"ListItem","position":3,"name":"Vera"}]},{"@type":"WebSite","@id":"https:\/\/fedemark.ee\/#website","url":"https:\/\/fedemark.ee\/","name":"Fedemark","description":"Redelid, Tellingud, T\u00f6\u00f6platvormid ja vahekorrused","potentialAction":[{"@type":"SearchAction","target":{"@type":"EntryPoint","urlTemplate":"https:\/\/fedemark.ee\/?s={search_term_string}"},"query-input":"required name=search_term_string"}],"inLanguage":"fi-FI"}]}},"_links":{"self":[{"href":"https:\/\/fedemark.ee\/fi\/wp-json\/wp\/v2\/product\/7334"}],"collection":[{"href":"https:\/\/fedemark.ee\/fi\/wp-json\/wp\/v2\/product"}],"about":[{"href":"https:\/\/fedemark.ee\/fi\/wp-json\/wp\/v2\/types\/product"}],"replies":[{"embeddable":true,"href":"https:\/\/fedemark.ee\/fi\/wp-json\/wp\/v2\/comments?post=7334"}],"version-history":[{"count":0,"href":"https:\/\/fedemark.ee\/fi\/wp-json\/wp\/v2\/product\/7334\/revisions"}],"wp:featuredmedia":[{"embeddable":true,"href":"https:\/\/fedemark.ee\/fi\/wp-json\/wp\/v2\/media\/9687"}],"wp:attachment":[{"href":"https:\/\/fedemark.ee\/fi\/wp-json\/wp\/v2\/media?parent=7334"}],"wp:term":[{"taxonomy":"product_cat","embeddable":true,"href":"https:\/\/fedemark.ee\/fi\/wp-json\/wp\/v2\/product_cat?post=7334"},{"taxonomy":"product_tag","embeddable":true,"href":"https:\/\/fedemark.ee\/fi\/wp-json\/wp\/v2\/product_tag?post=7334"}],"curies":[{"name":"wp","href":"https:\/\/api.w.org\/{rel}","templated":true}]}}