{"id":7335,"date":"2017-06-15T18:41:19","date_gmt":"2017-06-15T18:41:19","guid":{"rendered":"https:\/\/sharks.ee\/fedemark\/shop\/uncategorized\/cargo\/"},"modified":"2017-07-25T13:32:51","modified_gmt":"2017-07-25T13:32:51","slug":"cargo","status":"publish","type":"product","link":"https:\/\/fedemark.ee\/fi\/tuotteet\/suurikantokykyiset-tikkaat\/porraspenkit\/cargo\/","title":{"rendered":"Cargo"},"content":{"rendered":"","protected":false},"excerpt":{"rendered":"<p><em>Teolliset, yksipuoliset alumiiniset porrastikkaat.<\/em><\/p>\n<p>Hitsatut, alumiiniset porrastikkaat, jotka on valmistettu kest\u00e4v\u00e4st\u00e4 yksiosaisesta rakenteesta ja sopivat k\u00e4ytett\u00e4viksi laitteissa ja lastaustasoille p\u00e4\u00e4syyn.<br \/>\nLeve\u00e4t ja liukumattomat, muhkuraisesta levyst\u00e4 valmistetut askelmat on hitsattu putkirakenteeseen (25&#215;25 mm). Leve\u00e4n alustan (50 cm) ansiosta tuote on eritt\u00e4in vakaa ja k\u00e4ytt\u00e4j\u00e4yst\u00e4v\u00e4llinen. Ruoste ei voi vahingoittaa t\u00e4t\u00e4 kauan kest\u00e4v\u00e4\u00e4 materiaalia.<\/p>\n<p>TEKNISET OMINAISUUDET<br \/>\n\u2022 Liukumattoman puolan mitat: 45&#215;20 cm<br \/>\n\u2022 Kantavuus: 150 kg<br \/>\n\u2022 Askelmien v\u00e4linen et\u00e4isyys: 24 cm<br \/>\n\u2022 Takuu: 5 vuotta<br \/>\n\u2022 Puolien m\u00e4\u00e4r\u00e4: 1\u22124<br \/>\n\u2022 Porrastikkaiden korkeus:\u00a00,24\u22120,96 m<\/p>\n<p>VAKIO-OSAT<br \/>\n\u2022 Liukumattomat PVC-jalat<br \/>\n\u2022 Muhkuraiset alumiiniset askelmat<br \/>\n\u2022 Kyltti ja kokoamis- ja k\u00e4ytt\u00f6ohje<\/p>\n<p>Mahdollista tilata:<br \/>\n\u2022 Eri kokoja<br \/>\n\u2022 Etupy\u00f6r\u00e4t liikuttamiseen<br \/>\n\u2022 Viimeisen puolan erilainen koko (enint. 50 cm)<br \/>\n\u2022 Kiinte\u00e4 tai irrotettava sivulla oleva k\u00e4sipuu<br \/>\n\u2022 Askelmien v\u00e4linen et\u00e4isyys alle 24 cm<\/p>\n","protected":false},"featured_media":9758,"comment_status":"open","ping_status":"closed","template":"","meta":{"footnotes":""},"product_cat":[176,205],"product_tag":[],"yoast_head":"<!-- This site is optimized with the Yoast SEO plugin v22.6 - https:\/\/yoast.com\/wordpress\/plugins\/seo\/ -->\n<title>Cargo - Fedemark<\/title>\n<meta name=\"robots\" content=\"index, follow, max-snippet:-1, max-image-preview:large, max-video-preview:-1\" \/>\n<link rel=\"canonical\" href=\"https:\/\/fedemark.ee\/fi\/tuotteet\/suurikantokykyiset-tikkaat\/porraspenkit\/cargo\/\" \/>\n<meta property=\"og:locale\" content=\"fi_FI\" \/>\n<meta property=\"og:type\" content=\"article\" \/>\n<meta property=\"og:title\" content=\"Cargo - Fedemark\" \/>\n<meta property=\"og:description\" content=\"Teolliset, yksipuoliset alumiiniset porrastikkaat.  Hitsatut, alumiiniset porrastikkaat, jotka on valmistettu kest\u00e4v\u00e4st\u00e4 yksiosaisesta rakenteesta ja sopivat k\u00e4ytett\u00e4viksi laitteissa ja lastaustasoille p\u00e4\u00e4syyn. Leve\u00e4t ja liukumattomat, muhkuraisesta levyst\u00e4 valmistetut askelmat on hitsattu putkirakenteeseen (25x25 mm). Leve\u00e4n alustan (50 cm) ansiosta tuote on eritt\u00e4in vakaa ja k\u00e4ytt\u00e4j\u00e4yst\u00e4v\u00e4llinen. Ruoste ei voi vahingoittaa t\u00e4t\u00e4 kauan kest\u00e4v\u00e4\u00e4 materiaalia.  TEKNISET OMINAISUUDET \u2022 Liukumattoman puolan mitat: 45x20 cm \u2022 Kantavuus: 150 kg \u2022 Askelmien v\u00e4linen et\u00e4isyys: 24 cm \u2022 Takuu: 5 vuotta \u2022 Puolien m\u00e4\u00e4r\u00e4: 1\u22124 \u2022 Porrastikkaiden korkeus:\u00a00,24\u22120,96 m  VAKIO-OSAT \u2022 Liukumattomat PVC-jalat \u2022 Muhkuraiset alumiiniset askelmat \u2022 Kyltti ja kokoamis- ja k\u00e4ytt\u00f6ohje  Mahdollista tilata: \u2022 Eri kokoja \u2022 Etupy\u00f6r\u00e4t liikuttamiseen \u2022 Viimeisen puolan erilainen koko (enint. 50 cm) \u2022 Kiinte\u00e4 tai irrotettava sivulla oleva k\u00e4sipuu \u2022 Askelmien v\u00e4linen et\u00e4isyys alle 24 cm\" \/>\n<meta property=\"og:url\" content=\"https:\/\/fedemark.ee\/fi\/tuotteet\/suurikantokykyiset-tikkaat\/porraspenkit\/cargo\/\" \/>\n<meta property=\"og:site_name\" content=\"Fedemark\" \/>\n<meta property=\"article:modified_time\" content=\"2017-07-25T13:32:51+00:00\" \/>\n<meta property=\"og:image\" content=\"https:\/\/fedemark.ee\/wp-content\/uploads\/2017\/06\/Cargo-1.jpg\" \/>\n\t<meta property=\"og:image:width\" content=\"800\" \/>\n\t<meta property=\"og:image:height\" content=\"800\" \/>\n\t<meta property=\"og:image:type\" content=\"image\/jpeg\" \/>\n<meta name=\"twitter:card\" content=\"summary_large_image\" \/>\n<script type=\"application\/ld+json\" class=\"yoast-schema-graph\">{\"@context\":\"https:\/\/schema.org\",\"@graph\":[{\"@type\":\"WebPage\",\"@id\":\"https:\/\/fedemark.ee\/fi\/tuotteet\/suurikantokykyiset-tikkaat\/porraspenkit\/cargo\/\",\"url\":\"https:\/\/fedemark.ee\/fi\/tuotteet\/suurikantokykyiset-tikkaat\/porraspenkit\/cargo\/\",\"name\":\"Cargo - Fedemark\",\"isPartOf\":{\"@id\":\"https:\/\/fedemark.ee\/#website\"},\"primaryImageOfPage\":{\"@id\":\"https:\/\/fedemark.ee\/fi\/tuotteet\/suurikantokykyiset-tikkaat\/porraspenkit\/cargo\/#primaryimage\"},\"image\":{\"@id\":\"https:\/\/fedemark.ee\/fi\/tuotteet\/suurikantokykyiset-tikkaat\/porraspenkit\/cargo\/#primaryimage\"},\"thumbnailUrl\":\"https:\/\/fedemark.ee\/wp-content\/uploads\/2017\/06\/Cargo-1.jpg\",\"datePublished\":\"2017-06-15T18:41:19+00:00\",\"dateModified\":\"2017-07-25T13:32:51+00:00\",\"breadcrumb\":{\"@id\":\"https:\/\/fedemark.ee\/fi\/tuotteet\/suurikantokykyiset-tikkaat\/porraspenkit\/cargo\/#breadcrumb\"},\"inLanguage\":\"fi-FI\",\"potentialAction\":[{\"@type\":\"ReadAction\",\"target\":[\"https:\/\/fedemark.ee\/fi\/tuotteet\/suurikantokykyiset-tikkaat\/porraspenkit\/cargo\/\"]}]},{\"@type\":\"ImageObject\",\"inLanguage\":\"fi-FI\",\"@id\":\"https:\/\/fedemark.ee\/fi\/tuotteet\/suurikantokykyiset-tikkaat\/porraspenkit\/cargo\/#primaryimage\",\"url\":\"https:\/\/fedemark.ee\/wp-content\/uploads\/2017\/06\/Cargo-1.jpg\",\"contentUrl\":\"https:\/\/fedemark.ee\/wp-content\/uploads\/2017\/06\/Cargo-1.jpg\",\"width\":800,\"height\":800},{\"@type\":\"BreadcrumbList\",\"@id\":\"https:\/\/fedemark.ee\/fi\/tuotteet\/suurikantokykyiset-tikkaat\/porraspenkit\/cargo\/#breadcrumb\",\"itemListElement\":[{\"@type\":\"ListItem\",\"position\":1,\"name\":\"Home\",\"item\":\"https:\/\/fedemark.ee\/fi\/\"},{\"@type\":\"ListItem\",\"position\":2,\"name\":\"Tuotteet\",\"item\":\"https:\/\/fedemark.ee\/fi\/tuotteet\/\"},{\"@type\":\"ListItem\",\"position\":3,\"name\":\"Cargo\"}]},{\"@type\":\"WebSite\",\"@id\":\"https:\/\/fedemark.ee\/#website\",\"url\":\"https:\/\/fedemark.ee\/\",\"name\":\"Fedemark\",\"description\":\"Redelid, Tellingud, T\u00f6\u00f6platvormid ja vahekorrused\",\"potentialAction\":[{\"@type\":\"SearchAction\",\"target\":{\"@type\":\"EntryPoint\",\"urlTemplate\":\"https:\/\/fedemark.ee\/?s={search_term_string}\"},\"query-input\":\"required name=search_term_string\"}],\"inLanguage\":\"fi-FI\"}]}<\/script>\n<!-- \/ Yoast SEO plugin. -->","yoast_head_json":{"title":"Cargo - Fedemark","robots":{"index":"index","follow":"follow","max-snippet":"max-snippet:-1","max-image-preview":"max-image-preview:large","max-video-preview":"max-video-preview:-1"},"canonical":"https:\/\/fedemark.ee\/fi\/tuotteet\/suurikantokykyiset-tikkaat\/porraspenkit\/cargo\/","og_locale":"fi_FI","og_type":"article","og_title":"Cargo - Fedemark","og_description":"Teolliset, yksipuoliset alumiiniset porrastikkaat.  Hitsatut, alumiiniset porrastikkaat, jotka on valmistettu kest\u00e4v\u00e4st\u00e4 yksiosaisesta rakenteesta ja sopivat k\u00e4ytett\u00e4viksi laitteissa ja lastaustasoille p\u00e4\u00e4syyn. Leve\u00e4t ja liukumattomat, muhkuraisesta levyst\u00e4 valmistetut askelmat on hitsattu putkirakenteeseen (25x25 mm). Leve\u00e4n alustan (50 cm) ansiosta tuote on eritt\u00e4in vakaa ja k\u00e4ytt\u00e4j\u00e4yst\u00e4v\u00e4llinen. Ruoste ei voi vahingoittaa t\u00e4t\u00e4 kauan kest\u00e4v\u00e4\u00e4 materiaalia.  TEKNISET OMINAISUUDET \u2022 Liukumattoman puolan mitat: 45x20 cm \u2022 Kantavuus: 150 kg \u2022 Askelmien v\u00e4linen et\u00e4isyys: 24 cm \u2022 Takuu: 5 vuotta \u2022 Puolien m\u00e4\u00e4r\u00e4: 1\u22124 \u2022 Porrastikkaiden korkeus:\u00a00,24\u22120,96 m  VAKIO-OSAT \u2022 Liukumattomat PVC-jalat \u2022 Muhkuraiset alumiiniset askelmat \u2022 Kyltti ja kokoamis- ja k\u00e4ytt\u00f6ohje  Mahdollista tilata: \u2022 Eri kokoja \u2022 Etupy\u00f6r\u00e4t liikuttamiseen \u2022 Viimeisen puolan erilainen koko (enint. 50 cm) \u2022 Kiinte\u00e4 tai irrotettava sivulla oleva k\u00e4sipuu \u2022 Askelmien v\u00e4linen et\u00e4isyys alle 24 cm","og_url":"https:\/\/fedemark.ee\/fi\/tuotteet\/suurikantokykyiset-tikkaat\/porraspenkit\/cargo\/","og_site_name":"Fedemark","article_modified_time":"2017-07-25T13:32:51+00:00","og_image":[{"width":800,"height":800,"url":"https:\/\/fedemark.ee\/wp-content\/uploads\/2017\/06\/Cargo-1.jpg","type":"image\/jpeg"}],"twitter_card":"summary_large_image","schema":{"@context":"https:\/\/schema.org","@graph":[{"@type":"WebPage","@id":"https:\/\/fedemark.ee\/fi\/tuotteet\/suurikantokykyiset-tikkaat\/porraspenkit\/cargo\/","url":"https:\/\/fedemark.ee\/fi\/tuotteet\/suurikantokykyiset-tikkaat\/porraspenkit\/cargo\/","name":"Cargo - Fedemark","isPartOf":{"@id":"https:\/\/fedemark.ee\/#website"},"primaryImageOfPage":{"@id":"https:\/\/fedemark.ee\/fi\/tuotteet\/suurikantokykyiset-tikkaat\/porraspenkit\/cargo\/#primaryimage"},"image":{"@id":"https:\/\/fedemark.ee\/fi\/tuotteet\/suurikantokykyiset-tikkaat\/porraspenkit\/cargo\/#primaryimage"},"thumbnailUrl":"https:\/\/fedemark.ee\/wp-content\/uploads\/2017\/06\/Cargo-1.jpg","datePublished":"2017-06-15T18:41:19+00:00","dateModified":"2017-07-25T13:32:51+00:00","breadcrumb":{"@id":"https:\/\/fedemark.ee\/fi\/tuotteet\/suurikantokykyiset-tikkaat\/porraspenkit\/cargo\/#breadcrumb"},"inLanguage":"fi-FI","potentialAction":[{"@type":"ReadAction","target":["https:\/\/fedemark.ee\/fi\/tuotteet\/suurikantokykyiset-tikkaat\/porraspenkit\/cargo\/"]}]},{"@type":"ImageObject","inLanguage":"fi-FI","@id":"https:\/\/fedemark.ee\/fi\/tuotteet\/suurikantokykyiset-tikkaat\/porraspenkit\/cargo\/#primaryimage","url":"https:\/\/fedemark.ee\/wp-content\/uploads\/2017\/06\/Cargo-1.jpg","contentUrl":"https:\/\/fedemark.ee\/wp-content\/uploads\/2017\/06\/Cargo-1.jpg","width":800,"height":800},{"@type":"BreadcrumbList","@id":"https:\/\/fedemark.ee\/fi\/tuotteet\/suurikantokykyiset-tikkaat\/porraspenkit\/cargo\/#breadcrumb","itemListElement":[{"@type":"ListItem","position":1,"name":"Home","item":"https:\/\/fedemark.ee\/fi\/"},{"@type":"ListItem","position":2,"name":"Tuotteet","item":"https:\/\/fedemark.ee\/fi\/tuotteet\/"},{"@type":"ListItem","position":3,"name":"Cargo"}]},{"@type":"WebSite","@id":"https:\/\/fedemark.ee\/#website","url":"https:\/\/fedemark.ee\/","name":"Fedemark","description":"Redelid, Tellingud, T\u00f6\u00f6platvormid ja vahekorrused","potentialAction":[{"@type":"SearchAction","target":{"@type":"EntryPoint","urlTemplate":"https:\/\/fedemark.ee\/?s={search_term_string}"},"query-input":"required name=search_term_string"}],"inLanguage":"fi-FI"}]}},"_links":{"self":[{"href":"https:\/\/fedemark.ee\/fi\/wp-json\/wp\/v2\/product\/7335"}],"collection":[{"href":"https:\/\/fedemark.ee\/fi\/wp-json\/wp\/v2\/product"}],"about":[{"href":"https:\/\/fedemark.ee\/fi\/wp-json\/wp\/v2\/types\/product"}],"replies":[{"embeddable":true,"href":"https:\/\/fedemark.ee\/fi\/wp-json\/wp\/v2\/comments?post=7335"}],"version-history":[{"count":0,"href":"https:\/\/fedemark.ee\/fi\/wp-json\/wp\/v2\/product\/7335\/revisions"}],"wp:featuredmedia":[{"embeddable":true,"href":"https:\/\/fedemark.ee\/fi\/wp-json\/wp\/v2\/media\/9758"}],"wp:attachment":[{"href":"https:\/\/fedemark.ee\/fi\/wp-json\/wp\/v2\/media?parent=7335"}],"wp:term":[{"taxonomy":"product_cat","embeddable":true,"href":"https:\/\/fedemark.ee\/fi\/wp-json\/wp\/v2\/product_cat?post=7335"},{"taxonomy":"product_tag","embeddable":true,"href":"https:\/\/fedemark.ee\/fi\/wp-json\/wp\/v2\/product_tag?post=7335"}],"curies":[{"name":"wp","href":"https:\/\/api.w.org\/{rel}","templated":true}]}}