{"id":7336,"date":"2017-06-15T18:36:49","date_gmt":"2017-06-15T18:36:49","guid":{"rendered":"https:\/\/sharks.ee\/fedemark\/shop\/uncategorized\/ikaro\/"},"modified":"2017-07-25T13:35:53","modified_gmt":"2017-07-25T13:35:53","slug":"ikaro","status":"publish","type":"product","link":"https:\/\/fedemark.ee\/fi\/tuotteet\/suurikantokykyiset-tikkaat\/porraspenkit\/ikaro\/","title":{"rendered":"Ikaro"},"content":{"rendered":"","protected":false},"excerpt":{"rendered":"<p><em>Ammattik\u00e4ytt\u00f6\u00f6n tarkoitetut yksipuoliset porrastikkaat, jotka sopivat laitteille, ajoneuvoihin tai lastauslaitureille p\u00e4\u00e4syyn ja huoltot\u00f6iden tekemiseen<\/em><\/p>\n<p>Ammattimaiset yksipuoliset porrastikkaat, jotka sopivat laitteille, ajoneuvoihin tai lastauslaitureille p\u00e4\u00e4syyn ja huoltot\u00f6iden tekemiseen.<\/p>\n<p>Ikaro on ammattik\u00e4ytt\u00f6\u00f6n tarkoitettu kest\u00e4vien tikkaiden sarja, joka on valmistettu korkealaatuisesta puristetusta alumiiniprofiilista ja hitsattu TIG-menetelm\u00e4ll\u00e4. K\u00e4ytt\u00e4j\u00e4 voi valita tarpeidensa mukaan sopivan leveyden ja korkeuden. Liukumattomat latteat askelmat ovat mukavat ja suuret. Asentaminen on 45\u00b0 lastausrampin kaltevuuden ja lis\u00e4varusteina olevien k\u00e4sipuiden ansiosta helppoa. Ikaro on koottava ja pakattu l\u00e4mp\u00f6kutistuvaan muovipakkaukseen.<\/p>\n<p class=\"Standard\" style=\"margin-bottom: 15.0pt;\"><img loading=\"lazy\" decoding=\"async\" class=\"alignnone wp-image-5317\" src=\"https:\/\/fedemark.ee\/wp-content\/uploads\/2017\/06\/Ikoonid_29-1.jpg\" alt=\"\" width=\"70\" height=\"65\" \/><img loading=\"lazy\" decoding=\"async\" class=\"alignnone wp-image-5269\" src=\"https:\/\/fedemark.ee\/wp-content\/uploads\/2017\/06\/Ikoonid_05.jpg\" alt=\"\" width=\"71\" height=\"70\" srcset=\"https:\/\/fedemark.ee\/wp-content\/uploads\/2017\/06\/Ikoonid_05.jpg 166w, https:\/\/fedemark.ee\/wp-content\/uploads\/2017\/06\/Ikoonid_05-100x100.jpg 100w, https:\/\/fedemark.ee\/wp-content\/uploads\/2017\/06\/Ikoonid_05-150x150.jpg 150w\" sizes=\"(max-width: 71px) 100vw, 71px\" \/><img loading=\"lazy\" decoding=\"async\" class=\"alignnone wp-image-5353\" src=\"https:\/\/fedemark.ee\/wp-content\/uploads\/2017\/06\/Ikoonid_50.jpg\" alt=\"\" width=\"58\" height=\"69\" \/><\/p>\n","protected":false},"featured_media":6124,"comment_status":"open","ping_status":"closed","template":"","meta":{"footnotes":""},"product_cat":[176,205],"product_tag":[],"yoast_head":"<!-- This site is optimized with the Yoast SEO plugin v22.6 - https:\/\/yoast.com\/wordpress\/plugins\/seo\/ -->\n<title>Ikaro - Fedemark<\/title>\n<meta name=\"robots\" content=\"index, follow, max-snippet:-1, max-image-preview:large, max-video-preview:-1\" \/>\n<link rel=\"canonical\" href=\"https:\/\/fedemark.ee\/fi\/tuotteet\/suurikantokykyiset-tikkaat\/porraspenkit\/ikaro\/\" \/>\n<meta property=\"og:locale\" content=\"fi_FI\" \/>\n<meta property=\"og:type\" content=\"article\" \/>\n<meta property=\"og:title\" content=\"Ikaro - Fedemark\" \/>\n<meta property=\"og:description\" content=\"Ammattik\u00e4ytt\u00f6\u00f6n tarkoitetut yksipuoliset porrastikkaat, jotka sopivat laitteille, ajoneuvoihin tai lastauslaitureille p\u00e4\u00e4syyn ja huoltot\u00f6iden tekemiseen  Ammattimaiset yksipuoliset porrastikkaat, jotka sopivat laitteille, ajoneuvoihin tai lastauslaitureille p\u00e4\u00e4syyn ja huoltot\u00f6iden tekemiseen.  Ikaro on ammattik\u00e4ytt\u00f6\u00f6n tarkoitettu kest\u00e4vien tikkaiden sarja, joka on valmistettu korkealaatuisesta puristetusta alumiiniprofiilista ja hitsattu TIG-menetelm\u00e4ll\u00e4. K\u00e4ytt\u00e4j\u00e4 voi valita tarpeidensa mukaan sopivan leveyden ja korkeuden. Liukumattomat latteat askelmat ovat mukavat ja suuret. Asentaminen on 45\u00b0 lastausrampin kaltevuuden ja lis\u00e4varusteina olevien k\u00e4sipuiden ansiosta helppoa. Ikaro on koottava ja pakattu l\u00e4mp\u00f6kutistuvaan muovipakkaukseen.\" \/>\n<meta property=\"og:url\" content=\"https:\/\/fedemark.ee\/fi\/tuotteet\/suurikantokykyiset-tikkaat\/porraspenkit\/ikaro\/\" \/>\n<meta property=\"og:site_name\" content=\"Fedemark\" \/>\n<meta property=\"article:modified_time\" content=\"2017-07-25T13:35:53+00:00\" \/>\n<meta property=\"og:image\" content=\"https:\/\/fedemark.ee\/wp-content\/uploads\/2017\/06\/Ikaro.jpg\" \/>\n\t<meta property=\"og:image:width\" content=\"2050\" \/>\n\t<meta property=\"og:image:height\" content=\"2966\" \/>\n\t<meta property=\"og:image:type\" content=\"image\/jpeg\" \/>\n<meta name=\"twitter:card\" content=\"summary_large_image\" \/>\n<script type=\"application\/ld+json\" class=\"yoast-schema-graph\">{\"@context\":\"https:\/\/schema.org\",\"@graph\":[{\"@type\":\"WebPage\",\"@id\":\"https:\/\/fedemark.ee\/fi\/tuotteet\/suurikantokykyiset-tikkaat\/porraspenkit\/ikaro\/\",\"url\":\"https:\/\/fedemark.ee\/fi\/tuotteet\/suurikantokykyiset-tikkaat\/porraspenkit\/ikaro\/\",\"name\":\"Ikaro - Fedemark\",\"isPartOf\":{\"@id\":\"https:\/\/fedemark.ee\/#website\"},\"primaryImageOfPage\":{\"@id\":\"https:\/\/fedemark.ee\/fi\/tuotteet\/suurikantokykyiset-tikkaat\/porraspenkit\/ikaro\/#primaryimage\"},\"image\":{\"@id\":\"https:\/\/fedemark.ee\/fi\/tuotteet\/suurikantokykyiset-tikkaat\/porraspenkit\/ikaro\/#primaryimage\"},\"thumbnailUrl\":\"https:\/\/fedemark.ee\/wp-content\/uploads\/2017\/06\/Ikaro.jpg\",\"datePublished\":\"2017-06-15T18:36:49+00:00\",\"dateModified\":\"2017-07-25T13:35:53+00:00\",\"breadcrumb\":{\"@id\":\"https:\/\/fedemark.ee\/fi\/tuotteet\/suurikantokykyiset-tikkaat\/porraspenkit\/ikaro\/#breadcrumb\"},\"inLanguage\":\"fi-FI\",\"potentialAction\":[{\"@type\":\"ReadAction\",\"target\":[\"https:\/\/fedemark.ee\/fi\/tuotteet\/suurikantokykyiset-tikkaat\/porraspenkit\/ikaro\/\"]}]},{\"@type\":\"ImageObject\",\"inLanguage\":\"fi-FI\",\"@id\":\"https:\/\/fedemark.ee\/fi\/tuotteet\/suurikantokykyiset-tikkaat\/porraspenkit\/ikaro\/#primaryimage\",\"url\":\"https:\/\/fedemark.ee\/wp-content\/uploads\/2017\/06\/Ikaro.jpg\",\"contentUrl\":\"https:\/\/fedemark.ee\/wp-content\/uploads\/2017\/06\/Ikaro.jpg\",\"width\":2050,\"height\":2966},{\"@type\":\"BreadcrumbList\",\"@id\":\"https:\/\/fedemark.ee\/fi\/tuotteet\/suurikantokykyiset-tikkaat\/porraspenkit\/ikaro\/#breadcrumb\",\"itemListElement\":[{\"@type\":\"ListItem\",\"position\":1,\"name\":\"Home\",\"item\":\"https:\/\/fedemark.ee\/fi\/\"},{\"@type\":\"ListItem\",\"position\":2,\"name\":\"Tuotteet\",\"item\":\"https:\/\/fedemark.ee\/fi\/tuotteet\/\"},{\"@type\":\"ListItem\",\"position\":3,\"name\":\"Ikaro\"}]},{\"@type\":\"WebSite\",\"@id\":\"https:\/\/fedemark.ee\/#website\",\"url\":\"https:\/\/fedemark.ee\/\",\"name\":\"Fedemark\",\"description\":\"Redelid, Tellingud, T\u00f6\u00f6platvormid ja vahekorrused\",\"potentialAction\":[{\"@type\":\"SearchAction\",\"target\":{\"@type\":\"EntryPoint\",\"urlTemplate\":\"https:\/\/fedemark.ee\/?s={search_term_string}\"},\"query-input\":\"required name=search_term_string\"}],\"inLanguage\":\"fi-FI\"}]}<\/script>\n<!-- \/ Yoast SEO plugin. -->","yoast_head_json":{"title":"Ikaro - Fedemark","robots":{"index":"index","follow":"follow","max-snippet":"max-snippet:-1","max-image-preview":"max-image-preview:large","max-video-preview":"max-video-preview:-1"},"canonical":"https:\/\/fedemark.ee\/fi\/tuotteet\/suurikantokykyiset-tikkaat\/porraspenkit\/ikaro\/","og_locale":"fi_FI","og_type":"article","og_title":"Ikaro - Fedemark","og_description":"Ammattik\u00e4ytt\u00f6\u00f6n tarkoitetut yksipuoliset porrastikkaat, jotka sopivat laitteille, ajoneuvoihin tai lastauslaitureille p\u00e4\u00e4syyn ja huoltot\u00f6iden tekemiseen  Ammattimaiset yksipuoliset porrastikkaat, jotka sopivat laitteille, ajoneuvoihin tai lastauslaitureille p\u00e4\u00e4syyn ja huoltot\u00f6iden tekemiseen.  Ikaro on ammattik\u00e4ytt\u00f6\u00f6n tarkoitettu kest\u00e4vien tikkaiden sarja, joka on valmistettu korkealaatuisesta puristetusta alumiiniprofiilista ja hitsattu TIG-menetelm\u00e4ll\u00e4. K\u00e4ytt\u00e4j\u00e4 voi valita tarpeidensa mukaan sopivan leveyden ja korkeuden. Liukumattomat latteat askelmat ovat mukavat ja suuret. Asentaminen on 45\u00b0 lastausrampin kaltevuuden ja lis\u00e4varusteina olevien k\u00e4sipuiden ansiosta helppoa. Ikaro on koottava ja pakattu l\u00e4mp\u00f6kutistuvaan muovipakkaukseen.","og_url":"https:\/\/fedemark.ee\/fi\/tuotteet\/suurikantokykyiset-tikkaat\/porraspenkit\/ikaro\/","og_site_name":"Fedemark","article_modified_time":"2017-07-25T13:35:53+00:00","og_image":[{"width":2050,"height":2966,"url":"https:\/\/fedemark.ee\/wp-content\/uploads\/2017\/06\/Ikaro.jpg","type":"image\/jpeg"}],"twitter_card":"summary_large_image","schema":{"@context":"https:\/\/schema.org","@graph":[{"@type":"WebPage","@id":"https:\/\/fedemark.ee\/fi\/tuotteet\/suurikantokykyiset-tikkaat\/porraspenkit\/ikaro\/","url":"https:\/\/fedemark.ee\/fi\/tuotteet\/suurikantokykyiset-tikkaat\/porraspenkit\/ikaro\/","name":"Ikaro - Fedemark","isPartOf":{"@id":"https:\/\/fedemark.ee\/#website"},"primaryImageOfPage":{"@id":"https:\/\/fedemark.ee\/fi\/tuotteet\/suurikantokykyiset-tikkaat\/porraspenkit\/ikaro\/#primaryimage"},"image":{"@id":"https:\/\/fedemark.ee\/fi\/tuotteet\/suurikantokykyiset-tikkaat\/porraspenkit\/ikaro\/#primaryimage"},"thumbnailUrl":"https:\/\/fedemark.ee\/wp-content\/uploads\/2017\/06\/Ikaro.jpg","datePublished":"2017-06-15T18:36:49+00:00","dateModified":"2017-07-25T13:35:53+00:00","breadcrumb":{"@id":"https:\/\/fedemark.ee\/fi\/tuotteet\/suurikantokykyiset-tikkaat\/porraspenkit\/ikaro\/#breadcrumb"},"inLanguage":"fi-FI","potentialAction":[{"@type":"ReadAction","target":["https:\/\/fedemark.ee\/fi\/tuotteet\/suurikantokykyiset-tikkaat\/porraspenkit\/ikaro\/"]}]},{"@type":"ImageObject","inLanguage":"fi-FI","@id":"https:\/\/fedemark.ee\/fi\/tuotteet\/suurikantokykyiset-tikkaat\/porraspenkit\/ikaro\/#primaryimage","url":"https:\/\/fedemark.ee\/wp-content\/uploads\/2017\/06\/Ikaro.jpg","contentUrl":"https:\/\/fedemark.ee\/wp-content\/uploads\/2017\/06\/Ikaro.jpg","width":2050,"height":2966},{"@type":"BreadcrumbList","@id":"https:\/\/fedemark.ee\/fi\/tuotteet\/suurikantokykyiset-tikkaat\/porraspenkit\/ikaro\/#breadcrumb","itemListElement":[{"@type":"ListItem","position":1,"name":"Home","item":"https:\/\/fedemark.ee\/fi\/"},{"@type":"ListItem","position":2,"name":"Tuotteet","item":"https:\/\/fedemark.ee\/fi\/tuotteet\/"},{"@type":"ListItem","position":3,"name":"Ikaro"}]},{"@type":"WebSite","@id":"https:\/\/fedemark.ee\/#website","url":"https:\/\/fedemark.ee\/","name":"Fedemark","description":"Redelid, Tellingud, T\u00f6\u00f6platvormid ja vahekorrused","potentialAction":[{"@type":"SearchAction","target":{"@type":"EntryPoint","urlTemplate":"https:\/\/fedemark.ee\/?s={search_term_string}"},"query-input":"required name=search_term_string"}],"inLanguage":"fi-FI"}]}},"_links":{"self":[{"href":"https:\/\/fedemark.ee\/fi\/wp-json\/wp\/v2\/product\/7336"}],"collection":[{"href":"https:\/\/fedemark.ee\/fi\/wp-json\/wp\/v2\/product"}],"about":[{"href":"https:\/\/fedemark.ee\/fi\/wp-json\/wp\/v2\/types\/product"}],"replies":[{"embeddable":true,"href":"https:\/\/fedemark.ee\/fi\/wp-json\/wp\/v2\/comments?post=7336"}],"version-history":[{"count":0,"href":"https:\/\/fedemark.ee\/fi\/wp-json\/wp\/v2\/product\/7336\/revisions"}],"wp:featuredmedia":[{"embeddable":true,"href":"https:\/\/fedemark.ee\/fi\/wp-json\/wp\/v2\/media\/6124"}],"wp:attachment":[{"href":"https:\/\/fedemark.ee\/fi\/wp-json\/wp\/v2\/media?parent=7336"}],"wp:term":[{"taxonomy":"product_cat","embeddable":true,"href":"https:\/\/fedemark.ee\/fi\/wp-json\/wp\/v2\/product_cat?post=7336"},{"taxonomy":"product_tag","embeddable":true,"href":"https:\/\/fedemark.ee\/fi\/wp-json\/wp\/v2\/product_tag?post=7336"}],"curies":[{"name":"wp","href":"https:\/\/api.w.org\/{rel}","templated":true}]}}