{"id":7337,"date":"2017-05-30T13:17:04","date_gmt":"2017-05-30T13:17:04","guid":{"rendered":"https:\/\/sharks.ee\/fedemark\/shop\/uncategorized\/matrix\/"},"modified":"2017-07-25T13:37:16","modified_gmt":"2017-07-25T13:37:16","slug":"matrix","status":"publish","type":"product","link":"https:\/\/fedemark.ee\/fi\/tuotteet\/suurikantokykyiset-tikkaat\/porraspenkit\/matrix\/","title":{"rendered":"Matrix"},"content":{"rendered":"","protected":false},"excerpt":{"rendered":"<p><em>Yksipuoliset porrastikkaat<\/em><\/p>\n<p>Alumiiniset porrastikkaat, jotka sopivat erityisen hyvin k\u00e4ytett\u00e4viksi kone- ja rakennusteollisuudessa. Jokainen askelma on hitsattu lujasti kehykseen.<\/p>\n<p>Varustettu lujalla, mukavalla ja suurella liukumattomalla alumiinisella ty\u00f6tasolla.<br \/>\nPorrastikkaiden alusta on hyvin leve\u00e4, joka est\u00e4\u00e4 sivulle kallistumista ja kaatumista jopa silloin, kun k\u00e4ytt\u00e4j\u00e4 seisoo tason reunoilla.<\/p>\n<p>Kaksi mekanismia est\u00e4\u00e4 yll\u00e4tt\u00e4v\u00e4\u00e4 avautumista:<br \/>\n1) Alumiinitangot<br \/>\n2) Automaattinen taso<\/p>\n<p>TEKNISET OMINAISUUDET<br \/>\n\u2022 Ty\u00f6taso 40&#215;30 cm<br \/>\n\u2022 Alustan leveys: 50 cm<br \/>\n\u2022 Paksuus suljettuna: 16 cm<br \/>\n\u2022 Askelmien v\u00e4linen et\u00e4isyys: 25 cm<br \/>\n\u2022 Liukumattomat alumiiniaskelmat: 8 cm<br \/>\n\u2022 Kantavuus: 150 kg<br \/>\n\u2022 Kehyksen etuprofiili: 80&#215;25 mm<br \/>\n\u2022 Puolien m\u00e4\u00e4r\u00e4: 2\u22124<br \/>\n\u2022 Ty\u00f6tason korkeus:\u00a00,42\u22120,84 m<\/p>\n<p>VAKIO-OSAT<br \/>\n\u2022 Ergonomiset ja vahvistetut liukumattomat kumijalat<br \/>\n\u2022 Ontto kehys ja tuet pisimpien askelmien alla<br \/>\n\u2022 Kyltti ja kokoamis- ja k\u00e4ytt\u00f6ohje<br \/>\n\u2022 L\u00e4mp\u00f6kutistuva muovipakkaus kuvineen<\/p>\n<table>\n<tbody>\n<tr>\n<td align=\"center\"><a class=\"group1 cboxElement\" href=\"http:\/\/www.fedemark.ee\/wp-content\/uploads\/2014\/08\/0131.jpg\"><img loading=\"lazy\" decoding=\"async\" class=\"alignnone size-full wp-image-658\" src=\"http:\/\/www.fedemark.ee\/wp-content\/uploads\/2014\/08\/0131.jpg\" alt=\"013\" width=\"21\" height=\"40\" \/><\/a><\/td>\n<td align=\"center\"><a class=\"group1 cboxElement\" href=\"http:\/\/www.fedemark.ee\/wp-content\/uploads\/2014\/08\/041.jpg\"><img loading=\"lazy\" decoding=\"async\" class=\"alignnone size-full wp-image-660\" src=\"http:\/\/www.fedemark.ee\/wp-content\/uploads\/2014\/08\/041.jpg\" alt=\"04\" width=\"35\" height=\"57\" \/><\/a><\/td>\n<td align=\"center\"><a class=\"group1 cboxElement\" href=\"http:\/\/www.fedemark.ee\/wp-content\/uploads\/2014\/08\/1451.jpg\"><img loading=\"lazy\" decoding=\"async\" class=\"alignnone size-full wp-image-721\" src=\"http:\/\/www.fedemark.ee\/wp-content\/uploads\/2014\/08\/1451.jpg\" alt=\"145\" width=\"26\" height=\"56\" \/><\/a><\/td>\n<td align=\"center\"><a class=\"group1 cboxElement\" href=\"http:\/\/www.fedemark.ee\/wp-content\/uploads\/2014\/08\/09.jpg\"><img loading=\"lazy\" decoding=\"async\" class=\"alignnone size-full wp-image-441\" src=\"http:\/\/www.fedemark.ee\/wp-content\/uploads\/2014\/08\/09.jpg\" alt=\"09\" width=\"35\" height=\"56\" \/><\/a><\/td>\n<td align=\"center\"><a class=\"group1 cboxElement\" href=\"http:\/\/www.fedemark.ee\/wp-content\/uploads\/2014\/08\/085.jpg\"><img loading=\"lazy\" decoding=\"async\" class=\"alignnone size-full wp-image-445\" src=\"http:\/\/www.fedemark.ee\/wp-content\/uploads\/2014\/08\/085.jpg\" alt=\"085\" width=\"27\" height=\"33\" \/><\/a><\/td>\n<\/tr>\n<tr>\n<td align=\"center\">2<\/td>\n<td align=\"center\">0,46<\/td>\n<td align=\"center\">2,36<\/td>\n<td align=\"center\">49<\/td>\n<td align=\"center\">3,80<\/td>\n<\/tr>\n<tr>\n<td align=\"center\">3<\/td>\n<td align=\"center\">0,69<\/td>\n<td align=\"center\">2,60<\/td>\n<td align=\"center\">54<\/td>\n<td align=\"center\">4,60<\/td>\n<\/tr>\n<tr>\n<td align=\"center\">4<\/td>\n<td align=\"center\">0,93<\/td>\n<td align=\"center\">2,83<\/td>\n<td align=\"center\">60<\/td>\n<td align=\"center\">5,60<\/td>\n<\/tr>\n<\/tbody>\n<\/table>\n<p><img loading=\"lazy\" decoding=\"async\" class=\"alignnone wp-image-5317\" src=\"https:\/\/fedemark.ee\/wp-content\/uploads\/2017\/06\/Ikoonid_29-1.jpg\" alt=\"\" width=\"72\" height=\"66\" \/><img loading=\"lazy\" decoding=\"async\" class=\"alignnone wp-image-5269\" src=\"https:\/\/fedemark.ee\/wp-content\/uploads\/2017\/06\/Ikoonid_05.jpg\" alt=\"\" width=\"73\" height=\"71\" \/><img loading=\"lazy\" decoding=\"async\" class=\"alignnone wp-image-5329\" src=\"https:\/\/fedemark.ee\/wp-content\/uploads\/2017\/06\/Ikoonid_37-Copy.jpg\" alt=\"\" width=\"121\" height=\"54\" \/><img loading=\"lazy\" decoding=\"async\" class=\"alignnone wp-image-5353\" src=\"https:\/\/fedemark.ee\/wp-content\/uploads\/2017\/06\/Ikoonid_50.jpg\" alt=\"\" width=\"61\" height=\"71\" \/><img loading=\"lazy\" decoding=\"async\" class=\"alignnone wp-image-5337\" src=\"https:\/\/fedemark.ee\/wp-content\/uploads\/2017\/06\/Ikoonid_38-Copy.jpg\" alt=\"\" width=\"76\" height=\"73\" \/><\/p>\n","protected":false},"featured_media":9780,"comment_status":"open","ping_status":"closed","template":"","meta":{"footnotes":""},"product_cat":[176,205],"product_tag":[],"yoast_head":"<!-- This site is optimized with the Yoast SEO plugin v22.6 - https:\/\/yoast.com\/wordpress\/plugins\/seo\/ -->\n<title>Matrix - Fedemark<\/title>\n<meta name=\"robots\" content=\"index, follow, max-snippet:-1, max-image-preview:large, max-video-preview:-1\" \/>\n<link rel=\"canonical\" href=\"https:\/\/fedemark.ee\/fi\/tuotteet\/suurikantokykyiset-tikkaat\/porraspenkit\/matrix\/\" \/>\n<meta property=\"og:locale\" content=\"fi_FI\" \/>\n<meta property=\"og:type\" content=\"article\" \/>\n<meta property=\"og:title\" content=\"Matrix - Fedemark\" \/>\n<meta property=\"og:description\" content=\"Yksipuoliset porrastikkaat  Alumiiniset porrastikkaat, jotka sopivat erityisen hyvin k\u00e4ytett\u00e4viksi kone- ja rakennusteollisuudessa. Jokainen askelma on hitsattu lujasti kehykseen.  Varustettu lujalla, mukavalla ja suurella liukumattomalla alumiinisella ty\u00f6tasolla. Porrastikkaiden alusta on hyvin leve\u00e4, joka est\u00e4\u00e4 sivulle kallistumista ja kaatumista jopa silloin, kun k\u00e4ytt\u00e4j\u00e4 seisoo tason reunoilla.  Kaksi mekanismia est\u00e4\u00e4 yll\u00e4tt\u00e4v\u00e4\u00e4 avautumista: 1) Alumiinitangot 2) Automaattinen taso  TEKNISET OMINAISUUDET \u2022 Ty\u00f6taso 40x30 cm \u2022 Alustan leveys: 50 cm \u2022 Paksuus suljettuna: 16 cm \u2022 Askelmien v\u00e4linen et\u00e4isyys: 25 cm \u2022 Liukumattomat alumiiniaskelmat: 8 cm \u2022 Kantavuus: 150 kg \u2022 Kehyksen etuprofiili: 80x25 mm \u2022 Puolien m\u00e4\u00e4r\u00e4: 2\u22124 \u2022 Ty\u00f6tason korkeus:\u00a00,42\u22120,84 m  VAKIO-OSAT \u2022 Ergonomiset ja vahvistetut liukumattomat kumijalat \u2022 Ontto kehys ja tuet pisimpien askelmien alla \u2022 Kyltti ja kokoamis- ja k\u00e4ytt\u00f6ohje \u2022 L\u00e4mp\u00f6kutistuva muovipakkaus kuvineen           2 0,46 2,36 49 3,80   3 0,69 2,60 54 4,60   4 0,93 2,83 60 5,60\" \/>\n<meta property=\"og:url\" content=\"https:\/\/fedemark.ee\/fi\/tuotteet\/suurikantokykyiset-tikkaat\/porraspenkit\/matrix\/\" \/>\n<meta property=\"og:site_name\" content=\"Fedemark\" \/>\n<meta property=\"article:modified_time\" content=\"2017-07-25T13:37:16+00:00\" \/>\n<meta property=\"og:image\" content=\"https:\/\/fedemark.ee\/wp-content\/uploads\/2017\/05\/Matrix-1-1.jpg\" \/>\n\t<meta property=\"og:image:width\" content=\"800\" \/>\n\t<meta property=\"og:image:height\" content=\"800\" \/>\n\t<meta property=\"og:image:type\" content=\"image\/jpeg\" \/>\n<meta name=\"twitter:card\" content=\"summary_large_image\" \/>\n<script type=\"application\/ld+json\" class=\"yoast-schema-graph\">{\"@context\":\"https:\/\/schema.org\",\"@graph\":[{\"@type\":\"WebPage\",\"@id\":\"https:\/\/fedemark.ee\/fi\/tuotteet\/suurikantokykyiset-tikkaat\/porraspenkit\/matrix\/\",\"url\":\"https:\/\/fedemark.ee\/fi\/tuotteet\/suurikantokykyiset-tikkaat\/porraspenkit\/matrix\/\",\"name\":\"Matrix - Fedemark\",\"isPartOf\":{\"@id\":\"https:\/\/fedemark.ee\/#website\"},\"primaryImageOfPage\":{\"@id\":\"https:\/\/fedemark.ee\/fi\/tuotteet\/suurikantokykyiset-tikkaat\/porraspenkit\/matrix\/#primaryimage\"},\"image\":{\"@id\":\"https:\/\/fedemark.ee\/fi\/tuotteet\/suurikantokykyiset-tikkaat\/porraspenkit\/matrix\/#primaryimage\"},\"thumbnailUrl\":\"https:\/\/fedemark.ee\/wp-content\/uploads\/2017\/05\/Matrix-1-1.jpg\",\"datePublished\":\"2017-05-30T13:17:04+00:00\",\"dateModified\":\"2017-07-25T13:37:16+00:00\",\"breadcrumb\":{\"@id\":\"https:\/\/fedemark.ee\/fi\/tuotteet\/suurikantokykyiset-tikkaat\/porraspenkit\/matrix\/#breadcrumb\"},\"inLanguage\":\"fi-FI\",\"potentialAction\":[{\"@type\":\"ReadAction\",\"target\":[\"https:\/\/fedemark.ee\/fi\/tuotteet\/suurikantokykyiset-tikkaat\/porraspenkit\/matrix\/\"]}]},{\"@type\":\"ImageObject\",\"inLanguage\":\"fi-FI\",\"@id\":\"https:\/\/fedemark.ee\/fi\/tuotteet\/suurikantokykyiset-tikkaat\/porraspenkit\/matrix\/#primaryimage\",\"url\":\"https:\/\/fedemark.ee\/wp-content\/uploads\/2017\/05\/Matrix-1-1.jpg\",\"contentUrl\":\"https:\/\/fedemark.ee\/wp-content\/uploads\/2017\/05\/Matrix-1-1.jpg\",\"width\":800,\"height\":800},{\"@type\":\"BreadcrumbList\",\"@id\":\"https:\/\/fedemark.ee\/fi\/tuotteet\/suurikantokykyiset-tikkaat\/porraspenkit\/matrix\/#breadcrumb\",\"itemListElement\":[{\"@type\":\"ListItem\",\"position\":1,\"name\":\"Home\",\"item\":\"https:\/\/fedemark.ee\/fi\/\"},{\"@type\":\"ListItem\",\"position\":2,\"name\":\"Tuotteet\",\"item\":\"https:\/\/fedemark.ee\/fi\/tuotteet\/\"},{\"@type\":\"ListItem\",\"position\":3,\"name\":\"Matrix\"}]},{\"@type\":\"WebSite\",\"@id\":\"https:\/\/fedemark.ee\/#website\",\"url\":\"https:\/\/fedemark.ee\/\",\"name\":\"Fedemark\",\"description\":\"Redelid, Tellingud, T\u00f6\u00f6platvormid ja vahekorrused\",\"potentialAction\":[{\"@type\":\"SearchAction\",\"target\":{\"@type\":\"EntryPoint\",\"urlTemplate\":\"https:\/\/fedemark.ee\/?s={search_term_string}\"},\"query-input\":\"required name=search_term_string\"}],\"inLanguage\":\"fi-FI\"}]}<\/script>\n<!-- \/ Yoast SEO plugin. -->","yoast_head_json":{"title":"Matrix - Fedemark","robots":{"index":"index","follow":"follow","max-snippet":"max-snippet:-1","max-image-preview":"max-image-preview:large","max-video-preview":"max-video-preview:-1"},"canonical":"https:\/\/fedemark.ee\/fi\/tuotteet\/suurikantokykyiset-tikkaat\/porraspenkit\/matrix\/","og_locale":"fi_FI","og_type":"article","og_title":"Matrix - Fedemark","og_description":"Yksipuoliset porrastikkaat  Alumiiniset porrastikkaat, jotka sopivat erityisen hyvin k\u00e4ytett\u00e4viksi kone- ja rakennusteollisuudessa. Jokainen askelma on hitsattu lujasti kehykseen.  Varustettu lujalla, mukavalla ja suurella liukumattomalla alumiinisella ty\u00f6tasolla. Porrastikkaiden alusta on hyvin leve\u00e4, joka est\u00e4\u00e4 sivulle kallistumista ja kaatumista jopa silloin, kun k\u00e4ytt\u00e4j\u00e4 seisoo tason reunoilla.  Kaksi mekanismia est\u00e4\u00e4 yll\u00e4tt\u00e4v\u00e4\u00e4 avautumista: 1) Alumiinitangot 2) Automaattinen taso  TEKNISET OMINAISUUDET \u2022 Ty\u00f6taso 40x30 cm \u2022 Alustan leveys: 50 cm \u2022 Paksuus suljettuna: 16 cm \u2022 Askelmien v\u00e4linen et\u00e4isyys: 25 cm \u2022 Liukumattomat alumiiniaskelmat: 8 cm \u2022 Kantavuus: 150 kg \u2022 Kehyksen etuprofiili: 80x25 mm \u2022 Puolien m\u00e4\u00e4r\u00e4: 2\u22124 \u2022 Ty\u00f6tason korkeus:\u00a00,42\u22120,84 m  VAKIO-OSAT \u2022 Ergonomiset ja vahvistetut liukumattomat kumijalat \u2022 Ontto kehys ja tuet pisimpien askelmien alla \u2022 Kyltti ja kokoamis- ja k\u00e4ytt\u00f6ohje \u2022 L\u00e4mp\u00f6kutistuva muovipakkaus kuvineen           2 0,46 2,36 49 3,80   3 0,69 2,60 54 4,60   4 0,93 2,83 60 5,60","og_url":"https:\/\/fedemark.ee\/fi\/tuotteet\/suurikantokykyiset-tikkaat\/porraspenkit\/matrix\/","og_site_name":"Fedemark","article_modified_time":"2017-07-25T13:37:16+00:00","og_image":[{"width":800,"height":800,"url":"https:\/\/fedemark.ee\/wp-content\/uploads\/2017\/05\/Matrix-1-1.jpg","type":"image\/jpeg"}],"twitter_card":"summary_large_image","schema":{"@context":"https:\/\/schema.org","@graph":[{"@type":"WebPage","@id":"https:\/\/fedemark.ee\/fi\/tuotteet\/suurikantokykyiset-tikkaat\/porraspenkit\/matrix\/","url":"https:\/\/fedemark.ee\/fi\/tuotteet\/suurikantokykyiset-tikkaat\/porraspenkit\/matrix\/","name":"Matrix - Fedemark","isPartOf":{"@id":"https:\/\/fedemark.ee\/#website"},"primaryImageOfPage":{"@id":"https:\/\/fedemark.ee\/fi\/tuotteet\/suurikantokykyiset-tikkaat\/porraspenkit\/matrix\/#primaryimage"},"image":{"@id":"https:\/\/fedemark.ee\/fi\/tuotteet\/suurikantokykyiset-tikkaat\/porraspenkit\/matrix\/#primaryimage"},"thumbnailUrl":"https:\/\/fedemark.ee\/wp-content\/uploads\/2017\/05\/Matrix-1-1.jpg","datePublished":"2017-05-30T13:17:04+00:00","dateModified":"2017-07-25T13:37:16+00:00","breadcrumb":{"@id":"https:\/\/fedemark.ee\/fi\/tuotteet\/suurikantokykyiset-tikkaat\/porraspenkit\/matrix\/#breadcrumb"},"inLanguage":"fi-FI","potentialAction":[{"@type":"ReadAction","target":["https:\/\/fedemark.ee\/fi\/tuotteet\/suurikantokykyiset-tikkaat\/porraspenkit\/matrix\/"]}]},{"@type":"ImageObject","inLanguage":"fi-FI","@id":"https:\/\/fedemark.ee\/fi\/tuotteet\/suurikantokykyiset-tikkaat\/porraspenkit\/matrix\/#primaryimage","url":"https:\/\/fedemark.ee\/wp-content\/uploads\/2017\/05\/Matrix-1-1.jpg","contentUrl":"https:\/\/fedemark.ee\/wp-content\/uploads\/2017\/05\/Matrix-1-1.jpg","width":800,"height":800},{"@type":"BreadcrumbList","@id":"https:\/\/fedemark.ee\/fi\/tuotteet\/suurikantokykyiset-tikkaat\/porraspenkit\/matrix\/#breadcrumb","itemListElement":[{"@type":"ListItem","position":1,"name":"Home","item":"https:\/\/fedemark.ee\/fi\/"},{"@type":"ListItem","position":2,"name":"Tuotteet","item":"https:\/\/fedemark.ee\/fi\/tuotteet\/"},{"@type":"ListItem","position":3,"name":"Matrix"}]},{"@type":"WebSite","@id":"https:\/\/fedemark.ee\/#website","url":"https:\/\/fedemark.ee\/","name":"Fedemark","description":"Redelid, Tellingud, T\u00f6\u00f6platvormid ja vahekorrused","potentialAction":[{"@type":"SearchAction","target":{"@type":"EntryPoint","urlTemplate":"https:\/\/fedemark.ee\/?s={search_term_string}"},"query-input":"required name=search_term_string"}],"inLanguage":"fi-FI"}]}},"_links":{"self":[{"href":"https:\/\/fedemark.ee\/fi\/wp-json\/wp\/v2\/product\/7337"}],"collection":[{"href":"https:\/\/fedemark.ee\/fi\/wp-json\/wp\/v2\/product"}],"about":[{"href":"https:\/\/fedemark.ee\/fi\/wp-json\/wp\/v2\/types\/product"}],"replies":[{"embeddable":true,"href":"https:\/\/fedemark.ee\/fi\/wp-json\/wp\/v2\/comments?post=7337"}],"version-history":[{"count":0,"href":"https:\/\/fedemark.ee\/fi\/wp-json\/wp\/v2\/product\/7337\/revisions"}],"wp:featuredmedia":[{"embeddable":true,"href":"https:\/\/fedemark.ee\/fi\/wp-json\/wp\/v2\/media\/9780"}],"wp:attachment":[{"href":"https:\/\/fedemark.ee\/fi\/wp-json\/wp\/v2\/media?parent=7337"}],"wp:term":[{"taxonomy":"product_cat","embeddable":true,"href":"https:\/\/fedemark.ee\/fi\/wp-json\/wp\/v2\/product_cat?post=7337"},{"taxonomy":"product_tag","embeddable":true,"href":"https:\/\/fedemark.ee\/fi\/wp-json\/wp\/v2\/product_tag?post=7337"}],"curies":[{"name":"wp","href":"https:\/\/api.w.org\/{rel}","templated":true}]}}