{"id":7348,"date":"2017-06-15T18:54:26","date_gmt":"2017-06-15T18:54:26","guid":{"rendered":"https:\/\/sharks.ee\/fedemark\/shop\/uncategorized\/punto-large\/"},"modified":"2017-07-25T13:47:03","modified_gmt":"2017-07-25T13:47:03","slug":"punto-large","status":"publish","type":"product","link":"https:\/\/fedemark.ee\/fi\/tuotteet\/suurikantokykyiset-tikkaat\/porraspenkit\/punto-large\/","title":{"rendered":"Punto Large"},"content":{"rendered":"","protected":false},"excerpt":{"rendered":"<p><em>Eritt\u00e4in isot kaksipuoliset porrastikkaat<\/em><\/p>\n<p>Kevyest\u00e4 vahvistetusta alumiinista valmistetut porrastikkaat. Tikkaat ovat hyvin leve\u00e4t, joka antaa k\u00e4ytt\u00e4j\u00e4lle mahdollisuuden ty\u00f6skennelless\u00e4 liikkua helposti toiselle puolelle. Jokainen askelma on hitsattu lujasti kehykseen. Pisimpien askelmien alla on vahvistukset.<\/p>\n<p>TEKNISET OMINAISUUDET<br \/>\n\u2022 Alustan leveys: 80 cm<br \/>\n\u2022 Paksuus suljettuna: 17 cm<br \/>\n\u2022 Askelmien v\u00e4linen et\u00e4isyys: 25 cm<br \/>\n\u2022 Liukumattomat 8 cm askelmat, jotka on hitsattu kehykseen<br \/>\n\u2022 Kantavuus: 150 kg<br \/>\n\u2022 Kehyksen profiili: 80&#215;25 mm<br \/>\n\u2022 Puolien m\u00e4\u00e4r\u00e4: 2\u22124<br \/>\n\u2022 Porrastikkaiden korkeus:\u00a00,45\u22120,92 m<\/p>\n<p>VAKIO-OSAT<br \/>\n\u2022 Kaksi mekanismia est\u00e4\u00e4 yll\u00e4tt\u00e4v\u00e4\u00e4 avautumista: niveltangot ja ter\u00e4ssaranat<br \/>\n\u2022 Ergonomiset ja vahvistetut liukumattomat kumijalat<br \/>\n\u2022 Ontto kehys ja tuet pisimpien askelmien alla<br \/>\n\u2022 Kyltti ja kokoamis- ja k\u00e4ytt\u00f6ohje<br \/>\n\u2022 L\u00e4mp\u00f6kutistuva muovipakkaus kuvineen<\/p>\n<p>T\u00e4rke\u00e4\u00e4: Eurooppalaisen standardin EN131 mukaan on kahdelle viimeiselle askelmalle kiipe\u00e4minen kielletty\u00e4, jos suojakaidetta ei ole.<\/p>\n<p>Ty\u00f6taso kuuluu askelmien joukkoon.<\/p>\n<p>Mahdollista tilata:<br \/>\n1. Suojakaidesetti<br \/>\n2. Kaksi tai nelj\u00e4 py\u00f6r\u00e4\u00e4<\/p>\n<p>N\u00e4m\u00e4 lis\u00e4tarvikkeet toimitetaan perille settin\u00e4. T\u00e4ll\u00e4 setill\u00e4 tilatuissa porrastikkaissa on kiinnitysrei\u00e4t valmiina. On t\u00e4rke\u00e4\u00e4 tilata lis\u00e4tarvikkeet yhdess\u00e4 tikkaiden kanssa. Jos k\u00e4ytt\u00e4j\u00e4 tilaa lis\u00e4tarvikkeet my\u00f6hemmin, h\u00e4nen tulee itse tehd\u00e4 kiinnitysrei\u00e4t.<\/p>\n<p>Lis\u00e4tarvikkeet sopivat seuraaviin tikkaisiin:<br \/>\nP1- P1plus &#8211; Punto &#8211; Puntoplus &#8211; Puntolarge &#8211; Puntolarge plus<\/p>\n<table border=\"1\" cellspacing=\"1\" cellpadding=\"1\">\n<tbody>\n<tr>\n<td align=\"center\">\u00a0<a class=\"group1 cboxElement\" href=\"http:\/\/www.fedemark.ee\/wp-content\/uploads\/2014\/08\/0131.jpg\"><img loading=\"lazy\" decoding=\"async\" class=\"alignnone size-full wp-image-658\" src=\"http:\/\/www.fedemark.ee\/wp-content\/uploads\/2014\/08\/0131.jpg\" alt=\"013\" width=\"21\" height=\"40\" \/><\/a><\/td>\n<td align=\"center\"><a class=\"group1 cboxElement\" href=\"http:\/\/www.fedemark.ee\/wp-content\/uploads\/2014\/08\/0321.jpg\"><img loading=\"lazy\" decoding=\"async\" class=\"alignnone size-full wp-image-659\" src=\"http:\/\/www.fedemark.ee\/wp-content\/uploads\/2014\/08\/0321.jpg\" alt=\"032\" width=\"17\" height=\"56\" \/><\/a><\/td>\n<td align=\"center\">\u00a0<a class=\"group1 cboxElement\" href=\"http:\/\/www.fedemark.ee\/wp-content\/uploads\/2014\/08\/041.jpg\"><img loading=\"lazy\" decoding=\"async\" class=\"alignnone size-full wp-image-660\" src=\"http:\/\/www.fedemark.ee\/wp-content\/uploads\/2014\/08\/041.jpg\" alt=\"04\" width=\"35\" height=\"57\" \/><\/a><\/td>\n<td align=\"center\"><a class=\"group1 cboxElement\" href=\"http:\/\/www.fedemark.ee\/wp-content\/uploads\/2014\/08\/09.jpg\"><img loading=\"lazy\" decoding=\"async\" class=\"alignnone size-full wp-image-441\" src=\"http:\/\/www.fedemark.ee\/wp-content\/uploads\/2014\/08\/09.jpg\" alt=\"09\" width=\"35\" height=\"56\" \/><\/a><\/td>\n<td align=\"center\"><a class=\"group1 cboxElement\" href=\"http:\/\/www.fedemark.ee\/wp-content\/uploads\/2014\/08\/141.jpg\"><img loading=\"lazy\" decoding=\"async\" class=\"alignnone size-full wp-image-443\" src=\"http:\/\/www.fedemark.ee\/wp-content\/uploads\/2014\/08\/141.jpg\" alt=\"14(1)\" width=\"26\" height=\"56\" \/><\/a><\/td>\n<td align=\"center\"><a class=\"group1 cboxElement\" href=\"http:\/\/www.fedemark.ee\/wp-content\/uploads\/2014\/08\/08.jpg\"><img loading=\"lazy\" decoding=\"async\" class=\"alignnone size-full wp-image-440\" src=\"http:\/\/www.fedemark.ee\/wp-content\/uploads\/2014\/08\/08.jpg\" alt=\"08\" width=\"27\" height=\"33\" \/><\/a><\/td>\n<\/tr>\n<tr>\n<td align=\"center\">\u00a02<\/td>\n<td align=\"center\">\u00a00,52<\/td>\n<td align=\"center\">\u00a00,45<\/td>\n<td align=\"center\">\u00a080<\/td>\n<td align=\"center\">\u00a02,5<\/td>\n<td align=\"center\">\u00a04<\/td>\n<\/tr>\n<tr>\n<td align=\"center\">\u00a03<\/td>\n<td align=\"center\">\u00a00,77<\/td>\n<td align=\"center\">\u00a00,69<\/td>\n<td align=\"center\">\u00a082<\/td>\n<td align=\"center\">\u00a02,7<\/td>\n<td align=\"center\">\u00a05,5<\/td>\n<\/tr>\n<tr>\n<td align=\"center\">\u00a04<\/td>\n<td align=\"center\">\u00a01,02<\/td>\n<td align=\"center\">\u00a00,92<\/td>\n<td align=\"center\">\u00a084<\/td>\n<td align=\"center\">\u00a02,9<\/td>\n<td align=\"center\">\u00a07<\/td>\n<\/tr>\n<\/tbody>\n<\/table>\n<p><img loading=\"lazy\" decoding=\"async\" class=\"alignnone wp-image-5317\" src=\"https:\/\/fedemark.ee\/wp-content\/uploads\/2017\/06\/Ikoonid_29-1.jpg\" alt=\"\" width=\"81\" height=\"75\" \/><img loading=\"lazy\" decoding=\"async\" class=\"alignnone wp-image-5257\" src=\"https:\/\/fedemark.ee\/wp-content\/uploads\/2017\/06\/Ikoonid_03-Copy.jpg\" alt=\"\" width=\"75\" height=\"76\" srcset=\"https:\/\/fedemark.ee\/wp-content\/uploads\/2017\/06\/Ikoonid_03-Copy.jpg 132w, https:\/\/fedemark.ee\/wp-content\/uploads\/2017\/06\/Ikoonid_03-Copy-100x100.jpg 100w\" sizes=\"(max-width: 75px) 100vw, 75px\" \/><img loading=\"lazy\" decoding=\"async\" class=\"alignnone wp-image-5353\" src=\"https:\/\/fedemark.ee\/wp-content\/uploads\/2017\/06\/Ikoonid_50.jpg\" alt=\"\" width=\"63\" height=\"74\" \/><img loading=\"lazy\" decoding=\"async\" class=\"alignnone wp-image-5329\" src=\"https:\/\/fedemark.ee\/wp-content\/uploads\/2017\/06\/Ikoonid_37-Copy.jpg\" alt=\"\" width=\"147\" height=\"66\" \/><\/p>\n","protected":false},"featured_media":9810,"comment_status":"open","ping_status":"closed","template":"","meta":{"footnotes":""},"product_cat":[176,205],"product_tag":[],"yoast_head":"<!-- This site is optimized with the Yoast SEO plugin v22.6 - https:\/\/yoast.com\/wordpress\/plugins\/seo\/ -->\n<title>Punto Large - Fedemark<\/title>\n<meta name=\"robots\" content=\"index, follow, max-snippet:-1, max-image-preview:large, max-video-preview:-1\" \/>\n<link rel=\"canonical\" href=\"https:\/\/fedemark.ee\/fi\/tuotteet\/suurikantokykyiset-tikkaat\/porraspenkit\/punto-large\/\" \/>\n<meta property=\"og:locale\" content=\"fi_FI\" \/>\n<meta property=\"og:type\" content=\"article\" \/>\n<meta property=\"og:title\" content=\"Punto Large - Fedemark\" \/>\n<meta property=\"og:description\" content=\"Eritt\u00e4in isot kaksipuoliset porrastikkaat  Kevyest\u00e4 vahvistetusta alumiinista valmistetut porrastikkaat. Tikkaat ovat hyvin leve\u00e4t, joka antaa k\u00e4ytt\u00e4j\u00e4lle mahdollisuuden ty\u00f6skennelless\u00e4 liikkua helposti toiselle puolelle. Jokainen askelma on hitsattu lujasti kehykseen. Pisimpien askelmien alla on vahvistukset.  TEKNISET OMINAISUUDET \u2022 Alustan leveys: 80 cm \u2022 Paksuus suljettuna: 17 cm \u2022 Askelmien v\u00e4linen et\u00e4isyys: 25 cm \u2022 Liukumattomat 8 cm askelmat, jotka on hitsattu kehykseen \u2022 Kantavuus: 150 kg \u2022 Kehyksen profiili: 80x25 mm \u2022 Puolien m\u00e4\u00e4r\u00e4: 2\u22124 \u2022 Porrastikkaiden korkeus:\u00a00,45\u22120,92 m  VAKIO-OSAT \u2022 Kaksi mekanismia est\u00e4\u00e4 yll\u00e4tt\u00e4v\u00e4\u00e4 avautumista: niveltangot ja ter\u00e4ssaranat \u2022 Ergonomiset ja vahvistetut liukumattomat kumijalat \u2022 Ontto kehys ja tuet pisimpien askelmien alla \u2022 Kyltti ja kokoamis- ja k\u00e4ytt\u00f6ohje \u2022 L\u00e4mp\u00f6kutistuva muovipakkaus kuvineen  T\u00e4rke\u00e4\u00e4: Eurooppalaisen standardin EN131 mukaan on kahdelle viimeiselle askelmalle kiipe\u00e4minen kielletty\u00e4, jos suojakaidetta ei ole.  Ty\u00f6taso kuuluu askelmien joukkoon.  Mahdollista tilata: 1. Suojakaidesetti 2. Kaksi tai nelj\u00e4 py\u00f6r\u00e4\u00e4  N\u00e4m\u00e4 lis\u00e4tarvikkeet toimitetaan perille settin\u00e4. T\u00e4ll\u00e4 setill\u00e4 tilatuissa porrastikkaissa on kiinnitysrei\u00e4t valmiina. On t\u00e4rke\u00e4\u00e4 tilata lis\u00e4tarvikkeet yhdess\u00e4 tikkaiden kanssa. Jos k\u00e4ytt\u00e4j\u00e4 tilaa lis\u00e4tarvikkeet my\u00f6hemmin, h\u00e4nen tulee itse tehd\u00e4 kiinnitysrei\u00e4t.  Lis\u00e4tarvikkeet sopivat seuraaviin tikkaisiin: P1- P1plus - Punto - Puntoplus - Puntolarge - Puntolarge plus    \u00a0  \u00a0      \u00a02 \u00a00,52 \u00a00,45 \u00a080 \u00a02,5 \u00a04   \u00a03 \u00a00,77 \u00a00,69 \u00a082 \u00a02,7 \u00a05,5   \u00a04 \u00a01,02 \u00a00,92 \u00a084 \u00a02,9 \u00a07\" \/>\n<meta property=\"og:url\" content=\"https:\/\/fedemark.ee\/fi\/tuotteet\/suurikantokykyiset-tikkaat\/porraspenkit\/punto-large\/\" \/>\n<meta property=\"og:site_name\" content=\"Fedemark\" \/>\n<meta property=\"article:modified_time\" content=\"2017-07-25T13:47:03+00:00\" \/>\n<meta property=\"og:image\" content=\"https:\/\/fedemark.ee\/wp-content\/uploads\/2017\/06\/punto-large-1-1.jpg\" \/>\n\t<meta property=\"og:image:width\" content=\"800\" \/>\n\t<meta property=\"og:image:height\" content=\"800\" \/>\n\t<meta property=\"og:image:type\" content=\"image\/jpeg\" \/>\n<meta name=\"twitter:card\" content=\"summary_large_image\" \/>\n<script type=\"application\/ld+json\" class=\"yoast-schema-graph\">{\"@context\":\"https:\/\/schema.org\",\"@graph\":[{\"@type\":\"WebPage\",\"@id\":\"https:\/\/fedemark.ee\/fi\/tuotteet\/suurikantokykyiset-tikkaat\/porraspenkit\/punto-large\/\",\"url\":\"https:\/\/fedemark.ee\/fi\/tuotteet\/suurikantokykyiset-tikkaat\/porraspenkit\/punto-large\/\",\"name\":\"Punto Large - Fedemark\",\"isPartOf\":{\"@id\":\"https:\/\/fedemark.ee\/#website\"},\"primaryImageOfPage\":{\"@id\":\"https:\/\/fedemark.ee\/fi\/tuotteet\/suurikantokykyiset-tikkaat\/porraspenkit\/punto-large\/#primaryimage\"},\"image\":{\"@id\":\"https:\/\/fedemark.ee\/fi\/tuotteet\/suurikantokykyiset-tikkaat\/porraspenkit\/punto-large\/#primaryimage\"},\"thumbnailUrl\":\"https:\/\/fedemark.ee\/wp-content\/uploads\/2017\/06\/punto-large-1-1.jpg\",\"datePublished\":\"2017-06-15T18:54:26+00:00\",\"dateModified\":\"2017-07-25T13:47:03+00:00\",\"breadcrumb\":{\"@id\":\"https:\/\/fedemark.ee\/fi\/tuotteet\/suurikantokykyiset-tikkaat\/porraspenkit\/punto-large\/#breadcrumb\"},\"inLanguage\":\"fi-FI\",\"potentialAction\":[{\"@type\":\"ReadAction\",\"target\":[\"https:\/\/fedemark.ee\/fi\/tuotteet\/suurikantokykyiset-tikkaat\/porraspenkit\/punto-large\/\"]}]},{\"@type\":\"ImageObject\",\"inLanguage\":\"fi-FI\",\"@id\":\"https:\/\/fedemark.ee\/fi\/tuotteet\/suurikantokykyiset-tikkaat\/porraspenkit\/punto-large\/#primaryimage\",\"url\":\"https:\/\/fedemark.ee\/wp-content\/uploads\/2017\/06\/punto-large-1-1.jpg\",\"contentUrl\":\"https:\/\/fedemark.ee\/wp-content\/uploads\/2017\/06\/punto-large-1-1.jpg\",\"width\":800,\"height\":800},{\"@type\":\"BreadcrumbList\",\"@id\":\"https:\/\/fedemark.ee\/fi\/tuotteet\/suurikantokykyiset-tikkaat\/porraspenkit\/punto-large\/#breadcrumb\",\"itemListElement\":[{\"@type\":\"ListItem\",\"position\":1,\"name\":\"Home\",\"item\":\"https:\/\/fedemark.ee\/fi\/\"},{\"@type\":\"ListItem\",\"position\":2,\"name\":\"Tuotteet\",\"item\":\"https:\/\/fedemark.ee\/fi\/tuotteet\/\"},{\"@type\":\"ListItem\",\"position\":3,\"name\":\"Punto Large\"}]},{\"@type\":\"WebSite\",\"@id\":\"https:\/\/fedemark.ee\/#website\",\"url\":\"https:\/\/fedemark.ee\/\",\"name\":\"Fedemark\",\"description\":\"Redelid, Tellingud, T\u00f6\u00f6platvormid ja vahekorrused\",\"potentialAction\":[{\"@type\":\"SearchAction\",\"target\":{\"@type\":\"EntryPoint\",\"urlTemplate\":\"https:\/\/fedemark.ee\/?s={search_term_string}\"},\"query-input\":\"required name=search_term_string\"}],\"inLanguage\":\"fi-FI\"}]}<\/script>\n<!-- \/ Yoast SEO plugin. -->","yoast_head_json":{"title":"Punto Large - Fedemark","robots":{"index":"index","follow":"follow","max-snippet":"max-snippet:-1","max-image-preview":"max-image-preview:large","max-video-preview":"max-video-preview:-1"},"canonical":"https:\/\/fedemark.ee\/fi\/tuotteet\/suurikantokykyiset-tikkaat\/porraspenkit\/punto-large\/","og_locale":"fi_FI","og_type":"article","og_title":"Punto Large - Fedemark","og_description":"Eritt\u00e4in isot kaksipuoliset porrastikkaat  Kevyest\u00e4 vahvistetusta alumiinista valmistetut porrastikkaat. Tikkaat ovat hyvin leve\u00e4t, joka antaa k\u00e4ytt\u00e4j\u00e4lle mahdollisuuden ty\u00f6skennelless\u00e4 liikkua helposti toiselle puolelle. Jokainen askelma on hitsattu lujasti kehykseen. Pisimpien askelmien alla on vahvistukset.  TEKNISET OMINAISUUDET \u2022 Alustan leveys: 80 cm \u2022 Paksuus suljettuna: 17 cm \u2022 Askelmien v\u00e4linen et\u00e4isyys: 25 cm \u2022 Liukumattomat 8 cm askelmat, jotka on hitsattu kehykseen \u2022 Kantavuus: 150 kg \u2022 Kehyksen profiili: 80x25 mm \u2022 Puolien m\u00e4\u00e4r\u00e4: 2\u22124 \u2022 Porrastikkaiden korkeus:\u00a00,45\u22120,92 m  VAKIO-OSAT \u2022 Kaksi mekanismia est\u00e4\u00e4 yll\u00e4tt\u00e4v\u00e4\u00e4 avautumista: niveltangot ja ter\u00e4ssaranat \u2022 Ergonomiset ja vahvistetut liukumattomat kumijalat \u2022 Ontto kehys ja tuet pisimpien askelmien alla \u2022 Kyltti ja kokoamis- ja k\u00e4ytt\u00f6ohje \u2022 L\u00e4mp\u00f6kutistuva muovipakkaus kuvineen  T\u00e4rke\u00e4\u00e4: Eurooppalaisen standardin EN131 mukaan on kahdelle viimeiselle askelmalle kiipe\u00e4minen kielletty\u00e4, jos suojakaidetta ei ole.  Ty\u00f6taso kuuluu askelmien joukkoon.  Mahdollista tilata: 1. Suojakaidesetti 2. Kaksi tai nelj\u00e4 py\u00f6r\u00e4\u00e4  N\u00e4m\u00e4 lis\u00e4tarvikkeet toimitetaan perille settin\u00e4. T\u00e4ll\u00e4 setill\u00e4 tilatuissa porrastikkaissa on kiinnitysrei\u00e4t valmiina. On t\u00e4rke\u00e4\u00e4 tilata lis\u00e4tarvikkeet yhdess\u00e4 tikkaiden kanssa. Jos k\u00e4ytt\u00e4j\u00e4 tilaa lis\u00e4tarvikkeet my\u00f6hemmin, h\u00e4nen tulee itse tehd\u00e4 kiinnitysrei\u00e4t.  Lis\u00e4tarvikkeet sopivat seuraaviin tikkaisiin: P1- P1plus - Punto - Puntoplus - Puntolarge - Puntolarge plus    \u00a0  \u00a0      \u00a02 \u00a00,52 \u00a00,45 \u00a080 \u00a02,5 \u00a04   \u00a03 \u00a00,77 \u00a00,69 \u00a082 \u00a02,7 \u00a05,5   \u00a04 \u00a01,02 \u00a00,92 \u00a084 \u00a02,9 \u00a07","og_url":"https:\/\/fedemark.ee\/fi\/tuotteet\/suurikantokykyiset-tikkaat\/porraspenkit\/punto-large\/","og_site_name":"Fedemark","article_modified_time":"2017-07-25T13:47:03+00:00","og_image":[{"width":800,"height":800,"url":"https:\/\/fedemark.ee\/wp-content\/uploads\/2017\/06\/punto-large-1-1.jpg","type":"image\/jpeg"}],"twitter_card":"summary_large_image","schema":{"@context":"https:\/\/schema.org","@graph":[{"@type":"WebPage","@id":"https:\/\/fedemark.ee\/fi\/tuotteet\/suurikantokykyiset-tikkaat\/porraspenkit\/punto-large\/","url":"https:\/\/fedemark.ee\/fi\/tuotteet\/suurikantokykyiset-tikkaat\/porraspenkit\/punto-large\/","name":"Punto Large - Fedemark","isPartOf":{"@id":"https:\/\/fedemark.ee\/#website"},"primaryImageOfPage":{"@id":"https:\/\/fedemark.ee\/fi\/tuotteet\/suurikantokykyiset-tikkaat\/porraspenkit\/punto-large\/#primaryimage"},"image":{"@id":"https:\/\/fedemark.ee\/fi\/tuotteet\/suurikantokykyiset-tikkaat\/porraspenkit\/punto-large\/#primaryimage"},"thumbnailUrl":"https:\/\/fedemark.ee\/wp-content\/uploads\/2017\/06\/punto-large-1-1.jpg","datePublished":"2017-06-15T18:54:26+00:00","dateModified":"2017-07-25T13:47:03+00:00","breadcrumb":{"@id":"https:\/\/fedemark.ee\/fi\/tuotteet\/suurikantokykyiset-tikkaat\/porraspenkit\/punto-large\/#breadcrumb"},"inLanguage":"fi-FI","potentialAction":[{"@type":"ReadAction","target":["https:\/\/fedemark.ee\/fi\/tuotteet\/suurikantokykyiset-tikkaat\/porraspenkit\/punto-large\/"]}]},{"@type":"ImageObject","inLanguage":"fi-FI","@id":"https:\/\/fedemark.ee\/fi\/tuotteet\/suurikantokykyiset-tikkaat\/porraspenkit\/punto-large\/#primaryimage","url":"https:\/\/fedemark.ee\/wp-content\/uploads\/2017\/06\/punto-large-1-1.jpg","contentUrl":"https:\/\/fedemark.ee\/wp-content\/uploads\/2017\/06\/punto-large-1-1.jpg","width":800,"height":800},{"@type":"BreadcrumbList","@id":"https:\/\/fedemark.ee\/fi\/tuotteet\/suurikantokykyiset-tikkaat\/porraspenkit\/punto-large\/#breadcrumb","itemListElement":[{"@type":"ListItem","position":1,"name":"Home","item":"https:\/\/fedemark.ee\/fi\/"},{"@type":"ListItem","position":2,"name":"Tuotteet","item":"https:\/\/fedemark.ee\/fi\/tuotteet\/"},{"@type":"ListItem","position":3,"name":"Punto Large"}]},{"@type":"WebSite","@id":"https:\/\/fedemark.ee\/#website","url":"https:\/\/fedemark.ee\/","name":"Fedemark","description":"Redelid, Tellingud, T\u00f6\u00f6platvormid ja vahekorrused","potentialAction":[{"@type":"SearchAction","target":{"@type":"EntryPoint","urlTemplate":"https:\/\/fedemark.ee\/?s={search_term_string}"},"query-input":"required name=search_term_string"}],"inLanguage":"fi-FI"}]}},"_links":{"self":[{"href":"https:\/\/fedemark.ee\/fi\/wp-json\/wp\/v2\/product\/7348"}],"collection":[{"href":"https:\/\/fedemark.ee\/fi\/wp-json\/wp\/v2\/product"}],"about":[{"href":"https:\/\/fedemark.ee\/fi\/wp-json\/wp\/v2\/types\/product"}],"replies":[{"embeddable":true,"href":"https:\/\/fedemark.ee\/fi\/wp-json\/wp\/v2\/comments?post=7348"}],"version-history":[{"count":0,"href":"https:\/\/fedemark.ee\/fi\/wp-json\/wp\/v2\/product\/7348\/revisions"}],"wp:featuredmedia":[{"embeddable":true,"href":"https:\/\/fedemark.ee\/fi\/wp-json\/wp\/v2\/media\/9810"}],"wp:attachment":[{"href":"https:\/\/fedemark.ee\/fi\/wp-json\/wp\/v2\/media?parent=7348"}],"wp:term":[{"taxonomy":"product_cat","embeddable":true,"href":"https:\/\/fedemark.ee\/fi\/wp-json\/wp\/v2\/product_cat?post=7348"},{"taxonomy":"product_tag","embeddable":true,"href":"https:\/\/fedemark.ee\/fi\/wp-json\/wp\/v2\/product_tag?post=7348"}],"curies":[{"name":"wp","href":"https:\/\/api.w.org\/{rel}","templated":true}]}}