{"id":7351,"date":"2017-06-15T18:58:23","date_gmt":"2017-06-15T18:58:23","guid":{"rendered":"https:\/\/sharks.ee\/fedemark\/shop\/uncategorized\/record\/"},"modified":"2017-08-11T12:17:05","modified_gmt":"2017-08-11T12:17:05","slug":"record","status":"publish","type":"product","link":"https:\/\/fedemark.ee\/fi\/tuotteet\/suurikantokykyiset-tikkaat\/porraspenkit\/record\/","title":{"rendered":"Record"},"content":{"rendered":"","protected":false},"excerpt":{"rendered":"<p><em>Yksipuoliset kokoonpantavat porrastikkaat<\/em><\/p>\n<p>Anodisoidusta alumiinista valmistetut porrastikkaat ammattik\u00e4ytt\u00f6\u00f6n ja harrastust\u00f6iden tekoon, eiv\u00e4t likaa k\u00e4si\u00e4.<br \/>\nTikkaat on varustettu koottavalla suojakaiteella, 2 py\u00f6r\u00e4ll\u00e4 ja ty\u00f6v\u00e4lineiden \/ sangon pitimell\u00e4. Liukumattomasta alumiinista valmistettuja leveit\u00e4 puolia (leveys 23 cm) voi liitt\u00e4\u00e4 askelmaan, joka muuttaa kuljetuksen helpoksi. Recordin voi sijoittaa minne vain (leveys kokoonpantuna vain 15 cm).<br \/>\nLeve\u00e4n alustan ansiosta Record on eritt\u00e4in vakaa ja k\u00e4ytt\u00e4j\u00e4yst\u00e4v\u00e4llinen. Ruoste ei pysty vahingoittamaan t\u00e4t\u00e4 kauan kest\u00e4v\u00e4\u00e4 materiaalia.<\/p>\n<p>TEKNISET OMINAISUUDET<br \/>\n\u2022 Liukumattomien puolien mitat: 36&#215;23 cm<br \/>\n\u2022 Askelmien v\u00e4linen et\u00e4isyys: 24 cm<br \/>\n\u2022 Koottava suojakaide: 60 cm<br \/>\n\u2022 Leveys kokoonpantuna: 15 cm<br \/>\n\u2022 Kantavuus: 150 kg<br \/>\n\u2022 Puolien m\u00e4\u00e4r\u00e4: 3\u22125<br \/>\n\u2022 Ty\u00f6tason korkeus: 0,65\u22121,10 m<\/p>\n<p>VAKIO-OSAT<br \/>\n\u2022 Ty\u00f6v\u00e4lineiden pidin ja sangon koukku<br \/>\n\u2022 Liukumattomat PVC-jalat<br \/>\n\u2022 Kyltti ja kokoamis- ja k\u00e4ytt\u00f6ohje<br \/>\n\u2022 Pakkaus: pahvilaatikko kuvineen<\/p>\n<p><img loading=\"lazy\" decoding=\"async\" class=\"alignnone wp-image-5317\" src=\"https:\/\/fedemark.ee\/wp-content\/uploads\/2017\/06\/Ikoonid_29-1.jpg\" alt=\"\" width=\"80\" height=\"75\" \/><img loading=\"lazy\" decoding=\"async\" class=\"alignnone wp-image-5269\" src=\"https:\/\/fedemark.ee\/wp-content\/uploads\/2017\/06\/Ikoonid_05.jpg\" alt=\"\" width=\"84\" height=\"81\" \/><img loading=\"lazy\" decoding=\"async\" class=\"alignnone wp-image-5353\" src=\"https:\/\/fedemark.ee\/wp-content\/uploads\/2017\/06\/Ikoonid_50.jpg\" alt=\"\" width=\"69\" height=\"81\" \/><\/p>\n","protected":false},"featured_media":9849,"comment_status":"open","ping_status":"closed","template":"","meta":{"footnotes":""},"product_cat":[176,205],"product_tag":[],"yoast_head":"<!-- This site is optimized with the Yoast SEO plugin v22.6 - https:\/\/yoast.com\/wordpress\/plugins\/seo\/ -->\n<title>Record - Fedemark<\/title>\n<meta name=\"robots\" content=\"index, follow, max-snippet:-1, max-image-preview:large, max-video-preview:-1\" \/>\n<link rel=\"canonical\" href=\"https:\/\/fedemark.ee\/fi\/tuotteet\/suurikantokykyiset-tikkaat\/porraspenkit\/record\/\" \/>\n<meta property=\"og:locale\" content=\"fi_FI\" \/>\n<meta property=\"og:type\" content=\"article\" \/>\n<meta property=\"og:title\" content=\"Record - Fedemark\" \/>\n<meta property=\"og:description\" content=\"Yksipuoliset kokoonpantavat porrastikkaat  Anodisoidusta alumiinista valmistetut porrastikkaat ammattik\u00e4ytt\u00f6\u00f6n ja harrastust\u00f6iden tekoon, eiv\u00e4t likaa k\u00e4si\u00e4. Tikkaat on varustettu koottavalla suojakaiteella, 2 py\u00f6r\u00e4ll\u00e4 ja ty\u00f6v\u00e4lineiden \/ sangon pitimell\u00e4. Liukumattomasta alumiinista valmistettuja leveit\u00e4 puolia (leveys 23 cm) voi liitt\u00e4\u00e4 askelmaan, joka muuttaa kuljetuksen helpoksi. Recordin voi sijoittaa minne vain (leveys kokoonpantuna vain 15 cm). Leve\u00e4n alustan ansiosta Record on eritt\u00e4in vakaa ja k\u00e4ytt\u00e4j\u00e4yst\u00e4v\u00e4llinen. Ruoste ei pysty vahingoittamaan t\u00e4t\u00e4 kauan kest\u00e4v\u00e4\u00e4 materiaalia.  TEKNISET OMINAISUUDET \u2022 Liukumattomien puolien mitat: 36x23 cm \u2022 Askelmien v\u00e4linen et\u00e4isyys: 24 cm \u2022 Koottava suojakaide: 60 cm \u2022 Leveys kokoonpantuna: 15 cm \u2022 Kantavuus: 150 kg \u2022 Puolien m\u00e4\u00e4r\u00e4: 3\u22125 \u2022 Ty\u00f6tason korkeus: 0,65\u22121,10 m  VAKIO-OSAT \u2022 Ty\u00f6v\u00e4lineiden pidin ja sangon koukku \u2022 Liukumattomat PVC-jalat \u2022 Kyltti ja kokoamis- ja k\u00e4ytt\u00f6ohje \u2022 Pakkaus: pahvilaatikko kuvineen\" \/>\n<meta property=\"og:url\" content=\"https:\/\/fedemark.ee\/fi\/tuotteet\/suurikantokykyiset-tikkaat\/porraspenkit\/record\/\" \/>\n<meta property=\"og:site_name\" content=\"Fedemark\" \/>\n<meta property=\"article:modified_time\" content=\"2017-08-11T12:17:05+00:00\" \/>\n<meta property=\"og:image\" content=\"https:\/\/fedemark.ee\/wp-content\/uploads\/2017\/06\/record.jpg\" \/>\n\t<meta property=\"og:image:width\" content=\"800\" \/>\n\t<meta property=\"og:image:height\" content=\"800\" \/>\n\t<meta property=\"og:image:type\" content=\"image\/jpeg\" \/>\n<meta name=\"twitter:card\" content=\"summary_large_image\" \/>\n<script type=\"application\/ld+json\" class=\"yoast-schema-graph\">{\"@context\":\"https:\/\/schema.org\",\"@graph\":[{\"@type\":\"WebPage\",\"@id\":\"https:\/\/fedemark.ee\/fi\/tuotteet\/suurikantokykyiset-tikkaat\/porraspenkit\/record\/\",\"url\":\"https:\/\/fedemark.ee\/fi\/tuotteet\/suurikantokykyiset-tikkaat\/porraspenkit\/record\/\",\"name\":\"Record - Fedemark\",\"isPartOf\":{\"@id\":\"https:\/\/fedemark.ee\/#website\"},\"primaryImageOfPage\":{\"@id\":\"https:\/\/fedemark.ee\/fi\/tuotteet\/suurikantokykyiset-tikkaat\/porraspenkit\/record\/#primaryimage\"},\"image\":{\"@id\":\"https:\/\/fedemark.ee\/fi\/tuotteet\/suurikantokykyiset-tikkaat\/porraspenkit\/record\/#primaryimage\"},\"thumbnailUrl\":\"https:\/\/fedemark.ee\/wp-content\/uploads\/2017\/06\/record.jpg\",\"datePublished\":\"2017-06-15T18:58:23+00:00\",\"dateModified\":\"2017-08-11T12:17:05+00:00\",\"breadcrumb\":{\"@id\":\"https:\/\/fedemark.ee\/fi\/tuotteet\/suurikantokykyiset-tikkaat\/porraspenkit\/record\/#breadcrumb\"},\"inLanguage\":\"fi-FI\",\"potentialAction\":[{\"@type\":\"ReadAction\",\"target\":[\"https:\/\/fedemark.ee\/fi\/tuotteet\/suurikantokykyiset-tikkaat\/porraspenkit\/record\/\"]}]},{\"@type\":\"ImageObject\",\"inLanguage\":\"fi-FI\",\"@id\":\"https:\/\/fedemark.ee\/fi\/tuotteet\/suurikantokykyiset-tikkaat\/porraspenkit\/record\/#primaryimage\",\"url\":\"https:\/\/fedemark.ee\/wp-content\/uploads\/2017\/06\/record.jpg\",\"contentUrl\":\"https:\/\/fedemark.ee\/wp-content\/uploads\/2017\/06\/record.jpg\",\"width\":800,\"height\":800},{\"@type\":\"BreadcrumbList\",\"@id\":\"https:\/\/fedemark.ee\/fi\/tuotteet\/suurikantokykyiset-tikkaat\/porraspenkit\/record\/#breadcrumb\",\"itemListElement\":[{\"@type\":\"ListItem\",\"position\":1,\"name\":\"Home\",\"item\":\"https:\/\/fedemark.ee\/fi\/\"},{\"@type\":\"ListItem\",\"position\":2,\"name\":\"Tuotteet\",\"item\":\"https:\/\/fedemark.ee\/fi\/tuotteet\/\"},{\"@type\":\"ListItem\",\"position\":3,\"name\":\"Record\"}]},{\"@type\":\"WebSite\",\"@id\":\"https:\/\/fedemark.ee\/#website\",\"url\":\"https:\/\/fedemark.ee\/\",\"name\":\"Fedemark\",\"description\":\"Redelid, Tellingud, T\u00f6\u00f6platvormid ja vahekorrused\",\"potentialAction\":[{\"@type\":\"SearchAction\",\"target\":{\"@type\":\"EntryPoint\",\"urlTemplate\":\"https:\/\/fedemark.ee\/?s={search_term_string}\"},\"query-input\":\"required name=search_term_string\"}],\"inLanguage\":\"fi-FI\"}]}<\/script>\n<!-- \/ Yoast SEO plugin. -->","yoast_head_json":{"title":"Record - Fedemark","robots":{"index":"index","follow":"follow","max-snippet":"max-snippet:-1","max-image-preview":"max-image-preview:large","max-video-preview":"max-video-preview:-1"},"canonical":"https:\/\/fedemark.ee\/fi\/tuotteet\/suurikantokykyiset-tikkaat\/porraspenkit\/record\/","og_locale":"fi_FI","og_type":"article","og_title":"Record - Fedemark","og_description":"Yksipuoliset kokoonpantavat porrastikkaat  Anodisoidusta alumiinista valmistetut porrastikkaat ammattik\u00e4ytt\u00f6\u00f6n ja harrastust\u00f6iden tekoon, eiv\u00e4t likaa k\u00e4si\u00e4. Tikkaat on varustettu koottavalla suojakaiteella, 2 py\u00f6r\u00e4ll\u00e4 ja ty\u00f6v\u00e4lineiden \/ sangon pitimell\u00e4. Liukumattomasta alumiinista valmistettuja leveit\u00e4 puolia (leveys 23 cm) voi liitt\u00e4\u00e4 askelmaan, joka muuttaa kuljetuksen helpoksi. Recordin voi sijoittaa minne vain (leveys kokoonpantuna vain 15 cm). Leve\u00e4n alustan ansiosta Record on eritt\u00e4in vakaa ja k\u00e4ytt\u00e4j\u00e4yst\u00e4v\u00e4llinen. Ruoste ei pysty vahingoittamaan t\u00e4t\u00e4 kauan kest\u00e4v\u00e4\u00e4 materiaalia.  TEKNISET OMINAISUUDET \u2022 Liukumattomien puolien mitat: 36x23 cm \u2022 Askelmien v\u00e4linen et\u00e4isyys: 24 cm \u2022 Koottava suojakaide: 60 cm \u2022 Leveys kokoonpantuna: 15 cm \u2022 Kantavuus: 150 kg \u2022 Puolien m\u00e4\u00e4r\u00e4: 3\u22125 \u2022 Ty\u00f6tason korkeus: 0,65\u22121,10 m  VAKIO-OSAT \u2022 Ty\u00f6v\u00e4lineiden pidin ja sangon koukku \u2022 Liukumattomat PVC-jalat \u2022 Kyltti ja kokoamis- ja k\u00e4ytt\u00f6ohje \u2022 Pakkaus: pahvilaatikko kuvineen","og_url":"https:\/\/fedemark.ee\/fi\/tuotteet\/suurikantokykyiset-tikkaat\/porraspenkit\/record\/","og_site_name":"Fedemark","article_modified_time":"2017-08-11T12:17:05+00:00","og_image":[{"width":800,"height":800,"url":"https:\/\/fedemark.ee\/wp-content\/uploads\/2017\/06\/record.jpg","type":"image\/jpeg"}],"twitter_card":"summary_large_image","schema":{"@context":"https:\/\/schema.org","@graph":[{"@type":"WebPage","@id":"https:\/\/fedemark.ee\/fi\/tuotteet\/suurikantokykyiset-tikkaat\/porraspenkit\/record\/","url":"https:\/\/fedemark.ee\/fi\/tuotteet\/suurikantokykyiset-tikkaat\/porraspenkit\/record\/","name":"Record - Fedemark","isPartOf":{"@id":"https:\/\/fedemark.ee\/#website"},"primaryImageOfPage":{"@id":"https:\/\/fedemark.ee\/fi\/tuotteet\/suurikantokykyiset-tikkaat\/porraspenkit\/record\/#primaryimage"},"image":{"@id":"https:\/\/fedemark.ee\/fi\/tuotteet\/suurikantokykyiset-tikkaat\/porraspenkit\/record\/#primaryimage"},"thumbnailUrl":"https:\/\/fedemark.ee\/wp-content\/uploads\/2017\/06\/record.jpg","datePublished":"2017-06-15T18:58:23+00:00","dateModified":"2017-08-11T12:17:05+00:00","breadcrumb":{"@id":"https:\/\/fedemark.ee\/fi\/tuotteet\/suurikantokykyiset-tikkaat\/porraspenkit\/record\/#breadcrumb"},"inLanguage":"fi-FI","potentialAction":[{"@type":"ReadAction","target":["https:\/\/fedemark.ee\/fi\/tuotteet\/suurikantokykyiset-tikkaat\/porraspenkit\/record\/"]}]},{"@type":"ImageObject","inLanguage":"fi-FI","@id":"https:\/\/fedemark.ee\/fi\/tuotteet\/suurikantokykyiset-tikkaat\/porraspenkit\/record\/#primaryimage","url":"https:\/\/fedemark.ee\/wp-content\/uploads\/2017\/06\/record.jpg","contentUrl":"https:\/\/fedemark.ee\/wp-content\/uploads\/2017\/06\/record.jpg","width":800,"height":800},{"@type":"BreadcrumbList","@id":"https:\/\/fedemark.ee\/fi\/tuotteet\/suurikantokykyiset-tikkaat\/porraspenkit\/record\/#breadcrumb","itemListElement":[{"@type":"ListItem","position":1,"name":"Home","item":"https:\/\/fedemark.ee\/fi\/"},{"@type":"ListItem","position":2,"name":"Tuotteet","item":"https:\/\/fedemark.ee\/fi\/tuotteet\/"},{"@type":"ListItem","position":3,"name":"Record"}]},{"@type":"WebSite","@id":"https:\/\/fedemark.ee\/#website","url":"https:\/\/fedemark.ee\/","name":"Fedemark","description":"Redelid, Tellingud, T\u00f6\u00f6platvormid ja vahekorrused","potentialAction":[{"@type":"SearchAction","target":{"@type":"EntryPoint","urlTemplate":"https:\/\/fedemark.ee\/?s={search_term_string}"},"query-input":"required name=search_term_string"}],"inLanguage":"fi-FI"}]}},"_links":{"self":[{"href":"https:\/\/fedemark.ee\/fi\/wp-json\/wp\/v2\/product\/7351"}],"collection":[{"href":"https:\/\/fedemark.ee\/fi\/wp-json\/wp\/v2\/product"}],"about":[{"href":"https:\/\/fedemark.ee\/fi\/wp-json\/wp\/v2\/types\/product"}],"replies":[{"embeddable":true,"href":"https:\/\/fedemark.ee\/fi\/wp-json\/wp\/v2\/comments?post=7351"}],"version-history":[{"count":0,"href":"https:\/\/fedemark.ee\/fi\/wp-json\/wp\/v2\/product\/7351\/revisions"}],"wp:featuredmedia":[{"embeddable":true,"href":"https:\/\/fedemark.ee\/fi\/wp-json\/wp\/v2\/media\/9849"}],"wp:attachment":[{"href":"https:\/\/fedemark.ee\/fi\/wp-json\/wp\/v2\/media?parent=7351"}],"wp:term":[{"taxonomy":"product_cat","embeddable":true,"href":"https:\/\/fedemark.ee\/fi\/wp-json\/wp\/v2\/product_cat?post=7351"},{"taxonomy":"product_tag","embeddable":true,"href":"https:\/\/fedemark.ee\/fi\/wp-json\/wp\/v2\/product_tag?post=7351"}],"curies":[{"name":"wp","href":"https:\/\/api.w.org\/{rel}","templated":true}]}}