{"id":7353,"date":"2017-05-30T13:14:15","date_gmt":"2017-05-30T13:14:15","guid":{"rendered":"https:\/\/sharks.ee\/fedemark\/shop\/uncategorized\/up-and-down-plus\/"},"modified":"2017-10-16T07:32:07","modified_gmt":"2017-10-16T07:32:07","slug":"up-and-down-plus","status":"publish","type":"product","link":"https:\/\/fedemark.ee\/fi\/tuotteet\/suurikantokykyiset-tikkaat\/porraspenkit\/up-and-down-plus\/","title":{"rendered":"Up&#038;Down Plus"},"content":{"rendered":"","protected":false},"excerpt":{"rendered":"<p><strong>Pitk\u00e4ll\u00e4 ty\u00f6tasolla varustetut kaksipuoliset porrastikkaat<\/strong><\/p>\n<p>Alumiininen, kest\u00e4v\u00e4 ty\u00f6taso ammattik\u00e4ytt\u00f6\u00f6n.<br \/>\nValmistettu kevyest\u00e4 alumiiniprofiilista ja eritt\u00e4in helposti koottavissa.<br \/>\nVarustettu lujalla ja mukavalla, isolla ja liukumattomalla puutasolla, joka on maalattu ja suojattu sateelta. Tikkaat voi helposti avata ja sulkea.<br \/>\nSopivat lavastajille, auton runkojen korjaajille, muurareille ja laskettujen kattojen asentajille.<\/p>\n<p>TEKNISET OMINAISUUDET<br \/>\n\u2022 Askelmien v\u00e4linen et\u00e4isyys: 25 cm<br \/>\n\u2022 Liukumattomat 8 cm askelmat, jotka on hitsattu lujasti kehykseen<br \/>\n\u2022 Kantavuus: 150 kg<br \/>\n\u2022 3 mallia: pieni, keskikokoinen, iso<br \/>\n\u2022 Ty\u00f6tason korkeus: 0,30\u22120,87 m<\/p>\n<p>VAKIO-OSAT<br \/>\n\u2022 Varustettu lujalla ja mukavalla, isolla ja liukumattomalla puutasolla, joka on maalattu ja suojattu sateelta.<br \/>\n\u2022 Ontto kehys ja tuet pisimpien askelmien alla<br \/>\n\u2022 Ergonomiset ja vahvistetut liukumattomat kumijalat<br \/>\n\u2022 L\u00e4mp\u00f6kutistuva muovipakkaus kuvineen<br \/>\n\u2022 Kyltti ja kokoamis- ja k\u00e4ytt\u00f6ohje<\/p>\n<p>Lis\u00e4tarvikkeet:<br \/>\n\u2022 Suojakaide<br \/>\n\u2022 2 tai 4 py\u00f6r\u00e4\u00e4<br \/>\n\u2022 Ty\u00f6taso kahden porrastikkaan yhdist\u00e4miseen<br \/>\n\u2022 Eri kokoja<\/p>\n<p><strong>T\u00e4rke\u00e4\u00e4: Eurooppalaisen standardin EN131 mukaan kahdelle viimeiselle askelmalle kiipe\u00e4minen on kielletty\u00e4, jos suojakaidetta ei ole.<\/strong><\/p>\n<p><img loading=\"lazy\" decoding=\"async\" class=\"alignnone size-full wp-image-4155\" src=\"https:\/\/fedemark.ee\/wp-content\/uploads\/2017\/05\/up_and_down_tabel1.jpg\" alt=\"\" width=\"400\" height=\"337\" srcset=\"https:\/\/fedemark.ee\/wp-content\/uploads\/2017\/05\/up_and_down_tabel1.jpg 400w, https:\/\/fedemark.ee\/wp-content\/uploads\/2017\/05\/up_and_down_tabel1-300x253.jpg 300w\" sizes=\"(max-width: 400px) 100vw, 400px\" \/><\/p>\n","protected":false},"featured_media":8989,"comment_status":"open","ping_status":"closed","template":"","meta":{"footnotes":""},"product_cat":[176,205],"product_tag":[],"yoast_head":"<!-- This site is optimized with the Yoast SEO plugin v22.6 - https:\/\/yoast.com\/wordpress\/plugins\/seo\/ -->\n<title>Up&amp;Down Plus - Fedemark<\/title>\n<meta name=\"robots\" content=\"index, follow, max-snippet:-1, max-image-preview:large, max-video-preview:-1\" \/>\n<link rel=\"canonical\" href=\"https:\/\/fedemark.ee\/fi\/tuotteet\/suurikantokykyiset-tikkaat\/porraspenkit\/up-and-down-plus\/\" \/>\n<meta property=\"og:locale\" content=\"fi_FI\" \/>\n<meta property=\"og:type\" content=\"article\" \/>\n<meta property=\"og:title\" content=\"Up&amp;Down Plus - Fedemark\" \/>\n<meta property=\"og:description\" content=\"Pitk\u00e4ll\u00e4 ty\u00f6tasolla varustetut kaksipuoliset porrastikkaat  Alumiininen, kest\u00e4v\u00e4 ty\u00f6taso ammattik\u00e4ytt\u00f6\u00f6n. Valmistettu kevyest\u00e4 alumiiniprofiilista ja eritt\u00e4in helposti koottavissa. Varustettu lujalla ja mukavalla, isolla ja liukumattomalla puutasolla, joka on maalattu ja suojattu sateelta. Tikkaat voi helposti avata ja sulkea. Sopivat lavastajille, auton runkojen korjaajille, muurareille ja laskettujen kattojen asentajille.  TEKNISET OMINAISUUDET \u2022 Askelmien v\u00e4linen et\u00e4isyys: 25 cm \u2022 Liukumattomat 8 cm askelmat, jotka on hitsattu lujasti kehykseen \u2022 Kantavuus: 150 kg \u2022 3 mallia: pieni, keskikokoinen, iso \u2022 Ty\u00f6tason korkeus: 0,30\u22120,87 m  VAKIO-OSAT \u2022 Varustettu lujalla ja mukavalla, isolla ja liukumattomalla puutasolla, joka on maalattu ja suojattu sateelta. \u2022 Ontto kehys ja tuet pisimpien askelmien alla \u2022 Ergonomiset ja vahvistetut liukumattomat kumijalat \u2022 L\u00e4mp\u00f6kutistuva muovipakkaus kuvineen \u2022 Kyltti ja kokoamis- ja k\u00e4ytt\u00f6ohje  Lis\u00e4tarvikkeet: \u2022 Suojakaide \u2022 2 tai 4 py\u00f6r\u00e4\u00e4 \u2022 Ty\u00f6taso kahden porrastikkaan yhdist\u00e4miseen \u2022 Eri kokoja  T\u00e4rke\u00e4\u00e4: Eurooppalaisen standardin EN131 mukaan kahdelle viimeiselle askelmalle kiipe\u00e4minen on kielletty\u00e4, jos suojakaidetta ei ole.\" \/>\n<meta property=\"og:url\" content=\"https:\/\/fedemark.ee\/fi\/tuotteet\/suurikantokykyiset-tikkaat\/porraspenkit\/up-and-down-plus\/\" \/>\n<meta property=\"og:site_name\" content=\"Fedemark\" \/>\n<meta property=\"article:modified_time\" content=\"2017-10-16T07:32:07+00:00\" \/>\n<meta property=\"og:image\" content=\"https:\/\/fedemark.ee\/wp-content\/uploads\/2017\/05\/T\u00f6\u00f6platvorm-Up-Down-mudel-G-1.jpg\" \/>\n\t<meta property=\"og:image:width\" content=\"800\" \/>\n\t<meta property=\"og:image:height\" content=\"800\" \/>\n\t<meta property=\"og:image:type\" content=\"image\/jpeg\" \/>\n<meta name=\"twitter:card\" content=\"summary_large_image\" \/>\n<script type=\"application\/ld+json\" class=\"yoast-schema-graph\">{\"@context\":\"https:\/\/schema.org\",\"@graph\":[{\"@type\":\"WebPage\",\"@id\":\"https:\/\/fedemark.ee\/fi\/tuotteet\/suurikantokykyiset-tikkaat\/porraspenkit\/up-and-down-plus\/\",\"url\":\"https:\/\/fedemark.ee\/fi\/tuotteet\/suurikantokykyiset-tikkaat\/porraspenkit\/up-and-down-plus\/\",\"name\":\"Up&Down Plus - Fedemark\",\"isPartOf\":{\"@id\":\"https:\/\/fedemark.ee\/#website\"},\"primaryImageOfPage\":{\"@id\":\"https:\/\/fedemark.ee\/fi\/tuotteet\/suurikantokykyiset-tikkaat\/porraspenkit\/up-and-down-plus\/#primaryimage\"},\"image\":{\"@id\":\"https:\/\/fedemark.ee\/fi\/tuotteet\/suurikantokykyiset-tikkaat\/porraspenkit\/up-and-down-plus\/#primaryimage\"},\"thumbnailUrl\":\"https:\/\/fedemark.ee\/wp-content\/uploads\/2017\/05\/T\u00f6\u00f6platvorm-Up-Down-mudel-G-1.jpg\",\"datePublished\":\"2017-05-30T13:14:15+00:00\",\"dateModified\":\"2017-10-16T07:32:07+00:00\",\"breadcrumb\":{\"@id\":\"https:\/\/fedemark.ee\/fi\/tuotteet\/suurikantokykyiset-tikkaat\/porraspenkit\/up-and-down-plus\/#breadcrumb\"},\"inLanguage\":\"fi-FI\",\"potentialAction\":[{\"@type\":\"ReadAction\",\"target\":[\"https:\/\/fedemark.ee\/fi\/tuotteet\/suurikantokykyiset-tikkaat\/porraspenkit\/up-and-down-plus\/\"]}]},{\"@type\":\"ImageObject\",\"inLanguage\":\"fi-FI\",\"@id\":\"https:\/\/fedemark.ee\/fi\/tuotteet\/suurikantokykyiset-tikkaat\/porraspenkit\/up-and-down-plus\/#primaryimage\",\"url\":\"https:\/\/fedemark.ee\/wp-content\/uploads\/2017\/05\/T\u00f6\u00f6platvorm-Up-Down-mudel-G-1.jpg\",\"contentUrl\":\"https:\/\/fedemark.ee\/wp-content\/uploads\/2017\/05\/T\u00f6\u00f6platvorm-Up-Down-mudel-G-1.jpg\",\"width\":800,\"height\":800},{\"@type\":\"BreadcrumbList\",\"@id\":\"https:\/\/fedemark.ee\/fi\/tuotteet\/suurikantokykyiset-tikkaat\/porraspenkit\/up-and-down-plus\/#breadcrumb\",\"itemListElement\":[{\"@type\":\"ListItem\",\"position\":1,\"name\":\"Home\",\"item\":\"https:\/\/fedemark.ee\/fi\/\"},{\"@type\":\"ListItem\",\"position\":2,\"name\":\"Tuotteet\",\"item\":\"https:\/\/fedemark.ee\/fi\/tuotteet\/\"},{\"@type\":\"ListItem\",\"position\":3,\"name\":\"Up&#038;Down Plus\"}]},{\"@type\":\"WebSite\",\"@id\":\"https:\/\/fedemark.ee\/#website\",\"url\":\"https:\/\/fedemark.ee\/\",\"name\":\"Fedemark\",\"description\":\"Redelid, Tellingud, T\u00f6\u00f6platvormid ja vahekorrused\",\"potentialAction\":[{\"@type\":\"SearchAction\",\"target\":{\"@type\":\"EntryPoint\",\"urlTemplate\":\"https:\/\/fedemark.ee\/?s={search_term_string}\"},\"query-input\":\"required name=search_term_string\"}],\"inLanguage\":\"fi-FI\"}]}<\/script>\n<!-- \/ Yoast SEO plugin. -->","yoast_head_json":{"title":"Up&Down Plus - Fedemark","robots":{"index":"index","follow":"follow","max-snippet":"max-snippet:-1","max-image-preview":"max-image-preview:large","max-video-preview":"max-video-preview:-1"},"canonical":"https:\/\/fedemark.ee\/fi\/tuotteet\/suurikantokykyiset-tikkaat\/porraspenkit\/up-and-down-plus\/","og_locale":"fi_FI","og_type":"article","og_title":"Up&Down Plus - Fedemark","og_description":"Pitk\u00e4ll\u00e4 ty\u00f6tasolla varustetut kaksipuoliset porrastikkaat  Alumiininen, kest\u00e4v\u00e4 ty\u00f6taso ammattik\u00e4ytt\u00f6\u00f6n. Valmistettu kevyest\u00e4 alumiiniprofiilista ja eritt\u00e4in helposti koottavissa. Varustettu lujalla ja mukavalla, isolla ja liukumattomalla puutasolla, joka on maalattu ja suojattu sateelta. Tikkaat voi helposti avata ja sulkea. Sopivat lavastajille, auton runkojen korjaajille, muurareille ja laskettujen kattojen asentajille.  TEKNISET OMINAISUUDET \u2022 Askelmien v\u00e4linen et\u00e4isyys: 25 cm \u2022 Liukumattomat 8 cm askelmat, jotka on hitsattu lujasti kehykseen \u2022 Kantavuus: 150 kg \u2022 3 mallia: pieni, keskikokoinen, iso \u2022 Ty\u00f6tason korkeus: 0,30\u22120,87 m  VAKIO-OSAT \u2022 Varustettu lujalla ja mukavalla, isolla ja liukumattomalla puutasolla, joka on maalattu ja suojattu sateelta. \u2022 Ontto kehys ja tuet pisimpien askelmien alla \u2022 Ergonomiset ja vahvistetut liukumattomat kumijalat \u2022 L\u00e4mp\u00f6kutistuva muovipakkaus kuvineen \u2022 Kyltti ja kokoamis- ja k\u00e4ytt\u00f6ohje  Lis\u00e4tarvikkeet: \u2022 Suojakaide \u2022 2 tai 4 py\u00f6r\u00e4\u00e4 \u2022 Ty\u00f6taso kahden porrastikkaan yhdist\u00e4miseen \u2022 Eri kokoja  T\u00e4rke\u00e4\u00e4: Eurooppalaisen standardin EN131 mukaan kahdelle viimeiselle askelmalle kiipe\u00e4minen on kielletty\u00e4, jos suojakaidetta ei ole.","og_url":"https:\/\/fedemark.ee\/fi\/tuotteet\/suurikantokykyiset-tikkaat\/porraspenkit\/up-and-down-plus\/","og_site_name":"Fedemark","article_modified_time":"2017-10-16T07:32:07+00:00","og_image":[{"width":800,"height":800,"url":"https:\/\/fedemark.ee\/wp-content\/uploads\/2017\/05\/T\u00f6\u00f6platvorm-Up-Down-mudel-G-1.jpg","type":"image\/jpeg"}],"twitter_card":"summary_large_image","schema":{"@context":"https:\/\/schema.org","@graph":[{"@type":"WebPage","@id":"https:\/\/fedemark.ee\/fi\/tuotteet\/suurikantokykyiset-tikkaat\/porraspenkit\/up-and-down-plus\/","url":"https:\/\/fedemark.ee\/fi\/tuotteet\/suurikantokykyiset-tikkaat\/porraspenkit\/up-and-down-plus\/","name":"Up&Down Plus - Fedemark","isPartOf":{"@id":"https:\/\/fedemark.ee\/#website"},"primaryImageOfPage":{"@id":"https:\/\/fedemark.ee\/fi\/tuotteet\/suurikantokykyiset-tikkaat\/porraspenkit\/up-and-down-plus\/#primaryimage"},"image":{"@id":"https:\/\/fedemark.ee\/fi\/tuotteet\/suurikantokykyiset-tikkaat\/porraspenkit\/up-and-down-plus\/#primaryimage"},"thumbnailUrl":"https:\/\/fedemark.ee\/wp-content\/uploads\/2017\/05\/T\u00f6\u00f6platvorm-Up-Down-mudel-G-1.jpg","datePublished":"2017-05-30T13:14:15+00:00","dateModified":"2017-10-16T07:32:07+00:00","breadcrumb":{"@id":"https:\/\/fedemark.ee\/fi\/tuotteet\/suurikantokykyiset-tikkaat\/porraspenkit\/up-and-down-plus\/#breadcrumb"},"inLanguage":"fi-FI","potentialAction":[{"@type":"ReadAction","target":["https:\/\/fedemark.ee\/fi\/tuotteet\/suurikantokykyiset-tikkaat\/porraspenkit\/up-and-down-plus\/"]}]},{"@type":"ImageObject","inLanguage":"fi-FI","@id":"https:\/\/fedemark.ee\/fi\/tuotteet\/suurikantokykyiset-tikkaat\/porraspenkit\/up-and-down-plus\/#primaryimage","url":"https:\/\/fedemark.ee\/wp-content\/uploads\/2017\/05\/T\u00f6\u00f6platvorm-Up-Down-mudel-G-1.jpg","contentUrl":"https:\/\/fedemark.ee\/wp-content\/uploads\/2017\/05\/T\u00f6\u00f6platvorm-Up-Down-mudel-G-1.jpg","width":800,"height":800},{"@type":"BreadcrumbList","@id":"https:\/\/fedemark.ee\/fi\/tuotteet\/suurikantokykyiset-tikkaat\/porraspenkit\/up-and-down-plus\/#breadcrumb","itemListElement":[{"@type":"ListItem","position":1,"name":"Home","item":"https:\/\/fedemark.ee\/fi\/"},{"@type":"ListItem","position":2,"name":"Tuotteet","item":"https:\/\/fedemark.ee\/fi\/tuotteet\/"},{"@type":"ListItem","position":3,"name":"Up&#038;Down Plus"}]},{"@type":"WebSite","@id":"https:\/\/fedemark.ee\/#website","url":"https:\/\/fedemark.ee\/","name":"Fedemark","description":"Redelid, Tellingud, T\u00f6\u00f6platvormid ja vahekorrused","potentialAction":[{"@type":"SearchAction","target":{"@type":"EntryPoint","urlTemplate":"https:\/\/fedemark.ee\/?s={search_term_string}"},"query-input":"required name=search_term_string"}],"inLanguage":"fi-FI"}]}},"_links":{"self":[{"href":"https:\/\/fedemark.ee\/fi\/wp-json\/wp\/v2\/product\/7353"}],"collection":[{"href":"https:\/\/fedemark.ee\/fi\/wp-json\/wp\/v2\/product"}],"about":[{"href":"https:\/\/fedemark.ee\/fi\/wp-json\/wp\/v2\/types\/product"}],"replies":[{"embeddable":true,"href":"https:\/\/fedemark.ee\/fi\/wp-json\/wp\/v2\/comments?post=7353"}],"version-history":[{"count":0,"href":"https:\/\/fedemark.ee\/fi\/wp-json\/wp\/v2\/product\/7353\/revisions"}],"wp:featuredmedia":[{"embeddable":true,"href":"https:\/\/fedemark.ee\/fi\/wp-json\/wp\/v2\/media\/8989"}],"wp:attachment":[{"href":"https:\/\/fedemark.ee\/fi\/wp-json\/wp\/v2\/media?parent=7353"}],"wp:term":[{"taxonomy":"product_cat","embeddable":true,"href":"https:\/\/fedemark.ee\/fi\/wp-json\/wp\/v2\/product_cat?post=7353"},{"taxonomy":"product_tag","embeddable":true,"href":"https:\/\/fedemark.ee\/fi\/wp-json\/wp\/v2\/product_tag?post=7353"}],"curies":[{"name":"wp","href":"https:\/\/api.w.org\/{rel}","templated":true}]}}