{"id":7357,"date":"2017-06-16T06:12:43","date_gmt":"2017-06-16T06:12:43","guid":{"rendered":"https:\/\/sharks.ee\/fedemark\/shop\/uncategorized\/p1-plus\/"},"modified":"2017-07-25T13:52:43","modified_gmt":"2017-07-25T13:52:43","slug":"p1-plus","status":"publish","type":"product","link":"https:\/\/fedemark.ee\/fi\/tuotteet\/suurikantokykyiset-tikkaat\/porrastikkaat\/p1-plus\/","title":{"rendered":"P1 Plus"},"content":{"rendered":"","protected":false},"excerpt":{"rendered":"<p><em>Eritt\u00e4in isolla ty\u00f6tasolla varustetut kaksipuoliset porrastikkaat.<\/em><\/p>\n<p>Teolliset hitsatusta alumiiniprofiilista valmistetut porrastikkaat, joissa on askelmat molemmilla puolilla, ter\u00e4ssaranat ja ter\u00e4ksiset avautumista \/ sulkeutumista est\u00e4v\u00e4t tangot. Sopivat sijoittelijoille ja lavastajille. N\u00e4m\u00e4 eritt\u00e4in isot porrastikkaat vastaavat eurooppalaista standardia EN131. Eritt\u00e4in iso ylempi ty\u00f6taso takaa parhaan mahdollisen mukavuuden.<\/p>\n<p>TEKNISET OMINAISUUDET<br \/>\n\u2022 Liukumattomat 8 cm askelmat, jotka on lujasti hitsattu kehykseen<br \/>\n\u2022 Askelten v\u00e4linen et\u00e4isyys: 25 cm<br \/>\n\u2022 Puolien m\u00e4\u00e4r\u00e4: 5\u221213<br \/>\n\u2022 Porrastikkaiden korkeus: 1,17\u22123,06 m<\/p>\n<p>VAKIO-OSAT<br \/>\n\u2022\u00a0Eritt\u00e4in iso ty\u00f6taso 35&#215;39 cm<br \/>\n\u2022\u00a0Vahvistetut ja liukumattomat kumijalat (ergonominen rakenne)<br \/>\n\u2022\u00a0Sinkityst\u00e4 ter\u00e4ksest\u00e4 valmistetut avautumista est\u00e4v\u00e4t saranat<br \/>\n\u2022\u00a0Ontto kehys ja tuet pisimpien askelmien alla<br \/>\n\u2022 Kyltti ja kokoamis- ja k\u00e4ytt\u00f6ohje<br \/>\n\u2022 L\u00e4mp\u00f6kutistuva muovipakkaus kuvineen<\/p>\n<p>Huomautus: Eurooppalaisen standardin EN131 mukaan on kahdelle viimeiselle askelmalle kiipe\u00e4minen kielletty\u00e4, jos suojakaidetta ei ole.<\/p>\n<p>Mahdollista tilata:<br \/>\n1. Suojakaidesetti<br \/>\n2. Kaksi tai nelj\u00e4 py\u00f6r\u00e4\u00e4<br \/>\n3. Yksi tai nelj\u00e4 k\u00e4sipuuta<\/p>\n<p>N\u00e4m\u00e4 lis\u00e4tarvikkeet toimitetaan perille settin\u00e4. T\u00e4ll\u00e4 setill\u00e4 tilatuissa porrastikkaissa on kiinnitysrei\u00e4t valmiina. On t\u00e4rke\u00e4\u00e4 tilata lis\u00e4tarvikkeet yhdess\u00e4 tikkaiden kanssa. Jos k\u00e4ytt\u00e4j\u00e4 tilaa lis\u00e4tarvikkeet my\u00f6hemmin, h\u00e4nen tulee itse tehd\u00e4 kiinnitysrei\u00e4t.<\/p>\n<p>Lis\u00e4tarvikkeet sopivat seuraaviin tikkaisiin:<br \/>\nP1- Punto &#8211; Puntoplus &#8211; Puntolarge &#8211; Puntolarge plus &#8211; V6<\/p>\n<p><img loading=\"lazy\" decoding=\"async\" class=\"alignnone wp-image-5317\" src=\"https:\/\/fedemark.ee\/wp-content\/uploads\/2017\/06\/Ikoonid_29-1.jpg\" alt=\"\" width=\"78\" height=\"73\" \/><img loading=\"lazy\" decoding=\"async\" class=\"alignnone wp-image-5261\" src=\"https:\/\/fedemark.ee\/wp-content\/uploads\/2017\/06\/Ikoonid_03.jpg\" alt=\"\" width=\"70\" height=\"71\" srcset=\"https:\/\/fedemark.ee\/wp-content\/uploads\/2017\/06\/Ikoonid_03.jpg 132w, https:\/\/fedemark.ee\/wp-content\/uploads\/2017\/06\/Ikoonid_03-100x100.jpg 100w\" sizes=\"(max-width: 70px) 100vw, 70px\" \/><img loading=\"lazy\" decoding=\"async\" class=\"alignnone wp-image-5333\" src=\"https:\/\/fedemark.ee\/wp-content\/uploads\/2017\/06\/Ikoonid_37.jpg\" alt=\"\" width=\"139\" height=\"62\" \/><img loading=\"lazy\" decoding=\"async\" class=\"alignnone wp-image-5353\" src=\"https:\/\/fedemark.ee\/wp-content\/uploads\/2017\/06\/Ikoonid_50.jpg\" alt=\"\" width=\"60\" height=\"70\" \/><img loading=\"lazy\" decoding=\"async\" class=\"alignnone wp-image-5337\" src=\"https:\/\/fedemark.ee\/wp-content\/uploads\/2017\/06\/Ikoonid_38-Copy.jpg\" alt=\"\" width=\"85\" height=\"81\" \/><\/p>\n<p>&nbsp;<\/p>\n","protected":false},"featured_media":9449,"comment_status":"open","ping_status":"closed","template":"","meta":{"footnotes":""},"product_cat":[188,205],"product_tag":[],"yoast_head":"<!-- This site is optimized with the Yoast SEO plugin v22.6 - https:\/\/yoast.com\/wordpress\/plugins\/seo\/ -->\n<title>P1 Plus - Fedemark<\/title>\n<meta name=\"robots\" content=\"index, follow, max-snippet:-1, max-image-preview:large, max-video-preview:-1\" \/>\n<link rel=\"canonical\" href=\"https:\/\/fedemark.ee\/fi\/tuotteet\/suurikantokykyiset-tikkaat\/porrastikkaat\/p1-plus\/\" \/>\n<meta property=\"og:locale\" content=\"fi_FI\" \/>\n<meta property=\"og:type\" content=\"article\" \/>\n<meta property=\"og:title\" content=\"P1 Plus - Fedemark\" \/>\n<meta property=\"og:description\" content=\"Eritt\u00e4in isolla ty\u00f6tasolla varustetut kaksipuoliset porrastikkaat.  Teolliset hitsatusta alumiiniprofiilista valmistetut porrastikkaat, joissa on askelmat molemmilla puolilla, ter\u00e4ssaranat ja ter\u00e4ksiset avautumista \/ sulkeutumista est\u00e4v\u00e4t tangot. Sopivat sijoittelijoille ja lavastajille. N\u00e4m\u00e4 eritt\u00e4in isot porrastikkaat vastaavat eurooppalaista standardia EN131. Eritt\u00e4in iso ylempi ty\u00f6taso takaa parhaan mahdollisen mukavuuden.  TEKNISET OMINAISUUDET \u2022 Liukumattomat 8 cm askelmat, jotka on lujasti hitsattu kehykseen \u2022 Askelten v\u00e4linen et\u00e4isyys: 25 cm \u2022 Puolien m\u00e4\u00e4r\u00e4: 5\u221213 \u2022 Porrastikkaiden korkeus: 1,17\u22123,06 m  VAKIO-OSAT \u2022\u00a0Eritt\u00e4in iso ty\u00f6taso 35x39 cm \u2022\u00a0Vahvistetut ja liukumattomat kumijalat (ergonominen rakenne) \u2022\u00a0Sinkityst\u00e4 ter\u00e4ksest\u00e4 valmistetut avautumista est\u00e4v\u00e4t saranat \u2022\u00a0Ontto kehys ja tuet pisimpien askelmien alla \u2022 Kyltti ja kokoamis- ja k\u00e4ytt\u00f6ohje \u2022 L\u00e4mp\u00f6kutistuva muovipakkaus kuvineen  Huomautus: Eurooppalaisen standardin EN131 mukaan on kahdelle viimeiselle askelmalle kiipe\u00e4minen kielletty\u00e4, jos suojakaidetta ei ole.  Mahdollista tilata: 1. Suojakaidesetti 2. Kaksi tai nelj\u00e4 py\u00f6r\u00e4\u00e4 3. Yksi tai nelj\u00e4 k\u00e4sipuuta  N\u00e4m\u00e4 lis\u00e4tarvikkeet toimitetaan perille settin\u00e4. T\u00e4ll\u00e4 setill\u00e4 tilatuissa porrastikkaissa on kiinnitysrei\u00e4t valmiina. On t\u00e4rke\u00e4\u00e4 tilata lis\u00e4tarvikkeet yhdess\u00e4 tikkaiden kanssa. Jos k\u00e4ytt\u00e4j\u00e4 tilaa lis\u00e4tarvikkeet my\u00f6hemmin, h\u00e4nen tulee itse tehd\u00e4 kiinnitysrei\u00e4t.  Lis\u00e4tarvikkeet sopivat seuraaviin tikkaisiin: P1- Punto - Puntoplus - Puntolarge - Puntolarge plus - V6    &nbsp;\" \/>\n<meta property=\"og:url\" content=\"https:\/\/fedemark.ee\/fi\/tuotteet\/suurikantokykyiset-tikkaat\/porrastikkaat\/p1-plus\/\" \/>\n<meta property=\"og:site_name\" content=\"Fedemark\" \/>\n<meta property=\"article:modified_time\" content=\"2017-07-25T13:52:43+00:00\" \/>\n<meta property=\"og:image\" content=\"https:\/\/fedemark.ee\/wp-content\/uploads\/2017\/06\/P1-plus-2.jpg\" \/>\n\t<meta property=\"og:image:width\" content=\"800\" \/>\n\t<meta property=\"og:image:height\" content=\"800\" \/>\n\t<meta property=\"og:image:type\" content=\"image\/jpeg\" \/>\n<meta name=\"twitter:card\" content=\"summary_large_image\" \/>\n<script type=\"application\/ld+json\" class=\"yoast-schema-graph\">{\"@context\":\"https:\/\/schema.org\",\"@graph\":[{\"@type\":\"WebPage\",\"@id\":\"https:\/\/fedemark.ee\/fi\/tuotteet\/suurikantokykyiset-tikkaat\/porrastikkaat\/p1-plus\/\",\"url\":\"https:\/\/fedemark.ee\/fi\/tuotteet\/suurikantokykyiset-tikkaat\/porrastikkaat\/p1-plus\/\",\"name\":\"P1 Plus - Fedemark\",\"isPartOf\":{\"@id\":\"https:\/\/fedemark.ee\/#website\"},\"primaryImageOfPage\":{\"@id\":\"https:\/\/fedemark.ee\/fi\/tuotteet\/suurikantokykyiset-tikkaat\/porrastikkaat\/p1-plus\/#primaryimage\"},\"image\":{\"@id\":\"https:\/\/fedemark.ee\/fi\/tuotteet\/suurikantokykyiset-tikkaat\/porrastikkaat\/p1-plus\/#primaryimage\"},\"thumbnailUrl\":\"https:\/\/fedemark.ee\/wp-content\/uploads\/2017\/06\/P1-plus-2.jpg\",\"datePublished\":\"2017-06-16T06:12:43+00:00\",\"dateModified\":\"2017-07-25T13:52:43+00:00\",\"breadcrumb\":{\"@id\":\"https:\/\/fedemark.ee\/fi\/tuotteet\/suurikantokykyiset-tikkaat\/porrastikkaat\/p1-plus\/#breadcrumb\"},\"inLanguage\":\"fi-FI\",\"potentialAction\":[{\"@type\":\"ReadAction\",\"target\":[\"https:\/\/fedemark.ee\/fi\/tuotteet\/suurikantokykyiset-tikkaat\/porrastikkaat\/p1-plus\/\"]}]},{\"@type\":\"ImageObject\",\"inLanguage\":\"fi-FI\",\"@id\":\"https:\/\/fedemark.ee\/fi\/tuotteet\/suurikantokykyiset-tikkaat\/porrastikkaat\/p1-plus\/#primaryimage\",\"url\":\"https:\/\/fedemark.ee\/wp-content\/uploads\/2017\/06\/P1-plus-2.jpg\",\"contentUrl\":\"https:\/\/fedemark.ee\/wp-content\/uploads\/2017\/06\/P1-plus-2.jpg\",\"width\":800,\"height\":800},{\"@type\":\"BreadcrumbList\",\"@id\":\"https:\/\/fedemark.ee\/fi\/tuotteet\/suurikantokykyiset-tikkaat\/porrastikkaat\/p1-plus\/#breadcrumb\",\"itemListElement\":[{\"@type\":\"ListItem\",\"position\":1,\"name\":\"Home\",\"item\":\"https:\/\/fedemark.ee\/fi\/\"},{\"@type\":\"ListItem\",\"position\":2,\"name\":\"Tuotteet\",\"item\":\"https:\/\/fedemark.ee\/fi\/tuotteet\/\"},{\"@type\":\"ListItem\",\"position\":3,\"name\":\"P1 Plus\"}]},{\"@type\":\"WebSite\",\"@id\":\"https:\/\/fedemark.ee\/#website\",\"url\":\"https:\/\/fedemark.ee\/\",\"name\":\"Fedemark\",\"description\":\"Redelid, Tellingud, T\u00f6\u00f6platvormid ja vahekorrused\",\"potentialAction\":[{\"@type\":\"SearchAction\",\"target\":{\"@type\":\"EntryPoint\",\"urlTemplate\":\"https:\/\/fedemark.ee\/?s={search_term_string}\"},\"query-input\":\"required name=search_term_string\"}],\"inLanguage\":\"fi-FI\"}]}<\/script>\n<!-- \/ Yoast SEO plugin. -->","yoast_head_json":{"title":"P1 Plus - Fedemark","robots":{"index":"index","follow":"follow","max-snippet":"max-snippet:-1","max-image-preview":"max-image-preview:large","max-video-preview":"max-video-preview:-1"},"canonical":"https:\/\/fedemark.ee\/fi\/tuotteet\/suurikantokykyiset-tikkaat\/porrastikkaat\/p1-plus\/","og_locale":"fi_FI","og_type":"article","og_title":"P1 Plus - Fedemark","og_description":"Eritt\u00e4in isolla ty\u00f6tasolla varustetut kaksipuoliset porrastikkaat.  Teolliset hitsatusta alumiiniprofiilista valmistetut porrastikkaat, joissa on askelmat molemmilla puolilla, ter\u00e4ssaranat ja ter\u00e4ksiset avautumista \/ sulkeutumista est\u00e4v\u00e4t tangot. Sopivat sijoittelijoille ja lavastajille. N\u00e4m\u00e4 eritt\u00e4in isot porrastikkaat vastaavat eurooppalaista standardia EN131. Eritt\u00e4in iso ylempi ty\u00f6taso takaa parhaan mahdollisen mukavuuden.  TEKNISET OMINAISUUDET \u2022 Liukumattomat 8 cm askelmat, jotka on lujasti hitsattu kehykseen \u2022 Askelten v\u00e4linen et\u00e4isyys: 25 cm \u2022 Puolien m\u00e4\u00e4r\u00e4: 5\u221213 \u2022 Porrastikkaiden korkeus: 1,17\u22123,06 m  VAKIO-OSAT \u2022\u00a0Eritt\u00e4in iso ty\u00f6taso 35x39 cm \u2022\u00a0Vahvistetut ja liukumattomat kumijalat (ergonominen rakenne) \u2022\u00a0Sinkityst\u00e4 ter\u00e4ksest\u00e4 valmistetut avautumista est\u00e4v\u00e4t saranat \u2022\u00a0Ontto kehys ja tuet pisimpien askelmien alla \u2022 Kyltti ja kokoamis- ja k\u00e4ytt\u00f6ohje \u2022 L\u00e4mp\u00f6kutistuva muovipakkaus kuvineen  Huomautus: Eurooppalaisen standardin EN131 mukaan on kahdelle viimeiselle askelmalle kiipe\u00e4minen kielletty\u00e4, jos suojakaidetta ei ole.  Mahdollista tilata: 1. Suojakaidesetti 2. Kaksi tai nelj\u00e4 py\u00f6r\u00e4\u00e4 3. Yksi tai nelj\u00e4 k\u00e4sipuuta  N\u00e4m\u00e4 lis\u00e4tarvikkeet toimitetaan perille settin\u00e4. T\u00e4ll\u00e4 setill\u00e4 tilatuissa porrastikkaissa on kiinnitysrei\u00e4t valmiina. On t\u00e4rke\u00e4\u00e4 tilata lis\u00e4tarvikkeet yhdess\u00e4 tikkaiden kanssa. Jos k\u00e4ytt\u00e4j\u00e4 tilaa lis\u00e4tarvikkeet my\u00f6hemmin, h\u00e4nen tulee itse tehd\u00e4 kiinnitysrei\u00e4t.  Lis\u00e4tarvikkeet sopivat seuraaviin tikkaisiin: P1- Punto - Puntoplus - Puntolarge - Puntolarge plus - V6    &nbsp;","og_url":"https:\/\/fedemark.ee\/fi\/tuotteet\/suurikantokykyiset-tikkaat\/porrastikkaat\/p1-plus\/","og_site_name":"Fedemark","article_modified_time":"2017-07-25T13:52:43+00:00","og_image":[{"width":800,"height":800,"url":"https:\/\/fedemark.ee\/wp-content\/uploads\/2017\/06\/P1-plus-2.jpg","type":"image\/jpeg"}],"twitter_card":"summary_large_image","schema":{"@context":"https:\/\/schema.org","@graph":[{"@type":"WebPage","@id":"https:\/\/fedemark.ee\/fi\/tuotteet\/suurikantokykyiset-tikkaat\/porrastikkaat\/p1-plus\/","url":"https:\/\/fedemark.ee\/fi\/tuotteet\/suurikantokykyiset-tikkaat\/porrastikkaat\/p1-plus\/","name":"P1 Plus - Fedemark","isPartOf":{"@id":"https:\/\/fedemark.ee\/#website"},"primaryImageOfPage":{"@id":"https:\/\/fedemark.ee\/fi\/tuotteet\/suurikantokykyiset-tikkaat\/porrastikkaat\/p1-plus\/#primaryimage"},"image":{"@id":"https:\/\/fedemark.ee\/fi\/tuotteet\/suurikantokykyiset-tikkaat\/porrastikkaat\/p1-plus\/#primaryimage"},"thumbnailUrl":"https:\/\/fedemark.ee\/wp-content\/uploads\/2017\/06\/P1-plus-2.jpg","datePublished":"2017-06-16T06:12:43+00:00","dateModified":"2017-07-25T13:52:43+00:00","breadcrumb":{"@id":"https:\/\/fedemark.ee\/fi\/tuotteet\/suurikantokykyiset-tikkaat\/porrastikkaat\/p1-plus\/#breadcrumb"},"inLanguage":"fi-FI","potentialAction":[{"@type":"ReadAction","target":["https:\/\/fedemark.ee\/fi\/tuotteet\/suurikantokykyiset-tikkaat\/porrastikkaat\/p1-plus\/"]}]},{"@type":"ImageObject","inLanguage":"fi-FI","@id":"https:\/\/fedemark.ee\/fi\/tuotteet\/suurikantokykyiset-tikkaat\/porrastikkaat\/p1-plus\/#primaryimage","url":"https:\/\/fedemark.ee\/wp-content\/uploads\/2017\/06\/P1-plus-2.jpg","contentUrl":"https:\/\/fedemark.ee\/wp-content\/uploads\/2017\/06\/P1-plus-2.jpg","width":800,"height":800},{"@type":"BreadcrumbList","@id":"https:\/\/fedemark.ee\/fi\/tuotteet\/suurikantokykyiset-tikkaat\/porrastikkaat\/p1-plus\/#breadcrumb","itemListElement":[{"@type":"ListItem","position":1,"name":"Home","item":"https:\/\/fedemark.ee\/fi\/"},{"@type":"ListItem","position":2,"name":"Tuotteet","item":"https:\/\/fedemark.ee\/fi\/tuotteet\/"},{"@type":"ListItem","position":3,"name":"P1 Plus"}]},{"@type":"WebSite","@id":"https:\/\/fedemark.ee\/#website","url":"https:\/\/fedemark.ee\/","name":"Fedemark","description":"Redelid, Tellingud, T\u00f6\u00f6platvormid ja vahekorrused","potentialAction":[{"@type":"SearchAction","target":{"@type":"EntryPoint","urlTemplate":"https:\/\/fedemark.ee\/?s={search_term_string}"},"query-input":"required name=search_term_string"}],"inLanguage":"fi-FI"}]}},"_links":{"self":[{"href":"https:\/\/fedemark.ee\/fi\/wp-json\/wp\/v2\/product\/7357"}],"collection":[{"href":"https:\/\/fedemark.ee\/fi\/wp-json\/wp\/v2\/product"}],"about":[{"href":"https:\/\/fedemark.ee\/fi\/wp-json\/wp\/v2\/types\/product"}],"replies":[{"embeddable":true,"href":"https:\/\/fedemark.ee\/fi\/wp-json\/wp\/v2\/comments?post=7357"}],"version-history":[{"count":0,"href":"https:\/\/fedemark.ee\/fi\/wp-json\/wp\/v2\/product\/7357\/revisions"}],"wp:featuredmedia":[{"embeddable":true,"href":"https:\/\/fedemark.ee\/fi\/wp-json\/wp\/v2\/media\/9449"}],"wp:attachment":[{"href":"https:\/\/fedemark.ee\/fi\/wp-json\/wp\/v2\/media?parent=7357"}],"wp:term":[{"taxonomy":"product_cat","embeddable":true,"href":"https:\/\/fedemark.ee\/fi\/wp-json\/wp\/v2\/product_cat?post=7357"},{"taxonomy":"product_tag","embeddable":true,"href":"https:\/\/fedemark.ee\/fi\/wp-json\/wp\/v2\/product_tag?post=7357"}],"curies":[{"name":"wp","href":"https:\/\/api.w.org\/{rel}","templated":true}]}}