{"id":7358,"date":"2017-06-16T05:45:15","date_gmt":"2017-06-16T05:45:15","guid":{"rendered":"https:\/\/sharks.ee\/fedemark\/shop\/uncategorized\/p1\/"},"modified":"2017-07-25T13:53:31","modified_gmt":"2017-07-25T13:53:31","slug":"p1","status":"publish","type":"product","link":"https:\/\/fedemark.ee\/fi\/tuotteet\/suurikantokykyiset-tikkaat\/porrastikkaat\/p1\/","title":{"rendered":"P1"},"content":{"rendered":"","protected":false},"excerpt":{"rendered":"<p><em>Kaksipuoliset porrastikkaat<\/em><\/p>\n<p>Hitsatusta alumiinista valmistetut, latteilla askelmilla varustetut kest\u00e4v\u00e4t porrastikkaat. Sopivat erityisen hyvin sijoittelijoille ja lavastajille. Varustetut vahvistetuilla liukumattomilla kumijaloilla. Pisimm\u00e4t askelmat on vahvistettu alumiinitangoilla.<\/p>\n<p>TEKNISET OMINAISUUDET<br \/>\n\u2022 Askelmien v\u00e4linen et\u00e4isyys: 25 cm<br \/>\n\u2022 Liukumattomat askelmat: 8 cm<br \/>\n\u2022 Kantavuus: 150 kg<br \/>\n\u2022 Puolien m\u00e4\u00e4r\u00e4: 5\u221213<br \/>\n\u2022 Porrastikkaiden korkeus: 1,17\u22123,06 m<\/p>\n<p>STANDARDOSAD<br \/>\n\u2022 Avautumista est\u00e4v\u00e4t saranat ja hihnat<br \/>\n\u2022 Vahvistetut ja liukumattomat kumijalat<br \/>\n\u2022 Kyltti ja kokoamis- ja k\u00e4ytt\u00f6ohje<br \/>\n\u2022 L\u00e4mp\u00f6kutistuva muovipakkaus kuvineen<\/p>\n<p>Huomautus: Eurooppalaisen standardin EN131 mukaan on kahdelle viimeiselle askelmalle kiipe\u00e4minen kielletty\u00e4, jos suojakaidetta ei ole.<\/p>\n<p>Ty\u00f6taso luetaan askelmien m\u00e4\u00e4r\u00e4n joukkoon.<\/p>\n<p>Mahdollista tilata:<br \/>\n1. Suojakaidesetti<br \/>\n2. Kaksi tai nelj\u00e4 py\u00f6r\u00e4\u00e4<br \/>\n3. Yksi tai nelj\u00e4 k\u00e4sipuuta<br \/>\n4. Sinkityst\u00e4 ter\u00e4ksest\u00e4 valmistetut j\u00e4yk\u00e4t avautumista \/ sulkeutumista est\u00e4v\u00e4t tangot<\/p>\n<p>N\u00e4m\u00e4 lis\u00e4tarvikkeet toimitetaan perille settin\u00e4. T\u00e4ll\u00e4 setill\u00e4 tilatuissa porrastikkaissa on kiinnitysrei\u00e4t valmiina. On t\u00e4rke\u00e4\u00e4 tilata lis\u00e4tarvikkeet yhdess\u00e4 tikkaiden kanssa. Jos k\u00e4ytt\u00e4j\u00e4 tilaa lis\u00e4tarvikkeet my\u00f6hemmin, h\u00e4nen tulee itse tehd\u00e4 kiinnitysrei\u00e4t.<\/p>\n<p>Lis\u00e4tarvikkeet sopivat seuraaviin tikkaisiin:<br \/>\nP1plus &#8211; Punto &#8211; Puntoplus &#8211; Puntolarge &#8211; Puntolarge plus &#8211; V6<\/p>\n<p><img loading=\"lazy\" decoding=\"async\" class=\"alignnone wp-image-5253\" src=\"https:\/\/fedemark.ee\/wp-content\/uploads\/2017\/06\/Ikoonid_29.jpg\" alt=\"\" width=\"77\" height=\"72\" \/><img loading=\"lazy\" decoding=\"async\" class=\"alignnone wp-image-5257\" src=\"https:\/\/fedemark.ee\/wp-content\/uploads\/2017\/06\/Ikoonid_03-Copy.jpg\" alt=\"\" width=\"70\" height=\"70\" srcset=\"https:\/\/fedemark.ee\/wp-content\/uploads\/2017\/06\/Ikoonid_03-Copy.jpg 132w, https:\/\/fedemark.ee\/wp-content\/uploads\/2017\/06\/Ikoonid_03-Copy-100x100.jpg 100w\" sizes=\"(max-width: 70px) 100vw, 70px\" \/><img loading=\"lazy\" decoding=\"async\" class=\"alignnone wp-image-5353\" src=\"https:\/\/fedemark.ee\/wp-content\/uploads\/2017\/06\/Ikoonid_50.jpg\" alt=\"\" width=\"58\" height=\"69\" \/><img loading=\"lazy\" decoding=\"async\" class=\"alignnone wp-image-5337\" src=\"https:\/\/fedemark.ee\/wp-content\/uploads\/2017\/06\/Ikoonid_38-Copy.jpg\" alt=\"\" width=\"79\" height=\"75\" \/><\/p>\n","protected":false},"featured_media":9440,"comment_status":"open","ping_status":"closed","template":"","meta":{"footnotes":""},"product_cat":[188,205],"product_tag":[],"yoast_head":"<!-- This site is optimized with the Yoast SEO plugin v22.6 - https:\/\/yoast.com\/wordpress\/plugins\/seo\/ -->\n<title>P1 - Fedemark<\/title>\n<meta name=\"robots\" content=\"index, follow, max-snippet:-1, max-image-preview:large, max-video-preview:-1\" \/>\n<link rel=\"canonical\" href=\"https:\/\/fedemark.ee\/fi\/tuotteet\/suurikantokykyiset-tikkaat\/porrastikkaat\/p1\/\" \/>\n<meta property=\"og:locale\" content=\"fi_FI\" \/>\n<meta property=\"og:type\" content=\"article\" \/>\n<meta property=\"og:title\" content=\"P1 - Fedemark\" \/>\n<meta property=\"og:description\" content=\"Kaksipuoliset porrastikkaat  Hitsatusta alumiinista valmistetut, latteilla askelmilla varustetut kest\u00e4v\u00e4t porrastikkaat. Sopivat erityisen hyvin sijoittelijoille ja lavastajille. Varustetut vahvistetuilla liukumattomilla kumijaloilla. Pisimm\u00e4t askelmat on vahvistettu alumiinitangoilla.  TEKNISET OMINAISUUDET \u2022 Askelmien v\u00e4linen et\u00e4isyys: 25 cm \u2022 Liukumattomat askelmat: 8 cm \u2022 Kantavuus: 150 kg \u2022 Puolien m\u00e4\u00e4r\u00e4: 5\u221213 \u2022 Porrastikkaiden korkeus: 1,17\u22123,06 m  STANDARDOSAD \u2022 Avautumista est\u00e4v\u00e4t saranat ja hihnat \u2022 Vahvistetut ja liukumattomat kumijalat \u2022 Kyltti ja kokoamis- ja k\u00e4ytt\u00f6ohje \u2022 L\u00e4mp\u00f6kutistuva muovipakkaus kuvineen  Huomautus: Eurooppalaisen standardin EN131 mukaan on kahdelle viimeiselle askelmalle kiipe\u00e4minen kielletty\u00e4, jos suojakaidetta ei ole.  Ty\u00f6taso luetaan askelmien m\u00e4\u00e4r\u00e4n joukkoon.  Mahdollista tilata: 1. Suojakaidesetti 2. Kaksi tai nelj\u00e4 py\u00f6r\u00e4\u00e4 3. Yksi tai nelj\u00e4 k\u00e4sipuuta 4. Sinkityst\u00e4 ter\u00e4ksest\u00e4 valmistetut j\u00e4yk\u00e4t avautumista \/ sulkeutumista est\u00e4v\u00e4t tangot  N\u00e4m\u00e4 lis\u00e4tarvikkeet toimitetaan perille settin\u00e4. T\u00e4ll\u00e4 setill\u00e4 tilatuissa porrastikkaissa on kiinnitysrei\u00e4t valmiina. On t\u00e4rke\u00e4\u00e4 tilata lis\u00e4tarvikkeet yhdess\u00e4 tikkaiden kanssa. Jos k\u00e4ytt\u00e4j\u00e4 tilaa lis\u00e4tarvikkeet my\u00f6hemmin, h\u00e4nen tulee itse tehd\u00e4 kiinnitysrei\u00e4t.  Lis\u00e4tarvikkeet sopivat seuraaviin tikkaisiin: P1plus - Punto - Puntoplus - Puntolarge - Puntolarge plus - V6\" \/>\n<meta property=\"og:url\" content=\"https:\/\/fedemark.ee\/fi\/tuotteet\/suurikantokykyiset-tikkaat\/porrastikkaat\/p1\/\" \/>\n<meta property=\"og:site_name\" content=\"Fedemark\" \/>\n<meta property=\"article:modified_time\" content=\"2017-07-25T13:53:31+00:00\" \/>\n<meta property=\"og:image\" content=\"https:\/\/fedemark.ee\/wp-content\/uploads\/2017\/06\/p1-1-1.jpg\" \/>\n\t<meta property=\"og:image:width\" content=\"800\" \/>\n\t<meta property=\"og:image:height\" content=\"800\" \/>\n\t<meta property=\"og:image:type\" content=\"image\/jpeg\" \/>\n<meta name=\"twitter:card\" content=\"summary_large_image\" \/>\n<script type=\"application\/ld+json\" class=\"yoast-schema-graph\">{\"@context\":\"https:\/\/schema.org\",\"@graph\":[{\"@type\":\"WebPage\",\"@id\":\"https:\/\/fedemark.ee\/fi\/tuotteet\/suurikantokykyiset-tikkaat\/porrastikkaat\/p1\/\",\"url\":\"https:\/\/fedemark.ee\/fi\/tuotteet\/suurikantokykyiset-tikkaat\/porrastikkaat\/p1\/\",\"name\":\"P1 - Fedemark\",\"isPartOf\":{\"@id\":\"https:\/\/fedemark.ee\/#website\"},\"primaryImageOfPage\":{\"@id\":\"https:\/\/fedemark.ee\/fi\/tuotteet\/suurikantokykyiset-tikkaat\/porrastikkaat\/p1\/#primaryimage\"},\"image\":{\"@id\":\"https:\/\/fedemark.ee\/fi\/tuotteet\/suurikantokykyiset-tikkaat\/porrastikkaat\/p1\/#primaryimage\"},\"thumbnailUrl\":\"https:\/\/fedemark.ee\/wp-content\/uploads\/2017\/06\/p1-1-1.jpg\",\"datePublished\":\"2017-06-16T05:45:15+00:00\",\"dateModified\":\"2017-07-25T13:53:31+00:00\",\"breadcrumb\":{\"@id\":\"https:\/\/fedemark.ee\/fi\/tuotteet\/suurikantokykyiset-tikkaat\/porrastikkaat\/p1\/#breadcrumb\"},\"inLanguage\":\"fi-FI\",\"potentialAction\":[{\"@type\":\"ReadAction\",\"target\":[\"https:\/\/fedemark.ee\/fi\/tuotteet\/suurikantokykyiset-tikkaat\/porrastikkaat\/p1\/\"]}]},{\"@type\":\"ImageObject\",\"inLanguage\":\"fi-FI\",\"@id\":\"https:\/\/fedemark.ee\/fi\/tuotteet\/suurikantokykyiset-tikkaat\/porrastikkaat\/p1\/#primaryimage\",\"url\":\"https:\/\/fedemark.ee\/wp-content\/uploads\/2017\/06\/p1-1-1.jpg\",\"contentUrl\":\"https:\/\/fedemark.ee\/wp-content\/uploads\/2017\/06\/p1-1-1.jpg\",\"width\":800,\"height\":800},{\"@type\":\"BreadcrumbList\",\"@id\":\"https:\/\/fedemark.ee\/fi\/tuotteet\/suurikantokykyiset-tikkaat\/porrastikkaat\/p1\/#breadcrumb\",\"itemListElement\":[{\"@type\":\"ListItem\",\"position\":1,\"name\":\"Home\",\"item\":\"https:\/\/fedemark.ee\/fi\/\"},{\"@type\":\"ListItem\",\"position\":2,\"name\":\"Tuotteet\",\"item\":\"https:\/\/fedemark.ee\/fi\/tuotteet\/\"},{\"@type\":\"ListItem\",\"position\":3,\"name\":\"P1\"}]},{\"@type\":\"WebSite\",\"@id\":\"https:\/\/fedemark.ee\/#website\",\"url\":\"https:\/\/fedemark.ee\/\",\"name\":\"Fedemark\",\"description\":\"Redelid, Tellingud, T\u00f6\u00f6platvormid ja vahekorrused\",\"potentialAction\":[{\"@type\":\"SearchAction\",\"target\":{\"@type\":\"EntryPoint\",\"urlTemplate\":\"https:\/\/fedemark.ee\/?s={search_term_string}\"},\"query-input\":\"required name=search_term_string\"}],\"inLanguage\":\"fi-FI\"}]}<\/script>\n<!-- \/ Yoast SEO plugin. -->","yoast_head_json":{"title":"P1 - Fedemark","robots":{"index":"index","follow":"follow","max-snippet":"max-snippet:-1","max-image-preview":"max-image-preview:large","max-video-preview":"max-video-preview:-1"},"canonical":"https:\/\/fedemark.ee\/fi\/tuotteet\/suurikantokykyiset-tikkaat\/porrastikkaat\/p1\/","og_locale":"fi_FI","og_type":"article","og_title":"P1 - Fedemark","og_description":"Kaksipuoliset porrastikkaat  Hitsatusta alumiinista valmistetut, latteilla askelmilla varustetut kest\u00e4v\u00e4t porrastikkaat. Sopivat erityisen hyvin sijoittelijoille ja lavastajille. Varustetut vahvistetuilla liukumattomilla kumijaloilla. Pisimm\u00e4t askelmat on vahvistettu alumiinitangoilla.  TEKNISET OMINAISUUDET \u2022 Askelmien v\u00e4linen et\u00e4isyys: 25 cm \u2022 Liukumattomat askelmat: 8 cm \u2022 Kantavuus: 150 kg \u2022 Puolien m\u00e4\u00e4r\u00e4: 5\u221213 \u2022 Porrastikkaiden korkeus: 1,17\u22123,06 m  STANDARDOSAD \u2022 Avautumista est\u00e4v\u00e4t saranat ja hihnat \u2022 Vahvistetut ja liukumattomat kumijalat \u2022 Kyltti ja kokoamis- ja k\u00e4ytt\u00f6ohje \u2022 L\u00e4mp\u00f6kutistuva muovipakkaus kuvineen  Huomautus: Eurooppalaisen standardin EN131 mukaan on kahdelle viimeiselle askelmalle kiipe\u00e4minen kielletty\u00e4, jos suojakaidetta ei ole.  Ty\u00f6taso luetaan askelmien m\u00e4\u00e4r\u00e4n joukkoon.  Mahdollista tilata: 1. Suojakaidesetti 2. Kaksi tai nelj\u00e4 py\u00f6r\u00e4\u00e4 3. Yksi tai nelj\u00e4 k\u00e4sipuuta 4. Sinkityst\u00e4 ter\u00e4ksest\u00e4 valmistetut j\u00e4yk\u00e4t avautumista \/ sulkeutumista est\u00e4v\u00e4t tangot  N\u00e4m\u00e4 lis\u00e4tarvikkeet toimitetaan perille settin\u00e4. T\u00e4ll\u00e4 setill\u00e4 tilatuissa porrastikkaissa on kiinnitysrei\u00e4t valmiina. On t\u00e4rke\u00e4\u00e4 tilata lis\u00e4tarvikkeet yhdess\u00e4 tikkaiden kanssa. Jos k\u00e4ytt\u00e4j\u00e4 tilaa lis\u00e4tarvikkeet my\u00f6hemmin, h\u00e4nen tulee itse tehd\u00e4 kiinnitysrei\u00e4t.  Lis\u00e4tarvikkeet sopivat seuraaviin tikkaisiin: P1plus - Punto - Puntoplus - Puntolarge - Puntolarge plus - V6","og_url":"https:\/\/fedemark.ee\/fi\/tuotteet\/suurikantokykyiset-tikkaat\/porrastikkaat\/p1\/","og_site_name":"Fedemark","article_modified_time":"2017-07-25T13:53:31+00:00","og_image":[{"width":800,"height":800,"url":"https:\/\/fedemark.ee\/wp-content\/uploads\/2017\/06\/p1-1-1.jpg","type":"image\/jpeg"}],"twitter_card":"summary_large_image","schema":{"@context":"https:\/\/schema.org","@graph":[{"@type":"WebPage","@id":"https:\/\/fedemark.ee\/fi\/tuotteet\/suurikantokykyiset-tikkaat\/porrastikkaat\/p1\/","url":"https:\/\/fedemark.ee\/fi\/tuotteet\/suurikantokykyiset-tikkaat\/porrastikkaat\/p1\/","name":"P1 - Fedemark","isPartOf":{"@id":"https:\/\/fedemark.ee\/#website"},"primaryImageOfPage":{"@id":"https:\/\/fedemark.ee\/fi\/tuotteet\/suurikantokykyiset-tikkaat\/porrastikkaat\/p1\/#primaryimage"},"image":{"@id":"https:\/\/fedemark.ee\/fi\/tuotteet\/suurikantokykyiset-tikkaat\/porrastikkaat\/p1\/#primaryimage"},"thumbnailUrl":"https:\/\/fedemark.ee\/wp-content\/uploads\/2017\/06\/p1-1-1.jpg","datePublished":"2017-06-16T05:45:15+00:00","dateModified":"2017-07-25T13:53:31+00:00","breadcrumb":{"@id":"https:\/\/fedemark.ee\/fi\/tuotteet\/suurikantokykyiset-tikkaat\/porrastikkaat\/p1\/#breadcrumb"},"inLanguage":"fi-FI","potentialAction":[{"@type":"ReadAction","target":["https:\/\/fedemark.ee\/fi\/tuotteet\/suurikantokykyiset-tikkaat\/porrastikkaat\/p1\/"]}]},{"@type":"ImageObject","inLanguage":"fi-FI","@id":"https:\/\/fedemark.ee\/fi\/tuotteet\/suurikantokykyiset-tikkaat\/porrastikkaat\/p1\/#primaryimage","url":"https:\/\/fedemark.ee\/wp-content\/uploads\/2017\/06\/p1-1-1.jpg","contentUrl":"https:\/\/fedemark.ee\/wp-content\/uploads\/2017\/06\/p1-1-1.jpg","width":800,"height":800},{"@type":"BreadcrumbList","@id":"https:\/\/fedemark.ee\/fi\/tuotteet\/suurikantokykyiset-tikkaat\/porrastikkaat\/p1\/#breadcrumb","itemListElement":[{"@type":"ListItem","position":1,"name":"Home","item":"https:\/\/fedemark.ee\/fi\/"},{"@type":"ListItem","position":2,"name":"Tuotteet","item":"https:\/\/fedemark.ee\/fi\/tuotteet\/"},{"@type":"ListItem","position":3,"name":"P1"}]},{"@type":"WebSite","@id":"https:\/\/fedemark.ee\/#website","url":"https:\/\/fedemark.ee\/","name":"Fedemark","description":"Redelid, Tellingud, T\u00f6\u00f6platvormid ja vahekorrused","potentialAction":[{"@type":"SearchAction","target":{"@type":"EntryPoint","urlTemplate":"https:\/\/fedemark.ee\/?s={search_term_string}"},"query-input":"required name=search_term_string"}],"inLanguage":"fi-FI"}]}},"_links":{"self":[{"href":"https:\/\/fedemark.ee\/fi\/wp-json\/wp\/v2\/product\/7358"}],"collection":[{"href":"https:\/\/fedemark.ee\/fi\/wp-json\/wp\/v2\/product"}],"about":[{"href":"https:\/\/fedemark.ee\/fi\/wp-json\/wp\/v2\/types\/product"}],"replies":[{"embeddable":true,"href":"https:\/\/fedemark.ee\/fi\/wp-json\/wp\/v2\/comments?post=7358"}],"version-history":[{"count":0,"href":"https:\/\/fedemark.ee\/fi\/wp-json\/wp\/v2\/product\/7358\/revisions"}],"wp:featuredmedia":[{"embeddable":true,"href":"https:\/\/fedemark.ee\/fi\/wp-json\/wp\/v2\/media\/9440"}],"wp:attachment":[{"href":"https:\/\/fedemark.ee\/fi\/wp-json\/wp\/v2\/media?parent=7358"}],"wp:term":[{"taxonomy":"product_cat","embeddable":true,"href":"https:\/\/fedemark.ee\/fi\/wp-json\/wp\/v2\/product_cat?post=7358"},{"taxonomy":"product_tag","embeddable":true,"href":"https:\/\/fedemark.ee\/fi\/wp-json\/wp\/v2\/product_tag?post=7358"}],"curies":[{"name":"wp","href":"https:\/\/api.w.org\/{rel}","templated":true}]}}