{"id":7359,"date":"2017-06-16T06:49:07","date_gmt":"2017-06-16T06:49:07","guid":{"rendered":"https:\/\/sharks.ee\/fedemark\/shop\/uncategorized\/p2\/"},"modified":"2017-07-25T13:54:09","modified_gmt":"2017-07-25T13:54:09","slug":"p2","status":"publish","type":"product","link":"https:\/\/fedemark.ee\/fi\/tuotteet\/suurikantokykyiset-tikkaat\/porrastikkaat\/p2\/","title":{"rendered":"P2"},"content":{"rendered":"","protected":false},"excerpt":{"rendered":"<p><em>Ammattik\u00e4ytt\u00f6\u00f6n tarkoitetut kaksipuoliset porrastikkaat, joissa on yhdell\u00e4 puolella askelmat ja toisella puolat<\/em><\/p>\n<p>Hitsatusta alumiinista valmistetut kest\u00e4v\u00e4t porrastikkaat. Varustetut vahvistetuilla ja liukumattomilla kumijaloilla.<\/p>\n<p>TEKNISET OMINAISUUDET<br \/>\n\u2022 Askelmien v\u00e4linen et\u00e4isyys: 25 cm<br \/>\n\u2022 8 cm askelmat \/ 2,7 cm puolat<br \/>\n\u2022 Kantavuus: 150 kg<br \/>\n\u2022 Puolien m\u00e4\u00e4r\u00e4: 4\u22128<br \/>\n\u2022 Porrastikkaiden korkeus: 0,94\u22121,87 m<\/p>\n<p>VAKIO-OSAT<br \/>\n\u2022 Avautumista est\u00e4v\u00e4t hihnat (7 ja 8 askelmaa)<br \/>\n\u2022 Vahvistetut ja liukumattomat kumijalat<br \/>\n\u2022 Polypropeeninen ty\u00f6taso \/ ty\u00f6v\u00e4linepidin (25,5 x 28 cm)<br \/>\n\u2022 Kyltti ja kokoamis- ja k\u00e4ytt\u00f6ohje<br \/>\n\u2022 L\u00e4mp\u00f6kutistuva muovipakkaus kuvineen<\/p>\n","protected":false},"featured_media":9462,"comment_status":"open","ping_status":"closed","template":"","meta":{"footnotes":""},"product_cat":[188,205],"product_tag":[],"yoast_head":"<!-- This site is optimized with the Yoast SEO plugin v22.6 - https:\/\/yoast.com\/wordpress\/plugins\/seo\/ -->\n<title>P2 - Fedemark<\/title>\n<meta name=\"robots\" content=\"index, follow, max-snippet:-1, max-image-preview:large, max-video-preview:-1\" \/>\n<link rel=\"canonical\" href=\"https:\/\/fedemark.ee\/fi\/tuotteet\/suurikantokykyiset-tikkaat\/porrastikkaat\/p2\/\" \/>\n<meta property=\"og:locale\" content=\"fi_FI\" \/>\n<meta property=\"og:type\" content=\"article\" \/>\n<meta property=\"og:title\" content=\"P2 - Fedemark\" \/>\n<meta property=\"og:description\" content=\"Ammattik\u00e4ytt\u00f6\u00f6n tarkoitetut kaksipuoliset porrastikkaat, joissa on yhdell\u00e4 puolella askelmat ja toisella puolat  Hitsatusta alumiinista valmistetut kest\u00e4v\u00e4t porrastikkaat. Varustetut vahvistetuilla ja liukumattomilla kumijaloilla.  TEKNISET OMINAISUUDET \u2022 Askelmien v\u00e4linen et\u00e4isyys: 25 cm \u2022 8 cm askelmat \/ 2,7 cm puolat \u2022 Kantavuus: 150 kg \u2022 Puolien m\u00e4\u00e4r\u00e4: 4\u22128 \u2022 Porrastikkaiden korkeus: 0,94\u22121,87 m  VAKIO-OSAT \u2022 Avautumista est\u00e4v\u00e4t hihnat (7 ja 8 askelmaa) \u2022 Vahvistetut ja liukumattomat kumijalat \u2022 Polypropeeninen ty\u00f6taso \/ ty\u00f6v\u00e4linepidin (25,5 x 28 cm) \u2022 Kyltti ja kokoamis- ja k\u00e4ytt\u00f6ohje \u2022 L\u00e4mp\u00f6kutistuva muovipakkaus kuvineen\" \/>\n<meta property=\"og:url\" content=\"https:\/\/fedemark.ee\/fi\/tuotteet\/suurikantokykyiset-tikkaat\/porrastikkaat\/p2\/\" \/>\n<meta property=\"og:site_name\" content=\"Fedemark\" \/>\n<meta property=\"article:modified_time\" content=\"2017-07-25T13:54:09+00:00\" \/>\n<meta property=\"og:image\" content=\"https:\/\/fedemark.ee\/wp-content\/uploads\/2017\/06\/P2-1.jpg\" \/>\n\t<meta property=\"og:image:width\" content=\"800\" \/>\n\t<meta property=\"og:image:height\" content=\"800\" \/>\n\t<meta property=\"og:image:type\" content=\"image\/jpeg\" \/>\n<meta name=\"twitter:card\" content=\"summary_large_image\" \/>\n<script type=\"application\/ld+json\" class=\"yoast-schema-graph\">{\"@context\":\"https:\/\/schema.org\",\"@graph\":[{\"@type\":\"WebPage\",\"@id\":\"https:\/\/fedemark.ee\/fi\/tuotteet\/suurikantokykyiset-tikkaat\/porrastikkaat\/p2\/\",\"url\":\"https:\/\/fedemark.ee\/fi\/tuotteet\/suurikantokykyiset-tikkaat\/porrastikkaat\/p2\/\",\"name\":\"P2 - Fedemark\",\"isPartOf\":{\"@id\":\"https:\/\/fedemark.ee\/#website\"},\"primaryImageOfPage\":{\"@id\":\"https:\/\/fedemark.ee\/fi\/tuotteet\/suurikantokykyiset-tikkaat\/porrastikkaat\/p2\/#primaryimage\"},\"image\":{\"@id\":\"https:\/\/fedemark.ee\/fi\/tuotteet\/suurikantokykyiset-tikkaat\/porrastikkaat\/p2\/#primaryimage\"},\"thumbnailUrl\":\"https:\/\/fedemark.ee\/wp-content\/uploads\/2017\/06\/P2-1.jpg\",\"datePublished\":\"2017-06-16T06:49:07+00:00\",\"dateModified\":\"2017-07-25T13:54:09+00:00\",\"breadcrumb\":{\"@id\":\"https:\/\/fedemark.ee\/fi\/tuotteet\/suurikantokykyiset-tikkaat\/porrastikkaat\/p2\/#breadcrumb\"},\"inLanguage\":\"fi-FI\",\"potentialAction\":[{\"@type\":\"ReadAction\",\"target\":[\"https:\/\/fedemark.ee\/fi\/tuotteet\/suurikantokykyiset-tikkaat\/porrastikkaat\/p2\/\"]}]},{\"@type\":\"ImageObject\",\"inLanguage\":\"fi-FI\",\"@id\":\"https:\/\/fedemark.ee\/fi\/tuotteet\/suurikantokykyiset-tikkaat\/porrastikkaat\/p2\/#primaryimage\",\"url\":\"https:\/\/fedemark.ee\/wp-content\/uploads\/2017\/06\/P2-1.jpg\",\"contentUrl\":\"https:\/\/fedemark.ee\/wp-content\/uploads\/2017\/06\/P2-1.jpg\",\"width\":800,\"height\":800},{\"@type\":\"BreadcrumbList\",\"@id\":\"https:\/\/fedemark.ee\/fi\/tuotteet\/suurikantokykyiset-tikkaat\/porrastikkaat\/p2\/#breadcrumb\",\"itemListElement\":[{\"@type\":\"ListItem\",\"position\":1,\"name\":\"Home\",\"item\":\"https:\/\/fedemark.ee\/fi\/\"},{\"@type\":\"ListItem\",\"position\":2,\"name\":\"Tuotteet\",\"item\":\"https:\/\/fedemark.ee\/fi\/tuotteet\/\"},{\"@type\":\"ListItem\",\"position\":3,\"name\":\"P2\"}]},{\"@type\":\"WebSite\",\"@id\":\"https:\/\/fedemark.ee\/#website\",\"url\":\"https:\/\/fedemark.ee\/\",\"name\":\"Fedemark\",\"description\":\"Redelid, Tellingud, T\u00f6\u00f6platvormid ja vahekorrused\",\"potentialAction\":[{\"@type\":\"SearchAction\",\"target\":{\"@type\":\"EntryPoint\",\"urlTemplate\":\"https:\/\/fedemark.ee\/?s={search_term_string}\"},\"query-input\":\"required name=search_term_string\"}],\"inLanguage\":\"fi-FI\"}]}<\/script>\n<!-- \/ Yoast SEO plugin. -->","yoast_head_json":{"title":"P2 - Fedemark","robots":{"index":"index","follow":"follow","max-snippet":"max-snippet:-1","max-image-preview":"max-image-preview:large","max-video-preview":"max-video-preview:-1"},"canonical":"https:\/\/fedemark.ee\/fi\/tuotteet\/suurikantokykyiset-tikkaat\/porrastikkaat\/p2\/","og_locale":"fi_FI","og_type":"article","og_title":"P2 - Fedemark","og_description":"Ammattik\u00e4ytt\u00f6\u00f6n tarkoitetut kaksipuoliset porrastikkaat, joissa on yhdell\u00e4 puolella askelmat ja toisella puolat  Hitsatusta alumiinista valmistetut kest\u00e4v\u00e4t porrastikkaat. Varustetut vahvistetuilla ja liukumattomilla kumijaloilla.  TEKNISET OMINAISUUDET \u2022 Askelmien v\u00e4linen et\u00e4isyys: 25 cm \u2022 8 cm askelmat \/ 2,7 cm puolat \u2022 Kantavuus: 150 kg \u2022 Puolien m\u00e4\u00e4r\u00e4: 4\u22128 \u2022 Porrastikkaiden korkeus: 0,94\u22121,87 m  VAKIO-OSAT \u2022 Avautumista est\u00e4v\u00e4t hihnat (7 ja 8 askelmaa) \u2022 Vahvistetut ja liukumattomat kumijalat \u2022 Polypropeeninen ty\u00f6taso \/ ty\u00f6v\u00e4linepidin (25,5 x 28 cm) \u2022 Kyltti ja kokoamis- ja k\u00e4ytt\u00f6ohje \u2022 L\u00e4mp\u00f6kutistuva muovipakkaus kuvineen","og_url":"https:\/\/fedemark.ee\/fi\/tuotteet\/suurikantokykyiset-tikkaat\/porrastikkaat\/p2\/","og_site_name":"Fedemark","article_modified_time":"2017-07-25T13:54:09+00:00","og_image":[{"width":800,"height":800,"url":"https:\/\/fedemark.ee\/wp-content\/uploads\/2017\/06\/P2-1.jpg","type":"image\/jpeg"}],"twitter_card":"summary_large_image","schema":{"@context":"https:\/\/schema.org","@graph":[{"@type":"WebPage","@id":"https:\/\/fedemark.ee\/fi\/tuotteet\/suurikantokykyiset-tikkaat\/porrastikkaat\/p2\/","url":"https:\/\/fedemark.ee\/fi\/tuotteet\/suurikantokykyiset-tikkaat\/porrastikkaat\/p2\/","name":"P2 - Fedemark","isPartOf":{"@id":"https:\/\/fedemark.ee\/#website"},"primaryImageOfPage":{"@id":"https:\/\/fedemark.ee\/fi\/tuotteet\/suurikantokykyiset-tikkaat\/porrastikkaat\/p2\/#primaryimage"},"image":{"@id":"https:\/\/fedemark.ee\/fi\/tuotteet\/suurikantokykyiset-tikkaat\/porrastikkaat\/p2\/#primaryimage"},"thumbnailUrl":"https:\/\/fedemark.ee\/wp-content\/uploads\/2017\/06\/P2-1.jpg","datePublished":"2017-06-16T06:49:07+00:00","dateModified":"2017-07-25T13:54:09+00:00","breadcrumb":{"@id":"https:\/\/fedemark.ee\/fi\/tuotteet\/suurikantokykyiset-tikkaat\/porrastikkaat\/p2\/#breadcrumb"},"inLanguage":"fi-FI","potentialAction":[{"@type":"ReadAction","target":["https:\/\/fedemark.ee\/fi\/tuotteet\/suurikantokykyiset-tikkaat\/porrastikkaat\/p2\/"]}]},{"@type":"ImageObject","inLanguage":"fi-FI","@id":"https:\/\/fedemark.ee\/fi\/tuotteet\/suurikantokykyiset-tikkaat\/porrastikkaat\/p2\/#primaryimage","url":"https:\/\/fedemark.ee\/wp-content\/uploads\/2017\/06\/P2-1.jpg","contentUrl":"https:\/\/fedemark.ee\/wp-content\/uploads\/2017\/06\/P2-1.jpg","width":800,"height":800},{"@type":"BreadcrumbList","@id":"https:\/\/fedemark.ee\/fi\/tuotteet\/suurikantokykyiset-tikkaat\/porrastikkaat\/p2\/#breadcrumb","itemListElement":[{"@type":"ListItem","position":1,"name":"Home","item":"https:\/\/fedemark.ee\/fi\/"},{"@type":"ListItem","position":2,"name":"Tuotteet","item":"https:\/\/fedemark.ee\/fi\/tuotteet\/"},{"@type":"ListItem","position":3,"name":"P2"}]},{"@type":"WebSite","@id":"https:\/\/fedemark.ee\/#website","url":"https:\/\/fedemark.ee\/","name":"Fedemark","description":"Redelid, Tellingud, T\u00f6\u00f6platvormid ja vahekorrused","potentialAction":[{"@type":"SearchAction","target":{"@type":"EntryPoint","urlTemplate":"https:\/\/fedemark.ee\/?s={search_term_string}"},"query-input":"required name=search_term_string"}],"inLanguage":"fi-FI"}]}},"_links":{"self":[{"href":"https:\/\/fedemark.ee\/fi\/wp-json\/wp\/v2\/product\/7359"}],"collection":[{"href":"https:\/\/fedemark.ee\/fi\/wp-json\/wp\/v2\/product"}],"about":[{"href":"https:\/\/fedemark.ee\/fi\/wp-json\/wp\/v2\/types\/product"}],"replies":[{"embeddable":true,"href":"https:\/\/fedemark.ee\/fi\/wp-json\/wp\/v2\/comments?post=7359"}],"version-history":[{"count":0,"href":"https:\/\/fedemark.ee\/fi\/wp-json\/wp\/v2\/product\/7359\/revisions"}],"wp:featuredmedia":[{"embeddable":true,"href":"https:\/\/fedemark.ee\/fi\/wp-json\/wp\/v2\/media\/9462"}],"wp:attachment":[{"href":"https:\/\/fedemark.ee\/fi\/wp-json\/wp\/v2\/media?parent=7359"}],"wp:term":[{"taxonomy":"product_cat","embeddable":true,"href":"https:\/\/fedemark.ee\/fi\/wp-json\/wp\/v2\/product_cat?post=7359"},{"taxonomy":"product_tag","embeddable":true,"href":"https:\/\/fedemark.ee\/fi\/wp-json\/wp\/v2\/product_tag?post=7359"}],"curies":[{"name":"wp","href":"https:\/\/api.w.org\/{rel}","templated":true}]}}