{"id":7360,"date":"2017-06-16T06:50:30","date_gmt":"2017-06-16T06:50:30","guid":{"rendered":"https:\/\/sharks.ee\/fedemark\/shop\/uncategorized\/p3\/"},"modified":"2017-07-25T13:54:51","modified_gmt":"2017-07-25T13:54:51","slug":"p3","status":"publish","type":"product","link":"https:\/\/fedemark.ee\/fi\/tuotteet\/suurikantokykyiset-tikkaat\/porrastikkaat\/p3\/","title":{"rendered":"P3"},"content":{"rendered":"","protected":false},"excerpt":{"rendered":"<p><em>Yksipuoliset alumiiniset porrastikkaat.<\/em><\/p>\n<p>Hitsatusta alumiinista valmistetut, latteilla askelmilla varustetut kest\u00e4v\u00e4t porrastikkaat. Varustetut vahvistetuilla liukumattomilla kumijaloilla.<\/p>\n<p>TEKNISET OMINAISUUDET<br \/>\n\u2022 Askelmien v\u00e4linen et\u00e4isyys: 25 cm<br \/>\n\u2022 Profiili: 80&#215;25 mm ja 40&#215;20 mm<br \/>\n\u2022 Kantavuus: 150 kg<br \/>\n\u2022 Liukumattomat kumijalat: 8 cm<br \/>\n\u2022 Puolien m\u00e4\u00e4r\u00e4: 3\u221211<br \/>\n\u2022 Porrastikkaiden korkeus: 1,00\u22122,84 m<\/p>\n<p>VAKIO-OSAT<br \/>\n\u2022 Avautumista \/ sulkeutumista est\u00e4v\u00e4t tangot<br \/>\n\u2022 Vahvistetut ja liukumattomat kumijalat<br \/>\n\u2022 Polypropeeninen ty\u00f6v\u00e4linepidin<br \/>\n\u2022 Vahvistuksen pisimpien askelmien alla<br \/>\n\u2022 Kyltti ja kokoamis- ja k\u00e4ytt\u00f6ohje<br \/>\n\u2022 L\u00e4mp\u00f6kutistuva muovipakkaus kuvineen<\/p>\n<p>Huomautus: Eurooppalaisen standardin EN131 mukaan on kahdelle viimeiselle askelmalle kiipe\u00e4minen kielletty\u00e4, jos suojakaidetta ei ole.<\/p>\n<p><img loading=\"lazy\" decoding=\"async\" class=\"alignnone wp-image-5253\" src=\"https:\/\/fedemark.ee\/wp-content\/uploads\/2017\/06\/Ikoonid_29.jpg\" alt=\"\" width=\"75\" height=\"70\" \/><img loading=\"lazy\" decoding=\"async\" class=\"alignnone wp-image-5257\" src=\"https:\/\/fedemark.ee\/wp-content\/uploads\/2017\/06\/Ikoonid_03-Copy.jpg\" alt=\"\" width=\"68\" height=\"69\" srcset=\"https:\/\/fedemark.ee\/wp-content\/uploads\/2017\/06\/Ikoonid_03-Copy.jpg 132w, https:\/\/fedemark.ee\/wp-content\/uploads\/2017\/06\/Ikoonid_03-Copy-100x100.jpg 100w\" sizes=\"(max-width: 68px) 100vw, 68px\" \/><img loading=\"lazy\" decoding=\"async\" class=\"alignnone wp-image-5329\" src=\"https:\/\/fedemark.ee\/wp-content\/uploads\/2017\/06\/Ikoonid_37-Copy.jpg\" alt=\"\" width=\"127\" height=\"57\" \/><img loading=\"lazy\" decoding=\"async\" class=\"alignnone wp-image-5353\" src=\"https:\/\/fedemark.ee\/wp-content\/uploads\/2017\/06\/Ikoonid_50.jpg\" alt=\"\" width=\"63\" height=\"74\" \/><\/p>\n<p>&nbsp;<\/p>\n","protected":false},"featured_media":6400,"comment_status":"open","ping_status":"closed","template":"","meta":{"footnotes":""},"product_cat":[188,205],"product_tag":[],"yoast_head":"<!-- This site is optimized with the Yoast SEO plugin v22.6 - https:\/\/yoast.com\/wordpress\/plugins\/seo\/ -->\n<title>P3 - Fedemark<\/title>\n<meta name=\"robots\" content=\"index, follow, max-snippet:-1, max-image-preview:large, max-video-preview:-1\" \/>\n<link rel=\"canonical\" href=\"https:\/\/fedemark.ee\/fi\/tuotteet\/suurikantokykyiset-tikkaat\/porrastikkaat\/p3\/\" \/>\n<meta property=\"og:locale\" content=\"fi_FI\" \/>\n<meta property=\"og:type\" content=\"article\" \/>\n<meta property=\"og:title\" content=\"P3 - Fedemark\" \/>\n<meta property=\"og:description\" content=\"Yksipuoliset alumiiniset porrastikkaat.  Hitsatusta alumiinista valmistetut, latteilla askelmilla varustetut kest\u00e4v\u00e4t porrastikkaat. Varustetut vahvistetuilla liukumattomilla kumijaloilla.  TEKNISET OMINAISUUDET \u2022 Askelmien v\u00e4linen et\u00e4isyys: 25 cm \u2022 Profiili: 80x25 mm ja 40x20 mm \u2022 Kantavuus: 150 kg \u2022 Liukumattomat kumijalat: 8 cm \u2022 Puolien m\u00e4\u00e4r\u00e4: 3\u221211 \u2022 Porrastikkaiden korkeus: 1,00\u22122,84 m  VAKIO-OSAT \u2022 Avautumista \/ sulkeutumista est\u00e4v\u00e4t tangot \u2022 Vahvistetut ja liukumattomat kumijalat \u2022 Polypropeeninen ty\u00f6v\u00e4linepidin \u2022 Vahvistuksen pisimpien askelmien alla \u2022 Kyltti ja kokoamis- ja k\u00e4ytt\u00f6ohje \u2022 L\u00e4mp\u00f6kutistuva muovipakkaus kuvineen  Huomautus: Eurooppalaisen standardin EN131 mukaan on kahdelle viimeiselle askelmalle kiipe\u00e4minen kielletty\u00e4, jos suojakaidetta ei ole.    &nbsp;\" \/>\n<meta property=\"og:url\" content=\"https:\/\/fedemark.ee\/fi\/tuotteet\/suurikantokykyiset-tikkaat\/porrastikkaat\/p3\/\" \/>\n<meta property=\"og:site_name\" content=\"Fedemark\" \/>\n<meta property=\"article:modified_time\" content=\"2017-07-25T13:54:51+00:00\" \/>\n<meta property=\"og:image\" content=\"https:\/\/fedemark.ee\/wp-content\/uploads\/2017\/06\/P3.jpg\" \/>\n\t<meta property=\"og:image:width\" content=\"3326\" \/>\n\t<meta property=\"og:image:height\" content=\"3680\" \/>\n\t<meta property=\"og:image:type\" content=\"image\/jpeg\" \/>\n<meta name=\"twitter:card\" content=\"summary_large_image\" \/>\n<script type=\"application\/ld+json\" class=\"yoast-schema-graph\">{\"@context\":\"https:\/\/schema.org\",\"@graph\":[{\"@type\":\"WebPage\",\"@id\":\"https:\/\/fedemark.ee\/fi\/tuotteet\/suurikantokykyiset-tikkaat\/porrastikkaat\/p3\/\",\"url\":\"https:\/\/fedemark.ee\/fi\/tuotteet\/suurikantokykyiset-tikkaat\/porrastikkaat\/p3\/\",\"name\":\"P3 - Fedemark\",\"isPartOf\":{\"@id\":\"https:\/\/fedemark.ee\/#website\"},\"primaryImageOfPage\":{\"@id\":\"https:\/\/fedemark.ee\/fi\/tuotteet\/suurikantokykyiset-tikkaat\/porrastikkaat\/p3\/#primaryimage\"},\"image\":{\"@id\":\"https:\/\/fedemark.ee\/fi\/tuotteet\/suurikantokykyiset-tikkaat\/porrastikkaat\/p3\/#primaryimage\"},\"thumbnailUrl\":\"https:\/\/fedemark.ee\/wp-content\/uploads\/2017\/06\/P3.jpg\",\"datePublished\":\"2017-06-16T06:50:30+00:00\",\"dateModified\":\"2017-07-25T13:54:51+00:00\",\"breadcrumb\":{\"@id\":\"https:\/\/fedemark.ee\/fi\/tuotteet\/suurikantokykyiset-tikkaat\/porrastikkaat\/p3\/#breadcrumb\"},\"inLanguage\":\"fi-FI\",\"potentialAction\":[{\"@type\":\"ReadAction\",\"target\":[\"https:\/\/fedemark.ee\/fi\/tuotteet\/suurikantokykyiset-tikkaat\/porrastikkaat\/p3\/\"]}]},{\"@type\":\"ImageObject\",\"inLanguage\":\"fi-FI\",\"@id\":\"https:\/\/fedemark.ee\/fi\/tuotteet\/suurikantokykyiset-tikkaat\/porrastikkaat\/p3\/#primaryimage\",\"url\":\"https:\/\/fedemark.ee\/wp-content\/uploads\/2017\/06\/P3.jpg\",\"contentUrl\":\"https:\/\/fedemark.ee\/wp-content\/uploads\/2017\/06\/P3.jpg\",\"width\":3326,\"height\":3680},{\"@type\":\"BreadcrumbList\",\"@id\":\"https:\/\/fedemark.ee\/fi\/tuotteet\/suurikantokykyiset-tikkaat\/porrastikkaat\/p3\/#breadcrumb\",\"itemListElement\":[{\"@type\":\"ListItem\",\"position\":1,\"name\":\"Home\",\"item\":\"https:\/\/fedemark.ee\/fi\/\"},{\"@type\":\"ListItem\",\"position\":2,\"name\":\"Tuotteet\",\"item\":\"https:\/\/fedemark.ee\/fi\/tuotteet\/\"},{\"@type\":\"ListItem\",\"position\":3,\"name\":\"P3\"}]},{\"@type\":\"WebSite\",\"@id\":\"https:\/\/fedemark.ee\/#website\",\"url\":\"https:\/\/fedemark.ee\/\",\"name\":\"Fedemark\",\"description\":\"Redelid, Tellingud, T\u00f6\u00f6platvormid ja vahekorrused\",\"potentialAction\":[{\"@type\":\"SearchAction\",\"target\":{\"@type\":\"EntryPoint\",\"urlTemplate\":\"https:\/\/fedemark.ee\/?s={search_term_string}\"},\"query-input\":\"required name=search_term_string\"}],\"inLanguage\":\"fi-FI\"}]}<\/script>\n<!-- \/ Yoast SEO plugin. -->","yoast_head_json":{"title":"P3 - Fedemark","robots":{"index":"index","follow":"follow","max-snippet":"max-snippet:-1","max-image-preview":"max-image-preview:large","max-video-preview":"max-video-preview:-1"},"canonical":"https:\/\/fedemark.ee\/fi\/tuotteet\/suurikantokykyiset-tikkaat\/porrastikkaat\/p3\/","og_locale":"fi_FI","og_type":"article","og_title":"P3 - Fedemark","og_description":"Yksipuoliset alumiiniset porrastikkaat.  Hitsatusta alumiinista valmistetut, latteilla askelmilla varustetut kest\u00e4v\u00e4t porrastikkaat. Varustetut vahvistetuilla liukumattomilla kumijaloilla.  TEKNISET OMINAISUUDET \u2022 Askelmien v\u00e4linen et\u00e4isyys: 25 cm \u2022 Profiili: 80x25 mm ja 40x20 mm \u2022 Kantavuus: 150 kg \u2022 Liukumattomat kumijalat: 8 cm \u2022 Puolien m\u00e4\u00e4r\u00e4: 3\u221211 \u2022 Porrastikkaiden korkeus: 1,00\u22122,84 m  VAKIO-OSAT \u2022 Avautumista \/ sulkeutumista est\u00e4v\u00e4t tangot \u2022 Vahvistetut ja liukumattomat kumijalat \u2022 Polypropeeninen ty\u00f6v\u00e4linepidin \u2022 Vahvistuksen pisimpien askelmien alla \u2022 Kyltti ja kokoamis- ja k\u00e4ytt\u00f6ohje \u2022 L\u00e4mp\u00f6kutistuva muovipakkaus kuvineen  Huomautus: Eurooppalaisen standardin EN131 mukaan on kahdelle viimeiselle askelmalle kiipe\u00e4minen kielletty\u00e4, jos suojakaidetta ei ole.    &nbsp;","og_url":"https:\/\/fedemark.ee\/fi\/tuotteet\/suurikantokykyiset-tikkaat\/porrastikkaat\/p3\/","og_site_name":"Fedemark","article_modified_time":"2017-07-25T13:54:51+00:00","og_image":[{"width":3326,"height":3680,"url":"https:\/\/fedemark.ee\/wp-content\/uploads\/2017\/06\/P3.jpg","type":"image\/jpeg"}],"twitter_card":"summary_large_image","schema":{"@context":"https:\/\/schema.org","@graph":[{"@type":"WebPage","@id":"https:\/\/fedemark.ee\/fi\/tuotteet\/suurikantokykyiset-tikkaat\/porrastikkaat\/p3\/","url":"https:\/\/fedemark.ee\/fi\/tuotteet\/suurikantokykyiset-tikkaat\/porrastikkaat\/p3\/","name":"P3 - Fedemark","isPartOf":{"@id":"https:\/\/fedemark.ee\/#website"},"primaryImageOfPage":{"@id":"https:\/\/fedemark.ee\/fi\/tuotteet\/suurikantokykyiset-tikkaat\/porrastikkaat\/p3\/#primaryimage"},"image":{"@id":"https:\/\/fedemark.ee\/fi\/tuotteet\/suurikantokykyiset-tikkaat\/porrastikkaat\/p3\/#primaryimage"},"thumbnailUrl":"https:\/\/fedemark.ee\/wp-content\/uploads\/2017\/06\/P3.jpg","datePublished":"2017-06-16T06:50:30+00:00","dateModified":"2017-07-25T13:54:51+00:00","breadcrumb":{"@id":"https:\/\/fedemark.ee\/fi\/tuotteet\/suurikantokykyiset-tikkaat\/porrastikkaat\/p3\/#breadcrumb"},"inLanguage":"fi-FI","potentialAction":[{"@type":"ReadAction","target":["https:\/\/fedemark.ee\/fi\/tuotteet\/suurikantokykyiset-tikkaat\/porrastikkaat\/p3\/"]}]},{"@type":"ImageObject","inLanguage":"fi-FI","@id":"https:\/\/fedemark.ee\/fi\/tuotteet\/suurikantokykyiset-tikkaat\/porrastikkaat\/p3\/#primaryimage","url":"https:\/\/fedemark.ee\/wp-content\/uploads\/2017\/06\/P3.jpg","contentUrl":"https:\/\/fedemark.ee\/wp-content\/uploads\/2017\/06\/P3.jpg","width":3326,"height":3680},{"@type":"BreadcrumbList","@id":"https:\/\/fedemark.ee\/fi\/tuotteet\/suurikantokykyiset-tikkaat\/porrastikkaat\/p3\/#breadcrumb","itemListElement":[{"@type":"ListItem","position":1,"name":"Home","item":"https:\/\/fedemark.ee\/fi\/"},{"@type":"ListItem","position":2,"name":"Tuotteet","item":"https:\/\/fedemark.ee\/fi\/tuotteet\/"},{"@type":"ListItem","position":3,"name":"P3"}]},{"@type":"WebSite","@id":"https:\/\/fedemark.ee\/#website","url":"https:\/\/fedemark.ee\/","name":"Fedemark","description":"Redelid, Tellingud, T\u00f6\u00f6platvormid ja vahekorrused","potentialAction":[{"@type":"SearchAction","target":{"@type":"EntryPoint","urlTemplate":"https:\/\/fedemark.ee\/?s={search_term_string}"},"query-input":"required name=search_term_string"}],"inLanguage":"fi-FI"}]}},"_links":{"self":[{"href":"https:\/\/fedemark.ee\/fi\/wp-json\/wp\/v2\/product\/7360"}],"collection":[{"href":"https:\/\/fedemark.ee\/fi\/wp-json\/wp\/v2\/product"}],"about":[{"href":"https:\/\/fedemark.ee\/fi\/wp-json\/wp\/v2\/types\/product"}],"replies":[{"embeddable":true,"href":"https:\/\/fedemark.ee\/fi\/wp-json\/wp\/v2\/comments?post=7360"}],"version-history":[{"count":0,"href":"https:\/\/fedemark.ee\/fi\/wp-json\/wp\/v2\/product\/7360\/revisions"}],"wp:featuredmedia":[{"embeddable":true,"href":"https:\/\/fedemark.ee\/fi\/wp-json\/wp\/v2\/media\/6400"}],"wp:attachment":[{"href":"https:\/\/fedemark.ee\/fi\/wp-json\/wp\/v2\/media?parent=7360"}],"wp:term":[{"taxonomy":"product_cat","embeddable":true,"href":"https:\/\/fedemark.ee\/fi\/wp-json\/wp\/v2\/product_cat?post=7360"},{"taxonomy":"product_tag","embeddable":true,"href":"https:\/\/fedemark.ee\/fi\/wp-json\/wp\/v2\/product_tag?post=7360"}],"curies":[{"name":"wp","href":"https:\/\/api.w.org\/{rel}","templated":true}]}}