{"id":7363,"date":"2017-06-15T12:43:15","date_gmt":"2017-06-15T12:43:15","guid":{"rendered":"https:\/\/sharks.ee\/fedemark\/shop\/uncategorized\/scalissima-elite\/"},"modified":"2017-07-27T12:44:04","modified_gmt":"2017-07-27T12:44:04","slug":"scalissima-elite","status":"publish","type":"product","link":"https:\/\/fedemark.ee\/fi\/tuotteet\/suurikantokykyiset-tikkaat\/monikayttoiset-ja-muotoiltavat-teleskooppitikkaat\/scalissima-elite\/","title":{"rendered":"Scalissima Elite"},"content":{"rendered":"","protected":false},"excerpt":{"rendered":"<p><em>Isolla alustalla ja useilla lis\u00e4tarvikkeilla varustetut kest\u00e4v\u00e4t ja monik\u00e4ytt\u00f6iset teleskooppitikkaat<\/em><\/p>\n<p>Vahvistetusta alumiiniprofiilista valmistetut kolme-yhdess\u00e4-teleskooppitikkaat, jotka on varustettu uudella puristetusta alumiinista valmistetulla levym\u00e4isell\u00e4 saranalla. Mukana paljon lis\u00e4tarvikkeita. Vahvistetut profiilit, tikkaat on tarkoitettu raskaiden t\u00f6iden suorittamiseen. Voi k\u00e4ytt\u00e4\u00e4 porrastikkaina, sein\u00e4\u00e4n tai askelmille tuettavina tikkaina.<\/p>\n<p>TEKNISET OMINAISUUDET<br \/>\n\u2022 Latteat liukumattomat puolat 27&#215;27 mm<br \/>\n\u2022 Alumiininen saranan kiinnitys<br \/>\n\u2022 Ter\u00e4ksest\u00e4 valmistettu ja nailonilla p\u00e4\u00e4llystetty lukituskoukku<br \/>\n\u2022 Puolien v\u00e4linen et\u00e4isyys: 28 cm<br \/>\n\u2022 Sisempi profiili: 63&#215;27 mm<br \/>\n\u2022 Ulompi profiili: 70&#215;31 mm<br \/>\n\u2022 Sis\u00e4rampin leveys: 36,5 cm<br \/>\n\u2022 Ergonomiset, liukumattomat ja vahvistetut jalat (my\u00f6s sisemm\u00e4ss\u00e4 rampissa)<br \/>\n\u2022 L\u00e4mp\u00f6kutistuva muovipakkaus kuvineen<\/p>\n<p>Saranoiden nopea paikalleen asettaminen mahdollistaa:<br \/>\n\u2022 porrastikkaina avaamisen ja sulkemisen saranan asentoa muuttamatta<br \/>\n\u2022 tikkaiden lukitsemisen porrastikkaina k\u00e4yt\u00f6n aikana, muuttamalla saranan asentoa<br \/>\n\u2022 tikkaiden avaamisen \/ sulkemisen k\u00e4ytett\u00e4v\u00e4ksi sein\u00e4\u00e4 vasten, muuttamalla saranan asentoa<\/p>\n<p>LIS\u00c4VARUSTEET:<br \/>\n\u2022 Uusi Sicurkit (ty\u00f6taso ja suojakaide) Svelt tikkaiden mukavaan ja turvalliseen k\u00e4ytt\u00f6\u00f6n viimeist\u00e4 askelmaa my\u00f6ten voimassa olevien standardien mukaisesti.<\/p>\n<p><img loading=\"lazy\" decoding=\"async\" class=\"alignnone wp-image-5317\" src=\"https:\/\/fedemark.ee\/wp-content\/uploads\/2017\/06\/Ikoonid_29-1.jpg\" alt=\"\" width=\"69\" height=\"65\" \/><img loading=\"lazy\" decoding=\"async\" class=\"alignnone wp-image-5257\" src=\"https:\/\/fedemark.ee\/wp-content\/uploads\/2017\/06\/Ikoonid_03-Copy.jpg\" alt=\"\" width=\"61\" height=\"61\" srcset=\"https:\/\/fedemark.ee\/wp-content\/uploads\/2017\/06\/Ikoonid_03-Copy.jpg 132w, https:\/\/fedemark.ee\/wp-content\/uploads\/2017\/06\/Ikoonid_03-Copy-100x100.jpg 100w\" sizes=\"(max-width: 61px) 100vw, 61px\" \/><img loading=\"lazy\" decoding=\"async\" class=\"alignnone wp-image-5329\" src=\"https:\/\/fedemark.ee\/wp-content\/uploads\/2017\/06\/Ikoonid_37-Copy.jpg\" alt=\"\" width=\"127\" height=\"57\" \/><img loading=\"lazy\" decoding=\"async\" class=\"alignnone wp-image-5353\" src=\"https:\/\/fedemark.ee\/wp-content\/uploads\/2017\/06\/Ikoonid_50.jpg\" alt=\"\" width=\"56\" height=\"66\" \/><img loading=\"lazy\" decoding=\"async\" class=\"alignnone wp-image-5337\" src=\"https:\/\/fedemark.ee\/wp-content\/uploads\/2017\/06\/Ikoonid_38-Copy.jpg\" alt=\"\" width=\"68\" height=\"65\" \/><\/p>\n","protected":false},"featured_media":6288,"comment_status":"open","ping_status":"closed","template":"","meta":{"footnotes":""},"product_cat":[178,205],"product_tag":[],"yoast_head":"<!-- This site is optimized with the Yoast SEO plugin v22.6 - https:\/\/yoast.com\/wordpress\/plugins\/seo\/ -->\n<title>Scalissima Elite - Fedemark<\/title>\n<meta name=\"robots\" content=\"index, follow, max-snippet:-1, max-image-preview:large, max-video-preview:-1\" \/>\n<link rel=\"canonical\" href=\"https:\/\/fedemark.ee\/fi\/tuotteet\/suurikantokykyiset-tikkaat\/monikayttoiset-ja-muotoiltavat-teleskooppitikkaat\/scalissima-elite\/\" \/>\n<meta property=\"og:locale\" content=\"fi_FI\" \/>\n<meta property=\"og:type\" content=\"article\" \/>\n<meta property=\"og:title\" content=\"Scalissima Elite - Fedemark\" \/>\n<meta property=\"og:description\" content=\"Isolla alustalla ja useilla lis\u00e4tarvikkeilla varustetut kest\u00e4v\u00e4t ja monik\u00e4ytt\u00f6iset teleskooppitikkaat  Vahvistetusta alumiiniprofiilista valmistetut kolme-yhdess\u00e4-teleskooppitikkaat, jotka on varustettu uudella puristetusta alumiinista valmistetulla levym\u00e4isell\u00e4 saranalla. Mukana paljon lis\u00e4tarvikkeita. Vahvistetut profiilit, tikkaat on tarkoitettu raskaiden t\u00f6iden suorittamiseen. Voi k\u00e4ytt\u00e4\u00e4 porrastikkaina, sein\u00e4\u00e4n tai askelmille tuettavina tikkaina.  TEKNISET OMINAISUUDET \u2022 Latteat liukumattomat puolat 27x27 mm \u2022 Alumiininen saranan kiinnitys \u2022 Ter\u00e4ksest\u00e4 valmistettu ja nailonilla p\u00e4\u00e4llystetty lukituskoukku \u2022 Puolien v\u00e4linen et\u00e4isyys: 28 cm \u2022 Sisempi profiili: 63x27 mm \u2022 Ulompi profiili: 70x31 mm \u2022 Sis\u00e4rampin leveys: 36,5 cm \u2022 Ergonomiset, liukumattomat ja vahvistetut jalat (my\u00f6s sisemm\u00e4ss\u00e4 rampissa) \u2022 L\u00e4mp\u00f6kutistuva muovipakkaus kuvineen  Saranoiden nopea paikalleen asettaminen mahdollistaa: \u2022 porrastikkaina avaamisen ja sulkemisen saranan asentoa muuttamatta \u2022 tikkaiden lukitsemisen porrastikkaina k\u00e4yt\u00f6n aikana, muuttamalla saranan asentoa \u2022 tikkaiden avaamisen \/ sulkemisen k\u00e4ytett\u00e4v\u00e4ksi sein\u00e4\u00e4 vasten, muuttamalla saranan asentoa  LIS\u00c4VARUSTEET: \u2022 Uusi Sicurkit (ty\u00f6taso ja suojakaide) Svelt tikkaiden mukavaan ja turvalliseen k\u00e4ytt\u00f6\u00f6n viimeist\u00e4 askelmaa my\u00f6ten voimassa olevien standardien mukaisesti.\" \/>\n<meta property=\"og:url\" content=\"https:\/\/fedemark.ee\/fi\/tuotteet\/suurikantokykyiset-tikkaat\/monikayttoiset-ja-muotoiltavat-teleskooppitikkaat\/scalissima-elite\/\" \/>\n<meta property=\"og:site_name\" content=\"Fedemark\" \/>\n<meta property=\"article:modified_time\" content=\"2017-07-27T12:44:04+00:00\" \/>\n<meta property=\"og:image\" content=\"https:\/\/fedemark.ee\/wp-content\/uploads\/2017\/06\/Scalissima-Elite.jpg\" \/>\n\t<meta property=\"og:image:width\" content=\"2024\" \/>\n\t<meta property=\"og:image:height\" content=\"2616\" \/>\n\t<meta property=\"og:image:type\" content=\"image\/jpeg\" \/>\n<meta name=\"twitter:card\" content=\"summary_large_image\" \/>\n<script type=\"application\/ld+json\" class=\"yoast-schema-graph\">{\"@context\":\"https:\/\/schema.org\",\"@graph\":[{\"@type\":\"WebPage\",\"@id\":\"https:\/\/fedemark.ee\/fi\/tuotteet\/suurikantokykyiset-tikkaat\/monikayttoiset-ja-muotoiltavat-teleskooppitikkaat\/scalissima-elite\/\",\"url\":\"https:\/\/fedemark.ee\/fi\/tuotteet\/suurikantokykyiset-tikkaat\/monikayttoiset-ja-muotoiltavat-teleskooppitikkaat\/scalissima-elite\/\",\"name\":\"Scalissima Elite - Fedemark\",\"isPartOf\":{\"@id\":\"https:\/\/fedemark.ee\/#website\"},\"primaryImageOfPage\":{\"@id\":\"https:\/\/fedemark.ee\/fi\/tuotteet\/suurikantokykyiset-tikkaat\/monikayttoiset-ja-muotoiltavat-teleskooppitikkaat\/scalissima-elite\/#primaryimage\"},\"image\":{\"@id\":\"https:\/\/fedemark.ee\/fi\/tuotteet\/suurikantokykyiset-tikkaat\/monikayttoiset-ja-muotoiltavat-teleskooppitikkaat\/scalissima-elite\/#primaryimage\"},\"thumbnailUrl\":\"https:\/\/fedemark.ee\/wp-content\/uploads\/2017\/06\/Scalissima-Elite.jpg\",\"datePublished\":\"2017-06-15T12:43:15+00:00\",\"dateModified\":\"2017-07-27T12:44:04+00:00\",\"breadcrumb\":{\"@id\":\"https:\/\/fedemark.ee\/fi\/tuotteet\/suurikantokykyiset-tikkaat\/monikayttoiset-ja-muotoiltavat-teleskooppitikkaat\/scalissima-elite\/#breadcrumb\"},\"inLanguage\":\"fi-FI\",\"potentialAction\":[{\"@type\":\"ReadAction\",\"target\":[\"https:\/\/fedemark.ee\/fi\/tuotteet\/suurikantokykyiset-tikkaat\/monikayttoiset-ja-muotoiltavat-teleskooppitikkaat\/scalissima-elite\/\"]}]},{\"@type\":\"ImageObject\",\"inLanguage\":\"fi-FI\",\"@id\":\"https:\/\/fedemark.ee\/fi\/tuotteet\/suurikantokykyiset-tikkaat\/monikayttoiset-ja-muotoiltavat-teleskooppitikkaat\/scalissima-elite\/#primaryimage\",\"url\":\"https:\/\/fedemark.ee\/wp-content\/uploads\/2017\/06\/Scalissima-Elite.jpg\",\"contentUrl\":\"https:\/\/fedemark.ee\/wp-content\/uploads\/2017\/06\/Scalissima-Elite.jpg\",\"width\":2024,\"height\":2616},{\"@type\":\"BreadcrumbList\",\"@id\":\"https:\/\/fedemark.ee\/fi\/tuotteet\/suurikantokykyiset-tikkaat\/monikayttoiset-ja-muotoiltavat-teleskooppitikkaat\/scalissima-elite\/#breadcrumb\",\"itemListElement\":[{\"@type\":\"ListItem\",\"position\":1,\"name\":\"Home\",\"item\":\"https:\/\/fedemark.ee\/fi\/\"},{\"@type\":\"ListItem\",\"position\":2,\"name\":\"Tuotteet\",\"item\":\"https:\/\/fedemark.ee\/fi\/tuotteet\/\"},{\"@type\":\"ListItem\",\"position\":3,\"name\":\"Scalissima Elite\"}]},{\"@type\":\"WebSite\",\"@id\":\"https:\/\/fedemark.ee\/#website\",\"url\":\"https:\/\/fedemark.ee\/\",\"name\":\"Fedemark\",\"description\":\"Redelid, Tellingud, T\u00f6\u00f6platvormid ja vahekorrused\",\"potentialAction\":[{\"@type\":\"SearchAction\",\"target\":{\"@type\":\"EntryPoint\",\"urlTemplate\":\"https:\/\/fedemark.ee\/?s={search_term_string}\"},\"query-input\":\"required name=search_term_string\"}],\"inLanguage\":\"fi-FI\"}]}<\/script>\n<!-- \/ Yoast SEO plugin. -->","yoast_head_json":{"title":"Scalissima Elite - Fedemark","robots":{"index":"index","follow":"follow","max-snippet":"max-snippet:-1","max-image-preview":"max-image-preview:large","max-video-preview":"max-video-preview:-1"},"canonical":"https:\/\/fedemark.ee\/fi\/tuotteet\/suurikantokykyiset-tikkaat\/monikayttoiset-ja-muotoiltavat-teleskooppitikkaat\/scalissima-elite\/","og_locale":"fi_FI","og_type":"article","og_title":"Scalissima Elite - Fedemark","og_description":"Isolla alustalla ja useilla lis\u00e4tarvikkeilla varustetut kest\u00e4v\u00e4t ja monik\u00e4ytt\u00f6iset teleskooppitikkaat  Vahvistetusta alumiiniprofiilista valmistetut kolme-yhdess\u00e4-teleskooppitikkaat, jotka on varustettu uudella puristetusta alumiinista valmistetulla levym\u00e4isell\u00e4 saranalla. Mukana paljon lis\u00e4tarvikkeita. Vahvistetut profiilit, tikkaat on tarkoitettu raskaiden t\u00f6iden suorittamiseen. Voi k\u00e4ytt\u00e4\u00e4 porrastikkaina, sein\u00e4\u00e4n tai askelmille tuettavina tikkaina.  TEKNISET OMINAISUUDET \u2022 Latteat liukumattomat puolat 27x27 mm \u2022 Alumiininen saranan kiinnitys \u2022 Ter\u00e4ksest\u00e4 valmistettu ja nailonilla p\u00e4\u00e4llystetty lukituskoukku \u2022 Puolien v\u00e4linen et\u00e4isyys: 28 cm \u2022 Sisempi profiili: 63x27 mm \u2022 Ulompi profiili: 70x31 mm \u2022 Sis\u00e4rampin leveys: 36,5 cm \u2022 Ergonomiset, liukumattomat ja vahvistetut jalat (my\u00f6s sisemm\u00e4ss\u00e4 rampissa) \u2022 L\u00e4mp\u00f6kutistuva muovipakkaus kuvineen  Saranoiden nopea paikalleen asettaminen mahdollistaa: \u2022 porrastikkaina avaamisen ja sulkemisen saranan asentoa muuttamatta \u2022 tikkaiden lukitsemisen porrastikkaina k\u00e4yt\u00f6n aikana, muuttamalla saranan asentoa \u2022 tikkaiden avaamisen \/ sulkemisen k\u00e4ytett\u00e4v\u00e4ksi sein\u00e4\u00e4 vasten, muuttamalla saranan asentoa  LIS\u00c4VARUSTEET: \u2022 Uusi Sicurkit (ty\u00f6taso ja suojakaide) Svelt tikkaiden mukavaan ja turvalliseen k\u00e4ytt\u00f6\u00f6n viimeist\u00e4 askelmaa my\u00f6ten voimassa olevien standardien mukaisesti.","og_url":"https:\/\/fedemark.ee\/fi\/tuotteet\/suurikantokykyiset-tikkaat\/monikayttoiset-ja-muotoiltavat-teleskooppitikkaat\/scalissima-elite\/","og_site_name":"Fedemark","article_modified_time":"2017-07-27T12:44:04+00:00","og_image":[{"width":2024,"height":2616,"url":"https:\/\/fedemark.ee\/wp-content\/uploads\/2017\/06\/Scalissima-Elite.jpg","type":"image\/jpeg"}],"twitter_card":"summary_large_image","schema":{"@context":"https:\/\/schema.org","@graph":[{"@type":"WebPage","@id":"https:\/\/fedemark.ee\/fi\/tuotteet\/suurikantokykyiset-tikkaat\/monikayttoiset-ja-muotoiltavat-teleskooppitikkaat\/scalissima-elite\/","url":"https:\/\/fedemark.ee\/fi\/tuotteet\/suurikantokykyiset-tikkaat\/monikayttoiset-ja-muotoiltavat-teleskooppitikkaat\/scalissima-elite\/","name":"Scalissima Elite - Fedemark","isPartOf":{"@id":"https:\/\/fedemark.ee\/#website"},"primaryImageOfPage":{"@id":"https:\/\/fedemark.ee\/fi\/tuotteet\/suurikantokykyiset-tikkaat\/monikayttoiset-ja-muotoiltavat-teleskooppitikkaat\/scalissima-elite\/#primaryimage"},"image":{"@id":"https:\/\/fedemark.ee\/fi\/tuotteet\/suurikantokykyiset-tikkaat\/monikayttoiset-ja-muotoiltavat-teleskooppitikkaat\/scalissima-elite\/#primaryimage"},"thumbnailUrl":"https:\/\/fedemark.ee\/wp-content\/uploads\/2017\/06\/Scalissima-Elite.jpg","datePublished":"2017-06-15T12:43:15+00:00","dateModified":"2017-07-27T12:44:04+00:00","breadcrumb":{"@id":"https:\/\/fedemark.ee\/fi\/tuotteet\/suurikantokykyiset-tikkaat\/monikayttoiset-ja-muotoiltavat-teleskooppitikkaat\/scalissima-elite\/#breadcrumb"},"inLanguage":"fi-FI","potentialAction":[{"@type":"ReadAction","target":["https:\/\/fedemark.ee\/fi\/tuotteet\/suurikantokykyiset-tikkaat\/monikayttoiset-ja-muotoiltavat-teleskooppitikkaat\/scalissima-elite\/"]}]},{"@type":"ImageObject","inLanguage":"fi-FI","@id":"https:\/\/fedemark.ee\/fi\/tuotteet\/suurikantokykyiset-tikkaat\/monikayttoiset-ja-muotoiltavat-teleskooppitikkaat\/scalissima-elite\/#primaryimage","url":"https:\/\/fedemark.ee\/wp-content\/uploads\/2017\/06\/Scalissima-Elite.jpg","contentUrl":"https:\/\/fedemark.ee\/wp-content\/uploads\/2017\/06\/Scalissima-Elite.jpg","width":2024,"height":2616},{"@type":"BreadcrumbList","@id":"https:\/\/fedemark.ee\/fi\/tuotteet\/suurikantokykyiset-tikkaat\/monikayttoiset-ja-muotoiltavat-teleskooppitikkaat\/scalissima-elite\/#breadcrumb","itemListElement":[{"@type":"ListItem","position":1,"name":"Home","item":"https:\/\/fedemark.ee\/fi\/"},{"@type":"ListItem","position":2,"name":"Tuotteet","item":"https:\/\/fedemark.ee\/fi\/tuotteet\/"},{"@type":"ListItem","position":3,"name":"Scalissima Elite"}]},{"@type":"WebSite","@id":"https:\/\/fedemark.ee\/#website","url":"https:\/\/fedemark.ee\/","name":"Fedemark","description":"Redelid, Tellingud, T\u00f6\u00f6platvormid ja vahekorrused","potentialAction":[{"@type":"SearchAction","target":{"@type":"EntryPoint","urlTemplate":"https:\/\/fedemark.ee\/?s={search_term_string}"},"query-input":"required name=search_term_string"}],"inLanguage":"fi-FI"}]}},"_links":{"self":[{"href":"https:\/\/fedemark.ee\/fi\/wp-json\/wp\/v2\/product\/7363"}],"collection":[{"href":"https:\/\/fedemark.ee\/fi\/wp-json\/wp\/v2\/product"}],"about":[{"href":"https:\/\/fedemark.ee\/fi\/wp-json\/wp\/v2\/types\/product"}],"replies":[{"embeddable":true,"href":"https:\/\/fedemark.ee\/fi\/wp-json\/wp\/v2\/comments?post=7363"}],"version-history":[{"count":0,"href":"https:\/\/fedemark.ee\/fi\/wp-json\/wp\/v2\/product\/7363\/revisions"}],"wp:featuredmedia":[{"embeddable":true,"href":"https:\/\/fedemark.ee\/fi\/wp-json\/wp\/v2\/media\/6288"}],"wp:attachment":[{"href":"https:\/\/fedemark.ee\/fi\/wp-json\/wp\/v2\/media?parent=7363"}],"wp:term":[{"taxonomy":"product_cat","embeddable":true,"href":"https:\/\/fedemark.ee\/fi\/wp-json\/wp\/v2\/product_cat?post=7363"},{"taxonomy":"product_tag","embeddable":true,"href":"https:\/\/fedemark.ee\/fi\/wp-json\/wp\/v2\/product_tag?post=7363"}],"curies":[{"name":"wp","href":"https:\/\/api.w.org\/{rel}","templated":true}]}}