{"id":7364,"date":"2017-06-15T12:32:57","date_gmt":"2017-06-15T12:32:57","guid":{"rendered":"https:\/\/sharks.ee\/fedemark\/shop\/uncategorized\/scalissima-plus\/"},"modified":"2017-07-27T12:45:04","modified_gmt":"2017-07-27T12:45:04","slug":"scalissima-plus","status":"publish","type":"product","link":"https:\/\/fedemark.ee\/fi\/tuotteet\/suurikantokykyiset-tikkaat\/monikayttoiset-ja-muotoiltavat-teleskooppitikkaat\/scalissima-plus\/","title":{"rendered":"Scalissima Plus"},"content":{"rendered":"","protected":false},"excerpt":{"rendered":"<p><em>Isolla alustalla varustetut, huipputukevat ja monik\u00e4ytt\u00f6iset teleskooppitikkaat<\/em><\/p>\n<p>Huippulaadukkaat alumiiniprofiilista valmistetut kolme-yhdess\u00e4-teleskooppitikkaat, jotka on tarkoitettu erityisesti raskaiden t\u00f6iden suorittamiseen.<br \/>\nParemman kest\u00e4vyyden takaamiseksi tikkaissa on vahvistetut profiilit enint\u00e4\u00e4n 12 puolan tikkaita koskevien eurooppalaisten standardien mukaisesti. Voi k\u00e4ytt\u00e4\u00e4 porrastikkaina, sein\u00e4\u00e4n tai askelmille tuettuina tikkaina.<\/p>\n<p>Saranoiden nopea asennon muuttaminen mahdollistaa:<br \/>\n\u2022 porrastikkaina avaamisen ja sulkemisen saranan asentoa muuttamatta<br \/>\n\u2022 tikkaiden lukitsemisen porrastikkaina k\u00e4yt\u00f6n aikana, muuttamalla saranan asentoa<br \/>\n\u2022 tikkaiden avaamisen \/ sulkemisen k\u00e4ytett\u00e4v\u00e4ksi sein\u00e4\u00e4 vasten, muuttamalla saranan asentoa<\/p>\n<p>TEKNISET OMINAISUUDET<br \/>\n\u2022 Liukumattomat reunalliset puolat: 27&#215;27 mm<br \/>\n\u2022 Sisempi profiili: 63&#215;27 mm<br \/>\n\u2022 Ulompi profiili: 70&#215;31 mm<br \/>\n\u2022 Puolien v\u00e4linen et\u00e4isyys: 28 cm<br \/>\n\u2022 Kantavuus: 150 kg<br \/>\n\u2022 Sis\u00e4rampin leveys: 36,5 cm<br \/>\n\u2022 Puolien m\u00e4\u00e4r\u00e4: 8\u221212<br \/>\n\u2022 Porrastikkaiden korkeus: 1,90\u22122,94 m<br \/>\n\u2022 Korkeus sein\u00e4lle tuettuna: 4,02\u22126,25 m<\/p>\n<p>VAKIO-OSAT<br \/>\n\u2022 Liukumattomat ja vahvistetut kumijalat<br \/>\n\u2022 Nopeasti asentoa muuttavat saranat<br \/>\n\u2022 Ter\u00e4ksiset lukituskoukut, jotka on p\u00e4\u00e4llystetty nailonilla<br \/>\n\u2022 Alumiiniset saranan nupit<br \/>\n\u2022 Kyltti ja kokoamis- ja k\u00e4ytt\u00f6ohje<br \/>\n\u2022 L\u00e4mp\u00f6kutistuva muovipakkaus kuvineen<\/p>\n<p><img loading=\"lazy\" decoding=\"async\" class=\"alignnone wp-image-5253\" src=\"https:\/\/fedemark.ee\/wp-content\/uploads\/2017\/06\/Ikoonid_29.jpg\" alt=\"\" width=\"66\" height=\"62\" \/><img loading=\"lazy\" decoding=\"async\" class=\"alignnone wp-image-5257\" src=\"https:\/\/fedemark.ee\/wp-content\/uploads\/2017\/06\/Ikoonid_03-Copy.jpg\" alt=\"\" width=\"59\" height=\"59\" srcset=\"https:\/\/fedemark.ee\/wp-content\/uploads\/2017\/06\/Ikoonid_03-Copy.jpg 132w, https:\/\/fedemark.ee\/wp-content\/uploads\/2017\/06\/Ikoonid_03-Copy-100x100.jpg 100w\" sizes=\"(max-width: 59px) 100vw, 59px\" \/><img loading=\"lazy\" decoding=\"async\" class=\"alignnone wp-image-5329\" src=\"https:\/\/fedemark.ee\/wp-content\/uploads\/2017\/06\/Ikoonid_37-Copy.jpg\" alt=\"\" width=\"132\" height=\"59\" \/><img loading=\"lazy\" decoding=\"async\" class=\"alignnone wp-image-5353\" src=\"https:\/\/fedemark.ee\/wp-content\/uploads\/2017\/06\/Ikoonid_50.jpg\" alt=\"\" width=\"66\" height=\"78\" \/><img loading=\"lazy\" decoding=\"async\" class=\"alignnone wp-image-5337\" src=\"https:\/\/fedemark.ee\/wp-content\/uploads\/2017\/06\/Ikoonid_38-Copy.jpg\" alt=\"\" width=\"76\" height=\"73\" \/><\/p>\n","protected":false},"featured_media":9718,"comment_status":"open","ping_status":"closed","template":"","meta":{"footnotes":""},"product_cat":[178,205],"product_tag":[],"yoast_head":"<!-- This site is optimized with the Yoast SEO plugin v22.6 - https:\/\/yoast.com\/wordpress\/plugins\/seo\/ -->\n<title>Scalissima Plus - Fedemark<\/title>\n<meta name=\"robots\" content=\"index, follow, max-snippet:-1, max-image-preview:large, max-video-preview:-1\" \/>\n<link rel=\"canonical\" href=\"https:\/\/fedemark.ee\/fi\/tuotteet\/suurikantokykyiset-tikkaat\/monikayttoiset-ja-muotoiltavat-teleskooppitikkaat\/scalissima-plus\/\" \/>\n<meta property=\"og:locale\" content=\"fi_FI\" \/>\n<meta property=\"og:type\" content=\"article\" \/>\n<meta property=\"og:title\" content=\"Scalissima Plus - Fedemark\" \/>\n<meta property=\"og:description\" content=\"Isolla alustalla varustetut, huipputukevat ja monik\u00e4ytt\u00f6iset teleskooppitikkaat  Huippulaadukkaat alumiiniprofiilista valmistetut kolme-yhdess\u00e4-teleskooppitikkaat, jotka on tarkoitettu erityisesti raskaiden t\u00f6iden suorittamiseen. Paremman kest\u00e4vyyden takaamiseksi tikkaissa on vahvistetut profiilit enint\u00e4\u00e4n 12 puolan tikkaita koskevien eurooppalaisten standardien mukaisesti. Voi k\u00e4ytt\u00e4\u00e4 porrastikkaina, sein\u00e4\u00e4n tai askelmille tuettuina tikkaina.  Saranoiden nopea asennon muuttaminen mahdollistaa: \u2022 porrastikkaina avaamisen ja sulkemisen saranan asentoa muuttamatta \u2022 tikkaiden lukitsemisen porrastikkaina k\u00e4yt\u00f6n aikana, muuttamalla saranan asentoa \u2022 tikkaiden avaamisen \/ sulkemisen k\u00e4ytett\u00e4v\u00e4ksi sein\u00e4\u00e4 vasten, muuttamalla saranan asentoa  TEKNISET OMINAISUUDET \u2022 Liukumattomat reunalliset puolat: 27x27 mm \u2022 Sisempi profiili: 63x27 mm \u2022 Ulompi profiili: 70x31 mm \u2022 Puolien v\u00e4linen et\u00e4isyys: 28 cm \u2022 Kantavuus: 150 kg \u2022 Sis\u00e4rampin leveys: 36,5 cm \u2022 Puolien m\u00e4\u00e4r\u00e4: 8\u221212 \u2022 Porrastikkaiden korkeus: 1,90\u22122,94 m \u2022 Korkeus sein\u00e4lle tuettuna: 4,02\u22126,25 m  VAKIO-OSAT \u2022 Liukumattomat ja vahvistetut kumijalat \u2022 Nopeasti asentoa muuttavat saranat \u2022 Ter\u00e4ksiset lukituskoukut, jotka on p\u00e4\u00e4llystetty nailonilla \u2022 Alumiiniset saranan nupit \u2022 Kyltti ja kokoamis- ja k\u00e4ytt\u00f6ohje \u2022 L\u00e4mp\u00f6kutistuva muovipakkaus kuvineen\" \/>\n<meta property=\"og:url\" content=\"https:\/\/fedemark.ee\/fi\/tuotteet\/suurikantokykyiset-tikkaat\/monikayttoiset-ja-muotoiltavat-teleskooppitikkaat\/scalissima-plus\/\" \/>\n<meta property=\"og:site_name\" content=\"Fedemark\" \/>\n<meta property=\"article:modified_time\" content=\"2017-07-27T12:45:04+00:00\" \/>\n<meta property=\"og:image\" content=\"https:\/\/fedemark.ee\/wp-content\/uploads\/2017\/06\/Scalissima-Plus-1-1.jpg\" \/>\n\t<meta property=\"og:image:width\" content=\"800\" \/>\n\t<meta property=\"og:image:height\" content=\"800\" \/>\n\t<meta property=\"og:image:type\" content=\"image\/jpeg\" \/>\n<meta name=\"twitter:card\" content=\"summary_large_image\" \/>\n<script type=\"application\/ld+json\" class=\"yoast-schema-graph\">{\"@context\":\"https:\/\/schema.org\",\"@graph\":[{\"@type\":\"WebPage\",\"@id\":\"https:\/\/fedemark.ee\/fi\/tuotteet\/suurikantokykyiset-tikkaat\/monikayttoiset-ja-muotoiltavat-teleskooppitikkaat\/scalissima-plus\/\",\"url\":\"https:\/\/fedemark.ee\/fi\/tuotteet\/suurikantokykyiset-tikkaat\/monikayttoiset-ja-muotoiltavat-teleskooppitikkaat\/scalissima-plus\/\",\"name\":\"Scalissima Plus - Fedemark\",\"isPartOf\":{\"@id\":\"https:\/\/fedemark.ee\/#website\"},\"primaryImageOfPage\":{\"@id\":\"https:\/\/fedemark.ee\/fi\/tuotteet\/suurikantokykyiset-tikkaat\/monikayttoiset-ja-muotoiltavat-teleskooppitikkaat\/scalissima-plus\/#primaryimage\"},\"image\":{\"@id\":\"https:\/\/fedemark.ee\/fi\/tuotteet\/suurikantokykyiset-tikkaat\/monikayttoiset-ja-muotoiltavat-teleskooppitikkaat\/scalissima-plus\/#primaryimage\"},\"thumbnailUrl\":\"https:\/\/fedemark.ee\/wp-content\/uploads\/2017\/06\/Scalissima-Plus-1-1.jpg\",\"datePublished\":\"2017-06-15T12:32:57+00:00\",\"dateModified\":\"2017-07-27T12:45:04+00:00\",\"breadcrumb\":{\"@id\":\"https:\/\/fedemark.ee\/fi\/tuotteet\/suurikantokykyiset-tikkaat\/monikayttoiset-ja-muotoiltavat-teleskooppitikkaat\/scalissima-plus\/#breadcrumb\"},\"inLanguage\":\"fi-FI\",\"potentialAction\":[{\"@type\":\"ReadAction\",\"target\":[\"https:\/\/fedemark.ee\/fi\/tuotteet\/suurikantokykyiset-tikkaat\/monikayttoiset-ja-muotoiltavat-teleskooppitikkaat\/scalissima-plus\/\"]}]},{\"@type\":\"ImageObject\",\"inLanguage\":\"fi-FI\",\"@id\":\"https:\/\/fedemark.ee\/fi\/tuotteet\/suurikantokykyiset-tikkaat\/monikayttoiset-ja-muotoiltavat-teleskooppitikkaat\/scalissima-plus\/#primaryimage\",\"url\":\"https:\/\/fedemark.ee\/wp-content\/uploads\/2017\/06\/Scalissima-Plus-1-1.jpg\",\"contentUrl\":\"https:\/\/fedemark.ee\/wp-content\/uploads\/2017\/06\/Scalissima-Plus-1-1.jpg\",\"width\":800,\"height\":800},{\"@type\":\"BreadcrumbList\",\"@id\":\"https:\/\/fedemark.ee\/fi\/tuotteet\/suurikantokykyiset-tikkaat\/monikayttoiset-ja-muotoiltavat-teleskooppitikkaat\/scalissima-plus\/#breadcrumb\",\"itemListElement\":[{\"@type\":\"ListItem\",\"position\":1,\"name\":\"Home\",\"item\":\"https:\/\/fedemark.ee\/fi\/\"},{\"@type\":\"ListItem\",\"position\":2,\"name\":\"Tuotteet\",\"item\":\"https:\/\/fedemark.ee\/fi\/tuotteet\/\"},{\"@type\":\"ListItem\",\"position\":3,\"name\":\"Scalissima Plus\"}]},{\"@type\":\"WebSite\",\"@id\":\"https:\/\/fedemark.ee\/#website\",\"url\":\"https:\/\/fedemark.ee\/\",\"name\":\"Fedemark\",\"description\":\"Redelid, Tellingud, T\u00f6\u00f6platvormid ja vahekorrused\",\"potentialAction\":[{\"@type\":\"SearchAction\",\"target\":{\"@type\":\"EntryPoint\",\"urlTemplate\":\"https:\/\/fedemark.ee\/?s={search_term_string}\"},\"query-input\":\"required name=search_term_string\"}],\"inLanguage\":\"fi-FI\"}]}<\/script>\n<!-- \/ Yoast SEO plugin. -->","yoast_head_json":{"title":"Scalissima Plus - Fedemark","robots":{"index":"index","follow":"follow","max-snippet":"max-snippet:-1","max-image-preview":"max-image-preview:large","max-video-preview":"max-video-preview:-1"},"canonical":"https:\/\/fedemark.ee\/fi\/tuotteet\/suurikantokykyiset-tikkaat\/monikayttoiset-ja-muotoiltavat-teleskooppitikkaat\/scalissima-plus\/","og_locale":"fi_FI","og_type":"article","og_title":"Scalissima Plus - Fedemark","og_description":"Isolla alustalla varustetut, huipputukevat ja monik\u00e4ytt\u00f6iset teleskooppitikkaat  Huippulaadukkaat alumiiniprofiilista valmistetut kolme-yhdess\u00e4-teleskooppitikkaat, jotka on tarkoitettu erityisesti raskaiden t\u00f6iden suorittamiseen. Paremman kest\u00e4vyyden takaamiseksi tikkaissa on vahvistetut profiilit enint\u00e4\u00e4n 12 puolan tikkaita koskevien eurooppalaisten standardien mukaisesti. Voi k\u00e4ytt\u00e4\u00e4 porrastikkaina, sein\u00e4\u00e4n tai askelmille tuettuina tikkaina.  Saranoiden nopea asennon muuttaminen mahdollistaa: \u2022 porrastikkaina avaamisen ja sulkemisen saranan asentoa muuttamatta \u2022 tikkaiden lukitsemisen porrastikkaina k\u00e4yt\u00f6n aikana, muuttamalla saranan asentoa \u2022 tikkaiden avaamisen \/ sulkemisen k\u00e4ytett\u00e4v\u00e4ksi sein\u00e4\u00e4 vasten, muuttamalla saranan asentoa  TEKNISET OMINAISUUDET \u2022 Liukumattomat reunalliset puolat: 27x27 mm \u2022 Sisempi profiili: 63x27 mm \u2022 Ulompi profiili: 70x31 mm \u2022 Puolien v\u00e4linen et\u00e4isyys: 28 cm \u2022 Kantavuus: 150 kg \u2022 Sis\u00e4rampin leveys: 36,5 cm \u2022 Puolien m\u00e4\u00e4r\u00e4: 8\u221212 \u2022 Porrastikkaiden korkeus: 1,90\u22122,94 m \u2022 Korkeus sein\u00e4lle tuettuna: 4,02\u22126,25 m  VAKIO-OSAT \u2022 Liukumattomat ja vahvistetut kumijalat \u2022 Nopeasti asentoa muuttavat saranat \u2022 Ter\u00e4ksiset lukituskoukut, jotka on p\u00e4\u00e4llystetty nailonilla \u2022 Alumiiniset saranan nupit \u2022 Kyltti ja kokoamis- ja k\u00e4ytt\u00f6ohje \u2022 L\u00e4mp\u00f6kutistuva muovipakkaus kuvineen","og_url":"https:\/\/fedemark.ee\/fi\/tuotteet\/suurikantokykyiset-tikkaat\/monikayttoiset-ja-muotoiltavat-teleskooppitikkaat\/scalissima-plus\/","og_site_name":"Fedemark","article_modified_time":"2017-07-27T12:45:04+00:00","og_image":[{"width":800,"height":800,"url":"https:\/\/fedemark.ee\/wp-content\/uploads\/2017\/06\/Scalissima-Plus-1-1.jpg","type":"image\/jpeg"}],"twitter_card":"summary_large_image","schema":{"@context":"https:\/\/schema.org","@graph":[{"@type":"WebPage","@id":"https:\/\/fedemark.ee\/fi\/tuotteet\/suurikantokykyiset-tikkaat\/monikayttoiset-ja-muotoiltavat-teleskooppitikkaat\/scalissima-plus\/","url":"https:\/\/fedemark.ee\/fi\/tuotteet\/suurikantokykyiset-tikkaat\/monikayttoiset-ja-muotoiltavat-teleskooppitikkaat\/scalissima-plus\/","name":"Scalissima Plus - Fedemark","isPartOf":{"@id":"https:\/\/fedemark.ee\/#website"},"primaryImageOfPage":{"@id":"https:\/\/fedemark.ee\/fi\/tuotteet\/suurikantokykyiset-tikkaat\/monikayttoiset-ja-muotoiltavat-teleskooppitikkaat\/scalissima-plus\/#primaryimage"},"image":{"@id":"https:\/\/fedemark.ee\/fi\/tuotteet\/suurikantokykyiset-tikkaat\/monikayttoiset-ja-muotoiltavat-teleskooppitikkaat\/scalissima-plus\/#primaryimage"},"thumbnailUrl":"https:\/\/fedemark.ee\/wp-content\/uploads\/2017\/06\/Scalissima-Plus-1-1.jpg","datePublished":"2017-06-15T12:32:57+00:00","dateModified":"2017-07-27T12:45:04+00:00","breadcrumb":{"@id":"https:\/\/fedemark.ee\/fi\/tuotteet\/suurikantokykyiset-tikkaat\/monikayttoiset-ja-muotoiltavat-teleskooppitikkaat\/scalissima-plus\/#breadcrumb"},"inLanguage":"fi-FI","potentialAction":[{"@type":"ReadAction","target":["https:\/\/fedemark.ee\/fi\/tuotteet\/suurikantokykyiset-tikkaat\/monikayttoiset-ja-muotoiltavat-teleskooppitikkaat\/scalissima-plus\/"]}]},{"@type":"ImageObject","inLanguage":"fi-FI","@id":"https:\/\/fedemark.ee\/fi\/tuotteet\/suurikantokykyiset-tikkaat\/monikayttoiset-ja-muotoiltavat-teleskooppitikkaat\/scalissima-plus\/#primaryimage","url":"https:\/\/fedemark.ee\/wp-content\/uploads\/2017\/06\/Scalissima-Plus-1-1.jpg","contentUrl":"https:\/\/fedemark.ee\/wp-content\/uploads\/2017\/06\/Scalissima-Plus-1-1.jpg","width":800,"height":800},{"@type":"BreadcrumbList","@id":"https:\/\/fedemark.ee\/fi\/tuotteet\/suurikantokykyiset-tikkaat\/monikayttoiset-ja-muotoiltavat-teleskooppitikkaat\/scalissima-plus\/#breadcrumb","itemListElement":[{"@type":"ListItem","position":1,"name":"Home","item":"https:\/\/fedemark.ee\/fi\/"},{"@type":"ListItem","position":2,"name":"Tuotteet","item":"https:\/\/fedemark.ee\/fi\/tuotteet\/"},{"@type":"ListItem","position":3,"name":"Scalissima Plus"}]},{"@type":"WebSite","@id":"https:\/\/fedemark.ee\/#website","url":"https:\/\/fedemark.ee\/","name":"Fedemark","description":"Redelid, Tellingud, T\u00f6\u00f6platvormid ja vahekorrused","potentialAction":[{"@type":"SearchAction","target":{"@type":"EntryPoint","urlTemplate":"https:\/\/fedemark.ee\/?s={search_term_string}"},"query-input":"required name=search_term_string"}],"inLanguage":"fi-FI"}]}},"_links":{"self":[{"href":"https:\/\/fedemark.ee\/fi\/wp-json\/wp\/v2\/product\/7364"}],"collection":[{"href":"https:\/\/fedemark.ee\/fi\/wp-json\/wp\/v2\/product"}],"about":[{"href":"https:\/\/fedemark.ee\/fi\/wp-json\/wp\/v2\/types\/product"}],"replies":[{"embeddable":true,"href":"https:\/\/fedemark.ee\/fi\/wp-json\/wp\/v2\/comments?post=7364"}],"version-history":[{"count":0,"href":"https:\/\/fedemark.ee\/fi\/wp-json\/wp\/v2\/product\/7364\/revisions"}],"wp:featuredmedia":[{"embeddable":true,"href":"https:\/\/fedemark.ee\/fi\/wp-json\/wp\/v2\/media\/9718"}],"wp:attachment":[{"href":"https:\/\/fedemark.ee\/fi\/wp-json\/wp\/v2\/media?parent=7364"}],"wp:term":[{"taxonomy":"product_cat","embeddable":true,"href":"https:\/\/fedemark.ee\/fi\/wp-json\/wp\/v2\/product_cat?post=7364"},{"taxonomy":"product_tag","embeddable":true,"href":"https:\/\/fedemark.ee\/fi\/wp-json\/wp\/v2\/product_tag?post=7364"}],"curies":[{"name":"wp","href":"https:\/\/api.w.org\/{rel}","templated":true}]}}