{"id":7366,"date":"2017-06-19T07:22:27","date_gmt":"2017-06-19T07:22:27","guid":{"rendered":"https:\/\/sharks.ee\/fedemark\/shop\/uncategorized\/folding-platform\/"},"modified":"2017-07-27T13:07:15","modified_gmt":"2017-07-27T13:07:15","slug":"koottava-tyotaso","status":"publish","type":"product","link":"https:\/\/fedemark.ee\/fi\/tuotteet\/lastausluiskat\/koottavat-tasot\/koottava-tyotaso\/","title":{"rendered":"Koottava ty\u00f6taso"},"content":{"rendered":"","protected":false},"excerpt":{"rendered":"<p><em>Vahvistettu, puristetusta alumiinista valmistettu rakenne<\/em><\/p>\n<p>Tehty muhkuraisesta alumiinista, k\u00e4tev\u00e4 ja koottava, helppo kantaa ja k\u00e4yt\u00f6n j\u00e4lkeen varastoida. Sopii maalareille, rakennusyritt\u00e4jille ja rappaajille kevyempien t\u00f6iden tekemiseen. Tasossa vanhoihin ja raskaisiin lattiatasoihin verrattuna leve\u00e4 ty\u00f6taso, jota on helppo liikutella. Sen korkeutta voi s\u00e4\u00e4t\u00e4\u00e4 eritt\u00e4in tarkasti nopeiden kiinnityshakojen ansiosta, jotka liikkuvat mukana olevien jalkojen p\u00e4\u00e4ll\u00e4 (4 jalkaa, joiden pituus on 115 cm, ja jotka takaavat enint\u00e4\u00e4n 315 cm ty\u00f6korkeuden).<\/p>\n<p>\u2022 Vahvistettu, puristetusta alumiinista valmistettu rakenne<br \/>\n\u2022 Liukumattomasta muhkuraisesta alumiinista valmistettu ty\u00f6taso<br \/>\n\u2022 Varustettu kahvoilla, jotta liikuttelu olisi helppoa<br \/>\n\u2022 Mahdollista asettaa enint. 1999 mm korkeudelle<br \/>\n\u2022 Automaattiset ter\u00e4ssaranat<br \/>\n\u2022 Varustettu 4 jalalla, joiden pituus on 115 cm (kuljetuksen ajaksi ne pannaan sopivaan paikkaan tason sis\u00e4\u00e4n)<\/p>\n","protected":false},"featured_media":7426,"comment_status":"open","ping_status":"closed","template":"","meta":{"footnotes":""},"product_cat":[191,189],"product_tag":[],"yoast_head":"<!-- This site is optimized with the Yoast SEO plugin v22.6 - https:\/\/yoast.com\/wordpress\/plugins\/seo\/ -->\n<title>Koottava ty\u00f6taso - Fedemark<\/title>\n<meta name=\"robots\" content=\"index, follow, max-snippet:-1, max-image-preview:large, max-video-preview:-1\" \/>\n<link rel=\"canonical\" href=\"https:\/\/fedemark.ee\/fi\/tuotteet\/lastausluiskat\/koottavat-tasot\/koottava-tyotaso\/\" \/>\n<meta property=\"og:locale\" content=\"fi_FI\" \/>\n<meta property=\"og:type\" content=\"article\" \/>\n<meta property=\"og:title\" content=\"Koottava ty\u00f6taso - Fedemark\" \/>\n<meta property=\"og:description\" content=\"Vahvistettu, puristetusta alumiinista valmistettu rakenne  Tehty muhkuraisesta alumiinista, k\u00e4tev\u00e4 ja koottava, helppo kantaa ja k\u00e4yt\u00f6n j\u00e4lkeen varastoida. Sopii maalareille, rakennusyritt\u00e4jille ja rappaajille kevyempien t\u00f6iden tekemiseen. Tasossa vanhoihin ja raskaisiin lattiatasoihin verrattuna leve\u00e4 ty\u00f6taso, jota on helppo liikutella. Sen korkeutta voi s\u00e4\u00e4t\u00e4\u00e4 eritt\u00e4in tarkasti nopeiden kiinnityshakojen ansiosta, jotka liikkuvat mukana olevien jalkojen p\u00e4\u00e4ll\u00e4 (4 jalkaa, joiden pituus on 115 cm, ja jotka takaavat enint\u00e4\u00e4n 315 cm ty\u00f6korkeuden).  \u2022 Vahvistettu, puristetusta alumiinista valmistettu rakenne \u2022 Liukumattomasta muhkuraisesta alumiinista valmistettu ty\u00f6taso \u2022 Varustettu kahvoilla, jotta liikuttelu olisi helppoa \u2022 Mahdollista asettaa enint. 1999 mm korkeudelle \u2022 Automaattiset ter\u00e4ssaranat \u2022 Varustettu 4 jalalla, joiden pituus on 115 cm (kuljetuksen ajaksi ne pannaan sopivaan paikkaan tason sis\u00e4\u00e4n)\" \/>\n<meta property=\"og:url\" content=\"https:\/\/fedemark.ee\/fi\/tuotteet\/lastausluiskat\/koottavat-tasot\/koottava-tyotaso\/\" \/>\n<meta property=\"og:site_name\" content=\"Fedemark\" \/>\n<meta property=\"article:modified_time\" content=\"2017-07-27T13:07:15+00:00\" \/>\n<meta property=\"og:image\" content=\"https:\/\/fedemark.ee\/wp-content\/uploads\/2017\/06\/Folding-platform-2.jpg\" \/>\n\t<meta property=\"og:image:width\" content=\"248\" \/>\n\t<meta property=\"og:image:height\" content=\"380\" \/>\n\t<meta property=\"og:image:type\" content=\"image\/jpeg\" \/>\n<meta name=\"twitter:card\" content=\"summary_large_image\" \/>\n<script type=\"application\/ld+json\" class=\"yoast-schema-graph\">{\"@context\":\"https:\/\/schema.org\",\"@graph\":[{\"@type\":\"WebPage\",\"@id\":\"https:\/\/fedemark.ee\/fi\/tuotteet\/lastausluiskat\/koottavat-tasot\/koottava-tyotaso\/\",\"url\":\"https:\/\/fedemark.ee\/fi\/tuotteet\/lastausluiskat\/koottavat-tasot\/koottava-tyotaso\/\",\"name\":\"Koottava ty\u00f6taso - Fedemark\",\"isPartOf\":{\"@id\":\"https:\/\/fedemark.ee\/#website\"},\"primaryImageOfPage\":{\"@id\":\"https:\/\/fedemark.ee\/fi\/tuotteet\/lastausluiskat\/koottavat-tasot\/koottava-tyotaso\/#primaryimage\"},\"image\":{\"@id\":\"https:\/\/fedemark.ee\/fi\/tuotteet\/lastausluiskat\/koottavat-tasot\/koottava-tyotaso\/#primaryimage\"},\"thumbnailUrl\":\"https:\/\/fedemark.ee\/wp-content\/uploads\/2017\/06\/Folding-platform-2.jpg\",\"datePublished\":\"2017-06-19T07:22:27+00:00\",\"dateModified\":\"2017-07-27T13:07:15+00:00\",\"breadcrumb\":{\"@id\":\"https:\/\/fedemark.ee\/fi\/tuotteet\/lastausluiskat\/koottavat-tasot\/koottava-tyotaso\/#breadcrumb\"},\"inLanguage\":\"fi-FI\",\"potentialAction\":[{\"@type\":\"ReadAction\",\"target\":[\"https:\/\/fedemark.ee\/fi\/tuotteet\/lastausluiskat\/koottavat-tasot\/koottava-tyotaso\/\"]}]},{\"@type\":\"ImageObject\",\"inLanguage\":\"fi-FI\",\"@id\":\"https:\/\/fedemark.ee\/fi\/tuotteet\/lastausluiskat\/koottavat-tasot\/koottava-tyotaso\/#primaryimage\",\"url\":\"https:\/\/fedemark.ee\/wp-content\/uploads\/2017\/06\/Folding-platform-2.jpg\",\"contentUrl\":\"https:\/\/fedemark.ee\/wp-content\/uploads\/2017\/06\/Folding-platform-2.jpg\",\"width\":248,\"height\":380},{\"@type\":\"BreadcrumbList\",\"@id\":\"https:\/\/fedemark.ee\/fi\/tuotteet\/lastausluiskat\/koottavat-tasot\/koottava-tyotaso\/#breadcrumb\",\"itemListElement\":[{\"@type\":\"ListItem\",\"position\":1,\"name\":\"Home\",\"item\":\"https:\/\/fedemark.ee\/fi\/\"},{\"@type\":\"ListItem\",\"position\":2,\"name\":\"Tuotteet\",\"item\":\"https:\/\/fedemark.ee\/fi\/tuotteet\/\"},{\"@type\":\"ListItem\",\"position\":3,\"name\":\"Koottava ty\u00f6taso\"}]},{\"@type\":\"WebSite\",\"@id\":\"https:\/\/fedemark.ee\/#website\",\"url\":\"https:\/\/fedemark.ee\/\",\"name\":\"Fedemark\",\"description\":\"Redelid, Tellingud, T\u00f6\u00f6platvormid ja vahekorrused\",\"potentialAction\":[{\"@type\":\"SearchAction\",\"target\":{\"@type\":\"EntryPoint\",\"urlTemplate\":\"https:\/\/fedemark.ee\/?s={search_term_string}\"},\"query-input\":\"required name=search_term_string\"}],\"inLanguage\":\"fi-FI\"}]}<\/script>\n<!-- \/ Yoast SEO plugin. -->","yoast_head_json":{"title":"Koottava ty\u00f6taso - Fedemark","robots":{"index":"index","follow":"follow","max-snippet":"max-snippet:-1","max-image-preview":"max-image-preview:large","max-video-preview":"max-video-preview:-1"},"canonical":"https:\/\/fedemark.ee\/fi\/tuotteet\/lastausluiskat\/koottavat-tasot\/koottava-tyotaso\/","og_locale":"fi_FI","og_type":"article","og_title":"Koottava ty\u00f6taso - Fedemark","og_description":"Vahvistettu, puristetusta alumiinista valmistettu rakenne  Tehty muhkuraisesta alumiinista, k\u00e4tev\u00e4 ja koottava, helppo kantaa ja k\u00e4yt\u00f6n j\u00e4lkeen varastoida. Sopii maalareille, rakennusyritt\u00e4jille ja rappaajille kevyempien t\u00f6iden tekemiseen. Tasossa vanhoihin ja raskaisiin lattiatasoihin verrattuna leve\u00e4 ty\u00f6taso, jota on helppo liikutella. Sen korkeutta voi s\u00e4\u00e4t\u00e4\u00e4 eritt\u00e4in tarkasti nopeiden kiinnityshakojen ansiosta, jotka liikkuvat mukana olevien jalkojen p\u00e4\u00e4ll\u00e4 (4 jalkaa, joiden pituus on 115 cm, ja jotka takaavat enint\u00e4\u00e4n 315 cm ty\u00f6korkeuden).  \u2022 Vahvistettu, puristetusta alumiinista valmistettu rakenne \u2022 Liukumattomasta muhkuraisesta alumiinista valmistettu ty\u00f6taso \u2022 Varustettu kahvoilla, jotta liikuttelu olisi helppoa \u2022 Mahdollista asettaa enint. 1999 mm korkeudelle \u2022 Automaattiset ter\u00e4ssaranat \u2022 Varustettu 4 jalalla, joiden pituus on 115 cm (kuljetuksen ajaksi ne pannaan sopivaan paikkaan tason sis\u00e4\u00e4n)","og_url":"https:\/\/fedemark.ee\/fi\/tuotteet\/lastausluiskat\/koottavat-tasot\/koottava-tyotaso\/","og_site_name":"Fedemark","article_modified_time":"2017-07-27T13:07:15+00:00","og_image":[{"width":248,"height":380,"url":"https:\/\/fedemark.ee\/wp-content\/uploads\/2017\/06\/Folding-platform-2.jpg","type":"image\/jpeg"}],"twitter_card":"summary_large_image","schema":{"@context":"https:\/\/schema.org","@graph":[{"@type":"WebPage","@id":"https:\/\/fedemark.ee\/fi\/tuotteet\/lastausluiskat\/koottavat-tasot\/koottava-tyotaso\/","url":"https:\/\/fedemark.ee\/fi\/tuotteet\/lastausluiskat\/koottavat-tasot\/koottava-tyotaso\/","name":"Koottava ty\u00f6taso - Fedemark","isPartOf":{"@id":"https:\/\/fedemark.ee\/#website"},"primaryImageOfPage":{"@id":"https:\/\/fedemark.ee\/fi\/tuotteet\/lastausluiskat\/koottavat-tasot\/koottava-tyotaso\/#primaryimage"},"image":{"@id":"https:\/\/fedemark.ee\/fi\/tuotteet\/lastausluiskat\/koottavat-tasot\/koottava-tyotaso\/#primaryimage"},"thumbnailUrl":"https:\/\/fedemark.ee\/wp-content\/uploads\/2017\/06\/Folding-platform-2.jpg","datePublished":"2017-06-19T07:22:27+00:00","dateModified":"2017-07-27T13:07:15+00:00","breadcrumb":{"@id":"https:\/\/fedemark.ee\/fi\/tuotteet\/lastausluiskat\/koottavat-tasot\/koottava-tyotaso\/#breadcrumb"},"inLanguage":"fi-FI","potentialAction":[{"@type":"ReadAction","target":["https:\/\/fedemark.ee\/fi\/tuotteet\/lastausluiskat\/koottavat-tasot\/koottava-tyotaso\/"]}]},{"@type":"ImageObject","inLanguage":"fi-FI","@id":"https:\/\/fedemark.ee\/fi\/tuotteet\/lastausluiskat\/koottavat-tasot\/koottava-tyotaso\/#primaryimage","url":"https:\/\/fedemark.ee\/wp-content\/uploads\/2017\/06\/Folding-platform-2.jpg","contentUrl":"https:\/\/fedemark.ee\/wp-content\/uploads\/2017\/06\/Folding-platform-2.jpg","width":248,"height":380},{"@type":"BreadcrumbList","@id":"https:\/\/fedemark.ee\/fi\/tuotteet\/lastausluiskat\/koottavat-tasot\/koottava-tyotaso\/#breadcrumb","itemListElement":[{"@type":"ListItem","position":1,"name":"Home","item":"https:\/\/fedemark.ee\/fi\/"},{"@type":"ListItem","position":2,"name":"Tuotteet","item":"https:\/\/fedemark.ee\/fi\/tuotteet\/"},{"@type":"ListItem","position":3,"name":"Koottava ty\u00f6taso"}]},{"@type":"WebSite","@id":"https:\/\/fedemark.ee\/#website","url":"https:\/\/fedemark.ee\/","name":"Fedemark","description":"Redelid, Tellingud, T\u00f6\u00f6platvormid ja vahekorrused","potentialAction":[{"@type":"SearchAction","target":{"@type":"EntryPoint","urlTemplate":"https:\/\/fedemark.ee\/?s={search_term_string}"},"query-input":"required name=search_term_string"}],"inLanguage":"fi-FI"}]}},"_links":{"self":[{"href":"https:\/\/fedemark.ee\/fi\/wp-json\/wp\/v2\/product\/7366"}],"collection":[{"href":"https:\/\/fedemark.ee\/fi\/wp-json\/wp\/v2\/product"}],"about":[{"href":"https:\/\/fedemark.ee\/fi\/wp-json\/wp\/v2\/types\/product"}],"replies":[{"embeddable":true,"href":"https:\/\/fedemark.ee\/fi\/wp-json\/wp\/v2\/comments?post=7366"}],"version-history":[{"count":0,"href":"https:\/\/fedemark.ee\/fi\/wp-json\/wp\/v2\/product\/7366\/revisions"}],"wp:featuredmedia":[{"embeddable":true,"href":"https:\/\/fedemark.ee\/fi\/wp-json\/wp\/v2\/media\/7426"}],"wp:attachment":[{"href":"https:\/\/fedemark.ee\/fi\/wp-json\/wp\/v2\/media?parent=7366"}],"wp:term":[{"taxonomy":"product_cat","embeddable":true,"href":"https:\/\/fedemark.ee\/fi\/wp-json\/wp\/v2\/product_cat?post=7366"},{"taxonomy":"product_tag","embeddable":true,"href":"https:\/\/fedemark.ee\/fi\/wp-json\/wp\/v2\/product_tag?post=7366"}],"curies":[{"name":"wp","href":"https:\/\/api.w.org\/{rel}","templated":true}]}}