{"id":7367,"date":"2017-06-19T07:33:31","date_gmt":"2017-06-19T07:33:31","guid":{"rendered":"https:\/\/sharks.ee\/fedemark\/shop\/uncategorized\/telescopic-folding-platform\/"},"modified":"2017-07-27T13:10:07","modified_gmt":"2017-07-27T13:10:07","slug":"koottava-teleskooppitaso","status":"publish","type":"product","link":"https:\/\/fedemark.ee\/fi\/tuotteet\/lastausluiskat\/koottavat-tasot\/koottava-teleskooppitaso\/","title":{"rendered":"Koottava teleskooppitaso"},"content":{"rendered":"","protected":false},"excerpt":{"rendered":"<p><em>Vahvistettu, puristetusta alumiinista valmistettu rakenne<\/em><\/p>\n<p>Valmistettu pinnaltaan liukumattomasta, muhkuraisesta alumiinista. Helppo kuljetus on taattu, koska taso on kompakti ja koottava. Sopii maalareille, rakennusyritt\u00e4jille ja rappaajille kevyempien t\u00f6iden tekemiseen.<\/p>\n<p>Tasossa on vanhoihin ja raskaisiin lattiatasoihin verrattuna leve\u00e4 ty\u00f6taso. Avattuna sen ty\u00f6taso on 240 cm. Teleskooppitasona pinnan pituus ylt\u00e4\u00e4 400 cm:in.<\/p>\n<p>\u2022\u00a0Vahvistettu, puristetusta alumiinista valmistettu rakenne<br \/>\n\u2022 Liukumattomasta muhkuraisesta alumiinista valmistettu ty\u00f6taso<br \/>\n\u2022 Varustettu kahvoilla, jotta liikuttelu olisi helppoa<br \/>\n\u2022 Taso tulee asentaa sopivan kantaville (150 kg) vakaille tuille, esimerkiksi meid\u00e4n alumiinisille sahapukeillemme STAND tai porrastikkaille PUNTO PLUS<br \/>\n\u2022 Mahdollista asettaa enint. 1999 mm korkeudelle<br \/>\n\u2022 Pituus s\u00e4\u00e4dett\u00e4viss\u00e4 120\u2212400 cm muutamassa sekunnissa<br \/>\n\u2022 Koukku teleskooppijatkon kiinnitt\u00e4miseen<br \/>\n\u2022 Automaattiset ter\u00e4ssaranat kokoamista varten<\/p>\n","protected":false},"featured_media":7470,"comment_status":"open","ping_status":"closed","template":"","meta":{"footnotes":""},"product_cat":[191,189],"product_tag":[],"yoast_head":"<!-- This site is optimized with the Yoast SEO plugin v22.6 - https:\/\/yoast.com\/wordpress\/plugins\/seo\/ -->\n<title>Koottava teleskooppitaso - Fedemark<\/title>\n<meta name=\"robots\" content=\"index, follow, max-snippet:-1, max-image-preview:large, max-video-preview:-1\" \/>\n<link rel=\"canonical\" href=\"https:\/\/fedemark.ee\/fi\/tuotteet\/lastausluiskat\/koottavat-tasot\/koottava-teleskooppitaso\/\" \/>\n<meta property=\"og:locale\" content=\"fi_FI\" \/>\n<meta property=\"og:type\" content=\"article\" \/>\n<meta property=\"og:title\" content=\"Koottava teleskooppitaso - Fedemark\" \/>\n<meta property=\"og:description\" content=\"Vahvistettu, puristetusta alumiinista valmistettu rakenne  Valmistettu pinnaltaan liukumattomasta, muhkuraisesta alumiinista. Helppo kuljetus on taattu, koska taso on kompakti ja koottava. Sopii maalareille, rakennusyritt\u00e4jille ja rappaajille kevyempien t\u00f6iden tekemiseen.  Tasossa on vanhoihin ja raskaisiin lattiatasoihin verrattuna leve\u00e4 ty\u00f6taso. Avattuna sen ty\u00f6taso on 240 cm. Teleskooppitasona pinnan pituus ylt\u00e4\u00e4 400 cm:in.  \u2022\u00a0Vahvistettu, puristetusta alumiinista valmistettu rakenne \u2022 Liukumattomasta muhkuraisesta alumiinista valmistettu ty\u00f6taso \u2022 Varustettu kahvoilla, jotta liikuttelu olisi helppoa \u2022 Taso tulee asentaa sopivan kantaville (150 kg) vakaille tuille, esimerkiksi meid\u00e4n alumiinisille sahapukeillemme STAND tai porrastikkaille PUNTO PLUS \u2022 Mahdollista asettaa enint. 1999 mm korkeudelle \u2022 Pituus s\u00e4\u00e4dett\u00e4viss\u00e4 120\u2212400 cm muutamassa sekunnissa \u2022 Koukku teleskooppijatkon kiinnitt\u00e4miseen \u2022 Automaattiset ter\u00e4ssaranat kokoamista varten\" \/>\n<meta property=\"og:url\" content=\"https:\/\/fedemark.ee\/fi\/tuotteet\/lastausluiskat\/koottavat-tasot\/koottava-teleskooppitaso\/\" \/>\n<meta property=\"og:site_name\" content=\"Fedemark\" \/>\n<meta property=\"article:modified_time\" content=\"2017-07-27T13:10:07+00:00\" \/>\n<meta property=\"og:image\" content=\"https:\/\/fedemark.ee\/wp-content\/uploads\/2017\/06\/Telescopic-folding-platform.jpg\" \/>\n\t<meta property=\"og:image:width\" content=\"248\" \/>\n\t<meta property=\"og:image:height\" content=\"364\" \/>\n\t<meta property=\"og:image:type\" content=\"image\/jpeg\" \/>\n<meta name=\"twitter:card\" content=\"summary_large_image\" \/>\n<script type=\"application\/ld+json\" class=\"yoast-schema-graph\">{\"@context\":\"https:\/\/schema.org\",\"@graph\":[{\"@type\":\"WebPage\",\"@id\":\"https:\/\/fedemark.ee\/fi\/tuotteet\/lastausluiskat\/koottavat-tasot\/koottava-teleskooppitaso\/\",\"url\":\"https:\/\/fedemark.ee\/fi\/tuotteet\/lastausluiskat\/koottavat-tasot\/koottava-teleskooppitaso\/\",\"name\":\"Koottava teleskooppitaso - Fedemark\",\"isPartOf\":{\"@id\":\"https:\/\/fedemark.ee\/#website\"},\"primaryImageOfPage\":{\"@id\":\"https:\/\/fedemark.ee\/fi\/tuotteet\/lastausluiskat\/koottavat-tasot\/koottava-teleskooppitaso\/#primaryimage\"},\"image\":{\"@id\":\"https:\/\/fedemark.ee\/fi\/tuotteet\/lastausluiskat\/koottavat-tasot\/koottava-teleskooppitaso\/#primaryimage\"},\"thumbnailUrl\":\"https:\/\/fedemark.ee\/wp-content\/uploads\/2017\/06\/Telescopic-folding-platform.jpg\",\"datePublished\":\"2017-06-19T07:33:31+00:00\",\"dateModified\":\"2017-07-27T13:10:07+00:00\",\"breadcrumb\":{\"@id\":\"https:\/\/fedemark.ee\/fi\/tuotteet\/lastausluiskat\/koottavat-tasot\/koottava-teleskooppitaso\/#breadcrumb\"},\"inLanguage\":\"fi-FI\",\"potentialAction\":[{\"@type\":\"ReadAction\",\"target\":[\"https:\/\/fedemark.ee\/fi\/tuotteet\/lastausluiskat\/koottavat-tasot\/koottava-teleskooppitaso\/\"]}]},{\"@type\":\"ImageObject\",\"inLanguage\":\"fi-FI\",\"@id\":\"https:\/\/fedemark.ee\/fi\/tuotteet\/lastausluiskat\/koottavat-tasot\/koottava-teleskooppitaso\/#primaryimage\",\"url\":\"https:\/\/fedemark.ee\/wp-content\/uploads\/2017\/06\/Telescopic-folding-platform.jpg\",\"contentUrl\":\"https:\/\/fedemark.ee\/wp-content\/uploads\/2017\/06\/Telescopic-folding-platform.jpg\",\"width\":248,\"height\":364},{\"@type\":\"BreadcrumbList\",\"@id\":\"https:\/\/fedemark.ee\/fi\/tuotteet\/lastausluiskat\/koottavat-tasot\/koottava-teleskooppitaso\/#breadcrumb\",\"itemListElement\":[{\"@type\":\"ListItem\",\"position\":1,\"name\":\"Home\",\"item\":\"https:\/\/fedemark.ee\/fi\/\"},{\"@type\":\"ListItem\",\"position\":2,\"name\":\"Tuotteet\",\"item\":\"https:\/\/fedemark.ee\/fi\/tuotteet\/\"},{\"@type\":\"ListItem\",\"position\":3,\"name\":\"Koottava teleskooppitaso\"}]},{\"@type\":\"WebSite\",\"@id\":\"https:\/\/fedemark.ee\/#website\",\"url\":\"https:\/\/fedemark.ee\/\",\"name\":\"Fedemark\",\"description\":\"Redelid, Tellingud, T\u00f6\u00f6platvormid ja vahekorrused\",\"potentialAction\":[{\"@type\":\"SearchAction\",\"target\":{\"@type\":\"EntryPoint\",\"urlTemplate\":\"https:\/\/fedemark.ee\/?s={search_term_string}\"},\"query-input\":\"required name=search_term_string\"}],\"inLanguage\":\"fi-FI\"}]}<\/script>\n<!-- \/ Yoast SEO plugin. -->","yoast_head_json":{"title":"Koottava teleskooppitaso - Fedemark","robots":{"index":"index","follow":"follow","max-snippet":"max-snippet:-1","max-image-preview":"max-image-preview:large","max-video-preview":"max-video-preview:-1"},"canonical":"https:\/\/fedemark.ee\/fi\/tuotteet\/lastausluiskat\/koottavat-tasot\/koottava-teleskooppitaso\/","og_locale":"fi_FI","og_type":"article","og_title":"Koottava teleskooppitaso - Fedemark","og_description":"Vahvistettu, puristetusta alumiinista valmistettu rakenne  Valmistettu pinnaltaan liukumattomasta, muhkuraisesta alumiinista. Helppo kuljetus on taattu, koska taso on kompakti ja koottava. Sopii maalareille, rakennusyritt\u00e4jille ja rappaajille kevyempien t\u00f6iden tekemiseen.  Tasossa on vanhoihin ja raskaisiin lattiatasoihin verrattuna leve\u00e4 ty\u00f6taso. Avattuna sen ty\u00f6taso on 240 cm. Teleskooppitasona pinnan pituus ylt\u00e4\u00e4 400 cm:in.  \u2022\u00a0Vahvistettu, puristetusta alumiinista valmistettu rakenne \u2022 Liukumattomasta muhkuraisesta alumiinista valmistettu ty\u00f6taso \u2022 Varustettu kahvoilla, jotta liikuttelu olisi helppoa \u2022 Taso tulee asentaa sopivan kantaville (150 kg) vakaille tuille, esimerkiksi meid\u00e4n alumiinisille sahapukeillemme STAND tai porrastikkaille PUNTO PLUS \u2022 Mahdollista asettaa enint. 1999 mm korkeudelle \u2022 Pituus s\u00e4\u00e4dett\u00e4viss\u00e4 120\u2212400 cm muutamassa sekunnissa \u2022 Koukku teleskooppijatkon kiinnitt\u00e4miseen \u2022 Automaattiset ter\u00e4ssaranat kokoamista varten","og_url":"https:\/\/fedemark.ee\/fi\/tuotteet\/lastausluiskat\/koottavat-tasot\/koottava-teleskooppitaso\/","og_site_name":"Fedemark","article_modified_time":"2017-07-27T13:10:07+00:00","og_image":[{"width":248,"height":364,"url":"https:\/\/fedemark.ee\/wp-content\/uploads\/2017\/06\/Telescopic-folding-platform.jpg","type":"image\/jpeg"}],"twitter_card":"summary_large_image","schema":{"@context":"https:\/\/schema.org","@graph":[{"@type":"WebPage","@id":"https:\/\/fedemark.ee\/fi\/tuotteet\/lastausluiskat\/koottavat-tasot\/koottava-teleskooppitaso\/","url":"https:\/\/fedemark.ee\/fi\/tuotteet\/lastausluiskat\/koottavat-tasot\/koottava-teleskooppitaso\/","name":"Koottava teleskooppitaso - Fedemark","isPartOf":{"@id":"https:\/\/fedemark.ee\/#website"},"primaryImageOfPage":{"@id":"https:\/\/fedemark.ee\/fi\/tuotteet\/lastausluiskat\/koottavat-tasot\/koottava-teleskooppitaso\/#primaryimage"},"image":{"@id":"https:\/\/fedemark.ee\/fi\/tuotteet\/lastausluiskat\/koottavat-tasot\/koottava-teleskooppitaso\/#primaryimage"},"thumbnailUrl":"https:\/\/fedemark.ee\/wp-content\/uploads\/2017\/06\/Telescopic-folding-platform.jpg","datePublished":"2017-06-19T07:33:31+00:00","dateModified":"2017-07-27T13:10:07+00:00","breadcrumb":{"@id":"https:\/\/fedemark.ee\/fi\/tuotteet\/lastausluiskat\/koottavat-tasot\/koottava-teleskooppitaso\/#breadcrumb"},"inLanguage":"fi-FI","potentialAction":[{"@type":"ReadAction","target":["https:\/\/fedemark.ee\/fi\/tuotteet\/lastausluiskat\/koottavat-tasot\/koottava-teleskooppitaso\/"]}]},{"@type":"ImageObject","inLanguage":"fi-FI","@id":"https:\/\/fedemark.ee\/fi\/tuotteet\/lastausluiskat\/koottavat-tasot\/koottava-teleskooppitaso\/#primaryimage","url":"https:\/\/fedemark.ee\/wp-content\/uploads\/2017\/06\/Telescopic-folding-platform.jpg","contentUrl":"https:\/\/fedemark.ee\/wp-content\/uploads\/2017\/06\/Telescopic-folding-platform.jpg","width":248,"height":364},{"@type":"BreadcrumbList","@id":"https:\/\/fedemark.ee\/fi\/tuotteet\/lastausluiskat\/koottavat-tasot\/koottava-teleskooppitaso\/#breadcrumb","itemListElement":[{"@type":"ListItem","position":1,"name":"Home","item":"https:\/\/fedemark.ee\/fi\/"},{"@type":"ListItem","position":2,"name":"Tuotteet","item":"https:\/\/fedemark.ee\/fi\/tuotteet\/"},{"@type":"ListItem","position":3,"name":"Koottava teleskooppitaso"}]},{"@type":"WebSite","@id":"https:\/\/fedemark.ee\/#website","url":"https:\/\/fedemark.ee\/","name":"Fedemark","description":"Redelid, Tellingud, T\u00f6\u00f6platvormid ja vahekorrused","potentialAction":[{"@type":"SearchAction","target":{"@type":"EntryPoint","urlTemplate":"https:\/\/fedemark.ee\/?s={search_term_string}"},"query-input":"required name=search_term_string"}],"inLanguage":"fi-FI"}]}},"_links":{"self":[{"href":"https:\/\/fedemark.ee\/fi\/wp-json\/wp\/v2\/product\/7367"}],"collection":[{"href":"https:\/\/fedemark.ee\/fi\/wp-json\/wp\/v2\/product"}],"about":[{"href":"https:\/\/fedemark.ee\/fi\/wp-json\/wp\/v2\/types\/product"}],"replies":[{"embeddable":true,"href":"https:\/\/fedemark.ee\/fi\/wp-json\/wp\/v2\/comments?post=7367"}],"version-history":[{"count":0,"href":"https:\/\/fedemark.ee\/fi\/wp-json\/wp\/v2\/product\/7367\/revisions"}],"wp:featuredmedia":[{"embeddable":true,"href":"https:\/\/fedemark.ee\/fi\/wp-json\/wp\/v2\/media\/7470"}],"wp:attachment":[{"href":"https:\/\/fedemark.ee\/fi\/wp-json\/wp\/v2\/media?parent=7367"}],"wp:term":[{"taxonomy":"product_cat","embeddable":true,"href":"https:\/\/fedemark.ee\/fi\/wp-json\/wp\/v2\/product_cat?post=7367"},{"taxonomy":"product_tag","embeddable":true,"href":"https:\/\/fedemark.ee\/fi\/wp-json\/wp\/v2\/product_tag?post=7367"}],"curies":[{"name":"wp","href":"https:\/\/api.w.org\/{rel}","templated":true}]}}