{"id":7368,"date":"2017-06-19T07:35:35","date_gmt":"2017-06-19T07:35:35","guid":{"rendered":"https:\/\/sharks.ee\/fedemark\/shop\/uncategorized\/kerge-kaldtee\/"},"modified":"2017-11-14T10:44:09","modified_gmt":"2017-11-14T10:44:09","slug":"kevyet-lastausluiskat","status":"publish","type":"product","link":"https:\/\/fedemark.ee\/fi\/tuotteet\/lastausluiskat\/lastausluiskat-fi\/kevyet-lastausluiskat\/","title":{"rendered":"Kevyet lastausluiskat"},"content":{"rendered":"","protected":false},"excerpt":{"rendered":"<p><em>Kevyet alumiiniset lastausluiskat, jotka sopivat kuormien lastaamiseen ja purkamiseen pienist\u00e4 ajoneuvoista<\/em><\/p>\n<p>Uusien kevyiden alumiinista valmistettujen lastausluiskien joukkoon kuuluu suuri valikoima meid\u00e4n kest\u00e4vi\u00e4 luiskiamme. Uusi 35 mm korkea profiili mahdollistaa erilaisten, eritt\u00e4in kevyiden luiskien valmistuksen. Ne sopivat kuormien lastaamiseen ja purkamiseen pienist\u00e4 ajoneuvoista.<br \/>\nLiukumaton reunalaatta mahdollistaa sijoittamisen mahdollisimman l\u00e4helle ajoneuvoa.<br \/>\n1,5-, 2- tai 2,5 metrin kevyit\u00e4 luiskia voi lastata pieniin ajoneuvoihin ja niiden kuljettaminen on helppoa.<br \/>\nLuiskat sopivat ihanteellisesti moottoripy\u00f6rille, matkailuautoille, per\u00e4vaunuille, harrastuslaitteille, puutarhaty\u00f6kaluille, pyyhkimiskoneille ja rakennusteollisuuden koneille.<\/p>\n<p>\u2022 Vahvistettu, puristetusta alumiinista valmistettu rakenne<br \/>\n\u2022 Luiskan takaosa profiili on kolmikulmainen, joka muuttaa ajoneuvon liikkeen helpoksi<br \/>\n\u2022 Luiskan etuosassa reik\u00e4 keskell\u00e4, joka on tarkoitettu luiskan kiinnitt\u00e4miseen ajoneuvoon<br \/>\n\u2022 Reunalaatalla varustettu, liukumattomasta alumiinista valmistettu taso<\/p>\n<p>KANTAVUUS keskitetyll\u00e4 kuormituksella: se tarkoittaa, ett\u00e4 kuormitus asetetaan vain yhteen pisteeseen<br \/>\nKANTAVUUS py\u00f6rien v\u00e4lisell\u00e4 alueella: se tarkoittaa et\u00e4isyytt\u00e4 2 py\u00f6rien akselin v\u00e4liss\u00e4 (50, 75 tai 100 cm)<\/p>\n","protected":false},"featured_media":10598,"comment_status":"open","ping_status":"closed","template":"","meta":{"footnotes":""},"product_cat":[189,278],"product_tag":[],"yoast_head":"<!-- This site is optimized with the Yoast SEO plugin v22.6 - https:\/\/yoast.com\/wordpress\/plugins\/seo\/ -->\n<title>Kevyet lastausluiskat - Fedemark<\/title>\n<meta name=\"robots\" content=\"index, follow, max-snippet:-1, max-image-preview:large, max-video-preview:-1\" \/>\n<link rel=\"canonical\" href=\"https:\/\/fedemark.ee\/fi\/tuotteet\/lastausluiskat\/lastausluiskat-fi\/kevyet-lastausluiskat\/\" \/>\n<meta property=\"og:locale\" content=\"fi_FI\" \/>\n<meta property=\"og:type\" content=\"article\" \/>\n<meta property=\"og:title\" content=\"Kevyet lastausluiskat - Fedemark\" \/>\n<meta property=\"og:description\" content=\"Kevyet alumiiniset lastausluiskat, jotka sopivat kuormien lastaamiseen ja purkamiseen pienist\u00e4 ajoneuvoista  Uusien kevyiden alumiinista valmistettujen lastausluiskien joukkoon kuuluu suuri valikoima meid\u00e4n kest\u00e4vi\u00e4 luiskiamme. Uusi 35 mm korkea profiili mahdollistaa erilaisten, eritt\u00e4in kevyiden luiskien valmistuksen. Ne sopivat kuormien lastaamiseen ja purkamiseen pienist\u00e4 ajoneuvoista. Liukumaton reunalaatta mahdollistaa sijoittamisen mahdollisimman l\u00e4helle ajoneuvoa. 1,5-, 2- tai 2,5 metrin kevyit\u00e4 luiskia voi lastata pieniin ajoneuvoihin ja niiden kuljettaminen on helppoa. Luiskat sopivat ihanteellisesti moottoripy\u00f6rille, matkailuautoille, per\u00e4vaunuille, harrastuslaitteille, puutarhaty\u00f6kaluille, pyyhkimiskoneille ja rakennusteollisuuden koneille.  \u2022 Vahvistettu, puristetusta alumiinista valmistettu rakenne \u2022 Luiskan takaosa profiili on kolmikulmainen, joka muuttaa ajoneuvon liikkeen helpoksi \u2022 Luiskan etuosassa reik\u00e4 keskell\u00e4, joka on tarkoitettu luiskan kiinnitt\u00e4miseen ajoneuvoon \u2022 Reunalaatalla varustettu, liukumattomasta alumiinista valmistettu taso  KANTAVUUS keskitetyll\u00e4 kuormituksella: se tarkoittaa, ett\u00e4 kuormitus asetetaan vain yhteen pisteeseen KANTAVUUS py\u00f6rien v\u00e4lisell\u00e4 alueella: se tarkoittaa et\u00e4isyytt\u00e4 2 py\u00f6rien akselin v\u00e4liss\u00e4 (50, 75 tai 100 cm)\" \/>\n<meta property=\"og:url\" content=\"https:\/\/fedemark.ee\/fi\/tuotteet\/lastausluiskat\/lastausluiskat-fi\/kevyet-lastausluiskat\/\" \/>\n<meta property=\"og:site_name\" content=\"Fedemark\" \/>\n<meta property=\"article:modified_time\" content=\"2017-11-14T10:44:09+00:00\" \/>\n<meta property=\"og:image\" content=\"https:\/\/fedemark.ee\/wp-content\/uploads\/2017\/06\/Rampa_Pieghevole_02-1-1.jpg\" \/>\n\t<meta property=\"og:image:width\" content=\"800\" \/>\n\t<meta property=\"og:image:height\" content=\"800\" \/>\n\t<meta property=\"og:image:type\" content=\"image\/jpeg\" \/>\n<meta name=\"twitter:card\" content=\"summary_large_image\" \/>\n<script type=\"application\/ld+json\" class=\"yoast-schema-graph\">{\"@context\":\"https:\/\/schema.org\",\"@graph\":[{\"@type\":\"WebPage\",\"@id\":\"https:\/\/fedemark.ee\/fi\/tuotteet\/lastausluiskat\/lastausluiskat-fi\/kevyet-lastausluiskat\/\",\"url\":\"https:\/\/fedemark.ee\/fi\/tuotteet\/lastausluiskat\/lastausluiskat-fi\/kevyet-lastausluiskat\/\",\"name\":\"Kevyet lastausluiskat - Fedemark\",\"isPartOf\":{\"@id\":\"https:\/\/fedemark.ee\/#website\"},\"primaryImageOfPage\":{\"@id\":\"https:\/\/fedemark.ee\/fi\/tuotteet\/lastausluiskat\/lastausluiskat-fi\/kevyet-lastausluiskat\/#primaryimage\"},\"image\":{\"@id\":\"https:\/\/fedemark.ee\/fi\/tuotteet\/lastausluiskat\/lastausluiskat-fi\/kevyet-lastausluiskat\/#primaryimage\"},\"thumbnailUrl\":\"https:\/\/fedemark.ee\/wp-content\/uploads\/2017\/06\/Rampa_Pieghevole_02-1-1.jpg\",\"datePublished\":\"2017-06-19T07:35:35+00:00\",\"dateModified\":\"2017-11-14T10:44:09+00:00\",\"breadcrumb\":{\"@id\":\"https:\/\/fedemark.ee\/fi\/tuotteet\/lastausluiskat\/lastausluiskat-fi\/kevyet-lastausluiskat\/#breadcrumb\"},\"inLanguage\":\"fi-FI\",\"potentialAction\":[{\"@type\":\"ReadAction\",\"target\":[\"https:\/\/fedemark.ee\/fi\/tuotteet\/lastausluiskat\/lastausluiskat-fi\/kevyet-lastausluiskat\/\"]}]},{\"@type\":\"ImageObject\",\"inLanguage\":\"fi-FI\",\"@id\":\"https:\/\/fedemark.ee\/fi\/tuotteet\/lastausluiskat\/lastausluiskat-fi\/kevyet-lastausluiskat\/#primaryimage\",\"url\":\"https:\/\/fedemark.ee\/wp-content\/uploads\/2017\/06\/Rampa_Pieghevole_02-1-1.jpg\",\"contentUrl\":\"https:\/\/fedemark.ee\/wp-content\/uploads\/2017\/06\/Rampa_Pieghevole_02-1-1.jpg\",\"width\":800,\"height\":800},{\"@type\":\"BreadcrumbList\",\"@id\":\"https:\/\/fedemark.ee\/fi\/tuotteet\/lastausluiskat\/lastausluiskat-fi\/kevyet-lastausluiskat\/#breadcrumb\",\"itemListElement\":[{\"@type\":\"ListItem\",\"position\":1,\"name\":\"Home\",\"item\":\"https:\/\/fedemark.ee\/fi\/\"},{\"@type\":\"ListItem\",\"position\":2,\"name\":\"Tuotteet\",\"item\":\"https:\/\/fedemark.ee\/fi\/tuotteet\/\"},{\"@type\":\"ListItem\",\"position\":3,\"name\":\"Kevyet lastausluiskat\"}]},{\"@type\":\"WebSite\",\"@id\":\"https:\/\/fedemark.ee\/#website\",\"url\":\"https:\/\/fedemark.ee\/\",\"name\":\"Fedemark\",\"description\":\"Redelid, Tellingud, T\u00f6\u00f6platvormid ja vahekorrused\",\"potentialAction\":[{\"@type\":\"SearchAction\",\"target\":{\"@type\":\"EntryPoint\",\"urlTemplate\":\"https:\/\/fedemark.ee\/?s={search_term_string}\"},\"query-input\":\"required name=search_term_string\"}],\"inLanguage\":\"fi-FI\"}]}<\/script>\n<!-- \/ Yoast SEO plugin. -->","yoast_head_json":{"title":"Kevyet lastausluiskat - Fedemark","robots":{"index":"index","follow":"follow","max-snippet":"max-snippet:-1","max-image-preview":"max-image-preview:large","max-video-preview":"max-video-preview:-1"},"canonical":"https:\/\/fedemark.ee\/fi\/tuotteet\/lastausluiskat\/lastausluiskat-fi\/kevyet-lastausluiskat\/","og_locale":"fi_FI","og_type":"article","og_title":"Kevyet lastausluiskat - Fedemark","og_description":"Kevyet alumiiniset lastausluiskat, jotka sopivat kuormien lastaamiseen ja purkamiseen pienist\u00e4 ajoneuvoista  Uusien kevyiden alumiinista valmistettujen lastausluiskien joukkoon kuuluu suuri valikoima meid\u00e4n kest\u00e4vi\u00e4 luiskiamme. Uusi 35 mm korkea profiili mahdollistaa erilaisten, eritt\u00e4in kevyiden luiskien valmistuksen. Ne sopivat kuormien lastaamiseen ja purkamiseen pienist\u00e4 ajoneuvoista. Liukumaton reunalaatta mahdollistaa sijoittamisen mahdollisimman l\u00e4helle ajoneuvoa. 1,5-, 2- tai 2,5 metrin kevyit\u00e4 luiskia voi lastata pieniin ajoneuvoihin ja niiden kuljettaminen on helppoa. Luiskat sopivat ihanteellisesti moottoripy\u00f6rille, matkailuautoille, per\u00e4vaunuille, harrastuslaitteille, puutarhaty\u00f6kaluille, pyyhkimiskoneille ja rakennusteollisuuden koneille.  \u2022 Vahvistettu, puristetusta alumiinista valmistettu rakenne \u2022 Luiskan takaosa profiili on kolmikulmainen, joka muuttaa ajoneuvon liikkeen helpoksi \u2022 Luiskan etuosassa reik\u00e4 keskell\u00e4, joka on tarkoitettu luiskan kiinnitt\u00e4miseen ajoneuvoon \u2022 Reunalaatalla varustettu, liukumattomasta alumiinista valmistettu taso  KANTAVUUS keskitetyll\u00e4 kuormituksella: se tarkoittaa, ett\u00e4 kuormitus asetetaan vain yhteen pisteeseen KANTAVUUS py\u00f6rien v\u00e4lisell\u00e4 alueella: se tarkoittaa et\u00e4isyytt\u00e4 2 py\u00f6rien akselin v\u00e4liss\u00e4 (50, 75 tai 100 cm)","og_url":"https:\/\/fedemark.ee\/fi\/tuotteet\/lastausluiskat\/lastausluiskat-fi\/kevyet-lastausluiskat\/","og_site_name":"Fedemark","article_modified_time":"2017-11-14T10:44:09+00:00","og_image":[{"width":800,"height":800,"url":"https:\/\/fedemark.ee\/wp-content\/uploads\/2017\/06\/Rampa_Pieghevole_02-1-1.jpg","type":"image\/jpeg"}],"twitter_card":"summary_large_image","schema":{"@context":"https:\/\/schema.org","@graph":[{"@type":"WebPage","@id":"https:\/\/fedemark.ee\/fi\/tuotteet\/lastausluiskat\/lastausluiskat-fi\/kevyet-lastausluiskat\/","url":"https:\/\/fedemark.ee\/fi\/tuotteet\/lastausluiskat\/lastausluiskat-fi\/kevyet-lastausluiskat\/","name":"Kevyet lastausluiskat - Fedemark","isPartOf":{"@id":"https:\/\/fedemark.ee\/#website"},"primaryImageOfPage":{"@id":"https:\/\/fedemark.ee\/fi\/tuotteet\/lastausluiskat\/lastausluiskat-fi\/kevyet-lastausluiskat\/#primaryimage"},"image":{"@id":"https:\/\/fedemark.ee\/fi\/tuotteet\/lastausluiskat\/lastausluiskat-fi\/kevyet-lastausluiskat\/#primaryimage"},"thumbnailUrl":"https:\/\/fedemark.ee\/wp-content\/uploads\/2017\/06\/Rampa_Pieghevole_02-1-1.jpg","datePublished":"2017-06-19T07:35:35+00:00","dateModified":"2017-11-14T10:44:09+00:00","breadcrumb":{"@id":"https:\/\/fedemark.ee\/fi\/tuotteet\/lastausluiskat\/lastausluiskat-fi\/kevyet-lastausluiskat\/#breadcrumb"},"inLanguage":"fi-FI","potentialAction":[{"@type":"ReadAction","target":["https:\/\/fedemark.ee\/fi\/tuotteet\/lastausluiskat\/lastausluiskat-fi\/kevyet-lastausluiskat\/"]}]},{"@type":"ImageObject","inLanguage":"fi-FI","@id":"https:\/\/fedemark.ee\/fi\/tuotteet\/lastausluiskat\/lastausluiskat-fi\/kevyet-lastausluiskat\/#primaryimage","url":"https:\/\/fedemark.ee\/wp-content\/uploads\/2017\/06\/Rampa_Pieghevole_02-1-1.jpg","contentUrl":"https:\/\/fedemark.ee\/wp-content\/uploads\/2017\/06\/Rampa_Pieghevole_02-1-1.jpg","width":800,"height":800},{"@type":"BreadcrumbList","@id":"https:\/\/fedemark.ee\/fi\/tuotteet\/lastausluiskat\/lastausluiskat-fi\/kevyet-lastausluiskat\/#breadcrumb","itemListElement":[{"@type":"ListItem","position":1,"name":"Home","item":"https:\/\/fedemark.ee\/fi\/"},{"@type":"ListItem","position":2,"name":"Tuotteet","item":"https:\/\/fedemark.ee\/fi\/tuotteet\/"},{"@type":"ListItem","position":3,"name":"Kevyet lastausluiskat"}]},{"@type":"WebSite","@id":"https:\/\/fedemark.ee\/#website","url":"https:\/\/fedemark.ee\/","name":"Fedemark","description":"Redelid, Tellingud, T\u00f6\u00f6platvormid ja vahekorrused","potentialAction":[{"@type":"SearchAction","target":{"@type":"EntryPoint","urlTemplate":"https:\/\/fedemark.ee\/?s={search_term_string}"},"query-input":"required name=search_term_string"}],"inLanguage":"fi-FI"}]}},"_links":{"self":[{"href":"https:\/\/fedemark.ee\/fi\/wp-json\/wp\/v2\/product\/7368"}],"collection":[{"href":"https:\/\/fedemark.ee\/fi\/wp-json\/wp\/v2\/product"}],"about":[{"href":"https:\/\/fedemark.ee\/fi\/wp-json\/wp\/v2\/types\/product"}],"replies":[{"embeddable":true,"href":"https:\/\/fedemark.ee\/fi\/wp-json\/wp\/v2\/comments?post=7368"}],"version-history":[{"count":1,"href":"https:\/\/fedemark.ee\/fi\/wp-json\/wp\/v2\/product\/7368\/revisions"}],"predecessor-version":[{"id":10626,"href":"https:\/\/fedemark.ee\/fi\/wp-json\/wp\/v2\/product\/7368\/revisions\/10626"}],"wp:featuredmedia":[{"embeddable":true,"href":"https:\/\/fedemark.ee\/fi\/wp-json\/wp\/v2\/media\/10598"}],"wp:attachment":[{"href":"https:\/\/fedemark.ee\/fi\/wp-json\/wp\/v2\/media?parent=7368"}],"wp:term":[{"taxonomy":"product_cat","embeddable":true,"href":"https:\/\/fedemark.ee\/fi\/wp-json\/wp\/v2\/product_cat?post=7368"},{"taxonomy":"product_tag","embeddable":true,"href":"https:\/\/fedemark.ee\/fi\/wp-json\/wp\/v2\/product_tag?post=7368"}],"curies":[{"name":"wp","href":"https:\/\/api.w.org\/{rel}","templated":true}]}}