{"id":7377,"date":"2017-05-30T12:27:10","date_gmt":"2017-05-30T12:27:10","guid":{"rendered":"https:\/\/sharks.ee\/fedemark\/shop\/uncategorized\/jolly\/"},"modified":"2017-11-16T17:17:27","modified_gmt":"2017-11-16T17:17:27","slug":"jolly","status":"publish","type":"product","link":"https:\/\/fedemark.ee\/fi\/tuotteet\/telineet-ja-erikoisrakenteet\/alumiiniset-suurikantokykyiset-telineet\/jolly\/","title":{"rendered":"Jolly"},"content":{"rendered":"","protected":false},"excerpt":{"rendered":"<p><em>Myyd\u00e4\u00e4n moduuleina \u2013 kompaktit mitat enimm\u00e4iskorkeudella 11,67<\/em><\/p>\n<p>Laadukas alumiinista valmistettu ja moduuleista koostuva telinej\u00e4rjestelm\u00e4, joka on tarkoitettu erityisesti taajaan k\u00e4ytt\u00f6\u00f6n. J\u00e4rjestelm\u00e4\u00e4n kuuluu 1,80 cm osia ja se saavuttaa 12,70 m enimm\u00e4isty\u00f6korkeuden. Sopii eritt\u00e4in hyvin maalaus-, asennus- ja huoltot\u00f6iden suorittamiseen. Jolly on valmistettu kevyest\u00e4 putken mallisesta alumiiniseoksesta (\u00d8 50 mm), jossa on liukumattomat muhkuraiset puolat. J\u00e4rjestelm\u00e4 koostuu useista osista, joita on helppo k\u00e4sitell\u00e4 ja kuljettaa ja jonka kokoaminen tapahtuu nopeasti ilman ty\u00f6kaluja. J\u00e4rjestelm\u00e4 on kest\u00e4v\u00e4, ruostumaton ja sill\u00e4 on 5 vuoden takuu.<\/p>\n<p>TEKNISET OMINAISUUDET<br \/>\nKokonaismitat: 2,00&#215;1,05 m<br \/>\nS\u00e4\u00e4dett\u00e4v\u00e4t jalat: 0\u221230 cm<br \/>\nTakuu: 5 vuotta<br \/>\nKoko ty\u00f6taso: 1,86&#215;0,80 m (23 kg)<br \/>\nKantavuus: 200 kg\/m2 (kaksi henkil\u00f6\u00e4)<br \/>\nPuolan et\u00e4isyys: 30 cm<br \/>\nJarrulliset py\u00f6r\u00e4t: \u00f8 150 mm<\/p>\n<p>Valmistettu eurooppalaisten standardien mukaisesti<\/p>\n<p>Mukana k\u00e4ytt\u00f6ohje ja kyltti<\/p>\n<p>Kaikissa osissa on merkittyn\u00e4 valmistusvuosi ja Sveltin logo.<br \/>\nJolly 1,81 m (moduuli A). Moduuli A on vain 8 osasta koostuvana (56,7 kg) valmis 1,81 m korkeudelle asennettavaksi ja sopii sis\u00e4tiloissa k\u00e4ytett\u00e4v\u00e4ksi, ty\u00f6korkeus on 3,00 m. Mahtuu teollisuusovien l\u00e4pi ja sit\u00e4 voi k\u00e4ytt\u00e4\u00e4 portailla. Kokonaismitat 2,00&#215;1,05 m.<\/p>\n<p>Jolly 4,47 m (moduulit A+B+C). Kun liitet\u00e4\u00e4n v\u00e4limoduuli C, johon kuuluu 4 vakaajaa ja p\u00e4\u00e4moduuli B, voi Jollyn asentaa 4,47 m korkeudelle, yleinen ty\u00f6korkeus on silloin 5,40 m (A+B+C = 24 osaa \u2013 108 kg).<\/p>\n<p>Jolly 6,27 m (moduulit A+B+C+D). V\u00e4limoduuliin kuuluu lis\u00e4ty\u00f6taso ja suojakaiteet, ty\u00f6korkeus on 7,30 m. (A+B+C+D = 36 osaa \u2013 155 kg).<\/p>\n<p>Ty\u00f6taso (1,86 m x 0,80 m)<br \/>\nEritt\u00e4in kevyt ja toimintavarma, siihen kuuluu alumiininen kantava rakenne ja puutaso. Ty\u00f6tasossa on luukku, joka mahdollistaa helpon p\u00e4\u00e4syn telineiden sis\u00e4puolelta, sek\u00e4 4 varvaslautaa, jotka est\u00e4v\u00e4t ty\u00f6kalujen putoamisvaaran. Wind-lock-haka kiinnitt\u00e4\u00e4 tason koko rakenteeseen. Kaikki osat ovat l\u00e4p\u00e4isseet ankarat testaukset ja vastaavat t\u00e4ysin UNIEN1004 (luokka 3 \u2013 200kg\/m2) vaatimuksia. Paino: ty\u00f6taso 16,2 kg ja 4 varvaslautasetti 7,0 kg.<\/p>\n<p>Liukumattomat puolat ja haat<br \/>\nPuolat on kiinnitetty kehysputkiin laadukkaalla sertifioidulla hitsauksella. \u00d8 50 mm puola on liukumaton ja koko pinnan osalta muhkurainen, jolloin kosketus sek\u00e4 k\u00e4sill\u00e4 ett\u00e4 jaloilla on turvallinen. Ter\u00e4ksiset haat kiinnitt\u00e4v\u00e4t kehykset toisiinsa.<\/p>\n<p>Jarrulliset py\u00f6r\u00e4t<br \/>\n\u00d8 150 mm polypropeenista valmistetut j\u00e4lki\u00e4 j\u00e4tt\u00e4m\u00e4tt\u00f6m\u00e4t py\u00f6riv\u00e4t ja jarrulliset py\u00f6r\u00e4t. Asennettuina 30 cm s\u00e4\u00e4dett\u00e4viin jalkoihin ne varmistavat parhaan mahdollisen turvallisuuden ja sujuvan ja kevyen liikkumisen my\u00f6s kaikkein hankalimmassa maastossa. Py\u00f6r\u00e4t vastaavat eurooppalaista standardia. Paino 5,5 kg.<\/p>\n<p>Koottava alusta (lis\u00e4varuste)<br \/>\nJolly-moduuli A on mahdollista ostaa valmiiksi asennetun ja nopeasti avattavalla ja suljettavalla koottavalla alustalla. T\u00e4m\u00e4 alusta on k\u00e4yt\u00e4nn\u00f6llinen v\u00e4line v\u00e4litt\u00f6m\u00e4\u00e4n ty\u00f6skentelyyn enint\u00e4\u00e4n 1,81 m korkeudella (ty\u00f6korkeus 3,00 m). Kaksi kest\u00e4v\u00e4\u00e4 saranaa mahdollistavan alustan nopean avaamisen ja sulkemisen. Koottavalla alustalla toimitetun moduuli A:n vakio-osat tulee asentaa vain yli 1,81 m korkeuksien yhteydess\u00e4.<br \/>\nT\u00c4RKE\u00c4 VAROITUS: koottavaa alustaa ei saa k\u00e4ytt\u00e4\u00e4 portailla.<\/p>\n<p>Pakkaus<br \/>\nJolly on rakenteeltaan sellainen, ett\u00e4 myyjien olisi helppo ja mukava s\u00e4ilytt\u00e4\u00e4 niit\u00e4. Jokainen moduuli on yhten\u00e4isen\u00e4 osana erikseen pakattu ja telinej\u00e4rjestelm\u00e4n sis\u00e4lt\u00f6 ja tarkka asento on selv\u00e4sti merkitty. Myyj\u00e4 voi todeta vaikeuksitta tarvittavaa korkeutta vastaavan moduulin heti ja luovuttaa sen, jonka ansiosta kaikkien osien kirjanpito ja valvonta on hyvin helppoa. Jollyn laadun voi n\u00e4hd\u00e4 jo visuaalisella tarkkailulla.<br \/>\nModuuleita D (tasanteiden ja suojakaiteiden kanssa) ja E voi asentaa enint\u00e4\u00e4n 11,67 m korkeudelle. Telineiden kehyksi\u00e4 voi turvallisesti k\u00e4ytt\u00e4\u00e4 kiipeilytikkaina (puolan et\u00e4isyys 30 cm).<\/p>\n<table style=\"height: 305px;\" width=\"698\">\n<tbody>\n<tr>\n<td style=\"text-align: center;\" width=\"99\">Ty\u00f6tason korkeus\u00a0(m)<\/td>\n<td style=\"text-align: center;\" width=\"99\">Teline korkeus\u00a0(m)<\/td>\n<td style=\"text-align: center;\" width=\"100\">Ty\u00f6n korkeus(m)<\/td>\n<td style=\"text-align: center;\" width=\"99\">Moduulit<\/td>\n<td style=\"text-align: center;\" width=\"110\">Ty\u00f6tasot<\/td>\n<td style=\"text-align: center;\" width=\"98\">Paino<\/p>\n<p>kg<\/td>\n<\/tr>\n<tr>\n<td width=\"99\">0,72<\/td>\n<td width=\"99\">1,81<\/td>\n<td width=\"100\">2,72<\/td>\n<td width=\"99\">A<\/td>\n<td width=\"110\">1<\/td>\n<td width=\"98\">56,70<\/td>\n<\/tr>\n<tr>\n<td width=\"99\">1,62<\/td>\n<td width=\"99\">2,67<\/td>\n<td width=\"100\">3,62<\/td>\n<td width=\"99\">A+B<\/td>\n<td width=\"110\">1<\/td>\n<td width=\"98\">69,10<\/td>\n<\/tr>\n<tr>\n<td width=\"99\">3,42<\/td>\n<td width=\"99\">4,47<\/td>\n<td width=\"100\">5,42<\/td>\n<td width=\"99\">A+B+C<\/td>\n<td width=\"110\">1<\/td>\n<td width=\"98\">108,10<\/td>\n<\/tr>\n<tr>\n<td width=\"99\">5,22<\/td>\n<td width=\"99\">6,27<\/td>\n<td width=\"100\">7,22<\/td>\n<td width=\"99\">A+B+C+D<\/td>\n<td width=\"110\">2<\/td>\n<td width=\"98\">155,00<\/td>\n<\/tr>\n<tr>\n<td width=\"99\">7,02<\/td>\n<td width=\"99\">8,07<\/td>\n<td width=\"100\">9,02<\/td>\n<td width=\"99\">A+B+C+D+E<\/td>\n<td width=\"110\">2<\/td>\n<td width=\"98\">175,20<\/td>\n<\/tr>\n<tr>\n<td width=\"99\">8,82<\/td>\n<td width=\"99\">9,87<\/td>\n<td width=\"100\">10,82<\/td>\n<td width=\"99\">A+B+C+2D+E<\/td>\n<td width=\"110\">3<\/td>\n<td width=\"98\">222,10<\/td>\n<\/tr>\n<tr>\n<td style=\"text-align: center;\" width=\"99\">10,62<\/td>\n<td style=\"text-align: center;\" width=\"99\">11,67<\/td>\n<td style=\"text-align: center;\" width=\"100\">12,62<\/td>\n<td style=\"text-align: center;\" width=\"99\">A+B+C+2D+2E<\/td>\n<td style=\"text-align: center;\" width=\"110\">3<\/td>\n<td style=\"text-align: center;\" width=\"98\">242,30<\/td>\n<\/tr>\n<\/tbody>\n<\/table>\n<p><img loading=\"lazy\" decoding=\"async\" class=\"alignnone wp-image-5333\" src=\"https:\/\/fedemark.ee\/wp-content\/uploads\/2017\/06\/Ikoonid_37.jpg\" alt=\"\" width=\"176\" height=\"79\" \/><img loading=\"lazy\" decoding=\"async\" class=\"alignnone wp-image-5281\" src=\"https:\/\/fedemark.ee\/wp-content\/uploads\/2017\/06\/Ikoonid_11-Copy.jpg\" alt=\"\" width=\"81\" height=\"81\" srcset=\"https:\/\/fedemark.ee\/wp-content\/uploads\/2017\/06\/Ikoonid_11-Copy.jpg 150w, https:\/\/fedemark.ee\/wp-content\/uploads\/2017\/06\/Ikoonid_11-Copy-100x100.jpg 100w\" sizes=\"(max-width: 81px) 100vw, 81px\" \/><img loading=\"lazy\" decoding=\"async\" class=\"alignnone wp-image-5317\" src=\"https:\/\/fedemark.ee\/wp-content\/uploads\/2017\/06\/Ikoonid_29-1.jpg\" alt=\"\" width=\"89\" height=\"83\" \/><img loading=\"lazy\" decoding=\"async\" class=\"alignnone wp-image-5341\" src=\"https:\/\/fedemark.ee\/wp-content\/uploads\/2017\/06\/Ikoonid_38.jpg\" alt=\"\" width=\"94\" height=\"89\" \/><\/p>\n","protected":false},"featured_media":7382,"comment_status":"open","ping_status":"closed","template":"","meta":{"footnotes":""},"product_cat":[193],"product_tag":[],"yoast_head":"<!-- This site is optimized with the Yoast SEO plugin v22.6 - https:\/\/yoast.com\/wordpress\/plugins\/seo\/ -->\n<title>Jolly - Fedemark<\/title>\n<meta name=\"robots\" content=\"index, follow, max-snippet:-1, max-image-preview:large, max-video-preview:-1\" \/>\n<link rel=\"canonical\" href=\"https:\/\/fedemark.ee\/fi\/tuotteet\/telineet-ja-erikoisrakenteet\/alumiiniset-suurikantokykyiset-telineet\/jolly\/\" \/>\n<meta property=\"og:locale\" content=\"fi_FI\" \/>\n<meta property=\"og:type\" content=\"article\" \/>\n<meta property=\"og:title\" content=\"Jolly - Fedemark\" \/>\n<meta property=\"og:description\" content=\"Myyd\u00e4\u00e4n moduuleina \u2013 kompaktit mitat enimm\u00e4iskorkeudella 11,67  Laadukas alumiinista valmistettu ja moduuleista koostuva telinej\u00e4rjestelm\u00e4, joka on tarkoitettu erityisesti taajaan k\u00e4ytt\u00f6\u00f6n. J\u00e4rjestelm\u00e4\u00e4n kuuluu 1,80 cm osia ja se saavuttaa 12,70 m enimm\u00e4isty\u00f6korkeuden. Sopii eritt\u00e4in hyvin maalaus-, asennus- ja huoltot\u00f6iden suorittamiseen. Jolly on valmistettu kevyest\u00e4 putken mallisesta alumiiniseoksesta (\u00d8 50 mm), jossa on liukumattomat muhkuraiset puolat. J\u00e4rjestelm\u00e4 koostuu useista osista, joita on helppo k\u00e4sitell\u00e4 ja kuljettaa ja jonka kokoaminen tapahtuu nopeasti ilman ty\u00f6kaluja. J\u00e4rjestelm\u00e4 on kest\u00e4v\u00e4, ruostumaton ja sill\u00e4 on 5 vuoden takuu.  TEKNISET OMINAISUUDET Kokonaismitat: 2,00x1,05 m S\u00e4\u00e4dett\u00e4v\u00e4t jalat: 0\u221230 cm Takuu: 5 vuotta Koko ty\u00f6taso: 1,86x0,80 m (23 kg) Kantavuus: 200 kg\/m2 (kaksi henkil\u00f6\u00e4) Puolan et\u00e4isyys: 30 cm Jarrulliset py\u00f6r\u00e4t: \u00f8 150 mm  Valmistettu eurooppalaisten standardien mukaisesti  Mukana k\u00e4ytt\u00f6ohje ja kyltti  Kaikissa osissa on merkittyn\u00e4 valmistusvuosi ja Sveltin logo. Jolly 1,81 m (moduuli A). Moduuli A on vain 8 osasta koostuvana (56,7 kg) valmis 1,81 m korkeudelle asennettavaksi ja sopii sis\u00e4tiloissa k\u00e4ytett\u00e4v\u00e4ksi, ty\u00f6korkeus on 3,00 m. Mahtuu teollisuusovien l\u00e4pi ja sit\u00e4 voi k\u00e4ytt\u00e4\u00e4 portailla. Kokonaismitat 2,00x1,05 m.  Jolly 4,47 m (moduulit A+B+C). Kun liitet\u00e4\u00e4n v\u00e4limoduuli C, johon kuuluu 4 vakaajaa ja p\u00e4\u00e4moduuli B, voi Jollyn asentaa 4,47 m korkeudelle, yleinen ty\u00f6korkeus on silloin 5,40 m (A+B+C = 24 osaa \u2013 108 kg).  Jolly 6,27 m (moduulit A+B+C+D). V\u00e4limoduuliin kuuluu lis\u00e4ty\u00f6taso ja suojakaiteet, ty\u00f6korkeus on 7,30 m. (A+B+C+D = 36 osaa \u2013 155 kg).  Ty\u00f6taso (1,86 m x 0,80 m) Eritt\u00e4in kevyt ja toimintavarma, siihen kuuluu alumiininen kantava rakenne ja puutaso. Ty\u00f6tasossa on luukku, joka mahdollistaa helpon p\u00e4\u00e4syn telineiden sis\u00e4puolelta, sek\u00e4 4 varvaslautaa, jotka est\u00e4v\u00e4t ty\u00f6kalujen putoamisvaaran. Wind-lock-haka kiinnitt\u00e4\u00e4 tason koko rakenteeseen. Kaikki osat ovat l\u00e4p\u00e4isseet ankarat testaukset ja vastaavat t\u00e4ysin UNIEN1004 (luokka 3 \u2013 200kg\/m2) vaatimuksia. Paino: ty\u00f6taso 16,2 kg ja 4 varvaslautasetti 7,0 kg.  Liukumattomat puolat ja haat Puolat on kiinnitetty kehysputkiin laadukkaalla sertifioidulla hitsauksella. \u00d8 50 mm puola on liukumaton ja koko pinnan osalta muhkurainen, jolloin kosketus sek\u00e4 k\u00e4sill\u00e4 ett\u00e4 jaloilla on turvallinen. Ter\u00e4ksiset haat kiinnitt\u00e4v\u00e4t kehykset toisiinsa.  Jarrulliset py\u00f6r\u00e4t \u00d8 150 mm polypropeenista valmistetut j\u00e4lki\u00e4 j\u00e4tt\u00e4m\u00e4tt\u00f6m\u00e4t py\u00f6riv\u00e4t ja jarrulliset py\u00f6r\u00e4t. Asennettuina 30 cm s\u00e4\u00e4dett\u00e4viin jalkoihin ne varmistavat parhaan mahdollisen turvallisuuden ja sujuvan ja kevyen liikkumisen my\u00f6s kaikkein hankalimmassa maastossa. Py\u00f6r\u00e4t vastaavat eurooppalaista standardia. Paino 5,5 kg.  Koottava alusta (lis\u00e4varuste) Jolly-moduuli A on mahdollista ostaa valmiiksi asennetun ja nopeasti avattavalla ja suljettavalla koottavalla alustalla. T\u00e4m\u00e4 alusta on k\u00e4yt\u00e4nn\u00f6llinen v\u00e4line v\u00e4litt\u00f6m\u00e4\u00e4n ty\u00f6skentelyyn enint\u00e4\u00e4n 1,81 m korkeudella (ty\u00f6korkeus 3,00 m). Kaksi kest\u00e4v\u00e4\u00e4 saranaa mahdollistavan alustan nopean avaamisen ja sulkemisen. Koottavalla alustalla toimitetun moduuli A:n vakio-osat tulee asentaa vain yli 1,81 m korkeuksien yhteydess\u00e4. T\u00c4RKE\u00c4 VAROITUS: koottavaa alustaa ei saa k\u00e4ytt\u00e4\u00e4 portailla.  Pakkaus Jolly on rakenteeltaan sellainen, ett\u00e4 myyjien olisi helppo ja mukava s\u00e4ilytt\u00e4\u00e4 niit\u00e4. Jokainen moduuli on yhten\u00e4isen\u00e4 osana erikseen pakattu ja telinej\u00e4rjestelm\u00e4n sis\u00e4lt\u00f6 ja tarkka asento on selv\u00e4sti merkitty. Myyj\u00e4 voi todeta vaikeuksitta tarvittavaa korkeutta vastaavan moduulin heti ja luovuttaa sen, jonka ansiosta kaikkien osien kirjanpito ja valvonta on hyvin helppoa. Jollyn laadun voi n\u00e4hd\u00e4 jo visuaalisella tarkkailulla. Moduuleita D (tasanteiden ja suojakaiteiden kanssa) ja E voi asentaa enint\u00e4\u00e4n 11,67 m korkeudelle. Telineiden kehyksi\u00e4 voi turvallisesti k\u00e4ytt\u00e4\u00e4 kiipeilytikkaina (puolan et\u00e4isyys 30 cm).    Ty\u00f6tason korkeus\u00a0(m) Teline korkeus\u00a0(m) Ty\u00f6n korkeus(m) Moduulit Ty\u00f6tasot Paino  kg   0,72 1,81 2,72 A 1 56,70   1,62 2,67 3,62 A+B 1 69,10   3,42 4,47 5,42 A+B+C 1 108,10   5,22 6,27 7,22 A+B+C+D 2 155,00   7,02 8,07 9,02 A+B+C+D+E 2 175,20   8,82 9,87 10,82 A+B+C+2D+E 3 222,10   10,62 11,67 12,62 A+B+C+2D+2E 3 242,30\" \/>\n<meta property=\"og:url\" content=\"https:\/\/fedemark.ee\/fi\/tuotteet\/telineet-ja-erikoisrakenteet\/alumiiniset-suurikantokykyiset-telineet\/jolly\/\" \/>\n<meta property=\"og:site_name\" content=\"Fedemark\" \/>\n<meta property=\"article:modified_time\" content=\"2017-11-16T17:17:27+00:00\" \/>\n<meta property=\"og:image\" content=\"https:\/\/fedemark.ee\/wp-content\/uploads\/2017\/05\/Jolly-1.jpg\" \/>\n\t<meta property=\"og:image:width\" content=\"800\" \/>\n\t<meta property=\"og:image:height\" content=\"1110\" \/>\n\t<meta property=\"og:image:type\" content=\"image\/jpeg\" \/>\n<meta name=\"twitter:card\" content=\"summary_large_image\" \/>\n<script type=\"application\/ld+json\" class=\"yoast-schema-graph\">{\"@context\":\"https:\/\/schema.org\",\"@graph\":[{\"@type\":\"WebPage\",\"@id\":\"https:\/\/fedemark.ee\/fi\/tuotteet\/telineet-ja-erikoisrakenteet\/alumiiniset-suurikantokykyiset-telineet\/jolly\/\",\"url\":\"https:\/\/fedemark.ee\/fi\/tuotteet\/telineet-ja-erikoisrakenteet\/alumiiniset-suurikantokykyiset-telineet\/jolly\/\",\"name\":\"Jolly - Fedemark\",\"isPartOf\":{\"@id\":\"https:\/\/fedemark.ee\/#website\"},\"primaryImageOfPage\":{\"@id\":\"https:\/\/fedemark.ee\/fi\/tuotteet\/telineet-ja-erikoisrakenteet\/alumiiniset-suurikantokykyiset-telineet\/jolly\/#primaryimage\"},\"image\":{\"@id\":\"https:\/\/fedemark.ee\/fi\/tuotteet\/telineet-ja-erikoisrakenteet\/alumiiniset-suurikantokykyiset-telineet\/jolly\/#primaryimage\"},\"thumbnailUrl\":\"https:\/\/fedemark.ee\/wp-content\/uploads\/2017\/05\/Jolly-1.jpg\",\"datePublished\":\"2017-05-30T12:27:10+00:00\",\"dateModified\":\"2017-11-16T17:17:27+00:00\",\"breadcrumb\":{\"@id\":\"https:\/\/fedemark.ee\/fi\/tuotteet\/telineet-ja-erikoisrakenteet\/alumiiniset-suurikantokykyiset-telineet\/jolly\/#breadcrumb\"},\"inLanguage\":\"fi-FI\",\"potentialAction\":[{\"@type\":\"ReadAction\",\"target\":[\"https:\/\/fedemark.ee\/fi\/tuotteet\/telineet-ja-erikoisrakenteet\/alumiiniset-suurikantokykyiset-telineet\/jolly\/\"]}]},{\"@type\":\"ImageObject\",\"inLanguage\":\"fi-FI\",\"@id\":\"https:\/\/fedemark.ee\/fi\/tuotteet\/telineet-ja-erikoisrakenteet\/alumiiniset-suurikantokykyiset-telineet\/jolly\/#primaryimage\",\"url\":\"https:\/\/fedemark.ee\/wp-content\/uploads\/2017\/05\/Jolly-1.jpg\",\"contentUrl\":\"https:\/\/fedemark.ee\/wp-content\/uploads\/2017\/05\/Jolly-1.jpg\",\"width\":800,\"height\":1110},{\"@type\":\"BreadcrumbList\",\"@id\":\"https:\/\/fedemark.ee\/fi\/tuotteet\/telineet-ja-erikoisrakenteet\/alumiiniset-suurikantokykyiset-telineet\/jolly\/#breadcrumb\",\"itemListElement\":[{\"@type\":\"ListItem\",\"position\":1,\"name\":\"Home\",\"item\":\"https:\/\/fedemark.ee\/fi\/\"},{\"@type\":\"ListItem\",\"position\":2,\"name\":\"Tuotteet\",\"item\":\"https:\/\/fedemark.ee\/fi\/tuotteet\/\"},{\"@type\":\"ListItem\",\"position\":3,\"name\":\"Jolly\"}]},{\"@type\":\"WebSite\",\"@id\":\"https:\/\/fedemark.ee\/#website\",\"url\":\"https:\/\/fedemark.ee\/\",\"name\":\"Fedemark\",\"description\":\"Redelid, Tellingud, T\u00f6\u00f6platvormid ja vahekorrused\",\"potentialAction\":[{\"@type\":\"SearchAction\",\"target\":{\"@type\":\"EntryPoint\",\"urlTemplate\":\"https:\/\/fedemark.ee\/?s={search_term_string}\"},\"query-input\":\"required name=search_term_string\"}],\"inLanguage\":\"fi-FI\"}]}<\/script>\n<!-- \/ Yoast SEO plugin. -->","yoast_head_json":{"title":"Jolly - Fedemark","robots":{"index":"index","follow":"follow","max-snippet":"max-snippet:-1","max-image-preview":"max-image-preview:large","max-video-preview":"max-video-preview:-1"},"canonical":"https:\/\/fedemark.ee\/fi\/tuotteet\/telineet-ja-erikoisrakenteet\/alumiiniset-suurikantokykyiset-telineet\/jolly\/","og_locale":"fi_FI","og_type":"article","og_title":"Jolly - Fedemark","og_description":"Myyd\u00e4\u00e4n moduuleina \u2013 kompaktit mitat enimm\u00e4iskorkeudella 11,67  Laadukas alumiinista valmistettu ja moduuleista koostuva telinej\u00e4rjestelm\u00e4, joka on tarkoitettu erityisesti taajaan k\u00e4ytt\u00f6\u00f6n. J\u00e4rjestelm\u00e4\u00e4n kuuluu 1,80 cm osia ja se saavuttaa 12,70 m enimm\u00e4isty\u00f6korkeuden. Sopii eritt\u00e4in hyvin maalaus-, asennus- ja huoltot\u00f6iden suorittamiseen. Jolly on valmistettu kevyest\u00e4 putken mallisesta alumiiniseoksesta (\u00d8 50 mm), jossa on liukumattomat muhkuraiset puolat. J\u00e4rjestelm\u00e4 koostuu useista osista, joita on helppo k\u00e4sitell\u00e4 ja kuljettaa ja jonka kokoaminen tapahtuu nopeasti ilman ty\u00f6kaluja. J\u00e4rjestelm\u00e4 on kest\u00e4v\u00e4, ruostumaton ja sill\u00e4 on 5 vuoden takuu.  TEKNISET OMINAISUUDET Kokonaismitat: 2,00x1,05 m S\u00e4\u00e4dett\u00e4v\u00e4t jalat: 0\u221230 cm Takuu: 5 vuotta Koko ty\u00f6taso: 1,86x0,80 m (23 kg) Kantavuus: 200 kg\/m2 (kaksi henkil\u00f6\u00e4) Puolan et\u00e4isyys: 30 cm Jarrulliset py\u00f6r\u00e4t: \u00f8 150 mm  Valmistettu eurooppalaisten standardien mukaisesti  Mukana k\u00e4ytt\u00f6ohje ja kyltti  Kaikissa osissa on merkittyn\u00e4 valmistusvuosi ja Sveltin logo. Jolly 1,81 m (moduuli A). Moduuli A on vain 8 osasta koostuvana (56,7 kg) valmis 1,81 m korkeudelle asennettavaksi ja sopii sis\u00e4tiloissa k\u00e4ytett\u00e4v\u00e4ksi, ty\u00f6korkeus on 3,00 m. Mahtuu teollisuusovien l\u00e4pi ja sit\u00e4 voi k\u00e4ytt\u00e4\u00e4 portailla. Kokonaismitat 2,00x1,05 m.  Jolly 4,47 m (moduulit A+B+C). Kun liitet\u00e4\u00e4n v\u00e4limoduuli C, johon kuuluu 4 vakaajaa ja p\u00e4\u00e4moduuli B, voi Jollyn asentaa 4,47 m korkeudelle, yleinen ty\u00f6korkeus on silloin 5,40 m (A+B+C = 24 osaa \u2013 108 kg).  Jolly 6,27 m (moduulit A+B+C+D). V\u00e4limoduuliin kuuluu lis\u00e4ty\u00f6taso ja suojakaiteet, ty\u00f6korkeus on 7,30 m. (A+B+C+D = 36 osaa \u2013 155 kg).  Ty\u00f6taso (1,86 m x 0,80 m) Eritt\u00e4in kevyt ja toimintavarma, siihen kuuluu alumiininen kantava rakenne ja puutaso. Ty\u00f6tasossa on luukku, joka mahdollistaa helpon p\u00e4\u00e4syn telineiden sis\u00e4puolelta, sek\u00e4 4 varvaslautaa, jotka est\u00e4v\u00e4t ty\u00f6kalujen putoamisvaaran. Wind-lock-haka kiinnitt\u00e4\u00e4 tason koko rakenteeseen. Kaikki osat ovat l\u00e4p\u00e4isseet ankarat testaukset ja vastaavat t\u00e4ysin UNIEN1004 (luokka 3 \u2013 200kg\/m2) vaatimuksia. Paino: ty\u00f6taso 16,2 kg ja 4 varvaslautasetti 7,0 kg.  Liukumattomat puolat ja haat Puolat on kiinnitetty kehysputkiin laadukkaalla sertifioidulla hitsauksella. \u00d8 50 mm puola on liukumaton ja koko pinnan osalta muhkurainen, jolloin kosketus sek\u00e4 k\u00e4sill\u00e4 ett\u00e4 jaloilla on turvallinen. Ter\u00e4ksiset haat kiinnitt\u00e4v\u00e4t kehykset toisiinsa.  Jarrulliset py\u00f6r\u00e4t \u00d8 150 mm polypropeenista valmistetut j\u00e4lki\u00e4 j\u00e4tt\u00e4m\u00e4tt\u00f6m\u00e4t py\u00f6riv\u00e4t ja jarrulliset py\u00f6r\u00e4t. Asennettuina 30 cm s\u00e4\u00e4dett\u00e4viin jalkoihin ne varmistavat parhaan mahdollisen turvallisuuden ja sujuvan ja kevyen liikkumisen my\u00f6s kaikkein hankalimmassa maastossa. Py\u00f6r\u00e4t vastaavat eurooppalaista standardia. Paino 5,5 kg.  Koottava alusta (lis\u00e4varuste) Jolly-moduuli A on mahdollista ostaa valmiiksi asennetun ja nopeasti avattavalla ja suljettavalla koottavalla alustalla. T\u00e4m\u00e4 alusta on k\u00e4yt\u00e4nn\u00f6llinen v\u00e4line v\u00e4litt\u00f6m\u00e4\u00e4n ty\u00f6skentelyyn enint\u00e4\u00e4n 1,81 m korkeudella (ty\u00f6korkeus 3,00 m). Kaksi kest\u00e4v\u00e4\u00e4 saranaa mahdollistavan alustan nopean avaamisen ja sulkemisen. Koottavalla alustalla toimitetun moduuli A:n vakio-osat tulee asentaa vain yli 1,81 m korkeuksien yhteydess\u00e4. T\u00c4RKE\u00c4 VAROITUS: koottavaa alustaa ei saa k\u00e4ytt\u00e4\u00e4 portailla.  Pakkaus Jolly on rakenteeltaan sellainen, ett\u00e4 myyjien olisi helppo ja mukava s\u00e4ilytt\u00e4\u00e4 niit\u00e4. Jokainen moduuli on yhten\u00e4isen\u00e4 osana erikseen pakattu ja telinej\u00e4rjestelm\u00e4n sis\u00e4lt\u00f6 ja tarkka asento on selv\u00e4sti merkitty. Myyj\u00e4 voi todeta vaikeuksitta tarvittavaa korkeutta vastaavan moduulin heti ja luovuttaa sen, jonka ansiosta kaikkien osien kirjanpito ja valvonta on hyvin helppoa. Jollyn laadun voi n\u00e4hd\u00e4 jo visuaalisella tarkkailulla. Moduuleita D (tasanteiden ja suojakaiteiden kanssa) ja E voi asentaa enint\u00e4\u00e4n 11,67 m korkeudelle. Telineiden kehyksi\u00e4 voi turvallisesti k\u00e4ytt\u00e4\u00e4 kiipeilytikkaina (puolan et\u00e4isyys 30 cm).    Ty\u00f6tason korkeus\u00a0(m) Teline korkeus\u00a0(m) Ty\u00f6n korkeus(m) Moduulit Ty\u00f6tasot Paino  kg   0,72 1,81 2,72 A 1 56,70   1,62 2,67 3,62 A+B 1 69,10   3,42 4,47 5,42 A+B+C 1 108,10   5,22 6,27 7,22 A+B+C+D 2 155,00   7,02 8,07 9,02 A+B+C+D+E 2 175,20   8,82 9,87 10,82 A+B+C+2D+E 3 222,10   10,62 11,67 12,62 A+B+C+2D+2E 3 242,30","og_url":"https:\/\/fedemark.ee\/fi\/tuotteet\/telineet-ja-erikoisrakenteet\/alumiiniset-suurikantokykyiset-telineet\/jolly\/","og_site_name":"Fedemark","article_modified_time":"2017-11-16T17:17:27+00:00","og_image":[{"width":800,"height":1110,"url":"https:\/\/fedemark.ee\/wp-content\/uploads\/2017\/05\/Jolly-1.jpg","type":"image\/jpeg"}],"twitter_card":"summary_large_image","schema":{"@context":"https:\/\/schema.org","@graph":[{"@type":"WebPage","@id":"https:\/\/fedemark.ee\/fi\/tuotteet\/telineet-ja-erikoisrakenteet\/alumiiniset-suurikantokykyiset-telineet\/jolly\/","url":"https:\/\/fedemark.ee\/fi\/tuotteet\/telineet-ja-erikoisrakenteet\/alumiiniset-suurikantokykyiset-telineet\/jolly\/","name":"Jolly - Fedemark","isPartOf":{"@id":"https:\/\/fedemark.ee\/#website"},"primaryImageOfPage":{"@id":"https:\/\/fedemark.ee\/fi\/tuotteet\/telineet-ja-erikoisrakenteet\/alumiiniset-suurikantokykyiset-telineet\/jolly\/#primaryimage"},"image":{"@id":"https:\/\/fedemark.ee\/fi\/tuotteet\/telineet-ja-erikoisrakenteet\/alumiiniset-suurikantokykyiset-telineet\/jolly\/#primaryimage"},"thumbnailUrl":"https:\/\/fedemark.ee\/wp-content\/uploads\/2017\/05\/Jolly-1.jpg","datePublished":"2017-05-30T12:27:10+00:00","dateModified":"2017-11-16T17:17:27+00:00","breadcrumb":{"@id":"https:\/\/fedemark.ee\/fi\/tuotteet\/telineet-ja-erikoisrakenteet\/alumiiniset-suurikantokykyiset-telineet\/jolly\/#breadcrumb"},"inLanguage":"fi-FI","potentialAction":[{"@type":"ReadAction","target":["https:\/\/fedemark.ee\/fi\/tuotteet\/telineet-ja-erikoisrakenteet\/alumiiniset-suurikantokykyiset-telineet\/jolly\/"]}]},{"@type":"ImageObject","inLanguage":"fi-FI","@id":"https:\/\/fedemark.ee\/fi\/tuotteet\/telineet-ja-erikoisrakenteet\/alumiiniset-suurikantokykyiset-telineet\/jolly\/#primaryimage","url":"https:\/\/fedemark.ee\/wp-content\/uploads\/2017\/05\/Jolly-1.jpg","contentUrl":"https:\/\/fedemark.ee\/wp-content\/uploads\/2017\/05\/Jolly-1.jpg","width":800,"height":1110},{"@type":"BreadcrumbList","@id":"https:\/\/fedemark.ee\/fi\/tuotteet\/telineet-ja-erikoisrakenteet\/alumiiniset-suurikantokykyiset-telineet\/jolly\/#breadcrumb","itemListElement":[{"@type":"ListItem","position":1,"name":"Home","item":"https:\/\/fedemark.ee\/fi\/"},{"@type":"ListItem","position":2,"name":"Tuotteet","item":"https:\/\/fedemark.ee\/fi\/tuotteet\/"},{"@type":"ListItem","position":3,"name":"Jolly"}]},{"@type":"WebSite","@id":"https:\/\/fedemark.ee\/#website","url":"https:\/\/fedemark.ee\/","name":"Fedemark","description":"Redelid, Tellingud, T\u00f6\u00f6platvormid ja vahekorrused","potentialAction":[{"@type":"SearchAction","target":{"@type":"EntryPoint","urlTemplate":"https:\/\/fedemark.ee\/?s={search_term_string}"},"query-input":"required name=search_term_string"}],"inLanguage":"fi-FI"}]}},"_links":{"self":[{"href":"https:\/\/fedemark.ee\/fi\/wp-json\/wp\/v2\/product\/7377"}],"collection":[{"href":"https:\/\/fedemark.ee\/fi\/wp-json\/wp\/v2\/product"}],"about":[{"href":"https:\/\/fedemark.ee\/fi\/wp-json\/wp\/v2\/types\/product"}],"replies":[{"embeddable":true,"href":"https:\/\/fedemark.ee\/fi\/wp-json\/wp\/v2\/comments?post=7377"}],"version-history":[{"count":1,"href":"https:\/\/fedemark.ee\/fi\/wp-json\/wp\/v2\/product\/7377\/revisions"}],"predecessor-version":[{"id":10633,"href":"https:\/\/fedemark.ee\/fi\/wp-json\/wp\/v2\/product\/7377\/revisions\/10633"}],"wp:featuredmedia":[{"embeddable":true,"href":"https:\/\/fedemark.ee\/fi\/wp-json\/wp\/v2\/media\/7382"}],"wp:attachment":[{"href":"https:\/\/fedemark.ee\/fi\/wp-json\/wp\/v2\/media?parent=7377"}],"wp:term":[{"taxonomy":"product_cat","embeddable":true,"href":"https:\/\/fedemark.ee\/fi\/wp-json\/wp\/v2\/product_cat?post=7377"},{"taxonomy":"product_tag","embeddable":true,"href":"https:\/\/fedemark.ee\/fi\/wp-json\/wp\/v2\/product_tag?post=7377"}],"curies":[{"name":"wp","href":"https:\/\/api.w.org\/{rel}","templated":true}]}}