{"id":7384,"date":"2017-06-14T12:24:16","date_gmt":"2017-06-14T12:24:16","guid":{"rendered":"https:\/\/sharks.ee\/fedemark\/shop\/uncategorized\/roller-plus-s\/"},"modified":"2017-11-16T18:33:02","modified_gmt":"2017-11-16T18:33:02","slug":"roller-plus-s","status":"publish","type":"product","link":"https:\/\/fedemark.ee\/fi\/tuotteet\/telineet-ja-erikoisrakenteet\/alumiiniset-suurikantokykyiset-telineet\/roller-plus-s\/","title":{"rendered":"Roller Plus S"},"content":{"rendered":"","protected":false},"excerpt":{"rendered":"<p><em>Myyd\u00e4\u00e4n moduuleina \u2013 nopea asennus, koottava alusta ja enimm\u00e4isty\u00f6korkeus 6,76 m<\/em><\/p>\n<p>Kompaktien, alumiinisten ja nopeasti avattavien ja koottavien telineiden asennus tapahtuu hyvin nopeasti.<br \/>\nTelineisiin kuuluu alustamoduuli, jonka korkeus on 1,70 m, p\u00e4\u00e4tyosat kooltaan 1,84 m ja 2 v\u00e4liosaa kooltaan 1,5 m ja 1,8 m, ja telineiden kokonaiskorkeus on 6,76 m.<br \/>\nTelineet sopivat seinien huolto- ja kalkintat\u00f6iden suorittamiseen.<br \/>\nValmistettu kevyest\u00e4 putken mallisesta alumiiniseoksesta \u00d8 50 mm ja liukumattomista muhkuraisista puolista. Alamoduuli on asennettu ja ty\u00f6asennon saavuttamiseksi se on hyvin nopeasti avattavissa. Muutamasta osasta koostuva rakenne muuttaa telineet kevyiksi ja hyvin helposti kuljetettaviksi, lis\u00e4ksi asennukseen kuluu vain muutama minuutti ja siihen ei tarvita ty\u00f6kaluja. Ruoste ei pysty vahingoittamaan t\u00e4t\u00e4 kest\u00e4v\u00e4\u00e4 materiaalia.<\/p>\n<p>Pakkaus<br \/>\nRoller Plus -pakkaus on sellainen, ett\u00e4 myyjien olisi helppo ja mukava s\u00e4ilytt\u00e4\u00e4 niit\u00e4. Jokainen moduuli on yhten\u00e4isen\u00e4 osana erikseen pakattu ja telinej\u00e4rjestelm\u00e4n sis\u00e4lt\u00f6 ja tarkka asento on selv\u00e4sti merkitty. Myyj\u00e4 voi todeta vaikeuksitta tarvittavaa korkeutta vastaavan moduulin heti ja luovuttaa sen, jonka ansiosta kaikkien osien kirjanpito ja valvonta on hyvin helppoa.<\/p>\n<p>TEKNISET OMINAISUUDET<br \/>\nPaino: 30 kg (alusta)<br \/>\nKorkeus: 1,70 m (koottava alusta)<br \/>\nTy\u00f6korkeus: 2,90 m (alusta)<br \/>\nKokonaismitat: 1,60&#215;1,05 m (p)<br \/>\nLuukulla varustettu ty\u00f6taso: 1,40&#215;0,60 m (8,5 kg)<br \/>\nLiukumattomien puolien et\u00e4isyys: 30 cm<br \/>\n4 jarrulla varustettua py\u00f6r\u00e4\u00e4: \u00f8 125 mm<br \/>\nKantavuus: 200 kg\/m\u00b2 (2 henkil\u00f6\u00e4)<\/p>\n<p>Roller Plus on varustettu k\u00e4ytt\u00f6ohjeella ja kylteill\u00e4<\/p>\n<p>Kaikissa osissa on merkittyn\u00e4 valmistusvuosi ja Sveltin logo.<br \/>\nRoller Plus -telineit\u00e4 voi pystytt\u00e4\u00e4 enint\u00e4\u00e4n 6,76 m korkeudelle. Moduuli C:n asentamisen j\u00e4lkeen, joka antaa Roller Plusille lis\u00e4\u00e4 4,96 m, voidaan lis\u00e4t\u00e4 viimeinen moduuli D, jonka pituus on alkaen 1,80 m, saa saavuttaa suurin mahdollinen korkeus 6,76 m (ty\u00f6korkeus\u00a07,76 m). 30 cm et\u00e4isyyksin olevat puolat tarjoavat k\u00e4ytt\u00e4j\u00e4lle mahdollisuuden p\u00e4\u00e4st\u00e4 kaikille ty\u00f6tasoille turvallisesti (eurooppalaisten standardien mukaisesti) ilma mink\u00e4\u00e4nlaisten sis\u00e4tikkaiden k\u00e4ytt\u00f6\u00e4.<\/p>\n<table>\n<tbody>\n<tr>\n<td width=\"99\">Ty\u00f6tason korkeus\u00a0(m)<\/td>\n<td width=\"99\">Teline korkeus\u00a0(m)<\/td>\n<td width=\"100\">Ty\u00f6n korkeus(m)<\/td>\n<td width=\"100\">Moduulit<\/td>\n<td width=\"110\">Ty\u00f6tasot<\/td>\n<\/tr>\n<tr>\n<td width=\"99\">0,91<\/td>\n<td width=\"99\">1,71<\/td>\n<td width=\"100\">2,90<\/td>\n<td width=\"100\">A<\/td>\n<td width=\"110\">1<\/td>\n<\/tr>\n<tr>\n<td width=\"99\">2,41<\/td>\n<td width=\"99\">3,46<\/td>\n<td width=\"100\">4,40<\/td>\n<td width=\"100\">A+B<\/td>\n<td width=\"110\">1<\/td>\n<\/tr>\n<tr>\n<td width=\"99\">3,91<\/td>\n<td width=\"99\">4,96<\/td>\n<td width=\"100\">5,90<\/td>\n<td width=\"100\">A+B+C<\/td>\n<td width=\"110\">1<\/td>\n<\/tr>\n<tr>\n<td width=\"99\">5,71<\/td>\n<td width=\"99\">6,76<\/td>\n<td width=\"100\">7,70<\/td>\n<td width=\"100\">A+B+C+D<\/td>\n<td width=\"110\">2<\/td>\n<\/tr>\n<\/tbody>\n<\/table>\n<p><img loading=\"lazy\" decoding=\"async\" class=\"alignnone wp-image-5317\" src=\"https:\/\/fedemark.ee\/wp-content\/uploads\/2017\/06\/Ikoonid_29-1.jpg\" alt=\"\" width=\"77\" height=\"71\" \/><img loading=\"lazy\" decoding=\"async\" class=\"alignnone wp-image-5285\" src=\"https:\/\/fedemark.ee\/wp-content\/uploads\/2017\/06\/Ikoonid_11.jpg\" alt=\"\" width=\"74\" height=\"74\" srcset=\"https:\/\/fedemark.ee\/wp-content\/uploads\/2017\/06\/Ikoonid_11.jpg 150w, https:\/\/fedemark.ee\/wp-content\/uploads\/2017\/06\/Ikoonid_11-100x100.jpg 100w\" sizes=\"(max-width: 74px) 100vw, 74px\" \/><img loading=\"lazy\" decoding=\"async\" class=\"alignnone wp-image-5329\" src=\"https:\/\/fedemark.ee\/wp-content\/uploads\/2017\/06\/Ikoonid_37-Copy.jpg\" alt=\"\" width=\"125\" height=\"56\" \/><img loading=\"lazy\" decoding=\"async\" class=\"alignnone wp-image-5341\" src=\"https:\/\/fedemark.ee\/wp-content\/uploads\/2017\/06\/Ikoonid_38.jpg\" alt=\"\" width=\"77\" height=\"74\" \/><\/p>\n","protected":false},"featured_media":5479,"comment_status":"open","ping_status":"closed","template":"","meta":{"footnotes":""},"product_cat":[193],"product_tag":[],"yoast_head":"<!-- This site is optimized with the Yoast SEO plugin v22.6 - https:\/\/yoast.com\/wordpress\/plugins\/seo\/ -->\n<title>Roller Plus S - Fedemark<\/title>\n<meta name=\"robots\" content=\"index, follow, max-snippet:-1, max-image-preview:large, max-video-preview:-1\" \/>\n<link rel=\"canonical\" href=\"https:\/\/fedemark.ee\/fi\/tuotteet\/telineet-ja-erikoisrakenteet\/alumiiniset-suurikantokykyiset-telineet\/roller-plus-s\/\" \/>\n<meta property=\"og:locale\" content=\"fi_FI\" \/>\n<meta property=\"og:type\" content=\"article\" \/>\n<meta property=\"og:title\" content=\"Roller Plus S - Fedemark\" \/>\n<meta property=\"og:description\" content=\"Myyd\u00e4\u00e4n moduuleina \u2013 nopea asennus, koottava alusta ja enimm\u00e4isty\u00f6korkeus 6,76 m  Kompaktien, alumiinisten ja nopeasti avattavien ja koottavien telineiden asennus tapahtuu hyvin nopeasti. Telineisiin kuuluu alustamoduuli, jonka korkeus on 1,70 m, p\u00e4\u00e4tyosat kooltaan 1,84 m ja 2 v\u00e4liosaa kooltaan 1,5 m ja 1,8 m, ja telineiden kokonaiskorkeus on 6,76 m. Telineet sopivat seinien huolto- ja kalkintat\u00f6iden suorittamiseen. Valmistettu kevyest\u00e4 putken mallisesta alumiiniseoksesta \u00d8 50 mm ja liukumattomista muhkuraisista puolista. Alamoduuli on asennettu ja ty\u00f6asennon saavuttamiseksi se on hyvin nopeasti avattavissa. Muutamasta osasta koostuva rakenne muuttaa telineet kevyiksi ja hyvin helposti kuljetettaviksi, lis\u00e4ksi asennukseen kuluu vain muutama minuutti ja siihen ei tarvita ty\u00f6kaluja. Ruoste ei pysty vahingoittamaan t\u00e4t\u00e4 kest\u00e4v\u00e4\u00e4 materiaalia.  Pakkaus Roller Plus -pakkaus on sellainen, ett\u00e4 myyjien olisi helppo ja mukava s\u00e4ilytt\u00e4\u00e4 niit\u00e4. Jokainen moduuli on yhten\u00e4isen\u00e4 osana erikseen pakattu ja telinej\u00e4rjestelm\u00e4n sis\u00e4lt\u00f6 ja tarkka asento on selv\u00e4sti merkitty. Myyj\u00e4 voi todeta vaikeuksitta tarvittavaa korkeutta vastaavan moduulin heti ja luovuttaa sen, jonka ansiosta kaikkien osien kirjanpito ja valvonta on hyvin helppoa.  TEKNISET OMINAISUUDET Paino: 30 kg (alusta) Korkeus: 1,70 m (koottava alusta) Ty\u00f6korkeus: 2,90 m (alusta) Kokonaismitat: 1,60x1,05 m (p) Luukulla varustettu ty\u00f6taso: 1,40x0,60 m (8,5 kg) Liukumattomien puolien et\u00e4isyys: 30 cm 4 jarrulla varustettua py\u00f6r\u00e4\u00e4: \u00f8 125 mm Kantavuus: 200 kg\/m\u00b2 (2 henkil\u00f6\u00e4)  Roller Plus on varustettu k\u00e4ytt\u00f6ohjeella ja kylteill\u00e4  Kaikissa osissa on merkittyn\u00e4 valmistusvuosi ja Sveltin logo. Roller Plus -telineit\u00e4 voi pystytt\u00e4\u00e4 enint\u00e4\u00e4n 6,76 m korkeudelle. Moduuli C:n asentamisen j\u00e4lkeen, joka antaa Roller Plusille lis\u00e4\u00e4 4,96 m, voidaan lis\u00e4t\u00e4 viimeinen moduuli D, jonka pituus on alkaen 1,80 m, saa saavuttaa suurin mahdollinen korkeus 6,76 m (ty\u00f6korkeus\u00a07,76 m). 30 cm et\u00e4isyyksin olevat puolat tarjoavat k\u00e4ytt\u00e4j\u00e4lle mahdollisuuden p\u00e4\u00e4st\u00e4 kaikille ty\u00f6tasoille turvallisesti (eurooppalaisten standardien mukaisesti) ilma mink\u00e4\u00e4nlaisten sis\u00e4tikkaiden k\u00e4ytt\u00f6\u00e4.    Ty\u00f6tason korkeus\u00a0(m) Teline korkeus\u00a0(m) Ty\u00f6n korkeus(m) Moduulit Ty\u00f6tasot   0,91 1,71 2,90 A 1   2,41 3,46 4,40 A+B 1   3,91 4,96 5,90 A+B+C 1   5,71 6,76 7,70 A+B+C+D 2\" \/>\n<meta property=\"og:url\" content=\"https:\/\/fedemark.ee\/fi\/tuotteet\/telineet-ja-erikoisrakenteet\/alumiiniset-suurikantokykyiset-telineet\/roller-plus-s\/\" \/>\n<meta property=\"og:site_name\" content=\"Fedemark\" \/>\n<meta property=\"article:modified_time\" content=\"2017-11-16T18:33:02+00:00\" \/>\n<meta property=\"og:image\" content=\"https:\/\/fedemark.ee\/wp-content\/uploads\/2017\/06\/Roller-plus-S-AB-743x1024.jpg\" \/>\n\t<meta property=\"og:image:width\" content=\"743\" \/>\n\t<meta property=\"og:image:height\" content=\"1024\" \/>\n\t<meta property=\"og:image:type\" content=\"image\/jpeg\" \/>\n<meta name=\"twitter:card\" content=\"summary_large_image\" \/>\n<script type=\"application\/ld+json\" class=\"yoast-schema-graph\">{\"@context\":\"https:\/\/schema.org\",\"@graph\":[{\"@type\":\"WebPage\",\"@id\":\"https:\/\/fedemark.ee\/fi\/tuotteet\/telineet-ja-erikoisrakenteet\/alumiiniset-suurikantokykyiset-telineet\/roller-plus-s\/\",\"url\":\"https:\/\/fedemark.ee\/fi\/tuotteet\/telineet-ja-erikoisrakenteet\/alumiiniset-suurikantokykyiset-telineet\/roller-plus-s\/\",\"name\":\"Roller Plus S - Fedemark\",\"isPartOf\":{\"@id\":\"https:\/\/fedemark.ee\/#website\"},\"primaryImageOfPage\":{\"@id\":\"https:\/\/fedemark.ee\/fi\/tuotteet\/telineet-ja-erikoisrakenteet\/alumiiniset-suurikantokykyiset-telineet\/roller-plus-s\/#primaryimage\"},\"image\":{\"@id\":\"https:\/\/fedemark.ee\/fi\/tuotteet\/telineet-ja-erikoisrakenteet\/alumiiniset-suurikantokykyiset-telineet\/roller-plus-s\/#primaryimage\"},\"thumbnailUrl\":\"https:\/\/fedemark.ee\/wp-content\/uploads\/2017\/06\/Roller-plus-S-AB.jpg\",\"datePublished\":\"2017-06-14T12:24:16+00:00\",\"dateModified\":\"2017-11-16T18:33:02+00:00\",\"breadcrumb\":{\"@id\":\"https:\/\/fedemark.ee\/fi\/tuotteet\/telineet-ja-erikoisrakenteet\/alumiiniset-suurikantokykyiset-telineet\/roller-plus-s\/#breadcrumb\"},\"inLanguage\":\"fi-FI\",\"potentialAction\":[{\"@type\":\"ReadAction\",\"target\":[\"https:\/\/fedemark.ee\/fi\/tuotteet\/telineet-ja-erikoisrakenteet\/alumiiniset-suurikantokykyiset-telineet\/roller-plus-s\/\"]}]},{\"@type\":\"ImageObject\",\"inLanguage\":\"fi-FI\",\"@id\":\"https:\/\/fedemark.ee\/fi\/tuotteet\/telineet-ja-erikoisrakenteet\/alumiiniset-suurikantokykyiset-telineet\/roller-plus-s\/#primaryimage\",\"url\":\"https:\/\/fedemark.ee\/wp-content\/uploads\/2017\/06\/Roller-plus-S-AB.jpg\",\"contentUrl\":\"https:\/\/fedemark.ee\/wp-content\/uploads\/2017\/06\/Roller-plus-S-AB.jpg\",\"width\":2236,\"height\":3081},{\"@type\":\"BreadcrumbList\",\"@id\":\"https:\/\/fedemark.ee\/fi\/tuotteet\/telineet-ja-erikoisrakenteet\/alumiiniset-suurikantokykyiset-telineet\/roller-plus-s\/#breadcrumb\",\"itemListElement\":[{\"@type\":\"ListItem\",\"position\":1,\"name\":\"Home\",\"item\":\"https:\/\/fedemark.ee\/fi\/\"},{\"@type\":\"ListItem\",\"position\":2,\"name\":\"Tuotteet\",\"item\":\"https:\/\/fedemark.ee\/fi\/tuotteet\/\"},{\"@type\":\"ListItem\",\"position\":3,\"name\":\"Roller Plus S\"}]},{\"@type\":\"WebSite\",\"@id\":\"https:\/\/fedemark.ee\/#website\",\"url\":\"https:\/\/fedemark.ee\/\",\"name\":\"Fedemark\",\"description\":\"Redelid, Tellingud, T\u00f6\u00f6platvormid ja vahekorrused\",\"potentialAction\":[{\"@type\":\"SearchAction\",\"target\":{\"@type\":\"EntryPoint\",\"urlTemplate\":\"https:\/\/fedemark.ee\/?s={search_term_string}\"},\"query-input\":\"required name=search_term_string\"}],\"inLanguage\":\"fi-FI\"}]}<\/script>\n<!-- \/ Yoast SEO plugin. -->","yoast_head_json":{"title":"Roller Plus S - Fedemark","robots":{"index":"index","follow":"follow","max-snippet":"max-snippet:-1","max-image-preview":"max-image-preview:large","max-video-preview":"max-video-preview:-1"},"canonical":"https:\/\/fedemark.ee\/fi\/tuotteet\/telineet-ja-erikoisrakenteet\/alumiiniset-suurikantokykyiset-telineet\/roller-plus-s\/","og_locale":"fi_FI","og_type":"article","og_title":"Roller Plus S - Fedemark","og_description":"Myyd\u00e4\u00e4n moduuleina \u2013 nopea asennus, koottava alusta ja enimm\u00e4isty\u00f6korkeus 6,76 m  Kompaktien, alumiinisten ja nopeasti avattavien ja koottavien telineiden asennus tapahtuu hyvin nopeasti. Telineisiin kuuluu alustamoduuli, jonka korkeus on 1,70 m, p\u00e4\u00e4tyosat kooltaan 1,84 m ja 2 v\u00e4liosaa kooltaan 1,5 m ja 1,8 m, ja telineiden kokonaiskorkeus on 6,76 m. Telineet sopivat seinien huolto- ja kalkintat\u00f6iden suorittamiseen. Valmistettu kevyest\u00e4 putken mallisesta alumiiniseoksesta \u00d8 50 mm ja liukumattomista muhkuraisista puolista. Alamoduuli on asennettu ja ty\u00f6asennon saavuttamiseksi se on hyvin nopeasti avattavissa. Muutamasta osasta koostuva rakenne muuttaa telineet kevyiksi ja hyvin helposti kuljetettaviksi, lis\u00e4ksi asennukseen kuluu vain muutama minuutti ja siihen ei tarvita ty\u00f6kaluja. Ruoste ei pysty vahingoittamaan t\u00e4t\u00e4 kest\u00e4v\u00e4\u00e4 materiaalia.  Pakkaus Roller Plus -pakkaus on sellainen, ett\u00e4 myyjien olisi helppo ja mukava s\u00e4ilytt\u00e4\u00e4 niit\u00e4. Jokainen moduuli on yhten\u00e4isen\u00e4 osana erikseen pakattu ja telinej\u00e4rjestelm\u00e4n sis\u00e4lt\u00f6 ja tarkka asento on selv\u00e4sti merkitty. Myyj\u00e4 voi todeta vaikeuksitta tarvittavaa korkeutta vastaavan moduulin heti ja luovuttaa sen, jonka ansiosta kaikkien osien kirjanpito ja valvonta on hyvin helppoa.  TEKNISET OMINAISUUDET Paino: 30 kg (alusta) Korkeus: 1,70 m (koottava alusta) Ty\u00f6korkeus: 2,90 m (alusta) Kokonaismitat: 1,60x1,05 m (p) Luukulla varustettu ty\u00f6taso: 1,40x0,60 m (8,5 kg) Liukumattomien puolien et\u00e4isyys: 30 cm 4 jarrulla varustettua py\u00f6r\u00e4\u00e4: \u00f8 125 mm Kantavuus: 200 kg\/m\u00b2 (2 henkil\u00f6\u00e4)  Roller Plus on varustettu k\u00e4ytt\u00f6ohjeella ja kylteill\u00e4  Kaikissa osissa on merkittyn\u00e4 valmistusvuosi ja Sveltin logo. Roller Plus -telineit\u00e4 voi pystytt\u00e4\u00e4 enint\u00e4\u00e4n 6,76 m korkeudelle. Moduuli C:n asentamisen j\u00e4lkeen, joka antaa Roller Plusille lis\u00e4\u00e4 4,96 m, voidaan lis\u00e4t\u00e4 viimeinen moduuli D, jonka pituus on alkaen 1,80 m, saa saavuttaa suurin mahdollinen korkeus 6,76 m (ty\u00f6korkeus\u00a07,76 m). 30 cm et\u00e4isyyksin olevat puolat tarjoavat k\u00e4ytt\u00e4j\u00e4lle mahdollisuuden p\u00e4\u00e4st\u00e4 kaikille ty\u00f6tasoille turvallisesti (eurooppalaisten standardien mukaisesti) ilma mink\u00e4\u00e4nlaisten sis\u00e4tikkaiden k\u00e4ytt\u00f6\u00e4.    Ty\u00f6tason korkeus\u00a0(m) Teline korkeus\u00a0(m) Ty\u00f6n korkeus(m) Moduulit Ty\u00f6tasot   0,91 1,71 2,90 A 1   2,41 3,46 4,40 A+B 1   3,91 4,96 5,90 A+B+C 1   5,71 6,76 7,70 A+B+C+D 2","og_url":"https:\/\/fedemark.ee\/fi\/tuotteet\/telineet-ja-erikoisrakenteet\/alumiiniset-suurikantokykyiset-telineet\/roller-plus-s\/","og_site_name":"Fedemark","article_modified_time":"2017-11-16T18:33:02+00:00","og_image":[{"width":743,"height":1024,"url":"https:\/\/fedemark.ee\/wp-content\/uploads\/2017\/06\/Roller-plus-S-AB-743x1024.jpg","type":"image\/jpeg"}],"twitter_card":"summary_large_image","schema":{"@context":"https:\/\/schema.org","@graph":[{"@type":"WebPage","@id":"https:\/\/fedemark.ee\/fi\/tuotteet\/telineet-ja-erikoisrakenteet\/alumiiniset-suurikantokykyiset-telineet\/roller-plus-s\/","url":"https:\/\/fedemark.ee\/fi\/tuotteet\/telineet-ja-erikoisrakenteet\/alumiiniset-suurikantokykyiset-telineet\/roller-plus-s\/","name":"Roller Plus S - Fedemark","isPartOf":{"@id":"https:\/\/fedemark.ee\/#website"},"primaryImageOfPage":{"@id":"https:\/\/fedemark.ee\/fi\/tuotteet\/telineet-ja-erikoisrakenteet\/alumiiniset-suurikantokykyiset-telineet\/roller-plus-s\/#primaryimage"},"image":{"@id":"https:\/\/fedemark.ee\/fi\/tuotteet\/telineet-ja-erikoisrakenteet\/alumiiniset-suurikantokykyiset-telineet\/roller-plus-s\/#primaryimage"},"thumbnailUrl":"https:\/\/fedemark.ee\/wp-content\/uploads\/2017\/06\/Roller-plus-S-AB.jpg","datePublished":"2017-06-14T12:24:16+00:00","dateModified":"2017-11-16T18:33:02+00:00","breadcrumb":{"@id":"https:\/\/fedemark.ee\/fi\/tuotteet\/telineet-ja-erikoisrakenteet\/alumiiniset-suurikantokykyiset-telineet\/roller-plus-s\/#breadcrumb"},"inLanguage":"fi-FI","potentialAction":[{"@type":"ReadAction","target":["https:\/\/fedemark.ee\/fi\/tuotteet\/telineet-ja-erikoisrakenteet\/alumiiniset-suurikantokykyiset-telineet\/roller-plus-s\/"]}]},{"@type":"ImageObject","inLanguage":"fi-FI","@id":"https:\/\/fedemark.ee\/fi\/tuotteet\/telineet-ja-erikoisrakenteet\/alumiiniset-suurikantokykyiset-telineet\/roller-plus-s\/#primaryimage","url":"https:\/\/fedemark.ee\/wp-content\/uploads\/2017\/06\/Roller-plus-S-AB.jpg","contentUrl":"https:\/\/fedemark.ee\/wp-content\/uploads\/2017\/06\/Roller-plus-S-AB.jpg","width":2236,"height":3081},{"@type":"BreadcrumbList","@id":"https:\/\/fedemark.ee\/fi\/tuotteet\/telineet-ja-erikoisrakenteet\/alumiiniset-suurikantokykyiset-telineet\/roller-plus-s\/#breadcrumb","itemListElement":[{"@type":"ListItem","position":1,"name":"Home","item":"https:\/\/fedemark.ee\/fi\/"},{"@type":"ListItem","position":2,"name":"Tuotteet","item":"https:\/\/fedemark.ee\/fi\/tuotteet\/"},{"@type":"ListItem","position":3,"name":"Roller Plus S"}]},{"@type":"WebSite","@id":"https:\/\/fedemark.ee\/#website","url":"https:\/\/fedemark.ee\/","name":"Fedemark","description":"Redelid, Tellingud, T\u00f6\u00f6platvormid ja vahekorrused","potentialAction":[{"@type":"SearchAction","target":{"@type":"EntryPoint","urlTemplate":"https:\/\/fedemark.ee\/?s={search_term_string}"},"query-input":"required name=search_term_string"}],"inLanguage":"fi-FI"}]}},"_links":{"self":[{"href":"https:\/\/fedemark.ee\/fi\/wp-json\/wp\/v2\/product\/7384"}],"collection":[{"href":"https:\/\/fedemark.ee\/fi\/wp-json\/wp\/v2\/product"}],"about":[{"href":"https:\/\/fedemark.ee\/fi\/wp-json\/wp\/v2\/types\/product"}],"replies":[{"embeddable":true,"href":"https:\/\/fedemark.ee\/fi\/wp-json\/wp\/v2\/comments?post=7384"}],"version-history":[{"count":1,"href":"https:\/\/fedemark.ee\/fi\/wp-json\/wp\/v2\/product\/7384\/revisions"}],"predecessor-version":[{"id":10636,"href":"https:\/\/fedemark.ee\/fi\/wp-json\/wp\/v2\/product\/7384\/revisions\/10636"}],"wp:featuredmedia":[{"embeddable":true,"href":"https:\/\/fedemark.ee\/fi\/wp-json\/wp\/v2\/media\/5479"}],"wp:attachment":[{"href":"https:\/\/fedemark.ee\/fi\/wp-json\/wp\/v2\/media?parent=7384"}],"wp:term":[{"taxonomy":"product_cat","embeddable":true,"href":"https:\/\/fedemark.ee\/fi\/wp-json\/wp\/v2\/product_cat?post=7384"},{"taxonomy":"product_tag","embeddable":true,"href":"https:\/\/fedemark.ee\/fi\/wp-json\/wp\/v2\/product_tag?post=7384"}],"curies":[{"name":"wp","href":"https:\/\/api.w.org\/{rel}","templated":true}]}}