{"id":7385,"date":"2017-06-14T12:31:01","date_gmt":"2017-06-14T12:31:01","guid":{"rendered":"https:\/\/sharks.ee\/fedemark\/shop\/uncategorized\/target\/"},"modified":"2017-07-28T06:23:32","modified_gmt":"2017-07-28T06:23:32","slug":"target","status":"publish","type":"product","link":"https:\/\/fedemark.ee\/fi\/tuotteet\/telineet-ja-erikoisrakenteet\/alumiiniset-suurikantokykyiset-telineet\/target\/","title":{"rendered":"Target"},"content":{"rendered":"","protected":false},"excerpt":{"rendered":"<p><em>Monik\u00e4ytt\u00f6isi\u00e4 alumiinitelineit\u00e4 voi k\u00e4ytt\u00e4\u00e4 kaksina tikkaina \u2013 enimm\u00e4iskorkeus 3,15 m.<\/em><\/p>\n<p>Target on kaksista s\u00e4\u00e4dett\u00e4vist\u00e4 tikkaista muodostuva alumiininen teleskooppiteline. Vaakasuorat ja diagonaaliset ter\u00e4stangot tekev\u00e4t rakenteesta lujan ja vakaan. Sopii sek\u00e4 ammattilaisten ett\u00e4 harrastajien k\u00e4ytt\u00f6\u00f6n. Voi k\u00e4ytt\u00e4\u00e4 eri korkeuksissa ja jokaista osaa voi my\u00f6s k\u00e4ytt\u00e4\u00e4 erikseen. Koottuna mahtuu vakiomittaisista ovista (2,0 m) ja ty\u00f6korkeus on 3 metri\u00e4. Avattuna on enimm\u00e4isty\u00f6korkeus on 4,15 m. Profiilit 75 x 25 mm. Kaikki n\u00e4m\u00e4 ter\u00e4sosat on maalattu epoksimaalilla. Pieni osien m\u00e4\u00e4r\u00e4, kevyt paino, kompaktit kuljetusmitat ja nopea asennus tekev\u00e4t t\u00e4st\u00e4 tuotteesta eritt\u00e4in kilpailukykyisen ja mukavan. Se sopii huolto- ja kalkintat\u00f6iden tekemiseen. 30 mm liukumattomat, muhkuraiset puolat. Ruoste ei pysty vahingoittamaan t\u00e4t\u00e4 kest\u00e4v\u00e4\u00e4 materiaalia.<\/p>\n<p>TEKNISET OMINAISUUDET<br \/>\nAlusta: 1,60&#215;1,00 m<br \/>\nKokonaiskorkeus enint.: 3,15 m<br \/>\nEnimm\u00e4isty\u00f6korkeus: 4,15 m<br \/>\nTy\u00f6tason enimm\u00e4iskorkeus: 2,15 m<br \/>\nKokonaiskorkeus v\u00e4hint.: 2,00 m<br \/>\nPuolien v\u00e4li: 30 cm<br \/>\nPuolaosa: 30&#215;30 mm<br \/>\nProfiili: 75&#215;25 mm<br \/>\nTy\u00f6tason mitat: 1,25&#215;0,45 m (10 kg)<br \/>\nKokonaispaino: 44 kg<br \/>\nKantavuus: 150 kg (yksi henkil\u00f6)<br \/>\nTakuu: 3 vuotta<\/p>\n<p>Kaksia s\u00e4\u00e4dett\u00e4vi\u00e4 tikkaita voi k\u00e4ytt\u00e4\u00e4 sein\u00e4\u00e4n tuettavina tikkaina ja porrastikkaina.<\/p>\n<p>Ty\u00f6taso 0,95 m \u2013 suojakaide 1,00 m<br \/>\nTy\u00f6korkeus 2,95 m \u2013 minimikorkeus 2,00 m<\/p>\n<p>Puolat (30&#215;30 mm) on kiinnitetty kehyksen putkiin ristikkomenetelm\u00e4ll\u00e4. Puolat ovat liukumattomat ja koko pinnaltaan muhkuraiset, jotta kontakti niihin olisi pit\u00e4v\u00e4 sek\u00e4 k\u00e4sill\u00e4 ett\u00e4 jaloilla. Turvakoukku est\u00e4\u00e4 yll\u00e4tt\u00e4v\u00e4t pitenemisen.<\/p>\n<p>Tangot on kiinnitetty nailonruuveilla, joka muuttaa rakenteen eritt\u00e4in turvalliseksi.<br \/>\nTankojen yhteispaino: 12 kg.<\/p>\n<p>Ty\u00f6taso koostuu alumiinisesta kantavasta rakenteesta ja puutasosta. Ty\u00f6tasossa on turvakoukku, luukku ja 10 cm puinen varvaslauta (nopeasti asennettavat), jotta v\u00e4ltyt\u00e4\u00e4n kaikenlaiselta ty\u00f6kalujen putoamisvaaralta. Taso tulee sijoittaa rakenteen viimeiselle, punaiseksi maalatulle puolalle.<br \/>\nVarvaslautojen paino: 2,6 kg<br \/>\nTason kokonaispaino: 7,2 kg<\/p>\n<p>Targetissa on 2 tukijalkaa (kumpikin 1 m), jotka kasvattavat alustan mittaa taatakseen paremman vakauden. Tukien asentamiseen on pakkauksessa mukana 2 ty\u00f6kalua.<\/p>\n<p>Targetia voi liikuttaa kahden \u00f8 100 mm py\u00f6r\u00e4n avulla. Kun Target on lattialla, py\u00f6r\u00e4t eiv\u00e4t toimi ja rakennelma on paikallaan.<\/p>\n<p>Tikkaiden saranat ovat alumiinia. Turvanasta est\u00e4\u00e4 jatkamisen turvallista korkeutta pidemm\u00e4ksi.<\/p>\n","protected":false},"featured_media":9315,"comment_status":"open","ping_status":"closed","template":"","meta":{"footnotes":""},"product_cat":[193],"product_tag":[],"yoast_head":"<!-- This site is optimized with the Yoast SEO plugin v22.6 - https:\/\/yoast.com\/wordpress\/plugins\/seo\/ -->\n<title>Target - Fedemark<\/title>\n<meta name=\"robots\" content=\"index, follow, max-snippet:-1, max-image-preview:large, max-video-preview:-1\" \/>\n<link rel=\"canonical\" href=\"https:\/\/fedemark.ee\/fi\/tuotteet\/telineet-ja-erikoisrakenteet\/alumiiniset-suurikantokykyiset-telineet\/target\/\" \/>\n<meta property=\"og:locale\" content=\"fi_FI\" \/>\n<meta property=\"og:type\" content=\"article\" \/>\n<meta property=\"og:title\" content=\"Target - Fedemark\" \/>\n<meta property=\"og:description\" content=\"Monik\u00e4ytt\u00f6isi\u00e4 alumiinitelineit\u00e4 voi k\u00e4ytt\u00e4\u00e4 kaksina tikkaina \u2013 enimm\u00e4iskorkeus 3,15 m.  Target on kaksista s\u00e4\u00e4dett\u00e4vist\u00e4 tikkaista muodostuva alumiininen teleskooppiteline. Vaakasuorat ja diagonaaliset ter\u00e4stangot tekev\u00e4t rakenteesta lujan ja vakaan. Sopii sek\u00e4 ammattilaisten ett\u00e4 harrastajien k\u00e4ytt\u00f6\u00f6n. Voi k\u00e4ytt\u00e4\u00e4 eri korkeuksissa ja jokaista osaa voi my\u00f6s k\u00e4ytt\u00e4\u00e4 erikseen. Koottuna mahtuu vakiomittaisista ovista (2,0 m) ja ty\u00f6korkeus on 3 metri\u00e4. Avattuna on enimm\u00e4isty\u00f6korkeus on 4,15 m. Profiilit 75 x 25 mm. Kaikki n\u00e4m\u00e4 ter\u00e4sosat on maalattu epoksimaalilla. Pieni osien m\u00e4\u00e4r\u00e4, kevyt paino, kompaktit kuljetusmitat ja nopea asennus tekev\u00e4t t\u00e4st\u00e4 tuotteesta eritt\u00e4in kilpailukykyisen ja mukavan. Se sopii huolto- ja kalkintat\u00f6iden tekemiseen. 30 mm liukumattomat, muhkuraiset puolat. Ruoste ei pysty vahingoittamaan t\u00e4t\u00e4 kest\u00e4v\u00e4\u00e4 materiaalia.  TEKNISET OMINAISUUDET Alusta: 1,60x1,00 m Kokonaiskorkeus enint.: 3,15 m Enimm\u00e4isty\u00f6korkeus: 4,15 m Ty\u00f6tason enimm\u00e4iskorkeus: 2,15 m Kokonaiskorkeus v\u00e4hint.: 2,00 m Puolien v\u00e4li: 30 cm Puolaosa: 30x30 mm Profiili: 75x25 mm Ty\u00f6tason mitat: 1,25x0,45 m (10 kg) Kokonaispaino: 44 kg Kantavuus: 150 kg (yksi henkil\u00f6) Takuu: 3 vuotta  Kaksia s\u00e4\u00e4dett\u00e4vi\u00e4 tikkaita voi k\u00e4ytt\u00e4\u00e4 sein\u00e4\u00e4n tuettavina tikkaina ja porrastikkaina.  Ty\u00f6taso 0,95 m \u2013 suojakaide 1,00 m Ty\u00f6korkeus 2,95 m \u2013 minimikorkeus 2,00 m  Puolat (30x30 mm) on kiinnitetty kehyksen putkiin ristikkomenetelm\u00e4ll\u00e4. Puolat ovat liukumattomat ja koko pinnaltaan muhkuraiset, jotta kontakti niihin olisi pit\u00e4v\u00e4 sek\u00e4 k\u00e4sill\u00e4 ett\u00e4 jaloilla. Turvakoukku est\u00e4\u00e4 yll\u00e4tt\u00e4v\u00e4t pitenemisen.  Tangot on kiinnitetty nailonruuveilla, joka muuttaa rakenteen eritt\u00e4in turvalliseksi. Tankojen yhteispaino: 12 kg.  Ty\u00f6taso koostuu alumiinisesta kantavasta rakenteesta ja puutasosta. Ty\u00f6tasossa on turvakoukku, luukku ja 10 cm puinen varvaslauta (nopeasti asennettavat), jotta v\u00e4ltyt\u00e4\u00e4n kaikenlaiselta ty\u00f6kalujen putoamisvaaralta. Taso tulee sijoittaa rakenteen viimeiselle, punaiseksi maalatulle puolalle. Varvaslautojen paino: 2,6 kg Tason kokonaispaino: 7,2 kg  Targetissa on 2 tukijalkaa (kumpikin 1 m), jotka kasvattavat alustan mittaa taatakseen paremman vakauden. Tukien asentamiseen on pakkauksessa mukana 2 ty\u00f6kalua.  Targetia voi liikuttaa kahden \u00f8 100 mm py\u00f6r\u00e4n avulla. Kun Target on lattialla, py\u00f6r\u00e4t eiv\u00e4t toimi ja rakennelma on paikallaan.  Tikkaiden saranat ovat alumiinia. Turvanasta est\u00e4\u00e4 jatkamisen turvallista korkeutta pidemm\u00e4ksi.\" \/>\n<meta property=\"og:url\" content=\"https:\/\/fedemark.ee\/fi\/tuotteet\/telineet-ja-erikoisrakenteet\/alumiiniset-suurikantokykyiset-telineet\/target\/\" \/>\n<meta property=\"og:site_name\" content=\"Fedemark\" \/>\n<meta property=\"article:modified_time\" content=\"2017-07-28T06:23:32+00:00\" \/>\n<meta property=\"og:image\" content=\"https:\/\/fedemark.ee\/wp-content\/uploads\/2017\/06\/Target-4-1.jpg\" \/>\n\t<meta property=\"og:image:width\" content=\"800\" \/>\n\t<meta property=\"og:image:height\" content=\"800\" \/>\n\t<meta property=\"og:image:type\" content=\"image\/jpeg\" \/>\n<meta name=\"twitter:card\" content=\"summary_large_image\" \/>\n<script type=\"application\/ld+json\" class=\"yoast-schema-graph\">{\"@context\":\"https:\/\/schema.org\",\"@graph\":[{\"@type\":\"WebPage\",\"@id\":\"https:\/\/fedemark.ee\/fi\/tuotteet\/telineet-ja-erikoisrakenteet\/alumiiniset-suurikantokykyiset-telineet\/target\/\",\"url\":\"https:\/\/fedemark.ee\/fi\/tuotteet\/telineet-ja-erikoisrakenteet\/alumiiniset-suurikantokykyiset-telineet\/target\/\",\"name\":\"Target - Fedemark\",\"isPartOf\":{\"@id\":\"https:\/\/fedemark.ee\/#website\"},\"primaryImageOfPage\":{\"@id\":\"https:\/\/fedemark.ee\/fi\/tuotteet\/telineet-ja-erikoisrakenteet\/alumiiniset-suurikantokykyiset-telineet\/target\/#primaryimage\"},\"image\":{\"@id\":\"https:\/\/fedemark.ee\/fi\/tuotteet\/telineet-ja-erikoisrakenteet\/alumiiniset-suurikantokykyiset-telineet\/target\/#primaryimage\"},\"thumbnailUrl\":\"https:\/\/fedemark.ee\/wp-content\/uploads\/2017\/06\/Target-4-1.jpg\",\"datePublished\":\"2017-06-14T12:31:01+00:00\",\"dateModified\":\"2017-07-28T06:23:32+00:00\",\"breadcrumb\":{\"@id\":\"https:\/\/fedemark.ee\/fi\/tuotteet\/telineet-ja-erikoisrakenteet\/alumiiniset-suurikantokykyiset-telineet\/target\/#breadcrumb\"},\"inLanguage\":\"fi-FI\",\"potentialAction\":[{\"@type\":\"ReadAction\",\"target\":[\"https:\/\/fedemark.ee\/fi\/tuotteet\/telineet-ja-erikoisrakenteet\/alumiiniset-suurikantokykyiset-telineet\/target\/\"]}]},{\"@type\":\"ImageObject\",\"inLanguage\":\"fi-FI\",\"@id\":\"https:\/\/fedemark.ee\/fi\/tuotteet\/telineet-ja-erikoisrakenteet\/alumiiniset-suurikantokykyiset-telineet\/target\/#primaryimage\",\"url\":\"https:\/\/fedemark.ee\/wp-content\/uploads\/2017\/06\/Target-4-1.jpg\",\"contentUrl\":\"https:\/\/fedemark.ee\/wp-content\/uploads\/2017\/06\/Target-4-1.jpg\",\"width\":800,\"height\":800},{\"@type\":\"BreadcrumbList\",\"@id\":\"https:\/\/fedemark.ee\/fi\/tuotteet\/telineet-ja-erikoisrakenteet\/alumiiniset-suurikantokykyiset-telineet\/target\/#breadcrumb\",\"itemListElement\":[{\"@type\":\"ListItem\",\"position\":1,\"name\":\"Home\",\"item\":\"https:\/\/fedemark.ee\/fi\/\"},{\"@type\":\"ListItem\",\"position\":2,\"name\":\"Tuotteet\",\"item\":\"https:\/\/fedemark.ee\/fi\/tuotteet\/\"},{\"@type\":\"ListItem\",\"position\":3,\"name\":\"Target\"}]},{\"@type\":\"WebSite\",\"@id\":\"https:\/\/fedemark.ee\/#website\",\"url\":\"https:\/\/fedemark.ee\/\",\"name\":\"Fedemark\",\"description\":\"Redelid, Tellingud, T\u00f6\u00f6platvormid ja vahekorrused\",\"potentialAction\":[{\"@type\":\"SearchAction\",\"target\":{\"@type\":\"EntryPoint\",\"urlTemplate\":\"https:\/\/fedemark.ee\/?s={search_term_string}\"},\"query-input\":\"required name=search_term_string\"}],\"inLanguage\":\"fi-FI\"}]}<\/script>\n<!-- \/ Yoast SEO plugin. -->","yoast_head_json":{"title":"Target - Fedemark","robots":{"index":"index","follow":"follow","max-snippet":"max-snippet:-1","max-image-preview":"max-image-preview:large","max-video-preview":"max-video-preview:-1"},"canonical":"https:\/\/fedemark.ee\/fi\/tuotteet\/telineet-ja-erikoisrakenteet\/alumiiniset-suurikantokykyiset-telineet\/target\/","og_locale":"fi_FI","og_type":"article","og_title":"Target - Fedemark","og_description":"Monik\u00e4ytt\u00f6isi\u00e4 alumiinitelineit\u00e4 voi k\u00e4ytt\u00e4\u00e4 kaksina tikkaina \u2013 enimm\u00e4iskorkeus 3,15 m.  Target on kaksista s\u00e4\u00e4dett\u00e4vist\u00e4 tikkaista muodostuva alumiininen teleskooppiteline. Vaakasuorat ja diagonaaliset ter\u00e4stangot tekev\u00e4t rakenteesta lujan ja vakaan. Sopii sek\u00e4 ammattilaisten ett\u00e4 harrastajien k\u00e4ytt\u00f6\u00f6n. Voi k\u00e4ytt\u00e4\u00e4 eri korkeuksissa ja jokaista osaa voi my\u00f6s k\u00e4ytt\u00e4\u00e4 erikseen. Koottuna mahtuu vakiomittaisista ovista (2,0 m) ja ty\u00f6korkeus on 3 metri\u00e4. Avattuna on enimm\u00e4isty\u00f6korkeus on 4,15 m. Profiilit 75 x 25 mm. Kaikki n\u00e4m\u00e4 ter\u00e4sosat on maalattu epoksimaalilla. Pieni osien m\u00e4\u00e4r\u00e4, kevyt paino, kompaktit kuljetusmitat ja nopea asennus tekev\u00e4t t\u00e4st\u00e4 tuotteesta eritt\u00e4in kilpailukykyisen ja mukavan. Se sopii huolto- ja kalkintat\u00f6iden tekemiseen. 30 mm liukumattomat, muhkuraiset puolat. Ruoste ei pysty vahingoittamaan t\u00e4t\u00e4 kest\u00e4v\u00e4\u00e4 materiaalia.  TEKNISET OMINAISUUDET Alusta: 1,60x1,00 m Kokonaiskorkeus enint.: 3,15 m Enimm\u00e4isty\u00f6korkeus: 4,15 m Ty\u00f6tason enimm\u00e4iskorkeus: 2,15 m Kokonaiskorkeus v\u00e4hint.: 2,00 m Puolien v\u00e4li: 30 cm Puolaosa: 30x30 mm Profiili: 75x25 mm Ty\u00f6tason mitat: 1,25x0,45 m (10 kg) Kokonaispaino: 44 kg Kantavuus: 150 kg (yksi henkil\u00f6) Takuu: 3 vuotta  Kaksia s\u00e4\u00e4dett\u00e4vi\u00e4 tikkaita voi k\u00e4ytt\u00e4\u00e4 sein\u00e4\u00e4n tuettavina tikkaina ja porrastikkaina.  Ty\u00f6taso 0,95 m \u2013 suojakaide 1,00 m Ty\u00f6korkeus 2,95 m \u2013 minimikorkeus 2,00 m  Puolat (30x30 mm) on kiinnitetty kehyksen putkiin ristikkomenetelm\u00e4ll\u00e4. Puolat ovat liukumattomat ja koko pinnaltaan muhkuraiset, jotta kontakti niihin olisi pit\u00e4v\u00e4 sek\u00e4 k\u00e4sill\u00e4 ett\u00e4 jaloilla. Turvakoukku est\u00e4\u00e4 yll\u00e4tt\u00e4v\u00e4t pitenemisen.  Tangot on kiinnitetty nailonruuveilla, joka muuttaa rakenteen eritt\u00e4in turvalliseksi. Tankojen yhteispaino: 12 kg.  Ty\u00f6taso koostuu alumiinisesta kantavasta rakenteesta ja puutasosta. Ty\u00f6tasossa on turvakoukku, luukku ja 10 cm puinen varvaslauta (nopeasti asennettavat), jotta v\u00e4ltyt\u00e4\u00e4n kaikenlaiselta ty\u00f6kalujen putoamisvaaralta. Taso tulee sijoittaa rakenteen viimeiselle, punaiseksi maalatulle puolalle. Varvaslautojen paino: 2,6 kg Tason kokonaispaino: 7,2 kg  Targetissa on 2 tukijalkaa (kumpikin 1 m), jotka kasvattavat alustan mittaa taatakseen paremman vakauden. Tukien asentamiseen on pakkauksessa mukana 2 ty\u00f6kalua.  Targetia voi liikuttaa kahden \u00f8 100 mm py\u00f6r\u00e4n avulla. Kun Target on lattialla, py\u00f6r\u00e4t eiv\u00e4t toimi ja rakennelma on paikallaan.  Tikkaiden saranat ovat alumiinia. Turvanasta est\u00e4\u00e4 jatkamisen turvallista korkeutta pidemm\u00e4ksi.","og_url":"https:\/\/fedemark.ee\/fi\/tuotteet\/telineet-ja-erikoisrakenteet\/alumiiniset-suurikantokykyiset-telineet\/target\/","og_site_name":"Fedemark","article_modified_time":"2017-07-28T06:23:32+00:00","og_image":[{"width":800,"height":800,"url":"https:\/\/fedemark.ee\/wp-content\/uploads\/2017\/06\/Target-4-1.jpg","type":"image\/jpeg"}],"twitter_card":"summary_large_image","schema":{"@context":"https:\/\/schema.org","@graph":[{"@type":"WebPage","@id":"https:\/\/fedemark.ee\/fi\/tuotteet\/telineet-ja-erikoisrakenteet\/alumiiniset-suurikantokykyiset-telineet\/target\/","url":"https:\/\/fedemark.ee\/fi\/tuotteet\/telineet-ja-erikoisrakenteet\/alumiiniset-suurikantokykyiset-telineet\/target\/","name":"Target - Fedemark","isPartOf":{"@id":"https:\/\/fedemark.ee\/#website"},"primaryImageOfPage":{"@id":"https:\/\/fedemark.ee\/fi\/tuotteet\/telineet-ja-erikoisrakenteet\/alumiiniset-suurikantokykyiset-telineet\/target\/#primaryimage"},"image":{"@id":"https:\/\/fedemark.ee\/fi\/tuotteet\/telineet-ja-erikoisrakenteet\/alumiiniset-suurikantokykyiset-telineet\/target\/#primaryimage"},"thumbnailUrl":"https:\/\/fedemark.ee\/wp-content\/uploads\/2017\/06\/Target-4-1.jpg","datePublished":"2017-06-14T12:31:01+00:00","dateModified":"2017-07-28T06:23:32+00:00","breadcrumb":{"@id":"https:\/\/fedemark.ee\/fi\/tuotteet\/telineet-ja-erikoisrakenteet\/alumiiniset-suurikantokykyiset-telineet\/target\/#breadcrumb"},"inLanguage":"fi-FI","potentialAction":[{"@type":"ReadAction","target":["https:\/\/fedemark.ee\/fi\/tuotteet\/telineet-ja-erikoisrakenteet\/alumiiniset-suurikantokykyiset-telineet\/target\/"]}]},{"@type":"ImageObject","inLanguage":"fi-FI","@id":"https:\/\/fedemark.ee\/fi\/tuotteet\/telineet-ja-erikoisrakenteet\/alumiiniset-suurikantokykyiset-telineet\/target\/#primaryimage","url":"https:\/\/fedemark.ee\/wp-content\/uploads\/2017\/06\/Target-4-1.jpg","contentUrl":"https:\/\/fedemark.ee\/wp-content\/uploads\/2017\/06\/Target-4-1.jpg","width":800,"height":800},{"@type":"BreadcrumbList","@id":"https:\/\/fedemark.ee\/fi\/tuotteet\/telineet-ja-erikoisrakenteet\/alumiiniset-suurikantokykyiset-telineet\/target\/#breadcrumb","itemListElement":[{"@type":"ListItem","position":1,"name":"Home","item":"https:\/\/fedemark.ee\/fi\/"},{"@type":"ListItem","position":2,"name":"Tuotteet","item":"https:\/\/fedemark.ee\/fi\/tuotteet\/"},{"@type":"ListItem","position":3,"name":"Target"}]},{"@type":"WebSite","@id":"https:\/\/fedemark.ee\/#website","url":"https:\/\/fedemark.ee\/","name":"Fedemark","description":"Redelid, Tellingud, T\u00f6\u00f6platvormid ja vahekorrused","potentialAction":[{"@type":"SearchAction","target":{"@type":"EntryPoint","urlTemplate":"https:\/\/fedemark.ee\/?s={search_term_string}"},"query-input":"required name=search_term_string"}],"inLanguage":"fi-FI"}]}},"_links":{"self":[{"href":"https:\/\/fedemark.ee\/fi\/wp-json\/wp\/v2\/product\/7385"}],"collection":[{"href":"https:\/\/fedemark.ee\/fi\/wp-json\/wp\/v2\/product"}],"about":[{"href":"https:\/\/fedemark.ee\/fi\/wp-json\/wp\/v2\/types\/product"}],"replies":[{"embeddable":true,"href":"https:\/\/fedemark.ee\/fi\/wp-json\/wp\/v2\/comments?post=7385"}],"version-history":[{"count":0,"href":"https:\/\/fedemark.ee\/fi\/wp-json\/wp\/v2\/product\/7385\/revisions"}],"wp:featuredmedia":[{"embeddable":true,"href":"https:\/\/fedemark.ee\/fi\/wp-json\/wp\/v2\/media\/9315"}],"wp:attachment":[{"href":"https:\/\/fedemark.ee\/fi\/wp-json\/wp\/v2\/media?parent=7385"}],"wp:term":[{"taxonomy":"product_cat","embeddable":true,"href":"https:\/\/fedemark.ee\/fi\/wp-json\/wp\/v2\/product_cat?post=7385"},{"taxonomy":"product_tag","embeddable":true,"href":"https:\/\/fedemark.ee\/fi\/wp-json\/wp\/v2\/product_tag?post=7385"}],"curies":[{"name":"wp","href":"https:\/\/api.w.org\/{rel}","templated":true}]}}