{"id":7388,"date":"2017-06-13T18:47:04","date_gmt":"2017-06-13T18:47:04","guid":{"rendered":"https:\/\/sharks.ee\/fedemark\/shop\/uncategorized\/tempo-safe\/"},"modified":"2017-07-28T06:29:34","modified_gmt":"2017-07-28T06:29:34","slug":"tempo-safe","status":"publish","type":"product","link":"https:\/\/fedemark.ee\/fi\/tuotteet\/telineet-ja-erikoisrakenteet\/alumiiniset-suurikantokykyiset-telineet\/tempo-safe\/","title":{"rendered":"Tempo Safe"},"content":{"rendered":"","protected":false},"excerpt":{"rendered":"<p>Kest\u00e4v\u00e4t alumiinitelineet tornitelineen asennukseen, jossa k\u00e4ytt\u00e4j\u00e4n suojaaminen on koko ajan varmistettuna<\/p>\n<p>T\u00e4m\u00e4 on TEMPO-telineversio, joka antaa k\u00e4ytt\u00e4j\u00e4lle mahdollisuuden asentaa ja purkaa torniteline turvahihnoja k\u00e4ytt\u00e4m\u00e4tt\u00e4 (putoamisen est\u00e4v\u00e4 v\u00e4line). Todellisuudessa k\u00e4ytt\u00e4j\u00e4 voi koko suojakaiteen asentaa alhaalla olevalta ty\u00f6tasolta. Kun h\u00e4n kiipe\u00e4\u00e4 korkeammalle tasolle, h\u00e4n on kokonaan suojakaiteiden suojaama (360\u00b0) ja v\u00e4lttyy kaikenlaiselta yll\u00e4tt\u00e4v\u00e4lt\u00e4 putoamiselta. Sopii taajaan k\u00e4ytt\u00f6\u00f6n. Paras mahdollinen turvallisuus on kaikissa tilanteissa taattu. Valmistettu kevyest\u00e4 alumiiniseoksesta (50&#215;1,5 mm). Osien pienen m\u00e4\u00e4r\u00e4n ansiosta teline on kevyt, helppo kuljettaa ja asennus on nopea (muutama minuutti). Tuote on ruostumaton.<\/p>\n<p><strong>VAKIO-OMINAISUUDET<\/strong><\/p>\n<p>4 jarrullista py\u00f6r\u00e4\u00e4 \u00d8 150\u00a0(Tempo Safe L) (tilauksesta \u00d8 200 tai 125)<\/p>\n<p>4 jarrullista py\u00f6r\u00e4\u00e4 \u00d8 125 (Tempo Safe S) (tilauksesta \u00d8 200 tai 150)<\/p>\n<p>4 s\u00e4\u00e4dett\u00e4v\u00e4\u00e4 jalkaa 400 mm (tilauksesta 150\/700 mm)<\/p>\n<p>4 tukijalkaa, jotka voi korkeuden mukaan sijoittaa uudelleen<\/p>\n<p>2 alustan vaarasuoraa tankoa<\/p>\n<p>4 diagonaalitankoa jokaista v\u00e4liosaa ja vastaavia kehyksi\u00e4 varten (Tempo Safe L)<\/p>\n<p>2 diagonaalitankoa jokaista v\u00e4liosaa ja vastaavia kehyksi\u00e4 varten (Tempo Safe S)<\/p>\n<p>2 suojakaide jokaista v\u00e4liosaa varten<\/p>\n<p>1 ty\u00f6taso, jossa alumiiniluukku \/ maalattu metalliverkolla p\u00e4\u00e4llystetty liukumaton puulevy jokaisessa v\u00e4liosassa.<\/p>\n<p>PAKKAUS: k\u00e4ytt\u00f6ohje ja kyltit jokaisessa telineess\u00e4.<\/p>\n<p>K\u00e4ytt\u00f6ohje sis\u00e4lt\u00e4\u00e4 vaatimustenmukaisuustodistuksen.<\/p>\n<p><strong>Suojakaide:<\/strong>\u00a0Suojakaiteet ja kehykset puolineen muodostavat jatkuvan suojan yl\u00e4moduulia k\u00e4ytt\u00e4m\u00e4tt\u00e4. Se v\u00e4hent\u00e4\u00e4 osien asennusaikaa.<\/p>\n<p>Sopii rahtaajille.<br \/>\nTempo Safe sopii ihanteellisesti vuokrausyrityksille.<br \/>\n<strong>EDUT:\u00a0<\/strong><\/p>\n<p>\u00b7\u00a0T\u00e4ydellinen turvallisuus kokoamisen \/ purkamisen yhteydess\u00e4<\/p>\n<p>\u00b7\u00a0Nopea asennus (kiinnittyy ja lukkiutuu yhdell\u00e4 ainoalla liikkeell\u00e4)<\/p>\n<p>\u00b7\u00a0Putoamisen vastaisen v\u00e4lineen k\u00e4ytt\u00f6 asennuksen \/ purkamisen yhteydess\u00e4 ei ole tarpeen<\/p>\n<p>\u00b7\u00a0V\u00e4hemm\u00e4n osia ja pienempi paino<\/p>\n<p>\u00b7\u00a0Suojakaiteiden mitat ovat samat kuin kehyksen.\u00a0Se takaa helpon kuljetuksen.<\/p>\n<p><img loading=\"lazy\" decoding=\"async\" class=\"alignnone wp-image-5317\" src=\"https:\/\/fedemark.ee\/wp-content\/uploads\/2017\/06\/Ikoonid_29-1.jpg\" alt=\"\" width=\"89\" height=\"83\" \/><img loading=\"lazy\" decoding=\"async\" class=\"alignnone wp-image-5285\" src=\"https:\/\/fedemark.ee\/wp-content\/uploads\/2017\/06\/Ikoonid_11.jpg\" alt=\"\" width=\"84\" height=\"84\" srcset=\"https:\/\/fedemark.ee\/wp-content\/uploads\/2017\/06\/Ikoonid_11.jpg 150w, https:\/\/fedemark.ee\/wp-content\/uploads\/2017\/06\/Ikoonid_11-100x100.jpg 100w\" sizes=\"(max-width: 84px) 100vw, 84px\" \/><img loading=\"lazy\" decoding=\"async\" class=\"alignnone wp-image-5329\" src=\"https:\/\/fedemark.ee\/wp-content\/uploads\/2017\/06\/Ikoonid_37-Copy.jpg\" alt=\"\" width=\"143\" height=\"64\" \/><img loading=\"lazy\" decoding=\"async\" class=\"alignnone wp-image-5337\" src=\"https:\/\/fedemark.ee\/wp-content\/uploads\/2017\/06\/Ikoonid_38-Copy.jpg\" alt=\"\" width=\"92\" height=\"88\" \/><\/p>\n","protected":false},"featured_media":4721,"comment_status":"open","ping_status":"closed","template":"","meta":{"footnotes":""},"product_cat":[193],"product_tag":[],"yoast_head":"<!-- This site is optimized with the Yoast SEO plugin v22.6 - https:\/\/yoast.com\/wordpress\/plugins\/seo\/ -->\n<title>Tempo Safe - Fedemark<\/title>\n<meta name=\"robots\" content=\"index, follow, max-snippet:-1, max-image-preview:large, max-video-preview:-1\" \/>\n<link rel=\"canonical\" href=\"https:\/\/fedemark.ee\/fi\/tuotteet\/telineet-ja-erikoisrakenteet\/alumiiniset-suurikantokykyiset-telineet\/tempo-safe\/\" \/>\n<meta property=\"og:locale\" content=\"fi_FI\" \/>\n<meta property=\"og:type\" content=\"article\" \/>\n<meta property=\"og:title\" content=\"Tempo Safe - Fedemark\" \/>\n<meta property=\"og:description\" content=\"Kest\u00e4v\u00e4t alumiinitelineet tornitelineen asennukseen, jossa k\u00e4ytt\u00e4j\u00e4n suojaaminen on koko ajan varmistettuna  T\u00e4m\u00e4 on TEMPO-telineversio, joka antaa k\u00e4ytt\u00e4j\u00e4lle mahdollisuuden asentaa ja purkaa torniteline turvahihnoja k\u00e4ytt\u00e4m\u00e4tt\u00e4 (putoamisen est\u00e4v\u00e4 v\u00e4line). Todellisuudessa k\u00e4ytt\u00e4j\u00e4 voi koko suojakaiteen asentaa alhaalla olevalta ty\u00f6tasolta. Kun h\u00e4n kiipe\u00e4\u00e4 korkeammalle tasolle, h\u00e4n on kokonaan suojakaiteiden suojaama (360\u00b0) ja v\u00e4lttyy kaikenlaiselta yll\u00e4tt\u00e4v\u00e4lt\u00e4 putoamiselta. Sopii taajaan k\u00e4ytt\u00f6\u00f6n. Paras mahdollinen turvallisuus on kaikissa tilanteissa taattu. Valmistettu kevyest\u00e4 alumiiniseoksesta (50x1,5 mm). Osien pienen m\u00e4\u00e4r\u00e4n ansiosta teline on kevyt, helppo kuljettaa ja asennus on nopea (muutama minuutti). Tuote on ruostumaton.  VAKIO-OMINAISUUDET  4 jarrullista py\u00f6r\u00e4\u00e4 \u00d8 150\u00a0(Tempo Safe L) (tilauksesta \u00d8 200 tai 125)  4 jarrullista py\u00f6r\u00e4\u00e4 \u00d8 125 (Tempo Safe S) (tilauksesta \u00d8 200 tai 150)  4 s\u00e4\u00e4dett\u00e4v\u00e4\u00e4 jalkaa 400 mm (tilauksesta 150\/700 mm)  4 tukijalkaa, jotka voi korkeuden mukaan sijoittaa uudelleen  2 alustan vaarasuoraa tankoa  4 diagonaalitankoa jokaista v\u00e4liosaa ja vastaavia kehyksi\u00e4 varten (Tempo Safe L)  2 diagonaalitankoa jokaista v\u00e4liosaa ja vastaavia kehyksi\u00e4 varten (Tempo Safe S)  2 suojakaide jokaista v\u00e4liosaa varten  1 ty\u00f6taso, jossa alumiiniluukku \/ maalattu metalliverkolla p\u00e4\u00e4llystetty liukumaton puulevy jokaisessa v\u00e4liosassa.  PAKKAUS: k\u00e4ytt\u00f6ohje ja kyltit jokaisessa telineess\u00e4.  K\u00e4ytt\u00f6ohje sis\u00e4lt\u00e4\u00e4 vaatimustenmukaisuustodistuksen.  Suojakaide:\u00a0Suojakaiteet ja kehykset puolineen muodostavat jatkuvan suojan yl\u00e4moduulia k\u00e4ytt\u00e4m\u00e4tt\u00e4. Se v\u00e4hent\u00e4\u00e4 osien asennusaikaa.  Sopii rahtaajille. Tempo Safe sopii ihanteellisesti vuokrausyrityksille. EDUT:\u00a0  \u00b7\u00a0T\u00e4ydellinen turvallisuus kokoamisen \/ purkamisen yhteydess\u00e4  \u00b7\u00a0Nopea asennus (kiinnittyy ja lukkiutuu yhdell\u00e4 ainoalla liikkeell\u00e4)  \u00b7\u00a0Putoamisen vastaisen v\u00e4lineen k\u00e4ytt\u00f6 asennuksen \/ purkamisen yhteydess\u00e4 ei ole tarpeen  \u00b7\u00a0V\u00e4hemm\u00e4n osia ja pienempi paino  \u00b7\u00a0Suojakaiteiden mitat ovat samat kuin kehyksen.\u00a0Se takaa helpon kuljetuksen.\" \/>\n<meta property=\"og:url\" content=\"https:\/\/fedemark.ee\/fi\/tuotteet\/telineet-ja-erikoisrakenteet\/alumiiniset-suurikantokykyiset-telineet\/tempo-safe\/\" \/>\n<meta property=\"og:site_name\" content=\"Fedemark\" \/>\n<meta property=\"article:modified_time\" content=\"2017-07-28T06:29:34+00:00\" \/>\n<meta property=\"og:image\" content=\"https:\/\/fedemark.ee\/wp-content\/uploads\/2017\/06\/Tempo-Safe-I.jpg\" \/>\n\t<meta property=\"og:image:width\" content=\"3020\" \/>\n\t<meta property=\"og:image:height\" content=\"4650\" \/>\n\t<meta property=\"og:image:type\" content=\"image\/jpeg\" \/>\n<meta name=\"twitter:card\" content=\"summary_large_image\" \/>\n<script type=\"application\/ld+json\" class=\"yoast-schema-graph\">{\"@context\":\"https:\/\/schema.org\",\"@graph\":[{\"@type\":\"WebPage\",\"@id\":\"https:\/\/fedemark.ee\/fi\/tuotteet\/telineet-ja-erikoisrakenteet\/alumiiniset-suurikantokykyiset-telineet\/tempo-safe\/\",\"url\":\"https:\/\/fedemark.ee\/fi\/tuotteet\/telineet-ja-erikoisrakenteet\/alumiiniset-suurikantokykyiset-telineet\/tempo-safe\/\",\"name\":\"Tempo Safe - Fedemark\",\"isPartOf\":{\"@id\":\"https:\/\/fedemark.ee\/#website\"},\"primaryImageOfPage\":{\"@id\":\"https:\/\/fedemark.ee\/fi\/tuotteet\/telineet-ja-erikoisrakenteet\/alumiiniset-suurikantokykyiset-telineet\/tempo-safe\/#primaryimage\"},\"image\":{\"@id\":\"https:\/\/fedemark.ee\/fi\/tuotteet\/telineet-ja-erikoisrakenteet\/alumiiniset-suurikantokykyiset-telineet\/tempo-safe\/#primaryimage\"},\"thumbnailUrl\":\"https:\/\/fedemark.ee\/wp-content\/uploads\/2017\/06\/Tempo-Safe-I.jpg\",\"datePublished\":\"2017-06-13T18:47:04+00:00\",\"dateModified\":\"2017-07-28T06:29:34+00:00\",\"breadcrumb\":{\"@id\":\"https:\/\/fedemark.ee\/fi\/tuotteet\/telineet-ja-erikoisrakenteet\/alumiiniset-suurikantokykyiset-telineet\/tempo-safe\/#breadcrumb\"},\"inLanguage\":\"fi-FI\",\"potentialAction\":[{\"@type\":\"ReadAction\",\"target\":[\"https:\/\/fedemark.ee\/fi\/tuotteet\/telineet-ja-erikoisrakenteet\/alumiiniset-suurikantokykyiset-telineet\/tempo-safe\/\"]}]},{\"@type\":\"ImageObject\",\"inLanguage\":\"fi-FI\",\"@id\":\"https:\/\/fedemark.ee\/fi\/tuotteet\/telineet-ja-erikoisrakenteet\/alumiiniset-suurikantokykyiset-telineet\/tempo-safe\/#primaryimage\",\"url\":\"https:\/\/fedemark.ee\/wp-content\/uploads\/2017\/06\/Tempo-Safe-I.jpg\",\"contentUrl\":\"https:\/\/fedemark.ee\/wp-content\/uploads\/2017\/06\/Tempo-Safe-I.jpg\",\"width\":3020,\"height\":4650},{\"@type\":\"BreadcrumbList\",\"@id\":\"https:\/\/fedemark.ee\/fi\/tuotteet\/telineet-ja-erikoisrakenteet\/alumiiniset-suurikantokykyiset-telineet\/tempo-safe\/#breadcrumb\",\"itemListElement\":[{\"@type\":\"ListItem\",\"position\":1,\"name\":\"Home\",\"item\":\"https:\/\/fedemark.ee\/fi\/\"},{\"@type\":\"ListItem\",\"position\":2,\"name\":\"Tuotteet\",\"item\":\"https:\/\/fedemark.ee\/fi\/tuotteet\/\"},{\"@type\":\"ListItem\",\"position\":3,\"name\":\"Tempo Safe\"}]},{\"@type\":\"WebSite\",\"@id\":\"https:\/\/fedemark.ee\/#website\",\"url\":\"https:\/\/fedemark.ee\/\",\"name\":\"Fedemark\",\"description\":\"Redelid, Tellingud, T\u00f6\u00f6platvormid ja vahekorrused\",\"potentialAction\":[{\"@type\":\"SearchAction\",\"target\":{\"@type\":\"EntryPoint\",\"urlTemplate\":\"https:\/\/fedemark.ee\/?s={search_term_string}\"},\"query-input\":\"required name=search_term_string\"}],\"inLanguage\":\"fi-FI\"}]}<\/script>\n<!-- \/ Yoast SEO plugin. -->","yoast_head_json":{"title":"Tempo Safe - Fedemark","robots":{"index":"index","follow":"follow","max-snippet":"max-snippet:-1","max-image-preview":"max-image-preview:large","max-video-preview":"max-video-preview:-1"},"canonical":"https:\/\/fedemark.ee\/fi\/tuotteet\/telineet-ja-erikoisrakenteet\/alumiiniset-suurikantokykyiset-telineet\/tempo-safe\/","og_locale":"fi_FI","og_type":"article","og_title":"Tempo Safe - Fedemark","og_description":"Kest\u00e4v\u00e4t alumiinitelineet tornitelineen asennukseen, jossa k\u00e4ytt\u00e4j\u00e4n suojaaminen on koko ajan varmistettuna  T\u00e4m\u00e4 on TEMPO-telineversio, joka antaa k\u00e4ytt\u00e4j\u00e4lle mahdollisuuden asentaa ja purkaa torniteline turvahihnoja k\u00e4ytt\u00e4m\u00e4tt\u00e4 (putoamisen est\u00e4v\u00e4 v\u00e4line). Todellisuudessa k\u00e4ytt\u00e4j\u00e4 voi koko suojakaiteen asentaa alhaalla olevalta ty\u00f6tasolta. Kun h\u00e4n kiipe\u00e4\u00e4 korkeammalle tasolle, h\u00e4n on kokonaan suojakaiteiden suojaama (360\u00b0) ja v\u00e4lttyy kaikenlaiselta yll\u00e4tt\u00e4v\u00e4lt\u00e4 putoamiselta. Sopii taajaan k\u00e4ytt\u00f6\u00f6n. Paras mahdollinen turvallisuus on kaikissa tilanteissa taattu. Valmistettu kevyest\u00e4 alumiiniseoksesta (50x1,5 mm). Osien pienen m\u00e4\u00e4r\u00e4n ansiosta teline on kevyt, helppo kuljettaa ja asennus on nopea (muutama minuutti). Tuote on ruostumaton.  VAKIO-OMINAISUUDET  4 jarrullista py\u00f6r\u00e4\u00e4 \u00d8 150\u00a0(Tempo Safe L) (tilauksesta \u00d8 200 tai 125)  4 jarrullista py\u00f6r\u00e4\u00e4 \u00d8 125 (Tempo Safe S) (tilauksesta \u00d8 200 tai 150)  4 s\u00e4\u00e4dett\u00e4v\u00e4\u00e4 jalkaa 400 mm (tilauksesta 150\/700 mm)  4 tukijalkaa, jotka voi korkeuden mukaan sijoittaa uudelleen  2 alustan vaarasuoraa tankoa  4 diagonaalitankoa jokaista v\u00e4liosaa ja vastaavia kehyksi\u00e4 varten (Tempo Safe L)  2 diagonaalitankoa jokaista v\u00e4liosaa ja vastaavia kehyksi\u00e4 varten (Tempo Safe S)  2 suojakaide jokaista v\u00e4liosaa varten  1 ty\u00f6taso, jossa alumiiniluukku \/ maalattu metalliverkolla p\u00e4\u00e4llystetty liukumaton puulevy jokaisessa v\u00e4liosassa.  PAKKAUS: k\u00e4ytt\u00f6ohje ja kyltit jokaisessa telineess\u00e4.  K\u00e4ytt\u00f6ohje sis\u00e4lt\u00e4\u00e4 vaatimustenmukaisuustodistuksen.  Suojakaide:\u00a0Suojakaiteet ja kehykset puolineen muodostavat jatkuvan suojan yl\u00e4moduulia k\u00e4ytt\u00e4m\u00e4tt\u00e4. Se v\u00e4hent\u00e4\u00e4 osien asennusaikaa.  Sopii rahtaajille. Tempo Safe sopii ihanteellisesti vuokrausyrityksille. EDUT:\u00a0  \u00b7\u00a0T\u00e4ydellinen turvallisuus kokoamisen \/ purkamisen yhteydess\u00e4  \u00b7\u00a0Nopea asennus (kiinnittyy ja lukkiutuu yhdell\u00e4 ainoalla liikkeell\u00e4)  \u00b7\u00a0Putoamisen vastaisen v\u00e4lineen k\u00e4ytt\u00f6 asennuksen \/ purkamisen yhteydess\u00e4 ei ole tarpeen  \u00b7\u00a0V\u00e4hemm\u00e4n osia ja pienempi paino  \u00b7\u00a0Suojakaiteiden mitat ovat samat kuin kehyksen.\u00a0Se takaa helpon kuljetuksen.","og_url":"https:\/\/fedemark.ee\/fi\/tuotteet\/telineet-ja-erikoisrakenteet\/alumiiniset-suurikantokykyiset-telineet\/tempo-safe\/","og_site_name":"Fedemark","article_modified_time":"2017-07-28T06:29:34+00:00","og_image":[{"width":3020,"height":4650,"url":"https:\/\/fedemark.ee\/wp-content\/uploads\/2017\/06\/Tempo-Safe-I.jpg","type":"image\/jpeg"}],"twitter_card":"summary_large_image","schema":{"@context":"https:\/\/schema.org","@graph":[{"@type":"WebPage","@id":"https:\/\/fedemark.ee\/fi\/tuotteet\/telineet-ja-erikoisrakenteet\/alumiiniset-suurikantokykyiset-telineet\/tempo-safe\/","url":"https:\/\/fedemark.ee\/fi\/tuotteet\/telineet-ja-erikoisrakenteet\/alumiiniset-suurikantokykyiset-telineet\/tempo-safe\/","name":"Tempo Safe - Fedemark","isPartOf":{"@id":"https:\/\/fedemark.ee\/#website"},"primaryImageOfPage":{"@id":"https:\/\/fedemark.ee\/fi\/tuotteet\/telineet-ja-erikoisrakenteet\/alumiiniset-suurikantokykyiset-telineet\/tempo-safe\/#primaryimage"},"image":{"@id":"https:\/\/fedemark.ee\/fi\/tuotteet\/telineet-ja-erikoisrakenteet\/alumiiniset-suurikantokykyiset-telineet\/tempo-safe\/#primaryimage"},"thumbnailUrl":"https:\/\/fedemark.ee\/wp-content\/uploads\/2017\/06\/Tempo-Safe-I.jpg","datePublished":"2017-06-13T18:47:04+00:00","dateModified":"2017-07-28T06:29:34+00:00","breadcrumb":{"@id":"https:\/\/fedemark.ee\/fi\/tuotteet\/telineet-ja-erikoisrakenteet\/alumiiniset-suurikantokykyiset-telineet\/tempo-safe\/#breadcrumb"},"inLanguage":"fi-FI","potentialAction":[{"@type":"ReadAction","target":["https:\/\/fedemark.ee\/fi\/tuotteet\/telineet-ja-erikoisrakenteet\/alumiiniset-suurikantokykyiset-telineet\/tempo-safe\/"]}]},{"@type":"ImageObject","inLanguage":"fi-FI","@id":"https:\/\/fedemark.ee\/fi\/tuotteet\/telineet-ja-erikoisrakenteet\/alumiiniset-suurikantokykyiset-telineet\/tempo-safe\/#primaryimage","url":"https:\/\/fedemark.ee\/wp-content\/uploads\/2017\/06\/Tempo-Safe-I.jpg","contentUrl":"https:\/\/fedemark.ee\/wp-content\/uploads\/2017\/06\/Tempo-Safe-I.jpg","width":3020,"height":4650},{"@type":"BreadcrumbList","@id":"https:\/\/fedemark.ee\/fi\/tuotteet\/telineet-ja-erikoisrakenteet\/alumiiniset-suurikantokykyiset-telineet\/tempo-safe\/#breadcrumb","itemListElement":[{"@type":"ListItem","position":1,"name":"Home","item":"https:\/\/fedemark.ee\/fi\/"},{"@type":"ListItem","position":2,"name":"Tuotteet","item":"https:\/\/fedemark.ee\/fi\/tuotteet\/"},{"@type":"ListItem","position":3,"name":"Tempo Safe"}]},{"@type":"WebSite","@id":"https:\/\/fedemark.ee\/#website","url":"https:\/\/fedemark.ee\/","name":"Fedemark","description":"Redelid, Tellingud, T\u00f6\u00f6platvormid ja vahekorrused","potentialAction":[{"@type":"SearchAction","target":{"@type":"EntryPoint","urlTemplate":"https:\/\/fedemark.ee\/?s={search_term_string}"},"query-input":"required name=search_term_string"}],"inLanguage":"fi-FI"}]}},"_links":{"self":[{"href":"https:\/\/fedemark.ee\/fi\/wp-json\/wp\/v2\/product\/7388"}],"collection":[{"href":"https:\/\/fedemark.ee\/fi\/wp-json\/wp\/v2\/product"}],"about":[{"href":"https:\/\/fedemark.ee\/fi\/wp-json\/wp\/v2\/types\/product"}],"replies":[{"embeddable":true,"href":"https:\/\/fedemark.ee\/fi\/wp-json\/wp\/v2\/comments?post=7388"}],"version-history":[{"count":0,"href":"https:\/\/fedemark.ee\/fi\/wp-json\/wp\/v2\/product\/7388\/revisions"}],"wp:featuredmedia":[{"embeddable":true,"href":"https:\/\/fedemark.ee\/fi\/wp-json\/wp\/v2\/media\/4721"}],"wp:attachment":[{"href":"https:\/\/fedemark.ee\/fi\/wp-json\/wp\/v2\/media?parent=7388"}],"wp:term":[{"taxonomy":"product_cat","embeddable":true,"href":"https:\/\/fedemark.ee\/fi\/wp-json\/wp\/v2\/product_cat?post=7388"},{"taxonomy":"product_tag","embeddable":true,"href":"https:\/\/fedemark.ee\/fi\/wp-json\/wp\/v2\/product_tag?post=7388"}],"curies":[{"name":"wp","href":"https:\/\/api.w.org\/{rel}","templated":true}]}}