{"id":7390,"date":"2017-05-30T12:43:55","date_gmt":"2017-05-30T12:43:55","guid":{"rendered":"https:\/\/sharks.ee\/fedemark\/shop\/uncategorized\/tempo-tech\/"},"modified":"2017-07-28T06:30:36","modified_gmt":"2017-07-28T06:30:36","slug":"tempo-tech","status":"publish","type":"product","link":"https:\/\/fedemark.ee\/fi\/tuotteet\/telineet-ja-erikoisrakenteet\/alumiiniset-suurikantokykyiset-telineet\/tempo-tech\/","title":{"rendered":"Tempo Tech"},"content":{"rendered":"","protected":false},"excerpt":{"rendered":"<p><em>Telinej\u00e4rjestelm\u00e4, jolla on loistavat likip\u00e4\u00e4symahdollisuudet \u2013 enimm\u00e4iskorkeus 13 m<\/em><\/p>\n<p>Tempo Techin rakenne on sellainen, ett\u00e4 puolat on hitsattu suoraan kehykseen. Telineiden asennus on hyvin nopea ja ne on valmistettu eritt\u00e4in lujasta ja kevyest\u00e4 alumiiniseoksesta: ruoste ei pysty vahingoittamaan t\u00e4t\u00e4 eritt\u00e4in kest\u00e4v\u00e4\u00e4 materiaalia (takuu 5 vuotta). J\u00e4rjestelm\u00e4 on turvallinen ja sopii taajaan k\u00e4ytt\u00f6\u00f6n. Tempo Tech koostuu moduuleista, joka antaa k\u00e4ytt\u00e4j\u00e4lle mahdollisuuden mukauttaa telineet l\u00e4hes jokaiseen ty\u00f6h\u00f6n. Halutessa voi pohjan koota ensin yksiosaiseksi paketiksi (kutsutaan koottavaksi alustaksi), jotta k\u00e4ytt\u00f6, s\u00e4ilytys ja kuljetus olisivat helppoja, ty\u00f6korkeus on jopa 4 m.<br \/>\nTempo Tech on saatavana kahtena mallina, 0,74 m leve\u00e4 (S) ja 1,35 m leve\u00e4 (L), sek\u00e4 kolmea pituutta: 2,0\/2,5\/3,0 m.<\/p>\n<p>TEKNISET OMINAISUUDET<br \/>\n4 jarrullista py\u00f6r\u00e4\u00e4 \u00d8 150 mm (Tempo Tech L)<br \/>\n4 jarrullista py\u00f6r\u00e4\u00e4 \u00d8 125 mm (Tempo Tech S)<br \/>\n4 s\u00e4\u00e4dett\u00e4v\u00e4\u00e4 jalkaa 400 mm<br \/>\n4 tukijalkaa<br \/>\n2 alustan vaakasuoraa tankoa<br \/>\n4 diagonaalitankoa jokaista v\u00e4liosaa ja niit\u00e4 vastaavaa kehyst\u00e4 varten (Tempo Tech L)<br \/>\n2 diagonaalitankoa jokaista v\u00e4liosaa ja niit\u00e4 vastaavaa kehyst\u00e4 varten (Tempo Tech S)<br \/>\n1 suojakaide<\/p>\n<p>Ty\u00f6tasot<br \/>\nTy\u00f6taso on kevyt ja \u00e4\u00e4rett\u00f6m\u00e4n luja, se koostuu alumiinikehyksest\u00e4 ja puulevyst\u00e4, joka on liukumaton ja maalattu s\u00e4\u00e4nkest\u00e4v\u00e4ll\u00e4 maalilla.<br \/>\nMalleja on 2, vakio ja avauskoukullisella luukulla varustettu, ja molemmissa on nelj\u00e4 varvaslautaa est\u00e4m\u00e4ss\u00e4 ty\u00f6kalujen putoamista alas ty\u00f6skentelyn aikana. Wind-lock-haka kiinnitt\u00e4\u00e4 tason rakenteeseen.<br \/>\nKaikkia osia voi korjata.<\/p>\n<p>Tukijalat<br \/>\n4 lujaa tukijalkaa muuttavat alustan leve\u00e4mm\u00e4ksi ja ne on kiinnitetty siihen helposti asennettavilla aluslaatallisilla hakasilla. Malleja on kaksi, vakio (pieni, keskikokoinen tai iso) tai teleskooppimalli. Liukumaton muhkurainen PVC-jalka takaa pit\u00e4vyyden pinnalla. Kyltiss\u00e4 on esitetty, miten tukijalka kiinnitet\u00e4\u00e4n.<\/p>\n<p>Itse lukkiutuvat koukut<br \/>\nAlumiiniset itse lukkiutuvat koukut, jotka tarttuvat automaattisesti puoliin. Rakenne varmistaa suuremman kuin 225\u00b0 kosketuspinnan, jotta torni pysyy ihanteellisesti pystyss\u00e4. Kiinnitysreuna on vahvistettu, jotta se olisi iskunkest\u00e4v\u00e4. Tangon malli ja pituus on painettu koukkuun, jotta sen voisi heti todeta.<\/p>\n<p>Diagonaali- ja vaarasuorat tangot<br \/>\n\u00d8 50 mm tangot est\u00e4v\u00e4t tornitelinett\u00e4 taipumasta tai k\u00e4\u00e4ntym\u00e4st\u00e4. Saatavana on kolme mallia: 2,0, 2,5 ja 3,0 m, riippuen tornin pituudesta.<br \/>\nKaikissa tangoissa on painettuna malli ja pituus.<br \/>\nDiagonaalitangot ovat my\u00f6s erotettavissa, koska ne ovat muhkuraisia.<\/p>\n<p>Lukitushaka<br \/>\nTer\u00e4ksiset lukitushaat jokaisen kehyksen kiinnitt\u00e4miseen alempana olevaan.<\/p>\n<p>Kaikkiin osiin on merkitty valmistusvuosi ja Sveltin logo.<\/p>\n<p><img loading=\"lazy\" decoding=\"async\" class=\"alignnone wp-image-5317\" src=\"https:\/\/fedemark.ee\/wp-content\/uploads\/2017\/06\/Ikoonid_29-1.jpg\" alt=\"\" width=\"88\" height=\"82\" \/><img loading=\"lazy\" decoding=\"async\" class=\"alignnone wp-image-5285\" src=\"https:\/\/fedemark.ee\/wp-content\/uploads\/2017\/06\/Ikoonid_11.jpg\" alt=\"\" width=\"86\" height=\"86\" srcset=\"https:\/\/fedemark.ee\/wp-content\/uploads\/2017\/06\/Ikoonid_11.jpg 150w, https:\/\/fedemark.ee\/wp-content\/uploads\/2017\/06\/Ikoonid_11-100x100.jpg 100w\" sizes=\"(max-width: 86px) 100vw, 86px\" \/><img loading=\"lazy\" decoding=\"async\" class=\"alignnone wp-image-5329\" src=\"https:\/\/fedemark.ee\/wp-content\/uploads\/2017\/06\/Ikoonid_37-Copy.jpg\" alt=\"\" width=\"183\" height=\"82\" \/><img loading=\"lazy\" decoding=\"async\" class=\"alignnone wp-image-5337\" src=\"https:\/\/fedemark.ee\/wp-content\/uploads\/2017\/06\/Ikoonid_38-Copy.jpg\" alt=\"\" width=\"90\" height=\"86\" \/><\/p>\n","protected":false},"featured_media":7391,"comment_status":"open","ping_status":"closed","template":"","meta":{"footnotes":""},"product_cat":[193],"product_tag":[],"yoast_head":"<!-- This site is optimized with the Yoast SEO plugin v22.6 - https:\/\/yoast.com\/wordpress\/plugins\/seo\/ -->\n<title>Tempo Tech - Fedemark<\/title>\n<meta name=\"robots\" content=\"index, follow, max-snippet:-1, max-image-preview:large, max-video-preview:-1\" \/>\n<link rel=\"canonical\" href=\"https:\/\/fedemark.ee\/fi\/tuotteet\/telineet-ja-erikoisrakenteet\/alumiiniset-suurikantokykyiset-telineet\/tempo-tech\/\" \/>\n<meta property=\"og:locale\" content=\"fi_FI\" \/>\n<meta property=\"og:type\" content=\"article\" \/>\n<meta property=\"og:title\" content=\"Tempo Tech - Fedemark\" \/>\n<meta property=\"og:description\" content=\"Telinej\u00e4rjestelm\u00e4, jolla on loistavat likip\u00e4\u00e4symahdollisuudet \u2013 enimm\u00e4iskorkeus 13 m  Tempo Techin rakenne on sellainen, ett\u00e4 puolat on hitsattu suoraan kehykseen. Telineiden asennus on hyvin nopea ja ne on valmistettu eritt\u00e4in lujasta ja kevyest\u00e4 alumiiniseoksesta: ruoste ei pysty vahingoittamaan t\u00e4t\u00e4 eritt\u00e4in kest\u00e4v\u00e4\u00e4 materiaalia (takuu 5 vuotta). J\u00e4rjestelm\u00e4 on turvallinen ja sopii taajaan k\u00e4ytt\u00f6\u00f6n. Tempo Tech koostuu moduuleista, joka antaa k\u00e4ytt\u00e4j\u00e4lle mahdollisuuden mukauttaa telineet l\u00e4hes jokaiseen ty\u00f6h\u00f6n. Halutessa voi pohjan koota ensin yksiosaiseksi paketiksi (kutsutaan koottavaksi alustaksi), jotta k\u00e4ytt\u00f6, s\u00e4ilytys ja kuljetus olisivat helppoja, ty\u00f6korkeus on jopa 4 m. Tempo Tech on saatavana kahtena mallina, 0,74 m leve\u00e4 (S) ja 1,35 m leve\u00e4 (L), sek\u00e4 kolmea pituutta: 2,0\/2,5\/3,0 m.  TEKNISET OMINAISUUDET 4 jarrullista py\u00f6r\u00e4\u00e4 \u00d8 150 mm (Tempo Tech L) 4 jarrullista py\u00f6r\u00e4\u00e4 \u00d8 125 mm (Tempo Tech S) 4 s\u00e4\u00e4dett\u00e4v\u00e4\u00e4 jalkaa 400 mm 4 tukijalkaa 2 alustan vaakasuoraa tankoa 4 diagonaalitankoa jokaista v\u00e4liosaa ja niit\u00e4 vastaavaa kehyst\u00e4 varten (Tempo Tech L) 2 diagonaalitankoa jokaista v\u00e4liosaa ja niit\u00e4 vastaavaa kehyst\u00e4 varten (Tempo Tech S) 1 suojakaide  Ty\u00f6tasot Ty\u00f6taso on kevyt ja \u00e4\u00e4rett\u00f6m\u00e4n luja, se koostuu alumiinikehyksest\u00e4 ja puulevyst\u00e4, joka on liukumaton ja maalattu s\u00e4\u00e4nkest\u00e4v\u00e4ll\u00e4 maalilla. Malleja on 2, vakio ja avauskoukullisella luukulla varustettu, ja molemmissa on nelj\u00e4 varvaslautaa est\u00e4m\u00e4ss\u00e4 ty\u00f6kalujen putoamista alas ty\u00f6skentelyn aikana. Wind-lock-haka kiinnitt\u00e4\u00e4 tason rakenteeseen. Kaikkia osia voi korjata.  Tukijalat 4 lujaa tukijalkaa muuttavat alustan leve\u00e4mm\u00e4ksi ja ne on kiinnitetty siihen helposti asennettavilla aluslaatallisilla hakasilla. Malleja on kaksi, vakio (pieni, keskikokoinen tai iso) tai teleskooppimalli. Liukumaton muhkurainen PVC-jalka takaa pit\u00e4vyyden pinnalla. Kyltiss\u00e4 on esitetty, miten tukijalka kiinnitet\u00e4\u00e4n.  Itse lukkiutuvat koukut Alumiiniset itse lukkiutuvat koukut, jotka tarttuvat automaattisesti puoliin. Rakenne varmistaa suuremman kuin 225\u00b0 kosketuspinnan, jotta torni pysyy ihanteellisesti pystyss\u00e4. Kiinnitysreuna on vahvistettu, jotta se olisi iskunkest\u00e4v\u00e4. Tangon malli ja pituus on painettu koukkuun, jotta sen voisi heti todeta.  Diagonaali- ja vaarasuorat tangot \u00d8 50 mm tangot est\u00e4v\u00e4t tornitelinett\u00e4 taipumasta tai k\u00e4\u00e4ntym\u00e4st\u00e4. Saatavana on kolme mallia: 2,0, 2,5 ja 3,0 m, riippuen tornin pituudesta. Kaikissa tangoissa on painettuna malli ja pituus. Diagonaalitangot ovat my\u00f6s erotettavissa, koska ne ovat muhkuraisia.  Lukitushaka Ter\u00e4ksiset lukitushaat jokaisen kehyksen kiinnitt\u00e4miseen alempana olevaan.  Kaikkiin osiin on merkitty valmistusvuosi ja Sveltin logo.\" \/>\n<meta property=\"og:url\" content=\"https:\/\/fedemark.ee\/fi\/tuotteet\/telineet-ja-erikoisrakenteet\/alumiiniset-suurikantokykyiset-telineet\/tempo-tech\/\" \/>\n<meta property=\"og:site_name\" content=\"Fedemark\" \/>\n<meta property=\"article:modified_time\" content=\"2017-07-28T06:30:36+00:00\" \/>\n<meta property=\"og:image\" content=\"https:\/\/fedemark.ee\/wp-content\/uploads\/2017\/05\/Tempo-Tech-L-t\u00f6\u00f6asendis.jpg\" \/>\n\t<meta property=\"og:image:width\" content=\"632\" \/>\n\t<meta property=\"og:image:height\" content=\"600\" \/>\n\t<meta property=\"og:image:type\" content=\"image\/jpeg\" \/>\n<meta name=\"twitter:card\" content=\"summary_large_image\" \/>\n<script type=\"application\/ld+json\" class=\"yoast-schema-graph\">{\"@context\":\"https:\/\/schema.org\",\"@graph\":[{\"@type\":\"WebPage\",\"@id\":\"https:\/\/fedemark.ee\/fi\/tuotteet\/telineet-ja-erikoisrakenteet\/alumiiniset-suurikantokykyiset-telineet\/tempo-tech\/\",\"url\":\"https:\/\/fedemark.ee\/fi\/tuotteet\/telineet-ja-erikoisrakenteet\/alumiiniset-suurikantokykyiset-telineet\/tempo-tech\/\",\"name\":\"Tempo Tech - Fedemark\",\"isPartOf\":{\"@id\":\"https:\/\/fedemark.ee\/#website\"},\"primaryImageOfPage\":{\"@id\":\"https:\/\/fedemark.ee\/fi\/tuotteet\/telineet-ja-erikoisrakenteet\/alumiiniset-suurikantokykyiset-telineet\/tempo-tech\/#primaryimage\"},\"image\":{\"@id\":\"https:\/\/fedemark.ee\/fi\/tuotteet\/telineet-ja-erikoisrakenteet\/alumiiniset-suurikantokykyiset-telineet\/tempo-tech\/#primaryimage\"},\"thumbnailUrl\":\"https:\/\/fedemark.ee\/wp-content\/uploads\/2017\/05\/Tempo-Tech-L-t\u00f6\u00f6asendis.jpg\",\"datePublished\":\"2017-05-30T12:43:55+00:00\",\"dateModified\":\"2017-07-28T06:30:36+00:00\",\"breadcrumb\":{\"@id\":\"https:\/\/fedemark.ee\/fi\/tuotteet\/telineet-ja-erikoisrakenteet\/alumiiniset-suurikantokykyiset-telineet\/tempo-tech\/#breadcrumb\"},\"inLanguage\":\"fi-FI\",\"potentialAction\":[{\"@type\":\"ReadAction\",\"target\":[\"https:\/\/fedemark.ee\/fi\/tuotteet\/telineet-ja-erikoisrakenteet\/alumiiniset-suurikantokykyiset-telineet\/tempo-tech\/\"]}]},{\"@type\":\"ImageObject\",\"inLanguage\":\"fi-FI\",\"@id\":\"https:\/\/fedemark.ee\/fi\/tuotteet\/telineet-ja-erikoisrakenteet\/alumiiniset-suurikantokykyiset-telineet\/tempo-tech\/#primaryimage\",\"url\":\"https:\/\/fedemark.ee\/wp-content\/uploads\/2017\/05\/Tempo-Tech-L-t\u00f6\u00f6asendis.jpg\",\"contentUrl\":\"https:\/\/fedemark.ee\/wp-content\/uploads\/2017\/05\/Tempo-Tech-L-t\u00f6\u00f6asendis.jpg\",\"width\":632,\"height\":600},{\"@type\":\"BreadcrumbList\",\"@id\":\"https:\/\/fedemark.ee\/fi\/tuotteet\/telineet-ja-erikoisrakenteet\/alumiiniset-suurikantokykyiset-telineet\/tempo-tech\/#breadcrumb\",\"itemListElement\":[{\"@type\":\"ListItem\",\"position\":1,\"name\":\"Home\",\"item\":\"https:\/\/fedemark.ee\/fi\/\"},{\"@type\":\"ListItem\",\"position\":2,\"name\":\"Tuotteet\",\"item\":\"https:\/\/fedemark.ee\/fi\/tuotteet\/\"},{\"@type\":\"ListItem\",\"position\":3,\"name\":\"Tempo Tech\"}]},{\"@type\":\"WebSite\",\"@id\":\"https:\/\/fedemark.ee\/#website\",\"url\":\"https:\/\/fedemark.ee\/\",\"name\":\"Fedemark\",\"description\":\"Redelid, Tellingud, T\u00f6\u00f6platvormid ja vahekorrused\",\"potentialAction\":[{\"@type\":\"SearchAction\",\"target\":{\"@type\":\"EntryPoint\",\"urlTemplate\":\"https:\/\/fedemark.ee\/?s={search_term_string}\"},\"query-input\":\"required name=search_term_string\"}],\"inLanguage\":\"fi-FI\"}]}<\/script>\n<!-- \/ Yoast SEO plugin. -->","yoast_head_json":{"title":"Tempo Tech - Fedemark","robots":{"index":"index","follow":"follow","max-snippet":"max-snippet:-1","max-image-preview":"max-image-preview:large","max-video-preview":"max-video-preview:-1"},"canonical":"https:\/\/fedemark.ee\/fi\/tuotteet\/telineet-ja-erikoisrakenteet\/alumiiniset-suurikantokykyiset-telineet\/tempo-tech\/","og_locale":"fi_FI","og_type":"article","og_title":"Tempo Tech - Fedemark","og_description":"Telinej\u00e4rjestelm\u00e4, jolla on loistavat likip\u00e4\u00e4symahdollisuudet \u2013 enimm\u00e4iskorkeus 13 m  Tempo Techin rakenne on sellainen, ett\u00e4 puolat on hitsattu suoraan kehykseen. Telineiden asennus on hyvin nopea ja ne on valmistettu eritt\u00e4in lujasta ja kevyest\u00e4 alumiiniseoksesta: ruoste ei pysty vahingoittamaan t\u00e4t\u00e4 eritt\u00e4in kest\u00e4v\u00e4\u00e4 materiaalia (takuu 5 vuotta). J\u00e4rjestelm\u00e4 on turvallinen ja sopii taajaan k\u00e4ytt\u00f6\u00f6n. Tempo Tech koostuu moduuleista, joka antaa k\u00e4ytt\u00e4j\u00e4lle mahdollisuuden mukauttaa telineet l\u00e4hes jokaiseen ty\u00f6h\u00f6n. Halutessa voi pohjan koota ensin yksiosaiseksi paketiksi (kutsutaan koottavaksi alustaksi), jotta k\u00e4ytt\u00f6, s\u00e4ilytys ja kuljetus olisivat helppoja, ty\u00f6korkeus on jopa 4 m. Tempo Tech on saatavana kahtena mallina, 0,74 m leve\u00e4 (S) ja 1,35 m leve\u00e4 (L), sek\u00e4 kolmea pituutta: 2,0\/2,5\/3,0 m.  TEKNISET OMINAISUUDET 4 jarrullista py\u00f6r\u00e4\u00e4 \u00d8 150 mm (Tempo Tech L) 4 jarrullista py\u00f6r\u00e4\u00e4 \u00d8 125 mm (Tempo Tech S) 4 s\u00e4\u00e4dett\u00e4v\u00e4\u00e4 jalkaa 400 mm 4 tukijalkaa 2 alustan vaakasuoraa tankoa 4 diagonaalitankoa jokaista v\u00e4liosaa ja niit\u00e4 vastaavaa kehyst\u00e4 varten (Tempo Tech L) 2 diagonaalitankoa jokaista v\u00e4liosaa ja niit\u00e4 vastaavaa kehyst\u00e4 varten (Tempo Tech S) 1 suojakaide  Ty\u00f6tasot Ty\u00f6taso on kevyt ja \u00e4\u00e4rett\u00f6m\u00e4n luja, se koostuu alumiinikehyksest\u00e4 ja puulevyst\u00e4, joka on liukumaton ja maalattu s\u00e4\u00e4nkest\u00e4v\u00e4ll\u00e4 maalilla. Malleja on 2, vakio ja avauskoukullisella luukulla varustettu, ja molemmissa on nelj\u00e4 varvaslautaa est\u00e4m\u00e4ss\u00e4 ty\u00f6kalujen putoamista alas ty\u00f6skentelyn aikana. Wind-lock-haka kiinnitt\u00e4\u00e4 tason rakenteeseen. Kaikkia osia voi korjata.  Tukijalat 4 lujaa tukijalkaa muuttavat alustan leve\u00e4mm\u00e4ksi ja ne on kiinnitetty siihen helposti asennettavilla aluslaatallisilla hakasilla. Malleja on kaksi, vakio (pieni, keskikokoinen tai iso) tai teleskooppimalli. Liukumaton muhkurainen PVC-jalka takaa pit\u00e4vyyden pinnalla. Kyltiss\u00e4 on esitetty, miten tukijalka kiinnitet\u00e4\u00e4n.  Itse lukkiutuvat koukut Alumiiniset itse lukkiutuvat koukut, jotka tarttuvat automaattisesti puoliin. Rakenne varmistaa suuremman kuin 225\u00b0 kosketuspinnan, jotta torni pysyy ihanteellisesti pystyss\u00e4. Kiinnitysreuna on vahvistettu, jotta se olisi iskunkest\u00e4v\u00e4. Tangon malli ja pituus on painettu koukkuun, jotta sen voisi heti todeta.  Diagonaali- ja vaarasuorat tangot \u00d8 50 mm tangot est\u00e4v\u00e4t tornitelinett\u00e4 taipumasta tai k\u00e4\u00e4ntym\u00e4st\u00e4. Saatavana on kolme mallia: 2,0, 2,5 ja 3,0 m, riippuen tornin pituudesta. Kaikissa tangoissa on painettuna malli ja pituus. Diagonaalitangot ovat my\u00f6s erotettavissa, koska ne ovat muhkuraisia.  Lukitushaka Ter\u00e4ksiset lukitushaat jokaisen kehyksen kiinnitt\u00e4miseen alempana olevaan.  Kaikkiin osiin on merkitty valmistusvuosi ja Sveltin logo.","og_url":"https:\/\/fedemark.ee\/fi\/tuotteet\/telineet-ja-erikoisrakenteet\/alumiiniset-suurikantokykyiset-telineet\/tempo-tech\/","og_site_name":"Fedemark","article_modified_time":"2017-07-28T06:30:36+00:00","og_image":[{"width":632,"height":600,"url":"https:\/\/fedemark.ee\/wp-content\/uploads\/2017\/05\/Tempo-Tech-L-t\u00f6\u00f6asendis.jpg","type":"image\/jpeg"}],"twitter_card":"summary_large_image","schema":{"@context":"https:\/\/schema.org","@graph":[{"@type":"WebPage","@id":"https:\/\/fedemark.ee\/fi\/tuotteet\/telineet-ja-erikoisrakenteet\/alumiiniset-suurikantokykyiset-telineet\/tempo-tech\/","url":"https:\/\/fedemark.ee\/fi\/tuotteet\/telineet-ja-erikoisrakenteet\/alumiiniset-suurikantokykyiset-telineet\/tempo-tech\/","name":"Tempo Tech - Fedemark","isPartOf":{"@id":"https:\/\/fedemark.ee\/#website"},"primaryImageOfPage":{"@id":"https:\/\/fedemark.ee\/fi\/tuotteet\/telineet-ja-erikoisrakenteet\/alumiiniset-suurikantokykyiset-telineet\/tempo-tech\/#primaryimage"},"image":{"@id":"https:\/\/fedemark.ee\/fi\/tuotteet\/telineet-ja-erikoisrakenteet\/alumiiniset-suurikantokykyiset-telineet\/tempo-tech\/#primaryimage"},"thumbnailUrl":"https:\/\/fedemark.ee\/wp-content\/uploads\/2017\/05\/Tempo-Tech-L-t\u00f6\u00f6asendis.jpg","datePublished":"2017-05-30T12:43:55+00:00","dateModified":"2017-07-28T06:30:36+00:00","breadcrumb":{"@id":"https:\/\/fedemark.ee\/fi\/tuotteet\/telineet-ja-erikoisrakenteet\/alumiiniset-suurikantokykyiset-telineet\/tempo-tech\/#breadcrumb"},"inLanguage":"fi-FI","potentialAction":[{"@type":"ReadAction","target":["https:\/\/fedemark.ee\/fi\/tuotteet\/telineet-ja-erikoisrakenteet\/alumiiniset-suurikantokykyiset-telineet\/tempo-tech\/"]}]},{"@type":"ImageObject","inLanguage":"fi-FI","@id":"https:\/\/fedemark.ee\/fi\/tuotteet\/telineet-ja-erikoisrakenteet\/alumiiniset-suurikantokykyiset-telineet\/tempo-tech\/#primaryimage","url":"https:\/\/fedemark.ee\/wp-content\/uploads\/2017\/05\/Tempo-Tech-L-t\u00f6\u00f6asendis.jpg","contentUrl":"https:\/\/fedemark.ee\/wp-content\/uploads\/2017\/05\/Tempo-Tech-L-t\u00f6\u00f6asendis.jpg","width":632,"height":600},{"@type":"BreadcrumbList","@id":"https:\/\/fedemark.ee\/fi\/tuotteet\/telineet-ja-erikoisrakenteet\/alumiiniset-suurikantokykyiset-telineet\/tempo-tech\/#breadcrumb","itemListElement":[{"@type":"ListItem","position":1,"name":"Home","item":"https:\/\/fedemark.ee\/fi\/"},{"@type":"ListItem","position":2,"name":"Tuotteet","item":"https:\/\/fedemark.ee\/fi\/tuotteet\/"},{"@type":"ListItem","position":3,"name":"Tempo Tech"}]},{"@type":"WebSite","@id":"https:\/\/fedemark.ee\/#website","url":"https:\/\/fedemark.ee\/","name":"Fedemark","description":"Redelid, Tellingud, T\u00f6\u00f6platvormid ja vahekorrused","potentialAction":[{"@type":"SearchAction","target":{"@type":"EntryPoint","urlTemplate":"https:\/\/fedemark.ee\/?s={search_term_string}"},"query-input":"required name=search_term_string"}],"inLanguage":"fi-FI"}]}},"_links":{"self":[{"href":"https:\/\/fedemark.ee\/fi\/wp-json\/wp\/v2\/product\/7390"}],"collection":[{"href":"https:\/\/fedemark.ee\/fi\/wp-json\/wp\/v2\/product"}],"about":[{"href":"https:\/\/fedemark.ee\/fi\/wp-json\/wp\/v2\/types\/product"}],"replies":[{"embeddable":true,"href":"https:\/\/fedemark.ee\/fi\/wp-json\/wp\/v2\/comments?post=7390"}],"version-history":[{"count":0,"href":"https:\/\/fedemark.ee\/fi\/wp-json\/wp\/v2\/product\/7390\/revisions"}],"wp:featuredmedia":[{"embeddable":true,"href":"https:\/\/fedemark.ee\/fi\/wp-json\/wp\/v2\/media\/7391"}],"wp:attachment":[{"href":"https:\/\/fedemark.ee\/fi\/wp-json\/wp\/v2\/media?parent=7390"}],"wp:term":[{"taxonomy":"product_cat","embeddable":true,"href":"https:\/\/fedemark.ee\/fi\/wp-json\/wp\/v2\/product_cat?post=7390"},{"taxonomy":"product_tag","embeddable":true,"href":"https:\/\/fedemark.ee\/fi\/wp-json\/wp\/v2\/product_tag?post=7390"}],"curies":[{"name":"wp","href":"https:\/\/api.w.org\/{rel}","templated":true}]}}