{"id":7397,"date":"2017-06-14T17:22:04","date_gmt":"2017-06-14T17:22:04","guid":{"rendered":"https:\/\/sharks.ee\/fedemark\/shop\/uncategorized\/goal\/"},"modified":"2017-07-28T06:36:55","modified_gmt":"2017-07-28T06:36:55","slug":"goal","status":"publish","type":"product","link":"https:\/\/fedemark.ee\/fi\/tuotteet\/telineet-ja-erikoisrakenteet\/koti-ja-harrastustelineet\/goal\/","title":{"rendered":"Goal"},"content":{"rendered":"","protected":false},"excerpt":{"rendered":"<p><em>Pienet keskikorkeat telineet sis\u00e4- ja ulkot\u00f6iden tekoon<\/em><\/p>\n<p>Goal ovat kotitalouksissa k\u00e4ytett\u00e4viksi ja pienempien t\u00f6iden tekemiseen tarkoitetut ITALIASSA VALMISTETUT telineet.<\/p>\n<p>Valmistetut sinkityst\u00e4 ter\u00e4ksest\u00e4 (putki \u00d8 30 mm) ja t\u00e4ydellisesti kokoon pakattavat.<\/p>\n<p>Korkeus on 2,20 m tyydytt\u00e4\u00e4kseen niiden asiakkaiden tarpeet, jotka haluavat edullisella hinnalla tavoittaa korkeampia paikkoja.<\/p>\n<p>TEKNISET OMINAISUUDET<\/p>\n<p>PAINO: 23 kg (yhdess\u00e4 ty\u00f6tason kanssa)<\/p>\n<p>KORKEUS: 2,20 m<\/p>\n<p>MITAT: 1,10&#215;0,52 m<\/p>\n<p>JALAT: PVC<\/p>\n<p>TY\u00d6TASO: monikerroksinen meripuu 98&#215;32 cm<\/p>\n<p>PY\u00d6R\u00c4T: nailonia<\/p>\n<p>PAKKAUS: l\u00e4mp\u00f6supistuva muovi (0,047 m\u00b3)<\/p>\n<p>KEHYKSET: py\u00f6re\u00e4 ter\u00e4sputki \u00d8 30 mm<\/p>\n<p>PUOLAT: osan pituus 30 mm<\/p>\n<p>OHJEET: kaikissa telineiss\u00e4 on mukana k\u00e4ytt\u00f6ohje ja kyltit<\/p>\n","protected":false},"featured_media":5467,"comment_status":"open","ping_status":"closed","template":"","meta":{"footnotes":""},"product_cat":[194,206],"product_tag":[],"yoast_head":"<!-- This site is optimized with the Yoast SEO plugin v22.6 - https:\/\/yoast.com\/wordpress\/plugins\/seo\/ -->\n<title>Goal - Fedemark<\/title>\n<meta name=\"robots\" content=\"index, follow, max-snippet:-1, max-image-preview:large, max-video-preview:-1\" \/>\n<link rel=\"canonical\" href=\"https:\/\/fedemark.ee\/fi\/tuotteet\/telineet-ja-erikoisrakenteet\/koti-ja-harrastustelineet\/goal\/\" \/>\n<meta property=\"og:locale\" content=\"fi_FI\" \/>\n<meta property=\"og:type\" content=\"article\" \/>\n<meta property=\"og:title\" content=\"Goal - Fedemark\" \/>\n<meta property=\"og:description\" content=\"Pienet keskikorkeat telineet sis\u00e4- ja ulkot\u00f6iden tekoon  Goal ovat kotitalouksissa k\u00e4ytett\u00e4viksi ja pienempien t\u00f6iden tekemiseen tarkoitetut ITALIASSA VALMISTETUT telineet.  Valmistetut sinkityst\u00e4 ter\u00e4ksest\u00e4 (putki \u00d8 30 mm) ja t\u00e4ydellisesti kokoon pakattavat.  Korkeus on 2,20 m tyydytt\u00e4\u00e4kseen niiden asiakkaiden tarpeet, jotka haluavat edullisella hinnalla tavoittaa korkeampia paikkoja.  TEKNISET OMINAISUUDET  PAINO: 23 kg (yhdess\u00e4 ty\u00f6tason kanssa)  KORKEUS: 2,20 m  MITAT: 1,10x0,52 m  JALAT: PVC  TY\u00d6TASO: monikerroksinen meripuu 98x32 cm  PY\u00d6R\u00c4T: nailonia  PAKKAUS: l\u00e4mp\u00f6supistuva muovi (0,047 m\u00b3)  KEHYKSET: py\u00f6re\u00e4 ter\u00e4sputki \u00d8 30 mm  PUOLAT: osan pituus 30 mm  OHJEET: kaikissa telineiss\u00e4 on mukana k\u00e4ytt\u00f6ohje ja kyltit\" \/>\n<meta property=\"og:url\" content=\"https:\/\/fedemark.ee\/fi\/tuotteet\/telineet-ja-erikoisrakenteet\/koti-ja-harrastustelineet\/goal\/\" \/>\n<meta property=\"og:site_name\" content=\"Fedemark\" \/>\n<meta property=\"article:modified_time\" content=\"2017-07-28T06:36:55+00:00\" \/>\n<meta property=\"og:image\" content=\"https:\/\/fedemark.ee\/wp-content\/uploads\/2017\/06\/goal.jpg\" \/>\n\t<meta property=\"og:image:width\" content=\"2454\" \/>\n\t<meta property=\"og:image:height\" content=\"2984\" \/>\n\t<meta property=\"og:image:type\" content=\"image\/jpeg\" \/>\n<meta name=\"twitter:card\" content=\"summary_large_image\" \/>\n<script type=\"application\/ld+json\" class=\"yoast-schema-graph\">{\"@context\":\"https:\/\/schema.org\",\"@graph\":[{\"@type\":\"WebPage\",\"@id\":\"https:\/\/fedemark.ee\/fi\/tuotteet\/telineet-ja-erikoisrakenteet\/koti-ja-harrastustelineet\/goal\/\",\"url\":\"https:\/\/fedemark.ee\/fi\/tuotteet\/telineet-ja-erikoisrakenteet\/koti-ja-harrastustelineet\/goal\/\",\"name\":\"Goal - Fedemark\",\"isPartOf\":{\"@id\":\"https:\/\/fedemark.ee\/#website\"},\"primaryImageOfPage\":{\"@id\":\"https:\/\/fedemark.ee\/fi\/tuotteet\/telineet-ja-erikoisrakenteet\/koti-ja-harrastustelineet\/goal\/#primaryimage\"},\"image\":{\"@id\":\"https:\/\/fedemark.ee\/fi\/tuotteet\/telineet-ja-erikoisrakenteet\/koti-ja-harrastustelineet\/goal\/#primaryimage\"},\"thumbnailUrl\":\"https:\/\/fedemark.ee\/wp-content\/uploads\/2017\/06\/goal.jpg\",\"datePublished\":\"2017-06-14T17:22:04+00:00\",\"dateModified\":\"2017-07-28T06:36:55+00:00\",\"breadcrumb\":{\"@id\":\"https:\/\/fedemark.ee\/fi\/tuotteet\/telineet-ja-erikoisrakenteet\/koti-ja-harrastustelineet\/goal\/#breadcrumb\"},\"inLanguage\":\"fi-FI\",\"potentialAction\":[{\"@type\":\"ReadAction\",\"target\":[\"https:\/\/fedemark.ee\/fi\/tuotteet\/telineet-ja-erikoisrakenteet\/koti-ja-harrastustelineet\/goal\/\"]}]},{\"@type\":\"ImageObject\",\"inLanguage\":\"fi-FI\",\"@id\":\"https:\/\/fedemark.ee\/fi\/tuotteet\/telineet-ja-erikoisrakenteet\/koti-ja-harrastustelineet\/goal\/#primaryimage\",\"url\":\"https:\/\/fedemark.ee\/wp-content\/uploads\/2017\/06\/goal.jpg\",\"contentUrl\":\"https:\/\/fedemark.ee\/wp-content\/uploads\/2017\/06\/goal.jpg\",\"width\":2454,\"height\":2984},{\"@type\":\"BreadcrumbList\",\"@id\":\"https:\/\/fedemark.ee\/fi\/tuotteet\/telineet-ja-erikoisrakenteet\/koti-ja-harrastustelineet\/goal\/#breadcrumb\",\"itemListElement\":[{\"@type\":\"ListItem\",\"position\":1,\"name\":\"Home\",\"item\":\"https:\/\/fedemark.ee\/fi\/\"},{\"@type\":\"ListItem\",\"position\":2,\"name\":\"Tuotteet\",\"item\":\"https:\/\/fedemark.ee\/fi\/tuotteet\/\"},{\"@type\":\"ListItem\",\"position\":3,\"name\":\"Goal\"}]},{\"@type\":\"WebSite\",\"@id\":\"https:\/\/fedemark.ee\/#website\",\"url\":\"https:\/\/fedemark.ee\/\",\"name\":\"Fedemark\",\"description\":\"Redelid, Tellingud, T\u00f6\u00f6platvormid ja vahekorrused\",\"potentialAction\":[{\"@type\":\"SearchAction\",\"target\":{\"@type\":\"EntryPoint\",\"urlTemplate\":\"https:\/\/fedemark.ee\/?s={search_term_string}\"},\"query-input\":\"required name=search_term_string\"}],\"inLanguage\":\"fi-FI\"}]}<\/script>\n<!-- \/ Yoast SEO plugin. -->","yoast_head_json":{"title":"Goal - Fedemark","robots":{"index":"index","follow":"follow","max-snippet":"max-snippet:-1","max-image-preview":"max-image-preview:large","max-video-preview":"max-video-preview:-1"},"canonical":"https:\/\/fedemark.ee\/fi\/tuotteet\/telineet-ja-erikoisrakenteet\/koti-ja-harrastustelineet\/goal\/","og_locale":"fi_FI","og_type":"article","og_title":"Goal - Fedemark","og_description":"Pienet keskikorkeat telineet sis\u00e4- ja ulkot\u00f6iden tekoon  Goal ovat kotitalouksissa k\u00e4ytett\u00e4viksi ja pienempien t\u00f6iden tekemiseen tarkoitetut ITALIASSA VALMISTETUT telineet.  Valmistetut sinkityst\u00e4 ter\u00e4ksest\u00e4 (putki \u00d8 30 mm) ja t\u00e4ydellisesti kokoon pakattavat.  Korkeus on 2,20 m tyydytt\u00e4\u00e4kseen niiden asiakkaiden tarpeet, jotka haluavat edullisella hinnalla tavoittaa korkeampia paikkoja.  TEKNISET OMINAISUUDET  PAINO: 23 kg (yhdess\u00e4 ty\u00f6tason kanssa)  KORKEUS: 2,20 m  MITAT: 1,10x0,52 m  JALAT: PVC  TY\u00d6TASO: monikerroksinen meripuu 98x32 cm  PY\u00d6R\u00c4T: nailonia  PAKKAUS: l\u00e4mp\u00f6supistuva muovi (0,047 m\u00b3)  KEHYKSET: py\u00f6re\u00e4 ter\u00e4sputki \u00d8 30 mm  PUOLAT: osan pituus 30 mm  OHJEET: kaikissa telineiss\u00e4 on mukana k\u00e4ytt\u00f6ohje ja kyltit","og_url":"https:\/\/fedemark.ee\/fi\/tuotteet\/telineet-ja-erikoisrakenteet\/koti-ja-harrastustelineet\/goal\/","og_site_name":"Fedemark","article_modified_time":"2017-07-28T06:36:55+00:00","og_image":[{"width":2454,"height":2984,"url":"https:\/\/fedemark.ee\/wp-content\/uploads\/2017\/06\/goal.jpg","type":"image\/jpeg"}],"twitter_card":"summary_large_image","schema":{"@context":"https:\/\/schema.org","@graph":[{"@type":"WebPage","@id":"https:\/\/fedemark.ee\/fi\/tuotteet\/telineet-ja-erikoisrakenteet\/koti-ja-harrastustelineet\/goal\/","url":"https:\/\/fedemark.ee\/fi\/tuotteet\/telineet-ja-erikoisrakenteet\/koti-ja-harrastustelineet\/goal\/","name":"Goal - Fedemark","isPartOf":{"@id":"https:\/\/fedemark.ee\/#website"},"primaryImageOfPage":{"@id":"https:\/\/fedemark.ee\/fi\/tuotteet\/telineet-ja-erikoisrakenteet\/koti-ja-harrastustelineet\/goal\/#primaryimage"},"image":{"@id":"https:\/\/fedemark.ee\/fi\/tuotteet\/telineet-ja-erikoisrakenteet\/koti-ja-harrastustelineet\/goal\/#primaryimage"},"thumbnailUrl":"https:\/\/fedemark.ee\/wp-content\/uploads\/2017\/06\/goal.jpg","datePublished":"2017-06-14T17:22:04+00:00","dateModified":"2017-07-28T06:36:55+00:00","breadcrumb":{"@id":"https:\/\/fedemark.ee\/fi\/tuotteet\/telineet-ja-erikoisrakenteet\/koti-ja-harrastustelineet\/goal\/#breadcrumb"},"inLanguage":"fi-FI","potentialAction":[{"@type":"ReadAction","target":["https:\/\/fedemark.ee\/fi\/tuotteet\/telineet-ja-erikoisrakenteet\/koti-ja-harrastustelineet\/goal\/"]}]},{"@type":"ImageObject","inLanguage":"fi-FI","@id":"https:\/\/fedemark.ee\/fi\/tuotteet\/telineet-ja-erikoisrakenteet\/koti-ja-harrastustelineet\/goal\/#primaryimage","url":"https:\/\/fedemark.ee\/wp-content\/uploads\/2017\/06\/goal.jpg","contentUrl":"https:\/\/fedemark.ee\/wp-content\/uploads\/2017\/06\/goal.jpg","width":2454,"height":2984},{"@type":"BreadcrumbList","@id":"https:\/\/fedemark.ee\/fi\/tuotteet\/telineet-ja-erikoisrakenteet\/koti-ja-harrastustelineet\/goal\/#breadcrumb","itemListElement":[{"@type":"ListItem","position":1,"name":"Home","item":"https:\/\/fedemark.ee\/fi\/"},{"@type":"ListItem","position":2,"name":"Tuotteet","item":"https:\/\/fedemark.ee\/fi\/tuotteet\/"},{"@type":"ListItem","position":3,"name":"Goal"}]},{"@type":"WebSite","@id":"https:\/\/fedemark.ee\/#website","url":"https:\/\/fedemark.ee\/","name":"Fedemark","description":"Redelid, Tellingud, T\u00f6\u00f6platvormid ja vahekorrused","potentialAction":[{"@type":"SearchAction","target":{"@type":"EntryPoint","urlTemplate":"https:\/\/fedemark.ee\/?s={search_term_string}"},"query-input":"required name=search_term_string"}],"inLanguage":"fi-FI"}]}},"_links":{"self":[{"href":"https:\/\/fedemark.ee\/fi\/wp-json\/wp\/v2\/product\/7397"}],"collection":[{"href":"https:\/\/fedemark.ee\/fi\/wp-json\/wp\/v2\/product"}],"about":[{"href":"https:\/\/fedemark.ee\/fi\/wp-json\/wp\/v2\/types\/product"}],"replies":[{"embeddable":true,"href":"https:\/\/fedemark.ee\/fi\/wp-json\/wp\/v2\/comments?post=7397"}],"version-history":[{"count":0,"href":"https:\/\/fedemark.ee\/fi\/wp-json\/wp\/v2\/product\/7397\/revisions"}],"wp:featuredmedia":[{"embeddable":true,"href":"https:\/\/fedemark.ee\/fi\/wp-json\/wp\/v2\/media\/5467"}],"wp:attachment":[{"href":"https:\/\/fedemark.ee\/fi\/wp-json\/wp\/v2\/media?parent=7397"}],"wp:term":[{"taxonomy":"product_cat","embeddable":true,"href":"https:\/\/fedemark.ee\/fi\/wp-json\/wp\/v2\/product_cat?post=7397"},{"taxonomy":"product_tag","embeddable":true,"href":"https:\/\/fedemark.ee\/fi\/wp-json\/wp\/v2\/product_tag?post=7397"}],"curies":[{"name":"wp","href":"https:\/\/api.w.org\/{rel}","templated":true}]}}