{"id":7398,"date":"2017-06-14T17:58:31","date_gmt":"2017-06-14T17:58:31","guid":{"rendered":"https:\/\/sharks.ee\/fedemark\/shop\/uncategorized\/balcony-scaffolding\/"},"modified":"2017-07-28T06:39:08","modified_gmt":"2017-07-28T06:39:08","slug":"parveketelineet","status":"publish","type":"product","link":"https:\/\/fedemark.ee\/fi\/tuotteet\/telineet-ja-erikoisrakenteet\/erikoisrakenteet\/parveketelineet\/","title":{"rendered":"Parveketelineet"},"content":{"rendered":"","protected":false},"excerpt":{"rendered":"<p><em>Helpot asentaa ja kevyet nostaa parvekkeelta toiselle<\/em><\/p>\n<p>Jokaisella rakennusyrityksell\u00e4 ja maalarilla tulisi olla t\u00e4llaiset.<\/p>\n<p>4 teleskooppijalkaa mahdollistavat 4 alumiinilevyn kiinnitt\u00e4misen telineiden lukitsemiseksi parvekkeen lattialta ylemm\u00e4n parvekkeen kattoon.<br \/>\n2 ulkonevaa rakennetta kiinnitet\u00e4\u00e4n alustaan erityisill\u00e4 liitoksilla.<\/p>\n<p>Kyp\u00e4r\u00e4n ja valjaiden k\u00e4ytt\u00f6 on pakollista.<\/p>\n<p>Meid\u00e4n telineit\u00e4mme voi asentaa my\u00f6s vakiotelinein\u00e4 (Tempo Tech S 4,00 m).<br \/>\nSaatavana olevat mitat: leveys 0,74 m ja pituus 2,00\/2,50\/3,00 m.<br \/>\nEnimm\u00e4iskantavuus: 120 kg (1 henkil\u00f6, paitsi ty\u00f6tasot).<\/p>\n<p>Paras ratkaisu pienen parvekkeen huolto- ja maalaust\u00f6iden tekemiseen.<br \/>\nTehty alumiinista, liukumattomat askelmat 50 mm profiilista.<\/p>\n<p>V\u00e4hist\u00e4 osista koostuva rakenne muuttaa n\u00e4m\u00e4 eritt\u00e4in kevyiksi ja helposti asennettaviksi.<br \/>\nNopeasti koottava ja helppo kuljettaa.<\/p>\n<p>TEKNISET OMINAISUUDET<br \/>\nLeveys: 0,74 m<br \/>\nPituus: 2,00\u22122,30\u20133,00 m<br \/>\nKantavuus: 120 kg (1 henkil\u00f6)<br \/>\nAskelmien v\u00e4linen et\u00e4isyys: 30 cm<br \/>\nNailonisten py\u00f6rien m\u00e4\u00e4r\u00e4: 4<br \/>\nPy\u00f6r\u00e4n l\u00e4pimitta: 125 mm (jarruilla)<br \/>\nJalat: 15\u221240\u201370 cm<br \/>\nUlkoneva osa: edess\u00e4 ja sivulla<\/p>\n","protected":false},"featured_media":8836,"comment_status":"open","ping_status":"closed","template":"","meta":{"footnotes":""},"product_cat":[195,206],"product_tag":[],"yoast_head":"<!-- This site is optimized with the Yoast SEO plugin v22.6 - https:\/\/yoast.com\/wordpress\/plugins\/seo\/ -->\n<title>Parveketelineet - Fedemark<\/title>\n<meta name=\"robots\" content=\"index, follow, max-snippet:-1, max-image-preview:large, max-video-preview:-1\" \/>\n<link rel=\"canonical\" href=\"https:\/\/fedemark.ee\/fi\/tuotteet\/telineet-ja-erikoisrakenteet\/erikoisrakenteet\/parveketelineet\/\" \/>\n<meta property=\"og:locale\" content=\"fi_FI\" \/>\n<meta property=\"og:type\" content=\"article\" \/>\n<meta property=\"og:title\" content=\"Parveketelineet - Fedemark\" \/>\n<meta property=\"og:description\" content=\"Helpot asentaa ja kevyet nostaa parvekkeelta toiselle  Jokaisella rakennusyrityksell\u00e4 ja maalarilla tulisi olla t\u00e4llaiset.  4 teleskooppijalkaa mahdollistavat 4 alumiinilevyn kiinnitt\u00e4misen telineiden lukitsemiseksi parvekkeen lattialta ylemm\u00e4n parvekkeen kattoon. 2 ulkonevaa rakennetta kiinnitet\u00e4\u00e4n alustaan erityisill\u00e4 liitoksilla.  Kyp\u00e4r\u00e4n ja valjaiden k\u00e4ytt\u00f6 on pakollista.  Meid\u00e4n telineit\u00e4mme voi asentaa my\u00f6s vakiotelinein\u00e4 (Tempo Tech S 4,00 m). Saatavana olevat mitat: leveys 0,74 m ja pituus 2,00\/2,50\/3,00 m. Enimm\u00e4iskantavuus: 120 kg (1 henkil\u00f6, paitsi ty\u00f6tasot).  Paras ratkaisu pienen parvekkeen huolto- ja maalaust\u00f6iden tekemiseen. Tehty alumiinista, liukumattomat askelmat 50 mm profiilista.  V\u00e4hist\u00e4 osista koostuva rakenne muuttaa n\u00e4m\u00e4 eritt\u00e4in kevyiksi ja helposti asennettaviksi. Nopeasti koottava ja helppo kuljettaa.  TEKNISET OMINAISUUDET Leveys: 0,74 m Pituus: 2,00\u22122,30\u20133,00 m Kantavuus: 120 kg (1 henkil\u00f6) Askelmien v\u00e4linen et\u00e4isyys: 30 cm Nailonisten py\u00f6rien m\u00e4\u00e4r\u00e4: 4 Py\u00f6r\u00e4n l\u00e4pimitta: 125 mm (jarruilla) Jalat: 15\u221240\u201370 cm Ulkoneva osa: edess\u00e4 ja sivulla\" \/>\n<meta property=\"og:url\" content=\"https:\/\/fedemark.ee\/fi\/tuotteet\/telineet-ja-erikoisrakenteet\/erikoisrakenteet\/parveketelineet\/\" \/>\n<meta property=\"og:site_name\" content=\"Fedemark\" \/>\n<meta property=\"article:modified_time\" content=\"2017-07-28T06:39:08+00:00\" \/>\n<meta property=\"og:image\" content=\"https:\/\/fedemark.ee\/wp-content\/uploads\/2017\/06\/Rodutelling.jpg\" \/>\n\t<meta property=\"og:image:width\" content=\"539\" \/>\n\t<meta property=\"og:image:height\" content=\"600\" \/>\n\t<meta property=\"og:image:type\" content=\"image\/jpeg\" \/>\n<meta name=\"twitter:card\" content=\"summary_large_image\" \/>\n<script type=\"application\/ld+json\" class=\"yoast-schema-graph\">{\"@context\":\"https:\/\/schema.org\",\"@graph\":[{\"@type\":\"WebPage\",\"@id\":\"https:\/\/fedemark.ee\/fi\/tuotteet\/telineet-ja-erikoisrakenteet\/erikoisrakenteet\/parveketelineet\/\",\"url\":\"https:\/\/fedemark.ee\/fi\/tuotteet\/telineet-ja-erikoisrakenteet\/erikoisrakenteet\/parveketelineet\/\",\"name\":\"Parveketelineet - Fedemark\",\"isPartOf\":{\"@id\":\"https:\/\/fedemark.ee\/#website\"},\"primaryImageOfPage\":{\"@id\":\"https:\/\/fedemark.ee\/fi\/tuotteet\/telineet-ja-erikoisrakenteet\/erikoisrakenteet\/parveketelineet\/#primaryimage\"},\"image\":{\"@id\":\"https:\/\/fedemark.ee\/fi\/tuotteet\/telineet-ja-erikoisrakenteet\/erikoisrakenteet\/parveketelineet\/#primaryimage\"},\"thumbnailUrl\":\"https:\/\/fedemark.ee\/wp-content\/uploads\/2017\/06\/Rodutelling.jpg\",\"datePublished\":\"2017-06-14T17:58:31+00:00\",\"dateModified\":\"2017-07-28T06:39:08+00:00\",\"breadcrumb\":{\"@id\":\"https:\/\/fedemark.ee\/fi\/tuotteet\/telineet-ja-erikoisrakenteet\/erikoisrakenteet\/parveketelineet\/#breadcrumb\"},\"inLanguage\":\"fi-FI\",\"potentialAction\":[{\"@type\":\"ReadAction\",\"target\":[\"https:\/\/fedemark.ee\/fi\/tuotteet\/telineet-ja-erikoisrakenteet\/erikoisrakenteet\/parveketelineet\/\"]}]},{\"@type\":\"ImageObject\",\"inLanguage\":\"fi-FI\",\"@id\":\"https:\/\/fedemark.ee\/fi\/tuotteet\/telineet-ja-erikoisrakenteet\/erikoisrakenteet\/parveketelineet\/#primaryimage\",\"url\":\"https:\/\/fedemark.ee\/wp-content\/uploads\/2017\/06\/Rodutelling.jpg\",\"contentUrl\":\"https:\/\/fedemark.ee\/wp-content\/uploads\/2017\/06\/Rodutelling.jpg\",\"width\":539,\"height\":600},{\"@type\":\"BreadcrumbList\",\"@id\":\"https:\/\/fedemark.ee\/fi\/tuotteet\/telineet-ja-erikoisrakenteet\/erikoisrakenteet\/parveketelineet\/#breadcrumb\",\"itemListElement\":[{\"@type\":\"ListItem\",\"position\":1,\"name\":\"Home\",\"item\":\"https:\/\/fedemark.ee\/fi\/\"},{\"@type\":\"ListItem\",\"position\":2,\"name\":\"Tuotteet\",\"item\":\"https:\/\/fedemark.ee\/fi\/tuotteet\/\"},{\"@type\":\"ListItem\",\"position\":3,\"name\":\"Parveketelineet\"}]},{\"@type\":\"WebSite\",\"@id\":\"https:\/\/fedemark.ee\/#website\",\"url\":\"https:\/\/fedemark.ee\/\",\"name\":\"Fedemark\",\"description\":\"Redelid, Tellingud, T\u00f6\u00f6platvormid ja vahekorrused\",\"potentialAction\":[{\"@type\":\"SearchAction\",\"target\":{\"@type\":\"EntryPoint\",\"urlTemplate\":\"https:\/\/fedemark.ee\/?s={search_term_string}\"},\"query-input\":\"required name=search_term_string\"}],\"inLanguage\":\"fi-FI\"}]}<\/script>\n<!-- \/ Yoast SEO plugin. -->","yoast_head_json":{"title":"Parveketelineet - Fedemark","robots":{"index":"index","follow":"follow","max-snippet":"max-snippet:-1","max-image-preview":"max-image-preview:large","max-video-preview":"max-video-preview:-1"},"canonical":"https:\/\/fedemark.ee\/fi\/tuotteet\/telineet-ja-erikoisrakenteet\/erikoisrakenteet\/parveketelineet\/","og_locale":"fi_FI","og_type":"article","og_title":"Parveketelineet - Fedemark","og_description":"Helpot asentaa ja kevyet nostaa parvekkeelta toiselle  Jokaisella rakennusyrityksell\u00e4 ja maalarilla tulisi olla t\u00e4llaiset.  4 teleskooppijalkaa mahdollistavat 4 alumiinilevyn kiinnitt\u00e4misen telineiden lukitsemiseksi parvekkeen lattialta ylemm\u00e4n parvekkeen kattoon. 2 ulkonevaa rakennetta kiinnitet\u00e4\u00e4n alustaan erityisill\u00e4 liitoksilla.  Kyp\u00e4r\u00e4n ja valjaiden k\u00e4ytt\u00f6 on pakollista.  Meid\u00e4n telineit\u00e4mme voi asentaa my\u00f6s vakiotelinein\u00e4 (Tempo Tech S 4,00 m). Saatavana olevat mitat: leveys 0,74 m ja pituus 2,00\/2,50\/3,00 m. Enimm\u00e4iskantavuus: 120 kg (1 henkil\u00f6, paitsi ty\u00f6tasot).  Paras ratkaisu pienen parvekkeen huolto- ja maalaust\u00f6iden tekemiseen. Tehty alumiinista, liukumattomat askelmat 50 mm profiilista.  V\u00e4hist\u00e4 osista koostuva rakenne muuttaa n\u00e4m\u00e4 eritt\u00e4in kevyiksi ja helposti asennettaviksi. Nopeasti koottava ja helppo kuljettaa.  TEKNISET OMINAISUUDET Leveys: 0,74 m Pituus: 2,00\u22122,30\u20133,00 m Kantavuus: 120 kg (1 henkil\u00f6) Askelmien v\u00e4linen et\u00e4isyys: 30 cm Nailonisten py\u00f6rien m\u00e4\u00e4r\u00e4: 4 Py\u00f6r\u00e4n l\u00e4pimitta: 125 mm (jarruilla) Jalat: 15\u221240\u201370 cm Ulkoneva osa: edess\u00e4 ja sivulla","og_url":"https:\/\/fedemark.ee\/fi\/tuotteet\/telineet-ja-erikoisrakenteet\/erikoisrakenteet\/parveketelineet\/","og_site_name":"Fedemark","article_modified_time":"2017-07-28T06:39:08+00:00","og_image":[{"width":539,"height":600,"url":"https:\/\/fedemark.ee\/wp-content\/uploads\/2017\/06\/Rodutelling.jpg","type":"image\/jpeg"}],"twitter_card":"summary_large_image","schema":{"@context":"https:\/\/schema.org","@graph":[{"@type":"WebPage","@id":"https:\/\/fedemark.ee\/fi\/tuotteet\/telineet-ja-erikoisrakenteet\/erikoisrakenteet\/parveketelineet\/","url":"https:\/\/fedemark.ee\/fi\/tuotteet\/telineet-ja-erikoisrakenteet\/erikoisrakenteet\/parveketelineet\/","name":"Parveketelineet - Fedemark","isPartOf":{"@id":"https:\/\/fedemark.ee\/#website"},"primaryImageOfPage":{"@id":"https:\/\/fedemark.ee\/fi\/tuotteet\/telineet-ja-erikoisrakenteet\/erikoisrakenteet\/parveketelineet\/#primaryimage"},"image":{"@id":"https:\/\/fedemark.ee\/fi\/tuotteet\/telineet-ja-erikoisrakenteet\/erikoisrakenteet\/parveketelineet\/#primaryimage"},"thumbnailUrl":"https:\/\/fedemark.ee\/wp-content\/uploads\/2017\/06\/Rodutelling.jpg","datePublished":"2017-06-14T17:58:31+00:00","dateModified":"2017-07-28T06:39:08+00:00","breadcrumb":{"@id":"https:\/\/fedemark.ee\/fi\/tuotteet\/telineet-ja-erikoisrakenteet\/erikoisrakenteet\/parveketelineet\/#breadcrumb"},"inLanguage":"fi-FI","potentialAction":[{"@type":"ReadAction","target":["https:\/\/fedemark.ee\/fi\/tuotteet\/telineet-ja-erikoisrakenteet\/erikoisrakenteet\/parveketelineet\/"]}]},{"@type":"ImageObject","inLanguage":"fi-FI","@id":"https:\/\/fedemark.ee\/fi\/tuotteet\/telineet-ja-erikoisrakenteet\/erikoisrakenteet\/parveketelineet\/#primaryimage","url":"https:\/\/fedemark.ee\/wp-content\/uploads\/2017\/06\/Rodutelling.jpg","contentUrl":"https:\/\/fedemark.ee\/wp-content\/uploads\/2017\/06\/Rodutelling.jpg","width":539,"height":600},{"@type":"BreadcrumbList","@id":"https:\/\/fedemark.ee\/fi\/tuotteet\/telineet-ja-erikoisrakenteet\/erikoisrakenteet\/parveketelineet\/#breadcrumb","itemListElement":[{"@type":"ListItem","position":1,"name":"Home","item":"https:\/\/fedemark.ee\/fi\/"},{"@type":"ListItem","position":2,"name":"Tuotteet","item":"https:\/\/fedemark.ee\/fi\/tuotteet\/"},{"@type":"ListItem","position":3,"name":"Parveketelineet"}]},{"@type":"WebSite","@id":"https:\/\/fedemark.ee\/#website","url":"https:\/\/fedemark.ee\/","name":"Fedemark","description":"Redelid, Tellingud, T\u00f6\u00f6platvormid ja vahekorrused","potentialAction":[{"@type":"SearchAction","target":{"@type":"EntryPoint","urlTemplate":"https:\/\/fedemark.ee\/?s={search_term_string}"},"query-input":"required name=search_term_string"}],"inLanguage":"fi-FI"}]}},"_links":{"self":[{"href":"https:\/\/fedemark.ee\/fi\/wp-json\/wp\/v2\/product\/7398"}],"collection":[{"href":"https:\/\/fedemark.ee\/fi\/wp-json\/wp\/v2\/product"}],"about":[{"href":"https:\/\/fedemark.ee\/fi\/wp-json\/wp\/v2\/types\/product"}],"replies":[{"embeddable":true,"href":"https:\/\/fedemark.ee\/fi\/wp-json\/wp\/v2\/comments?post=7398"}],"version-history":[{"count":0,"href":"https:\/\/fedemark.ee\/fi\/wp-json\/wp\/v2\/product\/7398\/revisions"}],"wp:featuredmedia":[{"embeddable":true,"href":"https:\/\/fedemark.ee\/fi\/wp-json\/wp\/v2\/media\/8836"}],"wp:attachment":[{"href":"https:\/\/fedemark.ee\/fi\/wp-json\/wp\/v2\/media?parent=7398"}],"wp:term":[{"taxonomy":"product_cat","embeddable":true,"href":"https:\/\/fedemark.ee\/fi\/wp-json\/wp\/v2\/product_cat?post=7398"},{"taxonomy":"product_tag","embeddable":true,"href":"https:\/\/fedemark.ee\/fi\/wp-json\/wp\/v2\/product_tag?post=7398"}],"curies":[{"name":"wp","href":"https:\/\/api.w.org\/{rel}","templated":true}]}}