{"id":7399,"date":"2017-06-14T17:50:33","date_gmt":"2017-06-14T17:50:33","guid":{"rendered":"https:\/\/sharks.ee\/fedemark\/shop\/uncategorized\/boat-scaffolding-and-walkways\/"},"modified":"2017-08-15T08:52:37","modified_gmt":"2017-08-15T08:52:37","slug":"venetelineet-ja-kulkutiet","status":"publish","type":"product","link":"https:\/\/fedemark.ee\/fi\/tuotteet\/telineet-ja-erikoisrakenteet\/erikoisrakenteet\/venetelineet-ja-kulkutiet\/","title":{"rendered":"Venetelineet ja kulkutiet"},"content":{"rendered":"","protected":false},"excerpt":{"rendered":"<p><strong><em>Veneisiin ja laivoihin tarkoitettuina n\u00e4it\u00e4 voi ilman sijoituksia tekem\u00e4tt\u00e4 s\u00e4\u00e4dell\u00e4 eri tavoin<\/em><\/strong><\/p>\n<p>Jokaisella veneiden ja laivojen huoltoyksik\u00f6ll\u00e4 pit\u00e4isi olla jokin n\u00e4ist\u00e4.<\/p>\n<p>Valmistettu alumiinista ja asennettu py\u00f6rille, liikuttelu, avaaminen ja sulkeminen k\u00e4yv\u00e4t nopeasti ja antavat mahdollisuuden luoda 60 cm leve\u00e4 kulkutie veneen reunojen laajuudessa reelingin, keulan ja ahterin rakennus- ja huoltot\u00f6it\u00e4 varten sek\u00e4 syv\u00e4ysviivan maalaust\u00f6iden suorittamiseen.<br \/>\nK\u00e4ytt\u00e4j\u00e4t voivat ty\u00f6skennell\u00e4 my\u00f6s veneess\u00e4 ollen, josta telineit\u00e4 voi k\u00e4ytt\u00e4\u00e4 my\u00f6s suojana putoamiselta.<\/p>\n<p>Liitosj\u00e4rjestelm\u00e4n ansiosta rakenne on mukautettavissa (kuin \u201dk\u00e4\u00e4rme\u201d) jokaisen veneen mukaan, sen rakenteesta riippumatta.<br \/>\nT\u00e4m\u00e4 kekseli\u00e4s j\u00e4rjestelm\u00e4 mahdollistaa alumiinirakenteen t\u00e4ydellisen mukauttamisen jokaisen veneen muodon mukaan vain muutamissa minuuteissa k\u00e4ytt\u00e4j\u00e4n helposti painamalla. Se sallii reelingeill\u00e4 ja kulkuteill\u00e4 olla aina hyvin l\u00e4hell\u00e4 venett\u00e4 niin, ett\u00e4 kukaan tai mik\u00e4\u00e4n ei voi pudota. Se tarjoaa k\u00e4ytt\u00e4j\u00e4lle mahdollisuuden olla mukavassa ty\u00f6asennossa.<\/p>\n<p>Teleskooppijalkojen j\u00e4rjestelm\u00e4 antaa k\u00e4ytt\u00e4j\u00e4n keulaa l\u00e4hestyess\u00e4\u00e4n seurata syv\u00e4ysviivaa, joka on maanpinnasta korkeammalla.<\/p>\n<p>Ostamalla yhden ainoan rakenteen ostaja saa olla varma siit\u00e4, ett\u00e4 voi huoltaa millaisen tahansa samanpituisen (tai lyhemm\u00e4n) veneen sen mallista ja muodosta riippumatta.<\/p>\n<p>PLUSSAT:<br \/>\n\u2022 Valmistettu kevyest\u00e4 alumiiniseoksesta, kest\u00e4v\u00e4 ja puhdas (ei ruostu eik\u00e4 hapetu). 5 vuoden takuu.<br \/>\n\u2022 Nopea asennus (kaikki osat hakaliitosj\u00e4rjestelm\u00e4ll\u00e4)<br \/>\n\u2022 Nopea liikuttelu (koko rakenne on varustettu jarrullisilla py\u00f6rill\u00e4). Kun ty\u00f6t on veneell\u00e4 lopetettu, rakenne on mahdollista avata miss\u00e4 tahansa pisteess\u00e4 ja sen voi liikuttaa veneen toiselle kyljelle. Koko rakennetta pystyy ponnistuksitta liikuttelemaan yksi tai kaksi henkil\u00f6\u00e4.<br \/>\n\u2022 Nopea mukautuminen (rakenne on nopeasti mukautettavissa millaiselle venetyypille tahansa)<br \/>\n\u2022 Pienempi osien m\u00e4\u00e4r\u00e4: purettu rakenne vie v\u00e4h\u00e4n tilaa<br \/>\n\u2022 Valmistus eurooppalaisten standardien mukaan.<br \/>\n\u2022 S\u00e4\u00e4st\u00e4\u00e4 rahaa: yksi rakenne kaikkiin sarjaan kuuluviin malleihin<br \/>\n\u2022 S\u00e4\u00e4st\u00e4\u00e4 aikaa: riitt\u00e4m\u00e4tt\u00f6mien varusteiden k\u00e4ytt\u00f6 korkealla ty\u00f6skennelless\u00e4 (tavallista p\u00e4\u00e4osassa ty\u00f6kohteista) merkitsee suurempaa ajankulua (ep\u00e4mukavampi) ja onnettomuuden vaaran kasvua. Se nostaa toimintakustannuksia enemm\u00e4n kuin k\u00e4ytt\u00f6tarkoitukseen tehty sijoitus, joka kest\u00e4\u00e4 ikuisesti.<br \/>\n\u2022 Kaikki hitsatut liit\u00e4nn\u00e4t on sertifioitu eurooppalaisten standardien ISO9000 UNI EN287 \/ ENISO9606 1\/2 mukaisesti.<\/p>\n<p>Kaikkia rakenteita voi ostaa vaiheittain ja kaikki sijoitusvaihtoehdot ovat mahdollisia:<\/p>\n<p>1) Koko rakenne: kulkutierakenne, joka peitt\u00e4\u00e4 koko veneen \u00e4\u00e4riviivat, ja takaa helpon ulottuvuuden ja jatkuvan ty\u00f6n<\/p>\n<p>2) Puoli rakennetta: kulkutierakenne, joka peitt\u00e4\u00e4 50% veneen \u00e4\u00e4riviivoista ja jota voi liikuttaa t\u00f6iden tekemiseen toisella puolella.<\/p>\n<p>3) Rakenteen kulkutien osat koostuvat muutamasta moduulista (tilattavia), jotka peitt\u00e4v\u00e4t veneen alueet ja joita tulee useimmin liikuttaa.<\/p>\n<p>Kaikki rakenteet koostuvat moduuleista ja niit\u00e4 voi my\u00f6hemmin laajentaa.<br \/>\nSopivat ihanteellisesti veneen kylkien maalaus- ja huoltot\u00f6iden suorittamiseen.<br \/>\nValmistettu kevyest\u00e4 alumiiniseosputkesta \u00f8 50 mm.<\/p>\n<p>TEKNISET OMINAISUUDET<br \/>\nSaatavana oleva leveys: 0,74 m<br \/>\nSaatavana olevat moduulien pituudet: 2,00 m \u2013 2,30 \u2013 3,00<br \/>\nKantavuus: 200 kg\/m\u00b2 (2 henkil\u00f6\u00e4)<br \/>\nAskelmia: 30 cm<br \/>\nSormenj\u00e4lki\u00e4 hylkiv\u00e4t polyuretaanip\u00e4\u00e4llysteiset nailonpy\u00f6r\u00e4t<br \/>\nSaatavana olevien py\u00f6rien l\u00e4pimitat: 125\u2212150\u2013200 mm, varustettu kaksinkertaisella jarrupolkimella<br \/>\nSaatavana olevat s\u00e4\u00e4dett\u00e4v\u00e4t jalat: 15\u221240\u201370 cm<br \/>\nSaatavana olevat kehykset: askelmat 3\u22124\u22125\u22126\u22127<br \/>\nTakuu: 5 vuotta<\/p>\n<p>Mukana seuraa:<br \/>\nK\u00e4ytt\u00f6ohje ja voimassaolevien lakien mukaisuuden vahvistava sertifikaatti.<br \/>\nTietokyltti.<\/p>\n<p>LIS\u00c4TARVIKKEET:<\/p>\n<p>P\u00e4\u00e4llystetty alumiinikerroksella ja varvaslauta, putkiston kiinnityksell\u00e4 ja tuulta siet\u00e4v\u00e4ll\u00e4 venevanerilla. Puu on maalattu ja liukumaton.<\/p>\n<p>Osien kuvauksia voitte katsoa asiakirjasta TEMPO TECH -alumiinitelineet ammattik\u00e4ytt\u00f6\u00f6n.<br \/>\nKaikkiin osiin on merkittyn\u00e4 valmistusvuosi ja sijoitettu Sveltin logo, kuten eurooppalainen standardi edellytt\u00e4\u00e4.<\/p>\n<p><img loading=\"lazy\" decoding=\"async\" class=\"alignnone wp-image-5317\" src=\"https:\/\/fedemark.ee\/wp-content\/uploads\/2017\/06\/Ikoonid_29-1.jpg\" alt=\"\" width=\"72\" height=\"67\" \/><img loading=\"lazy\" decoding=\"async\" class=\"alignnone wp-image-5281\" src=\"https:\/\/fedemark.ee\/wp-content\/uploads\/2017\/06\/Ikoonid_11-Copy.jpg\" alt=\"\" width=\"72\" height=\"72\" srcset=\"https:\/\/fedemark.ee\/wp-content\/uploads\/2017\/06\/Ikoonid_11-Copy.jpg 150w, https:\/\/fedemark.ee\/wp-content\/uploads\/2017\/06\/Ikoonid_11-Copy-100x100.jpg 100w\" sizes=\"(max-width: 72px) 100vw, 72px\" \/><img loading=\"lazy\" decoding=\"async\" class=\"alignnone wp-image-5329\" src=\"https:\/\/fedemark.ee\/wp-content\/uploads\/2017\/06\/Ikoonid_37-Copy.jpg\" alt=\"\" width=\"134\" height=\"60\" \/><img loading=\"lazy\" decoding=\"async\" class=\"alignnone wp-image-5337\" src=\"https:\/\/fedemark.ee\/wp-content\/uploads\/2017\/06\/Ikoonid_38-Copy.jpg\" alt=\"\" width=\"73\" height=\"70\" \/><\/p>\n","protected":false},"featured_media":5443,"comment_status":"open","ping_status":"closed","template":"","meta":{"footnotes":""},"product_cat":[195,206],"product_tag":[],"yoast_head":"<!-- This site is optimized with the Yoast SEO plugin v22.6 - https:\/\/yoast.com\/wordpress\/plugins\/seo\/ -->\n<title>Venetelineet ja kulkutiet - Fedemark<\/title>\n<meta name=\"robots\" content=\"index, follow, max-snippet:-1, max-image-preview:large, max-video-preview:-1\" \/>\n<link rel=\"canonical\" href=\"https:\/\/fedemark.ee\/fi\/tuotteet\/telineet-ja-erikoisrakenteet\/erikoisrakenteet\/venetelineet-ja-kulkutiet\/\" \/>\n<meta property=\"og:locale\" content=\"fi_FI\" \/>\n<meta property=\"og:type\" content=\"article\" \/>\n<meta property=\"og:title\" content=\"Venetelineet ja kulkutiet - Fedemark\" \/>\n<meta property=\"og:description\" content=\"Veneisiin ja laivoihin tarkoitettuina n\u00e4it\u00e4 voi ilman sijoituksia tekem\u00e4tt\u00e4 s\u00e4\u00e4dell\u00e4 eri tavoin  Jokaisella veneiden ja laivojen huoltoyksik\u00f6ll\u00e4 pit\u00e4isi olla jokin n\u00e4ist\u00e4.  Valmistettu alumiinista ja asennettu py\u00f6rille, liikuttelu, avaaminen ja sulkeminen k\u00e4yv\u00e4t nopeasti ja antavat mahdollisuuden luoda 60 cm leve\u00e4 kulkutie veneen reunojen laajuudessa reelingin, keulan ja ahterin rakennus- ja huoltot\u00f6it\u00e4 varten sek\u00e4 syv\u00e4ysviivan maalaust\u00f6iden suorittamiseen. K\u00e4ytt\u00e4j\u00e4t voivat ty\u00f6skennell\u00e4 my\u00f6s veneess\u00e4 ollen, josta telineit\u00e4 voi k\u00e4ytt\u00e4\u00e4 my\u00f6s suojana putoamiselta.  Liitosj\u00e4rjestelm\u00e4n ansiosta rakenne on mukautettavissa (kuin \u201dk\u00e4\u00e4rme\u201d) jokaisen veneen mukaan, sen rakenteesta riippumatta. T\u00e4m\u00e4 kekseli\u00e4s j\u00e4rjestelm\u00e4 mahdollistaa alumiinirakenteen t\u00e4ydellisen mukauttamisen jokaisen veneen muodon mukaan vain muutamissa minuuteissa k\u00e4ytt\u00e4j\u00e4n helposti painamalla. Se sallii reelingeill\u00e4 ja kulkuteill\u00e4 olla aina hyvin l\u00e4hell\u00e4 venett\u00e4 niin, ett\u00e4 kukaan tai mik\u00e4\u00e4n ei voi pudota. Se tarjoaa k\u00e4ytt\u00e4j\u00e4lle mahdollisuuden olla mukavassa ty\u00f6asennossa.  Teleskooppijalkojen j\u00e4rjestelm\u00e4 antaa k\u00e4ytt\u00e4j\u00e4n keulaa l\u00e4hestyess\u00e4\u00e4n seurata syv\u00e4ysviivaa, joka on maanpinnasta korkeammalla.  Ostamalla yhden ainoan rakenteen ostaja saa olla varma siit\u00e4, ett\u00e4 voi huoltaa millaisen tahansa samanpituisen (tai lyhemm\u00e4n) veneen sen mallista ja muodosta riippumatta.  PLUSSAT: \u2022 Valmistettu kevyest\u00e4 alumiiniseoksesta, kest\u00e4v\u00e4 ja puhdas (ei ruostu eik\u00e4 hapetu). 5 vuoden takuu. \u2022 Nopea asennus (kaikki osat hakaliitosj\u00e4rjestelm\u00e4ll\u00e4) \u2022 Nopea liikuttelu (koko rakenne on varustettu jarrullisilla py\u00f6rill\u00e4). Kun ty\u00f6t on veneell\u00e4 lopetettu, rakenne on mahdollista avata miss\u00e4 tahansa pisteess\u00e4 ja sen voi liikuttaa veneen toiselle kyljelle. Koko rakennetta pystyy ponnistuksitta liikuttelemaan yksi tai kaksi henkil\u00f6\u00e4. \u2022 Nopea mukautuminen (rakenne on nopeasti mukautettavissa millaiselle venetyypille tahansa) \u2022 Pienempi osien m\u00e4\u00e4r\u00e4: purettu rakenne vie v\u00e4h\u00e4n tilaa \u2022 Valmistus eurooppalaisten standardien mukaan. \u2022 S\u00e4\u00e4st\u00e4\u00e4 rahaa: yksi rakenne kaikkiin sarjaan kuuluviin malleihin \u2022 S\u00e4\u00e4st\u00e4\u00e4 aikaa: riitt\u00e4m\u00e4tt\u00f6mien varusteiden k\u00e4ytt\u00f6 korkealla ty\u00f6skennelless\u00e4 (tavallista p\u00e4\u00e4osassa ty\u00f6kohteista) merkitsee suurempaa ajankulua (ep\u00e4mukavampi) ja onnettomuuden vaaran kasvua. Se nostaa toimintakustannuksia enemm\u00e4n kuin k\u00e4ytt\u00f6tarkoitukseen tehty sijoitus, joka kest\u00e4\u00e4 ikuisesti. \u2022 Kaikki hitsatut liit\u00e4nn\u00e4t on sertifioitu eurooppalaisten standardien ISO9000 UNI EN287 \/ ENISO9606 1\/2 mukaisesti.  Kaikkia rakenteita voi ostaa vaiheittain ja kaikki sijoitusvaihtoehdot ovat mahdollisia:  1) Koko rakenne: kulkutierakenne, joka peitt\u00e4\u00e4 koko veneen \u00e4\u00e4riviivat, ja takaa helpon ulottuvuuden ja jatkuvan ty\u00f6n  2) Puoli rakennetta: kulkutierakenne, joka peitt\u00e4\u00e4 50% veneen \u00e4\u00e4riviivoista ja jota voi liikuttaa t\u00f6iden tekemiseen toisella puolella.  3) Rakenteen kulkutien osat koostuvat muutamasta moduulista (tilattavia), jotka peitt\u00e4v\u00e4t veneen alueet ja joita tulee useimmin liikuttaa.  Kaikki rakenteet koostuvat moduuleista ja niit\u00e4 voi my\u00f6hemmin laajentaa. Sopivat ihanteellisesti veneen kylkien maalaus- ja huoltot\u00f6iden suorittamiseen. Valmistettu kevyest\u00e4 alumiiniseosputkesta \u00f8 50 mm.  TEKNISET OMINAISUUDET Saatavana oleva leveys: 0,74 m Saatavana olevat moduulien pituudet: 2,00 m \u2013 2,30 \u2013 3,00 Kantavuus: 200 kg\/m\u00b2 (2 henkil\u00f6\u00e4) Askelmia: 30 cm Sormenj\u00e4lki\u00e4 hylkiv\u00e4t polyuretaanip\u00e4\u00e4llysteiset nailonpy\u00f6r\u00e4t Saatavana olevien py\u00f6rien l\u00e4pimitat: 125\u2212150\u2013200 mm, varustettu kaksinkertaisella jarrupolkimella Saatavana olevat s\u00e4\u00e4dett\u00e4v\u00e4t jalat: 15\u221240\u201370 cm Saatavana olevat kehykset: askelmat 3\u22124\u22125\u22126\u22127 Takuu: 5 vuotta  Mukana seuraa: K\u00e4ytt\u00f6ohje ja voimassaolevien lakien mukaisuuden vahvistava sertifikaatti. Tietokyltti.  LIS\u00c4TARVIKKEET:  P\u00e4\u00e4llystetty alumiinikerroksella ja varvaslauta, putkiston kiinnityksell\u00e4 ja tuulta siet\u00e4v\u00e4ll\u00e4 venevanerilla. Puu on maalattu ja liukumaton.  Osien kuvauksia voitte katsoa asiakirjasta TEMPO TECH -alumiinitelineet ammattik\u00e4ytt\u00f6\u00f6n. Kaikkiin osiin on merkittyn\u00e4 valmistusvuosi ja sijoitettu Sveltin logo, kuten eurooppalainen standardi edellytt\u00e4\u00e4.\" \/>\n<meta property=\"og:url\" content=\"https:\/\/fedemark.ee\/fi\/tuotteet\/telineet-ja-erikoisrakenteet\/erikoisrakenteet\/venetelineet-ja-kulkutiet\/\" \/>\n<meta property=\"og:site_name\" content=\"Fedemark\" \/>\n<meta property=\"article:modified_time\" content=\"2017-08-15T08:52:37+00:00\" \/>\n<meta property=\"og:image\" content=\"https:\/\/fedemark.ee\/wp-content\/uploads\/2017\/06\/Paaditelling-3.jpg\" \/>\n\t<meta property=\"og:image:width\" content=\"800\" \/>\n\t<meta property=\"og:image:height\" content=\"600\" \/>\n\t<meta property=\"og:image:type\" content=\"image\/jpeg\" \/>\n<meta name=\"twitter:card\" content=\"summary_large_image\" \/>\n<script type=\"application\/ld+json\" class=\"yoast-schema-graph\">{\"@context\":\"https:\/\/schema.org\",\"@graph\":[{\"@type\":\"WebPage\",\"@id\":\"https:\/\/fedemark.ee\/fi\/tuotteet\/telineet-ja-erikoisrakenteet\/erikoisrakenteet\/venetelineet-ja-kulkutiet\/\",\"url\":\"https:\/\/fedemark.ee\/fi\/tuotteet\/telineet-ja-erikoisrakenteet\/erikoisrakenteet\/venetelineet-ja-kulkutiet\/\",\"name\":\"Venetelineet ja kulkutiet - Fedemark\",\"isPartOf\":{\"@id\":\"https:\/\/fedemark.ee\/#website\"},\"primaryImageOfPage\":{\"@id\":\"https:\/\/fedemark.ee\/fi\/tuotteet\/telineet-ja-erikoisrakenteet\/erikoisrakenteet\/venetelineet-ja-kulkutiet\/#primaryimage\"},\"image\":{\"@id\":\"https:\/\/fedemark.ee\/fi\/tuotteet\/telineet-ja-erikoisrakenteet\/erikoisrakenteet\/venetelineet-ja-kulkutiet\/#primaryimage\"},\"thumbnailUrl\":\"https:\/\/fedemark.ee\/wp-content\/uploads\/2017\/06\/Paaditelling-3.jpg\",\"datePublished\":\"2017-06-14T17:50:33+00:00\",\"dateModified\":\"2017-08-15T08:52:37+00:00\",\"breadcrumb\":{\"@id\":\"https:\/\/fedemark.ee\/fi\/tuotteet\/telineet-ja-erikoisrakenteet\/erikoisrakenteet\/venetelineet-ja-kulkutiet\/#breadcrumb\"},\"inLanguage\":\"fi-FI\",\"potentialAction\":[{\"@type\":\"ReadAction\",\"target\":[\"https:\/\/fedemark.ee\/fi\/tuotteet\/telineet-ja-erikoisrakenteet\/erikoisrakenteet\/venetelineet-ja-kulkutiet\/\"]}]},{\"@type\":\"ImageObject\",\"inLanguage\":\"fi-FI\",\"@id\":\"https:\/\/fedemark.ee\/fi\/tuotteet\/telineet-ja-erikoisrakenteet\/erikoisrakenteet\/venetelineet-ja-kulkutiet\/#primaryimage\",\"url\":\"https:\/\/fedemark.ee\/wp-content\/uploads\/2017\/06\/Paaditelling-3.jpg\",\"contentUrl\":\"https:\/\/fedemark.ee\/wp-content\/uploads\/2017\/06\/Paaditelling-3.jpg\",\"width\":800,\"height\":600},{\"@type\":\"BreadcrumbList\",\"@id\":\"https:\/\/fedemark.ee\/fi\/tuotteet\/telineet-ja-erikoisrakenteet\/erikoisrakenteet\/venetelineet-ja-kulkutiet\/#breadcrumb\",\"itemListElement\":[{\"@type\":\"ListItem\",\"position\":1,\"name\":\"Home\",\"item\":\"https:\/\/fedemark.ee\/fi\/\"},{\"@type\":\"ListItem\",\"position\":2,\"name\":\"Tuotteet\",\"item\":\"https:\/\/fedemark.ee\/fi\/tuotteet\/\"},{\"@type\":\"ListItem\",\"position\":3,\"name\":\"Venetelineet ja kulkutiet\"}]},{\"@type\":\"WebSite\",\"@id\":\"https:\/\/fedemark.ee\/#website\",\"url\":\"https:\/\/fedemark.ee\/\",\"name\":\"Fedemark\",\"description\":\"Redelid, Tellingud, T\u00f6\u00f6platvormid ja vahekorrused\",\"potentialAction\":[{\"@type\":\"SearchAction\",\"target\":{\"@type\":\"EntryPoint\",\"urlTemplate\":\"https:\/\/fedemark.ee\/?s={search_term_string}\"},\"query-input\":\"required name=search_term_string\"}],\"inLanguage\":\"fi-FI\"}]}<\/script>\n<!-- \/ Yoast SEO plugin. -->","yoast_head_json":{"title":"Venetelineet ja kulkutiet - Fedemark","robots":{"index":"index","follow":"follow","max-snippet":"max-snippet:-1","max-image-preview":"max-image-preview:large","max-video-preview":"max-video-preview:-1"},"canonical":"https:\/\/fedemark.ee\/fi\/tuotteet\/telineet-ja-erikoisrakenteet\/erikoisrakenteet\/venetelineet-ja-kulkutiet\/","og_locale":"fi_FI","og_type":"article","og_title":"Venetelineet ja kulkutiet - Fedemark","og_description":"Veneisiin ja laivoihin tarkoitettuina n\u00e4it\u00e4 voi ilman sijoituksia tekem\u00e4tt\u00e4 s\u00e4\u00e4dell\u00e4 eri tavoin  Jokaisella veneiden ja laivojen huoltoyksik\u00f6ll\u00e4 pit\u00e4isi olla jokin n\u00e4ist\u00e4.  Valmistettu alumiinista ja asennettu py\u00f6rille, liikuttelu, avaaminen ja sulkeminen k\u00e4yv\u00e4t nopeasti ja antavat mahdollisuuden luoda 60 cm leve\u00e4 kulkutie veneen reunojen laajuudessa reelingin, keulan ja ahterin rakennus- ja huoltot\u00f6it\u00e4 varten sek\u00e4 syv\u00e4ysviivan maalaust\u00f6iden suorittamiseen. K\u00e4ytt\u00e4j\u00e4t voivat ty\u00f6skennell\u00e4 my\u00f6s veneess\u00e4 ollen, josta telineit\u00e4 voi k\u00e4ytt\u00e4\u00e4 my\u00f6s suojana putoamiselta.  Liitosj\u00e4rjestelm\u00e4n ansiosta rakenne on mukautettavissa (kuin \u201dk\u00e4\u00e4rme\u201d) jokaisen veneen mukaan, sen rakenteesta riippumatta. T\u00e4m\u00e4 kekseli\u00e4s j\u00e4rjestelm\u00e4 mahdollistaa alumiinirakenteen t\u00e4ydellisen mukauttamisen jokaisen veneen muodon mukaan vain muutamissa minuuteissa k\u00e4ytt\u00e4j\u00e4n helposti painamalla. Se sallii reelingeill\u00e4 ja kulkuteill\u00e4 olla aina hyvin l\u00e4hell\u00e4 venett\u00e4 niin, ett\u00e4 kukaan tai mik\u00e4\u00e4n ei voi pudota. Se tarjoaa k\u00e4ytt\u00e4j\u00e4lle mahdollisuuden olla mukavassa ty\u00f6asennossa.  Teleskooppijalkojen j\u00e4rjestelm\u00e4 antaa k\u00e4ytt\u00e4j\u00e4n keulaa l\u00e4hestyess\u00e4\u00e4n seurata syv\u00e4ysviivaa, joka on maanpinnasta korkeammalla.  Ostamalla yhden ainoan rakenteen ostaja saa olla varma siit\u00e4, ett\u00e4 voi huoltaa millaisen tahansa samanpituisen (tai lyhemm\u00e4n) veneen sen mallista ja muodosta riippumatta.  PLUSSAT: \u2022 Valmistettu kevyest\u00e4 alumiiniseoksesta, kest\u00e4v\u00e4 ja puhdas (ei ruostu eik\u00e4 hapetu). 5 vuoden takuu. \u2022 Nopea asennus (kaikki osat hakaliitosj\u00e4rjestelm\u00e4ll\u00e4) \u2022 Nopea liikuttelu (koko rakenne on varustettu jarrullisilla py\u00f6rill\u00e4). Kun ty\u00f6t on veneell\u00e4 lopetettu, rakenne on mahdollista avata miss\u00e4 tahansa pisteess\u00e4 ja sen voi liikuttaa veneen toiselle kyljelle. Koko rakennetta pystyy ponnistuksitta liikuttelemaan yksi tai kaksi henkil\u00f6\u00e4. \u2022 Nopea mukautuminen (rakenne on nopeasti mukautettavissa millaiselle venetyypille tahansa) \u2022 Pienempi osien m\u00e4\u00e4r\u00e4: purettu rakenne vie v\u00e4h\u00e4n tilaa \u2022 Valmistus eurooppalaisten standardien mukaan. \u2022 S\u00e4\u00e4st\u00e4\u00e4 rahaa: yksi rakenne kaikkiin sarjaan kuuluviin malleihin \u2022 S\u00e4\u00e4st\u00e4\u00e4 aikaa: riitt\u00e4m\u00e4tt\u00f6mien varusteiden k\u00e4ytt\u00f6 korkealla ty\u00f6skennelless\u00e4 (tavallista p\u00e4\u00e4osassa ty\u00f6kohteista) merkitsee suurempaa ajankulua (ep\u00e4mukavampi) ja onnettomuuden vaaran kasvua. Se nostaa toimintakustannuksia enemm\u00e4n kuin k\u00e4ytt\u00f6tarkoitukseen tehty sijoitus, joka kest\u00e4\u00e4 ikuisesti. \u2022 Kaikki hitsatut liit\u00e4nn\u00e4t on sertifioitu eurooppalaisten standardien ISO9000 UNI EN287 \/ ENISO9606 1\/2 mukaisesti.  Kaikkia rakenteita voi ostaa vaiheittain ja kaikki sijoitusvaihtoehdot ovat mahdollisia:  1) Koko rakenne: kulkutierakenne, joka peitt\u00e4\u00e4 koko veneen \u00e4\u00e4riviivat, ja takaa helpon ulottuvuuden ja jatkuvan ty\u00f6n  2) Puoli rakennetta: kulkutierakenne, joka peitt\u00e4\u00e4 50% veneen \u00e4\u00e4riviivoista ja jota voi liikuttaa t\u00f6iden tekemiseen toisella puolella.  3) Rakenteen kulkutien osat koostuvat muutamasta moduulista (tilattavia), jotka peitt\u00e4v\u00e4t veneen alueet ja joita tulee useimmin liikuttaa.  Kaikki rakenteet koostuvat moduuleista ja niit\u00e4 voi my\u00f6hemmin laajentaa. Sopivat ihanteellisesti veneen kylkien maalaus- ja huoltot\u00f6iden suorittamiseen. Valmistettu kevyest\u00e4 alumiiniseosputkesta \u00f8 50 mm.  TEKNISET OMINAISUUDET Saatavana oleva leveys: 0,74 m Saatavana olevat moduulien pituudet: 2,00 m \u2013 2,30 \u2013 3,00 Kantavuus: 200 kg\/m\u00b2 (2 henkil\u00f6\u00e4) Askelmia: 30 cm Sormenj\u00e4lki\u00e4 hylkiv\u00e4t polyuretaanip\u00e4\u00e4llysteiset nailonpy\u00f6r\u00e4t Saatavana olevien py\u00f6rien l\u00e4pimitat: 125\u2212150\u2013200 mm, varustettu kaksinkertaisella jarrupolkimella Saatavana olevat s\u00e4\u00e4dett\u00e4v\u00e4t jalat: 15\u221240\u201370 cm Saatavana olevat kehykset: askelmat 3\u22124\u22125\u22126\u22127 Takuu: 5 vuotta  Mukana seuraa: K\u00e4ytt\u00f6ohje ja voimassaolevien lakien mukaisuuden vahvistava sertifikaatti. Tietokyltti.  LIS\u00c4TARVIKKEET:  P\u00e4\u00e4llystetty alumiinikerroksella ja varvaslauta, putkiston kiinnityksell\u00e4 ja tuulta siet\u00e4v\u00e4ll\u00e4 venevanerilla. Puu on maalattu ja liukumaton.  Osien kuvauksia voitte katsoa asiakirjasta TEMPO TECH -alumiinitelineet ammattik\u00e4ytt\u00f6\u00f6n. Kaikkiin osiin on merkittyn\u00e4 valmistusvuosi ja sijoitettu Sveltin logo, kuten eurooppalainen standardi edellytt\u00e4\u00e4.","og_url":"https:\/\/fedemark.ee\/fi\/tuotteet\/telineet-ja-erikoisrakenteet\/erikoisrakenteet\/venetelineet-ja-kulkutiet\/","og_site_name":"Fedemark","article_modified_time":"2017-08-15T08:52:37+00:00","og_image":[{"width":800,"height":600,"url":"https:\/\/fedemark.ee\/wp-content\/uploads\/2017\/06\/Paaditelling-3.jpg","type":"image\/jpeg"}],"twitter_card":"summary_large_image","schema":{"@context":"https:\/\/schema.org","@graph":[{"@type":"WebPage","@id":"https:\/\/fedemark.ee\/fi\/tuotteet\/telineet-ja-erikoisrakenteet\/erikoisrakenteet\/venetelineet-ja-kulkutiet\/","url":"https:\/\/fedemark.ee\/fi\/tuotteet\/telineet-ja-erikoisrakenteet\/erikoisrakenteet\/venetelineet-ja-kulkutiet\/","name":"Venetelineet ja kulkutiet - Fedemark","isPartOf":{"@id":"https:\/\/fedemark.ee\/#website"},"primaryImageOfPage":{"@id":"https:\/\/fedemark.ee\/fi\/tuotteet\/telineet-ja-erikoisrakenteet\/erikoisrakenteet\/venetelineet-ja-kulkutiet\/#primaryimage"},"image":{"@id":"https:\/\/fedemark.ee\/fi\/tuotteet\/telineet-ja-erikoisrakenteet\/erikoisrakenteet\/venetelineet-ja-kulkutiet\/#primaryimage"},"thumbnailUrl":"https:\/\/fedemark.ee\/wp-content\/uploads\/2017\/06\/Paaditelling-3.jpg","datePublished":"2017-06-14T17:50:33+00:00","dateModified":"2017-08-15T08:52:37+00:00","breadcrumb":{"@id":"https:\/\/fedemark.ee\/fi\/tuotteet\/telineet-ja-erikoisrakenteet\/erikoisrakenteet\/venetelineet-ja-kulkutiet\/#breadcrumb"},"inLanguage":"fi-FI","potentialAction":[{"@type":"ReadAction","target":["https:\/\/fedemark.ee\/fi\/tuotteet\/telineet-ja-erikoisrakenteet\/erikoisrakenteet\/venetelineet-ja-kulkutiet\/"]}]},{"@type":"ImageObject","inLanguage":"fi-FI","@id":"https:\/\/fedemark.ee\/fi\/tuotteet\/telineet-ja-erikoisrakenteet\/erikoisrakenteet\/venetelineet-ja-kulkutiet\/#primaryimage","url":"https:\/\/fedemark.ee\/wp-content\/uploads\/2017\/06\/Paaditelling-3.jpg","contentUrl":"https:\/\/fedemark.ee\/wp-content\/uploads\/2017\/06\/Paaditelling-3.jpg","width":800,"height":600},{"@type":"BreadcrumbList","@id":"https:\/\/fedemark.ee\/fi\/tuotteet\/telineet-ja-erikoisrakenteet\/erikoisrakenteet\/venetelineet-ja-kulkutiet\/#breadcrumb","itemListElement":[{"@type":"ListItem","position":1,"name":"Home","item":"https:\/\/fedemark.ee\/fi\/"},{"@type":"ListItem","position":2,"name":"Tuotteet","item":"https:\/\/fedemark.ee\/fi\/tuotteet\/"},{"@type":"ListItem","position":3,"name":"Venetelineet ja kulkutiet"}]},{"@type":"WebSite","@id":"https:\/\/fedemark.ee\/#website","url":"https:\/\/fedemark.ee\/","name":"Fedemark","description":"Redelid, Tellingud, T\u00f6\u00f6platvormid ja vahekorrused","potentialAction":[{"@type":"SearchAction","target":{"@type":"EntryPoint","urlTemplate":"https:\/\/fedemark.ee\/?s={search_term_string}"},"query-input":"required name=search_term_string"}],"inLanguage":"fi-FI"}]}},"_links":{"self":[{"href":"https:\/\/fedemark.ee\/fi\/wp-json\/wp\/v2\/product\/7399"}],"collection":[{"href":"https:\/\/fedemark.ee\/fi\/wp-json\/wp\/v2\/product"}],"about":[{"href":"https:\/\/fedemark.ee\/fi\/wp-json\/wp\/v2\/types\/product"}],"replies":[{"embeddable":true,"href":"https:\/\/fedemark.ee\/fi\/wp-json\/wp\/v2\/comments?post=7399"}],"version-history":[{"count":0,"href":"https:\/\/fedemark.ee\/fi\/wp-json\/wp\/v2\/product\/7399\/revisions"}],"wp:featuredmedia":[{"embeddable":true,"href":"https:\/\/fedemark.ee\/fi\/wp-json\/wp\/v2\/media\/5443"}],"wp:attachment":[{"href":"https:\/\/fedemark.ee\/fi\/wp-json\/wp\/v2\/media?parent=7399"}],"wp:term":[{"taxonomy":"product_cat","embeddable":true,"href":"https:\/\/fedemark.ee\/fi\/wp-json\/wp\/v2\/product_cat?post=7399"},{"taxonomy":"product_tag","embeddable":true,"href":"https:\/\/fedemark.ee\/fi\/wp-json\/wp\/v2\/product_tag?post=7399"}],"curies":[{"name":"wp","href":"https:\/\/api.w.org\/{rel}","templated":true}]}}