{"id":7402,"date":"2017-06-14T12:01:48","date_gmt":"2017-06-14T12:01:48","guid":{"rendered":"https:\/\/sharks.ee\/fedemark\/shop\/uncategorized\/aladin\/"},"modified":"2017-08-04T09:01:05","modified_gmt":"2017-08-04T09:01:05","slug":"aladin","status":"publish","type":"product","link":"https:\/\/fedemark.ee\/fi\/tuotteet\/telineet-ja-erikoisrakenteet\/suurikantokykyiset-terastelineet\/aladin\/","title":{"rendered":"Aladin"},"content":{"rendered":"","protected":false},"excerpt":{"rendered":"<p><em>Kompakti rakenne, enimm\u00e4iskorkeus 2,80 m<\/em><\/p>\n<p>Maalatusta ter\u00e4ksest\u00e4 valmistetut ammattilaisille ja harrastusk\u00e4ytt\u00e4jille tarkoitetut koottavat telineet. Sopivat sis\u00e4tiloissa k\u00e4ytett\u00e4viksi, mahtuvat vakiokokoisista ovista ja k\u00e4yt\u00e4vist\u00e4.<\/p>\n<p>TEKNISET OMINAISUUDET<br \/>\nMahdollista purkaa kokonaan.<\/p>\n<p>4 jarrullista py\u00f6r\u00e4\u00e4: \u00f8 100 mm<br \/>\nTy\u00f6taso: koostuu ter\u00e4skehyksest\u00e4 ja puupaneelista<br \/>\nKantavuus: 110 kg (yksi henkil\u00f6)<br \/>\nLiukumattomien puolien v\u00e4li: 30 cm<br \/>\nKehykset: putken mallinen ter\u00e4s \u00f8 32 mm<\/p>\n<p>N\u00e4it\u00e4 telineit\u00e4 eurooppalainen standardi ei koske, sill\u00e4 ty\u00f6taso on alle 2,5 m.<\/p>\n<p>Aladin on varustettu julisteella, k\u00e4ytt\u00f6ohjeella sek\u00e4 kylteill\u00e4 ja pakattu l\u00e4mp\u00f6kutistuvaan muovipakkaukseen.<\/p>\n<table style=\"height: 160px;\" width=\"607\">\n<tbody>\n<tr>\n<th><strong>\u00a0<\/strong><\/th>\n<th><strong><img loading=\"lazy\" decoding=\"async\" class=\"alignnone size-full wp-image-4113\" src=\"https:\/\/fedemark.ee\/wp-content\/uploads\/2017\/05\/0211.jpg\" alt=\"\" width=\"25\" height=\"41\" \/><\/strong><\/th>\n<th><strong><img loading=\"lazy\" decoding=\"async\" class=\"alignnone size-full wp-image-4111\" src=\"https:\/\/fedemark.ee\/wp-content\/uploads\/2017\/05\/141.jpg\" alt=\"\" width=\"26\" height=\"56\" \/><\/strong><\/th>\n<th><strong><img loading=\"lazy\" decoding=\"async\" class=\"alignnone size-full wp-image-4109\" src=\"https:\/\/fedemark.ee\/wp-content\/uploads\/2017\/05\/08.jpg\" alt=\"\" width=\"27\" height=\"33\" \/><\/strong><\/th>\n<\/tr>\n<tr>\n<td><strong>Aladin<\/strong><\/td>\n<td>1,91<\/td>\n<td>3,30 \u2013 3,60<\/td>\n<td>32,50<\/td>\n<\/tr>\n<tr>\n<td>Korotus<\/td>\n<td>0,89<\/td>\n<td>\/<\/td>\n<td>7,50<\/td>\n<\/tr>\n<tr>\n<td>Aladin\u00a0korkeudella\u00a0 2,80 m<\/td>\n<td>2,80<\/td>\n<td>4,00 \u2013 4,30<\/td>\n<td>40,00<\/td>\n<\/tr>\n<tr>\n<td>Korotus 3,69 m<\/td>\n<td>0,89<\/td>\n<td>\/<\/td>\n<td>15,50<\/td>\n<\/tr>\n<tr>\n<td>Aladin korkeudella 3,69 m<\/td>\n<td>3,69<\/td>\n<td>4,90 \u2013 5,20<\/td>\n<td>55,00<\/td>\n<\/tr>\n<\/tbody>\n<\/table>\n","protected":false},"featured_media":4880,"comment_status":"open","ping_status":"closed","template":"","meta":{"footnotes":""},"product_cat":[196,206],"product_tag":[],"yoast_head":"<!-- This site is optimized with the Yoast SEO plugin v22.6 - https:\/\/yoast.com\/wordpress\/plugins\/seo\/ -->\n<title>Aladin - Fedemark<\/title>\n<meta name=\"robots\" content=\"index, follow, max-snippet:-1, max-image-preview:large, max-video-preview:-1\" \/>\n<link rel=\"canonical\" href=\"https:\/\/fedemark.ee\/fi\/tuotteet\/telineet-ja-erikoisrakenteet\/suurikantokykyiset-terastelineet\/aladin\/\" \/>\n<meta property=\"og:locale\" content=\"fi_FI\" \/>\n<meta property=\"og:type\" content=\"article\" \/>\n<meta property=\"og:title\" content=\"Aladin - Fedemark\" \/>\n<meta property=\"og:description\" content=\"Kompakti rakenne, enimm\u00e4iskorkeus 2,80 m  Maalatusta ter\u00e4ksest\u00e4 valmistetut ammattilaisille ja harrastusk\u00e4ytt\u00e4jille tarkoitetut koottavat telineet. Sopivat sis\u00e4tiloissa k\u00e4ytett\u00e4viksi, mahtuvat vakiokokoisista ovista ja k\u00e4yt\u00e4vist\u00e4.  TEKNISET OMINAISUUDET Mahdollista purkaa kokonaan.  4 jarrullista py\u00f6r\u00e4\u00e4: \u00f8 100 mm Ty\u00f6taso: koostuu ter\u00e4skehyksest\u00e4 ja puupaneelista Kantavuus: 110 kg (yksi henkil\u00f6) Liukumattomien puolien v\u00e4li: 30 cm Kehykset: putken mallinen ter\u00e4s \u00f8 32 mm  N\u00e4it\u00e4 telineit\u00e4 eurooppalainen standardi ei koske, sill\u00e4 ty\u00f6taso on alle 2,5 m.  Aladin on varustettu julisteella, k\u00e4ytt\u00f6ohjeella sek\u00e4 kylteill\u00e4 ja pakattu l\u00e4mp\u00f6kutistuvaan muovipakkaukseen.    \u00a0      Aladin 1,91 3,30 \u2013 3,60 32,50   Korotus 0,89 \/ 7,50   Aladin\u00a0korkeudella\u00a0 2,80 m 2,80 4,00 \u2013 4,30 40,00   Korotus 3,69 m 0,89 \/ 15,50   Aladin korkeudella 3,69 m 3,69 4,90 \u2013 5,20 55,00\" \/>\n<meta property=\"og:url\" content=\"https:\/\/fedemark.ee\/fi\/tuotteet\/telineet-ja-erikoisrakenteet\/suurikantokykyiset-terastelineet\/aladin\/\" \/>\n<meta property=\"og:site_name\" content=\"Fedemark\" \/>\n<meta property=\"article:modified_time\" content=\"2017-08-04T09:01:05+00:00\" \/>\n<meta property=\"og:image\" content=\"https:\/\/fedemark.ee\/wp-content\/uploads\/2017\/06\/Aladin-1-875x1024.jpg\" \/>\n\t<meta property=\"og:image:width\" content=\"875\" \/>\n\t<meta property=\"og:image:height\" content=\"1024\" \/>\n\t<meta property=\"og:image:type\" content=\"image\/jpeg\" \/>\n<meta name=\"twitter:card\" content=\"summary_large_image\" \/>\n<script type=\"application\/ld+json\" class=\"yoast-schema-graph\">{\"@context\":\"https:\/\/schema.org\",\"@graph\":[{\"@type\":\"WebPage\",\"@id\":\"https:\/\/fedemark.ee\/fi\/tuotteet\/telineet-ja-erikoisrakenteet\/suurikantokykyiset-terastelineet\/aladin\/\",\"url\":\"https:\/\/fedemark.ee\/fi\/tuotteet\/telineet-ja-erikoisrakenteet\/suurikantokykyiset-terastelineet\/aladin\/\",\"name\":\"Aladin - Fedemark\",\"isPartOf\":{\"@id\":\"https:\/\/fedemark.ee\/#website\"},\"primaryImageOfPage\":{\"@id\":\"https:\/\/fedemark.ee\/fi\/tuotteet\/telineet-ja-erikoisrakenteet\/suurikantokykyiset-terastelineet\/aladin\/#primaryimage\"},\"image\":{\"@id\":\"https:\/\/fedemark.ee\/fi\/tuotteet\/telineet-ja-erikoisrakenteet\/suurikantokykyiset-terastelineet\/aladin\/#primaryimage\"},\"thumbnailUrl\":\"https:\/\/fedemark.ee\/wp-content\/uploads\/2017\/06\/Aladin-1.jpg\",\"datePublished\":\"2017-06-14T12:01:48+00:00\",\"dateModified\":\"2017-08-04T09:01:05+00:00\",\"breadcrumb\":{\"@id\":\"https:\/\/fedemark.ee\/fi\/tuotteet\/telineet-ja-erikoisrakenteet\/suurikantokykyiset-terastelineet\/aladin\/#breadcrumb\"},\"inLanguage\":\"fi-FI\",\"potentialAction\":[{\"@type\":\"ReadAction\",\"target\":[\"https:\/\/fedemark.ee\/fi\/tuotteet\/telineet-ja-erikoisrakenteet\/suurikantokykyiset-terastelineet\/aladin\/\"]}]},{\"@type\":\"ImageObject\",\"inLanguage\":\"fi-FI\",\"@id\":\"https:\/\/fedemark.ee\/fi\/tuotteet\/telineet-ja-erikoisrakenteet\/suurikantokykyiset-terastelineet\/aladin\/#primaryimage\",\"url\":\"https:\/\/fedemark.ee\/wp-content\/uploads\/2017\/06\/Aladin-1.jpg\",\"contentUrl\":\"https:\/\/fedemark.ee\/wp-content\/uploads\/2017\/06\/Aladin-1.jpg\",\"width\":1515,\"height\":1772},{\"@type\":\"BreadcrumbList\",\"@id\":\"https:\/\/fedemark.ee\/fi\/tuotteet\/telineet-ja-erikoisrakenteet\/suurikantokykyiset-terastelineet\/aladin\/#breadcrumb\",\"itemListElement\":[{\"@type\":\"ListItem\",\"position\":1,\"name\":\"Home\",\"item\":\"https:\/\/fedemark.ee\/fi\/\"},{\"@type\":\"ListItem\",\"position\":2,\"name\":\"Tuotteet\",\"item\":\"https:\/\/fedemark.ee\/fi\/tuotteet\/\"},{\"@type\":\"ListItem\",\"position\":3,\"name\":\"Aladin\"}]},{\"@type\":\"WebSite\",\"@id\":\"https:\/\/fedemark.ee\/#website\",\"url\":\"https:\/\/fedemark.ee\/\",\"name\":\"Fedemark\",\"description\":\"Redelid, Tellingud, T\u00f6\u00f6platvormid ja vahekorrused\",\"potentialAction\":[{\"@type\":\"SearchAction\",\"target\":{\"@type\":\"EntryPoint\",\"urlTemplate\":\"https:\/\/fedemark.ee\/?s={search_term_string}\"},\"query-input\":\"required name=search_term_string\"}],\"inLanguage\":\"fi-FI\"}]}<\/script>\n<!-- \/ Yoast SEO plugin. -->","yoast_head_json":{"title":"Aladin - Fedemark","robots":{"index":"index","follow":"follow","max-snippet":"max-snippet:-1","max-image-preview":"max-image-preview:large","max-video-preview":"max-video-preview:-1"},"canonical":"https:\/\/fedemark.ee\/fi\/tuotteet\/telineet-ja-erikoisrakenteet\/suurikantokykyiset-terastelineet\/aladin\/","og_locale":"fi_FI","og_type":"article","og_title":"Aladin - Fedemark","og_description":"Kompakti rakenne, enimm\u00e4iskorkeus 2,80 m  Maalatusta ter\u00e4ksest\u00e4 valmistetut ammattilaisille ja harrastusk\u00e4ytt\u00e4jille tarkoitetut koottavat telineet. Sopivat sis\u00e4tiloissa k\u00e4ytett\u00e4viksi, mahtuvat vakiokokoisista ovista ja k\u00e4yt\u00e4vist\u00e4.  TEKNISET OMINAISUUDET Mahdollista purkaa kokonaan.  4 jarrullista py\u00f6r\u00e4\u00e4: \u00f8 100 mm Ty\u00f6taso: koostuu ter\u00e4skehyksest\u00e4 ja puupaneelista Kantavuus: 110 kg (yksi henkil\u00f6) Liukumattomien puolien v\u00e4li: 30 cm Kehykset: putken mallinen ter\u00e4s \u00f8 32 mm  N\u00e4it\u00e4 telineit\u00e4 eurooppalainen standardi ei koske, sill\u00e4 ty\u00f6taso on alle 2,5 m.  Aladin on varustettu julisteella, k\u00e4ytt\u00f6ohjeella sek\u00e4 kylteill\u00e4 ja pakattu l\u00e4mp\u00f6kutistuvaan muovipakkaukseen.    \u00a0      Aladin 1,91 3,30 \u2013 3,60 32,50   Korotus 0,89 \/ 7,50   Aladin\u00a0korkeudella\u00a0 2,80 m 2,80 4,00 \u2013 4,30 40,00   Korotus 3,69 m 0,89 \/ 15,50   Aladin korkeudella 3,69 m 3,69 4,90 \u2013 5,20 55,00","og_url":"https:\/\/fedemark.ee\/fi\/tuotteet\/telineet-ja-erikoisrakenteet\/suurikantokykyiset-terastelineet\/aladin\/","og_site_name":"Fedemark","article_modified_time":"2017-08-04T09:01:05+00:00","og_image":[{"width":875,"height":1024,"url":"https:\/\/fedemark.ee\/wp-content\/uploads\/2017\/06\/Aladin-1-875x1024.jpg","type":"image\/jpeg"}],"twitter_card":"summary_large_image","schema":{"@context":"https:\/\/schema.org","@graph":[{"@type":"WebPage","@id":"https:\/\/fedemark.ee\/fi\/tuotteet\/telineet-ja-erikoisrakenteet\/suurikantokykyiset-terastelineet\/aladin\/","url":"https:\/\/fedemark.ee\/fi\/tuotteet\/telineet-ja-erikoisrakenteet\/suurikantokykyiset-terastelineet\/aladin\/","name":"Aladin - Fedemark","isPartOf":{"@id":"https:\/\/fedemark.ee\/#website"},"primaryImageOfPage":{"@id":"https:\/\/fedemark.ee\/fi\/tuotteet\/telineet-ja-erikoisrakenteet\/suurikantokykyiset-terastelineet\/aladin\/#primaryimage"},"image":{"@id":"https:\/\/fedemark.ee\/fi\/tuotteet\/telineet-ja-erikoisrakenteet\/suurikantokykyiset-terastelineet\/aladin\/#primaryimage"},"thumbnailUrl":"https:\/\/fedemark.ee\/wp-content\/uploads\/2017\/06\/Aladin-1.jpg","datePublished":"2017-06-14T12:01:48+00:00","dateModified":"2017-08-04T09:01:05+00:00","breadcrumb":{"@id":"https:\/\/fedemark.ee\/fi\/tuotteet\/telineet-ja-erikoisrakenteet\/suurikantokykyiset-terastelineet\/aladin\/#breadcrumb"},"inLanguage":"fi-FI","potentialAction":[{"@type":"ReadAction","target":["https:\/\/fedemark.ee\/fi\/tuotteet\/telineet-ja-erikoisrakenteet\/suurikantokykyiset-terastelineet\/aladin\/"]}]},{"@type":"ImageObject","inLanguage":"fi-FI","@id":"https:\/\/fedemark.ee\/fi\/tuotteet\/telineet-ja-erikoisrakenteet\/suurikantokykyiset-terastelineet\/aladin\/#primaryimage","url":"https:\/\/fedemark.ee\/wp-content\/uploads\/2017\/06\/Aladin-1.jpg","contentUrl":"https:\/\/fedemark.ee\/wp-content\/uploads\/2017\/06\/Aladin-1.jpg","width":1515,"height":1772},{"@type":"BreadcrumbList","@id":"https:\/\/fedemark.ee\/fi\/tuotteet\/telineet-ja-erikoisrakenteet\/suurikantokykyiset-terastelineet\/aladin\/#breadcrumb","itemListElement":[{"@type":"ListItem","position":1,"name":"Home","item":"https:\/\/fedemark.ee\/fi\/"},{"@type":"ListItem","position":2,"name":"Tuotteet","item":"https:\/\/fedemark.ee\/fi\/tuotteet\/"},{"@type":"ListItem","position":3,"name":"Aladin"}]},{"@type":"WebSite","@id":"https:\/\/fedemark.ee\/#website","url":"https:\/\/fedemark.ee\/","name":"Fedemark","description":"Redelid, Tellingud, T\u00f6\u00f6platvormid ja vahekorrused","potentialAction":[{"@type":"SearchAction","target":{"@type":"EntryPoint","urlTemplate":"https:\/\/fedemark.ee\/?s={search_term_string}"},"query-input":"required name=search_term_string"}],"inLanguage":"fi-FI"}]}},"_links":{"self":[{"href":"https:\/\/fedemark.ee\/fi\/wp-json\/wp\/v2\/product\/7402"}],"collection":[{"href":"https:\/\/fedemark.ee\/fi\/wp-json\/wp\/v2\/product"}],"about":[{"href":"https:\/\/fedemark.ee\/fi\/wp-json\/wp\/v2\/types\/product"}],"replies":[{"embeddable":true,"href":"https:\/\/fedemark.ee\/fi\/wp-json\/wp\/v2\/comments?post=7402"}],"version-history":[{"count":0,"href":"https:\/\/fedemark.ee\/fi\/wp-json\/wp\/v2\/product\/7402\/revisions"}],"wp:featuredmedia":[{"embeddable":true,"href":"https:\/\/fedemark.ee\/fi\/wp-json\/wp\/v2\/media\/4880"}],"wp:attachment":[{"href":"https:\/\/fedemark.ee\/fi\/wp-json\/wp\/v2\/media?parent=7402"}],"wp:term":[{"taxonomy":"product_cat","embeddable":true,"href":"https:\/\/fedemark.ee\/fi\/wp-json\/wp\/v2\/product_cat?post=7402"},{"taxonomy":"product_tag","embeddable":true,"href":"https:\/\/fedemark.ee\/fi\/wp-json\/wp\/v2\/product_tag?post=7402"}],"curies":[{"name":"wp","href":"https:\/\/api.w.org\/{rel}","templated":true}]}}