{"id":7404,"date":"2017-06-14T11:58:03","date_gmt":"2017-06-14T11:58:03","guid":{"rendered":"https:\/\/sharks.ee\/fedemark\/shop\/uncategorized\/focus\/"},"modified":"2017-08-15T13:08:03","modified_gmt":"2017-08-15T13:08:03","slug":"focus","status":"publish","type":"product","link":"https:\/\/fedemark.ee\/fi\/tuotteet\/telineet-ja-erikoisrakenteet\/suurikantokykyiset-terastelineet\/focus\/","title":{"rendered":"Focus"},"content":{"rendered":"","protected":false},"excerpt":{"rendered":"<p>Focus &#8211; 2 moduulista koostuvat ter\u00e4stelineet, jotka mahdollistavat ty\u00f6skentelyn eri korkeuksissa. Tangot tekev\u00e4t rakenteesta j\u00e4yk\u00e4n ja kest\u00e4v\u00e4n.<\/p>\n<p>Telineet sopivat seinien kalkitukseen ja huoltot\u00f6iden tekemiseen jopa 4 m ty\u00f6korkeudessa. Mitat ovat kompaktit, jotta tuote mahtuisi vakio-ovista ja k\u00e4yt\u00e4vist\u00e4 ja samalla on lis\u00e4tty pituutta sis\u00e4katto- ja julkisivut\u00f6iden helpottamiseksi. Telineet on tehty putkenmallisesta ter\u00e4ksest\u00e4 (\u00f8 32 mm), joka on ruosteelta suojaamiseksi sinkitty. Osien pieni m\u00e4\u00e4r\u00e4, kevyt paino, kompaktit kuljetusmitat ja nopea asennus ovat Focuksen t\u00e4rkeimm\u00e4t ominaisuudet. Alustassa on nelj\u00e4 jarrullista py\u00f6r\u00e4\u00e4.<\/p>\n<p>Liukumattomien muhkuraisten puolien v\u00e4li: 28 cm 4 jarrullista py\u00f6r\u00e4\u00e4 \u00d8 100 mm<br \/>\nTelineiden kantavuus: 150 kg (1 henkil\u00f6)<br \/>\nSuojakaide: 1,00<br \/>\nTy\u00f6taso (enimm\u00e4iskorkeus 1,98 m): 1,92X0,60 m (13 kg)<br \/>\nA Pakkaus: k\u00e4ytt\u00f6ohje ja turvakyltit<\/p>\n","protected":false},"featured_media":4843,"comment_status":"open","ping_status":"closed","template":"","meta":{"footnotes":""},"product_cat":[196,206],"product_tag":[],"yoast_head":"<!-- This site is optimized with the Yoast SEO plugin v22.6 - https:\/\/yoast.com\/wordpress\/plugins\/seo\/ -->\n<title>Focus - Fedemark<\/title>\n<meta name=\"robots\" content=\"index, follow, max-snippet:-1, max-image-preview:large, max-video-preview:-1\" \/>\n<link rel=\"canonical\" href=\"https:\/\/fedemark.ee\/fi\/tuotteet\/telineet-ja-erikoisrakenteet\/suurikantokykyiset-terastelineet\/focus\/\" \/>\n<meta property=\"og:locale\" content=\"fi_FI\" \/>\n<meta property=\"og:type\" content=\"article\" \/>\n<meta property=\"og:title\" content=\"Focus - Fedemark\" \/>\n<meta property=\"og:description\" content=\"Focus - 2 moduulista koostuvat ter\u00e4stelineet, jotka mahdollistavat ty\u00f6skentelyn eri korkeuksissa. Tangot tekev\u00e4t rakenteesta j\u00e4yk\u00e4n ja kest\u00e4v\u00e4n.  Telineet sopivat seinien kalkitukseen ja huoltot\u00f6iden tekemiseen jopa 4 m ty\u00f6korkeudessa. Mitat ovat kompaktit, jotta tuote mahtuisi vakio-ovista ja k\u00e4yt\u00e4vist\u00e4 ja samalla on lis\u00e4tty pituutta sis\u00e4katto- ja julkisivut\u00f6iden helpottamiseksi. Telineet on tehty putkenmallisesta ter\u00e4ksest\u00e4 (\u00f8 32 mm), joka on ruosteelta suojaamiseksi sinkitty. Osien pieni m\u00e4\u00e4r\u00e4, kevyt paino, kompaktit kuljetusmitat ja nopea asennus ovat Focuksen t\u00e4rkeimm\u00e4t ominaisuudet. Alustassa on nelj\u00e4 jarrullista py\u00f6r\u00e4\u00e4.  Liukumattomien muhkuraisten puolien v\u00e4li: 28 cm 4 jarrullista py\u00f6r\u00e4\u00e4 \u00d8 100 mm Telineiden kantavuus: 150 kg (1 henkil\u00f6) Suojakaide: 1,00 Ty\u00f6taso (enimm\u00e4iskorkeus 1,98 m): 1,92X0,60 m (13 kg) A Pakkaus: k\u00e4ytt\u00f6ohje ja turvakyltit\" \/>\n<meta property=\"og:url\" content=\"https:\/\/fedemark.ee\/fi\/tuotteet\/telineet-ja-erikoisrakenteet\/suurikantokykyiset-terastelineet\/focus\/\" \/>\n<meta property=\"og:site_name\" content=\"Fedemark\" \/>\n<meta property=\"article:modified_time\" content=\"2017-08-15T13:08:03+00:00\" \/>\n<meta property=\"og:image\" content=\"https:\/\/fedemark.ee\/wp-content\/uploads\/2017\/06\/Focus-7.jpg\" \/>\n\t<meta property=\"og:image:width\" content=\"4000\" \/>\n\t<meta property=\"og:image:height\" content=\"3978\" \/>\n\t<meta property=\"og:image:type\" content=\"image\/jpeg\" \/>\n<meta name=\"twitter:card\" content=\"summary_large_image\" \/>\n<script type=\"application\/ld+json\" class=\"yoast-schema-graph\">{\"@context\":\"https:\/\/schema.org\",\"@graph\":[{\"@type\":\"WebPage\",\"@id\":\"https:\/\/fedemark.ee\/fi\/tuotteet\/telineet-ja-erikoisrakenteet\/suurikantokykyiset-terastelineet\/focus\/\",\"url\":\"https:\/\/fedemark.ee\/fi\/tuotteet\/telineet-ja-erikoisrakenteet\/suurikantokykyiset-terastelineet\/focus\/\",\"name\":\"Focus - Fedemark\",\"isPartOf\":{\"@id\":\"https:\/\/fedemark.ee\/#website\"},\"primaryImageOfPage\":{\"@id\":\"https:\/\/fedemark.ee\/fi\/tuotteet\/telineet-ja-erikoisrakenteet\/suurikantokykyiset-terastelineet\/focus\/#primaryimage\"},\"image\":{\"@id\":\"https:\/\/fedemark.ee\/fi\/tuotteet\/telineet-ja-erikoisrakenteet\/suurikantokykyiset-terastelineet\/focus\/#primaryimage\"},\"thumbnailUrl\":\"https:\/\/fedemark.ee\/wp-content\/uploads\/2017\/06\/Focus-7.jpg\",\"datePublished\":\"2017-06-14T11:58:03+00:00\",\"dateModified\":\"2017-08-15T13:08:03+00:00\",\"breadcrumb\":{\"@id\":\"https:\/\/fedemark.ee\/fi\/tuotteet\/telineet-ja-erikoisrakenteet\/suurikantokykyiset-terastelineet\/focus\/#breadcrumb\"},\"inLanguage\":\"fi-FI\",\"potentialAction\":[{\"@type\":\"ReadAction\",\"target\":[\"https:\/\/fedemark.ee\/fi\/tuotteet\/telineet-ja-erikoisrakenteet\/suurikantokykyiset-terastelineet\/focus\/\"]}]},{\"@type\":\"ImageObject\",\"inLanguage\":\"fi-FI\",\"@id\":\"https:\/\/fedemark.ee\/fi\/tuotteet\/telineet-ja-erikoisrakenteet\/suurikantokykyiset-terastelineet\/focus\/#primaryimage\",\"url\":\"https:\/\/fedemark.ee\/wp-content\/uploads\/2017\/06\/Focus-7.jpg\",\"contentUrl\":\"https:\/\/fedemark.ee\/wp-content\/uploads\/2017\/06\/Focus-7.jpg\",\"width\":4000,\"height\":3978},{\"@type\":\"BreadcrumbList\",\"@id\":\"https:\/\/fedemark.ee\/fi\/tuotteet\/telineet-ja-erikoisrakenteet\/suurikantokykyiset-terastelineet\/focus\/#breadcrumb\",\"itemListElement\":[{\"@type\":\"ListItem\",\"position\":1,\"name\":\"Home\",\"item\":\"https:\/\/fedemark.ee\/fi\/\"},{\"@type\":\"ListItem\",\"position\":2,\"name\":\"Tuotteet\",\"item\":\"https:\/\/fedemark.ee\/fi\/tuotteet\/\"},{\"@type\":\"ListItem\",\"position\":3,\"name\":\"Focus\"}]},{\"@type\":\"WebSite\",\"@id\":\"https:\/\/fedemark.ee\/#website\",\"url\":\"https:\/\/fedemark.ee\/\",\"name\":\"Fedemark\",\"description\":\"Redelid, Tellingud, T\u00f6\u00f6platvormid ja vahekorrused\",\"potentialAction\":[{\"@type\":\"SearchAction\",\"target\":{\"@type\":\"EntryPoint\",\"urlTemplate\":\"https:\/\/fedemark.ee\/?s={search_term_string}\"},\"query-input\":\"required name=search_term_string\"}],\"inLanguage\":\"fi-FI\"}]}<\/script>\n<!-- \/ Yoast SEO plugin. -->","yoast_head_json":{"title":"Focus - Fedemark","robots":{"index":"index","follow":"follow","max-snippet":"max-snippet:-1","max-image-preview":"max-image-preview:large","max-video-preview":"max-video-preview:-1"},"canonical":"https:\/\/fedemark.ee\/fi\/tuotteet\/telineet-ja-erikoisrakenteet\/suurikantokykyiset-terastelineet\/focus\/","og_locale":"fi_FI","og_type":"article","og_title":"Focus - Fedemark","og_description":"Focus - 2 moduulista koostuvat ter\u00e4stelineet, jotka mahdollistavat ty\u00f6skentelyn eri korkeuksissa. Tangot tekev\u00e4t rakenteesta j\u00e4yk\u00e4n ja kest\u00e4v\u00e4n.  Telineet sopivat seinien kalkitukseen ja huoltot\u00f6iden tekemiseen jopa 4 m ty\u00f6korkeudessa. Mitat ovat kompaktit, jotta tuote mahtuisi vakio-ovista ja k\u00e4yt\u00e4vist\u00e4 ja samalla on lis\u00e4tty pituutta sis\u00e4katto- ja julkisivut\u00f6iden helpottamiseksi. Telineet on tehty putkenmallisesta ter\u00e4ksest\u00e4 (\u00f8 32 mm), joka on ruosteelta suojaamiseksi sinkitty. Osien pieni m\u00e4\u00e4r\u00e4, kevyt paino, kompaktit kuljetusmitat ja nopea asennus ovat Focuksen t\u00e4rkeimm\u00e4t ominaisuudet. Alustassa on nelj\u00e4 jarrullista py\u00f6r\u00e4\u00e4.  Liukumattomien muhkuraisten puolien v\u00e4li: 28 cm 4 jarrullista py\u00f6r\u00e4\u00e4 \u00d8 100 mm Telineiden kantavuus: 150 kg (1 henkil\u00f6) Suojakaide: 1,00 Ty\u00f6taso (enimm\u00e4iskorkeus 1,98 m): 1,92X0,60 m (13 kg) A Pakkaus: k\u00e4ytt\u00f6ohje ja turvakyltit","og_url":"https:\/\/fedemark.ee\/fi\/tuotteet\/telineet-ja-erikoisrakenteet\/suurikantokykyiset-terastelineet\/focus\/","og_site_name":"Fedemark","article_modified_time":"2017-08-15T13:08:03+00:00","og_image":[{"width":4000,"height":3978,"url":"https:\/\/fedemark.ee\/wp-content\/uploads\/2017\/06\/Focus-7.jpg","type":"image\/jpeg"}],"twitter_card":"summary_large_image","schema":{"@context":"https:\/\/schema.org","@graph":[{"@type":"WebPage","@id":"https:\/\/fedemark.ee\/fi\/tuotteet\/telineet-ja-erikoisrakenteet\/suurikantokykyiset-terastelineet\/focus\/","url":"https:\/\/fedemark.ee\/fi\/tuotteet\/telineet-ja-erikoisrakenteet\/suurikantokykyiset-terastelineet\/focus\/","name":"Focus - Fedemark","isPartOf":{"@id":"https:\/\/fedemark.ee\/#website"},"primaryImageOfPage":{"@id":"https:\/\/fedemark.ee\/fi\/tuotteet\/telineet-ja-erikoisrakenteet\/suurikantokykyiset-terastelineet\/focus\/#primaryimage"},"image":{"@id":"https:\/\/fedemark.ee\/fi\/tuotteet\/telineet-ja-erikoisrakenteet\/suurikantokykyiset-terastelineet\/focus\/#primaryimage"},"thumbnailUrl":"https:\/\/fedemark.ee\/wp-content\/uploads\/2017\/06\/Focus-7.jpg","datePublished":"2017-06-14T11:58:03+00:00","dateModified":"2017-08-15T13:08:03+00:00","breadcrumb":{"@id":"https:\/\/fedemark.ee\/fi\/tuotteet\/telineet-ja-erikoisrakenteet\/suurikantokykyiset-terastelineet\/focus\/#breadcrumb"},"inLanguage":"fi-FI","potentialAction":[{"@type":"ReadAction","target":["https:\/\/fedemark.ee\/fi\/tuotteet\/telineet-ja-erikoisrakenteet\/suurikantokykyiset-terastelineet\/focus\/"]}]},{"@type":"ImageObject","inLanguage":"fi-FI","@id":"https:\/\/fedemark.ee\/fi\/tuotteet\/telineet-ja-erikoisrakenteet\/suurikantokykyiset-terastelineet\/focus\/#primaryimage","url":"https:\/\/fedemark.ee\/wp-content\/uploads\/2017\/06\/Focus-7.jpg","contentUrl":"https:\/\/fedemark.ee\/wp-content\/uploads\/2017\/06\/Focus-7.jpg","width":4000,"height":3978},{"@type":"BreadcrumbList","@id":"https:\/\/fedemark.ee\/fi\/tuotteet\/telineet-ja-erikoisrakenteet\/suurikantokykyiset-terastelineet\/focus\/#breadcrumb","itemListElement":[{"@type":"ListItem","position":1,"name":"Home","item":"https:\/\/fedemark.ee\/fi\/"},{"@type":"ListItem","position":2,"name":"Tuotteet","item":"https:\/\/fedemark.ee\/fi\/tuotteet\/"},{"@type":"ListItem","position":3,"name":"Focus"}]},{"@type":"WebSite","@id":"https:\/\/fedemark.ee\/#website","url":"https:\/\/fedemark.ee\/","name":"Fedemark","description":"Redelid, Tellingud, T\u00f6\u00f6platvormid ja vahekorrused","potentialAction":[{"@type":"SearchAction","target":{"@type":"EntryPoint","urlTemplate":"https:\/\/fedemark.ee\/?s={search_term_string}"},"query-input":"required name=search_term_string"}],"inLanguage":"fi-FI"}]}},"_links":{"self":[{"href":"https:\/\/fedemark.ee\/fi\/wp-json\/wp\/v2\/product\/7404"}],"collection":[{"href":"https:\/\/fedemark.ee\/fi\/wp-json\/wp\/v2\/product"}],"about":[{"href":"https:\/\/fedemark.ee\/fi\/wp-json\/wp\/v2\/types\/product"}],"replies":[{"embeddable":true,"href":"https:\/\/fedemark.ee\/fi\/wp-json\/wp\/v2\/comments?post=7404"}],"version-history":[{"count":0,"href":"https:\/\/fedemark.ee\/fi\/wp-json\/wp\/v2\/product\/7404\/revisions"}],"wp:featuredmedia":[{"embeddable":true,"href":"https:\/\/fedemark.ee\/fi\/wp-json\/wp\/v2\/media\/4843"}],"wp:attachment":[{"href":"https:\/\/fedemark.ee\/fi\/wp-json\/wp\/v2\/media?parent=7404"}],"wp:term":[{"taxonomy":"product_cat","embeddable":true,"href":"https:\/\/fedemark.ee\/fi\/wp-json\/wp\/v2\/product_cat?post=7404"},{"taxonomy":"product_tag","embeddable":true,"href":"https:\/\/fedemark.ee\/fi\/wp-json\/wp\/v2\/product_tag?post=7404"}],"curies":[{"name":"wp","href":"https:\/\/api.w.org\/{rel}","templated":true}]}}