{"id":7405,"date":"2017-06-14T07:58:20","date_gmt":"2017-06-14T07:58:20","guid":{"rendered":"https:\/\/sharks.ee\/fedemark\/shop\/uncategorized\/professional-large\/"},"modified":"2017-07-28T09:19:27","modified_gmt":"2017-07-28T09:19:27","slug":"professional-lungo","status":"publish","type":"product","link":"https:\/\/fedemark.ee\/fi\/tuotteet\/telineet-ja-erikoisrakenteet\/suurikantokykyiset-terastelineet\/professional-lungo\/","title":{"rendered":"Professional Lungo"},"content":{"rendered":"","protected":false},"excerpt":{"rendered":"<p><em>Kun mitat ovat t\u00e4rkeit\u00e4. Enimm\u00e4iskorkeus 13,70 m<\/em><\/p>\n<p>Ruosteelta suojaamiseksi sinkityst\u00e4 ter\u00e4ksest\u00e4 FE360 valmistettu tornitelinej\u00e4rjestelm\u00e4. Turvallinen k\u00e4ytt\u00e4\u00e4 ja helppo asentaa. Poikkipalkit muodostavat t\u00e4ydellisen ja vakaan rakenteen, joka ei keiku edes suuremmissa korkeuksissa. T\u00e4llainen rakenne antaa runsaasti tilaa julkisivut\u00f6iden tekemiseen.<\/p>\n<p>TEKNISET OMINAISUUDET<br \/>\nMahdolliset korkeudet: 1,70\u221213,70 m<br \/>\nKoko: 2,50&#215;1,20 m<br \/>\nEnimm\u00e4iskantavuus: 200kg\/ m\u00b2 (2 henkil\u00f6\u00e4 \u2013 pois lukien ty\u00f6tasot ja sis\u00e4tikkaat)<br \/>\nYlityssilta: korkeus 1,20 m, paino 28 kg<br \/>\nOhjeet: kaikki tornit on varustettu k\u00e4ytt\u00f6ohjeella ja kyltill\u00e4<br \/>\nOsat kest\u00e4v\u00e4\u00e4 ter\u00e4st\u00e4 \u00d8 45 mm<\/p>\n<p>LIS\u00c4VARUSTEET<br \/>\nLuukullinen ter\u00e4ksinen \/ puinen ty\u00f6taso<br \/>\nLuukullinen alumiininen \/ puinen ty\u00f6taso<br \/>\nAlempi ter\u00e4ksinen \/ puinen puolity\u00f6taso<br \/>\nLis\u00e4jarru (py\u00f6r\u00e4t \u00d8 200 mm)<br \/>\nAlumiiniset sis\u00e4tikkaat \u2013 1 osa 2,20 m, paino 3,5 kg<br \/>\nAlumiiniset sis\u00e4tikkaat \u2013 1 osa 2,20 m, paino 4,0 kg<\/p>\n<p>Alumiiniset sis\u00e4tikkaat \u2013 2 osaa 2,20\/3,60 m, paino 7,8 kg<br \/>\n4 suojakaidetta, jotka ovat pakolliset kaikissa v\u00e4lity\u00f6tasoissa<br \/>\nKaikkiin osiin on merkittyn\u00e4 valmistusvuosi ja sijoitettu Sveltin logo.<\/p>\n","protected":false},"featured_media":4756,"comment_status":"open","ping_status":"closed","template":"","meta":{"footnotes":""},"product_cat":[196,206],"product_tag":[],"yoast_head":"<!-- This site is optimized with the Yoast SEO plugin v22.6 - https:\/\/yoast.com\/wordpress\/plugins\/seo\/ -->\n<title>Professional Lungo - Fedemark<\/title>\n<meta name=\"robots\" content=\"index, follow, max-snippet:-1, max-image-preview:large, max-video-preview:-1\" \/>\n<link rel=\"canonical\" href=\"https:\/\/fedemark.ee\/fi\/tuotteet\/telineet-ja-erikoisrakenteet\/suurikantokykyiset-terastelineet\/professional-lungo\/\" \/>\n<meta property=\"og:locale\" content=\"fi_FI\" \/>\n<meta property=\"og:type\" content=\"article\" \/>\n<meta property=\"og:title\" content=\"Professional Lungo - Fedemark\" \/>\n<meta property=\"og:description\" content=\"Kun mitat ovat t\u00e4rkeit\u00e4. Enimm\u00e4iskorkeus 13,70 m  Ruosteelta suojaamiseksi sinkityst\u00e4 ter\u00e4ksest\u00e4 FE360 valmistettu tornitelinej\u00e4rjestelm\u00e4. Turvallinen k\u00e4ytt\u00e4\u00e4 ja helppo asentaa. Poikkipalkit muodostavat t\u00e4ydellisen ja vakaan rakenteen, joka ei keiku edes suuremmissa korkeuksissa. T\u00e4llainen rakenne antaa runsaasti tilaa julkisivut\u00f6iden tekemiseen.  TEKNISET OMINAISUUDET Mahdolliset korkeudet: 1,70\u221213,70 m Koko: 2,50x1,20 m Enimm\u00e4iskantavuus: 200kg\/ m\u00b2 (2 henkil\u00f6\u00e4 \u2013 pois lukien ty\u00f6tasot ja sis\u00e4tikkaat) Ylityssilta: korkeus 1,20 m, paino 28 kg Ohjeet: kaikki tornit on varustettu k\u00e4ytt\u00f6ohjeella ja kyltill\u00e4 Osat kest\u00e4v\u00e4\u00e4 ter\u00e4st\u00e4 \u00d8 45 mm   LIS\u00c4VARUSTEET Luukullinen ter\u00e4ksinen \/ puinen ty\u00f6taso Luukullinen alumiininen \/ puinen ty\u00f6taso Alempi ter\u00e4ksinen \/ puinen puolity\u00f6taso Lis\u00e4jarru (py\u00f6r\u00e4t \u00d8 200 mm) Alumiiniset sis\u00e4tikkaat \u2013 1 osa 2,20 m, paino 3,5 kg Alumiiniset sis\u00e4tikkaat \u2013 1 osa 2,20 m, paino 4,0 kg  Alumiiniset sis\u00e4tikkaat \u2013 2 osaa 2,20\/3,60 m, paino 7,8 kg 4 suojakaidetta, jotka ovat pakolliset kaikissa v\u00e4lity\u00f6tasoissa Kaikkiin osiin on merkittyn\u00e4 valmistusvuosi ja sijoitettu Sveltin logo.\" \/>\n<meta property=\"og:url\" content=\"https:\/\/fedemark.ee\/fi\/tuotteet\/telineet-ja-erikoisrakenteet\/suurikantokykyiset-terastelineet\/professional-lungo\/\" \/>\n<meta property=\"og:site_name\" content=\"Fedemark\" \/>\n<meta property=\"article:modified_time\" content=\"2017-07-28T09:19:27+00:00\" \/>\n<meta property=\"og:image\" content=\"https:\/\/fedemark.ee\/wp-content\/uploads\/2017\/06\/Professional-Large-810x1024.jpg\" \/>\n\t<meta property=\"og:image:width\" content=\"810\" \/>\n\t<meta property=\"og:image:height\" content=\"1024\" \/>\n\t<meta property=\"og:image:type\" content=\"image\/jpeg\" \/>\n<meta name=\"twitter:card\" content=\"summary_large_image\" \/>\n<script type=\"application\/ld+json\" class=\"yoast-schema-graph\">{\"@context\":\"https:\/\/schema.org\",\"@graph\":[{\"@type\":\"WebPage\",\"@id\":\"https:\/\/fedemark.ee\/fi\/tuotteet\/telineet-ja-erikoisrakenteet\/suurikantokykyiset-terastelineet\/professional-lungo\/\",\"url\":\"https:\/\/fedemark.ee\/fi\/tuotteet\/telineet-ja-erikoisrakenteet\/suurikantokykyiset-terastelineet\/professional-lungo\/\",\"name\":\"Professional Lungo - Fedemark\",\"isPartOf\":{\"@id\":\"https:\/\/fedemark.ee\/#website\"},\"primaryImageOfPage\":{\"@id\":\"https:\/\/fedemark.ee\/fi\/tuotteet\/telineet-ja-erikoisrakenteet\/suurikantokykyiset-terastelineet\/professional-lungo\/#primaryimage\"},\"image\":{\"@id\":\"https:\/\/fedemark.ee\/fi\/tuotteet\/telineet-ja-erikoisrakenteet\/suurikantokykyiset-terastelineet\/professional-lungo\/#primaryimage\"},\"thumbnailUrl\":\"https:\/\/fedemark.ee\/wp-content\/uploads\/2017\/06\/Professional-Large.jpg\",\"datePublished\":\"2017-06-14T07:58:20+00:00\",\"dateModified\":\"2017-07-28T09:19:27+00:00\",\"breadcrumb\":{\"@id\":\"https:\/\/fedemark.ee\/fi\/tuotteet\/telineet-ja-erikoisrakenteet\/suurikantokykyiset-terastelineet\/professional-lungo\/#breadcrumb\"},\"inLanguage\":\"fi-FI\",\"potentialAction\":[{\"@type\":\"ReadAction\",\"target\":[\"https:\/\/fedemark.ee\/fi\/tuotteet\/telineet-ja-erikoisrakenteet\/suurikantokykyiset-terastelineet\/professional-lungo\/\"]}]},{\"@type\":\"ImageObject\",\"inLanguage\":\"fi-FI\",\"@id\":\"https:\/\/fedemark.ee\/fi\/tuotteet\/telineet-ja-erikoisrakenteet\/suurikantokykyiset-terastelineet\/professional-lungo\/#primaryimage\",\"url\":\"https:\/\/fedemark.ee\/wp-content\/uploads\/2017\/06\/Professional-Large.jpg\",\"contentUrl\":\"https:\/\/fedemark.ee\/wp-content\/uploads\/2017\/06\/Professional-Large.jpg\",\"width\":1772,\"height\":2241},{\"@type\":\"BreadcrumbList\",\"@id\":\"https:\/\/fedemark.ee\/fi\/tuotteet\/telineet-ja-erikoisrakenteet\/suurikantokykyiset-terastelineet\/professional-lungo\/#breadcrumb\",\"itemListElement\":[{\"@type\":\"ListItem\",\"position\":1,\"name\":\"Home\",\"item\":\"https:\/\/fedemark.ee\/fi\/\"},{\"@type\":\"ListItem\",\"position\":2,\"name\":\"Tuotteet\",\"item\":\"https:\/\/fedemark.ee\/fi\/tuotteet\/\"},{\"@type\":\"ListItem\",\"position\":3,\"name\":\"Professional Lungo\"}]},{\"@type\":\"WebSite\",\"@id\":\"https:\/\/fedemark.ee\/#website\",\"url\":\"https:\/\/fedemark.ee\/\",\"name\":\"Fedemark\",\"description\":\"Redelid, Tellingud, T\u00f6\u00f6platvormid ja vahekorrused\",\"potentialAction\":[{\"@type\":\"SearchAction\",\"target\":{\"@type\":\"EntryPoint\",\"urlTemplate\":\"https:\/\/fedemark.ee\/?s={search_term_string}\"},\"query-input\":\"required name=search_term_string\"}],\"inLanguage\":\"fi-FI\"}]}<\/script>\n<!-- \/ Yoast SEO plugin. -->","yoast_head_json":{"title":"Professional Lungo - Fedemark","robots":{"index":"index","follow":"follow","max-snippet":"max-snippet:-1","max-image-preview":"max-image-preview:large","max-video-preview":"max-video-preview:-1"},"canonical":"https:\/\/fedemark.ee\/fi\/tuotteet\/telineet-ja-erikoisrakenteet\/suurikantokykyiset-terastelineet\/professional-lungo\/","og_locale":"fi_FI","og_type":"article","og_title":"Professional Lungo - Fedemark","og_description":"Kun mitat ovat t\u00e4rkeit\u00e4. Enimm\u00e4iskorkeus 13,70 m  Ruosteelta suojaamiseksi sinkityst\u00e4 ter\u00e4ksest\u00e4 FE360 valmistettu tornitelinej\u00e4rjestelm\u00e4. Turvallinen k\u00e4ytt\u00e4\u00e4 ja helppo asentaa. Poikkipalkit muodostavat t\u00e4ydellisen ja vakaan rakenteen, joka ei keiku edes suuremmissa korkeuksissa. T\u00e4llainen rakenne antaa runsaasti tilaa julkisivut\u00f6iden tekemiseen.  TEKNISET OMINAISUUDET Mahdolliset korkeudet: 1,70\u221213,70 m Koko: 2,50x1,20 m Enimm\u00e4iskantavuus: 200kg\/ m\u00b2 (2 henkil\u00f6\u00e4 \u2013 pois lukien ty\u00f6tasot ja sis\u00e4tikkaat) Ylityssilta: korkeus 1,20 m, paino 28 kg Ohjeet: kaikki tornit on varustettu k\u00e4ytt\u00f6ohjeella ja kyltill\u00e4 Osat kest\u00e4v\u00e4\u00e4 ter\u00e4st\u00e4 \u00d8 45 mm   LIS\u00c4VARUSTEET Luukullinen ter\u00e4ksinen \/ puinen ty\u00f6taso Luukullinen alumiininen \/ puinen ty\u00f6taso Alempi ter\u00e4ksinen \/ puinen puolity\u00f6taso Lis\u00e4jarru (py\u00f6r\u00e4t \u00d8 200 mm) Alumiiniset sis\u00e4tikkaat \u2013 1 osa 2,20 m, paino 3,5 kg Alumiiniset sis\u00e4tikkaat \u2013 1 osa 2,20 m, paino 4,0 kg  Alumiiniset sis\u00e4tikkaat \u2013 2 osaa 2,20\/3,60 m, paino 7,8 kg 4 suojakaidetta, jotka ovat pakolliset kaikissa v\u00e4lity\u00f6tasoissa Kaikkiin osiin on merkittyn\u00e4 valmistusvuosi ja sijoitettu Sveltin logo.","og_url":"https:\/\/fedemark.ee\/fi\/tuotteet\/telineet-ja-erikoisrakenteet\/suurikantokykyiset-terastelineet\/professional-lungo\/","og_site_name":"Fedemark","article_modified_time":"2017-07-28T09:19:27+00:00","og_image":[{"width":810,"height":1024,"url":"https:\/\/fedemark.ee\/wp-content\/uploads\/2017\/06\/Professional-Large-810x1024.jpg","type":"image\/jpeg"}],"twitter_card":"summary_large_image","schema":{"@context":"https:\/\/schema.org","@graph":[{"@type":"WebPage","@id":"https:\/\/fedemark.ee\/fi\/tuotteet\/telineet-ja-erikoisrakenteet\/suurikantokykyiset-terastelineet\/professional-lungo\/","url":"https:\/\/fedemark.ee\/fi\/tuotteet\/telineet-ja-erikoisrakenteet\/suurikantokykyiset-terastelineet\/professional-lungo\/","name":"Professional Lungo - Fedemark","isPartOf":{"@id":"https:\/\/fedemark.ee\/#website"},"primaryImageOfPage":{"@id":"https:\/\/fedemark.ee\/fi\/tuotteet\/telineet-ja-erikoisrakenteet\/suurikantokykyiset-terastelineet\/professional-lungo\/#primaryimage"},"image":{"@id":"https:\/\/fedemark.ee\/fi\/tuotteet\/telineet-ja-erikoisrakenteet\/suurikantokykyiset-terastelineet\/professional-lungo\/#primaryimage"},"thumbnailUrl":"https:\/\/fedemark.ee\/wp-content\/uploads\/2017\/06\/Professional-Large.jpg","datePublished":"2017-06-14T07:58:20+00:00","dateModified":"2017-07-28T09:19:27+00:00","breadcrumb":{"@id":"https:\/\/fedemark.ee\/fi\/tuotteet\/telineet-ja-erikoisrakenteet\/suurikantokykyiset-terastelineet\/professional-lungo\/#breadcrumb"},"inLanguage":"fi-FI","potentialAction":[{"@type":"ReadAction","target":["https:\/\/fedemark.ee\/fi\/tuotteet\/telineet-ja-erikoisrakenteet\/suurikantokykyiset-terastelineet\/professional-lungo\/"]}]},{"@type":"ImageObject","inLanguage":"fi-FI","@id":"https:\/\/fedemark.ee\/fi\/tuotteet\/telineet-ja-erikoisrakenteet\/suurikantokykyiset-terastelineet\/professional-lungo\/#primaryimage","url":"https:\/\/fedemark.ee\/wp-content\/uploads\/2017\/06\/Professional-Large.jpg","contentUrl":"https:\/\/fedemark.ee\/wp-content\/uploads\/2017\/06\/Professional-Large.jpg","width":1772,"height":2241},{"@type":"BreadcrumbList","@id":"https:\/\/fedemark.ee\/fi\/tuotteet\/telineet-ja-erikoisrakenteet\/suurikantokykyiset-terastelineet\/professional-lungo\/#breadcrumb","itemListElement":[{"@type":"ListItem","position":1,"name":"Home","item":"https:\/\/fedemark.ee\/fi\/"},{"@type":"ListItem","position":2,"name":"Tuotteet","item":"https:\/\/fedemark.ee\/fi\/tuotteet\/"},{"@type":"ListItem","position":3,"name":"Professional Lungo"}]},{"@type":"WebSite","@id":"https:\/\/fedemark.ee\/#website","url":"https:\/\/fedemark.ee\/","name":"Fedemark","description":"Redelid, Tellingud, T\u00f6\u00f6platvormid ja vahekorrused","potentialAction":[{"@type":"SearchAction","target":{"@type":"EntryPoint","urlTemplate":"https:\/\/fedemark.ee\/?s={search_term_string}"},"query-input":"required name=search_term_string"}],"inLanguage":"fi-FI"}]}},"_links":{"self":[{"href":"https:\/\/fedemark.ee\/fi\/wp-json\/wp\/v2\/product\/7405"}],"collection":[{"href":"https:\/\/fedemark.ee\/fi\/wp-json\/wp\/v2\/product"}],"about":[{"href":"https:\/\/fedemark.ee\/fi\/wp-json\/wp\/v2\/types\/product"}],"replies":[{"embeddable":true,"href":"https:\/\/fedemark.ee\/fi\/wp-json\/wp\/v2\/comments?post=7405"}],"version-history":[{"count":0,"href":"https:\/\/fedemark.ee\/fi\/wp-json\/wp\/v2\/product\/7405\/revisions"}],"wp:featuredmedia":[{"embeddable":true,"href":"https:\/\/fedemark.ee\/fi\/wp-json\/wp\/v2\/media\/4756"}],"wp:attachment":[{"href":"https:\/\/fedemark.ee\/fi\/wp-json\/wp\/v2\/media?parent=7405"}],"wp:term":[{"taxonomy":"product_cat","embeddable":true,"href":"https:\/\/fedemark.ee\/fi\/wp-json\/wp\/v2\/product_cat?post=7405"},{"taxonomy":"product_tag","embeddable":true,"href":"https:\/\/fedemark.ee\/fi\/wp-json\/wp\/v2\/product_tag?post=7405"}],"curies":[{"name":"wp","href":"https:\/\/api.w.org\/{rel}","templated":true}]}}