{"id":7406,"date":"2017-06-14T13:35:03","date_gmt":"2017-06-14T13:35:03","guid":{"rendered":"https:\/\/sharks.ee\/fedemark\/shop\/uncategorized\/alulift\/"},"modified":"2017-10-11T13:59:19","modified_gmt":"2017-10-11T13:59:19","slug":"alulift","status":"publish","type":"product","link":"https:\/\/fedemark.ee\/fi\/tuotteet\/telineet-ja-erikoisrakenteet\/alumiiniset-suurikantokykyiset-telineet\/alulift\/","title":{"rendered":"Alulift"},"content":{"rendered":"","protected":false},"excerpt":{"rendered":"<p><em>Nopeasti koottavalla j\u00e4rjestelm\u00e4ll\u00e4 ja s\u00e4hk\u00f6isesti nostettavalla tasolla varustetut alumiinitelineet \u2013 enimm. korkeus 12 m<\/em><\/p>\n<p>MAHDOLLISTA K\u00c4YTT\u00c4\u00c4 PAIKOISSA, JOISSA TAVALLISTA TASOA EI VOI K\u00c4YTT\u00c4\u00c4!!!<\/p>\n<p>Taso, jonka enimm. ty\u00f6korkeus on 12 m ja jossa on s\u00e4hk\u00f6inen DC-nostoj\u00e4rjestelm\u00e4.<br \/>\nT\u00e4m\u00e4n voi yksi k\u00e4ytt\u00e4j\u00e4 koota puolta nopeammin kuin tavallisen liikkuvan tornin.<\/p>\n<ul>\n<li>EDULLISEMPI JA HELPOMPI KULJETTAA KUIN TAVALLISTA SAKSINOSTINTA<\/li>\n<li>ENEMM\u00c4N MAHDOLLISUUKSIA KUIN TAVALLISILLA TELINEILL\u00c4<\/li>\n<li>V\u00c4HEMM\u00c4N HUOLTOA<\/li>\n<li><strong>T\u00c4YSIN TURVALLINEN KOKOAMINEN (360\u00b0 SUOJA ON KOKO AJAN P\u00c4\u00c4LL\u00c4)<\/strong><\/li>\n<\/ul>\n<p>Enimm. kantokyky 250 kg (2 henke\u00e4)<br \/>\nTason mitat (mm):<br \/>\n660 x 1720 (S)<br \/>\n660 x 2400 (M)<br \/>\n1100 x 2400 (XL)<\/p>\n<p>Alustan mitat (mm):<br \/>\n950 x 1960 (S)<br \/>\n950 x 2640 (M)<br \/>\n1390 x 2640 (XL)<\/p>\n<p>Perussettiin kuuluu:<br \/>\n&#8211; Taso 950 x 1960 mm. Tarkastuslevy<br \/>\n&#8211; Akut 2 x 12V DC. Lataussyklej\u00e4: 1000<br \/>\n&#8211; Kauko-ohjain<br \/>\n&#8211; 8 py\u00f6r\u00e4\u00e4<br \/>\n&#8211; K\u00e4sipuut kaasut\u00e4ytteisin iskunvaimentimin<br \/>\n&#8211; Varvaslaudat<br \/>\n&#8211; 2 kehyst\u00e4, Alulock-j\u00e4rjestelm\u00e4ll\u00e4 varustetut viistot ja vaakatasoiset kiinnitykset.<\/p>\n<p>Ihanteellinen turvallisuus<br \/>\n&#8211; Rakennettu alhaalta yl\u00f6sp\u00e4in<br \/>\n&#8211; Korissa ohjauslaite h\u00e4t\u00e4pys\u00e4ytysnapille<br \/>\n&#8211; Automaattinen pys\u00e4ytys enint. 250 kg ylikuorman yhteydess\u00e4<\/p>\n<p>Akku:\u00a02x12V DC<br \/>\nToimintavarma<br \/>\nToiminta-aika: 1 tunti jatkuvaa k\u00e4ytt\u00f6\u00e4 6 metriin yl\u00f6s-alas liikutettaessa.<br \/>\nHuoltovapaa<br \/>\nLataussyklej\u00e4: 1000<br \/>\nLatausaika: 6 tuntia<\/p>\n<p>Hammastankovoimansiirto<br \/>\nAutomaattisesti sulkeutuvat kaiteet.<br \/>\nKaasut\u00e4ytteinen iskunvaimennin.<\/p>\n<p>Vaihteenvaihto<br \/>\nSinkitty\u00e4 ter\u00e4st\u00e4, integroituna kaikissa kehyksiss\u00e4<br \/>\nHelppo koota<\/p>\n<p>Turvaverkko<br \/>\nOn olemassa molemmilla sivuilla.<\/p>\n<p>Alulock-j\u00e4rjestelm\u00e4<br \/>\nOn olemassa kaikissa viisto- ja vaakasuuntaisissa kiinnityksiss\u00e4.<br \/>\nOdottaa patenttia\u00a0PCT\/2010\/050115<\/p>\n<p>Kehykset<br \/>\nLeveys: 950 mm \/ 1390 mm<br \/>\nKorkeus: 1000 mm<br \/>\nKaikki integroitu hammastankovoimansiirrolla<br \/>\nHelppo ja kevyt liitt\u00e4\u00e4<\/p>\n<p><img loading=\"lazy\" decoding=\"async\" class=\"alignnone wp-image-5317\" src=\"https:\/\/fedemark.ee\/wp-content\/uploads\/2017\/06\/Ikoonid_29-1.jpg\" alt=\"\" width=\"69\" height=\"64\" \/><img loading=\"lazy\" decoding=\"async\" class=\"alignnone wp-image-5349\" src=\"https:\/\/fedemark.ee\/wp-content\/uploads\/2017\/06\/Ikoonid_46.jpg\" alt=\"\" width=\"56\" height=\"62\" \/><img loading=\"lazy\" decoding=\"async\" class=\"alignnone wp-image-5285\" src=\"https:\/\/fedemark.ee\/wp-content\/uploads\/2017\/06\/Ikoonid_11.jpg\" alt=\"\" width=\"67\" height=\"68\" srcset=\"https:\/\/fedemark.ee\/wp-content\/uploads\/2017\/06\/Ikoonid_11.jpg 150w, https:\/\/fedemark.ee\/wp-content\/uploads\/2017\/06\/Ikoonid_11-100x100.jpg 100w\" sizes=\"(max-width: 67px) 100vw, 67px\" \/><img loading=\"lazy\" decoding=\"async\" class=\" wp-image-5277 alignnone\" src=\"https:\/\/fedemark.ee\/wp-content\/uploads\/2017\/06\/Ikoonid_08.jpg\" alt=\"\" width=\"75\" height=\"72\" \/><\/p>\n","protected":false},"featured_media":9237,"comment_status":"open","ping_status":"closed","template":"","meta":{"footnotes":""},"product_cat":[193],"product_tag":[],"yoast_head":"<!-- This site is optimized with the Yoast SEO plugin v22.6 - https:\/\/yoast.com\/wordpress\/plugins\/seo\/ -->\n<title>Alulift - Fedemark<\/title>\n<meta name=\"robots\" content=\"index, follow, max-snippet:-1, max-image-preview:large, max-video-preview:-1\" \/>\n<link rel=\"canonical\" href=\"https:\/\/fedemark.ee\/fi\/tuotteet\/telineet-ja-erikoisrakenteet\/alumiiniset-suurikantokykyiset-telineet\/alulift\/\" \/>\n<meta property=\"og:locale\" content=\"fi_FI\" \/>\n<meta property=\"og:type\" content=\"article\" \/>\n<meta property=\"og:title\" content=\"Alulift - Fedemark\" \/>\n<meta property=\"og:description\" content=\"Nopeasti koottavalla j\u00e4rjestelm\u00e4ll\u00e4 ja s\u00e4hk\u00f6isesti nostettavalla tasolla varustetut alumiinitelineet \u2013 enimm. korkeus 12 m  MAHDOLLISTA K\u00c4YTT\u00c4\u00c4 PAIKOISSA, JOISSA TAVALLISTA TASOA EI VOI K\u00c4YTT\u00c4\u00c4!!!  Taso, jonka enimm. ty\u00f6korkeus on 12 m ja jossa on s\u00e4hk\u00f6inen DC-nostoj\u00e4rjestelm\u00e4. T\u00e4m\u00e4n voi yksi k\u00e4ytt\u00e4j\u00e4 koota puolta nopeammin kuin tavallisen liikkuvan tornin.   EDULLISEMPI JA HELPOMPI KULJETTAA KUIN TAVALLISTA SAKSINOSTINTA  ENEMM\u00c4N MAHDOLLISUUKSIA KUIN TAVALLISILLA TELINEILL\u00c4  V\u00c4HEMM\u00c4N HUOLTOA  T\u00c4YSIN TURVALLINEN KOKOAMINEN (360\u00b0 SUOJA ON KOKO AJAN P\u00c4\u00c4LL\u00c4)  Enimm. kantokyky 250 kg (2 henke\u00e4) Tason mitat (mm): 660 x 1720 (S) 660 x 2400 (M) 1100 x 2400 (XL)  Alustan mitat (mm): 950 x 1960 (S) 950 x 2640 (M) 1390 x 2640 (XL)  Perussettiin kuuluu: - Taso 950 x 1960 mm. Tarkastuslevy - Akut 2 x 12V DC. Lataussyklej\u00e4: 1000 - Kauko-ohjain - 8 py\u00f6r\u00e4\u00e4 - K\u00e4sipuut kaasut\u00e4ytteisin iskunvaimentimin - Varvaslaudat - 2 kehyst\u00e4, Alulock-j\u00e4rjestelm\u00e4ll\u00e4 varustetut viistot ja vaakatasoiset kiinnitykset.  Ihanteellinen turvallisuus - Rakennettu alhaalta yl\u00f6sp\u00e4in - Korissa ohjauslaite h\u00e4t\u00e4pys\u00e4ytysnapille - Automaattinen pys\u00e4ytys enint. 250 kg ylikuorman yhteydess\u00e4  Akku:\u00a02x12V DC Toimintavarma Toiminta-aika: 1 tunti jatkuvaa k\u00e4ytt\u00f6\u00e4 6 metriin yl\u00f6s-alas liikutettaessa. Huoltovapaa Lataussyklej\u00e4: 1000 Latausaika: 6 tuntia  Hammastankovoimansiirto Automaattisesti sulkeutuvat kaiteet. Kaasut\u00e4ytteinen iskunvaimennin.  Vaihteenvaihto Sinkitty\u00e4 ter\u00e4st\u00e4, integroituna kaikissa kehyksiss\u00e4 Helppo koota  Turvaverkko On olemassa molemmilla sivuilla.  Alulock-j\u00e4rjestelm\u00e4 On olemassa kaikissa viisto- ja vaakasuuntaisissa kiinnityksiss\u00e4. Odottaa patenttia\u00a0PCT\/2010\/050115  Kehykset Leveys: 950 mm \/ 1390 mm Korkeus: 1000 mm Kaikki integroitu hammastankovoimansiirrolla Helppo ja kevyt liitt\u00e4\u00e4\" \/>\n<meta property=\"og:url\" content=\"https:\/\/fedemark.ee\/fi\/tuotteet\/telineet-ja-erikoisrakenteet\/alumiiniset-suurikantokykyiset-telineet\/alulift\/\" \/>\n<meta property=\"og:site_name\" content=\"Fedemark\" \/>\n<meta property=\"article:modified_time\" content=\"2017-10-11T13:59:19+00:00\" \/>\n<meta property=\"og:image\" content=\"https:\/\/fedemark.ee\/wp-content\/uploads\/2017\/06\/Alulift_2-1.jpg\" \/>\n\t<meta property=\"og:image:width\" content=\"800\" \/>\n\t<meta property=\"og:image:height\" content=\"800\" \/>\n\t<meta property=\"og:image:type\" content=\"image\/jpeg\" \/>\n<meta name=\"twitter:card\" content=\"summary_large_image\" \/>\n<script type=\"application\/ld+json\" class=\"yoast-schema-graph\">{\"@context\":\"https:\/\/schema.org\",\"@graph\":[{\"@type\":\"WebPage\",\"@id\":\"https:\/\/fedemark.ee\/fi\/tuotteet\/telineet-ja-erikoisrakenteet\/alumiiniset-suurikantokykyiset-telineet\/alulift\/\",\"url\":\"https:\/\/fedemark.ee\/fi\/tuotteet\/telineet-ja-erikoisrakenteet\/alumiiniset-suurikantokykyiset-telineet\/alulift\/\",\"name\":\"Alulift - Fedemark\",\"isPartOf\":{\"@id\":\"https:\/\/fedemark.ee\/#website\"},\"primaryImageOfPage\":{\"@id\":\"https:\/\/fedemark.ee\/fi\/tuotteet\/telineet-ja-erikoisrakenteet\/alumiiniset-suurikantokykyiset-telineet\/alulift\/#primaryimage\"},\"image\":{\"@id\":\"https:\/\/fedemark.ee\/fi\/tuotteet\/telineet-ja-erikoisrakenteet\/alumiiniset-suurikantokykyiset-telineet\/alulift\/#primaryimage\"},\"thumbnailUrl\":\"https:\/\/fedemark.ee\/wp-content\/uploads\/2017\/06\/Alulift_2-1.jpg\",\"datePublished\":\"2017-06-14T13:35:03+00:00\",\"dateModified\":\"2017-10-11T13:59:19+00:00\",\"breadcrumb\":{\"@id\":\"https:\/\/fedemark.ee\/fi\/tuotteet\/telineet-ja-erikoisrakenteet\/alumiiniset-suurikantokykyiset-telineet\/alulift\/#breadcrumb\"},\"inLanguage\":\"fi-FI\",\"potentialAction\":[{\"@type\":\"ReadAction\",\"target\":[\"https:\/\/fedemark.ee\/fi\/tuotteet\/telineet-ja-erikoisrakenteet\/alumiiniset-suurikantokykyiset-telineet\/alulift\/\"]}]},{\"@type\":\"ImageObject\",\"inLanguage\":\"fi-FI\",\"@id\":\"https:\/\/fedemark.ee\/fi\/tuotteet\/telineet-ja-erikoisrakenteet\/alumiiniset-suurikantokykyiset-telineet\/alulift\/#primaryimage\",\"url\":\"https:\/\/fedemark.ee\/wp-content\/uploads\/2017\/06\/Alulift_2-1.jpg\",\"contentUrl\":\"https:\/\/fedemark.ee\/wp-content\/uploads\/2017\/06\/Alulift_2-1.jpg\",\"width\":800,\"height\":800},{\"@type\":\"BreadcrumbList\",\"@id\":\"https:\/\/fedemark.ee\/fi\/tuotteet\/telineet-ja-erikoisrakenteet\/alumiiniset-suurikantokykyiset-telineet\/alulift\/#breadcrumb\",\"itemListElement\":[{\"@type\":\"ListItem\",\"position\":1,\"name\":\"Home\",\"item\":\"https:\/\/fedemark.ee\/fi\/\"},{\"@type\":\"ListItem\",\"position\":2,\"name\":\"Tuotteet\",\"item\":\"https:\/\/fedemark.ee\/fi\/tuotteet\/\"},{\"@type\":\"ListItem\",\"position\":3,\"name\":\"Alulift\"}]},{\"@type\":\"WebSite\",\"@id\":\"https:\/\/fedemark.ee\/#website\",\"url\":\"https:\/\/fedemark.ee\/\",\"name\":\"Fedemark\",\"description\":\"Redelid, Tellingud, T\u00f6\u00f6platvormid ja vahekorrused\",\"potentialAction\":[{\"@type\":\"SearchAction\",\"target\":{\"@type\":\"EntryPoint\",\"urlTemplate\":\"https:\/\/fedemark.ee\/?s={search_term_string}\"},\"query-input\":\"required name=search_term_string\"}],\"inLanguage\":\"fi-FI\"}]}<\/script>\n<!-- \/ Yoast SEO plugin. -->","yoast_head_json":{"title":"Alulift - Fedemark","robots":{"index":"index","follow":"follow","max-snippet":"max-snippet:-1","max-image-preview":"max-image-preview:large","max-video-preview":"max-video-preview:-1"},"canonical":"https:\/\/fedemark.ee\/fi\/tuotteet\/telineet-ja-erikoisrakenteet\/alumiiniset-suurikantokykyiset-telineet\/alulift\/","og_locale":"fi_FI","og_type":"article","og_title":"Alulift - Fedemark","og_description":"Nopeasti koottavalla j\u00e4rjestelm\u00e4ll\u00e4 ja s\u00e4hk\u00f6isesti nostettavalla tasolla varustetut alumiinitelineet \u2013 enimm. korkeus 12 m  MAHDOLLISTA K\u00c4YTT\u00c4\u00c4 PAIKOISSA, JOISSA TAVALLISTA TASOA EI VOI K\u00c4YTT\u00c4\u00c4!!!  Taso, jonka enimm. ty\u00f6korkeus on 12 m ja jossa on s\u00e4hk\u00f6inen DC-nostoj\u00e4rjestelm\u00e4. T\u00e4m\u00e4n voi yksi k\u00e4ytt\u00e4j\u00e4 koota puolta nopeammin kuin tavallisen liikkuvan tornin.   EDULLISEMPI JA HELPOMPI KULJETTAA KUIN TAVALLISTA SAKSINOSTINTA  ENEMM\u00c4N MAHDOLLISUUKSIA KUIN TAVALLISILLA TELINEILL\u00c4  V\u00c4HEMM\u00c4N HUOLTOA  T\u00c4YSIN TURVALLINEN KOKOAMINEN (360\u00b0 SUOJA ON KOKO AJAN P\u00c4\u00c4LL\u00c4)  Enimm. kantokyky 250 kg (2 henke\u00e4) Tason mitat (mm): 660 x 1720 (S) 660 x 2400 (M) 1100 x 2400 (XL)  Alustan mitat (mm): 950 x 1960 (S) 950 x 2640 (M) 1390 x 2640 (XL)  Perussettiin kuuluu: - Taso 950 x 1960 mm. Tarkastuslevy - Akut 2 x 12V DC. Lataussyklej\u00e4: 1000 - Kauko-ohjain - 8 py\u00f6r\u00e4\u00e4 - K\u00e4sipuut kaasut\u00e4ytteisin iskunvaimentimin - Varvaslaudat - 2 kehyst\u00e4, Alulock-j\u00e4rjestelm\u00e4ll\u00e4 varustetut viistot ja vaakatasoiset kiinnitykset.  Ihanteellinen turvallisuus - Rakennettu alhaalta yl\u00f6sp\u00e4in - Korissa ohjauslaite h\u00e4t\u00e4pys\u00e4ytysnapille - Automaattinen pys\u00e4ytys enint. 250 kg ylikuorman yhteydess\u00e4  Akku:\u00a02x12V DC Toimintavarma Toiminta-aika: 1 tunti jatkuvaa k\u00e4ytt\u00f6\u00e4 6 metriin yl\u00f6s-alas liikutettaessa. Huoltovapaa Lataussyklej\u00e4: 1000 Latausaika: 6 tuntia  Hammastankovoimansiirto Automaattisesti sulkeutuvat kaiteet. Kaasut\u00e4ytteinen iskunvaimennin.  Vaihteenvaihto Sinkitty\u00e4 ter\u00e4st\u00e4, integroituna kaikissa kehyksiss\u00e4 Helppo koota  Turvaverkko On olemassa molemmilla sivuilla.  Alulock-j\u00e4rjestelm\u00e4 On olemassa kaikissa viisto- ja vaakasuuntaisissa kiinnityksiss\u00e4. Odottaa patenttia\u00a0PCT\/2010\/050115  Kehykset Leveys: 950 mm \/ 1390 mm Korkeus: 1000 mm Kaikki integroitu hammastankovoimansiirrolla Helppo ja kevyt liitt\u00e4\u00e4","og_url":"https:\/\/fedemark.ee\/fi\/tuotteet\/telineet-ja-erikoisrakenteet\/alumiiniset-suurikantokykyiset-telineet\/alulift\/","og_site_name":"Fedemark","article_modified_time":"2017-10-11T13:59:19+00:00","og_image":[{"width":800,"height":800,"url":"https:\/\/fedemark.ee\/wp-content\/uploads\/2017\/06\/Alulift_2-1.jpg","type":"image\/jpeg"}],"twitter_card":"summary_large_image","schema":{"@context":"https:\/\/schema.org","@graph":[{"@type":"WebPage","@id":"https:\/\/fedemark.ee\/fi\/tuotteet\/telineet-ja-erikoisrakenteet\/alumiiniset-suurikantokykyiset-telineet\/alulift\/","url":"https:\/\/fedemark.ee\/fi\/tuotteet\/telineet-ja-erikoisrakenteet\/alumiiniset-suurikantokykyiset-telineet\/alulift\/","name":"Alulift - Fedemark","isPartOf":{"@id":"https:\/\/fedemark.ee\/#website"},"primaryImageOfPage":{"@id":"https:\/\/fedemark.ee\/fi\/tuotteet\/telineet-ja-erikoisrakenteet\/alumiiniset-suurikantokykyiset-telineet\/alulift\/#primaryimage"},"image":{"@id":"https:\/\/fedemark.ee\/fi\/tuotteet\/telineet-ja-erikoisrakenteet\/alumiiniset-suurikantokykyiset-telineet\/alulift\/#primaryimage"},"thumbnailUrl":"https:\/\/fedemark.ee\/wp-content\/uploads\/2017\/06\/Alulift_2-1.jpg","datePublished":"2017-06-14T13:35:03+00:00","dateModified":"2017-10-11T13:59:19+00:00","breadcrumb":{"@id":"https:\/\/fedemark.ee\/fi\/tuotteet\/telineet-ja-erikoisrakenteet\/alumiiniset-suurikantokykyiset-telineet\/alulift\/#breadcrumb"},"inLanguage":"fi-FI","potentialAction":[{"@type":"ReadAction","target":["https:\/\/fedemark.ee\/fi\/tuotteet\/telineet-ja-erikoisrakenteet\/alumiiniset-suurikantokykyiset-telineet\/alulift\/"]}]},{"@type":"ImageObject","inLanguage":"fi-FI","@id":"https:\/\/fedemark.ee\/fi\/tuotteet\/telineet-ja-erikoisrakenteet\/alumiiniset-suurikantokykyiset-telineet\/alulift\/#primaryimage","url":"https:\/\/fedemark.ee\/wp-content\/uploads\/2017\/06\/Alulift_2-1.jpg","contentUrl":"https:\/\/fedemark.ee\/wp-content\/uploads\/2017\/06\/Alulift_2-1.jpg","width":800,"height":800},{"@type":"BreadcrumbList","@id":"https:\/\/fedemark.ee\/fi\/tuotteet\/telineet-ja-erikoisrakenteet\/alumiiniset-suurikantokykyiset-telineet\/alulift\/#breadcrumb","itemListElement":[{"@type":"ListItem","position":1,"name":"Home","item":"https:\/\/fedemark.ee\/fi\/"},{"@type":"ListItem","position":2,"name":"Tuotteet","item":"https:\/\/fedemark.ee\/fi\/tuotteet\/"},{"@type":"ListItem","position":3,"name":"Alulift"}]},{"@type":"WebSite","@id":"https:\/\/fedemark.ee\/#website","url":"https:\/\/fedemark.ee\/","name":"Fedemark","description":"Redelid, Tellingud, T\u00f6\u00f6platvormid ja vahekorrused","potentialAction":[{"@type":"SearchAction","target":{"@type":"EntryPoint","urlTemplate":"https:\/\/fedemark.ee\/?s={search_term_string}"},"query-input":"required name=search_term_string"}],"inLanguage":"fi-FI"}]}},"_links":{"self":[{"href":"https:\/\/fedemark.ee\/fi\/wp-json\/wp\/v2\/product\/7406"}],"collection":[{"href":"https:\/\/fedemark.ee\/fi\/wp-json\/wp\/v2\/product"}],"about":[{"href":"https:\/\/fedemark.ee\/fi\/wp-json\/wp\/v2\/types\/product"}],"replies":[{"embeddable":true,"href":"https:\/\/fedemark.ee\/fi\/wp-json\/wp\/v2\/comments?post=7406"}],"version-history":[{"count":1,"href":"https:\/\/fedemark.ee\/fi\/wp-json\/wp\/v2\/product\/7406\/revisions"}],"predecessor-version":[{"id":8859,"href":"https:\/\/fedemark.ee\/fi\/wp-json\/wp\/v2\/product\/7406\/revisions\/8859"}],"wp:featuredmedia":[{"embeddable":true,"href":"https:\/\/fedemark.ee\/fi\/wp-json\/wp\/v2\/media\/9237"}],"wp:attachment":[{"href":"https:\/\/fedemark.ee\/fi\/wp-json\/wp\/v2\/media?parent=7406"}],"wp:term":[{"taxonomy":"product_cat","embeddable":true,"href":"https:\/\/fedemark.ee\/fi\/wp-json\/wp\/v2\/product_cat?post=7406"},{"taxonomy":"product_tag","embeddable":true,"href":"https:\/\/fedemark.ee\/fi\/wp-json\/wp\/v2\/product_tag?post=7406"}],"curies":[{"name":"wp","href":"https:\/\/api.w.org\/{rel}","templated":true}]}}